{"id":6759,"date":"2020-01-14T08:50:29","date_gmt":"2020-01-14T08:50:29","guid":{"rendered":"https:\/\/biodynamizer.spleen-creation.be\/leau\/la-pollution\/"},"modified":"2024-05-27T07:05:11","modified_gmt":"2024-05-27T07:05:11","slug":"verschmutzung","status":"publish","type":"page","link":"https:\/\/biodynamizer.com\/de\/wasser\/verschmutzung\/","title":{"rendered":"Verschmutzung"},"content":{"rendered":"<section class=\"l-section wpb_row us_custom_916fdabd height_small\"><div class=\"l-section-h i-cf\"><div class=\"g-cols vc_row via_flex valign_top type_default stacking_default\"><div class=\"vc_col-sm-12 wpb_column vc_column_container\"><div class=\"vc_column-inner\"><div class=\"wpb_wrapper\"><nav class=\"g-breadcrumbs separator_custom align_none\" itemscope itemtype=\"http:\/\/schema.org\/BreadcrumbList\"><div class=\"g-breadcrumbs-item\" itemscope itemprop=\"itemListElement\" itemtype=\"http:\/\/schema.org\/ListItem\"><a itemprop=\"item\" href=\"https:\/\/biodynamizer.com\/de\/\"><span itemprop=\"name\">Start<\/span><\/a><meta itemprop=\"position\" content=\"1\"\/><\/div><div class=\"g-breadcrumbs-separator\">\/<\/div><div class=\"g-breadcrumbs-item\">Seiten<\/div><\/nav><\/div><\/div><\/div><\/div><\/div><\/section><section class=\"l-section wpb_row height_auto width_full\"><div class=\"l-section-h i-cf\"><div class=\"g-cols vc_row via_flex valign_bottom type_default stacking_default\"><div class=\"vc_col-sm-6 wpb_column vc_column_container imagesideblock has_text_color has_bg_color\"><div class=\"vc_column-inner us_custom_21092267\"><div class=\"wpb_wrapper\"><\/div><\/div><\/div><div class=\"vc_col-sm-6 wpb_column vc_column_container tekstsideblock\"><div class=\"vc_column-inner\"><div class=\"wpb_wrapper\"><div class=\"wpb_text_column\"><div class=\"wpb_wrapper\"><h1><span class=\"LineBreakBlob BlobObject BCX0 SCXP178099789\">Lasst uns die Natur bewahren: Stoppt die Verschmutzung<br \/>\n<\/span><\/h1>\n<\/div><\/div><div class=\"wpb_text_column\"><div class=\"wpb_wrapper\"><p>Wildwasser ist offenes Wasser, das nicht in einer Flasche gefangen ist. Leben ist Bewegung, Stagnation ist Tod. Biodynamisiertes Wasser reproduziert den nat\u00fcrlichen Wasserkreislauf auf beschleunigte Weise, ohne dass es gefroren und durch einen Kunststoffbeh\u00e4lter, der transportiert und recycelt werden muss, verunreinigt wird. Der Biodynamizer, der direkt hinter dem Wasserz\u00e4hler platziert ist, nutzt das st\u00e4dtische Wassernetz, um das ganze Haus mit Wasser zu versorgen, das mit Bergwasser vergleichbar ist. Damit nimmt der Biodynamizer an einem sauberen und qualitativen Wachstum in einer sich ver\u00e4ndernden Welt teil.<\/p>\n<\/div><\/div><\/div><\/div><\/div><\/div><\/div><\/section><section class=\"l-section wpb_row height_small width_full\"><div class=\"l-section-overlay\" style=\"background:rgba(172,172,172,0.2)\"><\/div><div class=\"l-section-h i-cf\"><div class=\"g-cols vc_row via_flex valign_middle type_default reversed stacking_default\"><div class=\"vc_col-sm-6 wpb_column vc_column_container tekstsideblock\"><div class=\"vc_column-inner\"><div class=\"wpb_wrapper\"><div class=\"wpb_text_column\"><div class=\"wpb_wrapper\"><h2><b>Bewahren wir unseren Planeten: Plastik ist katastrophal!<\/b><\/h2>\n<\/div><\/div><div class=\"wpb_text_column\"><div class=\"wpb_wrapper\"><ul>\n<li>Verunreinigung von Mineralwasser in Plastikflaschen :\n<ul>\n<li>PVC\/PET (Polyethylenterephthalat) wird durch Kapillarwirkung an Wasser abgegeben. Die Tests wurden an 250 Plastikflaschen von 11 Marken aus f\u00fcnf Kontinenten durchgef\u00fchrt. Sie zeigten, dass 93% der Flaschen mit Mikroperlen aus Kunststoff (einschlie\u00dflich Polypropylen, Polystyrol, Nylon oder PET) verunreinigt waren. Es gibt durchschnittlich 325 Kunststoffmikropartikel pro Liter abgef\u00fclltes Wasser.<\/li>\n<li>In 95% der F\u00e4lle werden Spuren von endokrinen Disruptoren (DEHF: Di-Ethylhexylfumarat) in Mineralwasser aus einer Plastikflasche gefunden<\/li>\n<\/ul>\n<\/li>\n<li>Umweltverschmutzung durch Plastikflaschen :\n<ul>\n<li>Der CO2-Fu\u00dfabdruck der Herstellung und des Transports einer Plastikwasserflasche ist f\u00fcr den Planeten sehr schwer (Verpackung z\u00e4hlt zu 70 %, dann Transport zu 20 % und Distribution zu 10 %).<\/li>\n<li>Plastik zersetzt sich in 500 Jahren!<\/li>\n<li>Wenn es nicht recycelt wird, wird es 2050 mehr Plastik als Fisch im Meer geben!<\/li>\n<\/ul>\n<\/li>\n<\/ul>\n<\/div><\/div><\/div><\/div><\/div><div class=\"vc_col-sm-6 wpb_column vc_column_container\"><div class=\"vc_column-inner\"><div class=\"wpb_wrapper\"><div class=\"w-image align_center\"><div class=\"w-image-h\"><img decoding=\"async\" width=\"1024\" height=\"683\" src=\"https:\/\/biodynamizer.com\/wp-content\/uploads\/2020\/09\/Depositphotos_338938772_xl-2015-1024x683.jpg\" class=\"attachment-large size-large\" alt=\"\" loading=\"lazy\" srcset=\"https:\/\/biodynamizer.com\/wp-content\/uploads\/2020\/09\/Depositphotos_338938772_xl-2015-1024x683.jpg 1024w, https:\/\/biodynamizer.com\/wp-content\/uploads\/2020\/09\/Depositphotos_338938772_xl-2015-300x200.jpg 300w, https:\/\/biodynamizer.com\/wp-content\/uploads\/2020\/09\/Depositphotos_338938772_xl-2015-1536x1024.jpg 1536w, https:\/\/biodynamizer.com\/wp-content\/uploads\/2020\/09\/Depositphotos_338938772_xl-2015-2048x1366.jpg 2048w, https:\/\/biodynamizer.com\/wp-content\/uploads\/2020\/09\/Depositphotos_338938772_xl-2015-600x400.jpg 600w\" sizes=\"auto, (max-width: 1024px) 100vw, 1024px\" \/><\/div><\/div><\/div><\/div><\/div><\/div><\/div><\/section><section class=\"l-section wpb_row height_medium\"><div class=\"l-section-h i-cf\"><div class=\"g-cols vc_row via_flex valign_top type_default stacking_default\"><div class=\"vc_col-sm-12 wpb_column vc_column_container\"><div class=\"vc_column-inner\"><div class=\"wpb_wrapper\"><div class=\"wpb_text_column\"><div class=\"wpb_wrapper\"><h2>Bewahrung unseres Planeten und der Reinheit seines Wassers<\/h2>\n<\/div><\/div><div class=\"wpb_text_column\"><div class=\"wpb_wrapper\"><p><b>Verschmutzung von Grund- und Oberfl\u00e4chenwasser, das in die Wasserversorgung einflie\u00dft <\/b><\/p>\n<p>Mehr als 100.000 chemische Schadstoffe (einschlie\u00dflich 3.300 Medikamente) kommen in der Umwelt vor und gelangen daher auf die eine oder andere Weise durch die Verschmutzung von Grund- und Oberfl\u00e4chenwasser in Leitungswasser! Mikroverunreinigungen haben wahrscheinlich selbst in winzigen Konzentrationen eine toxische Wirkung auf die menschliche Gesundheit und die \u00d6kosysteme!<\/p>\n<p>In einem 193-seitigen Bericht \u00fcber die Qualit\u00e4t der Grundwasserversorgung in ganz Frankreich wurden in einem Bericht im Juni 2013 400.000 Analysen zu 411 organischen Schadstoffen (Pflanzenschutzmittel, Pharmazeutika, aus Industrie und Landwirtschaft, Weichmacher, h\u00e4usliche Schadstoffe und gef\u00e4hrliche Stoffe) durchgef\u00fchrt. Die Analysen best\u00e4tigten, dass in 42% der F\u00e4llen die maximalen Verschmutzungsschwellen erreicht wurden! Deshalb ist es wichtig, Leitungswasser zu filtern!<\/p>\n<p>Dies ist umso wichtiger, da 67% der Franzosen Leitungswasser trinken<\/p>\n<\/div><\/div><div class=\"g-cols wpb_row via_flex valign_top type_default stacking_default\"><div class=\"vc_col-sm-6 wpb_column vc_column_container\"><div class=\"vc_column-inner\"><div class=\"wpb_wrapper\"><div class=\"w-image align_center\"><div class=\"w-image-h\"><img decoding=\"async\" width=\"359\" height=\"356\" src=\"https:\/\/biodynamizer.com\/wp-content\/uploads\/2020\/01\/France.png\" class=\"attachment-large size-large\" alt=\"\" loading=\"lazy\" srcset=\"https:\/\/biodynamizer.com\/wp-content\/uploads\/2020\/01\/France.png 359w, https:\/\/biodynamizer.com\/wp-content\/uploads\/2020\/01\/France-300x297.png 300w, https:\/\/biodynamizer.com\/wp-content\/uploads\/2020\/01\/France-150x150.png 150w\" sizes=\"auto, (max-width: 359px) 100vw, 359px\" \/><\/div><\/div><\/div><\/div><\/div><div class=\"vc_col-sm-6 wpb_column vc_column_container\"><div class=\"vc_column-inner\"><div class=\"wpb_wrapper\"><div class=\"w-image align_center\"><div class=\"w-image-h\"><img decoding=\"async\" width=\"1024\" height=\"553\" src=\"https:\/\/biodynamizer.com\/wp-content\/uploads\/2020\/01\/cieau-tap_water-moyenne_nationale-2018-e1580397289246-1024x553.png\" class=\"attachment-large size-large\" alt=\"\" loading=\"lazy\" srcset=\"https:\/\/biodynamizer.com\/wp-content\/uploads\/2020\/01\/cieau-tap_water-moyenne_nationale-2018-e1580397289246-1024x553.png 1024w, https:\/\/biodynamizer.com\/wp-content\/uploads\/2020\/01\/cieau-tap_water-moyenne_nationale-2018-e1580397289246-300x162.png 300w, https:\/\/biodynamizer.com\/wp-content\/uploads\/2020\/01\/cieau-tap_water-moyenne_nationale-2018-e1580397289246.png 1159w\" sizes=\"auto, (max-width: 1024px) 100vw, 1024px\" \/><\/div><\/div><div class=\"wpb_text_column\"><div class=\"wpb_wrapper\"><p><em><span class=\"TextRun BCX0 SCXP105744330\" lang=\"FR-BE\" xml:lang=\"FR-BE\" data-usefontface=\"true\" data-contrast=\"none\"><span class=\"NormalTextRun BCX0 SCXP105744330\">Kredit: Informationszentrum Wasser \u00a9<\/span><\/span><span class=\"EOP BCX0 SCXP105744330\">\u200b<\/span><\/em><\/p>\n<\/div><\/div><\/div><\/div><\/div><\/div><\/div><\/div><\/div><\/div><\/div><\/section>\n","protected":false},"excerpt":{"rendered":"Start\/SeitenLasst uns die Natur bewahren: Stoppt die Verschmutzung Wildwasser ist offenes Wasser, das nicht in einer Flasche gefangen ist. Leben ist Bewegung, Stagnation ist Tod. Biodynamisiertes Wasser reproduziert den nat\u00fcrlichen Wasserkreislauf auf beschleunigte Weise, ohne dass es gefroren und durch einen Kunststoffbeh\u00e4lter, der transportiert und recycelt werden muss, verunreinigt wird. Der Biodynamizer, der direkt hinter...","protected":false},"author":3,"featured_media":0,"parent":5844,"menu_order":2,"comment_status":"closed","ping_status":"closed","template":"","meta":{"_monsterinsights_skip_tracking":false,"_monsterinsights_sitenote_active":false,"_monsterinsights_sitenote_note":"","_monsterinsights_sitenote_category":0,"footnotes":""},"class_list":["post-6759","page","type-page","status-publish","hentry"],"yoast_head":"<!-- This site is optimized with the Yoast SEO plugin v27.3 - https:\/\/yoast.com\/product\/yoast-seo-wordpress\/ -->\n<title>Verschmutzung - Biodynamizer<\/title>\n<meta name=\"description\" content=\"Die Verschmutzung von Mineralwasser in Plastikflaschen und deren Umweltbelastung sind dramatisch! Der Biodynamizer (Wasserdynamisierer oder -beleber) vermeidet die Verwendung von Plastikflaschen und hilft so, den Planeten zu reinigen.\" \/>\n<meta name=\"robots\" content=\"index, follow, max-snippet:-1, max-image-preview:large, max-video-preview:-1\" \/>\n<link rel=\"canonical\" href=\"https:\/\/biodynamizer.com\/de\/wasser\/verschmutzung\/\" \/>\n<meta property=\"og:locale\" content=\"de_DE\" \/>\n<meta property=\"og:type\" content=\"article\" \/>\n<meta property=\"og:title\" content=\"Verschmutzung - Biodynamizer\" \/>\n<meta property=\"og:description\" content=\"Die Verschmutzung von Mineralwasser in Plastikflaschen und deren Umweltbelastung sind dramatisch! Der Biodynamizer (Wasserdynamisierer oder -beleber) vermeidet die Verwendung von Plastikflaschen und hilft so, den Planeten zu reinigen.\" \/>\n<meta property=\"og:url\" content=\"https:\/\/biodynamizer.com\/de\/wasser\/verschmutzung\/\" \/>\n<meta property=\"og:site_name\" content=\"Biodynamizer\" \/>\n<meta property=\"article:modified_time\" content=\"2024-05-27T07:05:11+00:00\" \/>\n<meta property=\"og:image\" content=\"https:\/\/biodynamizer.com\/wp-content\/uploads\/2019\/11\/Depositphotos_15742931_xl-2015.jpg\" \/>\n\t<meta property=\"og:image:width\" content=\"2000\" \/>\n\t<meta property=\"og:image:height\" content=\"1333\" \/>\n\t<meta property=\"og:image:type\" content=\"image\/jpeg\" \/>\n<meta name=\"twitter:card\" content=\"summary_large_image\" \/>\n<meta name=\"twitter:label1\" content=\"Gesch\u00e4tzte Lesezeit\" \/>\n\t<meta name=\"twitter:data1\" content=\"3\u00a0Minuten\" \/>\n<script type=\"application\/ld+json\" class=\"yoast-schema-graph\">{\"@context\":\"https:\\\/\\\/schema.org\",\"@graph\":[{\"@type\":\"WebPage\",\"@id\":\"https:\\\/\\\/biodynamizer.com\\\/de\\\/wasser\\\/verschmutzung\\\/\",\"url\":\"https:\\\/\\\/biodynamizer.com\\\/de\\\/wasser\\\/verschmutzung\\\/\",\"name\":\"Verschmutzung - Biodynamizer\",\"isPartOf\":{\"@id\":\"https:\\\/\\\/biodynamizer.com\\\/de\\\/#website\"},\"datePublished\":\"2020-01-14T08:50:29+00:00\",\"dateModified\":\"2024-05-27T07:05:11+00:00\",\"description\":\"Die Verschmutzung von Mineralwasser in Plastikflaschen und deren Umweltbelastung sind dramatisch! Der Biodynamizer (Wasserdynamisierer oder -beleber) vermeidet die Verwendung von Plastikflaschen und hilft so, den Planeten zu reinigen.\",\"breadcrumb\":{\"@id\":\"https:\\\/\\\/biodynamizer.com\\\/de\\\/wasser\\\/verschmutzung\\\/#breadcrumb\"},\"inLanguage\":\"de\",\"potentialAction\":[{\"@type\":\"ReadAction\",\"target\":[\"https:\\\/\\\/biodynamizer.com\\\/de\\\/wasser\\\/verschmutzung\\\/\"]}]},{\"@type\":\"BreadcrumbList\",\"@id\":\"https:\\\/\\\/biodynamizer.com\\\/de\\\/wasser\\\/verschmutzung\\\/#breadcrumb\",\"itemListElement\":[{\"@type\":\"ListItem\",\"position\":1,\"name\":\"Home\",\"item\":\"https:\\\/\\\/biodynamizer.com\\\/de\\\/\"},{\"@type\":\"ListItem\",\"position\":2,\"name\":\"Wasser\",\"item\":\"https:\\\/\\\/biodynamizer.com\\\/de\\\/leau\\\/\"},{\"@type\":\"ListItem\",\"position\":3,\"name\":\"Verschmutzung\"}]},{\"@type\":\"WebSite\",\"@id\":\"https:\\\/\\\/biodynamizer.com\\\/de\\\/#website\",\"url\":\"https:\\\/\\\/biodynamizer.com\\\/de\\\/\",\"name\":\"Biodynamizer\",\"description\":\"Filtrez et dynamisez votre eau\",\"potentialAction\":[{\"@type\":\"SearchAction\",\"target\":{\"@type\":\"EntryPoint\",\"urlTemplate\":\"https:\\\/\\\/biodynamizer.com\\\/de\\\/?s={search_term_string}\"},\"query-input\":{\"@type\":\"PropertyValueSpecification\",\"valueRequired\":true,\"valueName\":\"search_term_string\"}}],\"inLanguage\":\"de\"}]}<\/script>\n<!-- \/ Yoast SEO plugin. -->","yoast_head_json":{"title":"Verschmutzung - Biodynamizer","description":"Die Verschmutzung von Mineralwasser in Plastikflaschen und deren Umweltbelastung sind dramatisch! Der Biodynamizer (Wasserdynamisierer oder -beleber) vermeidet die Verwendung von Plastikflaschen und hilft so, den Planeten zu reinigen.","robots":{"index":"index","follow":"follow","max-snippet":"max-snippet:-1","max-image-preview":"max-image-preview:large","max-video-preview":"max-video-preview:-1"},"canonical":"https:\/\/biodynamizer.com\/de\/wasser\/verschmutzung\/","og_locale":"de_DE","og_type":"article","og_title":"Verschmutzung - Biodynamizer","og_description":"Die Verschmutzung von Mineralwasser in Plastikflaschen und deren Umweltbelastung sind dramatisch! Der Biodynamizer (Wasserdynamisierer oder -beleber) vermeidet die Verwendung von Plastikflaschen und hilft so, den Planeten zu reinigen.","og_url":"https:\/\/biodynamizer.com\/de\/wasser\/verschmutzung\/","og_site_name":"Biodynamizer","article_modified_time":"2024-05-27T07:05:11+00:00","og_image":[{"width":2000,"height":1333,"url":"https:\/\/biodynamizer.com\/wp-content\/uploads\/2019\/11\/Depositphotos_15742931_xl-2015.jpg","type":"image\/jpeg"}],"twitter_card":"summary_large_image","twitter_misc":{"Gesch\u00e4tzte Lesezeit":"3\u00a0Minuten"},"schema":{"@context":"https:\/\/schema.org","@graph":[{"@type":"WebPage","@id":"https:\/\/biodynamizer.com\/de\/wasser\/verschmutzung\/","url":"https:\/\/biodynamizer.com\/de\/wasser\/verschmutzung\/","name":"Verschmutzung - Biodynamizer","isPartOf":{"@id":"https:\/\/biodynamizer.com\/de\/#website"},"datePublished":"2020-01-14T08:50:29+00:00","dateModified":"2024-05-27T07:05:11+00:00","description":"Die Verschmutzung von Mineralwasser in Plastikflaschen und deren Umweltbelastung sind dramatisch! Der Biodynamizer (Wasserdynamisierer oder -beleber) vermeidet die Verwendung von Plastikflaschen und hilft so, den Planeten zu reinigen.","breadcrumb":{"@id":"https:\/\/biodynamizer.com\/de\/wasser\/verschmutzung\/#breadcrumb"},"inLanguage":"de","potentialAction":[{"@type":"ReadAction","target":["https:\/\/biodynamizer.com\/de\/wasser\/verschmutzung\/"]}]},{"@type":"BreadcrumbList","@id":"https:\/\/biodynamizer.com\/de\/wasser\/verschmutzung\/#breadcrumb","itemListElement":[{"@type":"ListItem","position":1,"name":"Home","item":"https:\/\/biodynamizer.com\/de\/"},{"@type":"ListItem","position":2,"name":"Wasser","item":"https:\/\/biodynamizer.com\/de\/leau\/"},{"@type":"ListItem","position":3,"name":"Verschmutzung"}]},{"@type":"WebSite","@id":"https:\/\/biodynamizer.com\/de\/#website","url":"https:\/\/biodynamizer.com\/de\/","name":"Biodynamizer","description":"Filtrez et dynamisez votre eau","potentialAction":[{"@type":"SearchAction","target":{"@type":"EntryPoint","urlTemplate":"https:\/\/biodynamizer.com\/de\/?s={search_term_string}"},"query-input":{"@type":"PropertyValueSpecification","valueRequired":true,"valueName":"search_term_string"}}],"inLanguage":"de"}]}},"_links":{"self":[{"href":"https:\/\/biodynamizer.com\/de\/wp-json\/wp\/v2\/pages\/6759","targetHints":{"allow":["GET"]}}],"collection":[{"href":"https:\/\/biodynamizer.com\/de\/wp-json\/wp\/v2\/pages"}],"about":[{"href":"https:\/\/biodynamizer.com\/de\/wp-json\/wp\/v2\/types\/page"}],"author":[{"embeddable":true,"href":"https:\/\/biodynamizer.com\/de\/wp-json\/wp\/v2\/users\/3"}],"replies":[{"embeddable":true,"href":"https:\/\/biodynamizer.com\/de\/wp-json\/wp\/v2\/comments?post=6759"}],"version-history":[{"count":9,"href":"https:\/\/biodynamizer.com\/de\/wp-json\/wp\/v2\/pages\/6759\/revisions"}],"predecessor-version":[{"id":24021,"href":"https:\/\/biodynamizer.com\/de\/wp-json\/wp\/v2\/pages\/6759\/revisions\/24021"}],"up":[{"embeddable":true,"href":"https:\/\/biodynamizer.com\/de\/wp-json\/wp\/v2\/pages\/5844"}],"wp:attachment":[{"href":"https:\/\/biodynamizer.com\/de\/wp-json\/wp\/v2\/media?parent=6759"}],"curies":[{"name":"wp","href":"https:\/\/api.w.org\/{rel}","templated":true}]}}