{"id":2681,"date":"2020-01-28T07:37:54","date_gmt":"2020-01-28T07:37:54","guid":{"rendered":"https:\/\/biodynamizer.spleen-creation.be\/gouttes-deau-sechees-influence-de-lobservateur-sur-la-structure-de-leau\/"},"modified":"2024-07-02T14:09:37","modified_gmt":"2024-07-02T14:09:37","slug":"limestone-treatment","status":"publish","type":"page","link":"https:\/\/biodynamizer.com\/en\/scientific-analyzes\/limestone-treatment\/","title":{"rendered":"Intelligent limestone treatment"},"content":{"rendered":"<section class=\"l-section wpb_row us_custom_916fdabd height_small\"><div class=\"l-section-h i-cf\"><div class=\"g-cols vc_row via_flex valign_top type_default stacking_default\"><div class=\"vc_col-sm-12 wpb_column vc_column_container\"><div class=\"vc_column-inner\"><div class=\"wpb_wrapper\"><nav class=\"g-breadcrumbs separator_custom align_none\" itemscope itemtype=\"http:\/\/schema.org\/BreadcrumbList\"><div class=\"g-breadcrumbs-item\" itemscope itemprop=\"itemListElement\" itemtype=\"http:\/\/schema.org\/ListItem\"><a itemprop=\"item\" href=\"https:\/\/biodynamizer.com\/en\/\"><span itemprop=\"name\">Home<\/span><\/a><meta itemprop=\"position\" content=\"1\"\/><\/div><div class=\"g-breadcrumbs-separator\">\/<\/div><div class=\"g-breadcrumbs-item\">Pages<\/div><\/nav><\/div><\/div><\/div><\/div><\/div><\/section><section class=\"l-section wpb_row fullheader height_huge with_img\"><div class=\"l-section-img\" role=\"img\" aria-label=\"Main d\u2019un r\u00e9parateur tenant un \u00e9l\u00e9ment chauffant tubulaire d\u2019un lave-linge, illustrant la r\u00e9paration et l\u2019entretien d\u2019appareils \u00e9lectrom\u00e9nagers.\n\" data-img-width=\"2560\" data-img-height=\"1709\" style=\"background-image: url(https:\/\/biodynamizer.com\/wp-content\/uploads\/2024\/04\/Depositphotos_93095260_xl-2015-scaled.jpg);background-repeat: no-repeat;\"><\/div><div class=\"l-section-h i-cf\"><div class=\"g-cols vc_row via_flex valign_top type_default stacking_default\"><div class=\"vc_col-sm-12 wpb_column vc_column_container has_text_color\"><div class=\"vc_column-inner us_custom_6df4bc3a\"><div class=\"wpb_wrapper\"><div class=\"wpb_text_column us_custom_8b3d6790 has_text_color\"><div class=\"wpb_wrapper\"><h3><span class=\"EOP SCXP86835098 BCX0\">The crystalline structure of limestone is modified (in the form of pulverized powder) after dynamization of the water\u200b<\/span><\/h3>\n<\/div><\/div><\/div><\/div><\/div><\/div><\/div><\/section><section class=\"l-section wpb_row max500 height_large\"><div class=\"l-section-h i-cf\"><div class=\"g-cols vc_row via_flex valign_top type_default stacking_default\"><div class=\"vc_col-sm-4 wpb_column vc_column_container\"><div class=\"vc_column-inner\"><div class=\"wpb_wrapper\"><div class=\"wpb_text_column\"><div class=\"wpb_wrapper\"><p><b>1\/ <\/b><u><b>Kettle test<\/b><\/u> (October 2023): Water heated to <b>60\u00b0C &amp; 90\u00b0C <\/b>in identical containers and visual observation of the <b>difference in crystalline structure of the limestone <\/b>which floats on the surface of the water.<\/p>\n<ul>\n<li>Limescale in <u>non-dynamized<\/u> tap water <b>aggregates into limestone clusters<\/b> (which clump together) suspended on the water, distributed <b>sparsely<\/b> over the surface of the water.<\/li>\n<li>Limescale in <u>dynamized<\/u> tap water appears in the form of a <b>fine sprayed film suspended <\/b>on the water, distributed over the <b>entire<\/b> surface of the water.<\/li>\n<\/ul>\n<\/div><\/div><\/div><\/div><\/div><div class=\"vc_col-sm-4 wpb_column vc_column_container\"><div class=\"vc_column-inner\"><div class=\"wpb_wrapper\"><div class=\"w-image align_center\"><div class=\"w-image-h\"><img decoding=\"async\" width=\"1024\" height=\"823\" src=\"https:\/\/biodynamizer.com\/wp-content\/uploads\/2024\/04\/Bouilloire-Calcaire-Eau-non-dynamisee-2-1024x823.jpg\" class=\"attachment-large size-large\" alt=\"R\u00e9sidus secs calcaire - Bouilloire non-dynamis\u00e9e\" loading=\"lazy\" srcset=\"https:\/\/biodynamizer.com\/wp-content\/uploads\/2024\/04\/Bouilloire-Calcaire-Eau-non-dynamisee-2-1024x823.jpg 1024w, https:\/\/biodynamizer.com\/wp-content\/uploads\/2024\/04\/Bouilloire-Calcaire-Eau-non-dynamisee-2-300x241.jpg 300w, https:\/\/biodynamizer.com\/wp-content\/uploads\/2024\/04\/Bouilloire-Calcaire-Eau-non-dynamisee-2-498x400.jpg 498w, https:\/\/biodynamizer.com\/wp-content\/uploads\/2024\/04\/Bouilloire-Calcaire-Eau-non-dynamisee-2.jpg 1314w\" sizes=\"auto, (max-width: 1024px) 100vw, 1024px\" \/><\/div><\/div><div class=\"w-separator size_small\"><\/div><div class=\"w-image align_none\"><div class=\"w-image-h\"><img decoding=\"async\" width=\"1024\" height=\"768\" src=\"https:\/\/biodynamizer.com\/wp-content\/uploads\/2024\/04\/Bouilloire-Calcaire-Eau-non-dynamisee-1024x768.jpg\" class=\"attachment-large size-large\" alt=\"R\u00e9sidus secs calcaire - Bouilloire non-dynamis\u00e9e\" loading=\"lazy\" srcset=\"https:\/\/biodynamizer.com\/wp-content\/uploads\/2024\/04\/Bouilloire-Calcaire-Eau-non-dynamisee-1024x768.jpg 1024w, https:\/\/biodynamizer.com\/wp-content\/uploads\/2024\/04\/Bouilloire-Calcaire-Eau-non-dynamisee-300x225.jpg 300w, https:\/\/biodynamizer.com\/wp-content\/uploads\/2024\/04\/Bouilloire-Calcaire-Eau-non-dynamisee-534x400.jpg 534w, https:\/\/biodynamizer.com\/wp-content\/uploads\/2024\/04\/Bouilloire-Calcaire-Eau-non-dynamisee.jpg 1314w\" sizes=\"auto, (max-width: 1024px) 100vw, 1024px\" \/><\/div><\/div><\/div><\/div><\/div><div class=\"vc_col-sm-4 wpb_column vc_column_container\"><div class=\"vc_column-inner\"><div class=\"wpb_wrapper\"><div class=\"w-image align_none\"><div class=\"w-image-h\"><img decoding=\"async\" width=\"1024\" height=\"824\" src=\"https:\/\/biodynamizer.com\/wp-content\/uploads\/2024\/04\/Bouilloire-Calcaire-Eau-dynamisee-2-1024x824.jpg\" class=\"attachment-large size-large\" alt=\"R\u00e9sidus secs calcaire - casserole non-dynamis\u00e9e\" loading=\"lazy\" srcset=\"https:\/\/biodynamizer.com\/wp-content\/uploads\/2024\/04\/Bouilloire-Calcaire-Eau-dynamisee-2-1024x824.jpg 1024w, https:\/\/biodynamizer.com\/wp-content\/uploads\/2024\/04\/Bouilloire-Calcaire-Eau-dynamisee-2-300x241.jpg 300w, https:\/\/biodynamizer.com\/wp-content\/uploads\/2024\/04\/Bouilloire-Calcaire-Eau-dynamisee-2-497x400.jpg 497w, https:\/\/biodynamizer.com\/wp-content\/uploads\/2024\/04\/Bouilloire-Calcaire-Eau-dynamisee-2.jpg 1313w\" sizes=\"auto, (max-width: 1024px) 100vw, 1024px\" \/><\/div><\/div><div class=\"w-separator size_small\"><\/div><div class=\"w-image align_none\"><div class=\"w-image-h\"><img decoding=\"async\" width=\"1024\" height=\"768\" src=\"https:\/\/biodynamizer.com\/wp-content\/uploads\/2024\/04\/Bouilloire-Calcaire-Eau-dynamisee-1024x768.jpg\" class=\"attachment-large size-large\" alt=\"R\u00e9sidus secs calcaire - Bouilloire dynamis\u00e9e\" loading=\"lazy\" srcset=\"https:\/\/biodynamizer.com\/wp-content\/uploads\/2024\/04\/Bouilloire-Calcaire-Eau-dynamisee-1024x768.jpg 1024w, https:\/\/biodynamizer.com\/wp-content\/uploads\/2024\/04\/Bouilloire-Calcaire-Eau-dynamisee-300x225.jpg 300w, https:\/\/biodynamizer.com\/wp-content\/uploads\/2024\/04\/Bouilloire-Calcaire-Eau-dynamisee-533x400.jpg 533w, https:\/\/biodynamizer.com\/wp-content\/uploads\/2024\/04\/Bouilloire-Calcaire-Eau-dynamisee.jpg 1313w\" sizes=\"auto, (max-width: 1024px) 100vw, 1024px\" \/><\/div><\/div><\/div><\/div><\/div><\/div><\/div><\/section><section class=\"l-section wpb_row max500 height_large\"><div class=\"l-section-h i-cf\"><div class=\"g-cols vc_row via_flex valign_top type_default stacking_default\"><div class=\"vc_col-sm-4 wpb_column vc_column_container\"><div class=\"vc_column-inner\"><div class=\"wpb_wrapper\"><div class=\"wpb_text_column\"><div class=\"wpb_wrapper\"><p><b>2\/ <\/b><u><b>Pan test<\/b><\/u> (October 2023): Water heated <b>at 60\u00b0C &amp; 90\u00b0C <\/b>in identical <b>pans<\/b> and visual observation of the <b>difference in crystal structure:<\/b><\/p>\n<ul>\n<li>Limescale in <u>non-dynamized<\/u> tap water is suspended <b>sparsely<\/b> on the surface of the water where it <b>aggregates<\/b> (transparent water); after evaporation, it settles at the bottom of the pan on a more concentrated surface, being <b>stickier and encrusting<\/b>.<\/li>\n<li>The limescale in <u>dynamized<\/u> tap water which is in suspension is distributed over the <b>entire<\/b> surface of the water and also <b>dissolved<\/b> in the water (more opaque water), it has a <b>finer and pulverized structure<\/b>; after evaporation, it settles at the bottom of the pan, spreading over a larger surface and having a <b>silkier texture <\/b>(like a fine white powder), <b>less encrusting, which makes it easier to remove<\/b>.<\/li>\n<\/ul>\n<\/div><\/div><\/div><\/div><\/div><div class=\"vc_col-sm-4 wpb_column vc_column_container\"><div class=\"vc_column-inner\"><div class=\"wpb_wrapper\"><div class=\"w-image align_center\"><div class=\"w-image-h\"><img decoding=\"async\" width=\"1024\" height=\"819\" src=\"https:\/\/biodynamizer.com\/wp-content\/uploads\/2024\/04\/Calcaire-Casserole-non-dynamisee-1024x819.jpg\" class=\"attachment-large size-large\" alt=\"Calcaire Casserole - non-dynamis\u00e9e\" loading=\"lazy\" srcset=\"https:\/\/biodynamizer.com\/wp-content\/uploads\/2024\/04\/Calcaire-Casserole-non-dynamisee-1024x819.jpg 1024w, https:\/\/biodynamizer.com\/wp-content\/uploads\/2024\/04\/Calcaire-Casserole-non-dynamisee-300x240.jpg 300w, https:\/\/biodynamizer.com\/wp-content\/uploads\/2024\/04\/Calcaire-Casserole-non-dynamisee-500x400.jpg 500w\" sizes=\"auto, (max-width: 1024px) 100vw, 1024px\" \/><\/div><\/div><div class=\"w-separator size_small\"><\/div><div class=\"w-image align_none\"><div class=\"w-image-h\"><img decoding=\"async\" width=\"1024\" height=\"819\" src=\"https:\/\/biodynamizer.com\/wp-content\/uploads\/2024\/04\/Residus-secs-calcaire-casserole-non-dynamisee-1024x819.jpg\" class=\"attachment-large size-large\" alt=\"R\u00e9sidus secs calcaire - casserole non-dynamis\u00e9e\" loading=\"lazy\" srcset=\"https:\/\/biodynamizer.com\/wp-content\/uploads\/2024\/04\/Residus-secs-calcaire-casserole-non-dynamisee-1024x819.jpg 1024w, https:\/\/biodynamizer.com\/wp-content\/uploads\/2024\/04\/Residus-secs-calcaire-casserole-non-dynamisee-300x240.jpg 300w, https:\/\/biodynamizer.com\/wp-content\/uploads\/2024\/04\/Residus-secs-calcaire-casserole-non-dynamisee-500x400.jpg 500w\" sizes=\"auto, (max-width: 1024px) 100vw, 1024px\" \/><\/div><\/div><\/div><\/div><\/div><div class=\"vc_col-sm-4 wpb_column vc_column_container\"><div class=\"vc_column-inner\"><div class=\"wpb_wrapper\"><div class=\"w-image align_none\"><div class=\"w-image-h\"><img decoding=\"async\" width=\"675\" height=\"540\" src=\"https:\/\/biodynamizer.com\/wp-content\/uploads\/2024\/04\/Calcaire-Casserole-dynamisee.jpg\" class=\"attachment-large size-large\" alt=\"Calcaire Casserole - dynamis\u00e9e\" loading=\"lazy\" srcset=\"https:\/\/biodynamizer.com\/wp-content\/uploads\/2024\/04\/Calcaire-Casserole-dynamisee.jpg 675w, https:\/\/biodynamizer.com\/wp-content\/uploads\/2024\/04\/Calcaire-Casserole-dynamisee-300x240.jpg 300w, https:\/\/biodynamizer.com\/wp-content\/uploads\/2024\/04\/Calcaire-Casserole-dynamisee-500x400.jpg 500w\" sizes=\"auto, (max-width: 675px) 100vw, 675px\" \/><\/div><\/div><div class=\"w-separator size_small\"><\/div><div class=\"w-image align_none\"><div class=\"w-image-h\"><img decoding=\"async\" width=\"1024\" height=\"819\" src=\"https:\/\/biodynamizer.com\/wp-content\/uploads\/2024\/04\/Residus-secs-calcaire-casserole-dynamisee-1024x819.jpg\" class=\"attachment-large size-large\" alt=\"R\u00e9sidus secs calcaire - casserole -dynamis\u00e9e\" loading=\"lazy\" srcset=\"https:\/\/biodynamizer.com\/wp-content\/uploads\/2024\/04\/Residus-secs-calcaire-casserole-dynamisee-1024x819.jpg 1024w, https:\/\/biodynamizer.com\/wp-content\/uploads\/2024\/04\/Residus-secs-calcaire-casserole-dynamisee-300x240.jpg 300w, https:\/\/biodynamizer.com\/wp-content\/uploads\/2024\/04\/Residus-secs-calcaire-casserole-dynamisee-500x400.jpg 500w\" sizes=\"auto, (max-width: 1024px) 100vw, 1024px\" \/><\/div><\/div><\/div><\/div><\/div><\/div><\/div><\/section><section class=\"l-section wpb_row max500 height_large\"><div class=\"l-section-h i-cf\"><div class=\"g-cols vc_row via_flex valign_top type_default stacking_default\"><div class=\"vc_col-sm-6 wpb_column vc_column_container\"><div class=\"vc_column-inner\"><div class=\"wpb_wrapper\"><div class=\"wpb_text_column\"><div class=\"wpb_wrapper\"><p><b>3\/ <\/b><u><b>Buildwise<\/b><\/u><u><b> test<\/b><\/u> (March 2024)<\/p>\n<p>Observation of the difference in the quantity of limescale in a <b>boiler\/water heater <\/b>(open circuit: 10 liters taken every 30 minutes) set at <b>75\u00b0C<\/b> for 30 days (01\/11\/2024 to 03\/08\/2024) in tap water (30\u00b0F), dynamized &gt;&lt; non-dynamized ; Evacode CC procedure CCN\/PN\/NBN-917. (see full Buildwise report hereunder)<\/p>\n<p><u><b>Observation<\/b><\/u> :<\/p>\n<p><b>In the boiler containing dynamized water there is 12% less quantity of limescale deposits<\/b> (bottom of the boiler and electrical resistances) because this limescale has been pulverized and has therefore been more easily evacuated:<\/p>\n<ul>\n<li><b>The mass of scale remaining around the resistances and at the bottom of the boiler decreases<\/b><\/li>\n<li><b>The Biodynamizer has an effective capacity to reduce the formation of limescale deposits<\/b><\/li>\n<\/ul>\n<\/div><\/div><\/div><\/div><\/div><div class=\"vc_col-sm-6 wpb_column vc_column_container\"><div class=\"vc_column-inner\"><div class=\"wpb_wrapper\"><div class=\"w-image align_center\"><div class=\"w-image-h\"><img decoding=\"async\" width=\"768\" height=\"1024\" src=\"https:\/\/biodynamizer.com\/wp-content\/uploads\/2024\/04\/IMG_8589-768x1024.jpeg\" class=\"attachment-large size-large\" alt=\"\" loading=\"lazy\" srcset=\"https:\/\/biodynamizer.com\/wp-content\/uploads\/2024\/04\/IMG_8589-768x1024.jpeg 768w, https:\/\/biodynamizer.com\/wp-content\/uploads\/2024\/04\/IMG_8589-225x300.jpeg 225w, https:\/\/biodynamizer.com\/wp-content\/uploads\/2024\/04\/IMG_8589-300x400.jpeg 300w, https:\/\/biodynamizer.com\/wp-content\/uploads\/2024\/04\/IMG_8589.jpeg 1536w\" sizes=\"auto, (max-width: 768px) 100vw, 768px\" \/><\/div><\/div><\/div><\/div><\/div><\/div><\/div><\/section><section class=\"l-section wpb_row max500 height_large\"><div class=\"l-section-h i-cf\"><div class=\"g-cols vc_row via_flex valign_top type_default stacking_default\"><div class=\"vc_col-sm-6 wpb_column vc_column_container\"><div class=\"vc_column-inner\"><div class=\"wpb_wrapper\"><div class=\"wpb_text_column\"><div class=\"wpb_wrapper\"><p><b>4\/ <\/b><u><b>Buildwise<\/b><\/u><u><b> test<\/b><\/u> (March 2024)<\/p>\n<p>Observation of the <b>difference in mineralogical structure of the scale <\/b>(morphology and arrangement) <b>formed and remaining in 2 boilers<\/b>, one of which contains dynamized water and the other non-dynamized water; <b>Scanning electron microscope <\/b>(SEM) analysis with EDS (\u201cEnergy Dispersive X-ray Spectroscopy\u201d); internal procedures SP\/MIC\/6.05 based on NBN EN 12326-2 (2010) and SP\/MIC\/6.07 (see full Buildwise report hereunder)<\/p>\n<p><u><b>Observation<\/b><\/u><b> :<\/b><\/p>\n<p><b>\u201c<\/b><b><i>the crystals observed on the scale coming from the installation treated with the Biodynamizer seem locally a little more fragmented and show a slightly more chaotic arrangement<\/i><\/b><b>\u201d <\/b>(the limescale in non-dynamized water appears indeed more in the form of platelets in packets than that of the limestone in dynamized water which appears more in the form of a &#8220;<i>cauliflower<\/i>&#8220;)<\/p>\n<\/div><\/div><\/div><\/div><\/div><div class=\"vc_col-sm-6 wpb_column vc_column_container\"><div class=\"vc_column-inner\"><div class=\"wpb_wrapper\"><div class=\"w-image align_center\"><div class=\"w-image-h\"><img decoding=\"async\" width=\"300\" height=\"224\" src=\"https:\/\/biodynamizer.com\/wp-content\/uploads\/2024\/04\/Structure-calcaire-non-dynamise-1-300x224.png\" class=\"attachment-medium size-medium\" alt=\"Structure calcaire non-dynamis\u00e9\" loading=\"lazy\" srcset=\"https:\/\/biodynamizer.com\/wp-content\/uploads\/2024\/04\/Structure-calcaire-non-dynamise-1-300x224.png 300w, https:\/\/biodynamizer.com\/wp-content\/uploads\/2024\/04\/Structure-calcaire-non-dynamise-1-536x400.png 536w, https:\/\/biodynamizer.com\/wp-content\/uploads\/2024\/04\/Structure-calcaire-non-dynamise-1.png 592w\" sizes=\"auto, (max-width: 300px) 100vw, 300px\" \/><\/div><\/div><div class=\"wpb_text_column\"><div class=\"wpb_wrapper\"><p style=\"text-align: center;\">Limescale in non-dynamized water<\/p>\n<\/div><\/div><div class=\"w-separator size_small\"><\/div><div class=\"w-image align_center\"><div class=\"w-image-h\"><img decoding=\"async\" width=\"300\" height=\"224\" src=\"https:\/\/biodynamizer.com\/wp-content\/uploads\/2024\/04\/Structure-calcaire-dynamise-1-300x224.png\" class=\"attachment-medium size-medium\" alt=\"Structure calcaire dynamis\u00e9\" loading=\"lazy\" srcset=\"https:\/\/biodynamizer.com\/wp-content\/uploads\/2024\/04\/Structure-calcaire-dynamise-1-300x224.png 300w, https:\/\/biodynamizer.com\/wp-content\/uploads\/2024\/04\/Structure-calcaire-dynamise-1-536x400.png 536w, https:\/\/biodynamizer.com\/wp-content\/uploads\/2024\/04\/Structure-calcaire-dynamise-1.png 592w\" sizes=\"auto, (max-width: 300px) 100vw, 300px\" \/><\/div><\/div><div class=\"wpb_text_column\"><div class=\"wpb_wrapper\"><p style=\"text-align: center;\">Limescale in non-dynamized water<\/p>\n<\/div><\/div><\/div><\/div><\/div><\/div><\/div><\/section><section class=\"l-section wpb_row max500 height_large\"><div class=\"l-section-h i-cf\"><div class=\"g-cols vc_row via_flex valign_top type_default stacking_default\"><div class=\"vc_col-sm-6 wpb_column vc_column_container\"><div class=\"vc_column-inner\"><div class=\"wpb_wrapper\"><div class=\"w-btn-wrapper align_none\"><a class=\"w-btn us-btn-style_1\" href=\"https:\/\/biodynamizer.com\/wp-content\/uploads\/2024\/04\/CH-23-232-01_-DE-CH-0709-_Dynamized-Technologies_S.pdf\"><span class=\"w-btn-label\">Buildwise scale reduction test report<\/span><\/a><\/div><\/div><\/div><\/div><div class=\"vc_col-sm-6 wpb_column vc_column_container\"><div class=\"vc_column-inner\"><div class=\"wpb_wrapper\"><div class=\"w-btn-wrapper align_none\"><a class=\"w-btn us-btn-style_1\" href=\"https:\/\/biodynamizer.com\/wp-content\/uploads\/2024\/04\/EF-24-154-bis_-DE-CH-0709-_Rapport-signe.pdf\"><span class=\"w-btn-label\">Buildwise test report on the shape of limestone crystals using SEM (Scanning Electron Microscope)<\/span><\/a><\/div><\/div><\/div><\/div><\/div><\/div><\/section>\n","protected":false},"excerpt":{"rendered":"Home\/PagesThe crystalline structure of limestone is modified (in the form of pulverized powder) after dynamization of the water\u200b 1\/ Kettle test (October 2023): Water heated to 60\u00b0C &amp; 90\u00b0C in identical containers and visual observation of the difference in crystalline structure of the limestone which floats on the surface of the water. Limescale in non-dynamized...","protected":false},"author":3,"featured_media":0,"parent":2906,"menu_order":11,"comment_status":"closed","ping_status":"closed","template":"","meta":{"_monsterinsights_skip_tracking":false,"_monsterinsights_sitenote_active":false,"_monsterinsights_sitenote_note":"","_monsterinsights_sitenote_category":0,"footnotes":""},"class_list":["post-2681","page","type-page","status-publish","hentry"],"yoast_head":"<!-- This site is optimized with the Yoast SEO plugin v27.3 - https:\/\/yoast.com\/product\/yoast-seo-wordpress\/ -->\n<title>Intelligent limestone treatment - Biodynamizer<\/title>\n<meta name=\"description\" content=\"Biodynamizer - Intelligent limestone treatment - En savoir plus sur le biodynamizer et le biofiltre\" \/>\n<meta name=\"robots\" content=\"index, follow, max-snippet:-1, max-image-preview:large, max-video-preview:-1\" \/>\n<link rel=\"canonical\" href=\"https:\/\/biodynamizer.com\/en\/scientific-analyzes\/limestone-treatment\/\" \/>\n<meta property=\"og:locale\" content=\"en_US\" \/>\n<meta property=\"og:type\" content=\"article\" \/>\n<meta property=\"og:title\" content=\"Intelligent limestone treatment - Biodynamizer\" \/>\n<meta property=\"og:description\" content=\"Biodynamizer - Intelligent limestone treatment - En savoir plus sur le biodynamizer et le biofiltre\" \/>\n<meta property=\"og:url\" content=\"https:\/\/biodynamizer.com\/en\/scientific-analyzes\/limestone-treatment\/\" \/>\n<meta property=\"og:site_name\" content=\"Biodynamizer\" \/>\n<meta property=\"article:modified_time\" content=\"2024-07-02T14:09:37+00:00\" \/>\n<meta property=\"og:image\" content=\"https:\/\/biodynamizer.com\/wp-content\/uploads\/2019\/11\/Depositphotos_15742931_xl-2015.jpg\" \/>\n\t<meta property=\"og:image:width\" content=\"2000\" \/>\n\t<meta property=\"og:image:height\" content=\"1333\" \/>\n\t<meta property=\"og:image:type\" content=\"image\/jpeg\" \/>\n<meta name=\"twitter:card\" content=\"summary_large_image\" \/>\n<meta name=\"twitter:label1\" content=\"Est. reading time\" \/>\n\t<meta name=\"twitter:data1\" content=\"3 minutes\" \/>\n<script type=\"application\/ld+json\" class=\"yoast-schema-graph\">{\"@context\":\"https:\\\/\\\/schema.org\",\"@graph\":[{\"@type\":\"WebPage\",\"@id\":\"https:\\\/\\\/biodynamizer.com\\\/en\\\/scientific-analyzes\\\/limestone-treatment\\\/\",\"url\":\"https:\\\/\\\/biodynamizer.com\\\/en\\\/scientific-analyzes\\\/limestone-treatment\\\/\",\"name\":\"Intelligent limestone treatment - Biodynamizer\",\"isPartOf\":{\"@id\":\"https:\\\/\\\/biodynamizer.com\\\/en\\\/#website\"},\"datePublished\":\"2020-01-28T07:37:54+00:00\",\"dateModified\":\"2024-07-02T14:09:37+00:00\",\"description\":\"Biodynamizer - Intelligent limestone treatment - En savoir plus sur le biodynamizer et le biofiltre\",\"breadcrumb\":{\"@id\":\"https:\\\/\\\/biodynamizer.com\\\/en\\\/scientific-analyzes\\\/limestone-treatment\\\/#breadcrumb\"},\"inLanguage\":\"en-US\",\"potentialAction\":[{\"@type\":\"ReadAction\",\"target\":[\"https:\\\/\\\/biodynamizer.com\\\/en\\\/scientific-analyzes\\\/limestone-treatment\\\/\"]}]},{\"@type\":\"BreadcrumbList\",\"@id\":\"https:\\\/\\\/biodynamizer.com\\\/en\\\/scientific-analyzes\\\/limestone-treatment\\\/#breadcrumb\",\"itemListElement\":[{\"@type\":\"ListItem\",\"position\":1,\"name\":\"Home\",\"item\":\"https:\\\/\\\/biodynamizer.com\\\/en\\\/\"},{\"@type\":\"ListItem\",\"position\":2,\"name\":\"Analyzes\",\"item\":\"https:\\\/\\\/biodynamizer.com\\\/en\\\/scientific-analyzes\\\/\"},{\"@type\":\"ListItem\",\"position\":3,\"name\":\"Intelligent limestone treatment\"}]},{\"@type\":\"WebSite\",\"@id\":\"https:\\\/\\\/biodynamizer.com\\\/en\\\/#website\",\"url\":\"https:\\\/\\\/biodynamizer.com\\\/en\\\/\",\"name\":\"Biodynamizer\",\"description\":\"Filtrez et dynamisez votre eau\",\"potentialAction\":[{\"@type\":\"SearchAction\",\"target\":{\"@type\":\"EntryPoint\",\"urlTemplate\":\"https:\\\/\\\/biodynamizer.com\\\/en\\\/?s={search_term_string}\"},\"query-input\":{\"@type\":\"PropertyValueSpecification\",\"valueRequired\":true,\"valueName\":\"search_term_string\"}}],\"inLanguage\":\"en-US\"}]}<\/script>\n<!-- \/ Yoast SEO plugin. -->","yoast_head_json":{"title":"Intelligent limestone treatment - Biodynamizer","description":"Biodynamizer - Intelligent limestone treatment - En savoir plus sur le biodynamizer et le biofiltre","robots":{"index":"index","follow":"follow","max-snippet":"max-snippet:-1","max-image-preview":"max-image-preview:large","max-video-preview":"max-video-preview:-1"},"canonical":"https:\/\/biodynamizer.com\/en\/scientific-analyzes\/limestone-treatment\/","og_locale":"en_US","og_type":"article","og_title":"Intelligent limestone treatment - Biodynamizer","og_description":"Biodynamizer - Intelligent limestone treatment - En savoir plus sur le biodynamizer et le biofiltre","og_url":"https:\/\/biodynamizer.com\/en\/scientific-analyzes\/limestone-treatment\/","og_site_name":"Biodynamizer","article_modified_time":"2024-07-02T14:09:37+00:00","og_image":[{"width":2000,"height":1333,"url":"https:\/\/biodynamizer.com\/wp-content\/uploads\/2019\/11\/Depositphotos_15742931_xl-2015.jpg","type":"image\/jpeg"}],"twitter_card":"summary_large_image","twitter_misc":{"Est. reading time":"3 minutes"},"schema":{"@context":"https:\/\/schema.org","@graph":[{"@type":"WebPage","@id":"https:\/\/biodynamizer.com\/en\/scientific-analyzes\/limestone-treatment\/","url":"https:\/\/biodynamizer.com\/en\/scientific-analyzes\/limestone-treatment\/","name":"Intelligent limestone treatment - Biodynamizer","isPartOf":{"@id":"https:\/\/biodynamizer.com\/en\/#website"},"datePublished":"2020-01-28T07:37:54+00:00","dateModified":"2024-07-02T14:09:37+00:00","description":"Biodynamizer - Intelligent limestone treatment - En savoir plus sur le biodynamizer et le biofiltre","breadcrumb":{"@id":"https:\/\/biodynamizer.com\/en\/scientific-analyzes\/limestone-treatment\/#breadcrumb"},"inLanguage":"en-US","potentialAction":[{"@type":"ReadAction","target":["https:\/\/biodynamizer.com\/en\/scientific-analyzes\/limestone-treatment\/"]}]},{"@type":"BreadcrumbList","@id":"https:\/\/biodynamizer.com\/en\/scientific-analyzes\/limestone-treatment\/#breadcrumb","itemListElement":[{"@type":"ListItem","position":1,"name":"Home","item":"https:\/\/biodynamizer.com\/en\/"},{"@type":"ListItem","position":2,"name":"Analyzes","item":"https:\/\/biodynamizer.com\/en\/scientific-analyzes\/"},{"@type":"ListItem","position":3,"name":"Intelligent limestone treatment"}]},{"@type":"WebSite","@id":"https:\/\/biodynamizer.com\/en\/#website","url":"https:\/\/biodynamizer.com\/en\/","name":"Biodynamizer","description":"Filtrez et dynamisez votre eau","potentialAction":[{"@type":"SearchAction","target":{"@type":"EntryPoint","urlTemplate":"https:\/\/biodynamizer.com\/en\/?s={search_term_string}"},"query-input":{"@type":"PropertyValueSpecification","valueRequired":true,"valueName":"search_term_string"}}],"inLanguage":"en-US"}]}},"_links":{"self":[{"href":"https:\/\/biodynamizer.com\/en\/wp-json\/wp\/v2\/pages\/2681","targetHints":{"allow":["GET"]}}],"collection":[{"href":"https:\/\/biodynamizer.com\/en\/wp-json\/wp\/v2\/pages"}],"about":[{"href":"https:\/\/biodynamizer.com\/en\/wp-json\/wp\/v2\/types\/page"}],"author":[{"embeddable":true,"href":"https:\/\/biodynamizer.com\/en\/wp-json\/wp\/v2\/users\/3"}],"replies":[{"embeddable":true,"href":"https:\/\/biodynamizer.com\/en\/wp-json\/wp\/v2\/comments?post=2681"}],"version-history":[{"count":10,"href":"https:\/\/biodynamizer.com\/en\/wp-json\/wp\/v2\/pages\/2681\/revisions"}],"predecessor-version":[{"id":24783,"href":"https:\/\/biodynamizer.com\/en\/wp-json\/wp\/v2\/pages\/2681\/revisions\/24783"}],"up":[{"embeddable":true,"href":"https:\/\/biodynamizer.com\/en\/wp-json\/wp\/v2\/pages\/2906"}],"wp:attachment":[{"href":"https:\/\/biodynamizer.com\/en\/wp-json\/wp\/v2\/media?parent=2681"}],"curies":[{"name":"wp","href":"https:\/\/api.w.org\/{rel}","templated":true}]}}