{"id":2743,"date":"2020-01-28T10:10:45","date_gmt":"2020-01-28T10:10:45","guid":{"rendered":"https:\/\/biodynamizer.spleen-creation.be\/une-eau-biocompatible\/"},"modified":"2025-09-04T09:41:35","modified_gmt":"2025-09-04T09:41:35","slug":"a-water-that-is-biocompatible","status":"publish","type":"page","link":"https:\/\/biodynamizer.com\/en\/the-benefits\/a-water-that-is-biocompatible\/","title":{"rendered":"A biocompatible water"},"content":{"rendered":"<section class=\"l-section wpb_row us_custom_916fdabd height_small\"><div class=\"l-section-h i-cf\"><div class=\"g-cols vc_row via_flex valign_top type_default stacking_default\"><div class=\"vc_col-sm-12 wpb_column vc_column_container\"><div class=\"vc_column-inner\"><div class=\"wpb_wrapper\"><nav class=\"g-breadcrumbs separator_custom align_none\" itemscope itemtype=\"http:\/\/schema.org\/BreadcrumbList\"><div class=\"g-breadcrumbs-item\" itemscope itemprop=\"itemListElement\" itemtype=\"http:\/\/schema.org\/ListItem\"><a itemprop=\"item\" href=\"https:\/\/biodynamizer.com\/en\/\"><span itemprop=\"name\">Home<\/span><\/a><meta itemprop=\"position\" content=\"1\"\/><\/div><div class=\"g-breadcrumbs-separator\">\/<\/div><div class=\"g-breadcrumbs-item\">Pages<\/div><\/nav><\/div><\/div><\/div><\/div><\/div><\/section><section class=\"l-section wpb_row fullheader height_huge with_img\"><div class=\"l-section-img\" role=\"img\" aria-label=\"Fonctionnement des reins\" data-img-width=\"575\" data-img-height=\"575\" style=\"background-image: url(https:\/\/biodynamizer.com\/wp-content\/uploads\/2020\/01\/Mineralen2.png);background-repeat: no-repeat;\"><\/div><div class=\"l-section-h i-cf\"><div class=\"g-cols vc_row via_flex valign_top type_default stacking_default\"><div class=\"vc_col-sm-12 wpb_column vc_column_container has_text_color\"><div class=\"vc_column-inner us_custom_6df4bc3a\"><div class=\"wpb_wrapper\"><div class=\"wpb_text_column\"><div class=\"wpb_wrapper\"><h3>Biocompatible water<\/h3>\n<\/div><\/div><\/div><\/div><\/div><\/div><\/div><\/section><section class=\"l-section wpb_row max500 height_large\"><div class=\"l-section-h i-cf\"><div class=\"g-cols vc_row via_flex valign_top type_default stacking_default\"><div class=\"vc_col-sm-8 wpb_column vc_column_container\"><div class=\"vc_column-inner\"><div class=\"wpb_wrapper\"><div class=\"wpb_text_column\"><div class=\"wpb_wrapper\"><p><strong>Biodynamized water<\/strong> seems to be <strong>more biocompatible<\/strong>:<\/p>\n<ul>\n<li>From an <strong>energetic <\/strong>point of view: dynamized water transmits more energy in the form of photons to our energetic body (see the <span style=\"text-decoration: underline;\"><a href=\"https:\/\/biodynamizer.com\/en\/scientific-analyzes\/la-camera-electrophotonique-de-coramp-solutions\/\">electrophotonic analysis<\/a><\/span> and the <span style=\"text-decoration: underline;\"><a href=\"https:\/\/biodynamizer.com\/en\/scientific-analyzes\/the-expertise-of-electrophotonic-photos%e2%80%8b\/\">expertise<\/a><\/span> of this analysis by Prof. M. Henry)<\/li>\n<li>From a <strong>microbiotic<\/strong> point of view, dynamized water has an inhibiting power on the growth of pathogenic bacteria of the intestinal microbiota (see <span style=\"text-decoration: underline;\"><a href=\"https:\/\/biodynamizer.com\/en\/scientific-analyzes\/the-microtoxo-test-microbiology-observes-a-significantly-greater-microbiotic-biocompatibility-with-dynamized-water%e2%80%8b\/\">microtoxo analysis<\/a><\/span>)<\/li>\n<li>From a <strong>metabolic<\/strong> point of view:\n<ul>\n<li>biodynamized water should promote cellular nutrition and the detoxification of metabolic waste (see on this subject the section <span style=\"text-decoration: underline;\"><a href=\"https:\/\/biodynamizer.com\/en\/water\/#voltage\">membrane voltage<\/a><\/span> and the influence of <span style=\"text-decoration: underline;\"><a href=\"https:\/\/biodynamizer.com\/en\/water\/magnetism-and-water\/\">magnetism on water<\/a><\/span>)<\/li>\n<li>because the elimination of inorganic minerals should be done via the intestines rather than via the kidneys (without overloading them) due to their transformation into colloidal form (see on this subject the <span style=\"text-decoration: underline;\"><a href=\"https:\/\/biodynamizer.com\/en\/scientific-analyzes\/bev-analysis-bio-electronique-of-vincent-observes-the-antioxidant-nature-of-dynamized-water\/\">BEV analysis<\/a><\/span> and the <span style=\"text-decoration: underline;\"><a href=\"https:\/\/biodynamizer.com\/en\/our-solutions\/the-biodynamizer\/removal-of-minerals\/\">mineral restructuring<\/a><\/span> section)<\/li>\n<li>Dynamization improves the diffusion of oxygen in the body by <a href=\"https:\/\/biodynamizer.com\/en\/scientific-analyzes\/lanalyse-de-sang\/\">unstacking the rolls of red blood cells<\/a>!<\/li>\n<\/ul>\n<\/li>\n<li>From a <strong>physiological<\/strong> point of view:\n<ul>\n<li>biodynamization very significantly reduces water oxidation (see <span style=\"text-decoration: underline;\"><a href=\"https:\/\/biodynamizer.com\/en\/scientific-analyzes\/bev-analysis-bio-electronique-of-vincent-observes-the-antioxidant-nature-of-dynamized-water\/\">BEV analysis<\/a><\/span>)<\/li>\n<li>biodynamized water should be much more hydrating for the cells (see the analysis on the <span style=\"text-decoration: underline;\"><a href=\"https:\/\/biodynamizer.com\/en\/scientific-analyzes\/surface-tension\/\">surface tension<\/a><\/span> of dynamized water)<\/li>\n<\/ul>\n<\/li>\n<\/ul>\n<\/div><\/div><\/div><\/div><\/div><div class=\"vc_col-sm-4 wpb_column vc_column_container\"><div class=\"vc_column-inner\"><div class=\"wpb_wrapper\"><div class=\"w-image align_center\"><div class=\"w-image-h\"><img decoding=\"async\" width=\"2560\" height=\"2560\" src=\"https:\/\/biodynamizer.com\/wp-content\/uploads\/2023\/06\/Depositphotos_58733167_xl-2015-scaled.jpg\" class=\"attachment-full size-full\" alt=\"Sch\u00e9ma du syst\u00e8me urinaire f\u00e9minin avec les organes du corps humain.\" loading=\"lazy\" srcset=\"https:\/\/biodynamizer.com\/wp-content\/uploads\/2023\/06\/Depositphotos_58733167_xl-2015-scaled.jpg 2560w, https:\/\/biodynamizer.com\/wp-content\/uploads\/2023\/06\/Depositphotos_58733167_xl-2015-300x300.jpg 300w, https:\/\/biodynamizer.com\/wp-content\/uploads\/2023\/06\/Depositphotos_58733167_xl-2015-1024x1024.jpg 1024w, https:\/\/biodynamizer.com\/wp-content\/uploads\/2023\/06\/Depositphotos_58733167_xl-2015-150x150.jpg 150w, https:\/\/biodynamizer.com\/wp-content\/uploads\/2023\/06\/Depositphotos_58733167_xl-2015-600x600.jpg 600w, https:\/\/biodynamizer.com\/wp-content\/uploads\/2023\/06\/Depositphotos_58733167_xl-2015-350x350.jpg 350w, https:\/\/biodynamizer.com\/wp-content\/uploads\/2023\/06\/Depositphotos_58733167_xl-2015-400x400.jpg 400w, https:\/\/biodynamizer.com\/wp-content\/uploads\/2023\/06\/Depositphotos_58733167_xl-2015-200x200.jpg 200w\" sizes=\"auto, (max-width: 2560px) 100vw, 2560px\" \/><\/div><\/div><div class=\"w-separator size_medium\"><\/div><div class=\"w-image align_center\"><div class=\"w-image-h\"><img decoding=\"async\" width=\"703\" height=\"613\" src=\"https:\/\/biodynamizer.com\/wp-content\/uploads\/2023\/06\/Hydratation-web.png\" class=\"attachment-full size-full\" alt=\"une femme sourit avec ses mains sur le visage\" loading=\"lazy\" srcset=\"https:\/\/biodynamizer.com\/wp-content\/uploads\/2023\/06\/Hydratation-web.png 703w, https:\/\/biodynamizer.com\/wp-content\/uploads\/2023\/06\/Hydratation-web-300x262.png 300w, https:\/\/biodynamizer.com\/wp-content\/uploads\/2023\/06\/Hydratation-web-459x400.png 459w\" sizes=\"auto, (max-width: 703px) 100vw, 703px\" \/><\/div><\/div><\/div><\/div><\/div><\/div><\/div><\/section><section class=\"l-section wpb_row height_medium\"><div class=\"l-section-h i-cf\"><div class=\"g-cols vc_row via_flex valign_top type_default stacking_default\"><div class=\"vc_col-sm-12 wpb_column vc_column_container\"><div class=\"vc_column-inner\"><div class=\"wpb_wrapper\"><\/div><\/div><\/div><\/div><\/div><\/section>\n","protected":false},"excerpt":{"rendered":"Home\/PagesBiocompatible water Biodynamized water seems to be more biocompatible: From an energetic point of view: dynamized water transmits more energy in the form of photons to our energetic body (see the electrophotonic analysis and the expertise of this analysis by Prof. M. Henry) From a microbiotic point of view, dynamized water has an inhibiting power...","protected":false},"author":3,"featured_media":0,"parent":2911,"menu_order":4,"comment_status":"closed","ping_status":"closed","template":"","meta":{"_monsterinsights_skip_tracking":false,"_monsterinsights_sitenote_active":false,"_monsterinsights_sitenote_note":"","_monsterinsights_sitenote_category":0,"footnotes":""},"class_list":["post-2743","page","type-page","status-publish","hentry"],"yoast_head":"<!-- This site is optimized with the Yoast SEO plugin v27.4 - https:\/\/yoast.com\/product\/yoast-seo-wordpress\/ -->\n<title>A biocompatible water - Biodynamizer<\/title>\n<meta name=\"description\" content=\"Biodynamizer - A biocompatible water - En savoir plus sur le biodynamizer et le biofiltre\" \/>\n<meta name=\"robots\" content=\"index, follow, max-snippet:-1, max-image-preview:large, max-video-preview:-1\" \/>\n<link rel=\"canonical\" href=\"https:\/\/biodynamizer.com\/en\/the-benefits\/a-water-that-is-biocompatible\/\" \/>\n<meta property=\"og:locale\" content=\"en_US\" \/>\n<meta property=\"og:type\" content=\"article\" \/>\n<meta property=\"og:title\" content=\"A biocompatible water - Biodynamizer\" \/>\n<meta property=\"og:description\" content=\"Biodynamizer - A biocompatible water - En savoir plus sur le biodynamizer et le biofiltre\" \/>\n<meta property=\"og:url\" content=\"https:\/\/biodynamizer.com\/en\/the-benefits\/a-water-that-is-biocompatible\/\" \/>\n<meta property=\"og:site_name\" content=\"Biodynamizer\" \/>\n<meta property=\"article:modified_time\" content=\"2025-09-04T09:41:35+00:00\" \/>\n<meta property=\"og:image\" content=\"https:\/\/biodynamizer.com\/wp-content\/uploads\/2019\/11\/Depositphotos_15742931_xl-2015.jpg\" \/>\n\t<meta property=\"og:image:width\" content=\"2000\" \/>\n\t<meta property=\"og:image:height\" content=\"1333\" \/>\n\t<meta property=\"og:image:type\" content=\"image\/jpeg\" \/>\n<meta name=\"twitter:card\" content=\"summary_large_image\" \/>\n<meta name=\"twitter:label1\" content=\"Est. reading time\" \/>\n\t<meta name=\"twitter:data1\" content=\"2 minutes\" \/>\n<script type=\"application\/ld+json\" class=\"yoast-schema-graph\">{\"@context\":\"https:\\\/\\\/schema.org\",\"@graph\":[{\"@type\":\"WebPage\",\"@id\":\"https:\\\/\\\/biodynamizer.com\\\/en\\\/the-benefits\\\/a-water-that-is-biocompatible\\\/\",\"url\":\"https:\\\/\\\/biodynamizer.com\\\/en\\\/the-benefits\\\/a-water-that-is-biocompatible\\\/\",\"name\":\"A biocompatible water - Biodynamizer\",\"isPartOf\":{\"@id\":\"https:\\\/\\\/biodynamizer.com\\\/en\\\/#website\"},\"datePublished\":\"2020-01-28T10:10:45+00:00\",\"dateModified\":\"2025-09-04T09:41:35+00:00\",\"description\":\"Biodynamizer - A biocompatible water - En savoir plus sur le biodynamizer et le biofiltre\",\"breadcrumb\":{\"@id\":\"https:\\\/\\\/biodynamizer.com\\\/en\\\/the-benefits\\\/a-water-that-is-biocompatible\\\/#breadcrumb\"},\"inLanguage\":\"en-US\",\"potentialAction\":[{\"@type\":\"ReadAction\",\"target\":[\"https:\\\/\\\/biodynamizer.com\\\/en\\\/the-benefits\\\/a-water-that-is-biocompatible\\\/\"]}]},{\"@type\":\"BreadcrumbList\",\"@id\":\"https:\\\/\\\/biodynamizer.com\\\/en\\\/the-benefits\\\/a-water-that-is-biocompatible\\\/#breadcrumb\",\"itemListElement\":[{\"@type\":\"ListItem\",\"position\":1,\"name\":\"Home\",\"item\":\"https:\\\/\\\/biodynamizer.com\\\/en\\\/\"},{\"@type\":\"ListItem\",\"position\":2,\"name\":\"The benefits\",\"item\":\"https:\\\/\\\/biodynamizer.com\\\/en\\\/the-benefits\\\/\"},{\"@type\":\"ListItem\",\"position\":3,\"name\":\"A biocompatible water\"}]},{\"@type\":\"WebSite\",\"@id\":\"https:\\\/\\\/biodynamizer.com\\\/en\\\/#website\",\"url\":\"https:\\\/\\\/biodynamizer.com\\\/en\\\/\",\"name\":\"Biodynamizer\",\"description\":\"Filtrez et dynamisez votre eau\",\"potentialAction\":[{\"@type\":\"SearchAction\",\"target\":{\"@type\":\"EntryPoint\",\"urlTemplate\":\"https:\\\/\\\/biodynamizer.com\\\/en\\\/?s={search_term_string}\"},\"query-input\":{\"@type\":\"PropertyValueSpecification\",\"valueRequired\":true,\"valueName\":\"search_term_string\"}}],\"inLanguage\":\"en-US\"}]}<\/script>\n<!-- \/ Yoast SEO plugin. -->","yoast_head_json":{"title":"A biocompatible water - Biodynamizer","description":"Biodynamizer - A biocompatible water - En savoir plus sur le biodynamizer et le biofiltre","robots":{"index":"index","follow":"follow","max-snippet":"max-snippet:-1","max-image-preview":"max-image-preview:large","max-video-preview":"max-video-preview:-1"},"canonical":"https:\/\/biodynamizer.com\/en\/the-benefits\/a-water-that-is-biocompatible\/","og_locale":"en_US","og_type":"article","og_title":"A biocompatible water - Biodynamizer","og_description":"Biodynamizer - A biocompatible water - En savoir plus sur le biodynamizer et le biofiltre","og_url":"https:\/\/biodynamizer.com\/en\/the-benefits\/a-water-that-is-biocompatible\/","og_site_name":"Biodynamizer","article_modified_time":"2025-09-04T09:41:35+00:00","og_image":[{"width":2000,"height":1333,"url":"https:\/\/biodynamizer.com\/wp-content\/uploads\/2019\/11\/Depositphotos_15742931_xl-2015.jpg","type":"image\/jpeg"}],"twitter_card":"summary_large_image","twitter_misc":{"Est. reading time":"2 minutes"},"schema":{"@context":"https:\/\/schema.org","@graph":[{"@type":"WebPage","@id":"https:\/\/biodynamizer.com\/en\/the-benefits\/a-water-that-is-biocompatible\/","url":"https:\/\/biodynamizer.com\/en\/the-benefits\/a-water-that-is-biocompatible\/","name":"A biocompatible water - Biodynamizer","isPartOf":{"@id":"https:\/\/biodynamizer.com\/en\/#website"},"datePublished":"2020-01-28T10:10:45+00:00","dateModified":"2025-09-04T09:41:35+00:00","description":"Biodynamizer - A biocompatible water - En savoir plus sur le biodynamizer et le biofiltre","breadcrumb":{"@id":"https:\/\/biodynamizer.com\/en\/the-benefits\/a-water-that-is-biocompatible\/#breadcrumb"},"inLanguage":"en-US","potentialAction":[{"@type":"ReadAction","target":["https:\/\/biodynamizer.com\/en\/the-benefits\/a-water-that-is-biocompatible\/"]}]},{"@type":"BreadcrumbList","@id":"https:\/\/biodynamizer.com\/en\/the-benefits\/a-water-that-is-biocompatible\/#breadcrumb","itemListElement":[{"@type":"ListItem","position":1,"name":"Home","item":"https:\/\/biodynamizer.com\/en\/"},{"@type":"ListItem","position":2,"name":"The benefits","item":"https:\/\/biodynamizer.com\/en\/the-benefits\/"},{"@type":"ListItem","position":3,"name":"A biocompatible water"}]},{"@type":"WebSite","@id":"https:\/\/biodynamizer.com\/en\/#website","url":"https:\/\/biodynamizer.com\/en\/","name":"Biodynamizer","description":"Filtrez et dynamisez votre eau","potentialAction":[{"@type":"SearchAction","target":{"@type":"EntryPoint","urlTemplate":"https:\/\/biodynamizer.com\/en\/?s={search_term_string}"},"query-input":{"@type":"PropertyValueSpecification","valueRequired":true,"valueName":"search_term_string"}}],"inLanguage":"en-US"}]}},"_links":{"self":[{"href":"https:\/\/biodynamizer.com\/en\/wp-json\/wp\/v2\/pages\/2743","targetHints":{"allow":["GET"]}}],"collection":[{"href":"https:\/\/biodynamizer.com\/en\/wp-json\/wp\/v2\/pages"}],"about":[{"href":"https:\/\/biodynamizer.com\/en\/wp-json\/wp\/v2\/types\/page"}],"author":[{"embeddable":true,"href":"https:\/\/biodynamizer.com\/en\/wp-json\/wp\/v2\/users\/3"}],"replies":[{"embeddable":true,"href":"https:\/\/biodynamizer.com\/en\/wp-json\/wp\/v2\/comments?post=2743"}],"version-history":[{"count":37,"href":"https:\/\/biodynamizer.com\/en\/wp-json\/wp\/v2\/pages\/2743\/revisions"}],"predecessor-version":[{"id":28774,"href":"https:\/\/biodynamizer.com\/en\/wp-json\/wp\/v2\/pages\/2743\/revisions\/28774"}],"up":[{"embeddable":true,"href":"https:\/\/biodynamizer.com\/en\/wp-json\/wp\/v2\/pages\/2911"}],"wp:attachment":[{"href":"https:\/\/biodynamizer.com\/en\/wp-json\/wp\/v2\/media?parent=2743"}],"curies":[{"name":"wp","href":"https:\/\/api.w.org\/{rel}","templated":true}]}}