{"id":2748,"date":"2020-01-28T10:22:21","date_gmt":"2020-01-28T10:22:21","guid":{"rendered":"https:\/\/biodynamizer.spleen-creation.be\/une-solution-economique\/"},"modified":"2025-05-12T13:46:41","modified_gmt":"2025-05-12T13:46:41","slug":"an-economical-solution","status":"publish","type":"page","link":"https:\/\/biodynamizer.com\/en\/the-benefits\/an-economical-solution\/","title":{"rendered":"An economical solution!"},"content":{"rendered":"<section class=\"l-section wpb_row us_custom_916fdabd height_small\"><div class=\"l-section-h i-cf\"><div class=\"g-cols vc_row via_flex valign_top type_default stacking_default\"><div class=\"vc_col-sm-12 wpb_column vc_column_container\"><div class=\"vc_column-inner\"><div class=\"wpb_wrapper\"><nav class=\"g-breadcrumbs separator_custom align_none\" itemscope itemtype=\"http:\/\/schema.org\/BreadcrumbList\"><div class=\"g-breadcrumbs-item\" itemscope itemprop=\"itemListElement\" itemtype=\"http:\/\/schema.org\/ListItem\"><a itemprop=\"item\" href=\"https:\/\/biodynamizer.com\/en\/\"><span itemprop=\"name\">Home<\/span><\/a><meta itemprop=\"position\" content=\"1\"\/><\/div><div class=\"g-breadcrumbs-separator\">\/<\/div><div class=\"g-breadcrumbs-item\">Pages<\/div><\/nav><\/div><\/div><\/div><\/div><\/div><\/section><section class=\"l-section wpb_row max500 height_large width_full\"><div class=\"l-section-h i-cf\"><div class=\"g-cols vc_row via_flex valign_top type_default stacking_default\"><div class=\"vc_col-sm-6 wpb_column vc_column_container tekstsideblock\"><div class=\"vc_column-inner\"><div class=\"wpb_wrapper\"><div class=\"wpb_text_column\"><div class=\"wpb_wrapper\"><h2 data-ccp-props=\"{&quot;335551550&quot;:6,&quot;335551620&quot;:6,&quot;335559683&quot;:0,&quot;335559685&quot;:0,&quot;335559731&quot;:0,&quot;335559737&quot;:0,&quot;335562764&quot;:2,&quot;335562765&quot;:0.9,&quot;335562766&quot;:4,&quot;335562767&quot;:10,&quot;335562768&quot;:4,&quot;335562769&quot;:0}\">An economical solution!\u200b<\/h2>\n<ul>\n<li>Significant savings are made on bottled water purchases. Indeed tap water (which will be filtered &amp; dynamized) <strong>costs 150 times less<\/strong> (~ \u20ac 0.004 \/ L) than bottled water (~ \u20ac 0.60 \/ L)! With this argument, by replacing the bottles with the Biofiltre + Biodynamizer package, a family of 5 people will save more than \u20ac 1,000 \/ year. These devices are therefore reimbursed in less than 4 years!\u200b<\/li>\n<li>The Biodynamizer requires no maintenance and therefore does not generate any additional costs. However, it is necessary to change the cartridge of the Biofilter every year at least (depending on your consumption).\u200b<\/li>\n<\/ul>\n<\/div><\/div><div class=\"w-image align_none\"><div class=\"w-image-h\"><img decoding=\"async\" width=\"1024\" height=\"300\" src=\"https:\/\/biodynamizer.com\/wp-content\/uploads\/2025\/05\/Savings-dynamized-water-EN-1024x300.png\" class=\"attachment-large size-large\" alt=\"Infographie ou illustration montrant les \u00e9conomies r\u00e9alis\u00e9es gr\u00e2ce \u00e0 l\u2019utilisation d\u2019eau dynamis\u00e9e, avec un accent sur l\u2019efficacit\u00e9 et les b\u00e9n\u00e9fices environnementaux.\" loading=\"lazy\" srcset=\"https:\/\/biodynamizer.com\/wp-content\/uploads\/2025\/05\/Savings-dynamized-water-EN-1024x300.png 1024w, https:\/\/biodynamizer.com\/wp-content\/uploads\/2025\/05\/Savings-dynamized-water-EN-300x88.png 300w, https:\/\/biodynamizer.com\/wp-content\/uploads\/2025\/05\/Savings-dynamized-water-EN-600x176.png 600w, https:\/\/biodynamizer.com\/wp-content\/uploads\/2025\/05\/Savings-dynamized-water-EN-640x187.png 640w, https:\/\/biodynamizer.com\/wp-content\/uploads\/2025\/05\/Savings-dynamized-water-EN.png 1600w\" sizes=\"auto, (max-width: 1024px) 100vw, 1024px\" \/><\/div><\/div><\/div><\/div><\/div><div class=\"vc_col-sm-6 wpb_column vc_column_container\"><div class=\"vc_column-inner\"><div class=\"wpb_wrapper\"><div class=\"w-image align_left\"><div class=\"w-image-h\"><img decoding=\"async\" width=\"910\" height=\"727\" src=\"https:\/\/biodynamizer.com\/wp-content\/uploads\/2020\/01\/bienfaits7.png\" class=\"attachment-large size-large\" alt=\"robinet qui fais couler des pi\u00e8ces de monnaie\" loading=\"lazy\" srcset=\"https:\/\/biodynamizer.com\/wp-content\/uploads\/2020\/01\/bienfaits7.png 910w, https:\/\/biodynamizer.com\/wp-content\/uploads\/2020\/01\/bienfaits7-300x240.png 300w\" sizes=\"auto, (max-width: 910px) 100vw, 910px\" \/><\/div><\/div><\/div><\/div><\/div><\/div><\/div><\/section>\n","protected":false},"excerpt":{"rendered":"Home\/PagesAn economical solution!\u200b Significant savings are made on bottled water purchases. Indeed tap water (which will be filtered &amp; dynamized) costs 150 times less (~ \u20ac 0.004 \/ L) than bottled water (~ \u20ac 0.60 \/ L)! With this argument, by replacing the bottles with the Biofiltre + Biodynamizer package, a family of 5 people...","protected":false},"author":3,"featured_media":0,"parent":2911,"menu_order":5,"comment_status":"closed","ping_status":"closed","template":"","meta":{"_monsterinsights_skip_tracking":false,"_monsterinsights_sitenote_active":false,"_monsterinsights_sitenote_note":"","_monsterinsights_sitenote_category":0,"footnotes":""},"class_list":["post-2748","page","type-page","status-publish","hentry"],"yoast_head":"<!-- This site is optimized with the Yoast SEO plugin v27.5 - https:\/\/yoast.com\/product\/yoast-seo-wordpress\/ -->\n<title>An economical solution! - Biodynamizer<\/title>\n<meta name=\"description\" content=\"Biodynamizer - An economical solution! - En savoir plus sur le biodynamizer et le biofiltre\" \/>\n<meta name=\"robots\" content=\"index, follow, max-snippet:-1, max-image-preview:large, max-video-preview:-1\" \/>\n<link rel=\"canonical\" href=\"https:\/\/biodynamizer.com\/en\/the-benefits\/an-economical-solution\/\" \/>\n<meta property=\"og:locale\" content=\"en_US\" \/>\n<meta property=\"og:type\" content=\"article\" \/>\n<meta property=\"og:title\" content=\"An economical solution! - Biodynamizer\" \/>\n<meta property=\"og:description\" content=\"Biodynamizer - An economical solution! - En savoir plus sur le biodynamizer et le biofiltre\" \/>\n<meta property=\"og:url\" content=\"https:\/\/biodynamizer.com\/en\/the-benefits\/an-economical-solution\/\" \/>\n<meta property=\"og:site_name\" content=\"Biodynamizer\" \/>\n<meta property=\"article:modified_time\" content=\"2025-05-12T13:46:41+00:00\" \/>\n<meta property=\"og:image\" content=\"https:\/\/biodynamizer.com\/wp-content\/uploads\/2019\/11\/Depositphotos_15742931_xl-2015.jpg\" \/>\n\t<meta property=\"og:image:width\" content=\"2000\" \/>\n\t<meta property=\"og:image:height\" content=\"1333\" \/>\n\t<meta property=\"og:image:type\" content=\"image\/jpeg\" \/>\n<meta name=\"twitter:card\" content=\"summary_large_image\" \/>\n<meta name=\"twitter:label1\" content=\"Est. reading time\" \/>\n\t<meta name=\"twitter:data1\" content=\"1 minute\" \/>\n<script type=\"application\/ld+json\" class=\"yoast-schema-graph\">{\"@context\":\"https:\\\/\\\/schema.org\",\"@graph\":[{\"@type\":\"WebPage\",\"@id\":\"https:\\\/\\\/biodynamizer.com\\\/en\\\/the-benefits\\\/an-economical-solution\\\/\",\"url\":\"https:\\\/\\\/biodynamizer.com\\\/en\\\/the-benefits\\\/an-economical-solution\\\/\",\"name\":\"An economical solution! - Biodynamizer\",\"isPartOf\":{\"@id\":\"https:\\\/\\\/biodynamizer.com\\\/en\\\/#website\"},\"datePublished\":\"2020-01-28T10:22:21+00:00\",\"dateModified\":\"2025-05-12T13:46:41+00:00\",\"description\":\"Biodynamizer - An economical solution! - En savoir plus sur le biodynamizer et le biofiltre\",\"breadcrumb\":{\"@id\":\"https:\\\/\\\/biodynamizer.com\\\/en\\\/the-benefits\\\/an-economical-solution\\\/#breadcrumb\"},\"inLanguage\":\"en-US\",\"potentialAction\":[{\"@type\":\"ReadAction\",\"target\":[\"https:\\\/\\\/biodynamizer.com\\\/en\\\/the-benefits\\\/an-economical-solution\\\/\"]}]},{\"@type\":\"BreadcrumbList\",\"@id\":\"https:\\\/\\\/biodynamizer.com\\\/en\\\/the-benefits\\\/an-economical-solution\\\/#breadcrumb\",\"itemListElement\":[{\"@type\":\"ListItem\",\"position\":1,\"name\":\"Home\",\"item\":\"https:\\\/\\\/biodynamizer.com\\\/en\\\/\"},{\"@type\":\"ListItem\",\"position\":2,\"name\":\"The benefits\",\"item\":\"https:\\\/\\\/biodynamizer.com\\\/en\\\/the-benefits\\\/\"},{\"@type\":\"ListItem\",\"position\":3,\"name\":\"An economical solution!\"}]},{\"@type\":\"WebSite\",\"@id\":\"https:\\\/\\\/biodynamizer.com\\\/en\\\/#website\",\"url\":\"https:\\\/\\\/biodynamizer.com\\\/en\\\/\",\"name\":\"Biodynamizer\",\"description\":\"Filtrez et dynamisez votre eau\",\"potentialAction\":[{\"@type\":\"SearchAction\",\"target\":{\"@type\":\"EntryPoint\",\"urlTemplate\":\"https:\\\/\\\/biodynamizer.com\\\/en\\\/?s={search_term_string}\"},\"query-input\":{\"@type\":\"PropertyValueSpecification\",\"valueRequired\":true,\"valueName\":\"search_term_string\"}}],\"inLanguage\":\"en-US\"}]}<\/script>\n<!-- \/ Yoast SEO plugin. -->","yoast_head_json":{"title":"An economical solution! - Biodynamizer","description":"Biodynamizer - An economical solution! - En savoir plus sur le biodynamizer et le biofiltre","robots":{"index":"index","follow":"follow","max-snippet":"max-snippet:-1","max-image-preview":"max-image-preview:large","max-video-preview":"max-video-preview:-1"},"canonical":"https:\/\/biodynamizer.com\/en\/the-benefits\/an-economical-solution\/","og_locale":"en_US","og_type":"article","og_title":"An economical solution! - Biodynamizer","og_description":"Biodynamizer - An economical solution! - En savoir plus sur le biodynamizer et le biofiltre","og_url":"https:\/\/biodynamizer.com\/en\/the-benefits\/an-economical-solution\/","og_site_name":"Biodynamizer","article_modified_time":"2025-05-12T13:46:41+00:00","og_image":[{"width":2000,"height":1333,"url":"https:\/\/biodynamizer.com\/wp-content\/uploads\/2019\/11\/Depositphotos_15742931_xl-2015.jpg","type":"image\/jpeg"}],"twitter_card":"summary_large_image","twitter_misc":{"Est. reading time":"1 minute"},"schema":{"@context":"https:\/\/schema.org","@graph":[{"@type":"WebPage","@id":"https:\/\/biodynamizer.com\/en\/the-benefits\/an-economical-solution\/","url":"https:\/\/biodynamizer.com\/en\/the-benefits\/an-economical-solution\/","name":"An economical solution! - Biodynamizer","isPartOf":{"@id":"https:\/\/biodynamizer.com\/en\/#website"},"datePublished":"2020-01-28T10:22:21+00:00","dateModified":"2025-05-12T13:46:41+00:00","description":"Biodynamizer - An economical solution! - En savoir plus sur le biodynamizer et le biofiltre","breadcrumb":{"@id":"https:\/\/biodynamizer.com\/en\/the-benefits\/an-economical-solution\/#breadcrumb"},"inLanguage":"en-US","potentialAction":[{"@type":"ReadAction","target":["https:\/\/biodynamizer.com\/en\/the-benefits\/an-economical-solution\/"]}]},{"@type":"BreadcrumbList","@id":"https:\/\/biodynamizer.com\/en\/the-benefits\/an-economical-solution\/#breadcrumb","itemListElement":[{"@type":"ListItem","position":1,"name":"Home","item":"https:\/\/biodynamizer.com\/en\/"},{"@type":"ListItem","position":2,"name":"The benefits","item":"https:\/\/biodynamizer.com\/en\/the-benefits\/"},{"@type":"ListItem","position":3,"name":"An economical solution!"}]},{"@type":"WebSite","@id":"https:\/\/biodynamizer.com\/en\/#website","url":"https:\/\/biodynamizer.com\/en\/","name":"Biodynamizer","description":"Filtrez et dynamisez votre eau","potentialAction":[{"@type":"SearchAction","target":{"@type":"EntryPoint","urlTemplate":"https:\/\/biodynamizer.com\/en\/?s={search_term_string}"},"query-input":{"@type":"PropertyValueSpecification","valueRequired":true,"valueName":"search_term_string"}}],"inLanguage":"en-US"}]}},"_links":{"self":[{"href":"https:\/\/biodynamizer.com\/en\/wp-json\/wp\/v2\/pages\/2748","targetHints":{"allow":["GET"]}}],"collection":[{"href":"https:\/\/biodynamizer.com\/en\/wp-json\/wp\/v2\/pages"}],"about":[{"href":"https:\/\/biodynamizer.com\/en\/wp-json\/wp\/v2\/types\/page"}],"author":[{"embeddable":true,"href":"https:\/\/biodynamizer.com\/en\/wp-json\/wp\/v2\/users\/3"}],"replies":[{"embeddable":true,"href":"https:\/\/biodynamizer.com\/en\/wp-json\/wp\/v2\/comments?post=2748"}],"version-history":[{"count":16,"href":"https:\/\/biodynamizer.com\/en\/wp-json\/wp\/v2\/pages\/2748\/revisions"}],"predecessor-version":[{"id":27100,"href":"https:\/\/biodynamizer.com\/en\/wp-json\/wp\/v2\/pages\/2748\/revisions\/27100"}],"up":[{"embeddable":true,"href":"https:\/\/biodynamizer.com\/en\/wp-json\/wp\/v2\/pages\/2911"}],"wp:attachment":[{"href":"https:\/\/biodynamizer.com\/en\/wp-json\/wp\/v2\/media?parent=2748"}],"curies":[{"name":"wp","href":"https:\/\/api.w.org\/{rel}","templated":true}]}}