{"id":4751,"date":"2020-07-06T15:08:33","date_gmt":"2020-07-06T15:08:33","guid":{"rendered":"https:\/\/biodynamizer.spleen-creation.be\/?page_id=4751"},"modified":"2025-07-09T13:21:50","modified_gmt":"2025-07-09T13:21:50","slug":"hydrating-water","status":"publish","type":"page","link":"https:\/\/biodynamizer.com\/en\/the-benefits\/hydrating-water\/","title":{"rendered":"more hydrating and less oxidized water"},"content":{"rendered":"<section class=\"l-section wpb_row us_custom_916fdabd height_small\"><div class=\"l-section-h i-cf\"><div class=\"g-cols vc_row via_flex valign_top type_default stacking_default\"><div class=\"vc_col-sm-12 wpb_column vc_column_container\"><div class=\"vc_column-inner\"><div class=\"wpb_wrapper\"><nav class=\"g-breadcrumbs separator_custom align_none\" itemscope itemtype=\"http:\/\/schema.org\/BreadcrumbList\"><div class=\"g-breadcrumbs-item\" itemscope itemprop=\"itemListElement\" itemtype=\"http:\/\/schema.org\/ListItem\"><a itemprop=\"item\" href=\"https:\/\/biodynamizer.com\/en\/\"><span itemprop=\"name\">Home<\/span><\/a><meta itemprop=\"position\" content=\"1\"\/><\/div><div class=\"g-breadcrumbs-separator\">\/<\/div><div class=\"g-breadcrumbs-item\">Pages<\/div><\/nav><\/div><\/div><\/div><\/div><\/div><\/section><section class=\"l-section wpb_row max500 height_auto width_full\"><div class=\"l-section-h i-cf\"><div class=\"g-cols vc_row via_flex valign_top type_default reversed stacking_default\"><div class=\"vc_col-sm-6 wpb_column vc_column_container tekstsideblock\"><div class=\"vc_column-inner\"><div class=\"wpb_wrapper\"><div class=\"w-separator size_medium\"><\/div><div class=\"w-image align_center\"><div class=\"w-image-h\"><img decoding=\"async\" width=\"600\" height=\"400\" src=\"https:\/\/biodynamizer.com\/wp-content\/uploads\/2024\/07\/Depositphotos_95016836_xl-2015-600x400.jpg\" class=\"attachment-us_600_400_crop size-us_600_400_crop\" alt=\"Jeune femme avec le visage et les mains au-dessus d\u2019\u00e9claboussures d\u2019eau, illustrant les soins de la peau, l\u2019hydratation et la sant\u00e9.\" loading=\"lazy\" \/><\/div><\/div><div class=\"w-separator size_medium\"><\/div><div class=\"w-image align_center\"><div class=\"w-image-h\"><img decoding=\"async\" width=\"600\" height=\"400\" src=\"https:\/\/biodynamizer.com\/wp-content\/uploads\/2024\/05\/Depositphotos_55901251_XL-1-600x400.jpg\" class=\"attachment-us_600_400_crop size-us_600_400_crop\" alt=\"Concept de beaut\u00e9 illustrant le rajeunissement de la peau du visage, avec des proc\u00e9dures anti-\u00e2ge, lifting, raffermissement et r\u00e9duction des rides.\" loading=\"lazy\" srcset=\"https:\/\/biodynamizer.com\/wp-content\/uploads\/2024\/05\/Depositphotos_55901251_XL-1-600x400.jpg 600w, https:\/\/biodynamizer.com\/wp-content\/uploads\/2024\/05\/Depositphotos_55901251_XL-1-300x199.jpg 300w\" sizes=\"auto, (max-width: 600px) 100vw, 600px\" \/><\/div><\/div><\/div><\/div><\/div><div class=\"vc_col-sm-6 wpb_column vc_column_container imagesideblock\"><div class=\"vc_column-inner\"><div class=\"wpb_wrapper\"><div class=\"wpb_text_column\"><div class=\"wpb_wrapper\"><h2><span style=\"text-decoration: underline;\"><a href=\"https:\/\/biodynamizer.com\/en\/water\/#hydratation\"><span class=\"TextRun MacChromeBold Underlined SCXP72492271 BCX0\" lang=\"FR-FR\" xml:lang=\"FR-FR\" data-scheme-color=\"@000000,,\" data-usefontface=\"true\" data-contrast=\"none\"><span class=\"SpellingError SCXP72492271 BCX0\">More hydrating<\/span><\/span><\/a><\/span><span class=\"TextRun SCXP72492271 BCX0\" lang=\"FR-FR\" xml:lang=\"FR-FR\" data-scheme-color=\"@000000,,\" data-usefontface=\"true\" data-contrast=\"none\"><span class=\"NormalTextRun SCXP72492271 BCX0\"> and <a href=\"https:\/\/biodynamizer.com\/en\/scientific-analyzes\/bev-analysis-bio-electronique-of-vincent-observes-the-antioxidant-nature-of-dynamized-water\/\" target=\"_blank\" rel=\"noopener noreferrer\"><span style=\"text-decoration: underline;\">much less oxidized<\/span><\/a>\u00a0water<\/span><\/span><span class=\"EOP SCXP72492271 BCX0\">\u200b<\/span><\/h2>\n<\/div><\/div><div class=\"wpb_text_column\"><div class=\"wpb_wrapper\"><ul>\n<li>Biodynamized water that is drunk has a lower <span class=\"TextRun BCX0 SCXP49273948\" lang=\"FR-FR\" xml:lang=\"FR-FR\" data-scheme-color=\"@000000,,\" data-usefontface=\"true\" data-contrast=\"none\"><span class=\"SpellingError BCX0 SCXP49273948\"><a href=\"\/en\/scientific-analyzes\/la-camera-electrophotonique-de-coramp-solutions\/#surfacetension\"><strong><span style=\"text-decoration: underline;\">surface tension<\/span><\/strong><\/a><\/span><\/span> what should make it more hydrating for our cells! She has a &#8220;<i>more wetting<\/i>&#8221; power which optimizes the penetration of water into the cells (via the aquaporins) and in particular allows the correct elimination of toxins, which is absolutely not the case of water with high surface tension which will dehydrate cells and cause them to age prematurely. &#8220;<i>If the nutrients cannot enter the cells because of the high surface tension of the water, then the cells become dehydrated and die from the accumulation of their own wastes<\/i>&#8221; Nobel Prize winner Alexis Carrel.<\/li>\n<li>It is interesting to know that water is not directly hydrating for the skin! Indeed, the epidermis constitutes a barrier which is protected by the famous &#8220;hydrolipidic film&#8221; which prevents water from entering your body.<\/li>\n<li>However, when tap water is not filtered, it contains polluting substances, which can then enter the body! This is how chlorination residues present in tap water are absorbed during baths or showers through the skin or by inhalation. This way represents 70% of this type of contamination! The remaining 30% is done by drinking it. The filtered and dynamized water protects you from this type of contamination!<\/li>\n<li><span class=\"EOP BCX0 SCXP49273948\">\u200bBiod<\/span>ynamized water reduces very significantly the <a href=\"https:\/\/biodynamizer.com\/en\/scientific-analyzes\/bev-analysis-bio-electronique-of-vincent-observes-the-antioxidant-nature-of-dynamized-water\/\"><strong><span style=\"text-decoration: underline;\">water oxidation<\/span><\/strong><\/a> (by making water reductive or physiologically compatible) and participates in cell regeneration (by increasing the electronic activity of water it helps to fight free radicals).<\/li>\n<\/ul>\n<\/div><\/div><\/div><\/div><\/div><\/div><\/div><\/section><section class=\"l-section wpb_row height_auto\"><div class=\"l-section-h i-cf\"><div class=\"g-cols vc_row via_flex valign_top type_default stacking_default\"><div class=\"vc_col-sm-12 wpb_column vc_column_container\"><div class=\"vc_column-inner\"><div class=\"wpb_wrapper\"><\/div><\/div><\/div><\/div><\/div><\/section>\n","protected":false},"excerpt":{"rendered":"Home\/PagesMore hydrating and much less oxidized\u00a0water\u200b Biodynamized water that is drunk has a lower surface tension what should make it more hydrating for our cells! She has a &#8220;more wetting&#8221; power which optimizes the penetration of water into the cells (via the aquaporins) and in particular allows the correct elimination of toxins, which is absolutely...","protected":false},"author":3,"featured_media":0,"parent":2911,"menu_order":1,"comment_status":"closed","ping_status":"closed","template":"","meta":{"_monsterinsights_skip_tracking":false,"_monsterinsights_sitenote_active":false,"_monsterinsights_sitenote_note":"","_monsterinsights_sitenote_category":0,"footnotes":""},"class_list":["post-4751","page","type-page","status-publish","hentry"],"yoast_head":"<!-- This site is optimized with the Yoast SEO plugin v27.3 - https:\/\/yoast.com\/product\/yoast-seo-wordpress\/ -->\n<title>more hydrating and less oxidized water - Biodynamizer<\/title>\n<meta name=\"description\" content=\"Biodynamizer - more hydrating and less oxidized water - En savoir plus sur le biodynamizer et le biofiltre\" \/>\n<meta name=\"robots\" content=\"index, follow, max-snippet:-1, max-image-preview:large, max-video-preview:-1\" \/>\n<link rel=\"canonical\" href=\"https:\/\/biodynamizer.com\/en\/the-benefits\/hydrating-water\/\" \/>\n<meta property=\"og:locale\" content=\"en_US\" \/>\n<meta property=\"og:type\" content=\"article\" \/>\n<meta property=\"og:title\" content=\"more hydrating and less oxidized water - Biodynamizer\" \/>\n<meta property=\"og:description\" content=\"Biodynamizer - more hydrating and less oxidized water - En savoir plus sur le biodynamizer et le biofiltre\" \/>\n<meta property=\"og:url\" content=\"https:\/\/biodynamizer.com\/en\/the-benefits\/hydrating-water\/\" \/>\n<meta property=\"og:site_name\" content=\"Biodynamizer\" \/>\n<meta property=\"article:modified_time\" content=\"2025-07-09T13:21:50+00:00\" \/>\n<meta property=\"og:image\" content=\"https:\/\/biodynamizer.com\/wp-content\/uploads\/2019\/11\/Depositphotos_15742931_xl-2015.jpg\" \/>\n\t<meta property=\"og:image:width\" content=\"2000\" \/>\n\t<meta property=\"og:image:height\" content=\"1333\" \/>\n\t<meta property=\"og:image:type\" content=\"image\/jpeg\" \/>\n<meta name=\"twitter:card\" content=\"summary_large_image\" \/>\n<meta name=\"twitter:label1\" content=\"Est. reading time\" \/>\n\t<meta name=\"twitter:data1\" content=\"2 minutes\" \/>\n<script type=\"application\/ld+json\" class=\"yoast-schema-graph\">{\"@context\":\"https:\\\/\\\/schema.org\",\"@graph\":[{\"@type\":\"WebPage\",\"@id\":\"https:\\\/\\\/biodynamizer.com\\\/en\\\/the-benefits\\\/hydrating-water\\\/\",\"url\":\"https:\\\/\\\/biodynamizer.com\\\/en\\\/the-benefits\\\/hydrating-water\\\/\",\"name\":\"more hydrating and less oxidized water - Biodynamizer\",\"isPartOf\":{\"@id\":\"https:\\\/\\\/biodynamizer.com\\\/en\\\/#website\"},\"datePublished\":\"2020-07-06T15:08:33+00:00\",\"dateModified\":\"2025-07-09T13:21:50+00:00\",\"description\":\"Biodynamizer - more hydrating and less oxidized water - En savoir plus sur le biodynamizer et le biofiltre\",\"breadcrumb\":{\"@id\":\"https:\\\/\\\/biodynamizer.com\\\/en\\\/the-benefits\\\/hydrating-water\\\/#breadcrumb\"},\"inLanguage\":\"en-US\",\"potentialAction\":[{\"@type\":\"ReadAction\",\"target\":[\"https:\\\/\\\/biodynamizer.com\\\/en\\\/the-benefits\\\/hydrating-water\\\/\"]}]},{\"@type\":\"BreadcrumbList\",\"@id\":\"https:\\\/\\\/biodynamizer.com\\\/en\\\/the-benefits\\\/hydrating-water\\\/#breadcrumb\",\"itemListElement\":[{\"@type\":\"ListItem\",\"position\":1,\"name\":\"Home\",\"item\":\"https:\\\/\\\/biodynamizer.com\\\/en\\\/\"},{\"@type\":\"ListItem\",\"position\":2,\"name\":\"The benefits\",\"item\":\"https:\\\/\\\/biodynamizer.com\\\/en\\\/the-benefits\\\/\"},{\"@type\":\"ListItem\",\"position\":3,\"name\":\"more hydrating and less oxidized water\"}]},{\"@type\":\"WebSite\",\"@id\":\"https:\\\/\\\/biodynamizer.com\\\/en\\\/#website\",\"url\":\"https:\\\/\\\/biodynamizer.com\\\/en\\\/\",\"name\":\"Biodynamizer\",\"description\":\"Filtrez et dynamisez votre eau\",\"potentialAction\":[{\"@type\":\"SearchAction\",\"target\":{\"@type\":\"EntryPoint\",\"urlTemplate\":\"https:\\\/\\\/biodynamizer.com\\\/en\\\/?s={search_term_string}\"},\"query-input\":{\"@type\":\"PropertyValueSpecification\",\"valueRequired\":true,\"valueName\":\"search_term_string\"}}],\"inLanguage\":\"en-US\"}]}<\/script>\n<!-- \/ Yoast SEO plugin. -->","yoast_head_json":{"title":"more hydrating and less oxidized water - Biodynamizer","description":"Biodynamizer - more hydrating and less oxidized water - En savoir plus sur le biodynamizer et le biofiltre","robots":{"index":"index","follow":"follow","max-snippet":"max-snippet:-1","max-image-preview":"max-image-preview:large","max-video-preview":"max-video-preview:-1"},"canonical":"https:\/\/biodynamizer.com\/en\/the-benefits\/hydrating-water\/","og_locale":"en_US","og_type":"article","og_title":"more hydrating and less oxidized water - Biodynamizer","og_description":"Biodynamizer - more hydrating and less oxidized water - En savoir plus sur le biodynamizer et le biofiltre","og_url":"https:\/\/biodynamizer.com\/en\/the-benefits\/hydrating-water\/","og_site_name":"Biodynamizer","article_modified_time":"2025-07-09T13:21:50+00:00","og_image":[{"width":2000,"height":1333,"url":"https:\/\/biodynamizer.com\/wp-content\/uploads\/2019\/11\/Depositphotos_15742931_xl-2015.jpg","type":"image\/jpeg"}],"twitter_card":"summary_large_image","twitter_misc":{"Est. reading time":"2 minutes"},"schema":{"@context":"https:\/\/schema.org","@graph":[{"@type":"WebPage","@id":"https:\/\/biodynamizer.com\/en\/the-benefits\/hydrating-water\/","url":"https:\/\/biodynamizer.com\/en\/the-benefits\/hydrating-water\/","name":"more hydrating and less oxidized water - Biodynamizer","isPartOf":{"@id":"https:\/\/biodynamizer.com\/en\/#website"},"datePublished":"2020-07-06T15:08:33+00:00","dateModified":"2025-07-09T13:21:50+00:00","description":"Biodynamizer - more hydrating and less oxidized water - En savoir plus sur le biodynamizer et le biofiltre","breadcrumb":{"@id":"https:\/\/biodynamizer.com\/en\/the-benefits\/hydrating-water\/#breadcrumb"},"inLanguage":"en-US","potentialAction":[{"@type":"ReadAction","target":["https:\/\/biodynamizer.com\/en\/the-benefits\/hydrating-water\/"]}]},{"@type":"BreadcrumbList","@id":"https:\/\/biodynamizer.com\/en\/the-benefits\/hydrating-water\/#breadcrumb","itemListElement":[{"@type":"ListItem","position":1,"name":"Home","item":"https:\/\/biodynamizer.com\/en\/"},{"@type":"ListItem","position":2,"name":"The benefits","item":"https:\/\/biodynamizer.com\/en\/the-benefits\/"},{"@type":"ListItem","position":3,"name":"more hydrating and less oxidized water"}]},{"@type":"WebSite","@id":"https:\/\/biodynamizer.com\/en\/#website","url":"https:\/\/biodynamizer.com\/en\/","name":"Biodynamizer","description":"Filtrez et dynamisez votre eau","potentialAction":[{"@type":"SearchAction","target":{"@type":"EntryPoint","urlTemplate":"https:\/\/biodynamizer.com\/en\/?s={search_term_string}"},"query-input":{"@type":"PropertyValueSpecification","valueRequired":true,"valueName":"search_term_string"}}],"inLanguage":"en-US"}]}},"_links":{"self":[{"href":"https:\/\/biodynamizer.com\/en\/wp-json\/wp\/v2\/pages\/4751","targetHints":{"allow":["GET"]}}],"collection":[{"href":"https:\/\/biodynamizer.com\/en\/wp-json\/wp\/v2\/pages"}],"about":[{"href":"https:\/\/biodynamizer.com\/en\/wp-json\/wp\/v2\/types\/page"}],"author":[{"embeddable":true,"href":"https:\/\/biodynamizer.com\/en\/wp-json\/wp\/v2\/users\/3"}],"replies":[{"embeddable":true,"href":"https:\/\/biodynamizer.com\/en\/wp-json\/wp\/v2\/comments?post=4751"}],"version-history":[{"count":36,"href":"https:\/\/biodynamizer.com\/en\/wp-json\/wp\/v2\/pages\/4751\/revisions"}],"predecessor-version":[{"id":27493,"href":"https:\/\/biodynamizer.com\/en\/wp-json\/wp\/v2\/pages\/4751\/revisions\/27493"}],"up":[{"embeddable":true,"href":"https:\/\/biodynamizer.com\/en\/wp-json\/wp\/v2\/pages\/2911"}],"wp:attachment":[{"href":"https:\/\/biodynamizer.com\/en\/wp-json\/wp\/v2\/media?parent=4751"}],"curies":[{"name":"wp","href":"https:\/\/api.w.org\/{rel}","templated":true}]}}