{"id":10675,"date":"2021-08-02T09:28:03","date_gmt":"2021-08-02T09:28:03","guid":{"rendered":"https:\/\/biodynamizer.spleen-creation.be\/?page_id=10675"},"modified":"2024-04-26T08:23:54","modified_gmt":"2024-04-26T08:23:54","slug":"tension-superficial","status":"publish","type":"page","link":"https:\/\/biodynamizer.com\/es\/analisis-cientificos\/tension-superficial\/","title":{"rendered":"Tensi\u00f3n superficial"},"content":{"rendered":"<section class=\"l-section wpb_row us_custom_916fdabd height_auto\"><div class=\"l-section-h i-cf\"><div class=\"g-cols vc_row via_flex valign_top type_default stacking_default\"><div class=\"vc_col-sm-12 wpb_column vc_column_container\"><div class=\"vc_column-inner\"><div class=\"wpb_wrapper\"><nav class=\"g-breadcrumbs separator_icon align_none\" itemscope itemtype=\"http:\/\/schema.org\/BreadcrumbList\"><div class=\"g-breadcrumbs-item\" itemscope itemprop=\"itemListElement\" itemtype=\"http:\/\/schema.org\/ListItem\"><a itemprop=\"item\" href=\"https:\/\/biodynamizer.com\/es\/\"><span itemprop=\"name\">Inicio<\/span><\/a><meta itemprop=\"position\" content=\"1\"\/><\/div><div class=\"g-breadcrumbs-separator\"><i class=\"far fa-angle-right\"><\/i><\/div><div class=\"g-breadcrumbs-item\">P\u00e1ginas<\/div><\/nav><\/div><\/div><\/div><\/div><\/div><\/section><section class=\"l-section wpb_row us_custom_70df02f3 height_huge width_full with_img\"><div class=\"l-section-img\" role=\"img\" aria-label=\"Tension superficielle de l&#039;eau\" data-img-width=\"2560\" data-img-height=\"1440\" style=\"background-image: url(https:\/\/biodynamizer.com\/wp-content\/uploads\/2021\/07\/03679080b0dbdf0a006588eb83ad869313738318-shutterstock_270793961-scaled.jpg);\"><\/div><div class=\"l-section-h i-cf\"><div class=\"g-cols vc_row via_flex valign_top type_default stacking_default\"><div class=\"vc_col-sm-12 wpb_column vc_column_container\"><div class=\"vc_column-inner\"><div class=\"wpb_wrapper\"><div class=\"wpb_text_column us_custom_6df4bc3a has_text_color\"><div class=\"wpb_wrapper\"><h3 style=\"text-align: center;\">La tensi\u00f3n superficial del agua dinamizada.<\/h3>\n<\/div><\/div><\/div><\/div><\/div><\/div><\/div><\/section><section class=\"l-section wpb_row height_auto\"><div class=\"l-section-h i-cf\"><div class=\"g-cols vc_row via_flex valign_top type_default stacking_default\"><div class=\"vc_col-sm-12 wpb_column vc_column_container\"><div class=\"vc_column-inner\"><div class=\"wpb_wrapper\"><div class=\"w-separator size_medium\"><\/div><\/div><\/div><\/div><\/div><\/div><\/section><section class=\"l-section wpb_row height_auto\"><div class=\"l-section-h i-cf\"><div class=\"g-cols vc_row via_flex valign_top type_default stacking_default\"><div class=\"vc_col-sm-12 wpb_column vc_column_container\"><div class=\"vc_column-inner\"><div class=\"wpb_wrapper\"><div class=\"w-separator size_medium\"><\/div><div class=\"wpb_text_column\"><div class=\"wpb_wrapper\"><p><strong>An\u00e1lisis realizado seg\u00fan est\u00e1ndares internacionales en julio de 2021 por el laboratorio de SGS en Rotterdam, Holanda (dispositivo Kr\u00fcss Easy Dyne). El m\u00e9todo de corte del anillo mide la tensi\u00f3n superficial del agua: el anillo de platino se sumerge y luego se tira hacia arriba hasta que cruza la superficie del l\u00edquido. La laminilla se estira demasiado hasta que se rompe y da la medida de la tensi\u00f3n superficial del agua.<\/strong><\/p>\n<p>Comparaci\u00f3n de la tensi\u00f3n superficial del agua del grifo dinamizada y no dinamizada de Rhode Saint Gen\u00e8se (B\u00e9lgica)<br \/>\nDespu\u00e9s del an\u00e1lisis, resulta que el agua dinamizada por el Biodynamizer tiene una <strong>tensi\u00f3n superficial m\u00e1s baja de -15%<\/strong> en comparaci\u00f3n con el agua no dinamizada (66 dinas \/ cm -&gt; 56 dinas \/ cm o mN \/ ma 20 \u00b0C y medido seg\u00fan ASTM D1331).<\/p>\n<p>Sabiendo que una tensi\u00f3n superficial m\u00e1s baja tiene un poder \u201c<em>m\u00e1s humectante<\/em>\u201d que optimiza la penetraci\u00f3n del agua en las c\u00e9lulas y por lo tanto permite una <a href=\"https:\/\/biodynamizer.com\/es\/los-beneficios\/agua-hidratante\/\"><span style=\"text-decoration: underline;\"><strong>mejor hidrataci\u00f3n celular<\/strong><\/span><\/a> (esto ocurre a trav\u00e9s de las acuaporinas a trav\u00e9s de las cuales +\/- mil millones de mol\u00e9culas de agua ingresan a la c\u00e9lula una a una cada segundo ).<\/p>\n<p>Esta mejor hidrataci\u00f3n contribuir\u00eda a eliminar toxinas y desechos metab\u00f3licos y por tanto a desintoxicar el organismo.<br \/>\n\u00bb <em>Si los nutrientes no pueden ingresar a las c\u00e9lulas debido a la alta tensi\u00f3n superficial del agua, entonces las c\u00e9lulas se deshidratan y mueren por la acumulaci\u00f3n de sus propios desechos \u00ab<\/em>, ganador del premio Nobel Alexis Carrel.<\/p>\n<p>Por lo tanto, esta desintoxicaci\u00f3n celular se ve amplificada por:<\/p>\n<ul>\n<li>Una menor tensi\u00f3n superficial del agua (porque el agua penetra mejor en las c\u00e9lulas a trav\u00e9s de las acuaporinas),<\/li>\n<li>Una modificaci\u00f3n del <strong><a href=\"https:\/\/biodynamizer.com\/es\/agua\/#voltage\"><span style=\"text-decoration: underline;\">voltaje de la membrana de la celda<\/span><\/a><\/strong> que activa los canales i\u00f3nicos (el agua con carga electronegativa promueve el potencial negativo de la membrana y por lo tanto la apertura\/cierre de los canales i\u00f3nicos)<\/li>\n<\/ul>\n<p>Esta ca\u00edda en la tensi\u00f3n superficial del agua energizada tambi\u00e9n fue observada por:<\/p>\n<ul>\n<li><a href=\"https:\/\/biodynamizer.com\/es\/analisis-cientificos\/la-camara-electrofotonica-coramp-soluciones\/\"><strong><span style=\"text-decoration: underline;\">an\u00e1lisis electrofot\u00f3nico<\/span><\/strong><\/a> (difusi\u00f3n de la gota de agua dinamizada)<\/li>\n<li>Estudios adquiridos sobre la i<a href=\"https:\/\/biodynamizer.com\/es\/agua\/analisis-adquiridos-por-sa-dynamized-technologies-sobre-la-influencia-del-magnetismo-en-el-agua\/\"><span style=\"text-decoration: underline;\"><strong>nfluencia del magnetismo en el agua<\/strong><\/span><\/a>.<\/li>\n<\/ul>\n<\/div><\/div><div class=\"w-separator size_small\"><\/div><\/div><\/div><\/div><\/div><\/div><\/section><section class=\"l-section wpb_row height_auto\"><div class=\"l-section-h i-cf\"><div class=\"g-cols vc_row via_flex valign_top type_default stacking_default\"><div class=\"vc_col-sm-4 wpb_column vc_column_container\"><div class=\"vc_column-inner\"><div class=\"wpb_wrapper\"><div class=\"w-image align_none\"><div class=\"w-image-h\"><img decoding=\"async\" width=\"600\" height=\"600\" src=\"https:\/\/biodynamizer.com\/wp-content\/uploads\/2021\/07\/IMG_7926-600x600.jpg\" class=\"attachment-us_600_600_crop size-us_600_600_crop\" alt=\"Tension superficielle de l&#039;eau\" loading=\"lazy\" srcset=\"https:\/\/biodynamizer.com\/wp-content\/uploads\/2021\/07\/IMG_7926-600x600.jpg 600w, https:\/\/biodynamizer.com\/wp-content\/uploads\/2021\/07\/IMG_7926-150x150.jpg 150w, https:\/\/biodynamizer.com\/wp-content\/uploads\/2021\/07\/IMG_7926-350x350.jpg 350w, https:\/\/biodynamizer.com\/wp-content\/uploads\/2021\/07\/IMG_7926-400x400.jpg 400w, https:\/\/biodynamizer.com\/wp-content\/uploads\/2021\/07\/IMG_7926-200x200.jpg 200w\" sizes=\"auto, (max-width: 600px) 100vw, 600px\" \/><\/div><\/div><\/div><\/div><\/div><div class=\"vc_col-sm-4 wpb_column vc_column_container\"><div class=\"vc_column-inner\"><div class=\"wpb_wrapper\"><div class=\"w-image align_none\"><div class=\"w-image-h\"><img decoding=\"async\" width=\"600\" height=\"600\" src=\"https:\/\/biodynamizer.com\/wp-content\/uploads\/2021\/07\/IMG_7913-1-600x600.jpg\" class=\"attachment-us_600_600_crop size-us_600_600_crop\" alt=\"Tension superficielle de l&#039;eau\" loading=\"lazy\" srcset=\"https:\/\/biodynamizer.com\/wp-content\/uploads\/2021\/07\/IMG_7913-1-600x600.jpg 600w, https:\/\/biodynamizer.com\/wp-content\/uploads\/2021\/07\/IMG_7913-1-150x150.jpg 150w, https:\/\/biodynamizer.com\/wp-content\/uploads\/2021\/07\/IMG_7913-1-350x350.jpg 350w, https:\/\/biodynamizer.com\/wp-content\/uploads\/2021\/07\/IMG_7913-1-400x400.jpg 400w, https:\/\/biodynamizer.com\/wp-content\/uploads\/2021\/07\/IMG_7913-1-200x200.jpg 200w\" sizes=\"auto, (max-width: 600px) 100vw, 600px\" \/><\/div><\/div><\/div><\/div><\/div><div class=\"vc_col-sm-4 wpb_column vc_column_container\"><div class=\"vc_column-inner\"><div class=\"wpb_wrapper\"><div class=\"w-image align_none\"><a title=\"Aquaporines\" target=\"_blank\" rel=\"nofollow\" href=\"https:\/\/youtu.be\/GQaU09Ddv4U \" aria-label=\"Aquaporine site web\" class=\"w-image-h\"><img decoding=\"async\" width=\"350\" height=\"350\" src=\"https:\/\/biodynamizer.com\/wp-content\/uploads\/2021\/07\/Aquaporine-site-web-350x350.png\" class=\"attachment-us_350_350_crop size-us_350_350_crop\" alt=\"Aquaporine illustration\" loading=\"lazy\" srcset=\"https:\/\/biodynamizer.com\/wp-content\/uploads\/2021\/07\/Aquaporine-site-web-350x350.png 350w, https:\/\/biodynamizer.com\/wp-content\/uploads\/2021\/07\/Aquaporine-site-web-150x150.png 150w, https:\/\/biodynamizer.com\/wp-content\/uploads\/2021\/07\/Aquaporine-site-web-400x400.png 400w, https:\/\/biodynamizer.com\/wp-content\/uploads\/2021\/07\/Aquaporine-site-web-200x200.png 200w\" sizes=\"auto, (max-width: 350px) 100vw, 350px\" \/><\/a><\/div><div class=\"wpb_text_column\"><div class=\"wpb_wrapper\"><p><strong>\u00a1Las acuaporinas permiten que +\/- mil millones de mol\u00e9culas de agua pasen una tras otra hacia la c\u00e9lula cada segundo! (Visualizado en el video por la peque\u00f1a mol\u00e9cula amarilla); \u00a1La tensi\u00f3n superficial del agua juega un papel importante en este proceso!<\/strong><\/p>\n<\/div><\/div><div class=\"wpb_text_column us_custom_1b04de86\"><div class=\"wpb_wrapper\"><p>Copyright NIH Center for Macromolecular Modeling and Bioinformatics at the Beckman Institute, University of Illinois (http:\/\/www.ks.uiuc.edu\/)<\/p>\n<\/div><\/div><\/div><\/div><\/div><\/div><\/div><\/section><section class=\"l-section wpb_row height_auto\"><div class=\"l-section-h i-cf\"><div class=\"g-cols vc_row via_flex valign_top type_default stacking_default\"><div class=\"vc_col-sm-6 wpb_column vc_column_container\"><div class=\"vc_column-inner\"><div class=\"wpb_wrapper\"><\/div><\/div><\/div><div class=\"vc_col-sm-6 wpb_column vc_column_container\"><div class=\"vc_column-inner\"><div class=\"wpb_wrapper\"><\/div><\/div><\/div><\/div><\/div><\/section>\n","protected":false},"excerpt":{"rendered":"InicioP\u00e1ginasLa tensi\u00f3n superficial del agua dinamizada. An\u00e1lisis realizado seg\u00fan est\u00e1ndares internacionales en julio de 2021 por el laboratorio de SGS en Rotterdam, Holanda (dispositivo Kr\u00fcss Easy Dyne). El m\u00e9todo de corte del anillo mide la tensi\u00f3n superficial del agua: el anillo de platino se sumerge y luego se tira hacia arriba hasta que cruza la...","protected":false},"author":3,"featured_media":0,"parent":5818,"menu_order":6,"comment_status":"closed","ping_status":"closed","template":"","meta":{"_monsterinsights_skip_tracking":false,"_monsterinsights_sitenote_active":false,"_monsterinsights_sitenote_note":"","_monsterinsights_sitenote_category":0,"footnotes":""},"class_list":["post-10675","page","type-page","status-publish","hentry"],"yoast_head":"<!-- This site is optimized with the Yoast SEO plugin v27.3 - https:\/\/yoast.com\/product\/yoast-seo-wordpress\/ -->\n<title>Tensi\u00f3n superficial - Biodynamizer<\/title>\n<meta name=\"description\" content=\"Biodynamizer - Tensi\u00f3n superficial - En savoir plus sur le biodynamizer et le biofiltre\" \/>\n<meta name=\"robots\" content=\"index, follow, max-snippet:-1, max-image-preview:large, max-video-preview:-1\" \/>\n<link rel=\"canonical\" href=\"https:\/\/biodynamizer.com\/es\/analisis-cientificos\/tension-superficial\/\" \/>\n<meta property=\"og:locale\" content=\"es_ES\" \/>\n<meta property=\"og:type\" content=\"article\" \/>\n<meta property=\"og:title\" content=\"Tensi\u00f3n superficial - Biodynamizer\" \/>\n<meta property=\"og:description\" content=\"Biodynamizer - Tensi\u00f3n superficial - En savoir plus sur le biodynamizer et le biofiltre\" \/>\n<meta property=\"og:url\" content=\"https:\/\/biodynamizer.com\/es\/analisis-cientificos\/tension-superficial\/\" \/>\n<meta property=\"og:site_name\" content=\"Biodynamizer\" \/>\n<meta property=\"article:modified_time\" content=\"2024-04-26T08:23:54+00:00\" \/>\n<meta property=\"og:image\" content=\"https:\/\/biodynamizer.com\/wp-content\/uploads\/2019\/11\/Depositphotos_15742931_xl-2015.jpg\" \/>\n\t<meta property=\"og:image:width\" content=\"2000\" \/>\n\t<meta property=\"og:image:height\" content=\"1333\" \/>\n\t<meta property=\"og:image:type\" content=\"image\/jpeg\" \/>\n<meta name=\"twitter:card\" content=\"summary_large_image\" \/>\n<meta name=\"twitter:label1\" content=\"Tiempo de lectura\" \/>\n\t<meta name=\"twitter:data1\" content=\"3 minutos\" \/>\n<script type=\"application\/ld+json\" class=\"yoast-schema-graph\">{\"@context\":\"https:\\\/\\\/schema.org\",\"@graph\":[{\"@type\":\"WebPage\",\"@id\":\"https:\\\/\\\/biodynamizer.com\\\/es\\\/analisis-cientificos\\\/tension-superficial\\\/\",\"url\":\"https:\\\/\\\/biodynamizer.com\\\/es\\\/analisis-cientificos\\\/tension-superficial\\\/\",\"name\":\"Tensi\u00f3n superficial - Biodynamizer\",\"isPartOf\":{\"@id\":\"https:\\\/\\\/biodynamizer.com\\\/es\\\/#website\"},\"datePublished\":\"2021-08-02T09:28:03+00:00\",\"dateModified\":\"2024-04-26T08:23:54+00:00\",\"description\":\"Biodynamizer - Tensi\u00f3n superficial - En savoir plus sur le biodynamizer et le biofiltre\",\"breadcrumb\":{\"@id\":\"https:\\\/\\\/biodynamizer.com\\\/es\\\/analisis-cientificos\\\/tension-superficial\\\/#breadcrumb\"},\"inLanguage\":\"es\",\"potentialAction\":[{\"@type\":\"ReadAction\",\"target\":[\"https:\\\/\\\/biodynamizer.com\\\/es\\\/analisis-cientificos\\\/tension-superficial\\\/\"]}]},{\"@type\":\"BreadcrumbList\",\"@id\":\"https:\\\/\\\/biodynamizer.com\\\/es\\\/analisis-cientificos\\\/tension-superficial\\\/#breadcrumb\",\"itemListElement\":[{\"@type\":\"ListItem\",\"position\":1,\"name\":\"Home\",\"item\":\"https:\\\/\\\/biodynamizer.com\\\/es\\\/\"},{\"@type\":\"ListItem\",\"position\":2,\"name\":\"An\u00e1lisis\",\"item\":\"https:\\\/\\\/biodynamizer.com\\\/es\\\/analisis-cientificos\\\/\"},{\"@type\":\"ListItem\",\"position\":3,\"name\":\"Tensi\u00f3n superficial\"}]},{\"@type\":\"WebSite\",\"@id\":\"https:\\\/\\\/biodynamizer.com\\\/es\\\/#website\",\"url\":\"https:\\\/\\\/biodynamizer.com\\\/es\\\/\",\"name\":\"Biodynamizer\",\"description\":\"Filtrez et dynamisez votre eau\",\"potentialAction\":[{\"@type\":\"SearchAction\",\"target\":{\"@type\":\"EntryPoint\",\"urlTemplate\":\"https:\\\/\\\/biodynamizer.com\\\/es\\\/?s={search_term_string}\"},\"query-input\":{\"@type\":\"PropertyValueSpecification\",\"valueRequired\":true,\"valueName\":\"search_term_string\"}}],\"inLanguage\":\"es\"}]}<\/script>\n<!-- \/ Yoast SEO plugin. -->","yoast_head_json":{"title":"Tensi\u00f3n superficial - Biodynamizer","description":"Biodynamizer - Tensi\u00f3n superficial - En savoir plus sur le biodynamizer et le biofiltre","robots":{"index":"index","follow":"follow","max-snippet":"max-snippet:-1","max-image-preview":"max-image-preview:large","max-video-preview":"max-video-preview:-1"},"canonical":"https:\/\/biodynamizer.com\/es\/analisis-cientificos\/tension-superficial\/","og_locale":"es_ES","og_type":"article","og_title":"Tensi\u00f3n superficial - Biodynamizer","og_description":"Biodynamizer - Tensi\u00f3n superficial - En savoir plus sur le biodynamizer et le biofiltre","og_url":"https:\/\/biodynamizer.com\/es\/analisis-cientificos\/tension-superficial\/","og_site_name":"Biodynamizer","article_modified_time":"2024-04-26T08:23:54+00:00","og_image":[{"width":2000,"height":1333,"url":"https:\/\/biodynamizer.com\/wp-content\/uploads\/2019\/11\/Depositphotos_15742931_xl-2015.jpg","type":"image\/jpeg"}],"twitter_card":"summary_large_image","twitter_misc":{"Tiempo de lectura":"3 minutos"},"schema":{"@context":"https:\/\/schema.org","@graph":[{"@type":"WebPage","@id":"https:\/\/biodynamizer.com\/es\/analisis-cientificos\/tension-superficial\/","url":"https:\/\/biodynamizer.com\/es\/analisis-cientificos\/tension-superficial\/","name":"Tensi\u00f3n superficial - Biodynamizer","isPartOf":{"@id":"https:\/\/biodynamizer.com\/es\/#website"},"datePublished":"2021-08-02T09:28:03+00:00","dateModified":"2024-04-26T08:23:54+00:00","description":"Biodynamizer - Tensi\u00f3n superficial - En savoir plus sur le biodynamizer et le biofiltre","breadcrumb":{"@id":"https:\/\/biodynamizer.com\/es\/analisis-cientificos\/tension-superficial\/#breadcrumb"},"inLanguage":"es","potentialAction":[{"@type":"ReadAction","target":["https:\/\/biodynamizer.com\/es\/analisis-cientificos\/tension-superficial\/"]}]},{"@type":"BreadcrumbList","@id":"https:\/\/biodynamizer.com\/es\/analisis-cientificos\/tension-superficial\/#breadcrumb","itemListElement":[{"@type":"ListItem","position":1,"name":"Home","item":"https:\/\/biodynamizer.com\/es\/"},{"@type":"ListItem","position":2,"name":"An\u00e1lisis","item":"https:\/\/biodynamizer.com\/es\/analisis-cientificos\/"},{"@type":"ListItem","position":3,"name":"Tensi\u00f3n superficial"}]},{"@type":"WebSite","@id":"https:\/\/biodynamizer.com\/es\/#website","url":"https:\/\/biodynamizer.com\/es\/","name":"Biodynamizer","description":"Filtrez et dynamisez votre eau","potentialAction":[{"@type":"SearchAction","target":{"@type":"EntryPoint","urlTemplate":"https:\/\/biodynamizer.com\/es\/?s={search_term_string}"},"query-input":{"@type":"PropertyValueSpecification","valueRequired":true,"valueName":"search_term_string"}}],"inLanguage":"es"}]}},"_links":{"self":[{"href":"https:\/\/biodynamizer.com\/es\/wp-json\/wp\/v2\/pages\/10675","targetHints":{"allow":["GET"]}}],"collection":[{"href":"https:\/\/biodynamizer.com\/es\/wp-json\/wp\/v2\/pages"}],"about":[{"href":"https:\/\/biodynamizer.com\/es\/wp-json\/wp\/v2\/types\/page"}],"author":[{"embeddable":true,"href":"https:\/\/biodynamizer.com\/es\/wp-json\/wp\/v2\/users\/3"}],"replies":[{"embeddable":true,"href":"https:\/\/biodynamizer.com\/es\/wp-json\/wp\/v2\/comments?post=10675"}],"version-history":[{"count":13,"href":"https:\/\/biodynamizer.com\/es\/wp-json\/wp\/v2\/pages\/10675\/revisions"}],"predecessor-version":[{"id":21915,"href":"https:\/\/biodynamizer.com\/es\/wp-json\/wp\/v2\/pages\/10675\/revisions\/21915"}],"up":[{"embeddable":true,"href":"https:\/\/biodynamizer.com\/es\/wp-json\/wp\/v2\/pages\/5818"}],"wp:attachment":[{"href":"https:\/\/biodynamizer.com\/es\/wp-json\/wp\/v2\/media?parent=10675"}],"curies":[{"name":"wp","href":"https:\/\/api.w.org\/{rel}","templated":true}]}}