{"id":24702,"date":"2024-06-05T09:47:55","date_gmt":"2024-06-05T09:47:55","guid":{"rendered":"https:\/\/biodynamizer.spleen-creation.be\/?page_id=24702"},"modified":"2026-02-16T14:02:53","modified_gmt":"2026-02-16T14:02:53","slug":"compania","status":"publish","type":"page","link":"https:\/\/biodynamizer.com\/es\/compania\/","title":{"rendered":"Compa\u00f1\u00eda"},"content":{"rendered":"<section class=\"l-section wpb_row height_auto\"><div class=\"l-section-h i-cf\"><div class=\"g-cols vc_row via_flex valign_top type_default stacking_default\"><div class=\"vc_col-sm-12 wpb_column vc_column_container\"><div class=\"vc_column-inner\"><div class=\"wpb_wrapper\"><\/div><\/div><\/div><\/div><\/div><\/section><section class=\"l-section wpb_row height_medium\"><div class=\"l-section-h i-cf\"><div class=\"g-cols vc_row via_flex valign_top type_default stacking_default\"><div class=\"vc_col-sm-12 wpb_column vc_column_container\"><div class=\"vc_column-inner\"><div class=\"wpb_wrapper\"><div class=\"wpb_text_column us_custom_ba205bf8 titre-societe\"><div class=\"wpb_wrapper\"><h2 style=\"text-align: center;\"><b>Nuestro ADN<\/b><\/h2>\n<\/div><\/div><div class=\"w-image align_center\"><div class=\"w-image-h\"><img decoding=\"async\" width=\"1024\" height=\"493\" src=\"https:\/\/biodynamizer.com\/wp-content\/uploads\/2020\/03\/DNA-1024x493.jpg\" class=\"attachment-large size-large\" alt=\"\" loading=\"lazy\" srcset=\"https:\/\/biodynamizer.com\/wp-content\/uploads\/2020\/03\/DNA-1024x493.jpg 1024w, https:\/\/biodynamizer.com\/wp-content\/uploads\/2020\/03\/DNA-300x144.jpg 300w, https:\/\/biodynamizer.com\/wp-content\/uploads\/2020\/03\/DNA.jpg 1456w\" sizes=\"auto, (max-width: 1024px) 100vw, 1024px\" \/><\/div><\/div><\/div><\/div><\/div><\/div><\/div><\/section><section class=\"l-section wpb_row height_auto\"><div class=\"l-section-h i-cf\"><div class=\"g-cols vc_row via_flex valign_top type_default stacking_default\"><div class=\"vc_col-sm-12 wpb_column vc_column_container\"><div class=\"vc_column-inner\"><div class=\"wpb_wrapper\"><div class=\"wpb_text_column titre-societe\"><div class=\"wpb_wrapper\"><h2 style=\"text-align: center;\">Nuestra visi\u00f3n<\/h2>\n<\/div><\/div><div class=\"wpb_text_column\"><div class=\"wpb_wrapper\"><ul>\n<li><strong>BIOMIMESIS<\/strong>: como fuente de inspiraci\u00f3n para redescubrir la naturaleza del agua<\/li>\n<li><strong>SOLUCIONES<\/strong>: filtraci\u00f3n global y redinamizaci\u00f3n del agua para que recupere sus cualidades originales.<\/li>\n<li><strong>DAR ACCESO<\/strong>: al mayor n\u00famero de personas posible, a agua de calidad equivalente al agua de monta\u00f1a.<\/li>\n<li><strong>PARTICIPAR<\/strong>: en una econom\u00eda sostenible, local y respetuosa con el medio ambiente.<\/li>\n<li><b>COMUNICAR<\/b>: y an\u00e1lisis cient\u00edficos sobre la filtraci\u00f3n y dinamizaci\u00f3n del agua.<\/li>\n<li><strong>NATURALEZA<\/strong>: Prot\u00e9jalo evitando la contaminaci\u00f3n y la huella de carbono causada por las botellas de agua de pl\u00e1stico y el vertido de sal de los suavizadores.<\/li>\n<\/ul>\n<\/div><\/div><div class=\"w-separator size_medium\"><\/div><\/div><\/div><\/div><\/div><\/div><\/section><section class=\"l-section wpb_row height_auto\"><div class=\"l-section-h i-cf\"><div class=\"g-cols vc_row via_flex valign_top type_default stacking_default\"><div class=\"vc_col-sm-12 wpb_column vc_column_container\"><div class=\"vc_column-inner\"><div class=\"wpb_wrapper\"><div class=\"wpb_text_column titre-societe\"><div class=\"wpb_wrapper\"><h2 style=\"text-align: center;\">Un equipo complementario y experimentado<\/h2>\n<\/div><\/div><div class=\"g-cols wpb_row via_flex valign_top type_default stacking_default\"><div class=\"vc_col-sm-2\/5 wpb_column vc_column_container\"><div class=\"vc_column-inner\"><div class=\"wpb_wrapper\"><div class=\"w-image align_center\"><div class=\"w-image-h\"><img decoding=\"async\" width=\"600\" height=\"600\" src=\"https:\/\/biodynamizer.com\/wp-content\/uploads\/2024\/10\/IMG_6865-600x600.jpeg\" class=\"attachment-us_600_600_crop size-us_600_600_crop\" alt=\"photo Christophe Carrette\" loading=\"lazy\" srcset=\"https:\/\/biodynamizer.com\/wp-content\/uploads\/2024\/10\/IMG_6865-600x600.jpeg 600w, https:\/\/biodynamizer.com\/wp-content\/uploads\/2024\/10\/IMG_6865-150x150.jpeg 150w, https:\/\/biodynamizer.com\/wp-content\/uploads\/2024\/10\/IMG_6865-350x350.jpeg 350w, https:\/\/biodynamizer.com\/wp-content\/uploads\/2024\/10\/IMG_6865-400x400.jpeg 400w, https:\/\/biodynamizer.com\/wp-content\/uploads\/2024\/10\/IMG_6865-200x200.jpeg 200w\" sizes=\"auto, (max-width: 600px) 100vw, 600px\" \/><\/div><\/div><\/div><\/div><\/div><div class=\"vc_col-sm-3\/5 wpb_column vc_column_container\"><div class=\"vc_column-inner\"><div class=\"wpb_wrapper\"><div class=\"wpb_text_column\"><div class=\"wpb_wrapper\"><h4><strong>CHRISTOPHE CARRETTE &#8211; Managing Partner &#8211; Fundator &#8211; christophe.carrette@biodynamizer.com<\/strong><\/h4>\n<p>Naturalista, fil\u00f3sofo e investigador. Con formaci\u00f3n jur\u00eddica, trabaj\u00f3 durante 25 a\u00f1os en los sectores financiero, bancario y de seguros. En 2012, dio un giro profesional de 180\u00b0 y abandon\u00f3 su \u201ccarrera cl\u00e1sica\u201d para escribir un libro filos\u00f3fico sobre el sentido de la vida (\u201c<em><strong>Ainsi va la vie<\/strong><\/em>\u201d). En <strong>2014<\/strong>, tras una conferencia sobre la dinamizaci\u00f3n del agua que fue una revelaci\u00f3n para \u00e9l, este tema se convirti\u00f3 en una pasi\u00f3n que se convirti\u00f3 en su misi\u00f3n: objetivar, estructurar y compartir los descubrimientos sobre la dinamizaci\u00f3n del agua. Participa activamente, con cient\u00edficos e investigadores europeos, en el estudio y an\u00e1lisis del agua dinamizada. Es el creador del dispositivo de dinamizaci\u00f3n del agua <strong>Biodynamizer<\/strong> que comenz\u00f3 a desarrollar en 2014 y que se lanz\u00f3 comercialmente a principios de 2020. Puso en ello todos sus conocimientos, sus convicciones, sus intuiciones y su coraz\u00f3n, con el fin de proporcionar al mayor n\u00famero posible de personas agua de una calidad equivalente al agua de monta\u00f1a. El Biodynamizer incorpora 21 principios de dinamizaci\u00f3n y se considera el dispositivo de dinamizaci\u00f3n de agua m\u00e1s completo y ampliamente analizado hasta la fecha. Resume su comprensi\u00f3n del agua con la siguiente frase: \u00ab<em><strong>Energ\u00eda codifica, agua codificar, humana descodificar\u00bb<\/strong><\/em>.<\/p>\n<\/div><\/div><\/div><\/div><\/div><\/div><div class=\"w-separator size_medium\"><\/div><div class=\"g-cols wpb_row via_flex valign_top type_default stacking_default\"><div class=\"vc_col-sm-2\/5 wpb_column vc_column_container\"><div class=\"vc_column-inner\"><div class=\"wpb_wrapper\"><div class=\"w-image align_center\"><div class=\"w-image-h\"><img decoding=\"async\" width=\"600\" height=\"600\" src=\"https:\/\/biodynamizer.com\/wp-content\/uploads\/2025\/04\/4D374DF0-B3EA-4E2C-87B2-0B1333605881-600x600.jpeg\" class=\"attachment-us_600_600_crop size-us_600_600_crop\" alt=\"Arnaud Decrombrugghe\" loading=\"lazy\" srcset=\"https:\/\/biodynamizer.com\/wp-content\/uploads\/2025\/04\/4D374DF0-B3EA-4E2C-87B2-0B1333605881-600x600.jpeg 600w, https:\/\/biodynamizer.com\/wp-content\/uploads\/2025\/04\/4D374DF0-B3EA-4E2C-87B2-0B1333605881-150x150.jpeg 150w, https:\/\/biodynamizer.com\/wp-content\/uploads\/2025\/04\/4D374DF0-B3EA-4E2C-87B2-0B1333605881-350x350.jpeg 350w, https:\/\/biodynamizer.com\/wp-content\/uploads\/2025\/04\/4D374DF0-B3EA-4E2C-87B2-0B1333605881-400x400.jpeg 400w, https:\/\/biodynamizer.com\/wp-content\/uploads\/2025\/04\/4D374DF0-B3EA-4E2C-87B2-0B1333605881-200x200.jpeg 200w\" sizes=\"auto, (max-width: 600px) 100vw, 600px\" \/><\/div><\/div><\/div><\/div><\/div><div class=\"vc_col-sm-3\/5 wpb_column vc_column_container\"><div class=\"vc_column-inner\"><div class=\"wpb_wrapper\"><div class=\"wpb_text_column\"><div class=\"wpb_wrapper\"><h4><b>ARNAUD Decrombrugghe \u2013 Commercial Director &#8211;<\/b><b>\u00a0<\/b>arnaud@biodynamizer.com<\/h4>\n<p>Tras estudiar comercio exterior, desarroll\u00e9 mi experiencia en gesti\u00f3n y desarrollo empresarial a trav\u00e9s del emprendimiento, el sector inmobiliario y la innovaci\u00f3n tecnol\u00f3gica. En 2021, la necesidad de reorientarme me llev\u00f3 a viajar e implicarme en proyectos centrados en la ecolog\u00eda y la regeneraci\u00f3n. El agua se convirti\u00f3 r\u00e1pidamente en el hilo conductor de esta b\u00fasqueda, revelando su papel esencial para la salud humana y el medio ambiente. Conocer a Christophe en 2024 fue un punto de inflexi\u00f3n. Unirme a Biodynamizer representa una oportunidad \u00fanica de poner mis competencias al servicio de un proyecto significativo. Combinando medio ambiente, innovaci\u00f3n y bienestar, me comprometo a contribuir a un futuro m\u00e1s armonioso con convicci\u00f3n, perseverancia y un enfoque humano de las ventas.<\/p>\n<\/div><\/div><\/div><\/div><\/div><\/div><div class=\"w-separator size_medium\"><\/div><\/div><\/div><\/div><\/div><\/div><\/section><section class=\"l-section wpb_row height_auto\"><div class=\"l-section-h i-cf\"><div class=\"g-cols vc_row via_flex valign_top type_default stacking_default\"><div class=\"vc_col-sm-12 wpb_column vc_column_container\"><div class=\"vc_column-inner\"><div class=\"wpb_wrapper\"><div class=\"w-separator size_medium\"><\/div><div class=\"wpb_text_column titre-societe\"><div class=\"wpb_wrapper\"><h2 style=\"text-align: center;\">La empresa Dynamized Technologies<\/h2>\n<\/div><\/div><div class=\"wpb_text_column\"><div class=\"wpb_wrapper\"><p>Dynamized Technologies fue creada en <strong>2016<\/strong> por Christophe Carrette. En <strong>2020<\/strong>, tras 6 a\u00f1os de I+D, se lanz\u00f3 el dispositivo de dinamizaci\u00f3n de agua Biodynamizer. La empresa comercializa un <strong>filtro de carb\u00f3n activado (el Biofiltro) y un dinamizador de agua (el Biodinamizer)<\/strong> a clientes particulares (<strong>BtoC<\/strong>) y profesionales (<strong>BtoB<\/strong>).<\/p>\n<p>Tambi\u00e9n ofrece fuentes de agua biodin\u00e1micas destinadas a redes comerciales, comercios, sector hostelero (Hoteles, Restaurantes, Cafeter\u00edas) o para colocar durante eventos deportivos u otros.<\/p>\n<p>Las soluciones de Dynamized Technologies se sit\u00faan en el centro de un recurso precioso y limitado que es el agua. Esta innovadora tecnolog\u00eda de dynamizaci\u00f3n del agua fue iniciada por Christophe Carrette en <strong>2014<\/strong>, quien se inspir\u00f3 en investigadores y pensadores como Viktor Schauberger, Felix Hediger, Ernst Braun, Yann Olivaux, Pier Rubesa, pero tambi\u00e9n en laboratorios y cient\u00edficos como Marc Henry, Konstantin Korotkov, Bernard Berthet, Sylvie Henry R\u00e9ant, Georges Vieilledent y Raymond Herren, entre otros, as\u00ed como an\u00e1lisis emp\u00edricos y de radiestesia que alimentaron sus investigaciones y reflexiones sobre la forma correcta de dynamizar el agua.<\/p>\n<p>Dynamized Technologies se especializa en el tratamiento del agua urbana, primero filtrada y luego dinamizada. La filtraci\u00f3n la realiza el Biofilter para eliminar los contaminantes que a\u00fan puedan estar presentes en el agua de la ciudad y hacerla a\u00fan m\u00e1s pura. Los dispositivos de tratamiento de agua (Biofilter y Biodynamizer) son <strong>f\u00e1cilmente instalados por cualquier fontanero y ofrecen una soluci\u00f3n global para toda la casa<\/strong>. Se colocan despu\u00e9s del contador de agua en la red de agua local de la ciudad, lo que permite mejorar este canal de distribuci\u00f3n de agua. Al purificarla y regenerarla permiten disfrutar de esta agua de calidad en todos los grifos de la casa (bebidas, ba\u00f1os, duchas, etc.). El Biodynamizer no requiere mantenimiento y no tiene consumibles. El cartucho Biofilter debe reemplazarse una vez al a\u00f1o.<\/p>\n<p>El proceso de dinamizaci\u00f3n aplicado en el Biodynamizer se inspira en los principios del <strong>biomimetismo<\/strong> (es decir, los principios promovidos por Viktor Schauberger, \u201c<em>observar, comprender y copiar la naturaleza<\/em>\u201d) para regenerar el agua y restaurar su poder natural. Esta soluci\u00f3n es 100% natural (el Biodynamizer es un dispositivo hidrodin\u00e1mico y magn\u00e9tico que reproduce el ciclo del agua de forma acelerada copiando los movimientos naturales del agua que fluye libremente en la naturaleza, ya sea mediante movimientos de v\u00f3rtice). El Biodynamizer contiene 21 principios de dinamizaci\u00f3n del agua lo que lo convierte en el dispositivo m\u00e1s completo y eficiente del mercado. El Biodynamizer se ensambla en B\u00e9lgica. Sus piezas est\u00e1n fabricadas en B\u00e9lgica y Francia. Sus imanes permanentes de tierras raras proceden de China.<\/p>\n<p>La dynamizaci\u00f3n del agua permite redescubrir las cualidades originales del agua <u>viva<\/u> para equipararla al agua de monta\u00f1a, es decir, al agua:<\/p>\n<ul>\n<li>Que contiene m\u00e1s energ\u00eda (fot\u00f3nica),<\/li>\n<li>Cu\u00e1l es m\u00e1s hidratante (hidrataci\u00f3n celular),<\/li>\n<li>Que es menos oxidante (potencial redox)<\/li>\n<\/ul>\n<p>Los <strong>beneficios<\/strong> del agua as\u00ed filtrada y dinamizada han sido objeto de varios <a href=\"https:\/\/biodynamizer.com\/es\/analisis-cientificos\/\"><span style=\"text-decoration: underline;\"><strong>an\u00e1lisis<\/strong><\/span><\/a> disponibles en la web. La empresa Dynamized Technologies desea aportar todo el rigor cient\u00edfico, objetividad, difusi\u00f3n y estructuraci\u00f3n de la informaci\u00f3n sobre el agua dinamizada. Los resultados obtenidos tras esta investigaci\u00f3n proceden de estudios en los que participa Dynamized Technologies, o de an\u00e1lisis que ha realizado por laboratorios. Estos an\u00e1lisis, aunque parciales, proporcionan un conjunto de informaci\u00f3n consistente que tiende a demostrar los beneficios del agua dynamizada en el mundo vivo del que formamos parte.<\/p>\n<p>Dynamized Technologies se posiciona en un <strong>enfoque sostenible y ambiental<\/strong> para reducir el uso irrazonable de envases de pl\u00e1stico. De hecho, toda el agua de la ciudad que fluye por todos los grifos de una casa es purificada y regenerada por los dispositivos que se ofrecen. No m\u00e1s necesidad de contenedores o transporte de botellas (lo que genera una pesada carga medioambiental en t\u00e9rminos de huella de carbono, es decir, 150 kg de CO2\/a\u00f1o\/persona), no m\u00e1s clasificaci\u00f3n y reciclaje de estos residuos pl\u00e1sticos. Adem\u00e1s, la generalizaci\u00f3n de su colocaci\u00f3n en los hogares aumentar\u00e1 la calidad del agua vertida al alcantarillado por los hogares y contribuir\u00e1 a limpiar la calidad general del agua as\u00ed vertida. Cada casa se convierte entonces en una mini depuradora en beneficio del medio ambiente y de todos.<\/p>\n<p>Dynamized Technologies tambi\u00e9n ofrece, gracias a los Biodynamizer, una g<strong>esti\u00f3n ecol\u00f3gica de la piedra caliza presente en el agua <\/strong>de la ciudad transformando la estructura cristalina de la calcita caliza en aragonita. Esto permite evitar la instalaci\u00f3n de un descalcificador de agua que tiene consecuencias perjudiciales para el medio ambiente, es decir, el vertido de sal (salmuera) al alcantarillado (\u00a1150 kg\/a\u00f1o\/hogar!) y un gran consumo de agua en cada regeneraci\u00f3n (100 litros de agua). por regeneraci\u00f3n que se realiza cada 5 d\u00edas!), sino que tambi\u00e9n implica el uso de productos desinfectantes de resina liberados al ambiente durante cada mantenimiento.<\/p>\n<\/div><\/div><\/div><\/div><\/div><\/div><\/div><\/section>\n","protected":false},"excerpt":{"rendered":"Nuestro ADN Nuestra visi\u00f3n BIOMIMESIS: como fuente de inspiraci\u00f3n para redescubrir la naturaleza del agua SOLUCIONES: filtraci\u00f3n global y redinamizaci\u00f3n del agua para que recupere sus cualidades originales. DAR ACCESO: al mayor n\u00famero de personas posible, a agua de calidad equivalente al agua de monta\u00f1a. PARTICIPAR: en una econom\u00eda sostenible, local y respetuosa con el...","protected":false},"author":3,"featured_media":0,"parent":0,"menu_order":9,"comment_status":"closed","ping_status":"closed","template":"","meta":{"_monsterinsights_skip_tracking":false,"_monsterinsights_sitenote_active":false,"_monsterinsights_sitenote_note":"","_monsterinsights_sitenote_category":0,"footnotes":""},"class_list":["post-24702","page","type-page","status-publish","hentry"],"yoast_head":"<!-- This site is optimized with the Yoast SEO plugin v27.3 - https:\/\/yoast.com\/product\/yoast-seo-wordpress\/ -->\n<title>Compa\u00f1\u00eda - Biodynamizer<\/title>\n<meta name=\"description\" content=\"Biodynamizer - Compa\u00f1\u00eda - En savoir plus sur le biodynamizer et le biofiltre\" \/>\n<meta name=\"robots\" content=\"index, follow, max-snippet:-1, max-image-preview:large, max-video-preview:-1\" \/>\n<link rel=\"canonical\" href=\"https:\/\/biodynamizer.com\/es\/compania\/\" \/>\n<meta property=\"og:locale\" content=\"es_ES\" \/>\n<meta property=\"og:type\" content=\"article\" \/>\n<meta property=\"og:title\" content=\"Compa\u00f1\u00eda - Biodynamizer\" \/>\n<meta property=\"og:description\" content=\"Biodynamizer - Compa\u00f1\u00eda - En savoir plus sur le biodynamizer et le biofiltre\" \/>\n<meta property=\"og:url\" content=\"https:\/\/biodynamizer.com\/es\/compania\/\" \/>\n<meta property=\"og:site_name\" content=\"Biodynamizer\" \/>\n<meta property=\"article:modified_time\" content=\"2026-02-16T14:02:53+00:00\" \/>\n<meta property=\"og:image\" content=\"https:\/\/biodynamizer.com\/wp-content\/uploads\/2019\/11\/Depositphotos_15742931_xl-2015.jpg\" \/>\n\t<meta property=\"og:image:width\" content=\"2000\" \/>\n\t<meta property=\"og:image:height\" content=\"1333\" \/>\n\t<meta property=\"og:image:type\" content=\"image\/jpeg\" \/>\n<meta name=\"twitter:card\" content=\"summary_large_image\" \/>\n<meta name=\"twitter:label1\" content=\"Tiempo de lectura\" \/>\n\t<meta name=\"twitter:data1\" content=\"7 minutos\" \/>\n<script type=\"application\/ld+json\" class=\"yoast-schema-graph\">{\"@context\":\"https:\\\/\\\/schema.org\",\"@graph\":[{\"@type\":\"WebPage\",\"@id\":\"https:\\\/\\\/biodynamizer.com\\\/es\\\/compania\\\/\",\"url\":\"https:\\\/\\\/biodynamizer.com\\\/es\\\/compania\\\/\",\"name\":\"Compa\u00f1\u00eda - Biodynamizer\",\"isPartOf\":{\"@id\":\"https:\\\/\\\/biodynamizer.com\\\/es\\\/#website\"},\"datePublished\":\"2024-06-05T09:47:55+00:00\",\"dateModified\":\"2026-02-16T14:02:53+00:00\",\"description\":\"Biodynamizer - Compa\u00f1\u00eda - En savoir plus sur le biodynamizer et le biofiltre\",\"breadcrumb\":{\"@id\":\"https:\\\/\\\/biodynamizer.com\\\/es\\\/compania\\\/#breadcrumb\"},\"inLanguage\":\"es\",\"potentialAction\":[{\"@type\":\"ReadAction\",\"target\":[\"https:\\\/\\\/biodynamizer.com\\\/es\\\/compania\\\/\"]}]},{\"@type\":\"BreadcrumbList\",\"@id\":\"https:\\\/\\\/biodynamizer.com\\\/es\\\/compania\\\/#breadcrumb\",\"itemListElement\":[{\"@type\":\"ListItem\",\"position\":1,\"name\":\"Home\",\"item\":\"https:\\\/\\\/biodynamizer.com\\\/es\\\/\"},{\"@type\":\"ListItem\",\"position\":2,\"name\":\"Compa\u00f1\u00eda\"}]},{\"@type\":\"WebSite\",\"@id\":\"https:\\\/\\\/biodynamizer.com\\\/es\\\/#website\",\"url\":\"https:\\\/\\\/biodynamizer.com\\\/es\\\/\",\"name\":\"Biodynamizer\",\"description\":\"Filtrez et dynamisez votre eau\",\"potentialAction\":[{\"@type\":\"SearchAction\",\"target\":{\"@type\":\"EntryPoint\",\"urlTemplate\":\"https:\\\/\\\/biodynamizer.com\\\/es\\\/?s={search_term_string}\"},\"query-input\":{\"@type\":\"PropertyValueSpecification\",\"valueRequired\":true,\"valueName\":\"search_term_string\"}}],\"inLanguage\":\"es\"}]}<\/script>\n<!-- \/ Yoast SEO plugin. -->","yoast_head_json":{"title":"Compa\u00f1\u00eda - Biodynamizer","description":"Biodynamizer - Compa\u00f1\u00eda - En savoir plus sur le biodynamizer et le biofiltre","robots":{"index":"index","follow":"follow","max-snippet":"max-snippet:-1","max-image-preview":"max-image-preview:large","max-video-preview":"max-video-preview:-1"},"canonical":"https:\/\/biodynamizer.com\/es\/compania\/","og_locale":"es_ES","og_type":"article","og_title":"Compa\u00f1\u00eda - Biodynamizer","og_description":"Biodynamizer - Compa\u00f1\u00eda - En savoir plus sur le biodynamizer et le biofiltre","og_url":"https:\/\/biodynamizer.com\/es\/compania\/","og_site_name":"Biodynamizer","article_modified_time":"2026-02-16T14:02:53+00:00","og_image":[{"width":2000,"height":1333,"url":"https:\/\/biodynamizer.com\/wp-content\/uploads\/2019\/11\/Depositphotos_15742931_xl-2015.jpg","type":"image\/jpeg"}],"twitter_card":"summary_large_image","twitter_misc":{"Tiempo de lectura":"7 minutos"},"schema":{"@context":"https:\/\/schema.org","@graph":[{"@type":"WebPage","@id":"https:\/\/biodynamizer.com\/es\/compania\/","url":"https:\/\/biodynamizer.com\/es\/compania\/","name":"Compa\u00f1\u00eda - Biodynamizer","isPartOf":{"@id":"https:\/\/biodynamizer.com\/es\/#website"},"datePublished":"2024-06-05T09:47:55+00:00","dateModified":"2026-02-16T14:02:53+00:00","description":"Biodynamizer - Compa\u00f1\u00eda - En savoir plus sur le biodynamizer et le biofiltre","breadcrumb":{"@id":"https:\/\/biodynamizer.com\/es\/compania\/#breadcrumb"},"inLanguage":"es","potentialAction":[{"@type":"ReadAction","target":["https:\/\/biodynamizer.com\/es\/compania\/"]}]},{"@type":"BreadcrumbList","@id":"https:\/\/biodynamizer.com\/es\/compania\/#breadcrumb","itemListElement":[{"@type":"ListItem","position":1,"name":"Home","item":"https:\/\/biodynamizer.com\/es\/"},{"@type":"ListItem","position":2,"name":"Compa\u00f1\u00eda"}]},{"@type":"WebSite","@id":"https:\/\/biodynamizer.com\/es\/#website","url":"https:\/\/biodynamizer.com\/es\/","name":"Biodynamizer","description":"Filtrez et dynamisez votre eau","potentialAction":[{"@type":"SearchAction","target":{"@type":"EntryPoint","urlTemplate":"https:\/\/biodynamizer.com\/es\/?s={search_term_string}"},"query-input":{"@type":"PropertyValueSpecification","valueRequired":true,"valueName":"search_term_string"}}],"inLanguage":"es"}]}},"_links":{"self":[{"href":"https:\/\/biodynamizer.com\/es\/wp-json\/wp\/v2\/pages\/24702","targetHints":{"allow":["GET"]}}],"collection":[{"href":"https:\/\/biodynamizer.com\/es\/wp-json\/wp\/v2\/pages"}],"about":[{"href":"https:\/\/biodynamizer.com\/es\/wp-json\/wp\/v2\/types\/page"}],"author":[{"embeddable":true,"href":"https:\/\/biodynamizer.com\/es\/wp-json\/wp\/v2\/users\/3"}],"replies":[{"embeddable":true,"href":"https:\/\/biodynamizer.com\/es\/wp-json\/wp\/v2\/comments?post=24702"}],"version-history":[{"count":20,"href":"https:\/\/biodynamizer.com\/es\/wp-json\/wp\/v2\/pages\/24702\/revisions"}],"predecessor-version":[{"id":31319,"href":"https:\/\/biodynamizer.com\/es\/wp-json\/wp\/v2\/pages\/24702\/revisions\/31319"}],"wp:attachment":[{"href":"https:\/\/biodynamizer.com\/es\/wp-json\/wp\/v2\/media?parent=24702"}],"curies":[{"name":"wp","href":"https:\/\/api.w.org\/{rel}","templated":true}]}}