{"id":28563,"date":"2025-09-03T15:48:23","date_gmt":"2025-09-03T15:48:23","guid":{"rendered":"https:\/\/biodynamizer.spleen-creation.be\/?page_id=28563"},"modified":"2026-04-17T07:31:44","modified_gmt":"2026-04-17T07:31:44","slug":"lanalyse-de-sang","status":"publish","type":"page","link":"https:\/\/biodynamizer.com\/es\/analisis-cientificos\/lanalyse-de-sang\/","title":{"rendered":"An\u00e1lisis de sangre"},"content":{"rendered":"<section class=\"l-section wpb_row us_custom_916fdabd height_small\"><div class=\"l-section-h i-cf\"><div class=\"g-cols vc_row via_flex valign_top type_default stacking_default\"><div class=\"vc_col-sm-12 wpb_column vc_column_container\"><div class=\"vc_column-inner\"><div class=\"wpb_wrapper\"><nav class=\"g-breadcrumbs separator_custom align_none\" itemscope itemtype=\"http:\/\/schema.org\/BreadcrumbList\"><div class=\"g-breadcrumbs-item\" itemscope itemprop=\"itemListElement\" itemtype=\"http:\/\/schema.org\/ListItem\"><a itemprop=\"item\" href=\"https:\/\/biodynamizer.com\/es\/\"><span itemprop=\"name\">Inicio<\/span><\/a><meta itemprop=\"position\" content=\"1\"\/><\/div><div class=\"g-breadcrumbs-separator\">\/<\/div><div class=\"g-breadcrumbs-item\">P\u00e1ginas<\/div><\/nav><\/div><\/div><\/div><\/div><\/div><\/section><section class=\"l-section wpb_row fullheader height_large with_img\"><div class=\"l-section-img\" role=\"img\" aria-label=\"Rouleau globules rouges\" data-img-width=\"1536\" data-img-height=\"864\" style=\"background-image: url(https:\/\/biodynamizer.com\/wp-content\/uploads\/2025\/09\/Globule-rouge-rouleau-16.9.png);background-repeat: no-repeat;\"><\/div><div class=\"l-section-h i-cf\"><div class=\"g-cols vc_row via_flex valign_top type_default stacking_default\"><div class=\"vc_col-sm-12 wpb_column vc_column_container has_text_color\"><div class=\"vc_column-inner us_custom_6df4bc3a\"><div class=\"wpb_wrapper\"><div class=\"wpb_text_column\"><div class=\"wpb_wrapper\"><h3 style=\"text-align: center;\">An\u00e1lisis de sangre<\/h3>\n<\/div><\/div><\/div><\/div><\/div><\/div><\/div><\/section><section class=\"l-section wpb_row height_auto\"><div class=\"l-section-h i-cf\"><div class=\"g-cols vc_row via_flex valign_top type_default stacking_default\"><div class=\"vc_col-sm-12 wpb_column vc_column_container\"><div class=\"vc_column-inner\"><div class=\"wpb_wrapper\"><div class=\"w-separator size_medium\"><\/div><div class=\"wpb_text_column\"><div class=\"wpb_wrapper\"><h2 style=\"text-align: center;\"><b>An\u00e1lisis de sangre: \u00a1El agua <\/b><b>biodin\u00e1mizada<\/b> <b>promueve una mejor difusi\u00f3n del ox\u00edgeno en el cuerpo a trav\u00e9s de la sangre!<\/b><\/h2>\n<\/div><\/div><div class=\"wpb_text_column\"><div class=\"wpb_wrapper\"><p style=\"text-align: center;\"><em>An\u00e1lisis realizado con un microscopio Leitz Dialux 20EB, aumentos x 100, x 250, x 400, con campo claro y contraste de fases, el 25.07.2025 por el Dr. JC Lebel,\u00a0 Suiza. Estos an\u00e1lisis fueron confirmados con un microscopio Zeiss con campo claro, aumento x 200, x 400, por el laboratorio IPR (Institut de Pathologie Romand) del Dr. Seelentag, Lonay, Suiza, el 10.09.2025.<\/em><\/p>\n<\/div><\/div><\/div><\/div><\/div><\/div><\/div><\/section><section class=\"l-section wpb_row height_auto\"><div class=\"l-section-h i-cf\"><div class=\"g-cols vc_row via_flex valign_top type_default stacking_default\"><div class=\"vc_col-sm-6 wpb_column vc_column_container\"><div class=\"vc_column-inner\"><div class=\"wpb_wrapper\"><div class=\"w-separator size_medium\"><\/div><div class=\"w-image align_none\"><div class=\"w-image-h\"><img decoding=\"async\" width=\"1024\" height=\"576\" src=\"https:\/\/biodynamizer.com\/wp-content\/uploads\/2025\/09\/Globule-rouge-rouleau-16.9-1024x576.png\" class=\"attachment-large size-large\" alt=\"Rouleau globules rouges\" loading=\"lazy\" srcset=\"https:\/\/biodynamizer.com\/wp-content\/uploads\/2025\/09\/Globule-rouge-rouleau-16.9-1024x576.png 1024w, https:\/\/biodynamizer.com\/wp-content\/uploads\/2025\/09\/Globule-rouge-rouleau-16.9-300x169.png 300w, https:\/\/biodynamizer.com\/wp-content\/uploads\/2025\/09\/Globule-rouge-rouleau-16.9-600x338.png 600w, https:\/\/biodynamizer.com\/wp-content\/uploads\/2025\/09\/Globule-rouge-rouleau-16.9-640x360.png 640w, https:\/\/biodynamizer.com\/wp-content\/uploads\/2025\/09\/Globule-rouge-rouleau-16.9.png 1536w\" sizes=\"auto, (max-width: 1024px) 100vw, 1024px\" \/><\/div><\/div><div class=\"wpb_text_column\"><div class=\"wpb_wrapper\"><p><em>Los gl\u00f3bulos rojos se acumulan, la sangre circula con menos fluidez y difunde menos ox\u00edgeno en el cuerpo.<\/em><\/p>\n<\/div><\/div><\/div><\/div><\/div><div class=\"vc_col-sm-6 wpb_column vc_column_container\"><div class=\"vc_column-inner\"><div class=\"wpb_wrapper\"><div class=\"w-separator size_medium\"><\/div><div class=\"w-image align_none\"><div class=\"w-image-h\"><img decoding=\"async\" width=\"723\" height=\"406\" src=\"https:\/\/biodynamizer.com\/wp-content\/uploads\/2025\/09\/Globule-rouge-Libre-16.9.jpg\" class=\"attachment-large size-large\" alt=\"Capillaire avec des globules rouges en file indienne, endoth\u00e9lium, cuir chevelu humain, grossissement 400x \u00e0 35 mm\" loading=\"lazy\" srcset=\"https:\/\/biodynamizer.com\/wp-content\/uploads\/2025\/09\/Globule-rouge-Libre-16.9.jpg 723w, https:\/\/biodynamizer.com\/wp-content\/uploads\/2025\/09\/Globule-rouge-Libre-16.9-300x168.jpg 300w, https:\/\/biodynamizer.com\/wp-content\/uploads\/2025\/09\/Globule-rouge-Libre-16.9-600x337.jpg 600w, https:\/\/biodynamizer.com\/wp-content\/uploads\/2025\/09\/Globule-rouge-Libre-16.9-640x359.jpg 640w\" sizes=\"auto, (max-width: 723px) 100vw, 723px\" \/><\/div><\/div><div class=\"wpb_text_column\"><div class=\"wpb_wrapper\"><p><em><b>Al desprenderse los gl\u00f3bulos rojos, la sangre absorbe m\u00e1s ox\u00edgeno, circula mejor y difunde m\u00e1s ox\u00edgeno por todo el cuerpo<\/b><\/em><\/p>\n<\/div><\/div><\/div><\/div><\/div><\/div><\/div><\/section><section class=\"l-section wpb_row height_large\"><div class=\"l-section-overlay\" style=\"background:rgba(172,172,172,0.2)\"><\/div><div class=\"l-section-h i-cf\"><div class=\"g-cols vc_row via_flex valign_top type_default stacking_default\"><div class=\"vc_col-sm-12 wpb_column vc_column_container\"><div class=\"vc_column-inner\"><div class=\"wpb_wrapper\"><div class=\"wpb_text_column\"><div class=\"wpb_wrapper\"><p>Se realiz\u00f3 un experimento microsc\u00f3pico con <b>2 grupos de 20 participantes<\/b> (20 bebiendo agua del grifo del cant\u00f3n de Valais y 20 bebiendo agua del grifo Biodinamizada del cant\u00f3n de Valais: filtrada con carb\u00f3n activado y dinamizada mediante el Biodynamizer). Se tomaron dos muestras por paciente, obteni\u00e9ndose un total de <b>80 im\u00e1genes<\/b>. El recuento de gl\u00f3bulos rojos se realiz\u00f3 manualmente.<\/p>\n<p>Objetivo del an\u00e1lisis: evaluar si existe una diferencia observable en la distribuci\u00f3n de gl\u00f3bulos rojos tras el consumo de <b>0,5 l de agua del grifo &gt;&lt; Agua del grifo Biodinamizada &gt; 1 hora<\/b>.<\/p>\n<ul>\n<li>Fase 1 del estudio: 29 de enero de 2026, participantes 1 a 18<\/li>\n<li>Fase 2: 12 y 13 de febrero de 2026, participantes 19 a 32<\/li>\n<li>Fase 3: 19 de marzo de 2026, participantes 33 a 40<\/li>\n<\/ul>\n<p><b>Resultados: <\/b><b>Desapliamento<\/b><b> del rollo de gl\u00f3bulos rojos en un 67,5% &gt; 1 hora despu\u00e9s de beber 50 <\/b><b>cl<\/b><b> de agua del grifo Biodinamizada &gt;&lt; 0 % con agua del grifo<\/b><\/p>\n<\/div><\/div><div class=\"w-separator size_medium\"><\/div><div class=\"w-image align_center\"><div class=\"w-image-h\"><img decoding=\"async\" width=\"1024\" height=\"633\" src=\"https:\/\/biodynamizer.com\/wp-content\/uploads\/2026\/04\/Unstacking-of-red-blood-cells-EN-1-1024x633.png\" class=\"attachment-large size-large\" alt=\"Graphique du d\u00e9sempilement des globules rouges.\" loading=\"lazy\" srcset=\"https:\/\/biodynamizer.com\/wp-content\/uploads\/2026\/04\/Unstacking-of-red-blood-cells-EN-1-1024x633.png 1024w, https:\/\/biodynamizer.com\/wp-content\/uploads\/2026\/04\/Unstacking-of-red-blood-cells-EN-1-300x185.png 300w, https:\/\/biodynamizer.com\/wp-content\/uploads\/2026\/04\/Unstacking-of-red-blood-cells-EN-1-600x371.png 600w\" sizes=\"auto, (max-width: 1024px) 100vw, 1024px\" \/><\/div><\/div><\/div><\/div><\/div><\/div><\/div><\/section><section class=\"l-section wpb_row height_auto\"><div class=\"l-section-h i-cf\"><div class=\"g-cols vc_row via_flex valign_top type_default stacking_default\"><div class=\"vc_col-sm-12 wpb_column vc_column_container\"><div class=\"vc_column-inner\"><div class=\"wpb_wrapper\"><div class=\"w-separator size_medium\"><\/div><div class=\"wpb_text_column\"><div class=\"wpb_wrapper\"><h2 style=\"text-align: center;\"><strong>Resumen de los hallazgos realizados entre el 25.07.2025 y el 19.03.2026<\/strong><\/h2>\n<\/div><\/div><div class=\"w-image align_center\"><div class=\"w-image-h\"><img decoding=\"async\" width=\"1024\" height=\"303\" src=\"https:\/\/biodynamizer.com\/wp-content\/uploads\/2026\/04\/Sang-Globules-Rouges-desempilement-1024x303.png\" class=\"attachment-large size-large\" alt=\"Comparaison du sang avant et apr\u00e8s biodynamisation avec d\u00e9sempilement des globules rouges.\" loading=\"lazy\" srcset=\"https:\/\/biodynamizer.com\/wp-content\/uploads\/2026\/04\/Sang-Globules-Rouges-desempilement-1024x303.png 1024w, https:\/\/biodynamizer.com\/wp-content\/uploads\/2026\/04\/Sang-Globules-Rouges-desempilement-300x89.png 300w, https:\/\/biodynamizer.com\/wp-content\/uploads\/2026\/04\/Sang-Globules-Rouges-desempilement-600x178.png 600w\" sizes=\"auto, (max-width: 1024px) 100vw, 1024px\" \/><\/div><\/div><div class=\"w-separator size_medium\"><\/div><div class=\"w-image align_center\"><div class=\"w-image-h\"><img decoding=\"async\" width=\"1024\" height=\"496\" src=\"https:\/\/biodynamizer.com\/wp-content\/uploads\/2026\/04\/Summary-energy-water-blood-EN-1-1024x496.png\" class=\"attachment-large size-large\" alt=\"\" loading=\"lazy\" srcset=\"https:\/\/biodynamizer.com\/wp-content\/uploads\/2026\/04\/Summary-energy-water-blood-EN-1-1024x496.png 1024w, https:\/\/biodynamizer.com\/wp-content\/uploads\/2026\/04\/Summary-energy-water-blood-EN-1-300x145.png 300w, https:\/\/biodynamizer.com\/wp-content\/uploads\/2026\/04\/Summary-energy-water-blood-EN-1-600x290.png 600w\" sizes=\"auto, (max-width: 1024px) 100vw, 1024px\" \/><\/div><\/div><div class=\"wpb_text_column\"><div class=\"wpb_wrapper\"><p style=\"text-align: center;\"><strong>V\u00e9ase tambi\u00e9n, a este respecto, nuestro <a href=\"https:\/\/biodynamizer.com\/es\/analisis-cientificos\/lanalyse-biophotonique\/\"><span style=\"text-decoration: underline;\">an\u00e1lisis biofot\u00f3nico<\/span><\/a>, que defiende la hip\u00f3tesis de la desapilaci\u00f3n de los gl\u00f3bulos rojos.<\/strong><\/p>\n<\/div><\/div><div class=\"w-separator size_medium\"><\/div><div class=\"w-image align_center\"><div class=\"w-image-h\"><img decoding=\"async\" width=\"1024\" height=\"529\" src=\"https:\/\/biodynamizer.com\/wp-content\/uploads\/2026\/04\/Globulos-rojos-Desaglomeracion-ES-1024x529.png\" class=\"attachment-large size-large\" alt=\"Illustration de la d\u00e9sagr\u00e9gation des globules rouges.\" loading=\"lazy\" srcset=\"https:\/\/biodynamizer.com\/wp-content\/uploads\/2026\/04\/Globulos-rojos-Desaglomeracion-ES-1024x529.png 1024w, https:\/\/biodynamizer.com\/wp-content\/uploads\/2026\/04\/Globulos-rojos-Desaglomeracion-ES-300x155.png 300w, https:\/\/biodynamizer.com\/wp-content\/uploads\/2026\/04\/Globulos-rojos-Desaglomeracion-ES-600x310.png 600w\" sizes=\"auto, (max-width: 1024px) 100vw, 1024px\" \/><\/div><\/div><div class=\"w-separator size_medium\"><\/div><div class=\"w-image align_center\"><div class=\"w-image-h\"><img decoding=\"async\" width=\"1024\" height=\"569\" src=\"https:\/\/biodynamizer.com\/wp-content\/uploads\/2026\/04\/Desaglomeracion-de-Globulos-Rojos-ES-1024x569.png\" class=\"attachment-large size-large\" alt=\"Illustration de la d\u00e9sagr\u00e9gation des globules rouges.\" loading=\"lazy\" srcset=\"https:\/\/biodynamizer.com\/wp-content\/uploads\/2026\/04\/Desaglomeracion-de-Globulos-Rojos-ES-1024x569.png 1024w, https:\/\/biodynamizer.com\/wp-content\/uploads\/2026\/04\/Desaglomeracion-de-Globulos-Rojos-ES-300x167.png 300w, https:\/\/biodynamizer.com\/wp-content\/uploads\/2026\/04\/Desaglomeracion-de-Globulos-Rojos-ES-600x334.png 600w\" sizes=\"auto, (max-width: 1024px) 100vw, 1024px\" \/><\/div><\/div><div class=\"w-separator size_medium\"><\/div><div class=\"w-image align_center\"><div class=\"w-image-h\"><img decoding=\"async\" width=\"1024\" height=\"577\" src=\"https:\/\/biodynamizer.com\/wp-content\/uploads\/2026\/04\/Globulos-Rojos-Oxigeno-ES-1024x577.png\" class=\"attachment-large size-large\" alt=\"Illustration des globules rouges transportant l\u2019oxyg\u00e8ne.\" loading=\"lazy\" srcset=\"https:\/\/biodynamizer.com\/wp-content\/uploads\/2026\/04\/Globulos-Rojos-Oxigeno-ES-1024x577.png 1024w, https:\/\/biodynamizer.com\/wp-content\/uploads\/2026\/04\/Globulos-Rojos-Oxigeno-ES-300x169.png 300w, https:\/\/biodynamizer.com\/wp-content\/uploads\/2026\/04\/Globulos-Rojos-Oxigeno-ES-600x338.png 600w\" sizes=\"auto, (max-width: 1024px) 100vw, 1024px\" \/><\/div><\/div><div class=\"w-separator size_medium\"><\/div><div class=\"w-image align_center\"><div class=\"w-image-h\"><img decoding=\"async\" width=\"1024\" height=\"635\" src=\"https:\/\/biodynamizer.com\/wp-content\/uploads\/2026\/04\/Oxygen-blood-EN-1024x635.png\" class=\"attachment-large size-large\" alt=\"Graphique de l\u2019oxyg\u00e9nation du sang avec d\u00e9sempilement des globules rouges.\" loading=\"lazy\" srcset=\"https:\/\/biodynamizer.com\/wp-content\/uploads\/2026\/04\/Oxygen-blood-EN-1024x635.png 1024w, https:\/\/biodynamizer.com\/wp-content\/uploads\/2026\/04\/Oxygen-blood-EN-300x186.png 300w, https:\/\/biodynamizer.com\/wp-content\/uploads\/2026\/04\/Oxygen-blood-EN-600x372.png 600w\" sizes=\"auto, (max-width: 1024px) 100vw, 1024px\" \/><\/div><\/div><\/div><\/div><\/div><\/div><\/div><\/section><section class=\"l-section wpb_row height_auto\"><div class=\"l-section-h i-cf\"><div class=\"g-cols vc_row via_flex valign_top type_default stacking_default\"><div class=\"vc_col-sm-12 wpb_column vc_column_container\"><div class=\"vc_column-inner\"><div class=\"wpb_wrapper\"><div class=\"w-separator size_medium\"><\/div><div class=\"w-video align_none ratio_16x9 has_iframe\"><div class=\"w-video-h\"><iframe title=\"Youtube video player\" src=\"\/\/www.youtube.com\/embed\/q5oQ41g73iA?autoplay=0&controls=1&origin=https:\/\/biodynamizer.com\/es\/&loop=0&mute=0\" allowfullscreen=\"1\" loading=\"lazy\"><\/iframe><\/div><\/div><div class=\"w-separator size_medium\"><\/div><\/div><\/div><\/div><\/div><\/div><\/section>\n","protected":false},"excerpt":{"rendered":"Inicio\/P\u00e1ginasAn\u00e1lisis de sangre An\u00e1lisis de sangre: \u00a1El agua biodin\u00e1mizada promueve una mejor difusi\u00f3n del ox\u00edgeno en el cuerpo a trav\u00e9s de la sangre! An\u00e1lisis realizado con un microscopio Leitz Dialux 20EB, aumentos x 100, x 250, x 400, con campo claro y contraste de fases, el 25.07.2025 por el Dr. JC Lebel,\u00a0 Suiza. Estos an\u00e1lisis...","protected":false},"author":9,"featured_media":0,"parent":5818,"menu_order":9,"comment_status":"closed","ping_status":"closed","template":"","meta":{"_monsterinsights_skip_tracking":false,"_monsterinsights_sitenote_active":false,"_monsterinsights_sitenote_note":"","_monsterinsights_sitenote_category":0,"footnotes":""},"class_list":["post-28563","page","type-page","status-publish","hentry"],"yoast_head":"<!-- This site is optimized with the Yoast SEO plugin v27.4 - https:\/\/yoast.com\/product\/yoast-seo-wordpress\/ -->\n<title>An\u00e1lisis de sangre - Biodynamizer<\/title>\n<meta name=\"description\" content=\"Biodynamizer - An\u00e1lisis de sangre - En savoir plus sur le biodynamizer et le biofiltre\" \/>\n<meta name=\"robots\" content=\"index, follow, max-snippet:-1, max-image-preview:large, max-video-preview:-1\" \/>\n<link rel=\"canonical\" href=\"https:\/\/biodynamizer.com\/es\/analisis-cientificos\/lanalyse-de-sang\/\" \/>\n<meta property=\"og:locale\" content=\"es_ES\" \/>\n<meta property=\"og:type\" content=\"article\" \/>\n<meta property=\"og:title\" content=\"An\u00e1lisis de sangre - Biodynamizer\" \/>\n<meta property=\"og:description\" content=\"Biodynamizer - An\u00e1lisis de sangre - En savoir plus sur le biodynamizer et le biofiltre\" \/>\n<meta property=\"og:url\" content=\"https:\/\/biodynamizer.com\/es\/analisis-cientificos\/lanalyse-de-sang\/\" \/>\n<meta property=\"og:site_name\" content=\"Biodynamizer\" \/>\n<meta property=\"article:modified_time\" content=\"2026-04-17T07:31:44+00:00\" \/>\n<meta property=\"og:image\" content=\"https:\/\/biodynamizer.com\/wp-content\/uploads\/2019\/11\/Depositphotos_15742931_xl-2015.jpg\" \/>\n\t<meta property=\"og:image:width\" content=\"2000\" \/>\n\t<meta property=\"og:image:height\" content=\"1333\" \/>\n\t<meta property=\"og:image:type\" content=\"image\/jpeg\" \/>\n<meta name=\"twitter:card\" content=\"summary_large_image\" \/>\n<meta name=\"twitter:label1\" content=\"Tiempo de lectura\" \/>\n\t<meta name=\"twitter:data1\" content=\"2 minutos\" \/>\n<script type=\"application\/ld+json\" class=\"yoast-schema-graph\">{\"@context\":\"https:\\\/\\\/schema.org\",\"@graph\":[{\"@type\":\"WebPage\",\"@id\":\"https:\\\/\\\/biodynamizer.com\\\/es\\\/analisis-cientificos\\\/lanalyse-de-sang\\\/\",\"url\":\"https:\\\/\\\/biodynamizer.com\\\/es\\\/analisis-cientificos\\\/lanalyse-de-sang\\\/\",\"name\":\"An\u00e1lisis de sangre - Biodynamizer\",\"isPartOf\":{\"@id\":\"https:\\\/\\\/biodynamizer.com\\\/es\\\/#website\"},\"datePublished\":\"2025-09-03T15:48:23+00:00\",\"dateModified\":\"2026-04-17T07:31:44+00:00\",\"description\":\"Biodynamizer - An\u00e1lisis de sangre - En savoir plus sur le biodynamizer et le biofiltre\",\"breadcrumb\":{\"@id\":\"https:\\\/\\\/biodynamizer.com\\\/es\\\/analisis-cientificos\\\/lanalyse-de-sang\\\/#breadcrumb\"},\"inLanguage\":\"es\",\"potentialAction\":[{\"@type\":\"ReadAction\",\"target\":[\"https:\\\/\\\/biodynamizer.com\\\/es\\\/analisis-cientificos\\\/lanalyse-de-sang\\\/\"]}]},{\"@type\":\"BreadcrumbList\",\"@id\":\"https:\\\/\\\/biodynamizer.com\\\/es\\\/analisis-cientificos\\\/lanalyse-de-sang\\\/#breadcrumb\",\"itemListElement\":[{\"@type\":\"ListItem\",\"position\":1,\"name\":\"Home\",\"item\":\"https:\\\/\\\/biodynamizer.com\\\/es\\\/\"},{\"@type\":\"ListItem\",\"position\":2,\"name\":\"An\u00e1lisis\",\"item\":\"https:\\\/\\\/biodynamizer.com\\\/es\\\/analisis-cientificos\\\/\"},{\"@type\":\"ListItem\",\"position\":3,\"name\":\"An\u00e1lisis de sangre\"}]},{\"@type\":\"WebSite\",\"@id\":\"https:\\\/\\\/biodynamizer.com\\\/es\\\/#website\",\"url\":\"https:\\\/\\\/biodynamizer.com\\\/es\\\/\",\"name\":\"Biodynamizer\",\"description\":\"Filtrez et dynamisez votre eau\",\"potentialAction\":[{\"@type\":\"SearchAction\",\"target\":{\"@type\":\"EntryPoint\",\"urlTemplate\":\"https:\\\/\\\/biodynamizer.com\\\/es\\\/?s={search_term_string}\"},\"query-input\":{\"@type\":\"PropertyValueSpecification\",\"valueRequired\":true,\"valueName\":\"search_term_string\"}}],\"inLanguage\":\"es\"}]}<\/script>\n<!-- \/ Yoast SEO plugin. -->","yoast_head_json":{"title":"An\u00e1lisis de sangre - Biodynamizer","description":"Biodynamizer - An\u00e1lisis de sangre - En savoir plus sur le biodynamizer et le biofiltre","robots":{"index":"index","follow":"follow","max-snippet":"max-snippet:-1","max-image-preview":"max-image-preview:large","max-video-preview":"max-video-preview:-1"},"canonical":"https:\/\/biodynamizer.com\/es\/analisis-cientificos\/lanalyse-de-sang\/","og_locale":"es_ES","og_type":"article","og_title":"An\u00e1lisis de sangre - Biodynamizer","og_description":"Biodynamizer - An\u00e1lisis de sangre - En savoir plus sur le biodynamizer et le biofiltre","og_url":"https:\/\/biodynamizer.com\/es\/analisis-cientificos\/lanalyse-de-sang\/","og_site_name":"Biodynamizer","article_modified_time":"2026-04-17T07:31:44+00:00","og_image":[{"width":2000,"height":1333,"url":"https:\/\/biodynamizer.com\/wp-content\/uploads\/2019\/11\/Depositphotos_15742931_xl-2015.jpg","type":"image\/jpeg"}],"twitter_card":"summary_large_image","twitter_misc":{"Tiempo de lectura":"2 minutos"},"schema":{"@context":"https:\/\/schema.org","@graph":[{"@type":"WebPage","@id":"https:\/\/biodynamizer.com\/es\/analisis-cientificos\/lanalyse-de-sang\/","url":"https:\/\/biodynamizer.com\/es\/analisis-cientificos\/lanalyse-de-sang\/","name":"An\u00e1lisis de sangre - Biodynamizer","isPartOf":{"@id":"https:\/\/biodynamizer.com\/es\/#website"},"datePublished":"2025-09-03T15:48:23+00:00","dateModified":"2026-04-17T07:31:44+00:00","description":"Biodynamizer - An\u00e1lisis de sangre - En savoir plus sur le biodynamizer et le biofiltre","breadcrumb":{"@id":"https:\/\/biodynamizer.com\/es\/analisis-cientificos\/lanalyse-de-sang\/#breadcrumb"},"inLanguage":"es","potentialAction":[{"@type":"ReadAction","target":["https:\/\/biodynamizer.com\/es\/analisis-cientificos\/lanalyse-de-sang\/"]}]},{"@type":"BreadcrumbList","@id":"https:\/\/biodynamizer.com\/es\/analisis-cientificos\/lanalyse-de-sang\/#breadcrumb","itemListElement":[{"@type":"ListItem","position":1,"name":"Home","item":"https:\/\/biodynamizer.com\/es\/"},{"@type":"ListItem","position":2,"name":"An\u00e1lisis","item":"https:\/\/biodynamizer.com\/es\/analisis-cientificos\/"},{"@type":"ListItem","position":3,"name":"An\u00e1lisis de sangre"}]},{"@type":"WebSite","@id":"https:\/\/biodynamizer.com\/es\/#website","url":"https:\/\/biodynamizer.com\/es\/","name":"Biodynamizer","description":"Filtrez et dynamisez votre eau","potentialAction":[{"@type":"SearchAction","target":{"@type":"EntryPoint","urlTemplate":"https:\/\/biodynamizer.com\/es\/?s={search_term_string}"},"query-input":{"@type":"PropertyValueSpecification","valueRequired":true,"valueName":"search_term_string"}}],"inLanguage":"es"}]}},"_links":{"self":[{"href":"https:\/\/biodynamizer.com\/es\/wp-json\/wp\/v2\/pages\/28563","targetHints":{"allow":["GET"]}}],"collection":[{"href":"https:\/\/biodynamizer.com\/es\/wp-json\/wp\/v2\/pages"}],"about":[{"href":"https:\/\/biodynamizer.com\/es\/wp-json\/wp\/v2\/types\/page"}],"author":[{"embeddable":true,"href":"https:\/\/biodynamizer.com\/es\/wp-json\/wp\/v2\/users\/9"}],"replies":[{"embeddable":true,"href":"https:\/\/biodynamizer.com\/es\/wp-json\/wp\/v2\/comments?post=28563"}],"version-history":[{"count":29,"href":"https:\/\/biodynamizer.com\/es\/wp-json\/wp\/v2\/pages\/28563\/revisions"}],"predecessor-version":[{"id":32747,"href":"https:\/\/biodynamizer.com\/es\/wp-json\/wp\/v2\/pages\/28563\/revisions\/32747"}],"up":[{"embeddable":true,"href":"https:\/\/biodynamizer.com\/es\/wp-json\/wp\/v2\/pages\/5818"}],"wp:attachment":[{"href":"https:\/\/biodynamizer.com\/es\/wp-json\/wp\/v2\/media?parent=28563"}],"curies":[{"name":"wp","href":"https:\/\/api.w.org\/{rel}","templated":true}]}}