{"id":28642,"date":"2025-09-03T16:53:21","date_gmt":"2025-09-03T16:53:21","guid":{"rendered":"https:\/\/biodynamizer.spleen-creation.be\/?page_id=28642"},"modified":"2025-09-09T16:24:41","modified_gmt":"2025-09-09T16:24:41","slug":"le-flacon-ohmere","status":"publish","type":"page","link":"https:\/\/biodynamizer.com\/es\/nuestras-soluciones\/el-biodynamizer\/le-flacon-ohmere\/","title":{"rendered":"La botella de Ohm\u00e8re"},"content":{"rendered":"<section class=\"l-section wpb_row us_custom_916fdabd height_small\"><div class=\"l-section-h i-cf\"><div class=\"g-cols vc_row via_flex valign_top type_default stacking_default\"><div class=\"vc_col-sm-12 wpb_column vc_column_container\"><div class=\"vc_column-inner\"><div class=\"wpb_wrapper\"><nav class=\"g-breadcrumbs separator_custom align_none\" itemscope itemtype=\"http:\/\/schema.org\/BreadcrumbList\"><div class=\"g-breadcrumbs-item\" itemscope itemprop=\"itemListElement\" itemtype=\"http:\/\/schema.org\/ListItem\"><a itemprop=\"item\" href=\"https:\/\/biodynamizer.com\/es\/\"><span itemprop=\"name\">Inicio<\/span><\/a><meta itemprop=\"position\" content=\"1\"\/><\/div><div class=\"g-breadcrumbs-separator\">\/<\/div><div class=\"g-breadcrumbs-item\">P\u00e1ginas<\/div><\/nav><\/div><\/div><\/div><\/div><\/div><\/section><section class=\"l-section wpb_row fullheader height_huge with_img\"><div class=\"l-section-img\" role=\"img\" aria-label=\"Onde Scalaire\" data-img-width=\"1563\" data-img-height=\"1563\" style=\"background-image: url(https:\/\/biodynamizer.com\/wp-content\/uploads\/2025\/09\/Onde-Scalaire-Ohmere.png);background-repeat: no-repeat;\"><\/div><div class=\"l-section-h i-cf\"><div class=\"g-cols vc_row via_flex valign_top type_default stacking_default\"><div class=\"vc_col-sm-12 wpb_column vc_column_container has_text_color\"><div class=\"vc_column-inner us_custom_6df4bc3a\"><div class=\"wpb_wrapper\"><div class=\"wpb_text_column us_custom_49627313\"><div class=\"wpb_wrapper\"><h3 style=\"text-align: center; text-shadow: 2px 2px 0 #000000;\">La botella de Ohm\u00e8re : una energia universal que informa al agua<\/h3>\n<\/div><\/div><\/div><\/div><\/div><\/div><\/div><\/section><section class=\"l-section wpb_row height_medium\"><div class=\"l-section-h i-cf\"><div class=\"g-cols vc_row via_flex valign_top type_default stacking_default\"><div class=\"vc_col-sm-8 wpb_column vc_column_container\"><div class=\"vc_column-inner\"><div class=\"wpb_wrapper\"><div class=\"wpb_text_column us_custom_a574d586 imagesideblock has_text_color\"><div class=\"wpb_wrapper\"><h1 style=\"text-align: center;\"><b>Agua <\/b><b>biodin\u00e1mizada<\/b> <b>inspirada en la botella Ohm\u00e8re<\/b><\/h1>\n<\/div><\/div><div class=\"wpb_text_column us_custom_a574d586 has_text_color\"><div class=\"wpb_wrapper\"><p>La botella Ohm\u00e8re, es el <b>21 principio de dinamizaci\u00f3n <\/b>del Biodynamizer, contiene <b>energ\u00eda vital universal<\/b>, estable y persistente, que se transmite al agua biodinamizada. Los principios dinamizantes y minerales de la botella Ohm\u00e8re capturan todas las energ\u00edas contenidas en la botella, las imprimen en el agua dinamizada y las transmiten a quienes la beben o se ba\u00f1an. Pasamos de la energ\u00eda del agua al esp\u00edritu del agua, <b>de un dispositivo energ\u00e9tico a un dispositivo cu\u00e1ntico<\/b>.<\/p>\n<p>Elaborada con <b>agua de mar <\/b>muy pura (de profundidades superiores a 300 m, que encuentra luz y plancton al ascender a la superficie [afloramiento]) y que contiene <b>78 minerales marinos<\/b>.<\/p>\n<p>Le hemos transmitido un <i>potencial<\/i> de energ\u00edas vitales universales mediante un proceso secreto pero natural, junto con un <b>cristal de roca del Himalaya<\/b> y una <b>pepita de oro nativa<\/b>. El Ohm\u00e8re contiene as\u00ed la trilog\u00eda de Mineral, Metal y Cristal.<\/p>\n<p>Esta \u00abenerg\u00eda universal\u00bb contiene un amplio espectro de longitudes de onda favorables para la vida. La botella Ohm\u00e8re es un transmisor de estas frecuencias de Vida, que se transmiten al agua dinamizada al pasar por el Biodynamizer. \u00a1Contiene un <i>potencial<\/i> de energ\u00edas porque \u00e9stas est\u00e1n disponibles para aquellos que quieran <b>resonar libremente <\/b>con ellas!<\/p>\n<\/div><\/div><div class=\"w-image align_left\"><div class=\"w-image-h\"><img decoding=\"async\" width=\"300\" height=\"225\" src=\"https:\/\/biodynamizer.com\/wp-content\/uploads\/2025\/09\/Depositphotos_53733651_xl-2015-300x225.jpg\" class=\"attachment-medium size-medium\" alt=\"Illustration abstraite d\u2019une t\u00eate humaine en fil de fer m\u00eal\u00e9e \u00e0 des formes fractales, \u00e9voquant le cerveau, la pens\u00e9e, l\u2019intuition et la conscience mystique.\" loading=\"lazy\" srcset=\"https:\/\/biodynamizer.com\/wp-content\/uploads\/2025\/09\/Depositphotos_53733651_xl-2015-300x225.jpg 300w, https:\/\/biodynamizer.com\/wp-content\/uploads\/2025\/09\/Depositphotos_53733651_xl-2015-1024x768.jpg 1024w, https:\/\/biodynamizer.com\/wp-content\/uploads\/2025\/09\/Depositphotos_53733651_xl-2015-533x400.jpg 533w, https:\/\/biodynamizer.com\/wp-content\/uploads\/2025\/09\/Depositphotos_53733651_xl-2015-640x480.jpg 640w\" sizes=\"auto, (max-width: 300px) 100vw, 300px\" \/><\/div><\/div><div class=\"w-separator size_small\"><\/div><div class=\"wpb_text_column\"><div class=\"wpb_wrapper\"><p><strong><i>\u00ab\u00a0<\/i><i>Energ\u00eda <\/i><i>codifica, <\/i><i>Agua <\/i><i>codificar, Humana<\/i><i>\u00a0<\/i><i>descodificar <\/i><i>\u00bb<\/i><\/strong><\/p>\n<p>Christophe Carrette<\/p>\n<\/div><\/div><\/div><\/div><\/div><div class=\"vc_col-sm-4 wpb_column vc_column_container\"><div class=\"vc_column-inner\"><div class=\"wpb_wrapper\"><div class=\"w-image align_center\"><div class=\"w-image-h\"><img decoding=\"async\" width=\"1024\" height=\"796\" src=\"https:\/\/biodynamizer.com\/wp-content\/uploads\/2025\/09\/Ohmere-BIG-1024x796.png\" class=\"attachment-large size-large\" alt=\"logo Ohm\u00e8re\" loading=\"lazy\" srcset=\"https:\/\/biodynamizer.com\/wp-content\/uploads\/2025\/09\/Ohmere-BIG-1024x796.png 1024w, https:\/\/biodynamizer.com\/wp-content\/uploads\/2025\/09\/Ohmere-BIG-300x233.png 300w, https:\/\/biodynamizer.com\/wp-content\/uploads\/2025\/09\/Ohmere-BIG-515x400.png 515w, https:\/\/biodynamizer.com\/wp-content\/uploads\/2025\/09\/Ohmere-BIG-640x497.png 640w, https:\/\/biodynamizer.com\/wp-content\/uploads\/2025\/09\/Ohmere-BIG.png 1887w\" sizes=\"auto, (max-width: 1024px) 100vw, 1024px\" \/><\/div><\/div><div class=\"w-separator size_small\"><\/div><div class=\"w-image us_custom_2d0e0edc has_height align_center\"><div class=\"w-image-h\"><img decoding=\"async\" width=\"428\" height=\"1024\" src=\"https:\/\/biodynamizer.com\/wp-content\/uploads\/2025\/09\/Biodynamizer-Ohmere-site-web-428x1024.png\" class=\"attachment-large size-large\" alt=\"\" loading=\"lazy\" srcset=\"https:\/\/biodynamizer.com\/wp-content\/uploads\/2025\/09\/Biodynamizer-Ohmere-site-web-428x1024.png 428w, https:\/\/biodynamizer.com\/wp-content\/uploads\/2025\/09\/Biodynamizer-Ohmere-site-web-125x300.png 125w, https:\/\/biodynamizer.com\/wp-content\/uploads\/2025\/09\/Biodynamizer-Ohmere-site-web-167x400.png 167w, https:\/\/biodynamizer.com\/wp-content\/uploads\/2025\/09\/Biodynamizer-Ohmere-site-web-640x1530.png 640w, https:\/\/biodynamizer.com\/wp-content\/uploads\/2025\/09\/Biodynamizer-Ohmere-site-web.png 1035w\" sizes=\"auto, (max-width: 428px) 100vw, 428px\" \/><\/div><\/div><\/div><\/div><\/div><\/div><\/div><\/section>\n","protected":false},"excerpt":{"rendered":"Inicio\/P\u00e1ginasLa botella de Ohm\u00e8re : una energia universal que informa al agua Agua biodin\u00e1mizada inspirada en la botella Ohm\u00e8re La botella Ohm\u00e8re, es el 21 principio de dinamizaci\u00f3n del Biodynamizer, contiene energ\u00eda vital universal, estable y persistente, que se transmite al agua biodinamizada. Los principios dinamizantes y minerales de la botella Ohm\u00e8re capturan todas las...","protected":false},"author":9,"featured_media":0,"parent":5979,"menu_order":8,"comment_status":"closed","ping_status":"closed","template":"","meta":{"_monsterinsights_skip_tracking":false,"_monsterinsights_sitenote_active":false,"_monsterinsights_sitenote_note":"","_monsterinsights_sitenote_category":0,"footnotes":""},"class_list":["post-28642","page","type-page","status-publish","hentry"],"yoast_head":"<!-- This site is optimized with the Yoast SEO plugin v27.4 - https:\/\/yoast.com\/product\/yoast-seo-wordpress\/ -->\n<title>La botella de Ohm\u00e8re - Biodynamizer<\/title>\n<meta name=\"description\" content=\"Biodynamizer - La botella de Ohm\u00e8re - En savoir plus sur le biodynamizer et le biofiltre\" \/>\n<meta name=\"robots\" content=\"index, follow, max-snippet:-1, max-image-preview:large, max-video-preview:-1\" \/>\n<link rel=\"canonical\" href=\"https:\/\/biodynamizer.com\/es\/nuestras-soluciones\/el-biodynamizer\/le-flacon-ohmere\/\" \/>\n<meta property=\"og:locale\" content=\"es_ES\" \/>\n<meta property=\"og:type\" content=\"article\" \/>\n<meta property=\"og:title\" content=\"La botella de Ohm\u00e8re - Biodynamizer\" \/>\n<meta property=\"og:description\" content=\"Biodynamizer - La botella de Ohm\u00e8re - En savoir plus sur le biodynamizer et le biofiltre\" \/>\n<meta property=\"og:url\" content=\"https:\/\/biodynamizer.com\/es\/nuestras-soluciones\/el-biodynamizer\/le-flacon-ohmere\/\" \/>\n<meta property=\"og:site_name\" content=\"Biodynamizer\" \/>\n<meta property=\"article:modified_time\" content=\"2025-09-09T16:24:41+00:00\" \/>\n<meta property=\"og:image\" content=\"https:\/\/biodynamizer.com\/wp-content\/uploads\/2019\/11\/Depositphotos_15742931_xl-2015.jpg\" \/>\n\t<meta property=\"og:image:width\" content=\"2000\" \/>\n\t<meta property=\"og:image:height\" content=\"1333\" \/>\n\t<meta property=\"og:image:type\" content=\"image\/jpeg\" \/>\n<meta name=\"twitter:card\" content=\"summary_large_image\" \/>\n<meta name=\"twitter:label1\" content=\"Tiempo de lectura\" \/>\n\t<meta name=\"twitter:data1\" content=\"2 minutos\" \/>\n<script type=\"application\/ld+json\" class=\"yoast-schema-graph\">{\"@context\":\"https:\\\/\\\/schema.org\",\"@graph\":[{\"@type\":\"WebPage\",\"@id\":\"https:\\\/\\\/biodynamizer.com\\\/es\\\/nuestras-soluciones\\\/el-biodynamizer\\\/le-flacon-ohmere\\\/\",\"url\":\"https:\\\/\\\/biodynamizer.com\\\/es\\\/nuestras-soluciones\\\/el-biodynamizer\\\/le-flacon-ohmere\\\/\",\"name\":\"La botella de Ohm\u00e8re - Biodynamizer\",\"isPartOf\":{\"@id\":\"https:\\\/\\\/biodynamizer.com\\\/es\\\/#website\"},\"datePublished\":\"2025-09-03T16:53:21+00:00\",\"dateModified\":\"2025-09-09T16:24:41+00:00\",\"description\":\"Biodynamizer - La botella de Ohm\u00e8re - En savoir plus sur le biodynamizer et le biofiltre\",\"breadcrumb\":{\"@id\":\"https:\\\/\\\/biodynamizer.com\\\/es\\\/nuestras-soluciones\\\/el-biodynamizer\\\/le-flacon-ohmere\\\/#breadcrumb\"},\"inLanguage\":\"es\",\"potentialAction\":[{\"@type\":\"ReadAction\",\"target\":[\"https:\\\/\\\/biodynamizer.com\\\/es\\\/nuestras-soluciones\\\/el-biodynamizer\\\/le-flacon-ohmere\\\/\"]}]},{\"@type\":\"BreadcrumbList\",\"@id\":\"https:\\\/\\\/biodynamizer.com\\\/es\\\/nuestras-soluciones\\\/el-biodynamizer\\\/le-flacon-ohmere\\\/#breadcrumb\",\"itemListElement\":[{\"@type\":\"ListItem\",\"position\":1,\"name\":\"Home\",\"item\":\"https:\\\/\\\/biodynamizer.com\\\/es\\\/\"},{\"@type\":\"ListItem\",\"position\":2,\"name\":\"Nuestras soluciones\",\"item\":\"https:\\\/\\\/biodynamizer.com\\\/es\\\/nuestras-soluciones\\\/\"},{\"@type\":\"ListItem\",\"position\":3,\"name\":\"El Biodynamizer\",\"item\":\"https:\\\/\\\/biodynamizer.com\\\/es\\\/nuestras-soluciones\\\/el-biodynamizer\\\/\"},{\"@type\":\"ListItem\",\"position\":4,\"name\":\"La botella de Ohm\u00e8re\"}]},{\"@type\":\"WebSite\",\"@id\":\"https:\\\/\\\/biodynamizer.com\\\/es\\\/#website\",\"url\":\"https:\\\/\\\/biodynamizer.com\\\/es\\\/\",\"name\":\"Biodynamizer\",\"description\":\"Filtrez et dynamisez votre eau\",\"potentialAction\":[{\"@type\":\"SearchAction\",\"target\":{\"@type\":\"EntryPoint\",\"urlTemplate\":\"https:\\\/\\\/biodynamizer.com\\\/es\\\/?s={search_term_string}\"},\"query-input\":{\"@type\":\"PropertyValueSpecification\",\"valueRequired\":true,\"valueName\":\"search_term_string\"}}],\"inLanguage\":\"es\"}]}<\/script>\n<!-- \/ Yoast SEO plugin. -->","yoast_head_json":{"title":"La botella de Ohm\u00e8re - Biodynamizer","description":"Biodynamizer - La botella de Ohm\u00e8re - En savoir plus sur le biodynamizer et le biofiltre","robots":{"index":"index","follow":"follow","max-snippet":"max-snippet:-1","max-image-preview":"max-image-preview:large","max-video-preview":"max-video-preview:-1"},"canonical":"https:\/\/biodynamizer.com\/es\/nuestras-soluciones\/el-biodynamizer\/le-flacon-ohmere\/","og_locale":"es_ES","og_type":"article","og_title":"La botella de Ohm\u00e8re - Biodynamizer","og_description":"Biodynamizer - La botella de Ohm\u00e8re - En savoir plus sur le biodynamizer et le biofiltre","og_url":"https:\/\/biodynamizer.com\/es\/nuestras-soluciones\/el-biodynamizer\/le-flacon-ohmere\/","og_site_name":"Biodynamizer","article_modified_time":"2025-09-09T16:24:41+00:00","og_image":[{"width":2000,"height":1333,"url":"https:\/\/biodynamizer.com\/wp-content\/uploads\/2019\/11\/Depositphotos_15742931_xl-2015.jpg","type":"image\/jpeg"}],"twitter_card":"summary_large_image","twitter_misc":{"Tiempo de lectura":"2 minutos"},"schema":{"@context":"https:\/\/schema.org","@graph":[{"@type":"WebPage","@id":"https:\/\/biodynamizer.com\/es\/nuestras-soluciones\/el-biodynamizer\/le-flacon-ohmere\/","url":"https:\/\/biodynamizer.com\/es\/nuestras-soluciones\/el-biodynamizer\/le-flacon-ohmere\/","name":"La botella de Ohm\u00e8re - Biodynamizer","isPartOf":{"@id":"https:\/\/biodynamizer.com\/es\/#website"},"datePublished":"2025-09-03T16:53:21+00:00","dateModified":"2025-09-09T16:24:41+00:00","description":"Biodynamizer - La botella de Ohm\u00e8re - En savoir plus sur le biodynamizer et le biofiltre","breadcrumb":{"@id":"https:\/\/biodynamizer.com\/es\/nuestras-soluciones\/el-biodynamizer\/le-flacon-ohmere\/#breadcrumb"},"inLanguage":"es","potentialAction":[{"@type":"ReadAction","target":["https:\/\/biodynamizer.com\/es\/nuestras-soluciones\/el-biodynamizer\/le-flacon-ohmere\/"]}]},{"@type":"BreadcrumbList","@id":"https:\/\/biodynamizer.com\/es\/nuestras-soluciones\/el-biodynamizer\/le-flacon-ohmere\/#breadcrumb","itemListElement":[{"@type":"ListItem","position":1,"name":"Home","item":"https:\/\/biodynamizer.com\/es\/"},{"@type":"ListItem","position":2,"name":"Nuestras soluciones","item":"https:\/\/biodynamizer.com\/es\/nuestras-soluciones\/"},{"@type":"ListItem","position":3,"name":"El Biodynamizer","item":"https:\/\/biodynamizer.com\/es\/nuestras-soluciones\/el-biodynamizer\/"},{"@type":"ListItem","position":4,"name":"La botella de Ohm\u00e8re"}]},{"@type":"WebSite","@id":"https:\/\/biodynamizer.com\/es\/#website","url":"https:\/\/biodynamizer.com\/es\/","name":"Biodynamizer","description":"Filtrez et dynamisez votre eau","potentialAction":[{"@type":"SearchAction","target":{"@type":"EntryPoint","urlTemplate":"https:\/\/biodynamizer.com\/es\/?s={search_term_string}"},"query-input":{"@type":"PropertyValueSpecification","valueRequired":true,"valueName":"search_term_string"}}],"inLanguage":"es"}]}},"_links":{"self":[{"href":"https:\/\/biodynamizer.com\/es\/wp-json\/wp\/v2\/pages\/28642","targetHints":{"allow":["GET"]}}],"collection":[{"href":"https:\/\/biodynamizer.com\/es\/wp-json\/wp\/v2\/pages"}],"about":[{"href":"https:\/\/biodynamizer.com\/es\/wp-json\/wp\/v2\/types\/page"}],"author":[{"embeddable":true,"href":"https:\/\/biodynamizer.com\/es\/wp-json\/wp\/v2\/users\/9"}],"replies":[{"embeddable":true,"href":"https:\/\/biodynamizer.com\/es\/wp-json\/wp\/v2\/comments?post=28642"}],"version-history":[{"count":6,"href":"https:\/\/biodynamizer.com\/es\/wp-json\/wp\/v2\/pages\/28642\/revisions"}],"predecessor-version":[{"id":28910,"href":"https:\/\/biodynamizer.com\/es\/wp-json\/wp\/v2\/pages\/28642\/revisions\/28910"}],"up":[{"embeddable":true,"href":"https:\/\/biodynamizer.com\/es\/wp-json\/wp\/v2\/pages\/5979"}],"wp:attachment":[{"href":"https:\/\/biodynamizer.com\/es\/wp-json\/wp\/v2\/media?parent=28642"}],"curies":[{"name":"wp","href":"https:\/\/api.w.org\/{rel}","templated":true}]}}