{"id":5803,"date":"2020-11-09T14:52:36","date_gmt":"2020-11-09T14:52:36","guid":{"rendered":"https:\/\/biodynamizer.spleen-creation.be\/le-biolimescaler\/"},"modified":"2026-01-12T16:30:17","modified_gmt":"2026-01-12T16:30:17","slug":"el-biolimescaler","status":"publish","type":"page","link":"https:\/\/biodynamizer.com\/es\/nuestras-soluciones\/el-biolimescaler\/","title":{"rendered":"El Biolimescaler\u00ae"},"content":{"rendered":"<section class=\"l-section wpb_row us_custom_916fdabd height_small\"><div class=\"l-section-h i-cf\"><div class=\"g-cols vc_row via_flex valign_top type_default stacking_default\"><div class=\"vc_col-sm-12 wpb_column vc_column_container\"><div class=\"vc_column-inner\"><div class=\"wpb_wrapper\"><nav class=\"g-breadcrumbs separator_custom align_none\" itemscope itemtype=\"http:\/\/schema.org\/BreadcrumbList\"><div class=\"g-breadcrumbs-item\" itemscope itemprop=\"itemListElement\" itemtype=\"http:\/\/schema.org\/ListItem\"><a itemprop=\"item\" href=\"https:\/\/biodynamizer.com\/es\/\"><span itemprop=\"name\">Inicio<\/span><\/a><meta itemprop=\"position\" content=\"1\"\/><\/div><div class=\"g-breadcrumbs-separator\">\/<\/div><div class=\"g-breadcrumbs-item\">P\u00e1ginas<\/div><\/nav><\/div><\/div><\/div><\/div><\/div><\/section><section class=\"l-section wpb_row us_custom_72fc42ef height_auto width_full\"><div class=\"l-section-h i-cf\"><div class=\"g-cols vc_row via_flex valign_top type_default stacking_default\"><div class=\"vc_col-sm-6 wpb_column vc_column_container max500 has_text_color\"><div class=\"vc_column-inner us_custom_4dcae655\"><div class=\"wpb_wrapper\"><div class=\"w-image align_center\"><div class=\"w-image-h\"><img decoding=\"async\" width=\"1024\" height=\"684\" src=\"https:\/\/biodynamizer.com\/wp-content\/uploads\/2020\/10\/Depositphotos_93095260_xl-2015-1024x684.jpg\" class=\"attachment-large size-large\" alt=\"\" loading=\"lazy\" srcset=\"https:\/\/biodynamizer.com\/wp-content\/uploads\/2020\/10\/Depositphotos_93095260_xl-2015-1024x684.jpg 1024w, https:\/\/biodynamizer.com\/wp-content\/uploads\/2020\/10\/Depositphotos_93095260_xl-2015-300x200.jpg 300w, https:\/\/biodynamizer.com\/wp-content\/uploads\/2020\/10\/Depositphotos_93095260_xl-2015-1536x1025.jpg 1536w, https:\/\/biodynamizer.com\/wp-content\/uploads\/2020\/10\/Depositphotos_93095260_xl-2015-2048x1367.jpg 2048w, https:\/\/biodynamizer.com\/wp-content\/uploads\/2020\/10\/Depositphotos_93095260_xl-2015-600x400.jpg 600w\" sizes=\"auto, (max-width: 1024px) 100vw, 1024px\" \/><\/div><\/div><\/div><\/div><\/div><div class=\"vc_col-sm-6 wpb_column vc_column_container tekstsideblock\"><div class=\"vc_column-inner\"><div class=\"wpb_wrapper\"><div class=\"wpb_text_column\"><div class=\"wpb_wrapper\"><h2>El Biolimescaler\u00ae: Dispositivo adicional de tratamiento de piedra caliza para aguas muy duras (por encima de los 40\u00b0 f, grados franceses)<\/h2>\n<\/div><\/div><div class=\"wpb_text_column\"><div class=\"wpb_wrapper\"><ul>\n<li>Toda el agua mineralizada (incluida el agua del grifo)<strong> contiene caliza que bajo el efecto del calor<\/strong>, se transforma en cal, inicialmente en forma de <strong>aragonito<\/strong> (cal m\u00e1s blanda y soluble) que finalmente se transforma en <strong>calcita<\/strong> (cal dura y compacta que se asienta y endurece dentro de las tuber\u00edas sanitarias).<\/li>\n<li>Esta caliza se precipitar\u00e1 alrededor de las resistencias <strong>del calentador de agua<\/strong> (que calienta el agua hasta un m\u00e1ximo de 55\u00b0C) y se transformar\u00e1 en incrustaciones, lo que reducir\u00e1 su eficiencia energ\u00e9tica, pero, a largo plazo, tambi\u00e9n se incrustar\u00e1 dentro de las <strong>tuber\u00edas sanitarias<\/strong> con el riesgo de obstruirlas!<\/li>\n<li>Para evitar estos inconvenientes es aconsejable, por lo tanto, <strong>tratar esta piedra caliza<\/strong> <strong>transformando su estructura mineral\u00f3gica<\/strong> para hacerla m\u00e1s <strong>soluble<\/strong>, lo que impide que se incruste. La cal, por lo tanto, sigue presente en el agua pero <strong>ya no tiene ninguna desventaja.<\/strong><\/li>\n<\/ul>\n<\/div><\/div><\/div><\/div><\/div><\/div><\/div><\/section><section class=\"l-section wpb_row height_medium\"><div class=\"l-section-h i-cf\"><div class=\"g-cols vc_row via_flex valign_top type_default stacking_default\"><div class=\"vc_col-sm-6 wpb_column vc_column_container\"><div class=\"vc_column-inner\"><div class=\"wpb_wrapper\"><div class=\"wpb_text_column\"><div class=\"wpb_wrapper\"><ul>\n<li>Gracias a sus imanes permanentes y a los campos magn\u00e9ticos generados, el Biodinamizador trata la piedra caliza para toda el agua del grifo con una dureza de hasta 40\u00b0 f (grado franc\u00e9s).<\/li>\n<li><strong>Por encima de 40 \u00b0f<\/strong> de dureza del agua de la ciudad (agua muy dura) por lo tanto aconsejamos instalar <strong>un dispositivo adicional de tratamiento de la piedra caliza<\/strong>, el <strong>Biolimescaler<\/strong> \u00ae (adem\u00e1s del Biodinamizador \u00ae). Trata la cal impidiendo que su <strong>estructura mineral\u00f3gica en forma de aragonito se transforme en calcita<\/strong>, as\u00ed como <strong>la morfolog\u00eda de los cristales de cal<\/strong> (su tama\u00f1o aumenta = germinaci\u00f3n temprana de la cal). Adem\u00e1s, el Biolimescaler\u00ae ayuda a <strong>eliminar las incrustaciones existentes <\/strong>en las tuber\u00edas<strong>.<\/strong><\/li>\n<li>El Biolimescaler\u00ae consiste en 12 imanes naturales hechos de una aleaci\u00f3n de samario y cobalto rodeados de tefl\u00f3n de grado alimentario que producen un intenso campo magn\u00e9tico alterno (NS\/SN) de 10.000 Gauss (1 T). Resultado:\n<ul>\n<li>No hay m\u00e1s adhesi\u00f3n de escamas dentro de las tuber\u00edas sanitarias.<\/li>\n<li>Las viejas incrustaciones de piedra caliza est\u00e1n desapareciendo&#8230;<\/li>\n<li>La masa de escamas que queda alrededor de las resistencias y en el fondo de la caldera disminuye muy claramente.<\/li>\n<li>El Biolimescaler\u00ae no requiere mantenimiento, ni consumibles, ni electricidad, ni evacuaci\u00f3n y est\u00e1 garantizado de por vida!<\/li>\n<\/ul>\n<\/li>\n<\/ul>\n<\/div><\/div><div class=\"w-separator size_medium\"><\/div><div class=\"wpb_text_column\"><div class=\"wpb_wrapper\"><h2>Ficha t\u00e9cnica del Biolimescaler<\/h2>\n<\/div><\/div><div class=\"wpb_text_column\"><div class=\"wpb_wrapper\"><p>Las ventajas del Biolimescaler\u00ae:<\/p>\n<ul>\n<li><strong>Est\u00e1 garantizada de por vida<\/strong><\/li>\n<li>No requiere ning\u00fan tipo de mantenimiento<\/li>\n<li>No requiere ninguna conexi\u00f3n el\u00e9ctrica<\/li>\n<li>No requiere sal u otros productos qu\u00edmicos<\/li>\n<li>100% ecol\u00f3gico y bueno para el medio ambiente<\/li>\n<li>Extiende la vida \u00fatil de sus instalaciones<\/li>\n<li>Trata la cal a lo largo de toda la longitud de las tuber\u00edas sanitarias del edificio (independientemente de su longitud)<\/li>\n<\/ul>\n<\/div><\/div><div class=\"w-separator size_medium\"><\/div><div class=\"wpb_text_column\"><div class=\"wpb_wrapper\"><h2>Caracter\u00edsticas t\u00e9cnicas del Biolimescaler\u00ae:<\/h2>\n<ul>\n<li>Conexiones: di\u00e1metro \u00be pulgada masculina (la colocaci\u00f3n puede hacerse en ambas direcciones)<\/li>\n<li>Dimensiones: 60 x 135 mm<\/li>\n<li>Peso: 1,7 Kg.<\/li>\n<li>Capacidad (tasa de flujo): 60 litros\/minuto<\/li>\n<li>Solo se puede utilizar solo en el circuito de agua fr\u00eda a un m\u00e1ximo de 35\u00b0C !<\/li>\n<\/ul>\n<\/div><\/div><\/div><\/div><\/div><div class=\"vc_col-sm-6 wpb_column vc_column_container\"><div class=\"vc_column-inner\"><div class=\"wpb_wrapper\"><div class=\"w-image align_center\"><div class=\"w-image-h\"><img decoding=\"async\" width=\"521\" height=\"650\" src=\"https:\/\/biodynamizer.com\/wp-content\/uploads\/2023\/07\/New-ARA-incline\u0301-sans-logo.png\" class=\"attachment-large size-large\" alt=\"New ARA incline\u0301\" loading=\"lazy\" srcset=\"https:\/\/biodynamizer.com\/wp-content\/uploads\/2023\/07\/New-ARA-incline\u0301-sans-logo.png 521w, https:\/\/biodynamizer.com\/wp-content\/uploads\/2023\/07\/New-ARA-incline\u0301-sans-logo-240x300.png 240w, https:\/\/biodynamizer.com\/wp-content\/uploads\/2023\/07\/New-ARA-incline\u0301-sans-logo-321x400.png 321w\" sizes=\"auto, (max-width: 521px) 100vw, 521px\" \/><\/div><\/div><div class=\"w-separator size_medium\"><\/div><div class=\"w-image align_left\"><div class=\"w-image-h\"><img decoding=\"async\" width=\"205\" height=\"300\" src=\"https:\/\/biodynamizer.com\/wp-content\/uploads\/2021\/06\/Picto-garantie-a-vie-EN-205x300.png\" class=\"attachment-medium size-medium\" alt=\"Picto garantie \u00e0 vie\" loading=\"lazy\" srcset=\"https:\/\/biodynamizer.com\/wp-content\/uploads\/2021\/06\/Picto-garantie-a-vie-EN-205x300.png 205w, https:\/\/biodynamizer.com\/wp-content\/uploads\/2021\/06\/Picto-garantie-a-vie-EN-700x1024.png 700w, https:\/\/biodynamizer.com\/wp-content\/uploads\/2021\/06\/Picto-garantie-a-vie-EN.png 1386w\" sizes=\"auto, (max-width: 205px) 100vw, 205px\" \/><\/div><\/div><\/div><\/div><\/div><\/div><\/div><\/section><section class=\"l-section wpb_row height_auto\"><div class=\"l-section-h i-cf\"><div class=\"g-cols vc_row via_flex valign_top type_default stacking_default\"><div class=\"vc_col-sm-12 wpb_column vc_column_container\"><div class=\"vc_column-inner\"><div class=\"wpb_wrapper\"><\/div><\/div><\/div><\/div><\/div><\/section>\n","protected":false},"excerpt":{"rendered":"Inicio\/P\u00e1ginasEl Biolimescaler\u00ae: Dispositivo adicional de tratamiento de piedra caliza para aguas muy duras (por encima de los 40\u00b0 f, grados franceses) Toda el agua mineralizada (incluida el agua del grifo) contiene caliza que bajo el efecto del calor, se transforma en cal, inicialmente en forma de aragonito (cal m\u00e1s blanda y soluble) que finalmente se...","protected":false},"author":3,"featured_media":0,"parent":5963,"menu_order":2,"comment_status":"closed","ping_status":"closed","template":"","meta":{"_monsterinsights_skip_tracking":false,"_monsterinsights_sitenote_active":false,"_monsterinsights_sitenote_note":"","_monsterinsights_sitenote_category":0,"footnotes":""},"class_list":["post-5803","page","type-page","status-publish","hentry"],"yoast_head":"<!-- This site is optimized with the Yoast SEO plugin v27.4 - https:\/\/yoast.com\/product\/yoast-seo-wordpress\/ -->\n<title>El Biolimescaler\u00ae - Biodynamizer<\/title>\n<meta name=\"description\" content=\"Biodynamizer - El Biolimescaler\u00ae - En savoir plus sur le biodynamizer et le biofiltre\" \/>\n<meta name=\"robots\" content=\"index, follow, max-snippet:-1, max-image-preview:large, max-video-preview:-1\" \/>\n<link rel=\"canonical\" href=\"https:\/\/biodynamizer.com\/es\/nuestras-soluciones\/el-biolimescaler\/\" \/>\n<meta property=\"og:locale\" content=\"es_ES\" \/>\n<meta property=\"og:type\" content=\"article\" \/>\n<meta property=\"og:title\" content=\"El Biolimescaler\u00ae - Biodynamizer\" \/>\n<meta property=\"og:description\" content=\"Biodynamizer - El Biolimescaler\u00ae - En savoir plus sur le biodynamizer et le biofiltre\" \/>\n<meta property=\"og:url\" content=\"https:\/\/biodynamizer.com\/es\/nuestras-soluciones\/el-biolimescaler\/\" \/>\n<meta property=\"og:site_name\" content=\"Biodynamizer\" \/>\n<meta property=\"article:modified_time\" content=\"2026-01-12T16:30:17+00:00\" \/>\n<meta property=\"og:image\" content=\"https:\/\/biodynamizer.com\/wp-content\/uploads\/2019\/11\/Depositphotos_15742931_xl-2015.jpg\" \/>\n\t<meta property=\"og:image:width\" content=\"2000\" \/>\n\t<meta property=\"og:image:height\" content=\"1333\" \/>\n\t<meta property=\"og:image:type\" content=\"image\/jpeg\" \/>\n<meta name=\"twitter:card\" content=\"summary_large_image\" \/>\n<meta name=\"twitter:label1\" content=\"Tiempo de lectura\" \/>\n\t<meta name=\"twitter:data1\" content=\"3 minutos\" \/>\n<script type=\"application\/ld+json\" class=\"yoast-schema-graph\">{\"@context\":\"https:\\\/\\\/schema.org\",\"@graph\":[{\"@type\":\"WebPage\",\"@id\":\"https:\\\/\\\/biodynamizer.com\\\/es\\\/nuestras-soluciones\\\/el-biolimescaler\\\/\",\"url\":\"https:\\\/\\\/biodynamizer.com\\\/es\\\/nuestras-soluciones\\\/el-biolimescaler\\\/\",\"name\":\"El Biolimescaler\u00ae - Biodynamizer\",\"isPartOf\":{\"@id\":\"https:\\\/\\\/biodynamizer.com\\\/es\\\/#website\"},\"datePublished\":\"2020-11-09T14:52:36+00:00\",\"dateModified\":\"2026-01-12T16:30:17+00:00\",\"description\":\"Biodynamizer - El Biolimescaler\u00ae - En savoir plus sur le biodynamizer et le biofiltre\",\"breadcrumb\":{\"@id\":\"https:\\\/\\\/biodynamizer.com\\\/es\\\/nuestras-soluciones\\\/el-biolimescaler\\\/#breadcrumb\"},\"inLanguage\":\"es\",\"potentialAction\":[{\"@type\":\"ReadAction\",\"target\":[\"https:\\\/\\\/biodynamizer.com\\\/es\\\/nuestras-soluciones\\\/el-biolimescaler\\\/\"]}]},{\"@type\":\"BreadcrumbList\",\"@id\":\"https:\\\/\\\/biodynamizer.com\\\/es\\\/nuestras-soluciones\\\/el-biolimescaler\\\/#breadcrumb\",\"itemListElement\":[{\"@type\":\"ListItem\",\"position\":1,\"name\":\"Home\",\"item\":\"https:\\\/\\\/biodynamizer.com\\\/es\\\/\"},{\"@type\":\"ListItem\",\"position\":2,\"name\":\"Nuestras soluciones\",\"item\":\"https:\\\/\\\/biodynamizer.com\\\/es\\\/nuestras-soluciones\\\/\"},{\"@type\":\"ListItem\",\"position\":3,\"name\":\"El Biolimescaler\u00ae\"}]},{\"@type\":\"WebSite\",\"@id\":\"https:\\\/\\\/biodynamizer.com\\\/es\\\/#website\",\"url\":\"https:\\\/\\\/biodynamizer.com\\\/es\\\/\",\"name\":\"Biodynamizer\",\"description\":\"Filtrez et dynamisez votre eau\",\"potentialAction\":[{\"@type\":\"SearchAction\",\"target\":{\"@type\":\"EntryPoint\",\"urlTemplate\":\"https:\\\/\\\/biodynamizer.com\\\/es\\\/?s={search_term_string}\"},\"query-input\":{\"@type\":\"PropertyValueSpecification\",\"valueRequired\":true,\"valueName\":\"search_term_string\"}}],\"inLanguage\":\"es\"}]}<\/script>\n<!-- \/ Yoast SEO plugin. -->","yoast_head_json":{"title":"El Biolimescaler\u00ae - Biodynamizer","description":"Biodynamizer - El Biolimescaler\u00ae - En savoir plus sur le biodynamizer et le biofiltre","robots":{"index":"index","follow":"follow","max-snippet":"max-snippet:-1","max-image-preview":"max-image-preview:large","max-video-preview":"max-video-preview:-1"},"canonical":"https:\/\/biodynamizer.com\/es\/nuestras-soluciones\/el-biolimescaler\/","og_locale":"es_ES","og_type":"article","og_title":"El Biolimescaler\u00ae - Biodynamizer","og_description":"Biodynamizer - El Biolimescaler\u00ae - En savoir plus sur le biodynamizer et le biofiltre","og_url":"https:\/\/biodynamizer.com\/es\/nuestras-soluciones\/el-biolimescaler\/","og_site_name":"Biodynamizer","article_modified_time":"2026-01-12T16:30:17+00:00","og_image":[{"width":2000,"height":1333,"url":"https:\/\/biodynamizer.com\/wp-content\/uploads\/2019\/11\/Depositphotos_15742931_xl-2015.jpg","type":"image\/jpeg"}],"twitter_card":"summary_large_image","twitter_misc":{"Tiempo de lectura":"3 minutos"},"schema":{"@context":"https:\/\/schema.org","@graph":[{"@type":"WebPage","@id":"https:\/\/biodynamizer.com\/es\/nuestras-soluciones\/el-biolimescaler\/","url":"https:\/\/biodynamizer.com\/es\/nuestras-soluciones\/el-biolimescaler\/","name":"El Biolimescaler\u00ae - Biodynamizer","isPartOf":{"@id":"https:\/\/biodynamizer.com\/es\/#website"},"datePublished":"2020-11-09T14:52:36+00:00","dateModified":"2026-01-12T16:30:17+00:00","description":"Biodynamizer - El Biolimescaler\u00ae - En savoir plus sur le biodynamizer et le biofiltre","breadcrumb":{"@id":"https:\/\/biodynamizer.com\/es\/nuestras-soluciones\/el-biolimescaler\/#breadcrumb"},"inLanguage":"es","potentialAction":[{"@type":"ReadAction","target":["https:\/\/biodynamizer.com\/es\/nuestras-soluciones\/el-biolimescaler\/"]}]},{"@type":"BreadcrumbList","@id":"https:\/\/biodynamizer.com\/es\/nuestras-soluciones\/el-biolimescaler\/#breadcrumb","itemListElement":[{"@type":"ListItem","position":1,"name":"Home","item":"https:\/\/biodynamizer.com\/es\/"},{"@type":"ListItem","position":2,"name":"Nuestras soluciones","item":"https:\/\/biodynamizer.com\/es\/nuestras-soluciones\/"},{"@type":"ListItem","position":3,"name":"El Biolimescaler\u00ae"}]},{"@type":"WebSite","@id":"https:\/\/biodynamizer.com\/es\/#website","url":"https:\/\/biodynamizer.com\/es\/","name":"Biodynamizer","description":"Filtrez et dynamisez votre eau","potentialAction":[{"@type":"SearchAction","target":{"@type":"EntryPoint","urlTemplate":"https:\/\/biodynamizer.com\/es\/?s={search_term_string}"},"query-input":{"@type":"PropertyValueSpecification","valueRequired":true,"valueName":"search_term_string"}}],"inLanguage":"es"}]}},"_links":{"self":[{"href":"https:\/\/biodynamizer.com\/es\/wp-json\/wp\/v2\/pages\/5803","targetHints":{"allow":["GET"]}}],"collection":[{"href":"https:\/\/biodynamizer.com\/es\/wp-json\/wp\/v2\/pages"}],"about":[{"href":"https:\/\/biodynamizer.com\/es\/wp-json\/wp\/v2\/types\/page"}],"author":[{"embeddable":true,"href":"https:\/\/biodynamizer.com\/es\/wp-json\/wp\/v2\/users\/3"}],"replies":[{"embeddable":true,"href":"https:\/\/biodynamizer.com\/es\/wp-json\/wp\/v2\/comments?post=5803"}],"version-history":[{"count":27,"href":"https:\/\/biodynamizer.com\/es\/wp-json\/wp\/v2\/pages\/5803\/revisions"}],"predecessor-version":[{"id":30849,"href":"https:\/\/biodynamizer.com\/es\/wp-json\/wp\/v2\/pages\/5803\/revisions\/30849"}],"up":[{"embeddable":true,"href":"https:\/\/biodynamizer.com\/es\/wp-json\/wp\/v2\/pages\/5963"}],"wp:attachment":[{"href":"https:\/\/biodynamizer.com\/es\/wp-json\/wp\/v2\/media?parent=5803"}],"curies":[{"name":"wp","href":"https:\/\/api.w.org\/{rel}","templated":true}]}}