{"id":5810,"date":"2020-01-22T13:27:53","date_gmt":"2020-01-22T13:27:53","guid":{"rendered":"https:\/\/biodynamizer.spleen-creation.be\/information-additionnelle\/"},"modified":"2021-02-18T13:22:30","modified_gmt":"2021-02-18T13:22:30","slug":"informacion-adicional","status":"publish","type":"page","link":"https:\/\/biodynamizer.com\/es\/informacion-adicional\/","title":{"rendered":"Information additionnelle"},"content":{"rendered":"<section class=\"l-section wpb_row height_auto\"><div class=\"l-section-h i-cf\"><div class=\"g-cols vc_row via_flex valign_top type_default stacking_default\"><div class=\"vc_col-sm-12 wpb_column vc_column_container\"><div class=\"vc_column-inner\"><div class=\"wpb_wrapper\"><div class=\"w-separator size_medium\"><\/div><div class=\"w-grid us_grid type_grid layout_3914 cols_1 pagination_infinite preload_style_spinner\" id=\"us_grid_1\" style=\"--columns:1;--gap:1.5rem;\" data-filterable=\"true\"><style>.layout_3914 .w-grid-item-h{}<\/style><div class=\"w-grid-list\">\t<article class=\"w-grid-item size_1x1 post-24702 page type-page status-publish hentry\" data-id=\"24702\">\r\n\t\t<div class=\"w-grid-item-h\">\r\n\t\t\t\t\t\t<div class=\"w-post-elm post_title usg_post_title_1 addinfolink entry-title color_link_inherit\"><a href=\"https:\/\/biodynamizer.com\/es\/compania\/\">Compa\u00f1\u00eda<\/a><\/div>\t\t<\/div>\r\n\t\t\t<\/article>\r\n\t<article class=\"w-grid-item size_1x1 post-24419 page type-page status-publish has-post-thumbnail hentry\" data-id=\"24419\">\r\n\t\t<div class=\"w-grid-item-h\">\r\n\t\t\t\t\t\t<div class=\"w-post-elm post_title usg_post_title_1 addinfolink entry-title color_link_inherit\"><a href=\"https:\/\/biodynamizer.com\/es\/\">Dinamizar vuestra agua del grifo como el agua de la monta\u00f1a !<\/a><\/div>\t\t<\/div>\r\n\t\t\t<\/article>\r\n\t<article class=\"w-grid-item size_1x1 post-18065 page type-page status-publish hentry\" data-id=\"18065\">\r\n\t\t<div class=\"w-grid-item-h\">\r\n\t\t\t\t\t\t<div class=\"w-post-elm post_title usg_post_title_1 addinfolink entry-title color_link_inherit\"><a href=\"https:\/\/biodynamizer.com\/es\/temoignages\/\">Testimonios<\/a><\/div>\t\t<\/div>\r\n\t\t\t<\/article>\r\n\t<article class=\"w-grid-item size_1x1 post-12230 page type-page status-publish hentry\" data-id=\"12230\">\r\n\t\t<div class=\"w-grid-item-h\">\r\n\t\t\t\t\t\t<div class=\"w-post-elm post_title usg_post_title_1 addinfolink entry-title color_link_inherit\"><a href=\"https:\/\/biodynamizer.com\/es\/biblioteca\/\">Biblioteca<\/a><\/div>\t\t<\/div>\r\n\t\t\t<\/article>\r\n\t<article class=\"w-grid-item size_1x1 post-6012 page type-page status-publish hentry\" data-id=\"6012\">\r\n\t\t<div class=\"w-grid-item-h\">\r\n\t\t\t\t\t\t<div class=\"w-post-elm post_title usg_post_title_1 addinfolink entry-title color_link_inherit\"><a href=\"https:\/\/biodynamizer.com\/es\/informacion-adicional-2\/\">Agua reestructurada y energ\u00e9tica<\/a><\/div>\t\t<\/div>\r\n\t\t\t<\/article>\r\n\t<article class=\"w-grid-item size_1x1 post-6021 page type-page status-publish hentry\" data-id=\"6021\">\r\n\t\t<div class=\"w-grid-item-h\">\r\n\t\t\t\t\t\t<div class=\"w-post-elm post_title usg_post_title_1 addinfolink entry-title color_link_inherit\"><a href=\"https:\/\/biodynamizer.com\/es\/cookie-policy\/\">Cookie Policy<\/a><\/div>\t\t<\/div>\r\n\t\t\t<\/article>\r\n\t<article class=\"w-grid-item size_1x1 post-6028 page type-page status-publish hentry\" data-id=\"6028\">\r\n\t\t<div class=\"w-grid-item-h\">\r\n\t\t\t\t\t\t<div class=\"w-post-elm post_title usg_post_title_1 addinfolink entry-title color_link_inherit\"><a href=\"https:\/\/biodynamizer.com\/es\/estodos-los-beneficios\/\">Todas las ventajas<\/a><\/div>\t\t<\/div>\r\n\t\t\t<\/article>\r\n\t<article class=\"w-grid-item size_1x1 post-5810 page type-page status-publish hentry\" data-id=\"5810\">\r\n\t\t<div class=\"w-grid-item-h\">\r\n\t\t\t\t\t\t<div class=\"w-post-elm post_title usg_post_title_1 addinfolink entry-title color_link_inherit\"><a href=\"https:\/\/biodynamizer.com\/es\/informacion-adicional\/\">Information additionnelle<\/a><\/div>\t\t<\/div>\r\n\t\t\t<\/article>\r\n\t<article class=\"w-grid-item size_1x1 post-6555 page type-page status-publish hentry\" data-id=\"6555\">\r\n\t\t<div class=\"w-grid-item-h\">\r\n\t\t\t\t\t\t<div class=\"w-post-elm post_title usg_post_title_1 addinfolink entry-title color_link_inherit\"><a href=\"https:\/\/biodynamizer.com\/es\/contacto\/\">CONTACTO<\/a><\/div>\t\t<\/div>\r\n\t\t\t<\/article>\r\n\t<article class=\"w-grid-item size_1x1 post-6581 page type-page status-publish hentry\" data-id=\"6581\">\r\n\t\t<div class=\"w-grid-item-h\">\r\n\t\t\t\t\t\t<div class=\"w-post-elm post_title usg_post_title_1 addinfolink entry-title color_link_inherit\"><a href=\"https:\/\/biodynamizer.com\/es\/en-savoir-plus\/\">En savoir plus<\/a><\/div>\t\t<\/div>\r\n\t\t\t<\/article>\r\n\t<article class=\"w-grid-item size_1x1 post-5836 page type-page status-publish hentry\" data-id=\"5836\">\r\n\t\t<div class=\"w-grid-item-h\">\r\n\t\t\t\t\t\t<div class=\"w-post-elm post_title usg_post_title_1 addinfolink entry-title color_link_inherit\"><a href=\"https:\/\/biodynamizer.com\/es\/https-biodynamizer-com-es-contacto\/\">Sobre nosotros<\/a><\/div>\t\t<\/div>\r\n\t\t\t<\/article>\r\n\t<article class=\"w-grid-item size_1x1 post-5957 page type-page status-publish hentry\" data-id=\"5957\">\r\n\t\t<div class=\"w-grid-item-h\">\r\n\t\t\t\t\t\t<div class=\"w-post-elm post_title usg_post_title_1 addinfolink entry-title color_link_inherit\"><a href=\"https:\/\/biodynamizer.com\/es\/socio-con-licencia\/\">Socio autorizado<\/a><\/div>\t\t<\/div>\r\n\t\t\t<\/article>\r\n\t<article class=\"w-grid-item size_1x1 post-5839 page type-page status-publish hentry\" data-id=\"5839\">\r\n\t\t<div class=\"w-grid-item-h\">\r\n\t\t\t\t\t\t<div class=\"w-post-elm post_title usg_post_title_1 addinfolink entry-title color_link_inherit\"><a href=\"https:\/\/biodynamizer.com\/es\/b2b\/\">B2B sectores<\/a><\/div>\t\t<\/div>\r\n\t\t\t<\/article>\r\n\t<article class=\"w-grid-item size_1x1 post-6603 page type-page status-publish hentry\" data-id=\"6603\">\r\n\t\t<div class=\"w-grid-item-h\">\r\n\t\t\t\t\t\t<div class=\"w-post-elm post_title usg_post_title_1 addinfolink entry-title color_link_inherit\"><a href=\"https:\/\/biodynamizer.com\/es\/instalacion-mantenimiento\/\">Instalaci\u00f3n y mantenimiento<\/a><\/div>\t\t<\/div>\r\n\t\t\t<\/article>\r\n\t<article class=\"w-grid-item size_1x1 post-6607 page type-page status-publish hentry\" data-id=\"6607\">\r\n\t\t<div class=\"w-grid-item-h\">\r\n\t\t\t\t\t\t<div class=\"w-post-elm post_title usg_post_title_1 addinfolink entry-title color_link_inherit\"><a href=\"https:\/\/biodynamizer.com\/es\/pedir\/\">Pedido<\/a><\/div>\t\t<\/div>\r\n\t\t\t<\/article>\r\n\t<article class=\"w-grid-item size_1x1 post-5830 page type-page status-publish hentry\" data-id=\"5830\">\r\n\t\t<div class=\"w-grid-item-h\">\r\n\t\t\t\t\t\t<div class=\"w-post-elm post_title usg_post_title_1 addinfolink entry-title color_link_inherit\"><a href=\"https:\/\/biodynamizer.com\/es\/los-beneficios\/\">Los Beneficios<\/a><\/div>\t\t<\/div>\r\n\t\t\t<\/article>\r\n\t<article class=\"w-grid-item size_1x1 post-5818 page type-page status-publish hentry\" data-id=\"5818\">\r\n\t\t<div class=\"w-grid-item-h\">\r\n\t\t\t\t\t\t<div class=\"w-post-elm post_title usg_post_title_1 addinfolink entry-title color_link_inherit\"><a href=\"https:\/\/biodynamizer.com\/es\/analisis-cientificos\/\">An\u00e1lisis<\/a><\/div>\t\t<\/div>\r\n\t\t\t<\/article>\r\n\t<article class=\"w-grid-item size_1x1 post-5963 page type-page status-publish hentry\" data-id=\"5963\">\r\n\t\t<div class=\"w-grid-item-h\">\r\n\t\t\t\t\t\t<div class=\"w-post-elm post_title usg_post_title_1 addinfolink entry-title color_link_inherit\"><a href=\"https:\/\/biodynamizer.com\/es\/nuestras-soluciones\/\">Nuestras soluciones<\/a><\/div>\t\t<\/div>\r\n\t\t\t<\/article>\r\n\t<article class=\"w-grid-item size_1x1 post-5862 page type-page status-publish hentry\" data-id=\"5862\">\r\n\t\t<div class=\"w-grid-item-h\">\r\n\t\t\t\t\t\t<div class=\"w-post-elm post_title usg_post_title_1 addinfolink entry-title color_link_inherit\"><a href=\"https:\/\/biodynamizer.com\/es\/agua\/\">Agua<\/a><\/div>\t\t<\/div>\r\n\t\t\t<\/article>\r\n\t<article class=\"w-grid-item size_1x1 post-6772 page type-page status-publish has-post-thumbnail hentry\" data-id=\"6772\">\r\n\t\t<div class=\"w-grid-item-h\">\r\n\t\t\t\t\t\t<div class=\"w-post-elm post_title usg_post_title_1 addinfolink entry-title color_link_inherit\"><a href=\"https:\/\/biodynamizer.com\/es\/home\/\">Dinamizar vuestra agua del grifo como el agua de la monta\u00f1a !<\/a><\/div>\t\t<\/div>\r\n\t\t\t<\/article>\r\n<\/div>\t<div class=\"w-grid-preloader\">\r\n\t\t<div class=\"g-preloader type_1\">\r\n\t\t\t<div><\/div>\r\n\t\t<\/div>\r\n\t<\/div>\r\n\t\t<div class=\"w-grid-json hidden\" onclick='return {&quot;action&quot;:&quot;us_ajax_grid&quot;,&quot;infinite_scroll&quot;:0,&quot;max_num_pages&quot;:1,&quot;pagination&quot;:&quot;infinite&quot;,&quot;template_vars&quot;:{&quot;columns&quot;:&quot;1&quot;,&quot;exclude_items&quot;:&quot;none&quot;,&quot;img_size&quot;:&quot;default&quot;,&quot;ignore_items_size&quot;:0,&quot;items_layout&quot;:&quot;3914&quot;,&quot;items_offset&quot;:&quot;1&quot;,&quot;load_animation&quot;:&quot;none&quot;,&quot;overriding_link&quot;:&quot;{\\&quot;url\\&quot;:\\&quot;\\&quot;}&quot;,&quot;post_id&quot;:0,&quot;query_args&quot;:{&quot;post_parent&quot;:0,&quot;post_type&quot;:&quot;any&quot;,&quot;ignore_sticky_posts&quot;:1,&quot;posts_per_page&quot;:999},&quot;orderby_query_args&quot;:{&quot;orderby&quot;:{&quot;date&quot;:&quot;DESC&quot;}},&quot;type&quot;:&quot;grid&quot;,&quot;us_grid_post_type&quot;:&quot;current_child_pages&quot;,&quot;us_grid_ajax_index&quot;:1,&quot;us_grid_filter_query_string&quot;:null,&quot;us_grid_index&quot;:1,&quot;page_args&quot;:[],&quot;lang&quot;:&quot;es&quot;}}'><\/div>\r\n\t<\/div><\/div><\/div><\/div><\/div><\/div><\/section>\n","protected":false},"excerpt":{"rendered":"Enjoy the natural movement of life [vc_raw_html]JTNDYnIlM0U=[\/vc_raw_html]BiodynamizerBiofiltreDinamizar vuestra agua del grifo como el agua de la monta\u00f1a ! El Biodinamizer es un dispositivo hidrodin\u00e1mico y magn\u00e9tico que reproduce el ciclo natural del agua de forma acelerada copiando los movimientos del agua que ha estado fluyendo libremente en la naturaleza desde el principio de los tiempos....","protected":false},"author":3,"featured_media":0,"parent":0,"menu_order":7,"comment_status":"closed","ping_status":"closed","template":"","meta":{"_monsterinsights_skip_tracking":false,"_monsterinsights_sitenote_active":false,"_monsterinsights_sitenote_note":"","_monsterinsights_sitenote_category":0,"footnotes":""},"class_list":["post-5810","page","type-page","status-publish","hentry"],"yoast_head":"<!-- This site is optimized with the Yoast SEO plugin v27.3 - https:\/\/yoast.com\/product\/yoast-seo-wordpress\/ -->\n<title>Information additionnelle - Biodynamizer<\/title>\n<meta name=\"description\" content=\"Biodynamizer - Information additionnelle - En savoir plus sur le biodynamizer et le biofiltre\" \/>\n<meta name=\"robots\" content=\"index, follow, max-snippet:-1, max-image-preview:large, max-video-preview:-1\" \/>\n<link rel=\"canonical\" href=\"https:\/\/biodynamizer.com\/es\/informacion-adicional\/\" \/>\n<meta property=\"og:locale\" content=\"es_ES\" \/>\n<meta property=\"og:type\" content=\"article\" \/>\n<meta property=\"og:title\" content=\"Information additionnelle - Biodynamizer\" \/>\n<meta property=\"og:description\" content=\"Biodynamizer - Information additionnelle - En savoir plus sur le biodynamizer et le biofiltre\" \/>\n<meta property=\"og:url\" content=\"https:\/\/biodynamizer.com\/es\/informacion-adicional\/\" \/>\n<meta property=\"og:site_name\" content=\"Biodynamizer\" \/>\n<meta property=\"article:modified_time\" content=\"2021-02-18T13:22:30+00:00\" \/>\n<meta property=\"og:image\" content=\"https:\/\/biodynamizer.com\/wp-content\/uploads\/2019\/11\/Depositphotos_15742931_xl-2015.jpg\" \/>\n\t<meta property=\"og:image:width\" content=\"2000\" \/>\n\t<meta property=\"og:image:height\" content=\"1333\" \/>\n\t<meta property=\"og:image:type\" content=\"image\/jpeg\" \/>\n<meta name=\"twitter:card\" content=\"summary_large_image\" \/>\n<script type=\"application\/ld+json\" class=\"yoast-schema-graph\">{\"@context\":\"https:\\\/\\\/schema.org\",\"@graph\":[{\"@type\":\"WebPage\",\"@id\":\"https:\\\/\\\/biodynamizer.com\\\/es\\\/informacion-adicional\\\/\",\"url\":\"https:\\\/\\\/biodynamizer.com\\\/es\\\/informacion-adicional\\\/\",\"name\":\"Information additionnelle - Biodynamizer\",\"isPartOf\":{\"@id\":\"https:\\\/\\\/biodynamizer.com\\\/es\\\/#website\"},\"datePublished\":\"2020-01-22T13:27:53+00:00\",\"dateModified\":\"2021-02-18T13:22:30+00:00\",\"description\":\"Biodynamizer - Information additionnelle - En savoir plus sur le biodynamizer et le biofiltre\",\"breadcrumb\":{\"@id\":\"https:\\\/\\\/biodynamizer.com\\\/es\\\/informacion-adicional\\\/#breadcrumb\"},\"inLanguage\":\"es\",\"potentialAction\":[{\"@type\":\"ReadAction\",\"target\":[\"https:\\\/\\\/biodynamizer.com\\\/es\\\/informacion-adicional\\\/\"]}]},{\"@type\":\"BreadcrumbList\",\"@id\":\"https:\\\/\\\/biodynamizer.com\\\/es\\\/informacion-adicional\\\/#breadcrumb\",\"itemListElement\":[{\"@type\":\"ListItem\",\"position\":1,\"name\":\"Home\",\"item\":\"https:\\\/\\\/biodynamizer.com\\\/es\\\/\"},{\"@type\":\"ListItem\",\"position\":2,\"name\":\"Information additionnelle\"}]},{\"@type\":\"WebSite\",\"@id\":\"https:\\\/\\\/biodynamizer.com\\\/es\\\/#website\",\"url\":\"https:\\\/\\\/biodynamizer.com\\\/es\\\/\",\"name\":\"Biodynamizer\",\"description\":\"Filtrez et dynamisez votre eau\",\"potentialAction\":[{\"@type\":\"SearchAction\",\"target\":{\"@type\":\"EntryPoint\",\"urlTemplate\":\"https:\\\/\\\/biodynamizer.com\\\/es\\\/?s={search_term_string}\"},\"query-input\":{\"@type\":\"PropertyValueSpecification\",\"valueRequired\":true,\"valueName\":\"search_term_string\"}}],\"inLanguage\":\"es\"}]}<\/script>\n<!-- \/ Yoast SEO plugin. -->","yoast_head_json":{"title":"Information additionnelle - Biodynamizer","description":"Biodynamizer - Information additionnelle - En savoir plus sur le biodynamizer et le biofiltre","robots":{"index":"index","follow":"follow","max-snippet":"max-snippet:-1","max-image-preview":"max-image-preview:large","max-video-preview":"max-video-preview:-1"},"canonical":"https:\/\/biodynamizer.com\/es\/informacion-adicional\/","og_locale":"es_ES","og_type":"article","og_title":"Information additionnelle - Biodynamizer","og_description":"Biodynamizer - Information additionnelle - En savoir plus sur le biodynamizer et le biofiltre","og_url":"https:\/\/biodynamizer.com\/es\/informacion-adicional\/","og_site_name":"Biodynamizer","article_modified_time":"2021-02-18T13:22:30+00:00","og_image":[{"width":2000,"height":1333,"url":"https:\/\/biodynamizer.com\/wp-content\/uploads\/2019\/11\/Depositphotos_15742931_xl-2015.jpg","type":"image\/jpeg"}],"twitter_card":"summary_large_image","schema":{"@context":"https:\/\/schema.org","@graph":[{"@type":"WebPage","@id":"https:\/\/biodynamizer.com\/es\/informacion-adicional\/","url":"https:\/\/biodynamizer.com\/es\/informacion-adicional\/","name":"Information additionnelle - Biodynamizer","isPartOf":{"@id":"https:\/\/biodynamizer.com\/es\/#website"},"datePublished":"2020-01-22T13:27:53+00:00","dateModified":"2021-02-18T13:22:30+00:00","description":"Biodynamizer - Information additionnelle - En savoir plus sur le biodynamizer et le biofiltre","breadcrumb":{"@id":"https:\/\/biodynamizer.com\/es\/informacion-adicional\/#breadcrumb"},"inLanguage":"es","potentialAction":[{"@type":"ReadAction","target":["https:\/\/biodynamizer.com\/es\/informacion-adicional\/"]}]},{"@type":"BreadcrumbList","@id":"https:\/\/biodynamizer.com\/es\/informacion-adicional\/#breadcrumb","itemListElement":[{"@type":"ListItem","position":1,"name":"Home","item":"https:\/\/biodynamizer.com\/es\/"},{"@type":"ListItem","position":2,"name":"Information additionnelle"}]},{"@type":"WebSite","@id":"https:\/\/biodynamizer.com\/es\/#website","url":"https:\/\/biodynamizer.com\/es\/","name":"Biodynamizer","description":"Filtrez et dynamisez votre eau","potentialAction":[{"@type":"SearchAction","target":{"@type":"EntryPoint","urlTemplate":"https:\/\/biodynamizer.com\/es\/?s={search_term_string}"},"query-input":{"@type":"PropertyValueSpecification","valueRequired":true,"valueName":"search_term_string"}}],"inLanguage":"es"}]}},"_links":{"self":[{"href":"https:\/\/biodynamizer.com\/es\/wp-json\/wp\/v2\/pages\/5810","targetHints":{"allow":["GET"]}}],"collection":[{"href":"https:\/\/biodynamizer.com\/es\/wp-json\/wp\/v2\/pages"}],"about":[{"href":"https:\/\/biodynamizer.com\/es\/wp-json\/wp\/v2\/types\/page"}],"author":[{"embeddable":true,"href":"https:\/\/biodynamizer.com\/es\/wp-json\/wp\/v2\/users\/3"}],"replies":[{"embeddable":true,"href":"https:\/\/biodynamizer.com\/es\/wp-json\/wp\/v2\/comments?post=5810"}],"version-history":[{"count":2,"href":"https:\/\/biodynamizer.com\/es\/wp-json\/wp\/v2\/pages\/5810\/revisions"}],"predecessor-version":[{"id":6896,"href":"https:\/\/biodynamizer.com\/es\/wp-json\/wp\/v2\/pages\/5810\/revisions\/6896"}],"wp:attachment":[{"href":"https:\/\/biodynamizer.com\/es\/wp-json\/wp\/v2\/media?parent=5810"}],"curies":[{"name":"wp","href":"https:\/\/api.w.org\/{rel}","templated":true}]}}