{"id":5818,"date":"2020-01-20T12:30:33","date_gmt":"2020-01-20T12:30:33","guid":{"rendered":"https:\/\/biodynamizer.spleen-creation.be\/analyses-scientifiques\/"},"modified":"2026-04-07T11:45:45","modified_gmt":"2026-04-07T11:45:45","slug":"analisis-cientificos","status":"publish","type":"page","link":"https:\/\/biodynamizer.com\/es\/analisis-cientificos\/","title":{"rendered":"An\u00e1lisis"},"content":{"rendered":"<section class=\"l-section wpb_row us_custom_916fdabd height_small\"><div class=\"l-section-h i-cf\"><div class=\"g-cols vc_row via_flex valign_top type_default stacking_default\"><div class=\"vc_col-sm-12 wpb_column vc_column_container\"><div class=\"vc_column-inner\"><div class=\"wpb_wrapper\"><nav class=\"g-breadcrumbs separator_custom align_none\" itemscope itemtype=\"http:\/\/schema.org\/BreadcrumbList\"><div class=\"g-breadcrumbs-item\" itemscope itemprop=\"itemListElement\" itemtype=\"http:\/\/schema.org\/ListItem\"><a itemprop=\"item\" href=\"https:\/\/biodynamizer.com\/es\/\"><span itemprop=\"name\">Inicio<\/span><\/a><meta itemprop=\"position\" content=\"1\"\/><\/div><div class=\"g-breadcrumbs-separator\">\/<\/div><div class=\"g-breadcrumbs-item\">P\u00e1ginas<\/div><\/nav><\/div><\/div><\/div><\/div><\/div><\/section><section class=\"l-section wpb_row fullheader height_huge with_img\"><div class=\"l-section-img\" role=\"img\" aria-label=\"Imagen\" data-img-width=\"2000\" data-img-height=\"807\" style=\"background-image: url(https:\/\/biodynamizer.com\/wp-content\/uploads\/2020\/01\/nosanalyse.jpg);background-repeat: no-repeat;\"><\/div><div class=\"l-section-h i-cf\"><div class=\"g-cols vc_row via_flex valign_top type_default stacking_default\"><div class=\"vc_col-sm-12 wpb_column vc_column_container has_text_color\"><div class=\"vc_column-inner us_custom_6df4bc3a\"><div class=\"wpb_wrapper\"><div class=\"wpb_text_column\"><div class=\"wpb_wrapper\"><h3>Nuestros m\u00e1s recientes an\u00e1lisis y observaciones del agua dinamizada<\/h3>\n<h3 data-ccp-props=\"{&quot;335551550&quot;:1,&quot;335551620&quot;:1,&quot;335559683&quot;:0,&quot;335559685&quot;:0,&quot;335559731&quot;:0,&quot;335559737&quot;:0,&quot;335562764&quot;:2,&quot;335562765&quot;:1,&quot;335562766&quot;:4,&quot;335562767&quot;:0,&quot;335562768&quot;:4,&quot;335562769&quot;:0}\"><\/h3>\n<\/div><\/div><\/div><\/div><\/div><\/div><\/div><\/section><section class=\"l-section wpb_row height_medium\"><div class=\"l-section-h i-cf\"><div class=\"g-cols vc_row via_flex valign_top type_default stacking_default\"><div class=\"vc_col-sm-6 wpb_column vc_column_container\"><div class=\"vc_column-inner\"><div class=\"wpb_wrapper\"><div class=\"wpb_text_column\"><div class=\"wpb_wrapper\"><h2>Nuestro an\u00e1lisis<\/h2>\n<h2><\/h2>\n<\/div><\/div><div class=\"wpb_text_column\"><div class=\"wpb_wrapper\"><ol>\n<li><a href=\"https:\/\/biodynamizer.com\/es\/informacion-adicional\/eficiencia-del-biofiltro\/\"><strong>Eficiencia del Biofilter<\/strong>, an\u00e1lisis de Eurofins 2023<\/a><\/li>\n<li><a href=\"https:\/\/biodynamizer.com\/es\/analisis-cientificos\/cristales-de-agua\/\"><b>Cristales de agua <\/b>El an\u00e1lisis de Ernst Braun realizado el 04.08.2016 y 11.07.2019<\/a><\/li>\n<li><a href=\"https:\/\/biodynamizer.com\/es\/analisis-cientificos\/lanalyse-biophotonique\/\"><strong>An\u00e1lisis biofot\u00f3nicos<\/strong> realizado por el laboratorio Enerlab el 04.11.2025 &amp; 02.12.2025 &amp; 23.02.2026<\/a><\/li>\n<li><a href=\"https:\/\/biodynamizer.com\/es\/analisis-cientificos\/la-camara-electrofotonica-coramp-soluciones\/\"><strong>An\u00e1lisis electrofot\u00f3nico<\/strong> realizado en\u00a0el 12.09.2017 + 09.07.2019<\/a><\/li>\n<li><a href=\"https:\/\/biodynamizer.com\/es\/analisis-cientificos\/experticia-complementaria-foto-electrofotonica-analisis\/\"><strong>Experiencia en an\u00e1lisis electrofot\u00f3nico<\/strong> realizado por el Prof. Marc Henry el 29.08.2019 &amp; <strong>a<\/strong><b>n\u00e1lisis estad\u00edstico adicional de las fotograf\u00edas <\/b><b>electrofot\u00f3nicas<\/b> por Dr. M. van Wassenhoven en marzo de 2025 <\/a><\/li>\n<li><a href=\"https:\/\/biodynamizer.com\/es\/analisis-cientificos\/tension-superficial\/\" target=\"_blank\" rel=\"noopener\">An\u00e1lisis de la<strong> tensi\u00f3n superficial <\/strong>del agua dinamizada realizado por el laboratorio de SGS en Rotterdam, Pa\u00edses Bajos, el 22.07.2021<\/a><\/li>\n<li><a href=\"https:\/\/biodynamizer.com\/es\/analisis-cientificos\/la-camara-gdv-gaz-descarga-visualizacion\/\">La <b>c\u00e1mara GDV<\/b> de Konstantin Korotkov dirigida por la Dra. Mich\u00e8le Lauwers c\u00e1mara Pro V2 09.09.2014<\/a><\/li>\n<li><a href=\"https:\/\/biodynamizer.com\/es\/analisis-cientificos\/la-prueba-microtoxo-microbiologia-observo-una-biocompatibilidad-microbiotica-mayor-que-el-agua-dinamizada\/\">An\u00e1lisis de <b>microtoxicolog\u00eda<\/b> por el Dr. Bernard Berthet \/ Yann Olivaux realizado el 26.05.2017<\/a><\/li>\n<li><a href=\"https:\/\/biodynamizer.com\/es\/analisis-cientificos\/lanalyse-de-sang\/\">An\u00e1lisis de<b> sangre <\/b>Dr JC Lebel 2025.07.25<\/a><\/li>\n<li><a href=\"https:\/\/biodynamizer.com\/es\/analisis-cientificos\/el-espectrometro-bioscopio\/\">an\u00e1lisis <strong>espectral<\/strong> (Bioscopio) de Pier Rubesa realizado el 23.07.2025 &amp; 13.09.2016<\/a><\/li>\n<li><a href=\"https:\/\/biodynamizer.com\/es\/analisis-cientificos\/analisis-bev-bio-electronico-de-las-vinces-observadas-un-caracter-antioxidante-del-agua-manifestado\/\">An\u00e1lisis <b>bioelectr\u00f3nico<\/b> de LC Vincent por Sylvie Henry R\u00e9ant el 19.05.2020 <\/a><\/li>\n<li><a href=\"https:\/\/biodynamizer.com\/es\/analisis-cientificos\/tratamiento-de-cal\/\">Observaciones y An\u00e1lisis sobre el tratamiento de las <strong>calizas<\/strong> (abril 2024)<\/a><\/li>\n<li><a href=\"https:\/\/biodynamizer.com\/es\/agua\/analisis-adquiridos-por-sa-dynamized-technologies-sobre-la-influencia-del-magnetismo-en-el-agua\/\">An\u00e1lisis de la <strong>magnetizaci\u00f3n<\/strong> <b>de aguas turbulentas<\/b> (un centenar de estudios adquiridos en 2019)<\/a><\/li>\n<li><a href=\"https:\/\/biodynamizer.com\/es\/analisis-cientificos\/medicion-geobiologica-de-velocidades-de-vibracion-similares-entre-agua-fuente-y-agua-biodinamica\/\">Varios an\u00e1lisis <b>geobiol\u00f3gicos <\/b>realizados por diferentes geobi\u00f3logos, magnetizadores, etc&#8230;<\/a><\/li>\n<\/ol>\n<\/div><\/div><div class=\"wpb_text_column\"><div class=\"wpb_wrapper\"><h2>Nuestros an\u00e1lisis emp\u00edricos sobre el agua dinamizada<\/h2>\n<h2><\/h2>\n<\/div><\/div><div class=\"wpb_text_column\"><div class=\"wpb_wrapper\"><ol>\n<li><a href=\"https:\/\/biodynamizer.com\/es\/b2b\/agua-biodinamica-en-pasteleria-pasteleria\/\">El agua dinamizada en la<\/a><b><a href=\"https:\/\/biodynamizer.com\/es\/b2b\/agua-biodinamica-en-pasteleria-pasteleria\/\"> panader\u00eda y la pasteler\u00eda<\/a><\/b><\/li>\n<li><a href=\"https:\/\/biodynamizer.com\/es\/b2b\/agua-biodinamica-en-cerveza\/\">A<\/a><a href=\"https:\/\/biodynamizer.com\/es\/b2b\/agua-biodinamica-en-cerveza\/\">gua dinamizada en la<\/a><b><a href=\"https:\/\/biodynamizer.com\/es\/b2b\/agua-biodinamica-en-cerveza\/\"> cerveza<\/a><\/b><\/li>\n<li><a href=\"https:\/\/biodynamizer.com\/es\/b2b\/agua-biodinamica-en-el-granjas-lecheras\/\">Agua dinamizada en <strong>el granjas lecheras<\/strong><\/a><\/li>\n<li>\n<p class=\"p1\"><a href=\"https:\/\/biodynamizer.com\/es\/analisis-cientificos\/prueba-de-germinacion\/\">Prueba de<strong> germinaci\u00f3n<\/strong><\/a><\/p>\n<\/li>\n<\/ol>\n<\/div><\/div><\/div><\/div><\/div><div class=\"vc_col-sm-6 wpb_column vc_column_container\"><div class=\"vc_column-inner\"><div class=\"wpb_wrapper\"><div class=\"w-separator size_large\"><\/div><div class=\"w-image align_none\"><div class=\"w-image-h\"><img decoding=\"async\" width=\"930\" height=\"1024\" src=\"https:\/\/biodynamizer.com\/wp-content\/uploads\/2024\/10\/Analyses-scientifiques-Biodynamizer-930x1024.png\" class=\"attachment-large size-large\" alt=\"Analyses scientifiques Biodynamizer\" loading=\"lazy\" srcset=\"https:\/\/biodynamizer.com\/wp-content\/uploads\/2024\/10\/Analyses-scientifiques-Biodynamizer-930x1024.png 930w, https:\/\/biodynamizer.com\/wp-content\/uploads\/2024\/10\/Analyses-scientifiques-Biodynamizer-272x300.png 272w, https:\/\/biodynamizer.com\/wp-content\/uploads\/2024\/10\/Analyses-scientifiques-Biodynamizer-363x400.png 363w, https:\/\/biodynamizer.com\/wp-content\/uploads\/2024\/10\/Analyses-scientifiques-Biodynamizer-640x705.png 640w, https:\/\/biodynamizer.com\/wp-content\/uploads\/2024\/10\/Analyses-scientifiques-Biodynamizer.png 945w\" sizes=\"auto, (max-width: 930px) 100vw, 930px\" \/><\/div><\/div><div class=\"wpb_text_column\"><div class=\"wpb_wrapper\"><p>\u00ab<em>Lo medible, cuando se realiza correctamente, no puede discutirse<\/em>\u00bb LC Vincent<\/p>\n<\/div><\/div><\/div><\/div><\/div><\/div><\/div><\/section><section class=\"l-section wpb_row height_auto\"><div class=\"l-section-overlay\" style=\"background:rgba(172,172,172,0.2)\"><\/div><div class=\"l-section-h i-cf\"><div class=\"g-cols vc_row via_flex valign_top type_default stacking_default\"><div class=\"vc_col-sm-12 wpb_column vc_column_container\"><div class=\"vc_column-inner\"><div class=\"wpb_wrapper\"><div class=\"w-separator size_medium\"><\/div><div class=\"wpb_text_column\"><div class=\"wpb_wrapper\"><h2>Compartiendo informaci\u00f3n sobre an\u00e1lisis de agua dinamizada<\/h2>\n<h1><\/h1>\n<\/div><\/div><div class=\"wpb_text_column\"><div class=\"wpb_wrapper\"><p>Una de las prioridades de Dynamized Technologies, fabricante del Biodynamizer, es divulgar la informaci\u00f3n m\u00e1s reciente sobre la dinamizaci\u00f3n del agua, observada y medida. Nuestro objetivo es compartir an\u00e1lisis, lecciones aprendidas y observaciones sobre la dinamizaci\u00f3n del agua, realizados con instrumentos cient\u00edficos y encargados, o no, por Dynamized Technologies SA. Los resultados de estos an\u00e1lisis e investigaciones provienen de estudios en los que participamos, de an\u00e1lisis encargados a laboratorios o de an\u00e1lisis acad\u00e9micos adquiridos (universidades). Nuestro objetivo es comprender los misterios del agua dinamizada o revitalizada y avanzar en nuestra comprensi\u00f3n del agua como portadora de energ\u00eda e informaci\u00f3n.<\/p>\n<p><strong>Estos an\u00e1lisis, realizados durante m\u00e1s de 12 a\u00f1os, si bien parciales, no siempre reproducibles ni irrefutables, proporcionan un conjunto de pruebas cient\u00edficas y emp\u00edricas consistentes que confirman diferencias de todo tipo entre el agua dinamizada y la no dinamizada, lo que sugiere varios beneficios asociados a la energizaci\u00f3n del agua. Adem\u00e1s, varios an\u00e1lisis presentados en este sitio web han sido objeto de publicaciones cient\u00edficas revisadas por pares<\/strong> (es decir, art\u00edculos cient\u00edficos evaluados por expertos independientes en el campo relevante antes de su publicaci\u00f3n, lo que garantiza su calidad cient\u00edfica, rigor metodol\u00f3gico y relevancia para los pares, un proceso esencial para la validaci\u00f3n de la investigaci\u00f3n). <strong>Se han publicado los siguientes an\u00e1lisis: el an\u00e1lisis Biofot\u00f3nico y el m\u00e9todo de an\u00e1lisis Electrofot\u00f3nico, este \u00faltimo revisado por el profesor Marc Henry de la Universidad de Estrasburgo. Adem\u00e1s, tambi\u00e9n publicamos en el sitio datos emp\u00edricos y resultados de enfoques sensibles (por ejemplo, radiestesia) cuyos resultados argumentan a favor de un efecto real de la dinamizaci\u00f3n del agua.<\/strong><\/p>\n<p>Por lo tanto, parece esencial compartir toda esta informaci\u00f3n, recopilada por investigadores pioneros en diversas disciplinas cient\u00edficas. Estos investigadores desarrollaron dispositivos de observaci\u00f3n o utilizaron instrumentos cient\u00edficos para intentar objetivar sus hallazgos y descubrir una nueva comprensi\u00f3n del agua.<\/p>\n<p>En ocasiones, nos encontramos con la falta de instrumentos o protocolos cient\u00edficos adecuados capaces de medir todas las sutilezas y propiedades de este l\u00edquido altamente sensible. De hecho, los par\u00e1metros buscados a menudo no son par\u00e1metros fisicoqu\u00edmicos est\u00e1ndar observados por la ciencia acad\u00e9mica, sino par\u00e1metros energ\u00e9ticos sutiles cuya interpretaci\u00f3n est\u00e1 en constante evoluci\u00f3n. Esto hace que las conclusiones e interpretaciones de los an\u00e1lisis sean complejas y est\u00e9n sujetas a cambios.<\/p>\n<\/div><\/div><\/div><\/div><\/div><\/div><\/div><\/section>\n","protected":false},"excerpt":{"rendered":"Inicio\/P\u00e1ginasNuestros m\u00e1s recientes an\u00e1lisis y observaciones del agua dinamizada Nuestro an\u00e1lisis Eficiencia del Biofilter, an\u00e1lisis de Eurofins 2023 Cristales de agua El an\u00e1lisis de Ernst Braun realizado el 04.08.2016 y 11.07.2019 An\u00e1lisis biofot\u00f3nicos realizado por el laboratorio Enerlab el 04.11.2025 &amp; 02.12.2025 &amp; 23.02.2026 An\u00e1lisis electrofot\u00f3nico realizado en\u00a0el 12.09.2017 + 09.07.2019 Experiencia en an\u00e1lisis electrofot\u00f3nico...","protected":false},"author":3,"featured_media":0,"parent":0,"menu_order":12,"comment_status":"closed","ping_status":"closed","template":"","meta":{"_monsterinsights_skip_tracking":false,"_monsterinsights_sitenote_active":false,"_monsterinsights_sitenote_note":"","_monsterinsights_sitenote_category":0,"footnotes":""},"class_list":["post-5818","page","type-page","status-publish","hentry"],"yoast_head":"<!-- This site is optimized with the Yoast SEO plugin v27.4 - https:\/\/yoast.com\/product\/yoast-seo-wordpress\/ -->\n<title>An\u00e1lisis - Biodynamizer<\/title>\n<meta name=\"description\" content=\"Estos an\u00e1lisis, aunque parciales, aportan una serie de indicios concordantes que tienden a probar los beneficios del agua dinamizada sobre el mundo vivo del que formamos parte. Confirman que el agua dinamizada se acerca lo m\u00e1s posible al agua comparable a la que brota naturalmente de un manantial o de un torrente de monta\u00f1a.\" \/>\n<meta name=\"robots\" content=\"index, follow, max-snippet:-1, max-image-preview:large, max-video-preview:-1\" \/>\n<link rel=\"canonical\" href=\"https:\/\/biodynamizer.com\/es\/analisis-cientificos\/\" \/>\n<meta property=\"og:locale\" content=\"es_ES\" \/>\n<meta property=\"og:type\" content=\"article\" \/>\n<meta property=\"og:title\" content=\"An\u00e1lisis - Biodynamizer\" \/>\n<meta property=\"og:description\" content=\"Estos an\u00e1lisis, aunque parciales, aportan una serie de indicios concordantes que tienden a probar los beneficios del agua dinamizada sobre el mundo vivo del que formamos parte. Confirman que el agua dinamizada se acerca lo m\u00e1s posible al agua comparable a la que brota naturalmente de un manantial o de un torrente de monta\u00f1a.\" \/>\n<meta property=\"og:url\" content=\"https:\/\/biodynamizer.com\/es\/analisis-cientificos\/\" \/>\n<meta property=\"og:site_name\" content=\"Biodynamizer\" \/>\n<meta property=\"article:modified_time\" content=\"2026-04-07T11:45:45+00:00\" \/>\n<meta property=\"og:image\" content=\"https:\/\/biodynamizer.com\/wp-content\/uploads\/2019\/11\/Depositphotos_15742931_xl-2015.jpg\" \/>\n\t<meta property=\"og:image:width\" content=\"2000\" \/>\n\t<meta property=\"og:image:height\" content=\"1333\" \/>\n\t<meta property=\"og:image:type\" content=\"image\/jpeg\" \/>\n<meta name=\"twitter:card\" content=\"summary_large_image\" \/>\n<meta name=\"twitter:label1\" content=\"Tiempo de lectura\" \/>\n\t<meta name=\"twitter:data1\" content=\"4 minutos\" \/>\n<script type=\"application\/ld+json\" class=\"yoast-schema-graph\">{\"@context\":\"https:\\\/\\\/schema.org\",\"@graph\":[{\"@type\":\"WebPage\",\"@id\":\"https:\\\/\\\/biodynamizer.com\\\/es\\\/analisis-cientificos\\\/\",\"url\":\"https:\\\/\\\/biodynamizer.com\\\/es\\\/analisis-cientificos\\\/\",\"name\":\"An\u00e1lisis - Biodynamizer\",\"isPartOf\":{\"@id\":\"https:\\\/\\\/biodynamizer.com\\\/es\\\/#website\"},\"datePublished\":\"2020-01-20T12:30:33+00:00\",\"dateModified\":\"2026-04-07T11:45:45+00:00\",\"description\":\"Estos an\u00e1lisis, aunque parciales, aportan una serie de indicios concordantes que tienden a probar los beneficios del agua dinamizada sobre el mundo vivo del que formamos parte. Confirman que el agua dinamizada se acerca lo m\u00e1s posible al agua comparable a la que brota naturalmente de un manantial o de un torrente de monta\u00f1a.\",\"breadcrumb\":{\"@id\":\"https:\\\/\\\/biodynamizer.com\\\/es\\\/analisis-cientificos\\\/#breadcrumb\"},\"inLanguage\":\"es\",\"potentialAction\":[{\"@type\":\"ReadAction\",\"target\":[\"https:\\\/\\\/biodynamizer.com\\\/es\\\/analisis-cientificos\\\/\"]}]},{\"@type\":\"BreadcrumbList\",\"@id\":\"https:\\\/\\\/biodynamizer.com\\\/es\\\/analisis-cientificos\\\/#breadcrumb\",\"itemListElement\":[{\"@type\":\"ListItem\",\"position\":1,\"name\":\"Home\",\"item\":\"https:\\\/\\\/biodynamizer.com\\\/es\\\/\"},{\"@type\":\"ListItem\",\"position\":2,\"name\":\"An\u00e1lisis\"}]},{\"@type\":\"WebSite\",\"@id\":\"https:\\\/\\\/biodynamizer.com\\\/es\\\/#website\",\"url\":\"https:\\\/\\\/biodynamizer.com\\\/es\\\/\",\"name\":\"Biodynamizer\",\"description\":\"Filtrez et dynamisez votre eau\",\"potentialAction\":[{\"@type\":\"SearchAction\",\"target\":{\"@type\":\"EntryPoint\",\"urlTemplate\":\"https:\\\/\\\/biodynamizer.com\\\/es\\\/?s={search_term_string}\"},\"query-input\":{\"@type\":\"PropertyValueSpecification\",\"valueRequired\":true,\"valueName\":\"search_term_string\"}}],\"inLanguage\":\"es\"}]}<\/script>\n<!-- \/ Yoast SEO plugin. -->","yoast_head_json":{"title":"An\u00e1lisis - Biodynamizer","description":"Estos an\u00e1lisis, aunque parciales, aportan una serie de indicios concordantes que tienden a probar los beneficios del agua dinamizada sobre el mundo vivo del que formamos parte. Confirman que el agua dinamizada se acerca lo m\u00e1s posible al agua comparable a la que brota naturalmente de un manantial o de un torrente de monta\u00f1a.","robots":{"index":"index","follow":"follow","max-snippet":"max-snippet:-1","max-image-preview":"max-image-preview:large","max-video-preview":"max-video-preview:-1"},"canonical":"https:\/\/biodynamizer.com\/es\/analisis-cientificos\/","og_locale":"es_ES","og_type":"article","og_title":"An\u00e1lisis - Biodynamizer","og_description":"Estos an\u00e1lisis, aunque parciales, aportan una serie de indicios concordantes que tienden a probar los beneficios del agua dinamizada sobre el mundo vivo del que formamos parte. Confirman que el agua dinamizada se acerca lo m\u00e1s posible al agua comparable a la que brota naturalmente de un manantial o de un torrente de monta\u00f1a.","og_url":"https:\/\/biodynamizer.com\/es\/analisis-cientificos\/","og_site_name":"Biodynamizer","article_modified_time":"2026-04-07T11:45:45+00:00","og_image":[{"width":2000,"height":1333,"url":"https:\/\/biodynamizer.com\/wp-content\/uploads\/2019\/11\/Depositphotos_15742931_xl-2015.jpg","type":"image\/jpeg"}],"twitter_card":"summary_large_image","twitter_misc":{"Tiempo de lectura":"4 minutos"},"schema":{"@context":"https:\/\/schema.org","@graph":[{"@type":"WebPage","@id":"https:\/\/biodynamizer.com\/es\/analisis-cientificos\/","url":"https:\/\/biodynamizer.com\/es\/analisis-cientificos\/","name":"An\u00e1lisis - Biodynamizer","isPartOf":{"@id":"https:\/\/biodynamizer.com\/es\/#website"},"datePublished":"2020-01-20T12:30:33+00:00","dateModified":"2026-04-07T11:45:45+00:00","description":"Estos an\u00e1lisis, aunque parciales, aportan una serie de indicios concordantes que tienden a probar los beneficios del agua dinamizada sobre el mundo vivo del que formamos parte. Confirman que el agua dinamizada se acerca lo m\u00e1s posible al agua comparable a la que brota naturalmente de un manantial o de un torrente de monta\u00f1a.","breadcrumb":{"@id":"https:\/\/biodynamizer.com\/es\/analisis-cientificos\/#breadcrumb"},"inLanguage":"es","potentialAction":[{"@type":"ReadAction","target":["https:\/\/biodynamizer.com\/es\/analisis-cientificos\/"]}]},{"@type":"BreadcrumbList","@id":"https:\/\/biodynamizer.com\/es\/analisis-cientificos\/#breadcrumb","itemListElement":[{"@type":"ListItem","position":1,"name":"Home","item":"https:\/\/biodynamizer.com\/es\/"},{"@type":"ListItem","position":2,"name":"An\u00e1lisis"}]},{"@type":"WebSite","@id":"https:\/\/biodynamizer.com\/es\/#website","url":"https:\/\/biodynamizer.com\/es\/","name":"Biodynamizer","description":"Filtrez et dynamisez votre eau","potentialAction":[{"@type":"SearchAction","target":{"@type":"EntryPoint","urlTemplate":"https:\/\/biodynamizer.com\/es\/?s={search_term_string}"},"query-input":{"@type":"PropertyValueSpecification","valueRequired":true,"valueName":"search_term_string"}}],"inLanguage":"es"}]}},"_links":{"self":[{"href":"https:\/\/biodynamizer.com\/es\/wp-json\/wp\/v2\/pages\/5818","targetHints":{"allow":["GET"]}}],"collection":[{"href":"https:\/\/biodynamizer.com\/es\/wp-json\/wp\/v2\/pages"}],"about":[{"href":"https:\/\/biodynamizer.com\/es\/wp-json\/wp\/v2\/types\/page"}],"author":[{"embeddable":true,"href":"https:\/\/biodynamizer.com\/es\/wp-json\/wp\/v2\/users\/3"}],"replies":[{"embeddable":true,"href":"https:\/\/biodynamizer.com\/es\/wp-json\/wp\/v2\/comments?post=5818"}],"version-history":[{"count":47,"href":"https:\/\/biodynamizer.com\/es\/wp-json\/wp\/v2\/pages\/5818\/revisions"}],"predecessor-version":[{"id":32408,"href":"https:\/\/biodynamizer.com\/es\/wp-json\/wp\/v2\/pages\/5818\/revisions\/32408"}],"wp:attachment":[{"href":"https:\/\/biodynamizer.com\/es\/wp-json\/wp\/v2\/media?parent=5818"}],"curies":[{"name":"wp","href":"https:\/\/api.w.org\/{rel}","templated":true}]}}