{"id":5839,"date":"2020-01-21T09:03:18","date_gmt":"2020-01-21T09:03:18","guid":{"rendered":"https:\/\/biodynamizer.spleen-creation.be\/b2b\/"},"modified":"2025-07-11T08:01:54","modified_gmt":"2025-07-11T08:01:54","slug":"b2b","status":"publish","type":"page","link":"https:\/\/biodynamizer.com\/es\/b2b\/","title":{"rendered":"B2B sectores"},"content":{"rendered":"<section class=\"l-section wpb_row us_custom_916fdabd height_small\"><div class=\"l-section-h i-cf\"><div class=\"g-cols vc_row via_flex valign_top type_default stacking_default\"><div class=\"vc_col-sm-12 wpb_column vc_column_container\"><div class=\"vc_column-inner\"><div class=\"wpb_wrapper\"><nav class=\"g-breadcrumbs separator_custom align_none\" itemscope itemtype=\"http:\/\/schema.org\/BreadcrumbList\"><div class=\"g-breadcrumbs-item\" itemscope itemprop=\"itemListElement\" itemtype=\"http:\/\/schema.org\/ListItem\"><a itemprop=\"item\" href=\"https:\/\/biodynamizer.com\/es\/\"><span itemprop=\"name\">Inicio<\/span><\/a><meta itemprop=\"position\" content=\"1\"\/><\/div><div class=\"g-breadcrumbs-separator\">\/<\/div><div class=\"g-breadcrumbs-item\">P\u00e1ginas<\/div><\/nav><\/div><\/div><\/div><\/div><\/div><\/section><section class=\"l-section wpb_row height_medium width_full\"><div class=\"l-section-h i-cf\"><div class=\"g-cols vc_row via_flex valign_bottom type_default stacking_default\"><div class=\"vc_col-sm-6 wpb_column vc_column_container imagesideblock has_text_color has_bg_color\"><div class=\"vc_column-inner us_custom_0c755fd6\"><div class=\"wpb_wrapper\"><\/div><\/div><\/div><div class=\"vc_col-sm-6 wpb_column vc_column_container tekstsideblock\"><div class=\"vc_column-inner\"><div class=\"wpb_wrapper\"><div class=\"wpb_text_column\"><div class=\"wpb_wrapper\"><h2>Biodynamizer B to B<\/h2>\n<\/div><\/div><div class=\"w-separator size_large\"><\/div><div class=\"wpb_text_column\"><div class=\"wpb_wrapper\"><p>\u00bfQuiere proporcionar a sus empleados agua equivalente al agua de monta\u00f1a? \u00bfO quieres utilizar agua biodinamizada en tu establecimiento, restaurante, hotel, actividad comercial, agr\u00edcola, bodega, cervecer\u00eda u otros?<\/p>\n<\/div><\/div><div class=\"w-btn-wrapper align_none\"><a class=\"w-btn us-btn-style_1\" title=\"Contact\" href=\"https:\/\/biodynamizer.com\/es\/contacto\/\"><span class=\"w-btn-label\">Cont\u00e1ctenos.<\/span><\/a><\/div><\/div><\/div><\/div><\/div><\/div><\/section><section class=\"l-section wpb_row height_large\"><div class=\"l-section-overlay\" style=\"background:rgba(172,172,172,0.2)\"><\/div><div class=\"l-section-h i-cf\"><div class=\"g-cols vc_row via_flex valign_top type_default stacking_default\"><div class=\"vc_col-sm-12 wpb_column vc_column_container\"><div class=\"vc_column-inner\"><div class=\"wpb_wrapper\"><div class=\"wpb_text_column\"><div class=\"wpb_wrapper\"><h4 style=\"text-align: center;\"><b>Agua biodinamizada para la calidad de su producci\u00f3n<\/b><\/h4>\n<h4 style=\"text-align: center;\"><\/h4>\n<\/div><\/div><div class=\"wpb_text_column\"><div class=\"wpb_wrapper\"><p style=\"text-align: center;\">Si usted es activo en la horeca, panadero, agricultor, operador de invernaderos, viticultor, &#8230; y desea integrar el Biodynamizer\u00ae para mejorar la calidad de sus productos, p\u00f3ngase en contacto con el equipo B2B de Dynamized Technologies, sin ning\u00fan compromiso por su parte, enviando su solicitud espec\u00edfica a <a href=\"mailto:team@biodynamizer.com\">team@biodynamizer.com.<\/a><\/p>\n<p>Dynamized Technologies ofrece a las empresas productoras de terceros (BtoB) la posibilidad de incluir en sus propias etiquetas y r\u00f3tulos su marca protegida \u00ab<strong>Biodynamizer<\/strong>\u00bb (ver m\u00e1s abajo) con el fin de indicar al consumidor que su producto ha sido elaborado gracias a la tecnolog\u00eda natural. de dinamizaci\u00f3n de los l\u00edquidos del Biodynamizer. \u00a1Este es el dispositivo m\u00e1s completo del mercado ya que aplica <a ref=\"magnificPopup\" href=\"https:\/\/biodynamizer.com\/wp-content\/uploads\/2022\/11\/21-principios-ES-1.png\" target=\"_blank\" rel=\"noopener\"><strong>21 principios de dinamizaci\u00f3n<\/strong><\/a>! Tambi\u00e9n es el dispositivo m\u00e1s analizado cient\u00edfica y emp\u00edricamente (consulte nuestra secci\u00f3n de an\u00e1lisis en este sitio). El proceso de energizaci\u00f3n regenera (energiza) los l\u00edquidos reproduciendo los movimientos espont\u00e1neos del agua a medida que fluye libremente en la naturaleza (miles de movimientos en v\u00f3rtice) y exponi\u00e9ndolos a campos magn\u00e9ticos as\u00ed como a frecuencias minerales naturales. La marca \u201cBiodynamizer\u201d permitir\u00e1 as\u00ed distinguir los productos en cuesti\u00f3n, dot\u00e1ndolos de las cualidades naturales y regeneradoras conferidas durante su fabricaci\u00f3n.<\/p>\n<\/div><\/div><div class=\"w-image align_center\"><div class=\"w-image-h\"><img decoding=\"async\" width=\"300\" height=\"98\" src=\"https:\/\/biodynamizer.com\/wp-content\/uploads\/2021\/03\/Biodynamizer-Logo-Horizontal-RVB-Light-def-300x98.png\" class=\"attachment-medium size-medium\" alt=\"logo Biodynamizer\" loading=\"lazy\" srcset=\"https:\/\/biodynamizer.com\/wp-content\/uploads\/2021\/03\/Biodynamizer-Logo-Horizontal-RVB-Light-def-300x98.png 300w, https:\/\/biodynamizer.com\/wp-content\/uploads\/2021\/03\/Biodynamizer-Logo-Horizontal-RVB-Light-def-1024x335.png 1024w, https:\/\/biodynamizer.com\/wp-content\/uploads\/2021\/03\/Biodynamizer-Logo-Horizontal-RVB-Light-def.png 1181w\" sizes=\"auto, (max-width: 300px) 100vw, 300px\" \/><\/div><\/div><div class=\"w-separator size_medium\"><\/div><div class=\"wpb_text_column\"><div class=\"wpb_wrapper\"><p style=\"text-align: center;\"><b><a href=\"https:\/\/biodynamizer.com\/es\/b2b\/agua-biodinamica-en-las-empresas\/\"><span style=\"text-decoration: underline;\">El agua dinamizada en las empresas<\/span><\/a><\/b><\/p>\n<p style=\"text-align: center;\"><b><a href=\"https:\/\/biodynamizer.com\/es\/b2b\/agua-biodinamica-en-lhoreca\/\"><span style=\"text-decoration: underline;\">El agua dinamizada en la horeca<\/span><\/a><\/b><\/p>\n<p style=\"text-align: center;\"><b><a href=\"https:\/\/biodynamizer.com\/es\/b2b\/agua-biodinamica-en-pasteleria-pasteleria\/\"><span style=\"text-decoration: underline;\">El agua dinamizada en la panader\u00eda y la pasteler\u00eda<\/span><\/a><\/b><\/p>\n<p style=\"text-align: center;\"><b><a href=\"https:\/\/biodynamizer.com\/es\/b2b\/agua-biodinamizada-en-operacion-marchando\/\"><span style=\"text-decoration: underline;\">Agua dinamizada en las granjas<\/span><\/a><\/b><\/p>\n<p style=\"text-align: center;\"><span style=\"text-decoration: underline;\"><b><a href=\"https:\/\/biodynamizer.com\/es\/b2b\/agua-biodinamica-en-el-caso\/\">El agua dinamizada en los gallineros<\/a><\/b><\/span><\/p>\n<p style=\"text-align: center;\"><u><b><a href=\"https:\/\/biodynamizer.com\/es\/b2b\/agua-biodinamica-en-cerveza\/\">El agua dinamizada en la cerveza<\/a><\/b><\/u><\/p>\n<\/div><\/div><\/div><\/div><\/div><\/div><\/div><\/section>\n","protected":false},"excerpt":{"rendered":"Inicio\/P\u00e1ginasBiodynamizer B to B \u00bfQuiere proporcionar a sus empleados agua equivalente al agua de monta\u00f1a? \u00bfO quieres utilizar agua biodinamizada en tu establecimiento, restaurante, hotel, actividad comercial, agr\u00edcola, bodega, cervecer\u00eda u otros? Cont\u00e1ctenos.Agua biodinamizada para la calidad de su producci\u00f3n Si usted es activo en la horeca, panadero, agricultor, operador de invernaderos, viticultor, &#8230; y...","protected":false},"author":3,"featured_media":0,"parent":0,"menu_order":15,"comment_status":"closed","ping_status":"closed","template":"","meta":{"_monsterinsights_skip_tracking":false,"_monsterinsights_sitenote_active":false,"_monsterinsights_sitenote_note":"","_monsterinsights_sitenote_category":0,"footnotes":""},"class_list":["post-5839","page","type-page","status-publish","hentry"],"yoast_head":"<!-- This site is optimized with the Yoast SEO plugin v27.3 - https:\/\/yoast.com\/product\/yoast-seo-wordpress\/ -->\n<title>B2B sectores - Biodynamizer<\/title>\n<meta name=\"description\" content=\"El Biodynamizer (dinamizador o revitalizador del agua de la ciudad) tambi\u00e9n se puede utilizar en la horeca o en la empresa y su uso en la agricultura aumenta la rentabilidad y la productividad del ganado o de los cultivos.\" \/>\n<meta name=\"robots\" content=\"index, follow, max-snippet:-1, max-image-preview:large, max-video-preview:-1\" \/>\n<link rel=\"canonical\" href=\"https:\/\/biodynamizer.com\/es\/b2b\/\" \/>\n<meta property=\"og:locale\" content=\"es_ES\" \/>\n<meta property=\"og:type\" content=\"article\" \/>\n<meta property=\"og:title\" content=\"B2B sectores - Biodynamizer\" \/>\n<meta property=\"og:description\" content=\"El Biodynamizer (dinamizador o revitalizador del agua de la ciudad) tambi\u00e9n se puede utilizar en la horeca o en la empresa y su uso en la agricultura aumenta la rentabilidad y la productividad del ganado o de los cultivos.\" \/>\n<meta property=\"og:url\" content=\"https:\/\/biodynamizer.com\/es\/b2b\/\" \/>\n<meta property=\"og:site_name\" content=\"Biodynamizer\" \/>\n<meta property=\"article:modified_time\" content=\"2025-07-11T08:01:54+00:00\" \/>\n<meta property=\"og:image\" content=\"https:\/\/biodynamizer.com\/wp-content\/uploads\/2019\/11\/Depositphotos_15742931_xl-2015.jpg\" \/>\n\t<meta property=\"og:image:width\" content=\"2000\" \/>\n\t<meta property=\"og:image:height\" content=\"1333\" \/>\n\t<meta property=\"og:image:type\" content=\"image\/jpeg\" \/>\n<meta name=\"twitter:card\" content=\"summary_large_image\" \/>\n<meta name=\"twitter:label1\" content=\"Tiempo de lectura\" \/>\n\t<meta name=\"twitter:data1\" content=\"2 minutos\" \/>\n<script type=\"application\/ld+json\" class=\"yoast-schema-graph\">{\"@context\":\"https:\\\/\\\/schema.org\",\"@graph\":[{\"@type\":\"WebPage\",\"@id\":\"https:\\\/\\\/biodynamizer.com\\\/es\\\/b2b\\\/\",\"url\":\"https:\\\/\\\/biodynamizer.com\\\/es\\\/b2b\\\/\",\"name\":\"B2B sectores - Biodynamizer\",\"isPartOf\":{\"@id\":\"https:\\\/\\\/biodynamizer.com\\\/es\\\/#website\"},\"datePublished\":\"2020-01-21T09:03:18+00:00\",\"dateModified\":\"2025-07-11T08:01:54+00:00\",\"description\":\"El Biodynamizer (dinamizador o revitalizador del agua de la ciudad) tambi\u00e9n se puede utilizar en la horeca o en la empresa y su uso en la agricultura aumenta la rentabilidad y la productividad del ganado o de los cultivos.\",\"breadcrumb\":{\"@id\":\"https:\\\/\\\/biodynamizer.com\\\/es\\\/b2b\\\/#breadcrumb\"},\"inLanguage\":\"es\",\"potentialAction\":[{\"@type\":\"ReadAction\",\"target\":[\"https:\\\/\\\/biodynamizer.com\\\/es\\\/b2b\\\/\"]}]},{\"@type\":\"BreadcrumbList\",\"@id\":\"https:\\\/\\\/biodynamizer.com\\\/es\\\/b2b\\\/#breadcrumb\",\"itemListElement\":[{\"@type\":\"ListItem\",\"position\":1,\"name\":\"Home\",\"item\":\"https:\\\/\\\/biodynamizer.com\\\/es\\\/\"},{\"@type\":\"ListItem\",\"position\":2,\"name\":\"B2B sectores\"}]},{\"@type\":\"WebSite\",\"@id\":\"https:\\\/\\\/biodynamizer.com\\\/es\\\/#website\",\"url\":\"https:\\\/\\\/biodynamizer.com\\\/es\\\/\",\"name\":\"Biodynamizer\",\"description\":\"Filtrez et dynamisez votre eau\",\"potentialAction\":[{\"@type\":\"SearchAction\",\"target\":{\"@type\":\"EntryPoint\",\"urlTemplate\":\"https:\\\/\\\/biodynamizer.com\\\/es\\\/?s={search_term_string}\"},\"query-input\":{\"@type\":\"PropertyValueSpecification\",\"valueRequired\":true,\"valueName\":\"search_term_string\"}}],\"inLanguage\":\"es\"}]}<\/script>\n<!-- \/ Yoast SEO plugin. -->","yoast_head_json":{"title":"B2B sectores - Biodynamizer","description":"El Biodynamizer (dinamizador o revitalizador del agua de la ciudad) tambi\u00e9n se puede utilizar en la horeca o en la empresa y su uso en la agricultura aumenta la rentabilidad y la productividad del ganado o de los cultivos.","robots":{"index":"index","follow":"follow","max-snippet":"max-snippet:-1","max-image-preview":"max-image-preview:large","max-video-preview":"max-video-preview:-1"},"canonical":"https:\/\/biodynamizer.com\/es\/b2b\/","og_locale":"es_ES","og_type":"article","og_title":"B2B sectores - Biodynamizer","og_description":"El Biodynamizer (dinamizador o revitalizador del agua de la ciudad) tambi\u00e9n se puede utilizar en la horeca o en la empresa y su uso en la agricultura aumenta la rentabilidad y la productividad del ganado o de los cultivos.","og_url":"https:\/\/biodynamizer.com\/es\/b2b\/","og_site_name":"Biodynamizer","article_modified_time":"2025-07-11T08:01:54+00:00","og_image":[{"width":2000,"height":1333,"url":"https:\/\/biodynamizer.com\/wp-content\/uploads\/2019\/11\/Depositphotos_15742931_xl-2015.jpg","type":"image\/jpeg"}],"twitter_card":"summary_large_image","twitter_misc":{"Tiempo de lectura":"2 minutos"},"schema":{"@context":"https:\/\/schema.org","@graph":[{"@type":"WebPage","@id":"https:\/\/biodynamizer.com\/es\/b2b\/","url":"https:\/\/biodynamizer.com\/es\/b2b\/","name":"B2B sectores - Biodynamizer","isPartOf":{"@id":"https:\/\/biodynamizer.com\/es\/#website"},"datePublished":"2020-01-21T09:03:18+00:00","dateModified":"2025-07-11T08:01:54+00:00","description":"El Biodynamizer (dinamizador o revitalizador del agua de la ciudad) tambi\u00e9n se puede utilizar en la horeca o en la empresa y su uso en la agricultura aumenta la rentabilidad y la productividad del ganado o de los cultivos.","breadcrumb":{"@id":"https:\/\/biodynamizer.com\/es\/b2b\/#breadcrumb"},"inLanguage":"es","potentialAction":[{"@type":"ReadAction","target":["https:\/\/biodynamizer.com\/es\/b2b\/"]}]},{"@type":"BreadcrumbList","@id":"https:\/\/biodynamizer.com\/es\/b2b\/#breadcrumb","itemListElement":[{"@type":"ListItem","position":1,"name":"Home","item":"https:\/\/biodynamizer.com\/es\/"},{"@type":"ListItem","position":2,"name":"B2B sectores"}]},{"@type":"WebSite","@id":"https:\/\/biodynamizer.com\/es\/#website","url":"https:\/\/biodynamizer.com\/es\/","name":"Biodynamizer","description":"Filtrez et dynamisez votre eau","potentialAction":[{"@type":"SearchAction","target":{"@type":"EntryPoint","urlTemplate":"https:\/\/biodynamizer.com\/es\/?s={search_term_string}"},"query-input":{"@type":"PropertyValueSpecification","valueRequired":true,"valueName":"search_term_string"}}],"inLanguage":"es"}]}},"_links":{"self":[{"href":"https:\/\/biodynamizer.com\/es\/wp-json\/wp\/v2\/pages\/5839","targetHints":{"allow":["GET"]}}],"collection":[{"href":"https:\/\/biodynamizer.com\/es\/wp-json\/wp\/v2\/pages"}],"about":[{"href":"https:\/\/biodynamizer.com\/es\/wp-json\/wp\/v2\/types\/page"}],"author":[{"embeddable":true,"href":"https:\/\/biodynamizer.com\/es\/wp-json\/wp\/v2\/users\/3"}],"replies":[{"embeddable":true,"href":"https:\/\/biodynamizer.com\/es\/wp-json\/wp\/v2\/comments?post=5839"}],"version-history":[{"count":17,"href":"https:\/\/biodynamizer.com\/es\/wp-json\/wp\/v2\/pages\/5839\/revisions"}],"predecessor-version":[{"id":27532,"href":"https:\/\/biodynamizer.com\/es\/wp-json\/wp\/v2\/pages\/5839\/revisions\/27532"}],"wp:attachment":[{"href":"https:\/\/biodynamizer.com\/es\/wp-json\/wp\/v2\/media?parent=5839"}],"curies":[{"name":"wp","href":"https:\/\/api.w.org\/{rel}","templated":true}]}}