{"id":5945,"date":"2020-01-24T12:45:17","date_gmt":"2020-01-24T12:45:17","guid":{"rendered":"https:\/\/biodynamizer.spleen-creation.be\/leau\/lenergie\/lhumain-est-avant-tout-une-vibration-consciente\/"},"modified":"2025-11-13T12:00:59","modified_gmt":"2025-11-13T12:00:59","slug":"vibracion-de-la-conciencia-humana","status":"publish","type":"page","link":"https:\/\/biodynamizer.com\/es\/agua\/energia\/vibracion-de-la-conciencia-humana\/","title":{"rendered":"\u00a1El ser humano es sobre todo una vibraci\u00f3n consciente!"},"content":{"rendered":"<section class=\"l-section wpb_row us_custom_916fdabd height_small\"><div class=\"l-section-h i-cf\"><div class=\"g-cols vc_row via_flex valign_top type_default stacking_default\"><div class=\"vc_col-sm-12 wpb_column vc_column_container\"><div class=\"vc_column-inner\"><div class=\"wpb_wrapper\"><nav class=\"g-breadcrumbs separator_custom align_none\" itemscope itemtype=\"http:\/\/schema.org\/BreadcrumbList\"><div class=\"g-breadcrumbs-item\" itemscope itemprop=\"itemListElement\" itemtype=\"http:\/\/schema.org\/ListItem\"><a itemprop=\"item\" href=\"https:\/\/biodynamizer.com\/es\/\"><span itemprop=\"name\">Inicio<\/span><\/a><meta itemprop=\"position\" content=\"1\"\/><\/div><div class=\"g-breadcrumbs-separator\">\/<\/div><div class=\"g-breadcrumbs-item\">P\u00e1ginas<\/div><\/nav><\/div><\/div><\/div><\/div><\/div><\/section><section class=\"l-section wpb_row fullheader height_huge with_img\"><div class=\"l-section-img\" role=\"img\" aria-label=\"Imagen\" data-img-width=\"1519\" data-img-height=\"371\" style=\"background-image: url(https:\/\/biodynamizer.com\/wp-content\/uploads\/2020\/03\/New-Project-29.jpg);background-repeat: no-repeat;\"><\/div><div class=\"l-section-h i-cf\"><div class=\"g-cols vc_row via_flex valign_top type_default stacking_default\"><div class=\"vc_col-sm-12 wpb_column vc_column_container has_text_color\"><div class=\"vc_column-inner us_custom_6df4bc3a\"><div class=\"wpb_wrapper\"><div class=\"wpb_text_column\"><div class=\"wpb_wrapper\"><h3>\u00a1El ser humano es sobre todo una vibraci\u00f3n consciente!<\/h3>\n<\/div><\/div><\/div><\/div><\/div><\/div><\/div><\/section><section class=\"l-section wpb_row max500 height_large\"><div class=\"l-section-h i-cf\"><div class=\"g-cols vc_row via_flex valign_top type_default stacking_default\"><div class=\"vc_col-sm-8 wpb_column vc_column_container\"><div class=\"vc_column-inner\"><div class=\"wpb_wrapper\"><div class=\"wpb_text_column\"><div class=\"wpb_wrapper\"><p>El agua es sobre todo una interfaz energ\u00e9tica que \u00ab<i>alimenta<\/i>\u00bb nuestro cuerpo vibratorio y nuestra conciencia. \u00a1De ah\u00ed la importancia de beber agua <i>viva comparable<\/i> a la que se encuentra en la naturaleza y que la humanidad ha estado bebiendo durante milenios!<\/p>\n<p>\u00a1Los humanos est\u00e1n hechos de energ\u00eda consciente!<\/p>\n<p>El mundo f\u00edsico es un vasto mar de energ\u00eda, nada es s\u00f3lido, todo es energ\u00eda. En este mar, el hombre es un cristal l\u00edquido en el que la energ\u00eda pulsa.<\/p>\n<p>De hecho, \u00a1la ciencia nos ense\u00f1a que una persona est\u00e1 compuesta de \u00e1tomos para el 0,01% de su volumen y de vac\u00edo \u00abmagn\u00e9tico\/cu\u00e1ntico\u00bb para el 99,99%! \u00a1La materia at\u00f3mica compactada de 3 personas no es m\u00e1s que la cabeza de una horquilla! Como una comparaci\u00f3n:<\/p>\n<ul>\n<li>1 \u00e1tomo de hidr\u00f3geno (materia) = naranja (fruta)<\/li>\n<li>1 electr\u00f3n (energ\u00eda) que gravita alrededor del \u00e1tomo de hidr\u00f3geno = grano de arena a 5 km del \u00e1tomo de naranja<\/li>\n<\/ul>\n<p>Algunos cient\u00edficos incluso equiparan energ\u00eda e informaci\u00f3n. De hecho, la energ\u00eda es una vibraci\u00f3n, que es una frecuencia, que puede ser reducida a un n\u00famero (de longitudes de onda por segundo = frecuencia), que puede ser interpretado como un c\u00f3digo = informaci\u00f3n que alimenta la conciencia! \u00ab<em><strong>Energ\u00eda codifica, agua codificar, humana descodificar<\/strong><\/em>\u00ab.\u00a0Y esta descodificaci\u00f3n tendr\u00eda lugar a trav\u00e9s de los dominios de coherencia de fase: +\/- 10 M &#8211; 30 M de mol\u00e9culas de agua l\u00edquida unidas por puentes de hidr\u00f3geno oscilar\u00edan a la misma frecuencia (sincronizadas) que la energ\u00eda que pasa a trav\u00e9s de ella. Esta informaci\u00f3n ser\u00eda \u00abcapturada\u00bb y \u00abtransmitida\u00bb a nuestro ADN y prote\u00ednas, lo que permitir\u00eda la comunicaci\u00f3n celular y desencadenar\u00eda reacciones bioqu\u00edmicas en el organismo.<\/p>\n<\/div><\/div><\/div><\/div><\/div><div class=\"vc_col-sm-4 wpb_column vc_column_container\"><div class=\"vc_column-inner\"><div class=\"wpb_wrapper\"><div class=\"w-image align_center\"><div class=\"w-image-h\"><img decoding=\"async\" width=\"433\" height=\"343\" src=\"https:\/\/biodynamizer.com\/wp-content\/uploads\/2020\/01\/vibration2.png\" class=\"attachment-large size-large\" alt=\"bulles d&#039;eau\" loading=\"lazy\" srcset=\"https:\/\/biodynamizer.com\/wp-content\/uploads\/2020\/01\/vibration2.png 433w, https:\/\/biodynamizer.com\/wp-content\/uploads\/2020\/01\/vibration2-300x238.png 300w\" sizes=\"auto, (max-width: 433px) 100vw, 433px\" \/><\/div><\/div><div class=\"wpb_text_column\"><div class=\"wpb_wrapper\"><p style=\"text-align: center;\">Illustration d\u2019une mol\u00e9cule d\u2019eau<\/p>\n<\/div><\/div><div class=\"w-image align_center\"><div class=\"w-image-h\"><img decoding=\"async\" width=\"360\" height=\"568\" src=\"https:\/\/biodynamizer.com\/wp-content\/uploads\/2020\/01\/vibration.png\" class=\"attachment-large size-large\" alt=\"\" loading=\"lazy\" srcset=\"https:\/\/biodynamizer.com\/wp-content\/uploads\/2020\/01\/vibration.png 360w, https:\/\/biodynamizer.com\/wp-content\/uploads\/2020\/01\/vibration-190x300.png 190w\" sizes=\"auto, (max-width: 360px) 100vw, 360px\" \/><\/div><\/div><div class=\"w-separator size_medium\"><\/div><\/div><\/div><\/div><\/div><\/div><\/section><section class=\"l-section wpb_row height_medium\"><div class=\"l-section-overlay\" style=\"background:rgba(172,172,172,0.2)\"><\/div><div class=\"l-section-h i-cf\"><div class=\"g-cols vc_row via_flex valign_top type_default stacking_default\"><div class=\"vc_col-sm-12 wpb_column vc_column_container\"><div class=\"vc_column-inner\"><div class=\"wpb_wrapper\"><div class=\"wpb_text_column\"><div class=\"wpb_wrapper\"><h2><b>En conclusi\u00f3n<\/b><\/h2>\n<p>Por lo tanto, \u00a1hemos visto que el agua poseer\u00eda una fuerza de vida dentro de ella que se <u><b><a href=\"https:\/\/biodynamizer.com\/es\/nuestras-soluciones\/el-biodynamizer\/la-restructuracion\/\">estructurar\u00eda<\/a><\/b><\/u> por su din\u00e1mica natural y por la energ\u00eda que pasar\u00eda a trav\u00e9s de ella para servir como fuente de energ\u00eda para los sistemas biol\u00f3gicos vivos! El agua ser\u00eda una interfaz dise\u00f1ada para capturar, almacenar y transmitir:<\/p>\n<ol>\n<li>energ\u00eda magn\u00e9tica de origen terrestre (campos magn\u00e9ticos y gravitacionales),<\/li>\n<li>energ\u00eda electromagn\u00e9tica de origen solar (electrones-fotones-protones),<\/li>\n<li>energ\u00eda de vac\u00edo de las ondas escalares o campos de torsi\u00f3n que llevar\u00edan la informaci\u00f3n. Parece que cualquier masa o fluido en movimiento rotatorio = giro = v\u00f3rtice (\u00a1agua dinamizada!) genera campos de torsi\u00f3n activos. Adem\u00e1s, cualquier objeto cuyas formas geom\u00e9tricas correspondan a las proporciones del n\u00famero dorado Phi (1.618) ser\u00eda tambi\u00e9n un generador de campos de torsi\u00f3n pero pasivo (ondas de forma). Estas se almacenar\u00edan en agua estructurada, especialmente en agua que contenga sales ionizadas (<u><b><a href=\"https:\/\/biodynamizer.com\/es\/information-additionelle\/composition-de-leau\/\">minerales<\/a><\/b><\/u>).<\/li>\n<\/ol>\n<p>Esta energ\u00eda se transformar\u00eda en energ\u00eda el\u00e9ctrica que desencadenar\u00eda reacciones bioqu\u00edmicas en el cuerpo humano. Esta energ\u00eda ayudar\u00eda a dirigir nuestro metabolismo (activar las comunicaciones celulares).<\/p>\n<p>El agua ser\u00eda, por lo tanto, una interfaz (receptor-transmisor) entre la radiaci\u00f3n energ\u00e9tica procedente de la naturaleza y la materia, que permitir\u00eda activar el funcionamiento de los procesos biol\u00f3gicos. \u00a1El agua es vida!<\/p>\n<p>El agua biodinamizada parece tener una estructura molecular que permitir\u00eda una mayor receptividad a las energ\u00edas c\u00f3smicas y terrestres, que amplificar\u00eda y transmitir\u00eda a nuestro cuerpo energ\u00e9tico (aura). Vea los <a href=\"https:\/\/biodynamizer.com\/es\/analisis-cientificos\/lanalyse-biophotonique\/\"><span style=\"text-decoration: underline;\"><strong>an\u00e1lisis biofot\u00f3nico<\/strong><\/span><\/a> y <u><b><a href=\"https:\/\/biodynamizer.com\/es\/information-additionelle\/la-camera-electrophotonique-de-coramp-solutions\/\">an\u00e1lisis electrofot\u00f3nicos sobre<\/a><\/b><\/u> este tema.<\/p>\n<\/div><\/div><\/div><\/div><\/div><\/div><\/div><\/section>\n","protected":false},"excerpt":{"rendered":"Inicio\/P\u00e1ginas\u00a1El ser humano es sobre todo una vibraci\u00f3n consciente! El agua es sobre todo una interfaz energ\u00e9tica que \u00abalimenta\u00bb nuestro cuerpo vibratorio y nuestra conciencia. \u00a1De ah\u00ed la importancia de beber agua viva comparable a la que se encuentra en la naturaleza y que la humanidad ha estado bebiendo durante milenios! \u00a1Los humanos est\u00e1n hechos...","protected":false},"author":3,"featured_media":0,"parent":5927,"menu_order":3,"comment_status":"closed","ping_status":"closed","template":"","meta":{"_monsterinsights_skip_tracking":false,"_monsterinsights_sitenote_active":false,"_monsterinsights_sitenote_note":"","_monsterinsights_sitenote_category":0,"footnotes":""},"class_list":["post-5945","page","type-page","status-publish","hentry"],"yoast_head":"<!-- This site is optimized with the Yoast SEO plugin v27.3 - https:\/\/yoast.com\/product\/yoast-seo-wordpress\/ -->\n<title>\u00a1El ser humano es sobre todo una vibraci\u00f3n consciente! - Biodynamizer<\/title>\n<meta name=\"description\" content=\"Biodynamizer - \u00a1El ser humano es sobre todo una vibraci\u00f3n consciente! - En savoir plus sur le biodynamizer et le biofiltre\" \/>\n<meta name=\"robots\" content=\"index, follow, max-snippet:-1, max-image-preview:large, max-video-preview:-1\" \/>\n<link rel=\"canonical\" href=\"https:\/\/biodynamizer.com\/es\/agua\/energia\/vibracion-de-la-conciencia-humana\/\" \/>\n<meta property=\"og:locale\" content=\"es_ES\" \/>\n<meta property=\"og:type\" content=\"article\" \/>\n<meta property=\"og:title\" content=\"\u00a1El ser humano es sobre todo una vibraci\u00f3n consciente! - Biodynamizer\" \/>\n<meta property=\"og:description\" content=\"Biodynamizer - \u00a1El ser humano es sobre todo una vibraci\u00f3n consciente! - En savoir plus sur le biodynamizer et le biofiltre\" \/>\n<meta property=\"og:url\" content=\"https:\/\/biodynamizer.com\/es\/agua\/energia\/vibracion-de-la-conciencia-humana\/\" \/>\n<meta property=\"og:site_name\" content=\"Biodynamizer\" \/>\n<meta property=\"article:modified_time\" content=\"2025-11-13T12:00:59+00:00\" \/>\n<meta property=\"og:image\" content=\"https:\/\/biodynamizer.com\/wp-content\/uploads\/2019\/11\/Depositphotos_15742931_xl-2015.jpg\" \/>\n\t<meta property=\"og:image:width\" content=\"2000\" \/>\n\t<meta property=\"og:image:height\" content=\"1333\" \/>\n\t<meta property=\"og:image:type\" content=\"image\/jpeg\" \/>\n<meta name=\"twitter:card\" content=\"summary_large_image\" \/>\n<meta name=\"twitter:label1\" content=\"Tiempo de lectura\" \/>\n\t<meta name=\"twitter:data1\" content=\"3 minutos\" \/>\n<script type=\"application\/ld+json\" class=\"yoast-schema-graph\">{\"@context\":\"https:\\\/\\\/schema.org\",\"@graph\":[{\"@type\":\"WebPage\",\"@id\":\"https:\\\/\\\/biodynamizer.com\\\/es\\\/agua\\\/energia\\\/vibracion-de-la-conciencia-humana\\\/\",\"url\":\"https:\\\/\\\/biodynamizer.com\\\/es\\\/agua\\\/energia\\\/vibracion-de-la-conciencia-humana\\\/\",\"name\":\"\u00a1El ser humano es sobre todo una vibraci\u00f3n consciente! - Biodynamizer\",\"isPartOf\":{\"@id\":\"https:\\\/\\\/biodynamizer.com\\\/es\\\/#website\"},\"datePublished\":\"2020-01-24T12:45:17+00:00\",\"dateModified\":\"2025-11-13T12:00:59+00:00\",\"description\":\"Biodynamizer - \u00a1El ser humano es sobre todo una vibraci\u00f3n consciente! - En savoir plus sur le biodynamizer et le biofiltre\",\"breadcrumb\":{\"@id\":\"https:\\\/\\\/biodynamizer.com\\\/es\\\/agua\\\/energia\\\/vibracion-de-la-conciencia-humana\\\/#breadcrumb\"},\"inLanguage\":\"es\",\"potentialAction\":[{\"@type\":\"ReadAction\",\"target\":[\"https:\\\/\\\/biodynamizer.com\\\/es\\\/agua\\\/energia\\\/vibracion-de-la-conciencia-humana\\\/\"]}]},{\"@type\":\"BreadcrumbList\",\"@id\":\"https:\\\/\\\/biodynamizer.com\\\/es\\\/agua\\\/energia\\\/vibracion-de-la-conciencia-humana\\\/#breadcrumb\",\"itemListElement\":[{\"@type\":\"ListItem\",\"position\":1,\"name\":\"Home\",\"item\":\"https:\\\/\\\/biodynamizer.com\\\/es\\\/\"},{\"@type\":\"ListItem\",\"position\":2,\"name\":\"Agua\",\"item\":\"https:\\\/\\\/biodynamizer.com\\\/es\\\/agua\\\/\"},{\"@type\":\"ListItem\",\"position\":3,\"name\":\"Energ\u00eda\",\"item\":\"https:\\\/\\\/biodynamizer.com\\\/es\\\/agua\\\/energia\\\/\"},{\"@type\":\"ListItem\",\"position\":4,\"name\":\"\u00a1El ser humano es sobre todo una vibraci\u00f3n consciente!\"}]},{\"@type\":\"WebSite\",\"@id\":\"https:\\\/\\\/biodynamizer.com\\\/es\\\/#website\",\"url\":\"https:\\\/\\\/biodynamizer.com\\\/es\\\/\",\"name\":\"Biodynamizer\",\"description\":\"Filtrez et dynamisez votre eau\",\"potentialAction\":[{\"@type\":\"SearchAction\",\"target\":{\"@type\":\"EntryPoint\",\"urlTemplate\":\"https:\\\/\\\/biodynamizer.com\\\/es\\\/?s={search_term_string}\"},\"query-input\":{\"@type\":\"PropertyValueSpecification\",\"valueRequired\":true,\"valueName\":\"search_term_string\"}}],\"inLanguage\":\"es\"}]}<\/script>\n<!-- \/ Yoast SEO plugin. -->","yoast_head_json":{"title":"\u00a1El ser humano es sobre todo una vibraci\u00f3n consciente! - Biodynamizer","description":"Biodynamizer - \u00a1El ser humano es sobre todo una vibraci\u00f3n consciente! - En savoir plus sur le biodynamizer et le biofiltre","robots":{"index":"index","follow":"follow","max-snippet":"max-snippet:-1","max-image-preview":"max-image-preview:large","max-video-preview":"max-video-preview:-1"},"canonical":"https:\/\/biodynamizer.com\/es\/agua\/energia\/vibracion-de-la-conciencia-humana\/","og_locale":"es_ES","og_type":"article","og_title":"\u00a1El ser humano es sobre todo una vibraci\u00f3n consciente! - Biodynamizer","og_description":"Biodynamizer - \u00a1El ser humano es sobre todo una vibraci\u00f3n consciente! - En savoir plus sur le biodynamizer et le biofiltre","og_url":"https:\/\/biodynamizer.com\/es\/agua\/energia\/vibracion-de-la-conciencia-humana\/","og_site_name":"Biodynamizer","article_modified_time":"2025-11-13T12:00:59+00:00","og_image":[{"width":2000,"height":1333,"url":"https:\/\/biodynamizer.com\/wp-content\/uploads\/2019\/11\/Depositphotos_15742931_xl-2015.jpg","type":"image\/jpeg"}],"twitter_card":"summary_large_image","twitter_misc":{"Tiempo de lectura":"3 minutos"},"schema":{"@context":"https:\/\/schema.org","@graph":[{"@type":"WebPage","@id":"https:\/\/biodynamizer.com\/es\/agua\/energia\/vibracion-de-la-conciencia-humana\/","url":"https:\/\/biodynamizer.com\/es\/agua\/energia\/vibracion-de-la-conciencia-humana\/","name":"\u00a1El ser humano es sobre todo una vibraci\u00f3n consciente! - Biodynamizer","isPartOf":{"@id":"https:\/\/biodynamizer.com\/es\/#website"},"datePublished":"2020-01-24T12:45:17+00:00","dateModified":"2025-11-13T12:00:59+00:00","description":"Biodynamizer - \u00a1El ser humano es sobre todo una vibraci\u00f3n consciente! - En savoir plus sur le biodynamizer et le biofiltre","breadcrumb":{"@id":"https:\/\/biodynamizer.com\/es\/agua\/energia\/vibracion-de-la-conciencia-humana\/#breadcrumb"},"inLanguage":"es","potentialAction":[{"@type":"ReadAction","target":["https:\/\/biodynamizer.com\/es\/agua\/energia\/vibracion-de-la-conciencia-humana\/"]}]},{"@type":"BreadcrumbList","@id":"https:\/\/biodynamizer.com\/es\/agua\/energia\/vibracion-de-la-conciencia-humana\/#breadcrumb","itemListElement":[{"@type":"ListItem","position":1,"name":"Home","item":"https:\/\/biodynamizer.com\/es\/"},{"@type":"ListItem","position":2,"name":"Agua","item":"https:\/\/biodynamizer.com\/es\/agua\/"},{"@type":"ListItem","position":3,"name":"Energ\u00eda","item":"https:\/\/biodynamizer.com\/es\/agua\/energia\/"},{"@type":"ListItem","position":4,"name":"\u00a1El ser humano es sobre todo una vibraci\u00f3n consciente!"}]},{"@type":"WebSite","@id":"https:\/\/biodynamizer.com\/es\/#website","url":"https:\/\/biodynamizer.com\/es\/","name":"Biodynamizer","description":"Filtrez et dynamisez votre eau","potentialAction":[{"@type":"SearchAction","target":{"@type":"EntryPoint","urlTemplate":"https:\/\/biodynamizer.com\/es\/?s={search_term_string}"},"query-input":{"@type":"PropertyValueSpecification","valueRequired":true,"valueName":"search_term_string"}}],"inLanguage":"es"}]}},"_links":{"self":[{"href":"https:\/\/biodynamizer.com\/es\/wp-json\/wp\/v2\/pages\/5945","targetHints":{"allow":["GET"]}}],"collection":[{"href":"https:\/\/biodynamizer.com\/es\/wp-json\/wp\/v2\/pages"}],"about":[{"href":"https:\/\/biodynamizer.com\/es\/wp-json\/wp\/v2\/types\/page"}],"author":[{"embeddable":true,"href":"https:\/\/biodynamizer.com\/es\/wp-json\/wp\/v2\/users\/3"}],"replies":[{"embeddable":true,"href":"https:\/\/biodynamizer.com\/es\/wp-json\/wp\/v2\/comments?post=5945"}],"version-history":[{"count":11,"href":"https:\/\/biodynamizer.com\/es\/wp-json\/wp\/v2\/pages\/5945\/revisions"}],"predecessor-version":[{"id":29930,"href":"https:\/\/biodynamizer.com\/es\/wp-json\/wp\/v2\/pages\/5945\/revisions\/29930"}],"up":[{"embeddable":true,"href":"https:\/\/biodynamizer.com\/es\/wp-json\/wp\/v2\/pages\/5927"}],"wp:attachment":[{"href":"https:\/\/biodynamizer.com\/es\/wp-json\/wp\/v2\/media?parent=5945"}],"curies":[{"name":"wp","href":"https:\/\/api.w.org\/{rel}","templated":true}]}}