{"id":5963,"date":"2020-01-14T09:50:01","date_gmt":"2020-01-14T09:50:01","guid":{"rendered":"https:\/\/biodynamizer.spleen-creation.be\/nos-solutions\/"},"modified":"2026-02-06T18:00:12","modified_gmt":"2026-02-06T18:00:12","slug":"nuestras-soluciones","status":"publish","type":"page","link":"https:\/\/biodynamizer.com\/es\/nuestras-soluciones\/","title":{"rendered":"Nuestras soluciones"},"content":{"rendered":"<section class=\"l-section wpb_row us_custom_916fdabd height_small\"><div class=\"l-section-h i-cf\"><div class=\"g-cols vc_row via_flex valign_top type_default stacking_default\"><div class=\"vc_col-sm-12 wpb_column vc_column_container\"><div class=\"vc_column-inner\"><div class=\"wpb_wrapper\"><nav class=\"g-breadcrumbs separator_custom align_none\" itemscope itemtype=\"http:\/\/schema.org\/BreadcrumbList\"><div class=\"g-breadcrumbs-item\" itemscope itemprop=\"itemListElement\" itemtype=\"http:\/\/schema.org\/ListItem\"><a itemprop=\"item\" href=\"https:\/\/biodynamizer.com\/es\/\"><span itemprop=\"name\">Inicio<\/span><\/a><meta itemprop=\"position\" content=\"1\"\/><\/div><div class=\"g-breadcrumbs-separator\">\/<\/div><div class=\"g-breadcrumbs-item\">P\u00e1ginas<\/div><\/nav><\/div><\/div><\/div><\/div><\/div><\/section><section class=\"l-section wpb_row fullheader height_huge with_img\"><div class=\"l-section-img\" role=\"img\" aria-label=\"Imagen\" data-img-width=\"2000\" data-img-height=\"1333\" style=\"background-image: url(https:\/\/biodynamizer.com\/wp-content\/uploads\/2019\/11\/Depositphotos_25642859_xl-2015.jpg);background-repeat: no-repeat;\"><\/div><div class=\"l-section-h i-cf\"><div class=\"g-cols vc_row via_flex valign_top type_default stacking_default\"><div class=\"vc_col-sm-12 wpb_column vc_column_container has_text_color\"><div class=\"vc_column-inner us_custom_6df4bc3a\"><div class=\"wpb_wrapper\"><div class=\"wpb_text_column\"><div class=\"wpb_wrapper\"><p><a href=\"https:\/\/biodynamizer.com\/nos-solutions\/\">Nuestras soluciones<\/a><\/p>\n<\/div><\/div><\/div><\/div><\/div><\/div><\/div><\/section><section class=\"l-section wpb_row height_medium\"><div class=\"l-section-h i-cf\"><div class=\"g-cols vc_row via_flex valign_top type_default stacking_default\"><div class=\"vc_col-sm-12 wpb_column vc_column_container\"><div class=\"vc_column-inner\"><div class=\"wpb_wrapper\"><div class=\"wpb_text_column\"><div class=\"wpb_wrapper\"><h1><span class=\"LineBreakBlob BlobObject BCX0 SCXP230710090\">Agua filtrada (filtraci\u00f3n) y biodinamizada (reestructuraci\u00f3n &#8211; energizaci\u00f3n)<\/span><\/h1>\n<\/div><\/div><div class=\"wpb_text_column\"><div class=\"wpb_wrapper\"><p>El agua viva tal como se encuentra en la naturaleza, debe ser <strong>filtrada (<a href=\"https:\/\/biodynamizer.com\/es\/nuestras-soluciones\/el-biofiltre\/\">Biofilter<\/a><\/strong>), luego <strong>reestructurada<\/strong> (<a href=\"https:\/\/biodynamizer.com\/es\/nuestras-soluciones\/el-biodynamizer\/la-restructuracion\/\"><strong>Biodynamizer<\/strong><\/a>) y finalmente <strong>energizado<\/strong> (<a href=\"https:\/\/biodynamizer.com\/es\/nuestras-soluciones\/el-biodynamizer\/energizacion\/\"><strong>Biodynamizer<\/strong><\/a>).<br \/>\nEstas 3 etapas que constituyen el proceso de biodinamizaci\u00f3n (o revitalizaci\u00f3n) del agua permiten regenerarla hasta el equivalente al agua de monta\u00f1a.<\/p>\n<\/div><\/div><div class=\"w-image align_none\"><div class=\"w-image-h\"><img decoding=\"async\" width=\"1024\" height=\"336\" src=\"https:\/\/biodynamizer.com\/wp-content\/uploads\/2026\/02\/Biodynamizer-tableau_SP-1024x336.jpg\" class=\"attachment-large size-large\" alt=\"Tableau comparatif biodynamizer\" loading=\"lazy\" srcset=\"https:\/\/biodynamizer.com\/wp-content\/uploads\/2026\/02\/Biodynamizer-tableau_SP-1024x336.jpg 1024w, https:\/\/biodynamizer.com\/wp-content\/uploads\/2026\/02\/Biodynamizer-tableau_SP-300x98.jpg 300w, https:\/\/biodynamizer.com\/wp-content\/uploads\/2026\/02\/Biodynamizer-tableau_SP-600x197.jpg 600w, https:\/\/biodynamizer.com\/wp-content\/uploads\/2026\/02\/Biodynamizer-tableau_SP.jpg 1748w\" sizes=\"auto, (max-width: 1024px) 100vw, 1024px\" \/><\/div><\/div><\/div><\/div><\/div><\/div><\/div><\/section><section class=\"l-section wpb_row us_custom_7704f25f height_medium\"><div class=\"l-section-h i-cf\"><div class=\"g-cols vc_row via_flex valign_top type_default stacking_default\"><div class=\"vc_col-sm-12 wpb_column vc_column_container\"><div class=\"vc_column-inner\"><div class=\"wpb_wrapper\"><div class=\"wpb_text_column\"><div class=\"wpb_wrapper\"><p>Aumentar el agua es:<\/p>\n<\/div><\/div><div class=\"w-separator size_small\"><\/div><\/div><\/div><\/div><div class=\"vc_col-sm-4 wpb_column vc_column_container\"><div class=\"vc_column-inner\"><div class=\"wpb_wrapper\"><div class=\"w-image align_center\"><a ref=\"magnificPopup\" href=\"https:\/\/biodynamizer.com\/wp-content\/uploads\/2020\/03\/New-Project-4-4.jpg\" aria-label=\"New Project (4)\" class=\"w-image-h\"><img decoding=\"async\" width=\"348\" height=\"195\" src=\"https:\/\/biodynamizer.com\/wp-content\/uploads\/2020\/03\/New-Project-4-4.jpg\" class=\"attachment-large size-large\" alt=\"\" loading=\"lazy\" srcset=\"https:\/\/biodynamizer.com\/wp-content\/uploads\/2020\/03\/New-Project-4-4.jpg 348w, https:\/\/biodynamizer.com\/wp-content\/uploads\/2020\/03\/New-Project-4-4-300x168.jpg 300w\" sizes=\"auto, (max-width: 348px) 100vw, 348px\" \/><\/a><\/div><div class=\"w-separator size_small\"><\/div><div class=\"wpb_text_column blauwtekst\"><div class=\"wpb_wrapper\"><h4 style=\"text-align: center;\"><strong>1\/ <a href=\"https:\/\/biodynamizer.com\/es\/nuestras-soluciones\/el-biofiltre\/\">Filtrar<\/a><\/strong><\/h4>\n<\/div><\/div><div class=\"wpb_text_column\"><div class=\"wpb_wrapper\"><p style=\"text-align: center;\">Filtrar el agua de los contaminantes que pueda contener.<\/p>\n<\/div><\/div><\/div><\/div><\/div><div class=\"vc_col-sm-4 wpb_column vc_column_container\"><div class=\"vc_column-inner\"><div class=\"wpb_wrapper\"><div class=\"w-image align_center\"><a ref=\"magnificPopup\" href=\"https:\/\/biodynamizer.com\/wp-content\/uploads\/2020\/01\/Depositphotos_150563222_xl-2015.jpg\" aria-label=\"3d illustration of molecule model. Science background with molecules chemical formulas\" class=\"w-image-h\"><img decoding=\"async\" width=\"1024\" height=\"575\" src=\"https:\/\/biodynamizer.com\/wp-content\/uploads\/2020\/01\/Depositphotos_150563222_xl-2015-1024x575.jpg\" class=\"attachment-large size-large\" alt=\"\" loading=\"lazy\" srcset=\"https:\/\/biodynamizer.com\/wp-content\/uploads\/2020\/01\/Depositphotos_150563222_xl-2015-1024x575.jpg 1024w, https:\/\/biodynamizer.com\/wp-content\/uploads\/2020\/01\/Depositphotos_150563222_xl-2015-300x169.jpg 300w, https:\/\/biodynamizer.com\/wp-content\/uploads\/2020\/01\/Depositphotos_150563222_xl-2015-1536x863.jpg 1536w, https:\/\/biodynamizer.com\/wp-content\/uploads\/2020\/01\/Depositphotos_150563222_xl-2015.jpg 2000w\" sizes=\"auto, (max-width: 1024px) 100vw, 1024px\" \/><\/a><\/div><div class=\"w-separator size_small\"><\/div><div class=\"wpb_text_column blauwtekst\"><div class=\"wpb_wrapper\"><h4 style=\"text-align: center;\"><strong>2\/ <a href=\"https:\/\/biodynamizer.com\/es\/nuestras-soluciones\/el-biodynamizer\/la-restructuracion\/\">Estructura<\/a><\/strong><\/h4>\n<\/div><\/div><div class=\"wpb_text_column\"><div class=\"wpb_wrapper\"><p style=\"text-align: center;\">El agua (que le permite captar mejor la energ\u00eda c\u00f3smica y terrestre).<\/p>\n<\/div><\/div><\/div><\/div><\/div><div class=\"vc_col-sm-4 wpb_column vc_column_container\"><div class=\"vc_column-inner\"><div class=\"wpb_wrapper\"><div class=\"w-image align_center\"><a ref=\"magnificPopup\" href=\"https:\/\/biodynamizer.com\/wp-content\/uploads\/2020\/01\/Depositphotos_148206681_xl-2015.jpg\" aria-label=\"3d illustration of glass molecules. Atoms connection concept. Abstract science background\" class=\"w-image-h\"><img decoding=\"async\" width=\"1024\" height=\"575\" src=\"https:\/\/biodynamizer.com\/wp-content\/uploads\/2020\/01\/Depositphotos_148206681_xl-2015-1024x575.jpg\" class=\"attachment-large size-large\" alt=\"\" loading=\"lazy\" srcset=\"https:\/\/biodynamizer.com\/wp-content\/uploads\/2020\/01\/Depositphotos_148206681_xl-2015-1024x575.jpg 1024w, https:\/\/biodynamizer.com\/wp-content\/uploads\/2020\/01\/Depositphotos_148206681_xl-2015-300x169.jpg 300w, https:\/\/biodynamizer.com\/wp-content\/uploads\/2020\/01\/Depositphotos_148206681_xl-2015-1536x863.jpg 1536w, https:\/\/biodynamizer.com\/wp-content\/uploads\/2020\/01\/Depositphotos_148206681_xl-2015.jpg 2000w\" sizes=\"auto, (max-width: 1024px) 100vw, 1024px\" \/><\/a><\/div><div class=\"w-separator size_small\"><\/div><div class=\"wpb_text_column blauwtekst\"><div class=\"wpb_wrapper\"><h4 style=\"text-align: center;\"><strong>3\/ <a href=\"https:\/\/biodynamizer.com\/es\/nuestras-soluciones\/el-biodynamizer\/energizacion\/\">Amplificar la energ\u00eda<\/a><\/strong><\/h4>\n<\/div><\/div><div class=\"wpb_text_column\"><div class=\"wpb_wrapper\"><p style=\"text-align: center;\">La energ\u00eda del agua para que se convierta en agua blanca equivalente a la de la monta\u00f1a.<\/p>\n<\/div><\/div><\/div><\/div><\/div><\/div><\/div><\/section><section class=\"l-section wpb_row height_medium\"><div class=\"l-section-h i-cf\"><div class=\"g-cols vc_row via_flex valign_top type_default stacking_default\"><div class=\"vc_col-sm-12 wpb_column vc_column_container\"><div class=\"vc_column-inner\"><div class=\"wpb_wrapper\"><div class=\"wpb_text_column\"><div class=\"wpb_wrapper\"><h2 style=\"text-align: center;\"><strong>Nuestras soluciones: la filtraci\u00f3n y biodinamizaci\u00f3n del agua de la ciudad<\/strong><\/h2>\n<\/div><\/div><\/div><\/div><\/div><\/div><\/div><\/section><section class=\"l-section wpb_row max500 height_medium\"><div class=\"l-section-h i-cf\"><div class=\"g-cols vc_row via_flex valign_middle type_default stacking_default\"><div class=\"vc_col-sm-4 wpb_column vc_column_container prebutton\"><div class=\"vc_column-inner\"><div class=\"wpb_wrapper\"><div class=\"w-image max300 align_center\"><div class=\"w-image-h\"><img decoding=\"async\" width=\"688\" height=\"1024\" src=\"https:\/\/biodynamizer.com\/wp-content\/uploads\/2024\/01\/Biofiltre-bleu-cartouche-Bio-Pro-transparent-1-688x1024.png\" class=\"attachment-large size-large\" alt=\"Placement filtre Biodynamizer et un biofiltre PVC bleu\" loading=\"lazy\" srcset=\"https:\/\/biodynamizer.com\/wp-content\/uploads\/2024\/01\/Biofiltre-bleu-cartouche-Bio-Pro-transparent-1-688x1024.png 688w, https:\/\/biodynamizer.com\/wp-content\/uploads\/2024\/01\/Biofiltre-bleu-cartouche-Bio-Pro-transparent-1-202x300.png 202w, https:\/\/biodynamizer.com\/wp-content\/uploads\/2024\/01\/Biofiltre-bleu-cartouche-Bio-Pro-transparent-1-269x400.png 269w, https:\/\/biodynamizer.com\/wp-content\/uploads\/2024\/01\/Biofiltre-bleu-cartouche-Bio-Pro-transparent-1.png 1195w\" sizes=\"auto, (max-width: 688px) 100vw, 688px\" \/><\/div><\/div><div class=\"w-separator size_medium\"><\/div><\/div><\/div><\/div><div class=\"vc_col-sm-4 wpb_column vc_column_container\"><div class=\"vc_column-inner\"><div class=\"wpb_wrapper\"><div class=\"w-iconbox iconpos_top style_default color_custom align_center no_text no_title\"><div class=\"w-iconbox-icon\" style=\"font-size:50px;--icon-color:#005a89;\"><i class=\"fas fa-plus\"><\/i><\/div><div class=\"w-iconbox-meta\"><\/div><\/div><\/div><\/div><\/div><div class=\"vc_col-sm-4 wpb_column vc_column_container prebutton\"><div class=\"vc_column-inner\"><div class=\"wpb_wrapper\"><div class=\"w-image align_center\"><div class=\"w-image-h\"><img decoding=\"async\" width=\"520\" height=\"1024\" src=\"https:\/\/biodynamizer.com\/wp-content\/uploads\/2025\/08\/Sleeve-Biodynamizer-3.0-520x1024.png\" class=\"attachment-large size-large\" alt=\"\" loading=\"lazy\" srcset=\"https:\/\/biodynamizer.com\/wp-content\/uploads\/2025\/08\/Sleeve-Biodynamizer-3.0-520x1024.png 520w, https:\/\/biodynamizer.com\/wp-content\/uploads\/2025\/08\/Sleeve-Biodynamizer-3.0-152x300.png 152w, https:\/\/biodynamizer.com\/wp-content\/uploads\/2025\/08\/Sleeve-Biodynamizer-3.0-203x400.png 203w, https:\/\/biodynamizer.com\/wp-content\/uploads\/2025\/08\/Sleeve-Biodynamizer-3.0.png 556w\" sizes=\"auto, (max-width: 520px) 100vw, 520px\" \/><\/div><\/div><div class=\"w-separator size_medium\"><\/div><\/div><\/div><\/div><div class=\"vc_col-sm-4 wpb_column vc_column_container\"><div class=\"vc_column-inner\"><div class=\"wpb_wrapper\"><div class=\"w-btn-wrapper align_center\"><a class=\"w-btn us-btn-style_4 buttonicoon\" title=\"El Biofiltro\" href=\"https:\/\/biodynamizer.com\/es\/nuestras-soluciones\/el-biofiltre\/\"><span class=\"w-btn-label\">M\u00e1s informaci\u00f3n sobre el Biofiltro<\/span><\/a><\/div><\/div><\/div><\/div><div class=\"vc_col-sm-4 wpb_column vc_column_container\"><div class=\"vc_column-inner\"><div class=\"wpb_wrapper\"><\/div><\/div><\/div><div class=\"vc_col-sm-4 wpb_column vc_column_container\"><div class=\"vc_column-inner\"><div class=\"wpb_wrapper\"><div class=\"w-btn-wrapper align_center\"><a class=\"w-btn us-btn-style_4 buttonicoon\" title=\"Le Biodynamizer\" href=\"https:\/\/biodynamizer.com\/es\/nuestras-soluciones\/el-biodynamizer\/\"><span class=\"w-btn-label\">M\u00e1s informaci\u00f3n sobre el Biodinamizador<\/span><\/a><\/div><\/div><\/div><\/div><\/div><\/div><\/section><section class=\"l-section wpb_row height_auto\"><div class=\"l-section-h i-cf\"><div class=\"g-cols vc_row via_flex valign_top type_default stacking_default\"><div class=\"vc_col-sm-12 wpb_column vc_column_container\"><div class=\"vc_column-inner\"><div class=\"wpb_wrapper\"><div class=\"w-image align_center\"><div class=\"w-image-h\"><img decoding=\"async\" width=\"752\" height=\"555\" src=\"https:\/\/biodynamizer.com\/wp-content\/uploads\/2025\/05\/TOP-soluciones-ES.png\" class=\"attachment-large size-large\" alt=\"\" loading=\"lazy\" srcset=\"https:\/\/biodynamizer.com\/wp-content\/uploads\/2025\/05\/TOP-soluciones-ES.png 752w, https:\/\/biodynamizer.com\/wp-content\/uploads\/2025\/05\/TOP-soluciones-ES-300x221.png 300w, https:\/\/biodynamizer.com\/wp-content\/uploads\/2025\/05\/TOP-soluciones-ES-542x400.png 542w, https:\/\/biodynamizer.com\/wp-content\/uploads\/2025\/05\/TOP-soluciones-ES-640x472.png 640w\" sizes=\"auto, (max-width: 752px) 100vw, 752px\" \/><\/div><\/div><\/div><\/div><\/div><\/div><\/div><\/section>\n","protected":false},"excerpt":{"rendered":"Inicio\/P\u00e1ginasNuestras soluciones Agua filtrada (filtraci\u00f3n) y biodinamizada (reestructuraci\u00f3n &#8211; energizaci\u00f3n) El agua viva tal como se encuentra en la naturaleza, debe ser filtrada (Biofilter), luego reestructurada (Biodynamizer) y finalmente energizado (Biodynamizer). Estas 3 etapas que constituyen el proceso de biodinamizaci\u00f3n (o revitalizaci\u00f3n) del agua permiten regenerarla hasta el equivalente al agua de monta\u00f1a. Aumentar el...","protected":false},"author":3,"featured_media":0,"parent":0,"menu_order":21,"comment_status":"closed","ping_status":"closed","template":"","meta":{"_monsterinsights_skip_tracking":false,"_monsterinsights_sitenote_active":false,"_monsterinsights_sitenote_note":"","_monsterinsights_sitenote_category":0,"footnotes":""},"class_list":["post-5963","page","type-page","status-publish","hentry"],"yoast_head":"<!-- This site is optimized with the Yoast SEO plugin v27.3 - https:\/\/yoast.com\/product\/yoast-seo-wordpress\/ -->\n<title>Nuestras soluciones - Biodynamizer<\/title>\n<meta name=\"description\" content=\"agua purificada (filtrada) y dinamizada (reestructurada - energizada) para convertir su agua del grifo en agua equivalente a la de manantial o de monta\u00f1a.\" \/>\n<meta name=\"robots\" content=\"index, follow, max-snippet:-1, max-image-preview:large, max-video-preview:-1\" \/>\n<link rel=\"canonical\" href=\"https:\/\/biodynamizer.com\/es\/nuestras-soluciones\/\" \/>\n<meta property=\"og:locale\" content=\"es_ES\" \/>\n<meta property=\"og:type\" content=\"article\" \/>\n<meta property=\"og:title\" content=\"Nuestras soluciones - Biodynamizer\" \/>\n<meta property=\"og:description\" content=\"agua purificada (filtrada) y dinamizada (reestructurada - energizada) para convertir su agua del grifo en agua equivalente a la de manantial o de monta\u00f1a.\" \/>\n<meta property=\"og:url\" content=\"https:\/\/biodynamizer.com\/es\/nuestras-soluciones\/\" \/>\n<meta property=\"og:site_name\" content=\"Biodynamizer\" \/>\n<meta property=\"article:modified_time\" content=\"2026-02-06T18:00:12+00:00\" \/>\n<meta property=\"og:image\" content=\"https:\/\/biodynamizer.com\/wp-content\/uploads\/2019\/11\/Depositphotos_15742931_xl-2015.jpg\" \/>\n\t<meta property=\"og:image:width\" content=\"2000\" \/>\n\t<meta property=\"og:image:height\" content=\"1333\" \/>\n\t<meta property=\"og:image:type\" content=\"image\/jpeg\" \/>\n<meta name=\"twitter:card\" content=\"summary_large_image\" \/>\n<meta name=\"twitter:label1\" content=\"Tiempo de lectura\" \/>\n\t<meta name=\"twitter:data1\" content=\"2 minutos\" \/>\n<script type=\"application\/ld+json\" class=\"yoast-schema-graph\">{\"@context\":\"https:\\\/\\\/schema.org\",\"@graph\":[{\"@type\":\"WebPage\",\"@id\":\"https:\\\/\\\/biodynamizer.com\\\/es\\\/nuestras-soluciones\\\/\",\"url\":\"https:\\\/\\\/biodynamizer.com\\\/es\\\/nuestras-soluciones\\\/\",\"name\":\"Nuestras soluciones - Biodynamizer\",\"isPartOf\":{\"@id\":\"https:\\\/\\\/biodynamizer.com\\\/es\\\/#website\"},\"datePublished\":\"2020-01-14T09:50:01+00:00\",\"dateModified\":\"2026-02-06T18:00:12+00:00\",\"description\":\"agua purificada (filtrada) y dinamizada (reestructurada - energizada) para convertir su agua del grifo en agua equivalente a la de manantial o de monta\u00f1a.\",\"breadcrumb\":{\"@id\":\"https:\\\/\\\/biodynamizer.com\\\/es\\\/nuestras-soluciones\\\/#breadcrumb\"},\"inLanguage\":\"es\",\"potentialAction\":[{\"@type\":\"ReadAction\",\"target\":[\"https:\\\/\\\/biodynamizer.com\\\/es\\\/nuestras-soluciones\\\/\"]}]},{\"@type\":\"BreadcrumbList\",\"@id\":\"https:\\\/\\\/biodynamizer.com\\\/es\\\/nuestras-soluciones\\\/#breadcrumb\",\"itemListElement\":[{\"@type\":\"ListItem\",\"position\":1,\"name\":\"Home\",\"item\":\"https:\\\/\\\/biodynamizer.com\\\/es\\\/\"},{\"@type\":\"ListItem\",\"position\":2,\"name\":\"Nuestras soluciones\"}]},{\"@type\":\"WebSite\",\"@id\":\"https:\\\/\\\/biodynamizer.com\\\/es\\\/#website\",\"url\":\"https:\\\/\\\/biodynamizer.com\\\/es\\\/\",\"name\":\"Biodynamizer\",\"description\":\"Filtrez et dynamisez votre eau\",\"potentialAction\":[{\"@type\":\"SearchAction\",\"target\":{\"@type\":\"EntryPoint\",\"urlTemplate\":\"https:\\\/\\\/biodynamizer.com\\\/es\\\/?s={search_term_string}\"},\"query-input\":{\"@type\":\"PropertyValueSpecification\",\"valueRequired\":true,\"valueName\":\"search_term_string\"}}],\"inLanguage\":\"es\"}]}<\/script>\n<!-- \/ Yoast SEO plugin. -->","yoast_head_json":{"title":"Nuestras soluciones - Biodynamizer","description":"agua purificada (filtrada) y dinamizada (reestructurada - energizada) para convertir su agua del grifo en agua equivalente a la de manantial o de monta\u00f1a.","robots":{"index":"index","follow":"follow","max-snippet":"max-snippet:-1","max-image-preview":"max-image-preview:large","max-video-preview":"max-video-preview:-1"},"canonical":"https:\/\/biodynamizer.com\/es\/nuestras-soluciones\/","og_locale":"es_ES","og_type":"article","og_title":"Nuestras soluciones - Biodynamizer","og_description":"agua purificada (filtrada) y dinamizada (reestructurada - energizada) para convertir su agua del grifo en agua equivalente a la de manantial o de monta\u00f1a.","og_url":"https:\/\/biodynamizer.com\/es\/nuestras-soluciones\/","og_site_name":"Biodynamizer","article_modified_time":"2026-02-06T18:00:12+00:00","og_image":[{"width":2000,"height":1333,"url":"https:\/\/biodynamizer.com\/wp-content\/uploads\/2019\/11\/Depositphotos_15742931_xl-2015.jpg","type":"image\/jpeg"}],"twitter_card":"summary_large_image","twitter_misc":{"Tiempo de lectura":"2 minutos"},"schema":{"@context":"https:\/\/schema.org","@graph":[{"@type":"WebPage","@id":"https:\/\/biodynamizer.com\/es\/nuestras-soluciones\/","url":"https:\/\/biodynamizer.com\/es\/nuestras-soluciones\/","name":"Nuestras soluciones - Biodynamizer","isPartOf":{"@id":"https:\/\/biodynamizer.com\/es\/#website"},"datePublished":"2020-01-14T09:50:01+00:00","dateModified":"2026-02-06T18:00:12+00:00","description":"agua purificada (filtrada) y dinamizada (reestructurada - energizada) para convertir su agua del grifo en agua equivalente a la de manantial o de monta\u00f1a.","breadcrumb":{"@id":"https:\/\/biodynamizer.com\/es\/nuestras-soluciones\/#breadcrumb"},"inLanguage":"es","potentialAction":[{"@type":"ReadAction","target":["https:\/\/biodynamizer.com\/es\/nuestras-soluciones\/"]}]},{"@type":"BreadcrumbList","@id":"https:\/\/biodynamizer.com\/es\/nuestras-soluciones\/#breadcrumb","itemListElement":[{"@type":"ListItem","position":1,"name":"Home","item":"https:\/\/biodynamizer.com\/es\/"},{"@type":"ListItem","position":2,"name":"Nuestras soluciones"}]},{"@type":"WebSite","@id":"https:\/\/biodynamizer.com\/es\/#website","url":"https:\/\/biodynamizer.com\/es\/","name":"Biodynamizer","description":"Filtrez et dynamisez votre eau","potentialAction":[{"@type":"SearchAction","target":{"@type":"EntryPoint","urlTemplate":"https:\/\/biodynamizer.com\/es\/?s={search_term_string}"},"query-input":{"@type":"PropertyValueSpecification","valueRequired":true,"valueName":"search_term_string"}}],"inLanguage":"es"}]}},"_links":{"self":[{"href":"https:\/\/biodynamizer.com\/es\/wp-json\/wp\/v2\/pages\/5963","targetHints":{"allow":["GET"]}}],"collection":[{"href":"https:\/\/biodynamizer.com\/es\/wp-json\/wp\/v2\/pages"}],"about":[{"href":"https:\/\/biodynamizer.com\/es\/wp-json\/wp\/v2\/types\/page"}],"author":[{"embeddable":true,"href":"https:\/\/biodynamizer.com\/es\/wp-json\/wp\/v2\/users\/3"}],"replies":[{"embeddable":true,"href":"https:\/\/biodynamizer.com\/es\/wp-json\/wp\/v2\/comments?post=5963"}],"version-history":[{"count":33,"href":"https:\/\/biodynamizer.com\/es\/wp-json\/wp\/v2\/pages\/5963\/revisions"}],"predecessor-version":[{"id":31141,"href":"https:\/\/biodynamizer.com\/es\/wp-json\/wp\/v2\/pages\/5963\/revisions\/31141"}],"wp:attachment":[{"href":"https:\/\/biodynamizer.com\/es\/wp-json\/wp\/v2\/media?parent=5963"}],"curies":[{"name":"wp","href":"https:\/\/api.w.org\/{rel}","templated":true}]}}