{"id":6009,"date":"2020-10-02T14:47:09","date_gmt":"2020-10-02T14:47:09","guid":{"rendered":"https:\/\/biodynamizer.spleen-creation.be\/nos-solutions\/le-biodynamizer\/dynamisation-eau-dynamisee\/"},"modified":"2025-09-02T14:40:23","modified_gmt":"2025-09-02T14:40:23","slug":"la-dinamizacion-del-agua","status":"publish","type":"page","link":"https:\/\/biodynamizer.com\/es\/nuestras-soluciones\/el-biodynamizer\/la-dinamizacion-del-agua\/","title":{"rendered":"Biodinamizaci\u00f3n del agua"},"content":{"rendered":"<section class=\"l-section wpb_row us_custom_916fdabd height_small\"><div class=\"l-section-h i-cf\"><div class=\"g-cols vc_row via_flex valign_top type_default stacking_default\"><div class=\"vc_col-sm-12 wpb_column vc_column_container\"><div class=\"vc_column-inner\"><div class=\"wpb_wrapper\"><nav class=\"g-breadcrumbs separator_custom align_none\" itemscope itemtype=\"http:\/\/schema.org\/BreadcrumbList\"><div class=\"g-breadcrumbs-item\" itemscope itemprop=\"itemListElement\" itemtype=\"http:\/\/schema.org\/ListItem\"><a itemprop=\"item\" href=\"https:\/\/biodynamizer.com\/es\/\"><span itemprop=\"name\">Inicio<\/span><\/a><meta itemprop=\"position\" content=\"1\"\/><\/div><div class=\"g-breadcrumbs-separator\">\/<\/div><div class=\"g-breadcrumbs-item\">P\u00e1ginas<\/div><\/nav><\/div><\/div><\/div><\/div><\/div><\/section><section class=\"l-section wpb_row us_custom_79a6436d height_auto\"><div class=\"l-section-h i-cf\"><div class=\"g-cols vc_row via_flex valign_top type_default stacking_default\"><div class=\"vc_col-sm-12 wpb_column vc_column_container\"><div class=\"vc_column-inner\"><div class=\"wpb_wrapper\"><div class=\"wpb_text_column blauwtekst\"><div class=\"wpb_wrapper\"><h2 style=\"text-align: center;\">Aumentar el agua de la ciudad para hacerla comparable al agua de la monta\u00f1a.<\/h2>\n<\/div><\/div><\/div><\/div><\/div><\/div><\/div><\/section><section class=\"l-section wpb_row us_custom_79a6436d height_auto\"><div class=\"l-section-h i-cf\"><div class=\"g-cols vc_row via_flex valign_top type_default stacking_default\"><div class=\"vc_col-sm-6 wpb_column vc_column_container\"><div class=\"vc_column-inner\"><div class=\"wpb_wrapper\"><div class=\"w-separator size_large\"><\/div><div class=\"wpb_text_column\"><div class=\"wpb_wrapper\"><p>Energizar el agua significa devolverle toda su energ\u00eda natural y su estructura original. Esto es lo que logra el biodinamizador de agua Biodynamizer\u00ae. Reproduce instant\u00e1neamente, por biomimetismo, los movimientos del agua que fluye libremente en la naturaleza. Esta tecnolog\u00eda 100% natural permite regenerar el agua de todos los grifos de una casa para hacerla comparable al agua de la monta\u00f1a. El agua se energiza, revitaliza, regenera o vigoriza gracias a los 3 principios b\u00e1sicos de la biodinamizaci\u00f3n del agua.<\/p>\n<\/div><\/div><\/div><\/div><\/div><div class=\"vc_col-sm-6 wpb_column vc_column_container\"><div class=\"vc_column-inner\"><div class=\"wpb_wrapper\"><div class=\"w-image align_none\"><a target=\"_blank\" rel=\"nofollow\" href=\"https:\/\/youtu.be\/cHUd0fY8X5c\" aria-label=\"YouTube_Biodynamizer_femme LD\" class=\"w-image-h\"><img decoding=\"async\" width=\"1024\" height=\"576\" src=\"https:\/\/biodynamizer.com\/wp-content\/uploads\/2024\/10\/YouTube_Biodynamizer_femme-LD-1024x576.jpg\" class=\"attachment-large size-large\" alt=\"\" loading=\"lazy\" srcset=\"https:\/\/biodynamizer.com\/wp-content\/uploads\/2024\/10\/YouTube_Biodynamizer_femme-LD-1024x576.jpg 1024w, https:\/\/biodynamizer.com\/wp-content\/uploads\/2024\/10\/YouTube_Biodynamizer_femme-LD-300x169.jpg 300w, https:\/\/biodynamizer.com\/wp-content\/uploads\/2024\/10\/YouTube_Biodynamizer_femme-LD-600x338.jpg 600w, https:\/\/biodynamizer.com\/wp-content\/uploads\/2024\/10\/YouTube_Biodynamizer_femme-LD-640x360.jpg 640w\" sizes=\"auto, (max-width: 1024px) 100vw, 1024px\" \/><\/a><\/div><\/div><\/div><\/div><\/div><\/div><\/section><section class=\"l-section wpb_row us_custom_7704f25f height_medium\"><div class=\"l-section-h i-cf\"><div class=\"g-cols vc_row via_flex valign_top type_default stacking_default\"><div class=\"vc_col-sm-12 wpb_column vc_column_container\"><div class=\"vc_column-inner\"><div class=\"wpb_wrapper\"><div class=\"wpb_text_column blauwtekst\"><div class=\"wpb_wrapper\"><h2 style=\"text-align: center;\">Los 3 principios b\u00e1sicos de la biodinamizaci\u00f3n del agua aplicado en el Biodynamizer: la biom\u00edmesis<\/h2>\n<h2 style=\"text-align: center;\"><\/h2>\n<\/div><\/div><div class=\"w-separator size_medium\"><\/div><\/div><\/div><\/div><div class=\"vc_col-sm-4 wpb_column vc_column_container\"><div class=\"vc_column-inner\"><div class=\"wpb_wrapper\"><div class=\"w-image align_center\"><div class=\"w-image-h\"><img decoding=\"async\" width=\"1024\" height=\"681\" src=\"https:\/\/biodynamizer.com\/wp-content\/uploads\/2020\/01\/visu-vortex-2-1-1024x681.jpg\" class=\"attachment-large size-large\" alt=\"\" loading=\"lazy\" srcset=\"https:\/\/biodynamizer.com\/wp-content\/uploads\/2020\/01\/visu-vortex-2-1-1024x681.jpg 1024w, https:\/\/biodynamizer.com\/wp-content\/uploads\/2020\/01\/visu-vortex-2-1-300x200.jpg 300w, https:\/\/biodynamizer.com\/wp-content\/uploads\/2020\/01\/visu-vortex-2-1-1536x1021.jpg 1536w, https:\/\/biodynamizer.com\/wp-content\/uploads\/2020\/01\/visu-vortex-2-1.jpg 2000w\" sizes=\"auto, (max-width: 1024px) 100vw, 1024px\" \/><\/div><\/div><div class=\"w-separator size_small\"><\/div><div class=\"wpb_text_column blauwtekst\"><div class=\"wpb_wrapper\"><p style=\"text-align: center;\"><span style=\"text-decoration: underline;\"><b><a href=\"https:\/\/biodynamizer.com\/es\/nuestras-soluciones\/el-biodynamizer\/los-movimientos\/\">1\/ El v\u00f3rtice <\/a><\/b><\/span><\/p>\n<\/div><\/div><div class=\"wpb_text_column\"><div class=\"wpb_wrapper\"><p style=\"text-align: center;\" data-ccp-props=\"{&quot;335551550&quot;:1,&quot;335551620&quot;:1,&quot;335559683&quot;:0,&quot;335559685&quot;:0,&quot;335559731&quot;:0,&quot;335559737&quot;:0,&quot;335562764&quot;:2,&quot;335562765&quot;:1,&quot;335562766&quot;:4,&quot;335562767&quot;:0,&quot;335562768&quot;:4,&quot;335562769&quot;:0}\">El movimiento natural del agua en la naturaleza es el v\u00f3rtice; existe una fuerte interacci\u00f3n entre la energ\u00eda cin\u00e9tica del v\u00f3rtice y la energ\u00eda magn\u00e9tica emitida por los imanes permanentes.<\/p>\n<\/div><\/div><\/div><\/div><\/div><div class=\"vc_col-sm-4 wpb_column vc_column_container\"><div class=\"vc_column-inner\"><div class=\"wpb_wrapper\"><div class=\"w-image align_center\"><div class=\"w-image-h\"><img decoding=\"async\" width=\"1024\" height=\"686\" src=\"https:\/\/biodynamizer.com\/wp-content\/uploads\/2020\/01\/Depositphotos_2014299_xl-2015-1024x768-1-e1580457940652.jpg\" class=\"attachment-large size-large\" alt=\"\" loading=\"lazy\" srcset=\"https:\/\/biodynamizer.com\/wp-content\/uploads\/2020\/01\/Depositphotos_2014299_xl-2015-1024x768-1-e1580457940652.jpg 1024w, https:\/\/biodynamizer.com\/wp-content\/uploads\/2020\/01\/Depositphotos_2014299_xl-2015-1024x768-1-e1580457940652-300x201.jpg 300w\" sizes=\"auto, (max-width: 1024px) 100vw, 1024px\" \/><\/div><\/div><div class=\"w-separator size_small\"><\/div><div class=\"wpb_text_column blauwtekst\"><div class=\"wpb_wrapper\"><p style=\"text-align: center;\"><span style=\"text-decoration: underline;\"><b><a href=\"\/nos-solutions\/le-biodynamizer\/le-magnetisme\/\">2\/ El <\/a><\/b><a href=\"https:\/\/biodynamizer.com\/es\/nuestras-soluciones\/el-biodynamizer\/el-magnetismo\/\"><b>magnetismo<\/b><\/a><\/span><\/p>\n<\/div><\/div><div class=\"wpb_text_column\"><div class=\"wpb_wrapper\"><p style=\"text-align: center;\">La Tierra es una magnetosfera cuyo magnetismo se comunica desde el agua a los minerales.<\/p>\n<\/div><\/div><\/div><\/div><\/div><div class=\"vc_col-sm-4 wpb_column vc_column_container\"><div class=\"vc_column-inner\"><div class=\"wpb_wrapper\"><div class=\"w-image align_center\"><div class=\"w-image-h\"><img decoding=\"async\" width=\"695\" height=\"468\" src=\"https:\/\/biodynamizer.com\/wp-content\/uploads\/2020\/05\/5-terres-ile-Maurice-3.png\" class=\"attachment-large size-large\" alt=\"une vue sur les montagnes depuis le sommet d&#039;une colline\" loading=\"lazy\" srcset=\"https:\/\/biodynamizer.com\/wp-content\/uploads\/2020\/05\/5-terres-ile-Maurice-3.png 695w, https:\/\/biodynamizer.com\/wp-content\/uploads\/2020\/05\/5-terres-ile-Maurice-3-300x202.png 300w\" sizes=\"auto, (max-width: 695px) 100vw, 695px\" \/><\/div><\/div><div class=\"w-separator size_small\"><\/div><div class=\"wpb_text_column blauwtekst\"><div class=\"wpb_wrapper\"><p style=\"text-align: center;\"><span style=\"text-decoration: underline;\"><b><a href=\"https:\/\/biodynamizer.com\/es\/nuestras-soluciones\/el-biodynamizer\/las-frecuencias\/\">3\/ Las frecuencias naturales de la dinamizaci\u00f3n<\/a><\/b><\/span><\/p>\n<\/div><\/div><div class=\"wpb_text_column\"><div class=\"wpb_wrapper\"><p style=\"text-align: center;\">El agua captura las energ\u00edas de los minerales y metales nobles (m\u00e1rmol de Carrara, roca de lava, cer\u00e1mica informada y cobre, oro, plata)<\/p>\n<\/div><\/div><\/div><\/div><\/div><\/div><\/div><\/section><section class=\"l-section wpb_row height_auto\"><div class=\"l-section-h i-cf\"><div class=\"g-cols vc_row via_flex valign_top type_default stacking_default\"><div class=\"vc_col-sm-12 wpb_column vc_column_container\"><div class=\"vc_column-inner\"><div class=\"wpb_wrapper\"><div class=\"w-image align_none\"><div class=\"w-image-h\"><img decoding=\"async\" width=\"1024\" height=\"633\" src=\"https:\/\/biodynamizer.com\/wp-content\/uploads\/2025\/09\/Biomimetismo-ES-1024x633.png\" class=\"attachment-large size-large\" alt=\"Biomim\u00e9tisme\" loading=\"lazy\" srcset=\"https:\/\/biodynamizer.com\/wp-content\/uploads\/2025\/09\/Biomimetismo-ES-1024x633.png 1024w, https:\/\/biodynamizer.com\/wp-content\/uploads\/2025\/09\/Biomimetismo-ES-300x185.png 300w, https:\/\/biodynamizer.com\/wp-content\/uploads\/2025\/09\/Biomimetismo-ES-600x371.png 600w, https:\/\/biodynamizer.com\/wp-content\/uploads\/2025\/09\/Biomimetismo-ES-640x395.png 640w\" sizes=\"auto, (max-width: 1024px) 100vw, 1024px\" \/><\/div><\/div><\/div><\/div><\/div><\/div><\/div><\/section><section class=\"l-section wpb_row height_auto\"><div class=\"l-section-h i-cf\"><div class=\"g-cols vc_row via_flex valign_top type_default stacking_default\"><div class=\"vc_col-sm-12 wpb_column vc_column_container\"><div class=\"vc_column-inner\"><div class=\"wpb_wrapper\"><div class=\"wpb_text_column\"><div class=\"wpb_wrapper\"><ul>\n<li>Los <a href=\"https:\/\/biodynamizer.com\/es\/agua\/vortice\/\"><span style=\"text-decoration: underline;\"><b>v\u00f3rtices<\/b><\/span><\/a> permiten transmitir <b>energ\u00eda cin\u00e9tica <\/b>al agua (velocidad de rotaci\u00f3n\/spin =&gt; cascada de energ\u00eda) y aumentar el <b>ox\u00edgeno disuelto <\/b>en el agua (bactericida)<\/li>\n<li>El <a href=\"https:\/\/biodynamizer.com\/es\/nuestras-soluciones\/el-biodynamizer\/el-magnetismo\/\"><span style=\"text-decoration: underline;\"><b>magnetismo<\/b><\/span><\/a> permite transmitir <b>energ\u00eda fot\u00f3nica <\/b>al agua (en el sentido electr\u00f3n\/fot\u00f3n) esto genera un aumento en la amplitud de la radiaci\u00f3n luminosa en el agua<\/li>\n<li>Los <a href=\"https:\/\/biodynamizer.com\/es\/nuestras-soluciones\/el-biodynamizer\/las-frecuencias-minerales\/\"><span style=\"text-decoration: underline;\"><b>minerales<\/b><\/span><\/a> permiten transmitir <b>frecuencias naturales <\/b>al agua<\/li>\n<\/ul>\n<\/div><\/div><\/div><\/div><\/div><\/div><\/div><\/section><section class=\"l-section wpb_row height_auto\"><div class=\"l-section-h i-cf\"><div class=\"g-cols vc_row via_flex valign_top type_default stacking_default\"><div class=\"vc_col-sm-12 wpb_column vc_column_container\"><div class=\"vc_column-inner\"><div class=\"wpb_wrapper\"><div class=\"w-separator size_medium\"><\/div><div class=\"w-btn-wrapper align_center\"><a class=\"w-btn us-btn-style_1 us_custom_bd32fe69 has_text_color\" href=\"https:\/\/shop.biodynamizer.com\/es\/shop\"><span class=\"w-btn-label\">Comprar ahora<\/span><\/a><\/div><\/div><\/div><\/div><\/div><\/div><\/section><section class=\"l-section wpb_row us_custom_58994493 height_auto\"><div class=\"l-section-h i-cf\"><div class=\"g-cols vc_row via_flex valign_top type_default stacking_default\"><div class=\"vc_col-sm-12 wpb_column vc_column_container\"><div class=\"vc_column-inner\"><div class=\"wpb_wrapper\"><div class=\"wpb_text_column us_custom_1e289caa\"><div class=\"wpb_wrapper\"><h2 style=\"text-align: center;\">El Biodynamizer, medalla de oro en el Sal\u00f3n Internacional de Invenciones de Ginebra<\/h2>\n<\/div><\/div><div class=\"g-cols wpb_row via_flex valign_top type_default stacking_default\"><div class=\"vc_col-sm-12 wpb_column vc_column_container\"><div class=\"vc_column-inner\"><div class=\"wpb_wrapper\"><div class=\"w-image align_center\"><div class=\"w-image-h\"><img decoding=\"async\" width=\"1748\" height=\"1240\" src=\"https:\/\/biodynamizer.com\/wp-content\/uploads\/2025\/04\/Visuel_Mailing_Biodynamizer_Prix_Montage.png\" class=\"attachment-full size-full\" alt=\"Diplome du salon international des inventions de gen\u00e8ve\" loading=\"lazy\" srcset=\"https:\/\/biodynamizer.com\/wp-content\/uploads\/2025\/04\/Visuel_Mailing_Biodynamizer_Prix_Montage.png 1748w, https:\/\/biodynamizer.com\/wp-content\/uploads\/2025\/04\/Visuel_Mailing_Biodynamizer_Prix_Montage-300x213.png 300w, https:\/\/biodynamizer.com\/wp-content\/uploads\/2025\/04\/Visuel_Mailing_Biodynamizer_Prix_Montage-1024x726.png 1024w, https:\/\/biodynamizer.com\/wp-content\/uploads\/2025\/04\/Visuel_Mailing_Biodynamizer_Prix_Montage-564x400.png 564w, https:\/\/biodynamizer.com\/wp-content\/uploads\/2025\/04\/Visuel_Mailing_Biodynamizer_Prix_Montage-640x454.png 640w\" sizes=\"auto, (max-width: 1748px) 100vw, 1748px\" \/><\/div><\/div><\/div><\/div><\/div><\/div><div class=\"w-separator size_large\"><\/div><\/div><\/div><\/div><div class=\"vc_col-sm-12 wpb_column vc_column_container\"><div class=\"vc_column-inner\"><div class=\"wpb_wrapper\"><\/div><\/div><\/div><\/div><\/div><\/section>\n","protected":false},"excerpt":{"rendered":"Inicio\/P\u00e1ginasAumentar el agua de la ciudad para hacerla comparable al agua de la monta\u00f1a. Energizar el agua significa devolverle toda su energ\u00eda natural y su estructura original. Esto es lo que logra el biodinamizador de agua Biodynamizer\u00ae. Reproduce instant\u00e1neamente, por biomimetismo, los movimientos del agua que fluye libremente en la naturaleza. Esta tecnolog\u00eda 100% natural...","protected":false},"author":3,"featured_media":0,"parent":5979,"menu_order":2,"comment_status":"closed","ping_status":"closed","template":"","meta":{"_monsterinsights_skip_tracking":false,"_monsterinsights_sitenote_active":false,"_monsterinsights_sitenote_note":"","_monsterinsights_sitenote_category":0,"footnotes":""},"class_list":["post-6009","page","type-page","status-publish","hentry"],"yoast_head":"<!-- This site is optimized with the Yoast SEO plugin v27.3 - https:\/\/yoast.com\/product\/yoast-seo-wordpress\/ -->\n<title>Biodinamizaci\u00f3n del agua - Biodynamizer<\/title>\n<meta name=\"description\" content=\"El Biodynamizer de Agua\u00ae es un dispositivo hidrodin\u00e1mico que reproduce el ciclo natural del agua de forma acelerada copiando su movimiento mientras fluye libremente en la naturaleza. Esta tecnolog\u00eda 100% natural permite biodinamizar el agua del grifo para que recupere las caracter\u00edsticas de agua viva comparable a la que fluye en la naturaleza, es decir, agua que se regenera y se dinamiza gracias a los 3 principios de biodinamizaci\u00f3n siguientes: movimiento, magnetismo y frecuencias vibratorias naturales. El agua biodinamizada de esta manera tiene cualidades comparables a las del agua que brota espont\u00e1neamente de la Tierra por su propia energ\u00eda o del agua de las monta\u00f1as o de las cascadas.\" \/>\n<meta name=\"robots\" content=\"index, follow, max-snippet:-1, max-image-preview:large, max-video-preview:-1\" \/>\n<link rel=\"canonical\" href=\"https:\/\/biodynamizer.com\/es\/nuestras-soluciones\/el-biodynamizer\/la-dinamizacion-del-agua\/\" \/>\n<meta property=\"og:locale\" content=\"es_ES\" \/>\n<meta property=\"og:type\" content=\"article\" \/>\n<meta property=\"og:title\" content=\"Biodinamizaci\u00f3n del agua - Biodynamizer\" \/>\n<meta property=\"og:description\" content=\"El Biodynamizer de Agua\u00ae es un dispositivo hidrodin\u00e1mico que reproduce el ciclo natural del agua de forma acelerada copiando su movimiento mientras fluye libremente en la naturaleza. Esta tecnolog\u00eda 100% natural permite biodinamizar el agua del grifo para que recupere las caracter\u00edsticas de agua viva comparable a la que fluye en la naturaleza, es decir, agua que se regenera y se dinamiza gracias a los 3 principios de biodinamizaci\u00f3n siguientes: movimiento, magnetismo y frecuencias vibratorias naturales. El agua biodinamizada de esta manera tiene cualidades comparables a las del agua que brota espont\u00e1neamente de la Tierra por su propia energ\u00eda o del agua de las monta\u00f1as o de las cascadas.\" \/>\n<meta property=\"og:url\" content=\"https:\/\/biodynamizer.com\/es\/nuestras-soluciones\/el-biodynamizer\/la-dinamizacion-del-agua\/\" \/>\n<meta property=\"og:site_name\" content=\"Biodynamizer\" \/>\n<meta property=\"article:modified_time\" content=\"2025-09-02T14:40:23+00:00\" \/>\n<meta property=\"og:image\" content=\"https:\/\/biodynamizer.com\/wp-content\/uploads\/2019\/11\/Depositphotos_15742931_xl-2015.jpg\" \/>\n\t<meta property=\"og:image:width\" content=\"2000\" \/>\n\t<meta property=\"og:image:height\" content=\"1333\" \/>\n\t<meta property=\"og:image:type\" content=\"image\/jpeg\" \/>\n<meta name=\"twitter:card\" content=\"summary_large_image\" \/>\n<meta name=\"twitter:label1\" content=\"Tiempo de lectura\" \/>\n\t<meta name=\"twitter:data1\" content=\"2 minutos\" \/>\n<script type=\"application\/ld+json\" class=\"yoast-schema-graph\">{\"@context\":\"https:\\\/\\\/schema.org\",\"@graph\":[{\"@type\":\"WebPage\",\"@id\":\"https:\\\/\\\/biodynamizer.com\\\/es\\\/nuestras-soluciones\\\/el-biodynamizer\\\/la-dinamizacion-del-agua\\\/\",\"url\":\"https:\\\/\\\/biodynamizer.com\\\/es\\\/nuestras-soluciones\\\/el-biodynamizer\\\/la-dinamizacion-del-agua\\\/\",\"name\":\"Biodinamizaci\u00f3n del agua - Biodynamizer\",\"isPartOf\":{\"@id\":\"https:\\\/\\\/biodynamizer.com\\\/es\\\/#website\"},\"datePublished\":\"2020-10-02T14:47:09+00:00\",\"dateModified\":\"2025-09-02T14:40:23+00:00\",\"description\":\"El Biodynamizer de Agua\u00ae es un dispositivo hidrodin\u00e1mico que reproduce el ciclo natural del agua de forma acelerada copiando su movimiento mientras fluye libremente en la naturaleza. Esta tecnolog\u00eda 100% natural permite biodinamizar el agua del grifo para que recupere las caracter\u00edsticas de agua viva comparable a la que fluye en la naturaleza, es decir, agua que se regenera y se dinamiza gracias a los 3 principios de biodinamizaci\u00f3n siguientes: movimiento, magnetismo y frecuencias vibratorias naturales. El agua biodinamizada de esta manera tiene cualidades comparables a las del agua que brota espont\u00e1neamente de la Tierra por su propia energ\u00eda o del agua de las monta\u00f1as o de las cascadas.\",\"breadcrumb\":{\"@id\":\"https:\\\/\\\/biodynamizer.com\\\/es\\\/nuestras-soluciones\\\/el-biodynamizer\\\/la-dinamizacion-del-agua\\\/#breadcrumb\"},\"inLanguage\":\"es\",\"potentialAction\":[{\"@type\":\"ReadAction\",\"target\":[\"https:\\\/\\\/biodynamizer.com\\\/es\\\/nuestras-soluciones\\\/el-biodynamizer\\\/la-dinamizacion-del-agua\\\/\"]}]},{\"@type\":\"BreadcrumbList\",\"@id\":\"https:\\\/\\\/biodynamizer.com\\\/es\\\/nuestras-soluciones\\\/el-biodynamizer\\\/la-dinamizacion-del-agua\\\/#breadcrumb\",\"itemListElement\":[{\"@type\":\"ListItem\",\"position\":1,\"name\":\"Home\",\"item\":\"https:\\\/\\\/biodynamizer.com\\\/es\\\/\"},{\"@type\":\"ListItem\",\"position\":2,\"name\":\"Nuestras soluciones\",\"item\":\"https:\\\/\\\/biodynamizer.com\\\/es\\\/nuestras-soluciones\\\/\"},{\"@type\":\"ListItem\",\"position\":3,\"name\":\"El Biodynamizer\",\"item\":\"https:\\\/\\\/biodynamizer.com\\\/es\\\/nuestras-soluciones\\\/el-biodynamizer\\\/\"},{\"@type\":\"ListItem\",\"position\":4,\"name\":\"Biodinamizaci\u00f3n del agua\"}]},{\"@type\":\"WebSite\",\"@id\":\"https:\\\/\\\/biodynamizer.com\\\/es\\\/#website\",\"url\":\"https:\\\/\\\/biodynamizer.com\\\/es\\\/\",\"name\":\"Biodynamizer\",\"description\":\"Filtrez et dynamisez votre eau\",\"potentialAction\":[{\"@type\":\"SearchAction\",\"target\":{\"@type\":\"EntryPoint\",\"urlTemplate\":\"https:\\\/\\\/biodynamizer.com\\\/es\\\/?s={search_term_string}\"},\"query-input\":{\"@type\":\"PropertyValueSpecification\",\"valueRequired\":true,\"valueName\":\"search_term_string\"}}],\"inLanguage\":\"es\"}]}<\/script>\n<!-- \/ Yoast SEO plugin. -->","yoast_head_json":{"title":"Biodinamizaci\u00f3n del agua - Biodynamizer","description":"El Biodynamizer de Agua\u00ae es un dispositivo hidrodin\u00e1mico que reproduce el ciclo natural del agua de forma acelerada copiando su movimiento mientras fluye libremente en la naturaleza. Esta tecnolog\u00eda 100% natural permite biodinamizar el agua del grifo para que recupere las caracter\u00edsticas de agua viva comparable a la que fluye en la naturaleza, es decir, agua que se regenera y se dinamiza gracias a los 3 principios de biodinamizaci\u00f3n siguientes: movimiento, magnetismo y frecuencias vibratorias naturales. El agua biodinamizada de esta manera tiene cualidades comparables a las del agua que brota espont\u00e1neamente de la Tierra por su propia energ\u00eda o del agua de las monta\u00f1as o de las cascadas.","robots":{"index":"index","follow":"follow","max-snippet":"max-snippet:-1","max-image-preview":"max-image-preview:large","max-video-preview":"max-video-preview:-1"},"canonical":"https:\/\/biodynamizer.com\/es\/nuestras-soluciones\/el-biodynamizer\/la-dinamizacion-del-agua\/","og_locale":"es_ES","og_type":"article","og_title":"Biodinamizaci\u00f3n del agua - Biodynamizer","og_description":"El Biodynamizer de Agua\u00ae es un dispositivo hidrodin\u00e1mico que reproduce el ciclo natural del agua de forma acelerada copiando su movimiento mientras fluye libremente en la naturaleza. Esta tecnolog\u00eda 100% natural permite biodinamizar el agua del grifo para que recupere las caracter\u00edsticas de agua viva comparable a la que fluye en la naturaleza, es decir, agua que se regenera y se dinamiza gracias a los 3 principios de biodinamizaci\u00f3n siguientes: movimiento, magnetismo y frecuencias vibratorias naturales. El agua biodinamizada de esta manera tiene cualidades comparables a las del agua que brota espont\u00e1neamente de la Tierra por su propia energ\u00eda o del agua de las monta\u00f1as o de las cascadas.","og_url":"https:\/\/biodynamizer.com\/es\/nuestras-soluciones\/el-biodynamizer\/la-dinamizacion-del-agua\/","og_site_name":"Biodynamizer","article_modified_time":"2025-09-02T14:40:23+00:00","og_image":[{"width":2000,"height":1333,"url":"https:\/\/biodynamizer.com\/wp-content\/uploads\/2019\/11\/Depositphotos_15742931_xl-2015.jpg","type":"image\/jpeg"}],"twitter_card":"summary_large_image","twitter_misc":{"Tiempo de lectura":"2 minutos"},"schema":{"@context":"https:\/\/schema.org","@graph":[{"@type":"WebPage","@id":"https:\/\/biodynamizer.com\/es\/nuestras-soluciones\/el-biodynamizer\/la-dinamizacion-del-agua\/","url":"https:\/\/biodynamizer.com\/es\/nuestras-soluciones\/el-biodynamizer\/la-dinamizacion-del-agua\/","name":"Biodinamizaci\u00f3n del agua - Biodynamizer","isPartOf":{"@id":"https:\/\/biodynamizer.com\/es\/#website"},"datePublished":"2020-10-02T14:47:09+00:00","dateModified":"2025-09-02T14:40:23+00:00","description":"El Biodynamizer de Agua\u00ae es un dispositivo hidrodin\u00e1mico que reproduce el ciclo natural del agua de forma acelerada copiando su movimiento mientras fluye libremente en la naturaleza. Esta tecnolog\u00eda 100% natural permite biodinamizar el agua del grifo para que recupere las caracter\u00edsticas de agua viva comparable a la que fluye en la naturaleza, es decir, agua que se regenera y se dinamiza gracias a los 3 principios de biodinamizaci\u00f3n siguientes: movimiento, magnetismo y frecuencias vibratorias naturales. El agua biodinamizada de esta manera tiene cualidades comparables a las del agua que brota espont\u00e1neamente de la Tierra por su propia energ\u00eda o del agua de las monta\u00f1as o de las cascadas.","breadcrumb":{"@id":"https:\/\/biodynamizer.com\/es\/nuestras-soluciones\/el-biodynamizer\/la-dinamizacion-del-agua\/#breadcrumb"},"inLanguage":"es","potentialAction":[{"@type":"ReadAction","target":["https:\/\/biodynamizer.com\/es\/nuestras-soluciones\/el-biodynamizer\/la-dinamizacion-del-agua\/"]}]},{"@type":"BreadcrumbList","@id":"https:\/\/biodynamizer.com\/es\/nuestras-soluciones\/el-biodynamizer\/la-dinamizacion-del-agua\/#breadcrumb","itemListElement":[{"@type":"ListItem","position":1,"name":"Home","item":"https:\/\/biodynamizer.com\/es\/"},{"@type":"ListItem","position":2,"name":"Nuestras soluciones","item":"https:\/\/biodynamizer.com\/es\/nuestras-soluciones\/"},{"@type":"ListItem","position":3,"name":"El Biodynamizer","item":"https:\/\/biodynamizer.com\/es\/nuestras-soluciones\/el-biodynamizer\/"},{"@type":"ListItem","position":4,"name":"Biodinamizaci\u00f3n del agua"}]},{"@type":"WebSite","@id":"https:\/\/biodynamizer.com\/es\/#website","url":"https:\/\/biodynamizer.com\/es\/","name":"Biodynamizer","description":"Filtrez et dynamisez votre eau","potentialAction":[{"@type":"SearchAction","target":{"@type":"EntryPoint","urlTemplate":"https:\/\/biodynamizer.com\/es\/?s={search_term_string}"},"query-input":{"@type":"PropertyValueSpecification","valueRequired":true,"valueName":"search_term_string"}}],"inLanguage":"es"}]}},"_links":{"self":[{"href":"https:\/\/biodynamizer.com\/es\/wp-json\/wp\/v2\/pages\/6009","targetHints":{"allow":["GET"]}}],"collection":[{"href":"https:\/\/biodynamizer.com\/es\/wp-json\/wp\/v2\/pages"}],"about":[{"href":"https:\/\/biodynamizer.com\/es\/wp-json\/wp\/v2\/types\/page"}],"author":[{"embeddable":true,"href":"https:\/\/biodynamizer.com\/es\/wp-json\/wp\/v2\/users\/3"}],"replies":[{"embeddable":true,"href":"https:\/\/biodynamizer.com\/es\/wp-json\/wp\/v2\/comments?post=6009"}],"version-history":[{"count":35,"href":"https:\/\/biodynamizer.com\/es\/wp-json\/wp\/v2\/pages\/6009\/revisions"}],"predecessor-version":[{"id":28309,"href":"https:\/\/biodynamizer.com\/es\/wp-json\/wp\/v2\/pages\/6009\/revisions\/28309"}],"up":[{"embeddable":true,"href":"https:\/\/biodynamizer.com\/es\/wp-json\/wp\/v2\/pages\/5979"}],"wp:attachment":[{"href":"https:\/\/biodynamizer.com\/es\/wp-json\/wp\/v2\/media?parent=6009"}],"curies":[{"name":"wp","href":"https:\/\/api.w.org\/{rel}","templated":true}]}}