{"id":6012,"date":"2020-07-08T13:07:46","date_gmt":"2020-07-08T13:07:46","guid":{"rendered":"https:\/\/biodynamizer.spleen-creation.be\/une-eau-restructuree-energetique\/"},"modified":"2025-11-13T11:45:06","modified_gmt":"2025-11-13T11:45:06","slug":"informacion-adicional-2","status":"publish","type":"page","link":"https:\/\/biodynamizer.com\/es\/informacion-adicional-2\/","title":{"rendered":"Agua reestructurada y energ\u00e9tica"},"content":{"rendered":"<section class=\"l-section wpb_row us_custom_916fdabd height_small\"><div class=\"l-section-h i-cf\"><div class=\"g-cols vc_row via_flex valign_top type_default stacking_default\"><div class=\"vc_col-sm-12 wpb_column vc_column_container\"><div class=\"vc_column-inner\"><div class=\"wpb_wrapper\"><nav class=\"g-breadcrumbs separator_custom align_none\" itemscope itemtype=\"http:\/\/schema.org\/BreadcrumbList\"><div class=\"g-breadcrumbs-item\" itemscope itemprop=\"itemListElement\" itemtype=\"http:\/\/schema.org\/ListItem\"><a itemprop=\"item\" href=\"https:\/\/biodynamizer.com\/es\/\"><span itemprop=\"name\">Inicio<\/span><\/a><meta itemprop=\"position\" content=\"1\"\/><\/div><div class=\"g-breadcrumbs-separator\">\/<\/div><div class=\"g-breadcrumbs-item\">P\u00e1ginas<\/div><\/nav><\/div><\/div><\/div><\/div><\/div><\/section><section class=\"l-section wpb_row height_auto\"><div class=\"l-section-h i-cf\"><div class=\"g-cols vc_row via_flex valign_top type_default stacking_default\"><div class=\"vc_col-sm-12 wpb_column vc_column_container\"><div class=\"vc_column-inner\"><div class=\"wpb_wrapper\"><div class=\"wpb_text_column\"><div class=\"wpb_wrapper\"><\/div><\/div><\/div><\/div><\/div><\/div><\/div><\/section><section class=\"l-section wpb_row height_medium\" id=\"uneeaurestructuree\"><div class=\"l-section-overlay\" style=\"background:rgba(172,172,172,0.2)\"><\/div><div class=\"l-section-h i-cf\"><div class=\"g-cols vc_row via_flex valign_middle type_default stacking_default\"><div class=\"vc_col-sm-6 wpb_column vc_column_container\"><div class=\"vc_column-inner\"><div class=\"wpb_wrapper\"><div class=\"wpb_text_column\"><div class=\"wpb_wrapper\"><h2>Agua reestructurada<\/h2>\n<p>El agua biodinamizada es agua <a href=\"https:\/\/biodynamizer.com\/es\/nuestras-soluciones\/el-biodynamizer\/la-restructuracion\/\"><span style=\"text-decoration: underline;\"><strong>reestructurada<\/strong><\/span><\/a> comparable al agua natural que brota espont\u00e1neamente de su fuente (esta reestructuraci\u00f3n proviene del <u><b><a href=\"https:\/\/biodynamizer.com\/es\/nuestras-soluciones\/el-biodynamizer\/los-movimientos\/\">movimiento<\/a><\/b><\/u> y el magnetismo presentes en el Biodynamizer).<\/p>\n<p>V\u00e9ase tambi\u00e9n a este respecto nuestro an\u00e1lisis sobre los <a href=\"https:\/\/biodynamizer.com\/es\/analisis-cientificos\/cristales-de-agua\/\">cristales de agua<\/a>.<\/p>\n<p>Esta estructura molecular del agua es <a href=\"https:\/\/biodynamizer.com\/es\/agua\/energia\/vibracion-de-la-conciencia-humana\/\"><strong>una interfaz, un \u00ablector de informaci\u00f3n\u00bb y un \u00abtransmisor<\/strong><strong>\u00bb <\/strong><\/a>de la energ\u00eda que nos rodea.<\/p>\n<\/div><\/div><\/div><\/div><\/div><div class=\"vc_col-sm-6 wpb_column vc_column_container\"><div class=\"vc_column-inner\"><div class=\"wpb_wrapper\"><div class=\"g-cols wpb_row via_flex valign_top type_default stacking_default\"><div class=\"vc_col-sm-6 vc_col-xs-6 wpb_column vc_column_container\"><div class=\"vc_column-inner\"><div class=\"wpb_wrapper\"><div class=\"w-image align_none\"><div class=\"w-image-h\"><img decoding=\"async\" width=\"1024\" height=\"1024\" src=\"https:\/\/biodynamizer.com\/wp-content\/uploads\/2020\/01\/Depositphotos_130041254_xl-2015-1024x1024.jpg\" class=\"attachment-large size-large\" alt=\"\" loading=\"lazy\" srcset=\"https:\/\/biodynamizer.com\/wp-content\/uploads\/2020\/01\/Depositphotos_130041254_xl-2015-1024x1024.jpg 1024w, https:\/\/biodynamizer.com\/wp-content\/uploads\/2020\/01\/Depositphotos_130041254_xl-2015-300x300.jpg 300w, https:\/\/biodynamizer.com\/wp-content\/uploads\/2020\/01\/Depositphotos_130041254_xl-2015-150x150.jpg 150w, https:\/\/biodynamizer.com\/wp-content\/uploads\/2020\/01\/Depositphotos_130041254_xl-2015.jpg 1295w\" sizes=\"auto, (max-width: 1024px) 100vw, 1024px\" \/><\/div><\/div><div class=\"wpb_text_column\"><div class=\"wpb_wrapper\"><p style=\"text-align: center;\"><i>Ilustraci\u00f3n de la estructura del agua\u00a0<\/i><\/p>\n<\/div><\/div><\/div><\/div><\/div><div class=\"vc_col-sm-6 vc_col-xs-6 wpb_column vc_column_container\"><div class=\"vc_column-inner\"><div class=\"wpb_wrapper\"><div class=\"w-image align_none\"><div class=\"w-image-h\"><img decoding=\"async\" width=\"1024\" height=\"1024\" src=\"https:\/\/biodynamizer.com\/wp-content\/uploads\/2024\/05\/19-BRENS-Biodynamized-1024x1024.jpg\" class=\"attachment-large size-large\" alt=\"\" loading=\"lazy\" srcset=\"https:\/\/biodynamizer.com\/wp-content\/uploads\/2024\/05\/19-BRENS-Biodynamized-1024x1024.jpg 1024w, https:\/\/biodynamizer.com\/wp-content\/uploads\/2024\/05\/19-BRENS-Biodynamized-300x300.jpg 300w, https:\/\/biodynamizer.com\/wp-content\/uploads\/2024\/05\/19-BRENS-Biodynamized-150x150.jpg 150w, https:\/\/biodynamizer.com\/wp-content\/uploads\/2024\/05\/19-BRENS-Biodynamized-600x600.jpg 600w, https:\/\/biodynamizer.com\/wp-content\/uploads\/2024\/05\/19-BRENS-Biodynamized-350x350.jpg 350w, https:\/\/biodynamizer.com\/wp-content\/uploads\/2024\/05\/19-BRENS-Biodynamized-400x400.jpg 400w, https:\/\/biodynamizer.com\/wp-content\/uploads\/2024\/05\/19-BRENS-Biodynamized-200x200.jpg 200w, https:\/\/biodynamizer.com\/wp-content\/uploads\/2024\/05\/19-BRENS-Biodynamized.jpg 1772w\" sizes=\"auto, (max-width: 1024px) 100vw, 1024px\" \/><\/div><\/div><\/div><\/div><\/div><\/div><\/div><\/div><\/div><\/div><\/div><\/section><section class=\"l-section wpb_row max500 height_large\"><div class=\"l-section-h i-cf\"><div class=\"g-cols vc_row via_flex valign_top type_default stacking_default\"><div class=\"vc_col-sm-6 wpb_column vc_column_container\"><div class=\"vc_column-inner\"><div class=\"wpb_wrapper\"><div class=\"g-cols wpb_row via_flex valign_top type_default stacking_default\"><div class=\"vc_col-sm-12 vc_col-xs-6 wpb_column vc_column_container\"><div class=\"vc_column-inner\"><div class=\"wpb_wrapper\"><div class=\"w-image align_none\"><div class=\"w-image-h\"><img decoding=\"async\" width=\"489\" height=\"431\" src=\"https:\/\/biodynamizer.com\/wp-content\/uploads\/2020\/01\/remplie2.png\" class=\"attachment-large size-large\" alt=\"\" loading=\"lazy\" srcset=\"https:\/\/biodynamizer.com\/wp-content\/uploads\/2020\/01\/remplie2.png 489w, https:\/\/biodynamizer.com\/wp-content\/uploads\/2020\/01\/remplie2-300x264.png 300w\" sizes=\"auto, (max-width: 489px) 100vw, 489px\" \/><\/div><\/div><div class=\"wpb_text_column\"><div class=\"wpb_wrapper\"><p><i>Ilustraci\u00f3n de una mol\u00e9cula de agua<\/i><\/p>\n<\/div><\/div><\/div><\/div><\/div><\/div><\/div><\/div><\/div><div class=\"vc_col-sm-6 wpb_column vc_column_container\"><div class=\"vc_column-inner\"><div class=\"wpb_wrapper\"><div class=\"wpb_text_column\"><div class=\"wpb_wrapper\"><h2>Agua llena de energ\u00eda<\/h2>\n<ul>\n<li>El agua biodinamizada contiene <strong>m\u00e1s energ\u00eda<\/strong> (en t\u00e9rminos de <a href=\"https:\/\/biodynamizer.com\/es\/analisis-cientificos\/lanalyse-biophotonique\/\"><span style=\"text-decoration: underline;\"><strong>luz (Biofotones)<\/strong><\/span><\/a> <a href=\"https:\/\/biodynamizer.com\/es\/nuestras-soluciones\/el-biodynamizer\/energizacion\/\"><span style=\"text-decoration: underline;\"><strong>o energ\u00eda fot\u00f3nica<\/strong><\/span><\/a>) como el agua de una monta\u00f1a o una cascada. \u00a1Esto es tanto m\u00e1s importante cuanto que nuestro cuerpo necesita esta energ\u00eda para poder realizar la comunicaci\u00f3n celular y el funcionamiento metab\u00f3lico!<\/li>\n<li>La energ\u00eda del agua dinamizada tambi\u00e9n tiene una <a href=\"https:\/\/biodynamizer.com\/es\/analisis-cientificos\/experticia-complementaria-foto-electrofotonica-analisis\/\"><span style=\"text-decoration: underline;\"><strong>mayor fotodiversidad<\/strong><\/span><\/a> (en t\u00e9rminos de cantidad, calidad y estabilidad), es decir, una gran cantidad de informaci\u00f3n. Creemos que esta energ\u00eda m\u00e1s rica transmite m\u00e1s informaci\u00f3n al ser vibratorio que somos seg\u00fan la ecuaci\u00f3n cient\u00edfica actualmente aceptada: energ\u00eda = vibraciones = frecuencias = n\u00famero = c\u00f3digo = informaci\u00f3n = conciencia.<\/li>\n<\/ul>\n<p>En este sentido, consulte nuestros 3 an\u00e1lisis:<\/p>\n<ul>\n<li><a href=\"https:\/\/biodynamizer.com\/es\/analisis-cientificos\/lanalyse-biophotonique\/\"><span style=\"text-decoration: underline;\">An\u00e1lisis biofot\u00f3nico<\/span><\/a><\/li>\n<li><a href=\"https:\/\/biodynamizer.com\/es\/analisis-cientificos\/la-camara-electrofotonica-coramp-soluciones\/\">An\u00e1lisis electrofot\u00f3nico<\/a><\/li>\n<li><a href=\"https:\/\/biodynamizer.com\/es\/analisis-cientificos\/experticia-complementaria-foto-electrofotonica-analisis\/\">Experiencia en an\u00e1lisis electrofot\u00f3nico<\/a> del profesor Marc Henry<\/li>\n<\/ul>\n<\/div><\/div><\/div><\/div><\/div><\/div><\/div><\/section>\n","protected":false},"excerpt":{"rendered":"Inicio\/P\u00e1ginasAgua reestructurada El agua biodinamizada es agua reestructurada comparable al agua natural que brota espont\u00e1neamente de su fuente (esta reestructuraci\u00f3n proviene del movimiento y el magnetismo presentes en el Biodynamizer). V\u00e9ase tambi\u00e9n a este respecto nuestro an\u00e1lisis sobre los cristales de agua. Esta estructura molecular del agua es una interfaz, un \u00ablector de informaci\u00f3n\u00bb y...","protected":false},"author":3,"featured_media":0,"parent":0,"menu_order":5,"comment_status":"closed","ping_status":"closed","template":"","meta":{"_monsterinsights_skip_tracking":false,"_monsterinsights_sitenote_active":false,"_monsterinsights_sitenote_note":"","_monsterinsights_sitenote_category":0,"footnotes":""},"class_list":["post-6012","page","type-page","status-publish","hentry"],"yoast_head":"<!-- This site is optimized with the Yoast SEO plugin v27.3 - https:\/\/yoast.com\/product\/yoast-seo-wordpress\/ -->\n<title>Agua reestructurada y energ\u00e9tica - Biodynamizer<\/title>\n<meta name=\"description\" content=\"Biodynamizer - Agua reestructurada y energ\u00e9tica - En savoir plus sur le biodynamizer et le biofiltre\" \/>\n<meta name=\"robots\" content=\"index, follow, max-snippet:-1, max-image-preview:large, max-video-preview:-1\" \/>\n<link rel=\"canonical\" href=\"https:\/\/biodynamizer.com\/es\/informacion-adicional-2\/\" \/>\n<meta property=\"og:locale\" content=\"es_ES\" \/>\n<meta property=\"og:type\" content=\"article\" \/>\n<meta property=\"og:title\" content=\"Agua reestructurada y energ\u00e9tica - Biodynamizer\" \/>\n<meta property=\"og:description\" content=\"Biodynamizer - Agua reestructurada y energ\u00e9tica - En savoir plus sur le biodynamizer et le biofiltre\" \/>\n<meta property=\"og:url\" content=\"https:\/\/biodynamizer.com\/es\/informacion-adicional-2\/\" \/>\n<meta property=\"og:site_name\" content=\"Biodynamizer\" \/>\n<meta property=\"article:modified_time\" content=\"2025-11-13T11:45:06+00:00\" \/>\n<meta property=\"og:image\" content=\"https:\/\/biodynamizer.com\/wp-content\/uploads\/2019\/11\/Depositphotos_15742931_xl-2015.jpg\" \/>\n\t<meta property=\"og:image:width\" content=\"2000\" \/>\n\t<meta property=\"og:image:height\" content=\"1333\" \/>\n\t<meta property=\"og:image:type\" content=\"image\/jpeg\" \/>\n<meta name=\"twitter:card\" content=\"summary_large_image\" \/>\n<meta name=\"twitter:label1\" content=\"Tiempo de lectura\" \/>\n\t<meta name=\"twitter:data1\" content=\"2 minutos\" \/>\n<script type=\"application\/ld+json\" class=\"yoast-schema-graph\">{\"@context\":\"https:\\\/\\\/schema.org\",\"@graph\":[{\"@type\":\"WebPage\",\"@id\":\"https:\\\/\\\/biodynamizer.com\\\/es\\\/informacion-adicional-2\\\/\",\"url\":\"https:\\\/\\\/biodynamizer.com\\\/es\\\/informacion-adicional-2\\\/\",\"name\":\"Agua reestructurada y energ\u00e9tica - Biodynamizer\",\"isPartOf\":{\"@id\":\"https:\\\/\\\/biodynamizer.com\\\/es\\\/#website\"},\"datePublished\":\"2020-07-08T13:07:46+00:00\",\"dateModified\":\"2025-11-13T11:45:06+00:00\",\"description\":\"Biodynamizer - Agua reestructurada y energ\u00e9tica - En savoir plus sur le biodynamizer et le biofiltre\",\"breadcrumb\":{\"@id\":\"https:\\\/\\\/biodynamizer.com\\\/es\\\/informacion-adicional-2\\\/#breadcrumb\"},\"inLanguage\":\"es\",\"potentialAction\":[{\"@type\":\"ReadAction\",\"target\":[\"https:\\\/\\\/biodynamizer.com\\\/es\\\/informacion-adicional-2\\\/\"]}]},{\"@type\":\"BreadcrumbList\",\"@id\":\"https:\\\/\\\/biodynamizer.com\\\/es\\\/informacion-adicional-2\\\/#breadcrumb\",\"itemListElement\":[{\"@type\":\"ListItem\",\"position\":1,\"name\":\"Home\",\"item\":\"https:\\\/\\\/biodynamizer.com\\\/es\\\/\"},{\"@type\":\"ListItem\",\"position\":2,\"name\":\"Agua reestructurada y energ\u00e9tica\"}]},{\"@type\":\"WebSite\",\"@id\":\"https:\\\/\\\/biodynamizer.com\\\/es\\\/#website\",\"url\":\"https:\\\/\\\/biodynamizer.com\\\/es\\\/\",\"name\":\"Biodynamizer\",\"description\":\"Filtrez et dynamisez votre eau\",\"potentialAction\":[{\"@type\":\"SearchAction\",\"target\":{\"@type\":\"EntryPoint\",\"urlTemplate\":\"https:\\\/\\\/biodynamizer.com\\\/es\\\/?s={search_term_string}\"},\"query-input\":{\"@type\":\"PropertyValueSpecification\",\"valueRequired\":true,\"valueName\":\"search_term_string\"}}],\"inLanguage\":\"es\"}]}<\/script>\n<!-- \/ Yoast SEO plugin. -->","yoast_head_json":{"title":"Agua reestructurada y energ\u00e9tica - Biodynamizer","description":"Biodynamizer - Agua reestructurada y energ\u00e9tica - En savoir plus sur le biodynamizer et le biofiltre","robots":{"index":"index","follow":"follow","max-snippet":"max-snippet:-1","max-image-preview":"max-image-preview:large","max-video-preview":"max-video-preview:-1"},"canonical":"https:\/\/biodynamizer.com\/es\/informacion-adicional-2\/","og_locale":"es_ES","og_type":"article","og_title":"Agua reestructurada y energ\u00e9tica - Biodynamizer","og_description":"Biodynamizer - Agua reestructurada y energ\u00e9tica - En savoir plus sur le biodynamizer et le biofiltre","og_url":"https:\/\/biodynamizer.com\/es\/informacion-adicional-2\/","og_site_name":"Biodynamizer","article_modified_time":"2025-11-13T11:45:06+00:00","og_image":[{"width":2000,"height":1333,"url":"https:\/\/biodynamizer.com\/wp-content\/uploads\/2019\/11\/Depositphotos_15742931_xl-2015.jpg","type":"image\/jpeg"}],"twitter_card":"summary_large_image","twitter_misc":{"Tiempo de lectura":"2 minutos"},"schema":{"@context":"https:\/\/schema.org","@graph":[{"@type":"WebPage","@id":"https:\/\/biodynamizer.com\/es\/informacion-adicional-2\/","url":"https:\/\/biodynamizer.com\/es\/informacion-adicional-2\/","name":"Agua reestructurada y energ\u00e9tica - Biodynamizer","isPartOf":{"@id":"https:\/\/biodynamizer.com\/es\/#website"},"datePublished":"2020-07-08T13:07:46+00:00","dateModified":"2025-11-13T11:45:06+00:00","description":"Biodynamizer - Agua reestructurada y energ\u00e9tica - En savoir plus sur le biodynamizer et le biofiltre","breadcrumb":{"@id":"https:\/\/biodynamizer.com\/es\/informacion-adicional-2\/#breadcrumb"},"inLanguage":"es","potentialAction":[{"@type":"ReadAction","target":["https:\/\/biodynamizer.com\/es\/informacion-adicional-2\/"]}]},{"@type":"BreadcrumbList","@id":"https:\/\/biodynamizer.com\/es\/informacion-adicional-2\/#breadcrumb","itemListElement":[{"@type":"ListItem","position":1,"name":"Home","item":"https:\/\/biodynamizer.com\/es\/"},{"@type":"ListItem","position":2,"name":"Agua reestructurada y energ\u00e9tica"}]},{"@type":"WebSite","@id":"https:\/\/biodynamizer.com\/es\/#website","url":"https:\/\/biodynamizer.com\/es\/","name":"Biodynamizer","description":"Filtrez et dynamisez votre eau","potentialAction":[{"@type":"SearchAction","target":{"@type":"EntryPoint","urlTemplate":"https:\/\/biodynamizer.com\/es\/?s={search_term_string}"},"query-input":{"@type":"PropertyValueSpecification","valueRequired":true,"valueName":"search_term_string"}}],"inLanguage":"es"}]}},"_links":{"self":[{"href":"https:\/\/biodynamizer.com\/es\/wp-json\/wp\/v2\/pages\/6012","targetHints":{"allow":["GET"]}}],"collection":[{"href":"https:\/\/biodynamizer.com\/es\/wp-json\/wp\/v2\/pages"}],"about":[{"href":"https:\/\/biodynamizer.com\/es\/wp-json\/wp\/v2\/types\/page"}],"author":[{"embeddable":true,"href":"https:\/\/biodynamizer.com\/es\/wp-json\/wp\/v2\/users\/3"}],"replies":[{"embeddable":true,"href":"https:\/\/biodynamizer.com\/es\/wp-json\/wp\/v2\/comments?post=6012"}],"version-history":[{"count":14,"href":"https:\/\/biodynamizer.com\/es\/wp-json\/wp\/v2\/pages\/6012\/revisions"}],"predecessor-version":[{"id":29914,"href":"https:\/\/biodynamizer.com\/es\/wp-json\/wp\/v2\/pages\/6012\/revisions\/29914"}],"wp:attachment":[{"href":"https:\/\/biodynamizer.com\/es\/wp-json\/wp\/v2\/media?parent=6012"}],"curies":[{"name":"wp","href":"https:\/\/api.w.org\/{rel}","templated":true}]}}