{"id":6019,"date":"2020-07-06T15:02:34","date_gmt":"2020-07-06T15:02:34","guid":{"rendered":"https:\/\/biodynamizer.spleen-creation.be\/les-bienfaits\/une-eau-hydratante%e2%80%8b\/"},"modified":"2025-07-11T07:49:52","modified_gmt":"2025-07-11T07:49:52","slug":"agua-hidratante","status":"publish","type":"page","link":"https:\/\/biodynamizer.com\/es\/los-beneficios\/agua-hidratante\/","title":{"rendered":"Agua m\u00e1s hidratante y menos oxidada"},"content":{"rendered":"<section class=\"l-section wpb_row us_custom_916fdabd height_small\"><div class=\"l-section-h i-cf\"><div class=\"g-cols vc_row via_flex valign_top type_default stacking_default\"><div class=\"vc_col-sm-12 wpb_column vc_column_container\"><div class=\"vc_column-inner\"><div class=\"wpb_wrapper\"><nav class=\"g-breadcrumbs separator_custom align_none\" itemscope itemtype=\"http:\/\/schema.org\/BreadcrumbList\"><div class=\"g-breadcrumbs-item\" itemscope itemprop=\"itemListElement\" itemtype=\"http:\/\/schema.org\/ListItem\"><a itemprop=\"item\" href=\"https:\/\/biodynamizer.com\/es\/\"><span itemprop=\"name\">Inicio<\/span><\/a><meta itemprop=\"position\" content=\"1\"\/><\/div><div class=\"g-breadcrumbs-separator\">\/<\/div><div class=\"g-breadcrumbs-item\">P\u00e1ginas<\/div><\/nav><\/div><\/div><\/div><\/div><\/div><\/section><section class=\"l-section wpb_row max500 height_auto width_full\"><div class=\"l-section-h i-cf\"><div class=\"g-cols vc_row via_flex valign_top type_default reversed stacking_default\"><div class=\"vc_col-sm-6 wpb_column vc_column_container tekstsideblock\"><div class=\"vc_column-inner\"><div class=\"wpb_wrapper\"><div class=\"w-separator size_medium\"><\/div><div class=\"w-image align_center\"><div class=\"w-image-h\"><img decoding=\"async\" width=\"600\" height=\"400\" src=\"https:\/\/biodynamizer.com\/wp-content\/uploads\/2024\/07\/Depositphotos_95016836_xl-2015-600x400.jpg\" class=\"attachment-us_600_400_crop size-us_600_400_crop\" alt=\"Jeune femme avec le visage et les mains au-dessus d\u2019\u00e9claboussures d\u2019eau, illustrant les soins de la peau, l\u2019hydratation et la sant\u00e9.\" loading=\"lazy\" \/><\/div><\/div><div class=\"w-separator size_medium\"><\/div><div class=\"w-image align_center\"><div class=\"w-image-h\"><img decoding=\"async\" width=\"600\" height=\"400\" src=\"https:\/\/biodynamizer.com\/wp-content\/uploads\/2024\/05\/Depositphotos_55901251_XL-1-600x400.jpg\" class=\"attachment-us_600_400_crop size-us_600_400_crop\" alt=\"Concept de beaut\u00e9 illustrant le rajeunissement de la peau du visage, avec des proc\u00e9dures anti-\u00e2ge, lifting, raffermissement et r\u00e9duction des rides.\" loading=\"lazy\" srcset=\"https:\/\/biodynamizer.com\/wp-content\/uploads\/2024\/05\/Depositphotos_55901251_XL-1-600x400.jpg 600w, https:\/\/biodynamizer.com\/wp-content\/uploads\/2024\/05\/Depositphotos_55901251_XL-1-300x199.jpg 300w\" sizes=\"auto, (max-width: 600px) 100vw, 600px\" \/><\/div><\/div><\/div><\/div><\/div><div class=\"vc_col-sm-6 wpb_column vc_column_container imagesideblock\"><div class=\"vc_column-inner\"><div class=\"wpb_wrapper\"><div class=\"wpb_text_column\"><div class=\"wpb_wrapper\"><h2>Agua <span style=\"text-decoration: underline;\"><a href=\"https:\/\/biodynamizer.com\/es\/agua\/\">m\u00e1s hidratante<\/a><\/span> y <u><a href=\"https:\/\/biodynamizer.com\/es\/analisis-cientificos\/analisis-bev-bio-electronico-de-las-vinces-observadas-un-caracter-antioxidante-del-agua-manifestado\/\">menos oxidado<\/a><\/u><\/h2>\n<\/div><\/div><div class=\"wpb_text_column\"><div class=\"wpb_wrapper\"><ul>\n<li>\u00a1El agua energizada que se bebe tiene una <a href=\"https:\/\/biodynamizer.com\/es\/analisis-cientificos\/la-camara-electrofotonica-coramp-soluciones\/\" target=\"_blank\" rel=\"noopener\"><strong><span style=\"text-decoration: underline;\">tensi\u00f3n superficial<\/span><\/strong><\/a> lo que deber\u00eda hacerlo m\u00e1s hidratante para nuestras c\u00e9lulas! Tiene un poder \u00abm\u00e1s humectante\u00bb que optimiza la penetraci\u00f3n del agua en las c\u00e9lulas (v\u00eda acuaporinas) y en particular permite la correcta eliminaci\u00f3n de toxinas. \u00abSi los nutrientes no pueden ingresar a las c\u00e9lulas debido a la alta tensi\u00f3n superficial del agua, las c\u00e9lulas se deshidratan y mueren por la acumulaci\u00f3n de sus propios desechos\u00bb Premio Nobel Alexis Carrel<\/li>\n<li>\u00a1Este no es el caso en absoluto de las aguas que tienen una alta tensi\u00f3n superficial que deshidratar\u00e1 las c\u00e9lulas y har\u00e1 que envejezcan prematuramente!<\/li>\n<li>\u00a1Es interesante saber que el agua no hidrata directamente la piel! De hecho, la epidermis constituye una barrera que est\u00e1 protegida por la famosa \u00abpel\u00edcula hidrolip\u00eddica\u00bb que evita que el agua entre en su cuerpo.<\/li>\n<li>Sin embargo, cuando el agua del grifo no se filtra, contiene sustancias contaminantes. \u00a1Estos pueden entrar al cuerpo! As\u00ed es como se absorben los residuos de cloraci\u00f3n presentes en el agua del grifo durante los ba\u00f1os o duchas a trav\u00e9s de la piel o por inhalaci\u00f3n. \u00a1Esta ruta representa el 70% de este tipo de contaminaci\u00f3n! El 30% restante se hace bebi\u00e9ndolo. \u00a1El agua filtrada y energizada te protege de este tipo de contaminaci\u00f3n!<\/li>\n<li>El agua biodinamizada reduce significativamente la <b><a href=\"https:\/\/biodynamizer.com\/es\/analisis-cientificos\/analisis-bev-bio-electronico-de-las-vinces-observadas-un-caracter-antioxidante-del-agua-manifestado\/\">oxidaci\u00f3n del agua<\/a><\/b> (haciendo que el agua sea reductora o fisiol\u00f3gicamente compatible) y participa en la regeneraci\u00f3n celular (al aumentar la actividad electr\u00f3nica del agua ayuda a combatir los radicales libres).<\/li>\n<\/ul>\n<\/div><\/div><\/div><\/div><\/div><\/div><\/div><\/section><section class=\"l-section wpb_row height_auto\"><div class=\"l-section-h i-cf\"><div class=\"g-cols vc_row via_flex valign_top type_default stacking_default\"><div class=\"vc_col-sm-12 wpb_column vc_column_container\"><div class=\"vc_column-inner\"><div class=\"wpb_wrapper\"><\/div><\/div><\/div><\/div><\/div><\/section>\n","protected":false},"excerpt":{"rendered":"Inicio\/P\u00e1ginasAgua m\u00e1s hidratante y menos oxidado \u00a1El agua energizada que se bebe tiene una tensi\u00f3n superficial lo que deber\u00eda hacerlo m\u00e1s hidratante para nuestras c\u00e9lulas! Tiene un poder \u00abm\u00e1s humectante\u00bb que optimiza la penetraci\u00f3n del agua en las c\u00e9lulas (v\u00eda acuaporinas) y en particular permite la correcta eliminaci\u00f3n de toxinas. \u00abSi los nutrientes no pueden...","protected":false},"author":3,"featured_media":0,"parent":5830,"menu_order":1,"comment_status":"closed","ping_status":"closed","template":"","meta":{"_monsterinsights_skip_tracking":false,"_monsterinsights_sitenote_active":false,"_monsterinsights_sitenote_note":"","_monsterinsights_sitenote_category":0,"footnotes":""},"class_list":["post-6019","page","type-page","status-publish","hentry"],"yoast_head":"<!-- This site is optimized with the Yoast SEO plugin v27.4 - https:\/\/yoast.com\/product\/yoast-seo-wordpress\/ -->\n<title>Agua m\u00e1s hidratante y menos oxidada - Biodynamizer<\/title>\n<meta name=\"description\" content=\"Biodynamizer - Agua m\u00e1s hidratante y menos oxidada - En savoir plus sur le biodynamizer et le biofiltre\" \/>\n<meta name=\"robots\" content=\"index, follow, max-snippet:-1, max-image-preview:large, max-video-preview:-1\" \/>\n<link rel=\"canonical\" href=\"https:\/\/biodynamizer.com\/es\/los-beneficios\/agua-hidratante\/\" \/>\n<meta property=\"og:locale\" content=\"es_ES\" \/>\n<meta property=\"og:type\" content=\"article\" \/>\n<meta property=\"og:title\" content=\"Agua m\u00e1s hidratante y menos oxidada - Biodynamizer\" \/>\n<meta property=\"og:description\" content=\"Biodynamizer - Agua m\u00e1s hidratante y menos oxidada - En savoir plus sur le biodynamizer et le biofiltre\" \/>\n<meta property=\"og:url\" content=\"https:\/\/biodynamizer.com\/es\/los-beneficios\/agua-hidratante\/\" \/>\n<meta property=\"og:site_name\" content=\"Biodynamizer\" \/>\n<meta property=\"article:modified_time\" content=\"2025-07-11T07:49:52+00:00\" \/>\n<meta property=\"og:image\" content=\"https:\/\/biodynamizer.com\/wp-content\/uploads\/2019\/11\/Depositphotos_15742931_xl-2015.jpg\" \/>\n\t<meta property=\"og:image:width\" content=\"2000\" \/>\n\t<meta property=\"og:image:height\" content=\"1333\" \/>\n\t<meta property=\"og:image:type\" content=\"image\/jpeg\" \/>\n<meta name=\"twitter:card\" content=\"summary_large_image\" \/>\n<meta name=\"twitter:label1\" content=\"Tiempo de lectura\" \/>\n\t<meta name=\"twitter:data1\" content=\"2 minutos\" \/>\n<script type=\"application\/ld+json\" class=\"yoast-schema-graph\">{\"@context\":\"https:\\\/\\\/schema.org\",\"@graph\":[{\"@type\":\"WebPage\",\"@id\":\"https:\\\/\\\/biodynamizer.com\\\/es\\\/los-beneficios\\\/agua-hidratante\\\/\",\"url\":\"https:\\\/\\\/biodynamizer.com\\\/es\\\/los-beneficios\\\/agua-hidratante\\\/\",\"name\":\"Agua m\u00e1s hidratante y menos oxidada - Biodynamizer\",\"isPartOf\":{\"@id\":\"https:\\\/\\\/biodynamizer.com\\\/es\\\/#website\"},\"datePublished\":\"2020-07-06T15:02:34+00:00\",\"dateModified\":\"2025-07-11T07:49:52+00:00\",\"description\":\"Biodynamizer - Agua m\u00e1s hidratante y menos oxidada - En savoir plus sur le biodynamizer et le biofiltre\",\"breadcrumb\":{\"@id\":\"https:\\\/\\\/biodynamizer.com\\\/es\\\/los-beneficios\\\/agua-hidratante\\\/#breadcrumb\"},\"inLanguage\":\"es\",\"potentialAction\":[{\"@type\":\"ReadAction\",\"target\":[\"https:\\\/\\\/biodynamizer.com\\\/es\\\/los-beneficios\\\/agua-hidratante\\\/\"]}]},{\"@type\":\"BreadcrumbList\",\"@id\":\"https:\\\/\\\/biodynamizer.com\\\/es\\\/los-beneficios\\\/agua-hidratante\\\/#breadcrumb\",\"itemListElement\":[{\"@type\":\"ListItem\",\"position\":1,\"name\":\"Home\",\"item\":\"https:\\\/\\\/biodynamizer.com\\\/es\\\/\"},{\"@type\":\"ListItem\",\"position\":2,\"name\":\"Los Beneficios\",\"item\":\"https:\\\/\\\/biodynamizer.com\\\/es\\\/los-beneficios\\\/\"},{\"@type\":\"ListItem\",\"position\":3,\"name\":\"Agua m\u00e1s hidratante y menos oxidada\"}]},{\"@type\":\"WebSite\",\"@id\":\"https:\\\/\\\/biodynamizer.com\\\/es\\\/#website\",\"url\":\"https:\\\/\\\/biodynamizer.com\\\/es\\\/\",\"name\":\"Biodynamizer\",\"description\":\"Filtrez et dynamisez votre eau\",\"potentialAction\":[{\"@type\":\"SearchAction\",\"target\":{\"@type\":\"EntryPoint\",\"urlTemplate\":\"https:\\\/\\\/biodynamizer.com\\\/es\\\/?s={search_term_string}\"},\"query-input\":{\"@type\":\"PropertyValueSpecification\",\"valueRequired\":true,\"valueName\":\"search_term_string\"}}],\"inLanguage\":\"es\"}]}<\/script>\n<!-- \/ Yoast SEO plugin. -->","yoast_head_json":{"title":"Agua m\u00e1s hidratante y menos oxidada - Biodynamizer","description":"Biodynamizer - Agua m\u00e1s hidratante y menos oxidada - En savoir plus sur le biodynamizer et le biofiltre","robots":{"index":"index","follow":"follow","max-snippet":"max-snippet:-1","max-image-preview":"max-image-preview:large","max-video-preview":"max-video-preview:-1"},"canonical":"https:\/\/biodynamizer.com\/es\/los-beneficios\/agua-hidratante\/","og_locale":"es_ES","og_type":"article","og_title":"Agua m\u00e1s hidratante y menos oxidada - Biodynamizer","og_description":"Biodynamizer - Agua m\u00e1s hidratante y menos oxidada - En savoir plus sur le biodynamizer et le biofiltre","og_url":"https:\/\/biodynamizer.com\/es\/los-beneficios\/agua-hidratante\/","og_site_name":"Biodynamizer","article_modified_time":"2025-07-11T07:49:52+00:00","og_image":[{"width":2000,"height":1333,"url":"https:\/\/biodynamizer.com\/wp-content\/uploads\/2019\/11\/Depositphotos_15742931_xl-2015.jpg","type":"image\/jpeg"}],"twitter_card":"summary_large_image","twitter_misc":{"Tiempo de lectura":"2 minutos"},"schema":{"@context":"https:\/\/schema.org","@graph":[{"@type":"WebPage","@id":"https:\/\/biodynamizer.com\/es\/los-beneficios\/agua-hidratante\/","url":"https:\/\/biodynamizer.com\/es\/los-beneficios\/agua-hidratante\/","name":"Agua m\u00e1s hidratante y menos oxidada - Biodynamizer","isPartOf":{"@id":"https:\/\/biodynamizer.com\/es\/#website"},"datePublished":"2020-07-06T15:02:34+00:00","dateModified":"2025-07-11T07:49:52+00:00","description":"Biodynamizer - Agua m\u00e1s hidratante y menos oxidada - En savoir plus sur le biodynamizer et le biofiltre","breadcrumb":{"@id":"https:\/\/biodynamizer.com\/es\/los-beneficios\/agua-hidratante\/#breadcrumb"},"inLanguage":"es","potentialAction":[{"@type":"ReadAction","target":["https:\/\/biodynamizer.com\/es\/los-beneficios\/agua-hidratante\/"]}]},{"@type":"BreadcrumbList","@id":"https:\/\/biodynamizer.com\/es\/los-beneficios\/agua-hidratante\/#breadcrumb","itemListElement":[{"@type":"ListItem","position":1,"name":"Home","item":"https:\/\/biodynamizer.com\/es\/"},{"@type":"ListItem","position":2,"name":"Los Beneficios","item":"https:\/\/biodynamizer.com\/es\/los-beneficios\/"},{"@type":"ListItem","position":3,"name":"Agua m\u00e1s hidratante y menos oxidada"}]},{"@type":"WebSite","@id":"https:\/\/biodynamizer.com\/es\/#website","url":"https:\/\/biodynamizer.com\/es\/","name":"Biodynamizer","description":"Filtrez et dynamisez votre eau","potentialAction":[{"@type":"SearchAction","target":{"@type":"EntryPoint","urlTemplate":"https:\/\/biodynamizer.com\/es\/?s={search_term_string}"},"query-input":{"@type":"PropertyValueSpecification","valueRequired":true,"valueName":"search_term_string"}}],"inLanguage":"es"}]}},"_links":{"self":[{"href":"https:\/\/biodynamizer.com\/es\/wp-json\/wp\/v2\/pages\/6019","targetHints":{"allow":["GET"]}}],"collection":[{"href":"https:\/\/biodynamizer.com\/es\/wp-json\/wp\/v2\/pages"}],"about":[{"href":"https:\/\/biodynamizer.com\/es\/wp-json\/wp\/v2\/types\/page"}],"author":[{"embeddable":true,"href":"https:\/\/biodynamizer.com\/es\/wp-json\/wp\/v2\/users\/3"}],"replies":[{"embeddable":true,"href":"https:\/\/biodynamizer.com\/es\/wp-json\/wp\/v2\/comments?post=6019"}],"version-history":[{"count":18,"href":"https:\/\/biodynamizer.com\/es\/wp-json\/wp\/v2\/pages\/6019\/revisions"}],"predecessor-version":[{"id":27528,"href":"https:\/\/biodynamizer.com\/es\/wp-json\/wp\/v2\/pages\/6019\/revisions\/27528"}],"up":[{"embeddable":true,"href":"https:\/\/biodynamizer.com\/es\/wp-json\/wp\/v2\/pages\/5830"}],"wp:attachment":[{"href":"https:\/\/biodynamizer.com\/es\/wp-json\/wp\/v2\/media?parent=6019"}],"curies":[{"name":"wp","href":"https:\/\/api.w.org\/{rel}","templated":true}]}}