{"id":6031,"date":"2020-01-29T09:02:15","date_gmt":"2020-01-29T09:02:15","guid":{"rendered":"https:\/\/biodynamizer.spleen-creation.be\/les-bienfaits\/une-eau-remplie-denergie\/"},"modified":"2022-11-03T08:49:25","modified_gmt":"2022-11-03T08:49:25","slug":"agua-llena-de-energia","status":"publish","type":"page","link":"https:\/\/biodynamizer.com\/es\/los-beneficios\/agua-llena-de-energia\/","title":{"rendered":"Agua llena de energ\u00eda"},"content":{"rendered":"<section class=\"l-section wpb_row us_custom_916fdabd height_small\"><div class=\"l-section-h i-cf\"><div class=\"g-cols vc_row via_flex valign_top type_default stacking_default\"><div class=\"vc_col-sm-12 wpb_column vc_column_container\"><div class=\"vc_column-inner\"><div class=\"wpb_wrapper\"><nav class=\"g-breadcrumbs separator_custom align_none\" itemscope itemtype=\"http:\/\/schema.org\/BreadcrumbList\"><div class=\"g-breadcrumbs-item\" itemscope itemprop=\"itemListElement\" itemtype=\"http:\/\/schema.org\/ListItem\"><a itemprop=\"item\" href=\"https:\/\/biodynamizer.com\/es\/\"><span itemprop=\"name\">Inicio<\/span><\/a><meta itemprop=\"position\" content=\"1\"\/><\/div><div class=\"g-breadcrumbs-separator\">\/<\/div><div class=\"g-breadcrumbs-item\">P\u00e1ginas<\/div><\/nav><\/div><\/div><\/div><\/div><\/div><\/section><section class=\"l-section wpb_row fullheader height_huge with_img\"><div class=\"l-section-img\" role=\"img\" aria-label=\"ocean wave\" data-img-width=\"1519\" data-img-height=\"371\" style=\"background-image: url(https:\/\/biodynamizer.com\/wp-content\/uploads\/2020\/03\/New-Project-42.jpg);background-repeat: no-repeat;\"><\/div><div class=\"l-section-h i-cf\"><div class=\"g-cols vc_row via_flex valign_top type_default stacking_default\"><div class=\"vc_col-sm-12 wpb_column vc_column_container has_text_color\"><div class=\"vc_column-inner us_custom_6df4bc3a\"><div class=\"wpb_wrapper\"><div class=\"wpb_text_column\"><div class=\"wpb_wrapper\"><h3>Agua llena de energ\u00eda<\/h3>\n<\/div><\/div><\/div><\/div><\/div><\/div><\/div><\/section><section class=\"l-section wpb_row max500 height_large\"><div class=\"l-section-h i-cf\"><div class=\"g-cols vc_row via_flex valign_top type_default stacking_default\"><div class=\"vc_col-sm-6 wpb_column vc_column_container\"><div class=\"vc_column-inner\"><div class=\"wpb_wrapper\"><div class=\"wpb_text_column\"><div class=\"wpb_wrapper\"><ul>\n<li>El agua biodinamizada es un agua llena de <strong><a href=\"\/nos-solutions\/le-biodynamizer\/lenergetisation\/\">energ\u00eda<\/a><\/strong> (en t\u00e9rminos fot\u00f3nicos), como el agua de las monta\u00f1as o de las cascadas. Toda esta energ\u00eda se utilizar\u00e1 para la <strong><a href=\"\/information-additionelle\/la-camera-electrophotonique-de-coramp-solutions\/\">comunicaci\u00f3n<\/a> <a href=\"\/information-additionelle\/la-camera-electrophotonique-de-coramp-solutions\/\">celular<\/a> <\/strong>y el funcionamiento metab\u00f3lico.<\/li>\n<li>La energ\u00eda del agua biodinamizada tiene una mayor biodiversidad (en t\u00e9rminos de calidad y estabilidad). Creemos que esto hace que el agua biodinamizada sea m\u00e1s compatible con los seres vivos.<\/li>\n<\/ul>\n<\/div><\/div><\/div><\/div><\/div><div class=\"vc_col-sm-6 wpb_column vc_column_container\"><div class=\"vc_column-inner\"><div class=\"wpb_wrapper\"><div class=\"g-cols wpb_row via_flex valign_top type_default stacking_default\"><div class=\"vc_col-sm-6 wpb_column vc_column_container\"><div class=\"vc_column-inner\"><div class=\"wpb_wrapper\"><div class=\"w-image align_center\"><div class=\"w-image-h\"><img decoding=\"async\" width=\"489\" height=\"466\" src=\"https:\/\/biodynamizer.com\/wp-content\/uploads\/2020\/01\/remplie.png\" class=\"attachment-large size-large\" alt=\"\" loading=\"lazy\" srcset=\"https:\/\/biodynamizer.com\/wp-content\/uploads\/2020\/01\/remplie.png 489w, https:\/\/biodynamizer.com\/wp-content\/uploads\/2020\/01\/remplie-300x286.png 300w\" sizes=\"auto, (max-width: 489px) 100vw, 489px\" \/><\/div><\/div><\/div><\/div><\/div><div class=\"vc_col-sm-6 wpb_column vc_column_container\"><div class=\"vc_column-inner\"><div class=\"wpb_wrapper\"><div class=\"w-image align_center\"><div class=\"w-image-h\"><img decoding=\"async\" width=\"250\" height=\"240\" src=\"https:\/\/biodynamizer.com\/wp-content\/uploads\/2020\/03\/New-Project-43.jpg\" class=\"attachment-large size-large\" alt=\"\" loading=\"lazy\" \/><\/div><\/div><\/div><\/div><\/div><\/div><div class=\"wpb_text_column\"><div class=\"wpb_wrapper\"><p style=\"text-align: left;\"><em>Illustration d&#8217;une mol\u00e9cule d&#8217;eau<\/em><\/p>\n<\/div><\/div><\/div><\/div><\/div><\/div><\/div><\/section>\n","protected":false},"excerpt":{"rendered":"Inicio\/P\u00e1ginas Agua llena de energ\u00eda El agua biodinamizada es un agua llena de energ\u00eda (en t\u00e9rminos fot\u00f3nicos), como el agua de las monta\u00f1as o de las cascadas. Toda esta energ\u00eda se utilizar\u00e1 para la comunicaci\u00f3n celular y el funcionamiento metab\u00f3lico. La energ\u00eda del agua biodinamizada tiene una mayor biodiversidad (en t\u00e9rminos de calidad y estabilidad)....","protected":false},"author":3,"featured_media":0,"parent":5830,"menu_order":3,"comment_status":"closed","ping_status":"closed","template":"","meta":{"_monsterinsights_skip_tracking":false,"_monsterinsights_sitenote_active":false,"_monsterinsights_sitenote_note":"","_monsterinsights_sitenote_category":0,"footnotes":""},"class_list":["post-6031","page","type-page","status-publish","hentry"],"yoast_head":"<!-- This site is optimized with the Yoast SEO plugin v27.3 - https:\/\/yoast.com\/product\/yoast-seo-wordpress\/ -->\n<title>Agua llena de energ\u00eda - Biodynamizer<\/title>\n<meta name=\"description\" content=\"Biodynamizer - Agua llena de energ\u00eda - En savoir plus sur le biodynamizer et le biofiltre\" \/>\n<meta name=\"robots\" content=\"index, follow, max-snippet:-1, max-image-preview:large, max-video-preview:-1\" \/>\n<link rel=\"canonical\" href=\"https:\/\/biodynamizer.com\/es\/los-beneficios\/agua-llena-de-energia\/\" \/>\n<meta property=\"og:locale\" content=\"es_ES\" \/>\n<meta property=\"og:type\" content=\"article\" \/>\n<meta property=\"og:title\" content=\"Agua llena de energ\u00eda - Biodynamizer\" \/>\n<meta property=\"og:description\" content=\"Biodynamizer - Agua llena de energ\u00eda - En savoir plus sur le biodynamizer et le biofiltre\" \/>\n<meta property=\"og:url\" content=\"https:\/\/biodynamizer.com\/es\/los-beneficios\/agua-llena-de-energia\/\" \/>\n<meta property=\"og:site_name\" content=\"Biodynamizer\" \/>\n<meta property=\"article:modified_time\" content=\"2022-11-03T08:49:25+00:00\" \/>\n<meta property=\"og:image\" content=\"https:\/\/biodynamizer.com\/wp-content\/uploads\/2019\/11\/Depositphotos_15742931_xl-2015.jpg\" \/>\n\t<meta property=\"og:image:width\" content=\"2000\" \/>\n\t<meta property=\"og:image:height\" content=\"1333\" \/>\n\t<meta property=\"og:image:type\" content=\"image\/jpeg\" \/>\n<meta name=\"twitter:card\" content=\"summary_large_image\" \/>\n<meta name=\"twitter:label1\" content=\"Tiempo de lectura\" \/>\n\t<meta name=\"twitter:data1\" content=\"1 minuto\" \/>\n<script type=\"application\/ld+json\" class=\"yoast-schema-graph\">{\"@context\":\"https:\\\/\\\/schema.org\",\"@graph\":[{\"@type\":\"WebPage\",\"@id\":\"https:\\\/\\\/biodynamizer.com\\\/es\\\/los-beneficios\\\/agua-llena-de-energia\\\/\",\"url\":\"https:\\\/\\\/biodynamizer.com\\\/es\\\/los-beneficios\\\/agua-llena-de-energia\\\/\",\"name\":\"Agua llena de energ\u00eda - Biodynamizer\",\"isPartOf\":{\"@id\":\"https:\\\/\\\/biodynamizer.com\\\/es\\\/#website\"},\"datePublished\":\"2020-01-29T09:02:15+00:00\",\"dateModified\":\"2022-11-03T08:49:25+00:00\",\"description\":\"Biodynamizer - Agua llena de energ\u00eda - En savoir plus sur le biodynamizer et le biofiltre\",\"breadcrumb\":{\"@id\":\"https:\\\/\\\/biodynamizer.com\\\/es\\\/los-beneficios\\\/agua-llena-de-energia\\\/#breadcrumb\"},\"inLanguage\":\"es\",\"potentialAction\":[{\"@type\":\"ReadAction\",\"target\":[\"https:\\\/\\\/biodynamizer.com\\\/es\\\/los-beneficios\\\/agua-llena-de-energia\\\/\"]}]},{\"@type\":\"BreadcrumbList\",\"@id\":\"https:\\\/\\\/biodynamizer.com\\\/es\\\/los-beneficios\\\/agua-llena-de-energia\\\/#breadcrumb\",\"itemListElement\":[{\"@type\":\"ListItem\",\"position\":1,\"name\":\"Home\",\"item\":\"https:\\\/\\\/biodynamizer.com\\\/es\\\/\"},{\"@type\":\"ListItem\",\"position\":2,\"name\":\"Los Beneficios\",\"item\":\"https:\\\/\\\/biodynamizer.com\\\/es\\\/los-beneficios\\\/\"},{\"@type\":\"ListItem\",\"position\":3,\"name\":\"Agua llena de energ\u00eda\"}]},{\"@type\":\"WebSite\",\"@id\":\"https:\\\/\\\/biodynamizer.com\\\/es\\\/#website\",\"url\":\"https:\\\/\\\/biodynamizer.com\\\/es\\\/\",\"name\":\"Biodynamizer\",\"description\":\"Filtrez et dynamisez votre eau\",\"potentialAction\":[{\"@type\":\"SearchAction\",\"target\":{\"@type\":\"EntryPoint\",\"urlTemplate\":\"https:\\\/\\\/biodynamizer.com\\\/es\\\/?s={search_term_string}\"},\"query-input\":{\"@type\":\"PropertyValueSpecification\",\"valueRequired\":true,\"valueName\":\"search_term_string\"}}],\"inLanguage\":\"es\"}]}<\/script>\n<!-- \/ Yoast SEO plugin. -->","yoast_head_json":{"title":"Agua llena de energ\u00eda - Biodynamizer","description":"Biodynamizer - Agua llena de energ\u00eda - En savoir plus sur le biodynamizer et le biofiltre","robots":{"index":"index","follow":"follow","max-snippet":"max-snippet:-1","max-image-preview":"max-image-preview:large","max-video-preview":"max-video-preview:-1"},"canonical":"https:\/\/biodynamizer.com\/es\/los-beneficios\/agua-llena-de-energia\/","og_locale":"es_ES","og_type":"article","og_title":"Agua llena de energ\u00eda - Biodynamizer","og_description":"Biodynamizer - Agua llena de energ\u00eda - En savoir plus sur le biodynamizer et le biofiltre","og_url":"https:\/\/biodynamizer.com\/es\/los-beneficios\/agua-llena-de-energia\/","og_site_name":"Biodynamizer","article_modified_time":"2022-11-03T08:49:25+00:00","og_image":[{"width":2000,"height":1333,"url":"https:\/\/biodynamizer.com\/wp-content\/uploads\/2019\/11\/Depositphotos_15742931_xl-2015.jpg","type":"image\/jpeg"}],"twitter_card":"summary_large_image","twitter_misc":{"Tiempo de lectura":"1 minuto"},"schema":{"@context":"https:\/\/schema.org","@graph":[{"@type":"WebPage","@id":"https:\/\/biodynamizer.com\/es\/los-beneficios\/agua-llena-de-energia\/","url":"https:\/\/biodynamizer.com\/es\/los-beneficios\/agua-llena-de-energia\/","name":"Agua llena de energ\u00eda - Biodynamizer","isPartOf":{"@id":"https:\/\/biodynamizer.com\/es\/#website"},"datePublished":"2020-01-29T09:02:15+00:00","dateModified":"2022-11-03T08:49:25+00:00","description":"Biodynamizer - Agua llena de energ\u00eda - En savoir plus sur le biodynamizer et le biofiltre","breadcrumb":{"@id":"https:\/\/biodynamizer.com\/es\/los-beneficios\/agua-llena-de-energia\/#breadcrumb"},"inLanguage":"es","potentialAction":[{"@type":"ReadAction","target":["https:\/\/biodynamizer.com\/es\/los-beneficios\/agua-llena-de-energia\/"]}]},{"@type":"BreadcrumbList","@id":"https:\/\/biodynamizer.com\/es\/los-beneficios\/agua-llena-de-energia\/#breadcrumb","itemListElement":[{"@type":"ListItem","position":1,"name":"Home","item":"https:\/\/biodynamizer.com\/es\/"},{"@type":"ListItem","position":2,"name":"Los Beneficios","item":"https:\/\/biodynamizer.com\/es\/los-beneficios\/"},{"@type":"ListItem","position":3,"name":"Agua llena de energ\u00eda"}]},{"@type":"WebSite","@id":"https:\/\/biodynamizer.com\/es\/#website","url":"https:\/\/biodynamizer.com\/es\/","name":"Biodynamizer","description":"Filtrez et dynamisez votre eau","potentialAction":[{"@type":"SearchAction","target":{"@type":"EntryPoint","urlTemplate":"https:\/\/biodynamizer.com\/es\/?s={search_term_string}"},"query-input":{"@type":"PropertyValueSpecification","valueRequired":true,"valueName":"search_term_string"}}],"inLanguage":"es"}]}},"_links":{"self":[{"href":"https:\/\/biodynamizer.com\/es\/wp-json\/wp\/v2\/pages\/6031","targetHints":{"allow":["GET"]}}],"collection":[{"href":"https:\/\/biodynamizer.com\/es\/wp-json\/wp\/v2\/pages"}],"about":[{"href":"https:\/\/biodynamizer.com\/es\/wp-json\/wp\/v2\/types\/page"}],"author":[{"embeddable":true,"href":"https:\/\/biodynamizer.com\/es\/wp-json\/wp\/v2\/users\/3"}],"replies":[{"embeddable":true,"href":"https:\/\/biodynamizer.com\/es\/wp-json\/wp\/v2\/comments?post=6031"}],"version-history":[{"count":5,"href":"https:\/\/biodynamizer.com\/es\/wp-json\/wp\/v2\/pages\/6031\/revisions"}],"predecessor-version":[{"id":17333,"href":"https:\/\/biodynamizer.com\/es\/wp-json\/wp\/v2\/pages\/6031\/revisions\/17333"}],"up":[{"embeddable":true,"href":"https:\/\/biodynamizer.com\/es\/wp-json\/wp\/v2\/pages\/5830"}],"wp:attachment":[{"href":"https:\/\/biodynamizer.com\/es\/wp-json\/wp\/v2\/media?parent=6031"}],"curies":[{"name":"wp","href":"https:\/\/api.w.org\/{rel}","templated":true}]}}