{"id":6034,"date":"2020-01-28T12:22:59","date_gmt":"2020-01-28T12:22:59","guid":{"rendered":"https:\/\/biodynamizer.spleen-creation.be\/partenaire-agree\/rejoignez-le-programme-ambassadeur-du-biodynamizer\/"},"modified":"2021-02-18T14:42:13","modified_gmt":"2021-02-18T14:42:13","slug":"unirse-al-programa-embajador-de-biodynamizer","status":"publish","type":"page","link":"https:\/\/biodynamizer.com\/es\/socio-con-licencia\/unirse-al-programa-embajador-de-biodynamizer\/","title":{"rendered":"\u00danete al programa \u00abEmbajador\u00bb de biodynamizer"},"content":{"rendered":"<section class=\"l-section wpb_row us_custom_916fdabd height_small\"><div class=\"l-section-h i-cf\"><div class=\"g-cols vc_row via_flex valign_top type_default stacking_default\"><div class=\"vc_col-sm-12 wpb_column vc_column_container\"><div class=\"vc_column-inner\"><div class=\"wpb_wrapper\"><nav class=\"g-breadcrumbs separator_custom align_none\" itemscope itemtype=\"http:\/\/schema.org\/BreadcrumbList\"><div class=\"g-breadcrumbs-item\" itemscope itemprop=\"itemListElement\" itemtype=\"http:\/\/schema.org\/ListItem\"><a itemprop=\"item\" href=\"https:\/\/biodynamizer.com\/es\/\"><span itemprop=\"name\">Inicio<\/span><\/a><meta itemprop=\"position\" content=\"1\"\/><\/div><div class=\"g-breadcrumbs-separator\">\/<\/div><div class=\"g-breadcrumbs-item\">P\u00e1ginas<\/div><\/nav><\/div><\/div><\/div><\/div><\/div><\/section><section class=\"l-section wpb_row height_large\"><div class=\"l-section-h i-cf\"><div class=\"g-cols vc_row via_flex valign_top type_default stacking_default\"><div class=\"vc_col-sm-12 wpb_column vc_column_container\"><div class=\"vc_column-inner\"><div class=\"wpb_wrapper\"><div class=\"wpb_text_column\"><div class=\"wpb_wrapper\"><h1>\u00danete al programa \u00abEmbajador\u00bb de biodynamizer<\/h1>\n<h1><\/h1>\n<\/div><\/div><div class=\"wpb_text_column\"><div class=\"wpb_wrapper\"><p>\u00bfEs usted ingeniero, cient\u00edfico, investigador, bi\u00f3logo, m\u00e9dico, natur\u00f3pata, nutricionista, terapeuta, dietista, profesional de la salud (jubilado o no)&#8230; y le gustar\u00eda organizar conferencias en su regi\u00f3n para compartir el principio de la dinamizaci\u00f3n del agua y beneficiarse de ingresos adicionales?<\/p>\n<\/div><\/div><div class=\"w-btn-wrapper align_none\"><a class=\"w-btn us-btn-style_1\" title=\"Contact\" href=\"https:\/\/biodynamizer.com\/contact\/\"><span class=\"w-btn-label\">Contacto<\/span><\/a><\/div><div class=\"w-separator size_medium\"><\/div><div class=\"wpb_text_column\"><div class=\"wpb_wrapper\"><ul>\n<li>El programa \u00abembajador\u00bb est\u00e1 disponible para cualquiera que est\u00e9 preocupado por la calidad del agua en su casa.<\/li>\n<li>Usted est\u00e1 construyendo una cartera de clientes en su regi\u00f3n.<\/li>\n<li>Est\u00e1 consolidando ingresos adicionales relacionados con sus beneficios.<\/li>\n<li>Trae una soluci\u00f3n alternativa y justa para la gente que no quiere sal en su agua potable y quiere reducir su huella ecol\u00f3gica.<\/li>\n<\/ul>\n<p>\u00a1Ser\u00e1n los actores del cambio que se est\u00e1 produciendo!<\/p>\n<\/div><\/div><\/div><\/div><\/div><\/div><\/div><\/section>\n","protected":false},"excerpt":{"rendered":"Inicio\/P\u00e1ginas\u00danete al programa \u00abEmbajador\u00bb de biodynamizer \u00bfEs usted ingeniero, cient\u00edfico, investigador, bi\u00f3logo, m\u00e9dico, natur\u00f3pata, nutricionista, terapeuta, dietista, profesional de la salud (jubilado o no)&#8230; y le gustar\u00eda organizar conferencias en su regi\u00f3n para compartir el principio de la dinamizaci\u00f3n del agua y beneficiarse de ingresos adicionales? Contacto El programa \u00abembajador\u00bb est\u00e1 disponible para cualquiera que...","protected":false},"author":3,"featured_media":0,"parent":5957,"menu_order":1,"comment_status":"closed","ping_status":"closed","template":"","meta":{"_monsterinsights_skip_tracking":false,"_monsterinsights_sitenote_active":false,"_monsterinsights_sitenote_note":"","_monsterinsights_sitenote_category":0,"footnotes":""},"class_list":["post-6034","page","type-page","status-publish","hentry"],"yoast_head":"<!-- This site is optimized with the Yoast SEO plugin v27.4 - https:\/\/yoast.com\/product\/yoast-seo-wordpress\/ -->\n<title>\u00danete al programa &quot;Embajador&quot; de biodynamizer - Biodynamizer<\/title>\n<meta name=\"description\" content=\"Biodynamizer - \u00danete al programa &quot;Embajador&quot; de biodynamizer - En savoir plus sur le biodynamizer et le biofiltre\" \/>\n<meta name=\"robots\" content=\"index, follow, max-snippet:-1, max-image-preview:large, max-video-preview:-1\" \/>\n<link rel=\"canonical\" href=\"https:\/\/biodynamizer.com\/es\/socio-con-licencia\/unirse-al-programa-embajador-de-biodynamizer\/\" \/>\n<meta property=\"og:locale\" content=\"es_ES\" \/>\n<meta property=\"og:type\" content=\"article\" \/>\n<meta property=\"og:title\" content=\"\u00danete al programa &quot;Embajador&quot; de biodynamizer - Biodynamizer\" \/>\n<meta property=\"og:description\" content=\"Biodynamizer - \u00danete al programa &quot;Embajador&quot; de biodynamizer - En savoir plus sur le biodynamizer et le biofiltre\" \/>\n<meta property=\"og:url\" content=\"https:\/\/biodynamizer.com\/es\/socio-con-licencia\/unirse-al-programa-embajador-de-biodynamizer\/\" \/>\n<meta property=\"og:site_name\" content=\"Biodynamizer\" \/>\n<meta property=\"article:modified_time\" content=\"2021-02-18T14:42:13+00:00\" \/>\n<meta property=\"og:image\" content=\"https:\/\/biodynamizer.com\/wp-content\/uploads\/2019\/11\/Depositphotos_15742931_xl-2015.jpg\" \/>\n\t<meta property=\"og:image:width\" content=\"2000\" \/>\n\t<meta property=\"og:image:height\" content=\"1333\" \/>\n\t<meta property=\"og:image:type\" content=\"image\/jpeg\" \/>\n<meta name=\"twitter:card\" content=\"summary_large_image\" \/>\n<meta name=\"twitter:label1\" content=\"Tiempo de lectura\" \/>\n\t<meta name=\"twitter:data1\" content=\"1 minuto\" \/>\n<script type=\"application\/ld+json\" class=\"yoast-schema-graph\">{\"@context\":\"https:\\\/\\\/schema.org\",\"@graph\":[{\"@type\":\"WebPage\",\"@id\":\"https:\\\/\\\/biodynamizer.com\\\/es\\\/socio-con-licencia\\\/unirse-al-programa-embajador-de-biodynamizer\\\/\",\"url\":\"https:\\\/\\\/biodynamizer.com\\\/es\\\/socio-con-licencia\\\/unirse-al-programa-embajador-de-biodynamizer\\\/\",\"name\":\"\u00danete al programa \\\"Embajador\\\" de biodynamizer - Biodynamizer\",\"isPartOf\":{\"@id\":\"https:\\\/\\\/biodynamizer.com\\\/es\\\/#website\"},\"datePublished\":\"2020-01-28T12:22:59+00:00\",\"dateModified\":\"2021-02-18T14:42:13+00:00\",\"description\":\"Biodynamizer - \u00danete al programa \\\"Embajador\\\" de biodynamizer - En savoir plus sur le biodynamizer et le biofiltre\",\"breadcrumb\":{\"@id\":\"https:\\\/\\\/biodynamizer.com\\\/es\\\/socio-con-licencia\\\/unirse-al-programa-embajador-de-biodynamizer\\\/#breadcrumb\"},\"inLanguage\":\"es\",\"potentialAction\":[{\"@type\":\"ReadAction\",\"target\":[\"https:\\\/\\\/biodynamizer.com\\\/es\\\/socio-con-licencia\\\/unirse-al-programa-embajador-de-biodynamizer\\\/\"]}]},{\"@type\":\"BreadcrumbList\",\"@id\":\"https:\\\/\\\/biodynamizer.com\\\/es\\\/socio-con-licencia\\\/unirse-al-programa-embajador-de-biodynamizer\\\/#breadcrumb\",\"itemListElement\":[{\"@type\":\"ListItem\",\"position\":1,\"name\":\"Home\",\"item\":\"https:\\\/\\\/biodynamizer.com\\\/es\\\/\"},{\"@type\":\"ListItem\",\"position\":2,\"name\":\"Socio autorizado\",\"item\":\"https:\\\/\\\/biodynamizer.com\\\/es\\\/partenaire-agree\\\/\"},{\"@type\":\"ListItem\",\"position\":3,\"name\":\"\u00danete al programa \u00ab\u00a0Embajador\u00a0\u00bb de biodynamizer\"}]},{\"@type\":\"WebSite\",\"@id\":\"https:\\\/\\\/biodynamizer.com\\\/es\\\/#website\",\"url\":\"https:\\\/\\\/biodynamizer.com\\\/es\\\/\",\"name\":\"Biodynamizer\",\"description\":\"Filtrez et dynamisez votre eau\",\"potentialAction\":[{\"@type\":\"SearchAction\",\"target\":{\"@type\":\"EntryPoint\",\"urlTemplate\":\"https:\\\/\\\/biodynamizer.com\\\/es\\\/?s={search_term_string}\"},\"query-input\":{\"@type\":\"PropertyValueSpecification\",\"valueRequired\":true,\"valueName\":\"search_term_string\"}}],\"inLanguage\":\"es\"}]}<\/script>\n<!-- \/ Yoast SEO plugin. -->","yoast_head_json":{"title":"\u00danete al programa \"Embajador\" de biodynamizer - Biodynamizer","description":"Biodynamizer - \u00danete al programa \"Embajador\" de biodynamizer - En savoir plus sur le biodynamizer et le biofiltre","robots":{"index":"index","follow":"follow","max-snippet":"max-snippet:-1","max-image-preview":"max-image-preview:large","max-video-preview":"max-video-preview:-1"},"canonical":"https:\/\/biodynamizer.com\/es\/socio-con-licencia\/unirse-al-programa-embajador-de-biodynamizer\/","og_locale":"es_ES","og_type":"article","og_title":"\u00danete al programa \"Embajador\" de biodynamizer - Biodynamizer","og_description":"Biodynamizer - \u00danete al programa \"Embajador\" de biodynamizer - En savoir plus sur le biodynamizer et le biofiltre","og_url":"https:\/\/biodynamizer.com\/es\/socio-con-licencia\/unirse-al-programa-embajador-de-biodynamizer\/","og_site_name":"Biodynamizer","article_modified_time":"2021-02-18T14:42:13+00:00","og_image":[{"width":2000,"height":1333,"url":"https:\/\/biodynamizer.com\/wp-content\/uploads\/2019\/11\/Depositphotos_15742931_xl-2015.jpg","type":"image\/jpeg"}],"twitter_card":"summary_large_image","twitter_misc":{"Tiempo de lectura":"1 minuto"},"schema":{"@context":"https:\/\/schema.org","@graph":[{"@type":"WebPage","@id":"https:\/\/biodynamizer.com\/es\/socio-con-licencia\/unirse-al-programa-embajador-de-biodynamizer\/","url":"https:\/\/biodynamizer.com\/es\/socio-con-licencia\/unirse-al-programa-embajador-de-biodynamizer\/","name":"\u00danete al programa \"Embajador\" de biodynamizer - Biodynamizer","isPartOf":{"@id":"https:\/\/biodynamizer.com\/es\/#website"},"datePublished":"2020-01-28T12:22:59+00:00","dateModified":"2021-02-18T14:42:13+00:00","description":"Biodynamizer - \u00danete al programa \"Embajador\" de biodynamizer - En savoir plus sur le biodynamizer et le biofiltre","breadcrumb":{"@id":"https:\/\/biodynamizer.com\/es\/socio-con-licencia\/unirse-al-programa-embajador-de-biodynamizer\/#breadcrumb"},"inLanguage":"es","potentialAction":[{"@type":"ReadAction","target":["https:\/\/biodynamizer.com\/es\/socio-con-licencia\/unirse-al-programa-embajador-de-biodynamizer\/"]}]},{"@type":"BreadcrumbList","@id":"https:\/\/biodynamizer.com\/es\/socio-con-licencia\/unirse-al-programa-embajador-de-biodynamizer\/#breadcrumb","itemListElement":[{"@type":"ListItem","position":1,"name":"Home","item":"https:\/\/biodynamizer.com\/es\/"},{"@type":"ListItem","position":2,"name":"Socio autorizado","item":"https:\/\/biodynamizer.com\/es\/partenaire-agree\/"},{"@type":"ListItem","position":3,"name":"\u00danete al programa \u00ab\u00a0Embajador\u00a0\u00bb de biodynamizer"}]},{"@type":"WebSite","@id":"https:\/\/biodynamizer.com\/es\/#website","url":"https:\/\/biodynamizer.com\/es\/","name":"Biodynamizer","description":"Filtrez et dynamisez votre eau","potentialAction":[{"@type":"SearchAction","target":{"@type":"EntryPoint","urlTemplate":"https:\/\/biodynamizer.com\/es\/?s={search_term_string}"},"query-input":{"@type":"PropertyValueSpecification","valueRequired":true,"valueName":"search_term_string"}}],"inLanguage":"es"}]}},"_links":{"self":[{"href":"https:\/\/biodynamizer.com\/es\/wp-json\/wp\/v2\/pages\/6034","targetHints":{"allow":["GET"]}}],"collection":[{"href":"https:\/\/biodynamizer.com\/es\/wp-json\/wp\/v2\/pages"}],"about":[{"href":"https:\/\/biodynamizer.com\/es\/wp-json\/wp\/v2\/types\/page"}],"author":[{"embeddable":true,"href":"https:\/\/biodynamizer.com\/es\/wp-json\/wp\/v2\/users\/3"}],"replies":[{"embeddable":true,"href":"https:\/\/biodynamizer.com\/es\/wp-json\/wp\/v2\/comments?post=6034"}],"version-history":[{"count":3,"href":"https:\/\/biodynamizer.com\/es\/wp-json\/wp\/v2\/pages\/6034\/revisions"}],"predecessor-version":[{"id":7081,"href":"https:\/\/biodynamizer.com\/es\/wp-json\/wp\/v2\/pages\/6034\/revisions\/7081"}],"up":[{"embeddable":true,"href":"https:\/\/biodynamizer.com\/es\/wp-json\/wp\/v2\/pages\/5957"}],"wp:attachment":[{"href":"https:\/\/biodynamizer.com\/es\/wp-json\/wp\/v2\/media?parent=6034"}],"curies":[{"name":"wp","href":"https:\/\/api.w.org\/{rel}","templated":true}]}}