{"id":6047,"date":"2020-01-28T12:18:27","date_gmt":"2020-01-28T12:18:27","guid":{"rendered":"https:\/\/biodynamizer.spleen-creation.be\/partenaire-agree\/avantages-pour-les-partenaires\/"},"modified":"2021-02-18T14:40:31","modified_gmt":"2021-02-18T14:40:31","slug":"acuerdo-con-el-socio-beneficios-para-el-socio","status":"publish","type":"page","link":"https:\/\/biodynamizer.com\/es\/socio-con-licencia\/acuerdo-con-el-socio-beneficios-para-el-socio\/","title":{"rendered":"Beneficios para los socios"},"content":{"rendered":"<section class=\"l-section wpb_row us_custom_916fdabd height_small\"><div class=\"l-section-h i-cf\"><div class=\"g-cols vc_row via_flex valign_top type_default stacking_default\"><div class=\"vc_col-sm-12 wpb_column vc_column_container\"><div class=\"vc_column-inner\"><div class=\"wpb_wrapper\"><nav class=\"g-breadcrumbs separator_custom align_none\" itemscope itemtype=\"http:\/\/schema.org\/BreadcrumbList\"><div class=\"g-breadcrumbs-item\" itemscope itemprop=\"itemListElement\" itemtype=\"http:\/\/schema.org\/ListItem\"><a itemprop=\"item\" href=\"https:\/\/biodynamizer.com\/es\/\"><span itemprop=\"name\">Inicio<\/span><\/a><meta itemprop=\"position\" content=\"1\"\/><\/div><div class=\"g-breadcrumbs-separator\">\/<\/div><div class=\"g-breadcrumbs-item\">P\u00e1ginas<\/div><\/nav><\/div><\/div><\/div><\/div><\/div><\/section><section class=\"l-section wpb_row height_large\"><div class=\"l-section-h i-cf\"><div class=\"g-cols vc_row via_flex valign_top type_default stacking_default\"><div class=\"vc_col-sm-12 wpb_column vc_column_container\"><div class=\"vc_column-inner\"><div class=\"wpb_wrapper\"><div class=\"wpb_text_column\"><div class=\"wpb_wrapper\"><h1>Beneficios para los socios<\/h1>\n<h1><\/h1>\n<\/div><\/div><div class=\"wpb_text_column\"><div class=\"wpb_wrapper\"><ul>\n<li>Usted ofrece un producto diferenciador que inmediatamente proporciona una verdadera satisfacci\u00f3n al cliente.<\/li>\n<li>Usted ofrece una soluci\u00f3n global y ambientalmente responsable<\/li>\n<li>Se beneficiar\u00e1 de ingresos adicionales relacionados con la venta de los electrodom\u00e9sticos y, si es un instalador, con la inversi\u00f3n de los mismos. Esto podr\u00eda generar trabajos adicionales como el mantenimiento de la caldera u otros trabajos.<\/li>\n<li>El Biodynamizer\u00ae es f\u00e1cil de instalar (accesorios est\u00e1ndar). Ampliar\u00e1s tu cartera de clientes en tu regi\u00f3n.<\/li>\n<\/ul>\n<p>\u00a1Ser\u00e1n los actores del cambio que se est\u00e1 produciendo!<\/p>\n<p>&nbsp;<\/p>\n<\/div><\/div><\/div><\/div><\/div><\/div><\/div><\/section>\n","protected":false},"excerpt":{"rendered":"Inicio\/P\u00e1ginasBeneficios para los socios Usted ofrece un producto diferenciador que inmediatamente proporciona una verdadera satisfacci\u00f3n al cliente. Usted ofrece una soluci\u00f3n global y ambientalmente responsable Se beneficiar\u00e1 de ingresos adicionales relacionados con la venta de los electrodom\u00e9sticos y, si es un instalador, con la inversi\u00f3n de los mismos. Esto podr\u00eda generar trabajos adicionales como el...","protected":false},"author":3,"featured_media":0,"parent":5957,"menu_order":0,"comment_status":"closed","ping_status":"closed","template":"","meta":{"_monsterinsights_skip_tracking":false,"_monsterinsights_sitenote_active":false,"_monsterinsights_sitenote_note":"","_monsterinsights_sitenote_category":0,"footnotes":""},"class_list":["post-6047","page","type-page","status-publish","hentry"],"yoast_head":"<!-- This site is optimized with the Yoast SEO plugin v27.4 - https:\/\/yoast.com\/product\/yoast-seo-wordpress\/ -->\n<title>Beneficios para los socios - Biodynamizer<\/title>\n<meta name=\"description\" content=\"Biodynamizer - Beneficios para los socios - En savoir plus sur le biodynamizer et le biofiltre\" \/>\n<meta name=\"robots\" content=\"index, follow, max-snippet:-1, max-image-preview:large, max-video-preview:-1\" \/>\n<link rel=\"canonical\" href=\"https:\/\/biodynamizer.com\/es\/socio-con-licencia\/acuerdo-con-el-socio-beneficios-para-el-socio\/\" \/>\n<meta property=\"og:locale\" content=\"es_ES\" \/>\n<meta property=\"og:type\" content=\"article\" \/>\n<meta property=\"og:title\" content=\"Beneficios para los socios - Biodynamizer\" \/>\n<meta property=\"og:description\" content=\"Biodynamizer - Beneficios para los socios - En savoir plus sur le biodynamizer et le biofiltre\" \/>\n<meta property=\"og:url\" content=\"https:\/\/biodynamizer.com\/es\/socio-con-licencia\/acuerdo-con-el-socio-beneficios-para-el-socio\/\" \/>\n<meta property=\"og:site_name\" content=\"Biodynamizer\" \/>\n<meta property=\"article:modified_time\" content=\"2021-02-18T14:40:31+00:00\" \/>\n<meta property=\"og:image\" content=\"https:\/\/biodynamizer.com\/wp-content\/uploads\/2019\/11\/Depositphotos_15742931_xl-2015.jpg\" \/>\n\t<meta property=\"og:image:width\" content=\"2000\" \/>\n\t<meta property=\"og:image:height\" content=\"1333\" \/>\n\t<meta property=\"og:image:type\" content=\"image\/jpeg\" \/>\n<meta name=\"twitter:card\" content=\"summary_large_image\" \/>\n<meta name=\"twitter:label1\" content=\"Tiempo de lectura\" \/>\n\t<meta name=\"twitter:data1\" content=\"1 minuto\" \/>\n<script type=\"application\/ld+json\" class=\"yoast-schema-graph\">{\"@context\":\"https:\\\/\\\/schema.org\",\"@graph\":[{\"@type\":\"WebPage\",\"@id\":\"https:\\\/\\\/biodynamizer.com\\\/es\\\/socio-con-licencia\\\/acuerdo-con-el-socio-beneficios-para-el-socio\\\/\",\"url\":\"https:\\\/\\\/biodynamizer.com\\\/es\\\/socio-con-licencia\\\/acuerdo-con-el-socio-beneficios-para-el-socio\\\/\",\"name\":\"Beneficios para los socios - Biodynamizer\",\"isPartOf\":{\"@id\":\"https:\\\/\\\/biodynamizer.com\\\/es\\\/#website\"},\"datePublished\":\"2020-01-28T12:18:27+00:00\",\"dateModified\":\"2021-02-18T14:40:31+00:00\",\"description\":\"Biodynamizer - Beneficios para los socios - En savoir plus sur le biodynamizer et le biofiltre\",\"breadcrumb\":{\"@id\":\"https:\\\/\\\/biodynamizer.com\\\/es\\\/socio-con-licencia\\\/acuerdo-con-el-socio-beneficios-para-el-socio\\\/#breadcrumb\"},\"inLanguage\":\"es\",\"potentialAction\":[{\"@type\":\"ReadAction\",\"target\":[\"https:\\\/\\\/biodynamizer.com\\\/es\\\/socio-con-licencia\\\/acuerdo-con-el-socio-beneficios-para-el-socio\\\/\"]}]},{\"@type\":\"BreadcrumbList\",\"@id\":\"https:\\\/\\\/biodynamizer.com\\\/es\\\/socio-con-licencia\\\/acuerdo-con-el-socio-beneficios-para-el-socio\\\/#breadcrumb\",\"itemListElement\":[{\"@type\":\"ListItem\",\"position\":1,\"name\":\"Home\",\"item\":\"https:\\\/\\\/biodynamizer.com\\\/es\\\/\"},{\"@type\":\"ListItem\",\"position\":2,\"name\":\"Socio autorizado\",\"item\":\"https:\\\/\\\/biodynamizer.com\\\/es\\\/partenaire-agree\\\/\"},{\"@type\":\"ListItem\",\"position\":3,\"name\":\"Beneficios para los socios\"}]},{\"@type\":\"WebSite\",\"@id\":\"https:\\\/\\\/biodynamizer.com\\\/es\\\/#website\",\"url\":\"https:\\\/\\\/biodynamizer.com\\\/es\\\/\",\"name\":\"Biodynamizer\",\"description\":\"Filtrez et dynamisez votre eau\",\"potentialAction\":[{\"@type\":\"SearchAction\",\"target\":{\"@type\":\"EntryPoint\",\"urlTemplate\":\"https:\\\/\\\/biodynamizer.com\\\/es\\\/?s={search_term_string}\"},\"query-input\":{\"@type\":\"PropertyValueSpecification\",\"valueRequired\":true,\"valueName\":\"search_term_string\"}}],\"inLanguage\":\"es\"}]}<\/script>\n<!-- \/ Yoast SEO plugin. -->","yoast_head_json":{"title":"Beneficios para los socios - Biodynamizer","description":"Biodynamizer - Beneficios para los socios - En savoir plus sur le biodynamizer et le biofiltre","robots":{"index":"index","follow":"follow","max-snippet":"max-snippet:-1","max-image-preview":"max-image-preview:large","max-video-preview":"max-video-preview:-1"},"canonical":"https:\/\/biodynamizer.com\/es\/socio-con-licencia\/acuerdo-con-el-socio-beneficios-para-el-socio\/","og_locale":"es_ES","og_type":"article","og_title":"Beneficios para los socios - Biodynamizer","og_description":"Biodynamizer - Beneficios para los socios - En savoir plus sur le biodynamizer et le biofiltre","og_url":"https:\/\/biodynamizer.com\/es\/socio-con-licencia\/acuerdo-con-el-socio-beneficios-para-el-socio\/","og_site_name":"Biodynamizer","article_modified_time":"2021-02-18T14:40:31+00:00","og_image":[{"width":2000,"height":1333,"url":"https:\/\/biodynamizer.com\/wp-content\/uploads\/2019\/11\/Depositphotos_15742931_xl-2015.jpg","type":"image\/jpeg"}],"twitter_card":"summary_large_image","twitter_misc":{"Tiempo de lectura":"1 minuto"},"schema":{"@context":"https:\/\/schema.org","@graph":[{"@type":"WebPage","@id":"https:\/\/biodynamizer.com\/es\/socio-con-licencia\/acuerdo-con-el-socio-beneficios-para-el-socio\/","url":"https:\/\/biodynamizer.com\/es\/socio-con-licencia\/acuerdo-con-el-socio-beneficios-para-el-socio\/","name":"Beneficios para los socios - Biodynamizer","isPartOf":{"@id":"https:\/\/biodynamizer.com\/es\/#website"},"datePublished":"2020-01-28T12:18:27+00:00","dateModified":"2021-02-18T14:40:31+00:00","description":"Biodynamizer - Beneficios para los socios - En savoir plus sur le biodynamizer et le biofiltre","breadcrumb":{"@id":"https:\/\/biodynamizer.com\/es\/socio-con-licencia\/acuerdo-con-el-socio-beneficios-para-el-socio\/#breadcrumb"},"inLanguage":"es","potentialAction":[{"@type":"ReadAction","target":["https:\/\/biodynamizer.com\/es\/socio-con-licencia\/acuerdo-con-el-socio-beneficios-para-el-socio\/"]}]},{"@type":"BreadcrumbList","@id":"https:\/\/biodynamizer.com\/es\/socio-con-licencia\/acuerdo-con-el-socio-beneficios-para-el-socio\/#breadcrumb","itemListElement":[{"@type":"ListItem","position":1,"name":"Home","item":"https:\/\/biodynamizer.com\/es\/"},{"@type":"ListItem","position":2,"name":"Socio autorizado","item":"https:\/\/biodynamizer.com\/es\/partenaire-agree\/"},{"@type":"ListItem","position":3,"name":"Beneficios para los socios"}]},{"@type":"WebSite","@id":"https:\/\/biodynamizer.com\/es\/#website","url":"https:\/\/biodynamizer.com\/es\/","name":"Biodynamizer","description":"Filtrez et dynamisez votre eau","potentialAction":[{"@type":"SearchAction","target":{"@type":"EntryPoint","urlTemplate":"https:\/\/biodynamizer.com\/es\/?s={search_term_string}"},"query-input":{"@type":"PropertyValueSpecification","valueRequired":true,"valueName":"search_term_string"}}],"inLanguage":"es"}]}},"_links":{"self":[{"href":"https:\/\/biodynamizer.com\/es\/wp-json\/wp\/v2\/pages\/6047","targetHints":{"allow":["GET"]}}],"collection":[{"href":"https:\/\/biodynamizer.com\/es\/wp-json\/wp\/v2\/pages"}],"about":[{"href":"https:\/\/biodynamizer.com\/es\/wp-json\/wp\/v2\/types\/page"}],"author":[{"embeddable":true,"href":"https:\/\/biodynamizer.com\/es\/wp-json\/wp\/v2\/users\/3"}],"replies":[{"embeddable":true,"href":"https:\/\/biodynamizer.com\/es\/wp-json\/wp\/v2\/comments?post=6047"}],"version-history":[{"count":3,"href":"https:\/\/biodynamizer.com\/es\/wp-json\/wp\/v2\/pages\/6047\/revisions"}],"predecessor-version":[{"id":7078,"href":"https:\/\/biodynamizer.com\/es\/wp-json\/wp\/v2\/pages\/6047\/revisions\/7078"}],"up":[{"embeddable":true,"href":"https:\/\/biodynamizer.com\/es\/wp-json\/wp\/v2\/pages\/5957"}],"wp:attachment":[{"href":"https:\/\/biodynamizer.com\/es\/wp-json\/wp\/v2\/media?parent=6047"}],"curies":[{"name":"wp","href":"https:\/\/api.w.org\/{rel}","templated":true}]}}