{"id":6059,"date":"2024-05-29T14:24:52","date_gmt":"2020-01-28T12:02:54","guid":{"rendered":"https:\/\/biodynamizer.spleen-creation.be\/b2b\/leau-biodynamisee-dans-la-biere\/"},"modified":"2025-07-11T09:11:26","modified_gmt":"2025-07-11T09:11:26","slug":"agua-biodinamica-en-cerveza","status":"publish","type":"page","link":"https:\/\/biodynamizer.com\/es\/b2b\/agua-biodinamica-en-cerveza\/","title":{"rendered":"Agua biodinamizada en la cerveza"},"content":{"rendered":"<section class=\"l-section wpb_row us_custom_916fdabd height_small\"><div class=\"l-section-h i-cf\"><div class=\"g-cols vc_row via_flex valign_top type_default stacking_default\"><div class=\"vc_col-sm-12 wpb_column vc_column_container\"><div class=\"vc_column-inner\"><div class=\"wpb_wrapper\"><nav class=\"g-breadcrumbs separator_custom align_none\" itemscope itemtype=\"http:\/\/schema.org\/BreadcrumbList\"><div class=\"g-breadcrumbs-item\" itemscope itemprop=\"itemListElement\" itemtype=\"http:\/\/schema.org\/ListItem\"><a itemprop=\"item\" href=\"https:\/\/biodynamizer.com\/es\/\"><span itemprop=\"name\">Inicio<\/span><\/a><meta itemprop=\"position\" content=\"1\"\/><\/div><div class=\"g-breadcrumbs-separator\">\/<\/div><div class=\"g-breadcrumbs-item\">P\u00e1ginas<\/div><\/nav><\/div><\/div><\/div><\/div><\/div><\/section><section class=\"l-section wpb_row max500 height_small width_full\"><div class=\"l-section-h i-cf\"><div class=\"g-cols vc_row via_flex valign_middle type_default stacking_default\"><div class=\"vc_col-sm-6 wpb_column vc_column_container tekstsideblock\"><div class=\"vc_column-inner\"><div class=\"wpb_wrapper\"><div class=\"wpb_text_column\"><div class=\"wpb_wrapper\"><h2>El agua dinamizada en la cerveza<\/h2>\n<h2><\/h2>\n<\/div><\/div><div class=\"w-image align_none\"><div class=\"w-image-h\"><img decoding=\"async\" width=\"1024\" height=\"323\" src=\"https:\/\/biodynamizer.com\/wp-content\/uploads\/2024\/06\/HOUBLONDE-H_coul-1024x323.png\" class=\"attachment-large size-large\" alt=\"logo houblonde\" loading=\"lazy\" srcset=\"https:\/\/biodynamizer.com\/wp-content\/uploads\/2024\/06\/HOUBLONDE-H_coul-1024x323.png 1024w, https:\/\/biodynamizer.com\/wp-content\/uploads\/2024\/06\/HOUBLONDE-H_coul-300x95.png 300w, https:\/\/biodynamizer.com\/wp-content\/uploads\/2024\/06\/HOUBLONDE-H_coul-600x190.png 600w, https:\/\/biodynamizer.com\/wp-content\/uploads\/2024\/06\/HOUBLONDE-H_coul.png 1181w\" sizes=\"auto, (max-width: 1024px) 100vw, 1024px\" \/><\/div><\/div><div class=\"wpb_text_column\"><div class=\"wpb_wrapper\"><p>L\u00fapulo, primera cerveza belga, org\u00e1nica y dinamizada:<\/p>\n<ul>\n<li>Houblonde es la primera cerveza org\u00e1nica y dinamizada del mundo desarrollada en colaboraci\u00f3n con la UCL. El agua que la compone ha sido optimizada dinamiz\u00e1ndola (es decir, el agua ha pasado por el biodynamizer\u00ae para que recupere sus propiedades originales comparables a las del agua pura de monta\u00f1a) para sacar a relucir al m\u00e1ximo sus notables cualidades de sabor y olor;<\/li>\n<li>Organic Blonde Hops gan\u00f3 el premio a la cerveza m\u00e1s innovadora en los World Beer Awards de Londres; pero tambi\u00e9n 3 estrellas de oro en el \u00abSuperior Taste Award 2018 &amp; 19 &amp; 20\u00bb (iTQI) otorgado por 200 chefs y sommeliers estrella europeos;<\/li>\n<li>El triple salto org\u00e1nico ha ganado la medalla de oro en la competici\u00f3n ITA 2020 en Italia.<\/li>\n<li>Houblonde se desarroll\u00f3 en colaboraci\u00f3n con la Facultad Universitaria de Tecnolog\u00eda Cervecera de Lovaina en B\u00e9lgica (UCL).<\/li>\n<\/ul>\n<p>M\u00e1s informaci\u00f3n:<a href=\"http:\/\/www.houblonde.com\/\"> www.houblonde.com<\/a><\/p>\n<\/div><\/div><\/div><\/div><\/div><div class=\"vc_col-sm-6 wpb_column vc_column_container\"><div class=\"vc_column-inner us_custom_68ec3198\"><div class=\"wpb_wrapper\"><div class=\"w-image align_center\"><div class=\"w-image-h\"><img decoding=\"async\" width=\"1014\" height=\"630\" src=\"https:\/\/biodynamizer.com\/wp-content\/uploads\/2024\/06\/Blonde-White-Triple.jpg\" class=\"attachment-large size-large\" alt=\"3 bi\u00e8res blondes\" loading=\"lazy\" srcset=\"https:\/\/biodynamizer.com\/wp-content\/uploads\/2024\/06\/Blonde-White-Triple.jpg 1014w, https:\/\/biodynamizer.com\/wp-content\/uploads\/2024\/06\/Blonde-White-Triple-300x186.jpg 300w, https:\/\/biodynamizer.com\/wp-content\/uploads\/2024\/06\/Blonde-White-Triple-600x373.jpg 600w\" sizes=\"auto, (max-width: 1014px) 100vw, 1014px\" \/><\/div><\/div><\/div><\/div><\/div><\/div><\/div><\/section><section class=\"l-section wpb_row height_medium\"><div class=\"l-section-h i-cf\"><div class=\"g-cols vc_row via_flex valign_top type_default stacking_default\"><div class=\"vc_col-sm-12 wpb_column vc_column_container\"><div class=\"vc_column-inner\"><div class=\"wpb_wrapper\"><div class=\"wpb_text_column\"><div class=\"wpb_wrapper\"><h2>Comparaci\u00f3n de la bioluminiscencia y la cristalograf\u00eda de la cerveza de l\u00fapulo dinamizada y una cerveza conocida<\/h2>\n<h2><\/h2>\n<\/div><\/div><div class=\"w-image align_none\"><a ref=\"magnificPopup\" href=\"https:\/\/biodynamizer.com\/wp-content\/uploads\/2020\/08\/Energetic-comparison-Houblonde-EN-bis.png\" aria-label=\"Bi\u00e8re belge bio et dynamis\u00e9e\" class=\"w-image-h\"><img decoding=\"async\" width=\"1024\" height=\"576\" src=\"https:\/\/biodynamizer.com\/wp-content\/uploads\/2020\/08\/Energetic-comparison-Houblonde-EN-bis-1024x576.png\" class=\"attachment-large size-large\" alt=\"\" loading=\"lazy\" srcset=\"https:\/\/biodynamizer.com\/wp-content\/uploads\/2020\/08\/Energetic-comparison-Houblonde-EN-bis-1024x576.png 1024w, https:\/\/biodynamizer.com\/wp-content\/uploads\/2020\/08\/Energetic-comparison-Houblonde-EN-bis-300x169.png 300w, https:\/\/biodynamizer.com\/wp-content\/uploads\/2020\/08\/Energetic-comparison-Houblonde-EN-bis.png 1280w\" sizes=\"auto, (max-width: 1024px) 100vw, 1024px\" \/><\/a><\/div><\/div><\/div><\/div><\/div><\/div><\/section>\n","protected":false},"excerpt":{"rendered":"Inicio\/P\u00e1ginasEl agua dinamizada en la cerveza L\u00fapulo, primera cerveza belga, org\u00e1nica y dinamizada: Houblonde es la primera cerveza org\u00e1nica y dinamizada del mundo desarrollada en colaboraci\u00f3n con la UCL. El agua que la compone ha sido optimizada dinamiz\u00e1ndola (es decir, el agua ha pasado por el biodynamizer\u00ae para que recupere sus propiedades originales comparables a...","protected":false},"author":3,"featured_media":0,"parent":5839,"menu_order":0,"comment_status":"closed","ping_status":"closed","template":"","meta":{"_monsterinsights_skip_tracking":false,"_monsterinsights_sitenote_active":false,"_monsterinsights_sitenote_note":"","_monsterinsights_sitenote_category":0,"footnotes":""},"class_list":["post-6059","page","type-page","status-publish","hentry"],"yoast_head":"<!-- This site is optimized with the Yoast SEO plugin v27.3 - https:\/\/yoast.com\/product\/yoast-seo-wordpress\/ -->\n<title>Agua biodinamizada en la cerveza - Biodynamizer<\/title>\n<meta name=\"description\" content=\"La bi\u00e8re Houblonde est la premi\u00e8re bi\u00e8re dynamis\u00e9e du monde !\" \/>\n<meta name=\"robots\" content=\"index, follow, max-snippet:-1, max-image-preview:large, max-video-preview:-1\" \/>\n<link rel=\"canonical\" href=\"https:\/\/biodynamizer.com\/es\/b2b\/agua-biodinamica-en-cerveza\/\" \/>\n<meta property=\"og:locale\" content=\"es_ES\" \/>\n<meta property=\"og:type\" content=\"article\" \/>\n<meta property=\"og:title\" content=\"Agua biodinamizada en la cerveza - Biodynamizer\" \/>\n<meta property=\"og:description\" content=\"La bi\u00e8re Houblonde est la premi\u00e8re bi\u00e8re dynamis\u00e9e du monde !\" \/>\n<meta property=\"og:url\" content=\"https:\/\/biodynamizer.com\/es\/b2b\/agua-biodinamica-en-cerveza\/\" \/>\n<meta property=\"og:site_name\" content=\"Biodynamizer\" \/>\n<meta property=\"article:modified_time\" content=\"2025-07-11T09:11:26+00:00\" \/>\n<meta property=\"og:image\" content=\"https:\/\/biodynamizer.com\/wp-content\/uploads\/2019\/11\/Depositphotos_15742931_xl-2015.jpg\" \/>\n\t<meta property=\"og:image:width\" content=\"2000\" \/>\n\t<meta property=\"og:image:height\" content=\"1333\" \/>\n\t<meta property=\"og:image:type\" content=\"image\/jpeg\" \/>\n<meta name=\"twitter:card\" content=\"summary_large_image\" \/>\n<meta name=\"twitter:label1\" content=\"Tiempo de lectura\" \/>\n\t<meta name=\"twitter:data1\" content=\"1 minuto\" \/>\n<script type=\"application\/ld+json\" class=\"yoast-schema-graph\">{\"@context\":\"https:\\\/\\\/schema.org\",\"@graph\":[{\"@type\":\"WebPage\",\"@id\":\"https:\\\/\\\/biodynamizer.com\\\/es\\\/b2b\\\/agua-biodinamica-en-cerveza\\\/\",\"url\":\"https:\\\/\\\/biodynamizer.com\\\/es\\\/b2b\\\/agua-biodinamica-en-cerveza\\\/\",\"name\":\"Agua biodinamizada en la cerveza - Biodynamizer\",\"isPartOf\":{\"@id\":\"https:\\\/\\\/biodynamizer.com\\\/es\\\/#website\"},\"datePublished\":\"2020-01-28T12:02:54+00:00\",\"dateModified\":\"2025-07-11T09:11:26+00:00\",\"description\":\"La bi\u00e8re Houblonde est la premi\u00e8re bi\u00e8re dynamis\u00e9e du monde !\",\"breadcrumb\":{\"@id\":\"https:\\\/\\\/biodynamizer.com\\\/es\\\/b2b\\\/agua-biodinamica-en-cerveza\\\/#breadcrumb\"},\"inLanguage\":\"es\",\"potentialAction\":[{\"@type\":\"ReadAction\",\"target\":[\"https:\\\/\\\/biodynamizer.com\\\/es\\\/b2b\\\/agua-biodinamica-en-cerveza\\\/\"]}]},{\"@type\":\"BreadcrumbList\",\"@id\":\"https:\\\/\\\/biodynamizer.com\\\/es\\\/b2b\\\/agua-biodinamica-en-cerveza\\\/#breadcrumb\",\"itemListElement\":[{\"@type\":\"ListItem\",\"position\":1,\"name\":\"Home\",\"item\":\"https:\\\/\\\/biodynamizer.com\\\/es\\\/\"},{\"@type\":\"ListItem\",\"position\":2,\"name\":\"B2B sectores\",\"item\":\"https:\\\/\\\/biodynamizer.com\\\/es\\\/b2b\\\/\"},{\"@type\":\"ListItem\",\"position\":3,\"name\":\"Agua biodinamizada en la cerveza\"}]},{\"@type\":\"WebSite\",\"@id\":\"https:\\\/\\\/biodynamizer.com\\\/es\\\/#website\",\"url\":\"https:\\\/\\\/biodynamizer.com\\\/es\\\/\",\"name\":\"Biodynamizer\",\"description\":\"Filtrez et dynamisez votre eau\",\"potentialAction\":[{\"@type\":\"SearchAction\",\"target\":{\"@type\":\"EntryPoint\",\"urlTemplate\":\"https:\\\/\\\/biodynamizer.com\\\/es\\\/?s={search_term_string}\"},\"query-input\":{\"@type\":\"PropertyValueSpecification\",\"valueRequired\":true,\"valueName\":\"search_term_string\"}}],\"inLanguage\":\"es\"}]}<\/script>\n<!-- \/ Yoast SEO plugin. -->","yoast_head_json":{"title":"Agua biodinamizada en la cerveza - Biodynamizer","description":"La bi\u00e8re Houblonde est la premi\u00e8re bi\u00e8re dynamis\u00e9e du monde !","robots":{"index":"index","follow":"follow","max-snippet":"max-snippet:-1","max-image-preview":"max-image-preview:large","max-video-preview":"max-video-preview:-1"},"canonical":"https:\/\/biodynamizer.com\/es\/b2b\/agua-biodinamica-en-cerveza\/","og_locale":"es_ES","og_type":"article","og_title":"Agua biodinamizada en la cerveza - Biodynamizer","og_description":"La bi\u00e8re Houblonde est la premi\u00e8re bi\u00e8re dynamis\u00e9e du monde !","og_url":"https:\/\/biodynamizer.com\/es\/b2b\/agua-biodinamica-en-cerveza\/","og_site_name":"Biodynamizer","article_modified_time":"2025-07-11T09:11:26+00:00","og_image":[{"width":2000,"height":1333,"url":"https:\/\/biodynamizer.com\/wp-content\/uploads\/2019\/11\/Depositphotos_15742931_xl-2015.jpg","type":"image\/jpeg"}],"twitter_card":"summary_large_image","twitter_misc":{"Tiempo de lectura":"1 minuto"},"schema":{"@context":"https:\/\/schema.org","@graph":[{"@type":"WebPage","@id":"https:\/\/biodynamizer.com\/es\/b2b\/agua-biodinamica-en-cerveza\/","url":"https:\/\/biodynamizer.com\/es\/b2b\/agua-biodinamica-en-cerveza\/","name":"Agua biodinamizada en la cerveza - Biodynamizer","isPartOf":{"@id":"https:\/\/biodynamizer.com\/es\/#website"},"datePublished":"2020-01-28T12:02:54+00:00","dateModified":"2025-07-11T09:11:26+00:00","description":"La bi\u00e8re Houblonde est la premi\u00e8re bi\u00e8re dynamis\u00e9e du monde !","breadcrumb":{"@id":"https:\/\/biodynamizer.com\/es\/b2b\/agua-biodinamica-en-cerveza\/#breadcrumb"},"inLanguage":"es","potentialAction":[{"@type":"ReadAction","target":["https:\/\/biodynamizer.com\/es\/b2b\/agua-biodinamica-en-cerveza\/"]}]},{"@type":"BreadcrumbList","@id":"https:\/\/biodynamizer.com\/es\/b2b\/agua-biodinamica-en-cerveza\/#breadcrumb","itemListElement":[{"@type":"ListItem","position":1,"name":"Home","item":"https:\/\/biodynamizer.com\/es\/"},{"@type":"ListItem","position":2,"name":"B2B sectores","item":"https:\/\/biodynamizer.com\/es\/b2b\/"},{"@type":"ListItem","position":3,"name":"Agua biodinamizada en la cerveza"}]},{"@type":"WebSite","@id":"https:\/\/biodynamizer.com\/es\/#website","url":"https:\/\/biodynamizer.com\/es\/","name":"Biodynamizer","description":"Filtrez et dynamisez votre eau","potentialAction":[{"@type":"SearchAction","target":{"@type":"EntryPoint","urlTemplate":"https:\/\/biodynamizer.com\/es\/?s={search_term_string}"},"query-input":{"@type":"PropertyValueSpecification","valueRequired":true,"valueName":"search_term_string"}}],"inLanguage":"es"}]}},"_links":{"self":[{"href":"https:\/\/biodynamizer.com\/es\/wp-json\/wp\/v2\/pages\/6059","targetHints":{"allow":["GET"]}}],"collection":[{"href":"https:\/\/biodynamizer.com\/es\/wp-json\/wp\/v2\/pages"}],"about":[{"href":"https:\/\/biodynamizer.com\/es\/wp-json\/wp\/v2\/types\/page"}],"author":[{"embeddable":true,"href":"https:\/\/biodynamizer.com\/es\/wp-json\/wp\/v2\/users\/3"}],"replies":[{"embeddable":true,"href":"https:\/\/biodynamizer.com\/es\/wp-json\/wp\/v2\/comments?post=6059"}],"version-history":[{"count":9,"href":"https:\/\/biodynamizer.com\/es\/wp-json\/wp\/v2\/pages\/6059\/revisions"}],"predecessor-version":[{"id":27551,"href":"https:\/\/biodynamizer.com\/es\/wp-json\/wp\/v2\/pages\/6059\/revisions\/27551"}],"up":[{"embeddable":true,"href":"https:\/\/biodynamizer.com\/es\/wp-json\/wp\/v2\/pages\/5839"}],"wp:attachment":[{"href":"https:\/\/biodynamizer.com\/es\/wp-json\/wp\/v2\/media?parent=6059"}],"curies":[{"name":"wp","href":"https:\/\/api.w.org\/{rel}","templated":true}]}}