{"id":6081,"date":"2024-05-29T14:24:52","date_gmt":"2020-01-28T10:52:57","guid":{"rendered":"https:\/\/biodynamizer.spleen-creation.be\/b2b\/leau-biodynamisee-en-boulangerie-patisserie\/"},"modified":"2025-07-11T09:13:56","modified_gmt":"2025-07-11T09:13:56","slug":"agua-biodinamica-en-pasteleria-pasteleria","status":"publish","type":"page","link":"https:\/\/biodynamizer.com\/es\/b2b\/agua-biodinamica-en-pasteleria-pasteleria\/","title":{"rendered":"El agua biodinamizada en la panader\u00eda &#8211; pasteler\u00eda"},"content":{"rendered":"<section class=\"l-section wpb_row us_custom_916fdabd height_small\"><div class=\"l-section-h i-cf\"><div class=\"g-cols vc_row via_flex valign_top type_default stacking_default\"><div class=\"vc_col-sm-12 wpb_column vc_column_container\"><div class=\"vc_column-inner\"><div class=\"wpb_wrapper\"><nav class=\"g-breadcrumbs separator_custom align_none\" itemscope itemtype=\"http:\/\/schema.org\/BreadcrumbList\"><div class=\"g-breadcrumbs-item\" itemscope itemprop=\"itemListElement\" itemtype=\"http:\/\/schema.org\/ListItem\"><a itemprop=\"item\" href=\"https:\/\/biodynamizer.com\/es\/\"><span itemprop=\"name\">Inicio<\/span><\/a><meta itemprop=\"position\" content=\"1\"\/><\/div><div class=\"g-breadcrumbs-separator\">\/<\/div><div class=\"g-breadcrumbs-item\">P\u00e1ginas<\/div><\/nav><\/div><\/div><\/div><\/div><\/div><\/section><section class=\"l-section wpb_row max500 height_large width_full\"><div class=\"l-section-h i-cf\"><div class=\"g-cols vc_row via_flex valign_top type_default reversed stacking_default\"><div class=\"vc_col-sm-6 wpb_column vc_column_container tekstsideblock\"><div class=\"vc_column-inner\"><div class=\"wpb_wrapper\"><div class=\"wpb_text_column\"><div class=\"wpb_wrapper\"><h2>El agua dinamizada en la panader\u00eda &#8211; pasteler\u00eda<\/h2>\n<h2><\/h2>\n<\/div><\/div><div class=\"wpb_text_column\"><div class=\"wpb_wrapper\"><p><b>An\u00e1lisis comparativo entre el pan dinamizado y el pan sin dinamizar en las panader\u00edas artesanales (24.01.2020)<\/b><\/p>\n<p><b>Pasta dinamizada<\/b>:<\/p>\n<ul>\n<li>\u00a1Una estructura alveolar (burbujas de aire) mucho mejor distribuida, m\u00e1s estructurada, m\u00e1s regular, m\u00e1s armoniosa y m\u00e1s fina que es inducida por la estructura molecular del agua dinamizada!<\/li>\n<li>M\u00e1s compacta y firme, menos ox\u00edgeno (menos oxidaci\u00f3n) y mayor humedad (87% &gt; 81%) lo que hace que la masa sea m\u00e1s suave, pegajosa y compacta.<\/li>\n<\/ul>\n<p><b>Pan dinamizado<\/b>:<\/p>\n<ul>\n<li>Un nivel de humedad mucho m\u00e1s alto a lo largo del tiempo +\/- 30% (84,6% &gt;&lt; 65,6%: durante 8 d\u00edas) lo que da una textura m\u00e1s fina al pan dinamizado, una miga m\u00e1s compacta y flexible que le permite mantener su frescura durante un per\u00edodo de tiempo mucho m\u00e1s largo.<\/li>\n<li>Un pan que conserva mejor los aromas del pan fresco, un aspecto m\u00e1s suave que tiene m\u00e1s can\u00f3nigo y se agrieta menos r\u00e1pido (porque es menos seco).<\/li>\n<\/ul>\n<p><b>Vara din\u00e1mica:<\/b><\/p>\n<ul>\n<li>Para la baguette de masa madre, la nariz es m\u00e1s intensa con el agua dinamizada,<\/li>\n<li>Los alv\u00e9olos est\u00e1n mejor distribuidos.<\/li>\n<\/ul>\n<p>En general, el tiempo de amasado es m\u00e1s corto con la masa hecha de agua dinamizada.<\/p>\n<\/div><\/div><\/div><\/div><\/div><div class=\"vc_col-sm-6 wpb_column vc_column_container imagesideblock has_bg_color\"><div class=\"vc_column-inner us_custom_f0cd2e11\"><div class=\"wpb_wrapper\"><\/div><\/div><\/div><\/div><\/div><\/section><section class=\"l-section wpb_row height_auto\"><div class=\"l-section-h i-cf\"><div class=\"g-cols vc_row via_flex valign_top type_default stacking_default\"><div class=\"vc_col-sm-12 wpb_column vc_column_container\"><div class=\"vc_column-inner\"><div class=\"wpb_wrapper\"><div class=\"w-grid us_carousel type_carousel layout_1008 preload_style_spinner items_3 ratio_1x1\" id=\"us_grid_1\" style=\"--items:3;--gap:1.5rem;--item-ratio:1;\"><style>.layout_1008 .w-grid-item-h{background:rgba(255,255,255,0.1)}.layout_1008 .usg_post_image_1{transition-duration:0.35s;transform-origin:50% 50%;transform:scale(1) translate(0%,0%)}.layout_1008 .w-grid-item-h:focus-within .usg_post_image_1,.layout_1008 .w-grid-item-h:hover .usg_post_image_1{transform:scale(1.1) translate(0%,0%);opacity:0.8}.layout_1008 .usg_post_image_1{position:absolute!important;left:0!important;top:0!important;bottom:0!important;right:0!important}.layout_1008 .usg_vwrapper_1{background:linear-gradient(transparent,rgba(30,30,30,0.8))!important;position:absolute!important;right:0!important;bottom:0!important;left:0!important;padding:4rem 2rem 1.5rem 2rem!important}<\/style><div class=\"w-grid-list owl-carousel valign_stretch dotstyle_circle navstyle_circle arrows-ver-pos_middle arrows-hor-pos_on_sides_inside arrows-disabled_hide owl-responsive-2000 with_arrows\" style=\"--transition-duration:350ms;--arrows-size:1.5rem;--arrows-hor-offset:calc(0px - 1.5rem);--arrows-gap:10px;\">\t<article class=\"w-grid-item post-9570 attachment type-attachment status-inherit hentry\" data-id=\"9570\">\r\n\t\t<div class=\"w-grid-item-h\">\r\n\t\t\t\t\t\t<div class=\"w-post-elm post_image usg_post_image_1 stretched\"><img loading=\"lazy\" decoding=\"async\" width=\"1024\" height=\"768\" src=\"https:\/\/biodynamizer.com\/wp-content\/uploads\/2020\/09\/Pain-non-dynamis\u00e9-Biodynamis\u00e9-1024x768.jpg\" class=\"attachment-large size-large\" alt=\"\" srcset=\"https:\/\/biodynamizer.com\/wp-content\/uploads\/2020\/09\/Pain-non-dynamis\u00e9-Biodynamis\u00e9-1024x768.jpg 1024w, https:\/\/biodynamizer.com\/wp-content\/uploads\/2020\/09\/Pain-non-dynamis\u00e9-Biodynamis\u00e9-300x225.jpg 300w, https:\/\/biodynamizer.com\/wp-content\/uploads\/2020\/09\/Pain-non-dynamis\u00e9-Biodynamis\u00e9-1536x1152.jpg 1536w, https:\/\/biodynamizer.com\/wp-content\/uploads\/2020\/09\/Pain-non-dynamis\u00e9-Biodynamis\u00e9-2048x1536.jpg 2048w\" sizes=\"auto, (max-width: 1024px) 100vw, 1024px\" \/><\/div><div class=\"w-vwrapper usg_vwrapper_1 align_left valign_top\"><\/div>\t\t<\/div>\r\n\t\t\t<\/article>\r\n\t<article class=\"w-grid-item post-9568 attachment type-attachment status-inherit hentry\" data-id=\"9568\">\r\n\t\t<div class=\"w-grid-item-h\">\r\n\t\t\t\t\t\t<div class=\"w-post-elm post_image usg_post_image_1 stretched\"><img loading=\"lazy\" decoding=\"async\" width=\"1024\" height=\"768\" src=\"https:\/\/biodynamizer.com\/wp-content\/uploads\/2020\/09\/Fr\u00e9d\u00e9ric-Mortagne-1024x768.jpg\" class=\"attachment-large size-large\" alt=\"\" srcset=\"https:\/\/biodynamizer.com\/wp-content\/uploads\/2020\/09\/Fr\u00e9d\u00e9ric-Mortagne-1024x768.jpg 1024w, https:\/\/biodynamizer.com\/wp-content\/uploads\/2020\/09\/Fr\u00e9d\u00e9ric-Mortagne-300x225.jpg 300w, https:\/\/biodynamizer.com\/wp-content\/uploads\/2020\/09\/Fr\u00e9d\u00e9ric-Mortagne-1536x1152.jpg 1536w, https:\/\/biodynamizer.com\/wp-content\/uploads\/2020\/09\/Fr\u00e9d\u00e9ric-Mortagne-2048x1536.jpg 2048w\" sizes=\"auto, (max-width: 1024px) 100vw, 1024px\" \/><\/div><div class=\"w-vwrapper usg_vwrapper_1 align_left valign_top\"><\/div>\t\t<\/div>\r\n\t\t\t<\/article>\r\n\t<article class=\"w-grid-item post-9566 attachment type-attachment status-inherit hentry\" data-id=\"9566\">\r\n\t\t<div class=\"w-grid-item-h\">\r\n\t\t\t\t\t\t<div class=\"w-post-elm post_image usg_post_image_1 stretched\"><img loading=\"lazy\" decoding=\"async\" width=\"1024\" height=\"768\" src=\"https:\/\/biodynamizer.com\/wp-content\/uploads\/2020\/09\/P\u00e2te-non-dynamis\u00e9e-1024x768.jpg\" class=\"attachment-large size-large\" alt=\"\" srcset=\"https:\/\/biodynamizer.com\/wp-content\/uploads\/2020\/09\/P\u00e2te-non-dynamis\u00e9e-1024x768.jpg 1024w, https:\/\/biodynamizer.com\/wp-content\/uploads\/2020\/09\/P\u00e2te-non-dynamis\u00e9e-300x225.jpg 300w, https:\/\/biodynamizer.com\/wp-content\/uploads\/2020\/09\/P\u00e2te-non-dynamis\u00e9e-1536x1152.jpg 1536w, https:\/\/biodynamizer.com\/wp-content\/uploads\/2020\/09\/P\u00e2te-non-dynamis\u00e9e-2048x1536.jpg 2048w\" sizes=\"auto, (max-width: 1024px) 100vw, 1024px\" \/><\/div><div class=\"w-vwrapper usg_vwrapper_1 align_left valign_top\"><\/div>\t\t<\/div>\r\n\t\t\t<\/article>\r\n\t<article class=\"w-grid-item post-9564 attachment type-attachment status-inherit hentry\" data-id=\"9564\">\r\n\t\t<div class=\"w-grid-item-h\">\r\n\t\t\t\t\t\t<div class=\"w-post-elm post_image usg_post_image_1 stretched\"><img loading=\"lazy\" decoding=\"async\" width=\"1024\" height=\"768\" src=\"https:\/\/biodynamizer.com\/wp-content\/uploads\/2020\/09\/P\u00e2te-biodynamis\u00e9e-1024x768.jpg\" class=\"attachment-large size-large\" alt=\"\" srcset=\"https:\/\/biodynamizer.com\/wp-content\/uploads\/2020\/09\/P\u00e2te-biodynamis\u00e9e-1024x768.jpg 1024w, https:\/\/biodynamizer.com\/wp-content\/uploads\/2020\/09\/P\u00e2te-biodynamis\u00e9e-300x225.jpg 300w, https:\/\/biodynamizer.com\/wp-content\/uploads\/2020\/09\/P\u00e2te-biodynamis\u00e9e-1536x1152.jpg 1536w, https:\/\/biodynamizer.com\/wp-content\/uploads\/2020\/09\/P\u00e2te-biodynamis\u00e9e-2048x1536.jpg 2048w\" sizes=\"auto, (max-width: 1024px) 100vw, 1024px\" \/><\/div><div class=\"w-vwrapper usg_vwrapper_1 align_left valign_top\"><\/div>\t\t<\/div>\r\n\t\t\t<\/article>\r\n\t<article class=\"w-grid-item post-9562 attachment type-attachment status-inherit hentry\" data-id=\"9562\">\r\n\t\t<div class=\"w-grid-item-h\">\r\n\t\t\t\t\t\t<div class=\"w-post-elm post_image usg_post_image_1 stretched\"><img loading=\"lazy\" decoding=\"async\" width=\"768\" height=\"1024\" src=\"https:\/\/biodynamizer.com\/wp-content\/uploads\/2020\/09\/Pain-non-dynamis\u00e9-haut-02.02-768x1024.jpg\" class=\"attachment-large size-large\" alt=\"\" srcset=\"https:\/\/biodynamizer.com\/wp-content\/uploads\/2020\/09\/Pain-non-dynamis\u00e9-haut-02.02-768x1024.jpg 768w, https:\/\/biodynamizer.com\/wp-content\/uploads\/2020\/09\/Pain-non-dynamis\u00e9-haut-02.02-225x300.jpg 225w, https:\/\/biodynamizer.com\/wp-content\/uploads\/2020\/09\/Pain-non-dynamis\u00e9-haut-02.02-1152x1536.jpg 1152w, https:\/\/biodynamizer.com\/wp-content\/uploads\/2020\/09\/Pain-non-dynamis\u00e9-haut-02.02-1536x2048.jpg 1536w, https:\/\/biodynamizer.com\/wp-content\/uploads\/2020\/09\/Pain-non-dynamis\u00e9-haut-02.02-scaled.jpg 1920w\" sizes=\"auto, (max-width: 768px) 100vw, 768px\" \/><\/div><div class=\"w-vwrapper usg_vwrapper_1 align_left valign_top\"><\/div>\t\t<\/div>\r\n\t\t\t<\/article>\r\n\t<article class=\"w-grid-item post-9560 attachment type-attachment status-inherit hentry\" data-id=\"9560\">\r\n\t\t<div class=\"w-grid-item-h\">\r\n\t\t\t\t\t\t<div class=\"w-post-elm post_image usg_post_image_1 stretched\"><img loading=\"lazy\" decoding=\"async\" width=\"768\" height=\"1024\" src=\"https:\/\/biodynamizer.com\/wp-content\/uploads\/2020\/09\/Pain-Biodynamis\u00e9-haut-02.02-768x1024.jpg\" class=\"attachment-large size-large\" alt=\"\" srcset=\"https:\/\/biodynamizer.com\/wp-content\/uploads\/2020\/09\/Pain-Biodynamis\u00e9-haut-02.02-768x1024.jpg 768w, https:\/\/biodynamizer.com\/wp-content\/uploads\/2020\/09\/Pain-Biodynamis\u00e9-haut-02.02-225x300.jpg 225w, https:\/\/biodynamizer.com\/wp-content\/uploads\/2020\/09\/Pain-Biodynamis\u00e9-haut-02.02-1152x1536.jpg 1152w, https:\/\/biodynamizer.com\/wp-content\/uploads\/2020\/09\/Pain-Biodynamis\u00e9-haut-02.02-1536x2048.jpg 1536w, https:\/\/biodynamizer.com\/wp-content\/uploads\/2020\/09\/Pain-Biodynamis\u00e9-haut-02.02-scaled.jpg 1920w\" sizes=\"auto, (max-width: 768px) 100vw, 768px\" \/><\/div><div class=\"w-vwrapper usg_vwrapper_1 align_left valign_top\"><\/div>\t\t<\/div>\r\n\t\t\t<\/article>\r\n\t<article class=\"w-grid-item post-9558 attachment type-attachment status-inherit hentry\" data-id=\"9558\">\r\n\t\t<div class=\"w-grid-item-h\">\r\n\t\t\t\t\t\t<div class=\"w-post-elm post_image usg_post_image_1 stretched\"><img loading=\"lazy\" decoding=\"async\" width=\"768\" height=\"1024\" src=\"https:\/\/biodynamizer.com\/wp-content\/uploads\/2020\/09\/Biodynamizer-boulangerie-768x1024.jpg\" class=\"attachment-large size-large\" alt=\"\" srcset=\"https:\/\/biodynamizer.com\/wp-content\/uploads\/2020\/09\/Biodynamizer-boulangerie-768x1024.jpg 768w, https:\/\/biodynamizer.com\/wp-content\/uploads\/2020\/09\/Biodynamizer-boulangerie-225x300.jpg 225w, https:\/\/biodynamizer.com\/wp-content\/uploads\/2020\/09\/Biodynamizer-boulangerie-1152x1536.jpg 1152w, https:\/\/biodynamizer.com\/wp-content\/uploads\/2020\/09\/Biodynamizer-boulangerie-1536x2048.jpg 1536w, https:\/\/biodynamizer.com\/wp-content\/uploads\/2020\/09\/Biodynamizer-boulangerie-scaled.jpg 1920w\" sizes=\"auto, (max-width: 768px) 100vw, 768px\" \/><\/div><div class=\"w-vwrapper usg_vwrapper_1 align_left valign_top\"><\/div>\t\t<\/div>\r\n\t\t\t<\/article>\r\n<\/div><div class=\"w-grid-carousel-json hidden\" onclick='return {&quot;carousel_settings&quot;:{&quot;aria_labels&quot;:{&quot;prev&quot;:&quot;Anterior&quot;,&quot;next&quot;:&quot;Siguiente&quot;},&quot;autoplayContinual&quot;:false,&quot;autoplayHoverPause&quot;:false,&quot;autoplayTimeout&quot;:3000,&quot;autoWidth&quot;:false,&quot;smartSpeed&quot;:350,&quot;margin&quot;:0,&quot;mouseDrag&quot;:true,&quot;rtl&quot;:false,&quot;slideBy&quot;:&quot;1&quot;,&quot;touchDrag&quot;:true,&quot;slideTransition&quot;:&quot;&quot;,&quot;responsive&quot;:{&quot;0&quot;:{&quot;autoHeight&quot;:false,&quot;autoplay&quot;:true,&quot;autoWidth&quot;:false,&quot;center&quot;:false,&quot;dots&quot;:false,&quot;items&quot;:1,&quot;loop&quot;:true,&quot;nav&quot;:false,&quot;stagePadding&quot;:0,&quot;slideBy&quot;:&quot;1&quot;},&quot;601&quot;:{&quot;autoHeight&quot;:false,&quot;autoplay&quot;:true,&quot;autoWidth&quot;:false,&quot;center&quot;:false,&quot;dots&quot;:false,&quot;items&quot;:2,&quot;loop&quot;:true,&quot;nav&quot;:true,&quot;stagePadding&quot;:0,&quot;slideBy&quot;:&quot;1&quot;},&quot;1025&quot;:{&quot;autoHeight&quot;:false,&quot;autoplay&quot;:true,&quot;autoWidth&quot;:false,&quot;center&quot;:false,&quot;dots&quot;:false,&quot;items&quot;:3,&quot;loop&quot;:true,&quot;nav&quot;:true,&quot;stagePadding&quot;:0,&quot;slideBy&quot;:&quot;1&quot;},&quot;1381&quot;:{&quot;items&quot;:3,&quot;autoplay&quot;:false,&quot;center&quot;:false,&quot;dots&quot;:false,&quot;nav&quot;:true,&quot;autoHeight&quot;:false,&quot;autoWidth&quot;:false,&quot;loop&quot;:true,&quot;stagePadding&quot;:0}}}}'><\/div><\/div><\/div><\/div><\/div><\/div><\/div><\/section>\n","protected":false},"excerpt":{"rendered":"","protected":false},"author":3,"featured_media":0,"parent":5839,"menu_order":3,"comment_status":"closed","ping_status":"closed","template":"","meta":{"_monsterinsights_skip_tracking":false,"_monsterinsights_sitenote_active":false,"_monsterinsights_sitenote_note":"","_monsterinsights_sitenote_category":0,"footnotes":""},"class_list":["post-6081","page","type-page","status-publish","hentry"],"yoast_head":"<!-- This site is optimized with the Yoast SEO plugin v27.4 - https:\/\/yoast.com\/product\/yoast-seo-wordpress\/ -->\n<title>El agua biodinamizada en la panader\u00eda - pasteler\u00eda - Biodynamizer<\/title>\n<meta name=\"description\" content=\"Le pain biodynamis\u00e9 conserve nettement plus longtemps sa fra\u00eecheur !\" \/>\n<meta name=\"robots\" content=\"index, follow, max-snippet:-1, max-image-preview:large, max-video-preview:-1\" \/>\n<link rel=\"canonical\" href=\"https:\/\/biodynamizer.com\/es\/b2b\/agua-biodinamica-en-pasteleria-pasteleria\/\" \/>\n<meta property=\"og:locale\" content=\"es_ES\" \/>\n<meta property=\"og:type\" content=\"article\" \/>\n<meta property=\"og:title\" content=\"El agua biodinamizada en la panader\u00eda - pasteler\u00eda - Biodynamizer\" \/>\n<meta property=\"og:description\" content=\"Le pain biodynamis\u00e9 conserve nettement plus longtemps sa fra\u00eecheur !\" \/>\n<meta property=\"og:url\" content=\"https:\/\/biodynamizer.com\/es\/b2b\/agua-biodinamica-en-pasteleria-pasteleria\/\" \/>\n<meta property=\"og:site_name\" content=\"Biodynamizer\" \/>\n<meta property=\"article:modified_time\" content=\"2025-07-11T09:13:56+00:00\" \/>\n<meta property=\"og:image\" content=\"https:\/\/biodynamizer.com\/wp-content\/uploads\/2019\/11\/Depositphotos_15742931_xl-2015.jpg\" \/>\n\t<meta property=\"og:image:width\" content=\"2000\" \/>\n\t<meta property=\"og:image:height\" content=\"1333\" \/>\n\t<meta property=\"og:image:type\" content=\"image\/jpeg\" \/>\n<meta name=\"twitter:card\" content=\"summary_large_image\" \/>\n<meta name=\"twitter:label1\" content=\"Tiempo de lectura\" \/>\n\t<meta name=\"twitter:data1\" content=\"1 minuto\" \/>\n<script type=\"application\/ld+json\" class=\"yoast-schema-graph\">{\"@context\":\"https:\\\/\\\/schema.org\",\"@graph\":[{\"@type\":\"WebPage\",\"@id\":\"https:\\\/\\\/biodynamizer.com\\\/es\\\/b2b\\\/agua-biodinamica-en-pasteleria-pasteleria\\\/\",\"url\":\"https:\\\/\\\/biodynamizer.com\\\/es\\\/b2b\\\/agua-biodinamica-en-pasteleria-pasteleria\\\/\",\"name\":\"El agua biodinamizada en la panader\u00eda - pasteler\u00eda - Biodynamizer\",\"isPartOf\":{\"@id\":\"https:\\\/\\\/biodynamizer.com\\\/es\\\/#website\"},\"datePublished\":\"2020-01-28T10:52:57+00:00\",\"dateModified\":\"2025-07-11T09:13:56+00:00\",\"description\":\"Le pain biodynamis\u00e9 conserve nettement plus longtemps sa fra\u00eecheur !\",\"breadcrumb\":{\"@id\":\"https:\\\/\\\/biodynamizer.com\\\/es\\\/b2b\\\/agua-biodinamica-en-pasteleria-pasteleria\\\/#breadcrumb\"},\"inLanguage\":\"es\",\"potentialAction\":[{\"@type\":\"ReadAction\",\"target\":[\"https:\\\/\\\/biodynamizer.com\\\/es\\\/b2b\\\/agua-biodinamica-en-pasteleria-pasteleria\\\/\"]}]},{\"@type\":\"BreadcrumbList\",\"@id\":\"https:\\\/\\\/biodynamizer.com\\\/es\\\/b2b\\\/agua-biodinamica-en-pasteleria-pasteleria\\\/#breadcrumb\",\"itemListElement\":[{\"@type\":\"ListItem\",\"position\":1,\"name\":\"Home\",\"item\":\"https:\\\/\\\/biodynamizer.com\\\/es\\\/\"},{\"@type\":\"ListItem\",\"position\":2,\"name\":\"B2B sectores\",\"item\":\"https:\\\/\\\/biodynamizer.com\\\/es\\\/b2b\\\/\"},{\"@type\":\"ListItem\",\"position\":3,\"name\":\"El agua biodinamizada en la panader\u00eda &#8211; pasteler\u00eda\"}]},{\"@type\":\"WebSite\",\"@id\":\"https:\\\/\\\/biodynamizer.com\\\/es\\\/#website\",\"url\":\"https:\\\/\\\/biodynamizer.com\\\/es\\\/\",\"name\":\"Biodynamizer\",\"description\":\"Filtrez et dynamisez votre eau\",\"potentialAction\":[{\"@type\":\"SearchAction\",\"target\":{\"@type\":\"EntryPoint\",\"urlTemplate\":\"https:\\\/\\\/biodynamizer.com\\\/es\\\/?s={search_term_string}\"},\"query-input\":{\"@type\":\"PropertyValueSpecification\",\"valueRequired\":true,\"valueName\":\"search_term_string\"}}],\"inLanguage\":\"es\"}]}<\/script>\n<!-- \/ Yoast SEO plugin. -->","yoast_head_json":{"title":"El agua biodinamizada en la panader\u00eda - pasteler\u00eda - Biodynamizer","description":"Le pain biodynamis\u00e9 conserve nettement plus longtemps sa fra\u00eecheur !","robots":{"index":"index","follow":"follow","max-snippet":"max-snippet:-1","max-image-preview":"max-image-preview:large","max-video-preview":"max-video-preview:-1"},"canonical":"https:\/\/biodynamizer.com\/es\/b2b\/agua-biodinamica-en-pasteleria-pasteleria\/","og_locale":"es_ES","og_type":"article","og_title":"El agua biodinamizada en la panader\u00eda - pasteler\u00eda - Biodynamizer","og_description":"Le pain biodynamis\u00e9 conserve nettement plus longtemps sa fra\u00eecheur !","og_url":"https:\/\/biodynamizer.com\/es\/b2b\/agua-biodinamica-en-pasteleria-pasteleria\/","og_site_name":"Biodynamizer","article_modified_time":"2025-07-11T09:13:56+00:00","og_image":[{"width":2000,"height":1333,"url":"https:\/\/biodynamizer.com\/wp-content\/uploads\/2019\/11\/Depositphotos_15742931_xl-2015.jpg","type":"image\/jpeg"}],"twitter_card":"summary_large_image","twitter_misc":{"Tiempo de lectura":"1 minuto"},"schema":{"@context":"https:\/\/schema.org","@graph":[{"@type":"WebPage","@id":"https:\/\/biodynamizer.com\/es\/b2b\/agua-biodinamica-en-pasteleria-pasteleria\/","url":"https:\/\/biodynamizer.com\/es\/b2b\/agua-biodinamica-en-pasteleria-pasteleria\/","name":"El agua biodinamizada en la panader\u00eda - pasteler\u00eda - Biodynamizer","isPartOf":{"@id":"https:\/\/biodynamizer.com\/es\/#website"},"datePublished":"2020-01-28T10:52:57+00:00","dateModified":"2025-07-11T09:13:56+00:00","description":"Le pain biodynamis\u00e9 conserve nettement plus longtemps sa fra\u00eecheur !","breadcrumb":{"@id":"https:\/\/biodynamizer.com\/es\/b2b\/agua-biodinamica-en-pasteleria-pasteleria\/#breadcrumb"},"inLanguage":"es","potentialAction":[{"@type":"ReadAction","target":["https:\/\/biodynamizer.com\/es\/b2b\/agua-biodinamica-en-pasteleria-pasteleria\/"]}]},{"@type":"BreadcrumbList","@id":"https:\/\/biodynamizer.com\/es\/b2b\/agua-biodinamica-en-pasteleria-pasteleria\/#breadcrumb","itemListElement":[{"@type":"ListItem","position":1,"name":"Home","item":"https:\/\/biodynamizer.com\/es\/"},{"@type":"ListItem","position":2,"name":"B2B sectores","item":"https:\/\/biodynamizer.com\/es\/b2b\/"},{"@type":"ListItem","position":3,"name":"El agua biodinamizada en la panader\u00eda &#8211; pasteler\u00eda"}]},{"@type":"WebSite","@id":"https:\/\/biodynamizer.com\/es\/#website","url":"https:\/\/biodynamizer.com\/es\/","name":"Biodynamizer","description":"Filtrez et dynamisez votre eau","potentialAction":[{"@type":"SearchAction","target":{"@type":"EntryPoint","urlTemplate":"https:\/\/biodynamizer.com\/es\/?s={search_term_string}"},"query-input":{"@type":"PropertyValueSpecification","valueRequired":true,"valueName":"search_term_string"}}],"inLanguage":"es"}]}},"_links":{"self":[{"href":"https:\/\/biodynamizer.com\/es\/wp-json\/wp\/v2\/pages\/6081","targetHints":{"allow":["GET"]}}],"collection":[{"href":"https:\/\/biodynamizer.com\/es\/wp-json\/wp\/v2\/pages"}],"about":[{"href":"https:\/\/biodynamizer.com\/es\/wp-json\/wp\/v2\/types\/page"}],"author":[{"embeddable":true,"href":"https:\/\/biodynamizer.com\/es\/wp-json\/wp\/v2\/users\/3"}],"replies":[{"embeddable":true,"href":"https:\/\/biodynamizer.com\/es\/wp-json\/wp\/v2\/comments?post=6081"}],"version-history":[{"count":10,"href":"https:\/\/biodynamizer.com\/es\/wp-json\/wp\/v2\/pages\/6081\/revisions"}],"predecessor-version":[{"id":27555,"href":"https:\/\/biodynamizer.com\/es\/wp-json\/wp\/v2\/pages\/6081\/revisions\/27555"}],"up":[{"embeddable":true,"href":"https:\/\/biodynamizer.com\/es\/wp-json\/wp\/v2\/pages\/5839"}],"wp:attachment":[{"href":"https:\/\/biodynamizer.com\/es\/wp-json\/wp\/v2\/media?parent=6081"}],"curies":[{"name":"wp","href":"https:\/\/api.w.org\/{rel}","templated":true}]}}