{"id":6095,"date":"2024-05-29T14:24:52","date_gmt":"2020-01-28T10:27:26","guid":{"rendered":"https:\/\/biodynamizer.spleen-creation.be\/b2b\/leau-biodynamisee-en-entreprise\/"},"modified":"2025-07-11T09:12:35","modified_gmt":"2025-07-11T09:12:35","slug":"agua-biodinamica-en-las-empresas","status":"publish","type":"page","link":"https:\/\/biodynamizer.com\/es\/b2b\/agua-biodinamica-en-las-empresas\/","title":{"rendered":"El agua biodinamizada en las empresas"},"content":{"rendered":"<section class=\"l-section wpb_row us_custom_916fdabd height_small\"><div class=\"l-section-h i-cf\"><div class=\"g-cols vc_row via_flex valign_top type_default stacking_default\"><div class=\"vc_col-sm-12 wpb_column vc_column_container\"><div class=\"vc_column-inner\"><div class=\"wpb_wrapper\"><nav class=\"g-breadcrumbs separator_custom align_none\" itemscope itemtype=\"http:\/\/schema.org\/BreadcrumbList\"><div class=\"g-breadcrumbs-item\" itemscope itemprop=\"itemListElement\" itemtype=\"http:\/\/schema.org\/ListItem\"><a itemprop=\"item\" href=\"https:\/\/biodynamizer.com\/es\/\"><span itemprop=\"name\">Inicio<\/span><\/a><meta itemprop=\"position\" content=\"1\"\/><\/div><div class=\"g-breadcrumbs-separator\">\/<\/div><div class=\"g-breadcrumbs-item\">P\u00e1ginas<\/div><\/nav><\/div><\/div><\/div><\/div><\/div><\/section><section class=\"l-section wpb_row max500 height_large width_full\"><div class=\"l-section-h i-cf\"><div class=\"g-cols vc_row via_flex valign_top type_default stacking_default\"><div class=\"vc_col-sm-6 wpb_column vc_column_container tekstsideblock\"><div class=\"vc_column-inner\"><div class=\"wpb_wrapper\"><div class=\"wpb_text_column\"><div class=\"wpb_wrapper\"><h2>El agua biodinamizada en las empresas<\/h2>\n<\/div><\/div><div class=\"wpb_text_column\"><div class=\"wpb_wrapper\"><p>Desea su compa\u00f1\u00eda proveer a sus empleados de agua de alta calidad y<u><b><a href=\"https:\/\/biodynamizer.com\/es\/nuestras-soluciones\/\"> energizada<\/a><\/b><\/u> en lugar de las fuentes de agua tradicionales?<\/p>\n<p>\u00a1El agua biodinamizada no s\u00f3lo ofrece a todos sus empleados agua <i>blanca<\/i>, sino tambi\u00e9n una soluci\u00f3n mucho m\u00e1s barata que las fuentes de agua tradicionales!<br \/>\nYa no es necesario:<\/p>\n<ul>\n<li>Alquiler de fuentes + dep\u00f3sito \u00a1(si fuente con dep\u00f3sitos; si fuente en red: calidad y capacidad de filtrado del filtro muy parcial)!<\/li>\n<li>Un contrato de mantenimiento costoso\n<ul>\n<li>\u00a1Mantenimiento trimestral de las fuentes con tabletas de cloro!<\/li>\n<li>Seguimiento administrativo de las entrevistas<\/li>\n<li>Botellas de <u>pl\u00e1stico<\/u> para ser almacenadas y renovadas regularmente<\/li>\n<li>Agua estancada y no dinamizada<\/li>\n<li>Contaminaci\u00f3n ambiental: el transporte y el reciclaje de botellas de pl\u00e1stico genera una huella ecol\u00f3gica negativa para el medio ambiente.<\/li>\n<\/ul>\n<\/li>\n<\/ul>\n<p>Cont\u00e1ctenos y estaremos encantados de analizar su solicitud y proporcionarle soluciones que cumplan con sus expectativas.<\/p>\n<p>Nuestras soluciones B2B est\u00e1n sujetas a un enfoque personalizado que puede incluir conferencias din\u00e1micas sobre el agua en sus instalaciones, para sus empleados, con el fin de concienciarlos sobre la importancia del agua <i>blanca.<\/i><\/p>\n<p>P\u00f3ngase en contacto con nosotros, sin ninguna obligaci\u00f3n por su parte, envi\u00e1ndonos su solicitud a la siguiente direcci\u00f3n: <strong><span style=\"text-decoration: underline;\"><a href=\"mailto:team@biodynamizer.com\">team@biodynamizer.com<\/a><\/span><\/strong><\/p>\n<p>&nbsp;<\/p>\n<\/div><\/div><\/div><\/div><\/div><div class=\"vc_col-sm-6 wpb_column vc_column_container imagesideblock has_bg_color\"><div class=\"vc_column-inner us_custom_f74260d8\"><div class=\"wpb_wrapper\"><\/div><\/div><\/div><\/div><\/div><\/section>\n","protected":false},"excerpt":{"rendered":"Inicio\/P\u00e1ginasEl agua biodinamizada en las empresas Desea su compa\u00f1\u00eda proveer a sus empleados de agua de alta calidad y energizada en lugar de las fuentes de agua tradicionales? \u00a1El agua biodinamizada no s\u00f3lo ofrece a todos sus empleados agua blanca, sino tambi\u00e9n una soluci\u00f3n mucho m\u00e1s barata que las fuentes de agua tradicionales! Ya no...","protected":false},"author":3,"featured_media":0,"parent":5839,"menu_order":1,"comment_status":"closed","ping_status":"closed","template":"","meta":{"_monsterinsights_skip_tracking":false,"_monsterinsights_sitenote_active":false,"_monsterinsights_sitenote_note":"","_monsterinsights_sitenote_category":0,"footnotes":""},"class_list":["post-6095","page","type-page","status-publish","hentry"],"yoast_head":"<!-- This site is optimized with the Yoast SEO plugin v27.4 - https:\/\/yoast.com\/product\/yoast-seo-wordpress\/ -->\n<title>El agua biodinamizada en las empresas - Biodynamizer<\/title>\n<meta name=\"description\" content=\"Biodynamizer - El agua biodinamizada en las empresas - En savoir plus sur le biodynamizer et le biofiltre\" \/>\n<meta name=\"robots\" content=\"index, follow, max-snippet:-1, max-image-preview:large, max-video-preview:-1\" \/>\n<link rel=\"canonical\" href=\"https:\/\/biodynamizer.com\/es\/b2b\/agua-biodinamica-en-las-empresas\/\" \/>\n<meta property=\"og:locale\" content=\"es_ES\" \/>\n<meta property=\"og:type\" content=\"article\" \/>\n<meta property=\"og:title\" content=\"El agua biodinamizada en las empresas - Biodynamizer\" \/>\n<meta property=\"og:description\" content=\"Biodynamizer - El agua biodinamizada en las empresas - En savoir plus sur le biodynamizer et le biofiltre\" \/>\n<meta property=\"og:url\" content=\"https:\/\/biodynamizer.com\/es\/b2b\/agua-biodinamica-en-las-empresas\/\" \/>\n<meta property=\"og:site_name\" content=\"Biodynamizer\" \/>\n<meta property=\"article:modified_time\" content=\"2025-07-11T09:12:35+00:00\" \/>\n<meta property=\"og:image\" content=\"https:\/\/biodynamizer.com\/wp-content\/uploads\/2019\/11\/Depositphotos_15742931_xl-2015.jpg\" \/>\n\t<meta property=\"og:image:width\" content=\"2000\" \/>\n\t<meta property=\"og:image:height\" content=\"1333\" \/>\n\t<meta property=\"og:image:type\" content=\"image\/jpeg\" \/>\n<meta name=\"twitter:card\" content=\"summary_large_image\" \/>\n<meta name=\"twitter:label1\" content=\"Tiempo de lectura\" \/>\n\t<meta name=\"twitter:data1\" content=\"2 minutos\" \/>\n<script type=\"application\/ld+json\" class=\"yoast-schema-graph\">{\"@context\":\"https:\\\/\\\/schema.org\",\"@graph\":[{\"@type\":\"WebPage\",\"@id\":\"https:\\\/\\\/biodynamizer.com\\\/es\\\/b2b\\\/agua-biodinamica-en-las-empresas\\\/\",\"url\":\"https:\\\/\\\/biodynamizer.com\\\/es\\\/b2b\\\/agua-biodinamica-en-las-empresas\\\/\",\"name\":\"El agua biodinamizada en las empresas - Biodynamizer\",\"isPartOf\":{\"@id\":\"https:\\\/\\\/biodynamizer.com\\\/es\\\/#website\"},\"datePublished\":\"2020-01-28T10:27:26+00:00\",\"dateModified\":\"2025-07-11T09:12:35+00:00\",\"description\":\"Biodynamizer - El agua biodinamizada en las empresas - En savoir plus sur le biodynamizer et le biofiltre\",\"breadcrumb\":{\"@id\":\"https:\\\/\\\/biodynamizer.com\\\/es\\\/b2b\\\/agua-biodinamica-en-las-empresas\\\/#breadcrumb\"},\"inLanguage\":\"es\",\"potentialAction\":[{\"@type\":\"ReadAction\",\"target\":[\"https:\\\/\\\/biodynamizer.com\\\/es\\\/b2b\\\/agua-biodinamica-en-las-empresas\\\/\"]}]},{\"@type\":\"BreadcrumbList\",\"@id\":\"https:\\\/\\\/biodynamizer.com\\\/es\\\/b2b\\\/agua-biodinamica-en-las-empresas\\\/#breadcrumb\",\"itemListElement\":[{\"@type\":\"ListItem\",\"position\":1,\"name\":\"Home\",\"item\":\"https:\\\/\\\/biodynamizer.com\\\/es\\\/\"},{\"@type\":\"ListItem\",\"position\":2,\"name\":\"B2B sectores\",\"item\":\"https:\\\/\\\/biodynamizer.com\\\/es\\\/b2b\\\/\"},{\"@type\":\"ListItem\",\"position\":3,\"name\":\"El agua biodinamizada en las empresas\"}]},{\"@type\":\"WebSite\",\"@id\":\"https:\\\/\\\/biodynamizer.com\\\/es\\\/#website\",\"url\":\"https:\\\/\\\/biodynamizer.com\\\/es\\\/\",\"name\":\"Biodynamizer\",\"description\":\"Filtrez et dynamisez votre eau\",\"potentialAction\":[{\"@type\":\"SearchAction\",\"target\":{\"@type\":\"EntryPoint\",\"urlTemplate\":\"https:\\\/\\\/biodynamizer.com\\\/es\\\/?s={search_term_string}\"},\"query-input\":{\"@type\":\"PropertyValueSpecification\",\"valueRequired\":true,\"valueName\":\"search_term_string\"}}],\"inLanguage\":\"es\"}]}<\/script>\n<!-- \/ Yoast SEO plugin. -->","yoast_head_json":{"title":"El agua biodinamizada en las empresas - Biodynamizer","description":"Biodynamizer - El agua biodinamizada en las empresas - En savoir plus sur le biodynamizer et le biofiltre","robots":{"index":"index","follow":"follow","max-snippet":"max-snippet:-1","max-image-preview":"max-image-preview:large","max-video-preview":"max-video-preview:-1"},"canonical":"https:\/\/biodynamizer.com\/es\/b2b\/agua-biodinamica-en-las-empresas\/","og_locale":"es_ES","og_type":"article","og_title":"El agua biodinamizada en las empresas - Biodynamizer","og_description":"Biodynamizer - El agua biodinamizada en las empresas - En savoir plus sur le biodynamizer et le biofiltre","og_url":"https:\/\/biodynamizer.com\/es\/b2b\/agua-biodinamica-en-las-empresas\/","og_site_name":"Biodynamizer","article_modified_time":"2025-07-11T09:12:35+00:00","og_image":[{"width":2000,"height":1333,"url":"https:\/\/biodynamizer.com\/wp-content\/uploads\/2019\/11\/Depositphotos_15742931_xl-2015.jpg","type":"image\/jpeg"}],"twitter_card":"summary_large_image","twitter_misc":{"Tiempo de lectura":"2 minutos"},"schema":{"@context":"https:\/\/schema.org","@graph":[{"@type":"WebPage","@id":"https:\/\/biodynamizer.com\/es\/b2b\/agua-biodinamica-en-las-empresas\/","url":"https:\/\/biodynamizer.com\/es\/b2b\/agua-biodinamica-en-las-empresas\/","name":"El agua biodinamizada en las empresas - Biodynamizer","isPartOf":{"@id":"https:\/\/biodynamizer.com\/es\/#website"},"datePublished":"2020-01-28T10:27:26+00:00","dateModified":"2025-07-11T09:12:35+00:00","description":"Biodynamizer - El agua biodinamizada en las empresas - En savoir plus sur le biodynamizer et le biofiltre","breadcrumb":{"@id":"https:\/\/biodynamizer.com\/es\/b2b\/agua-biodinamica-en-las-empresas\/#breadcrumb"},"inLanguage":"es","potentialAction":[{"@type":"ReadAction","target":["https:\/\/biodynamizer.com\/es\/b2b\/agua-biodinamica-en-las-empresas\/"]}]},{"@type":"BreadcrumbList","@id":"https:\/\/biodynamizer.com\/es\/b2b\/agua-biodinamica-en-las-empresas\/#breadcrumb","itemListElement":[{"@type":"ListItem","position":1,"name":"Home","item":"https:\/\/biodynamizer.com\/es\/"},{"@type":"ListItem","position":2,"name":"B2B sectores","item":"https:\/\/biodynamizer.com\/es\/b2b\/"},{"@type":"ListItem","position":3,"name":"El agua biodinamizada en las empresas"}]},{"@type":"WebSite","@id":"https:\/\/biodynamizer.com\/es\/#website","url":"https:\/\/biodynamizer.com\/es\/","name":"Biodynamizer","description":"Filtrez et dynamisez votre eau","potentialAction":[{"@type":"SearchAction","target":{"@type":"EntryPoint","urlTemplate":"https:\/\/biodynamizer.com\/es\/?s={search_term_string}"},"query-input":{"@type":"PropertyValueSpecification","valueRequired":true,"valueName":"search_term_string"}}],"inLanguage":"es"}]}},"_links":{"self":[{"href":"https:\/\/biodynamizer.com\/es\/wp-json\/wp\/v2\/pages\/6095","targetHints":{"allow":["GET"]}}],"collection":[{"href":"https:\/\/biodynamizer.com\/es\/wp-json\/wp\/v2\/pages"}],"about":[{"href":"https:\/\/biodynamizer.com\/es\/wp-json\/wp\/v2\/types\/page"}],"author":[{"embeddable":true,"href":"https:\/\/biodynamizer.com\/es\/wp-json\/wp\/v2\/users\/3"}],"replies":[{"embeddable":true,"href":"https:\/\/biodynamizer.com\/es\/wp-json\/wp\/v2\/comments?post=6095"}],"version-history":[{"count":7,"href":"https:\/\/biodynamizer.com\/es\/wp-json\/wp\/v2\/pages\/6095\/revisions"}],"predecessor-version":[{"id":27554,"href":"https:\/\/biodynamizer.com\/es\/wp-json\/wp\/v2\/pages\/6095\/revisions\/27554"}],"up":[{"embeddable":true,"href":"https:\/\/biodynamizer.com\/es\/wp-json\/wp\/v2\/pages\/5839"}],"wp:attachment":[{"href":"https:\/\/biodynamizer.com\/es\/wp-json\/wp\/v2\/media?parent=6095"}],"curies":[{"name":"wp","href":"https:\/\/api.w.org\/{rel}","templated":true}]}}