{"id":6099,"date":"2020-01-28T10:22:21","date_gmt":"2020-01-28T10:22:21","guid":{"rendered":"https:\/\/biodynamizer.spleen-creation.be\/les-bienfaits\/une-solution-economique\/"},"modified":"2025-05-12T13:48:40","modified_gmt":"2025-05-12T13:48:40","slug":"a-solucion-economica","status":"publish","type":"page","link":"https:\/\/biodynamizer.com\/es\/los-beneficios\/a-solucion-economica\/","title":{"rendered":"\u00a1Una soluci\u00f3n econ\u00f3mica!"},"content":{"rendered":"<section class=\"l-section wpb_row us_custom_916fdabd height_small\"><div class=\"l-section-h i-cf\"><div class=\"g-cols vc_row via_flex valign_top type_default stacking_default\"><div class=\"vc_col-sm-12 wpb_column vc_column_container\"><div class=\"vc_column-inner\"><div class=\"wpb_wrapper\"><nav class=\"g-breadcrumbs separator_custom align_none\" itemscope itemtype=\"http:\/\/schema.org\/BreadcrumbList\"><div class=\"g-breadcrumbs-item\" itemscope itemprop=\"itemListElement\" itemtype=\"http:\/\/schema.org\/ListItem\"><a itemprop=\"item\" href=\"https:\/\/biodynamizer.com\/es\/\"><span itemprop=\"name\">Inicio<\/span><\/a><meta itemprop=\"position\" content=\"1\"\/><\/div><div class=\"g-breadcrumbs-separator\">\/<\/div><div class=\"g-breadcrumbs-item\">P\u00e1ginas<\/div><\/nav><\/div><\/div><\/div><\/div><\/div><\/section><section class=\"l-section wpb_row max500 height_large width_full\"><div class=\"l-section-h i-cf\"><div class=\"g-cols vc_row via_flex valign_top type_default stacking_default\"><div class=\"vc_col-sm-6 wpb_column vc_column_container tekstsideblock\"><div class=\"vc_column-inner\"><div class=\"wpb_wrapper\"><div class=\"wpb_text_column\"><div class=\"wpb_wrapper\"><h2><\/h2>\n<h2>\u00a1Una soluci\u00f3n econ\u00f3mica!<\/h2>\n<ul>\n<li>Se hacen ahorros significativos en la compra de agua embotellada. De hecho, el agua del grifo (que ser\u00e1 filtrada y dinamizada) <strong>cuesta 150 veces menos<\/strong> (~ 0,004 euros\/litro) que el agua mineral embotellada (~ 0,60 euros\/litro)! Con este argumento, al sustituir los frascos por el paquete Biofilter + Biodynamizer, una familia de 5 personas ahorrar\u00e1 m\u00e1s de 1.000 euros al a\u00f1o). Estos dispositivos son por lo tanto reembolsados en menos de 4 a\u00f1os!<\/li>\n<li>El Biodinamizador no requiere mantenimiento y por lo tanto no genera costos adicionales. Por otra parte, es aconsejable cambiar el cartucho del Biofiltro al menos cada a\u00f1o (dependiendo de su consumo).<\/li>\n<\/ul>\n<\/div><\/div><div class=\"w-image align_none\"><div class=\"w-image-h\"><img decoding=\"async\" width=\"1024\" height=\"300\" src=\"https:\/\/biodynamizer.com\/wp-content\/uploads\/2025\/05\/Ahorro-agua-dinamizada-ES-1024x300.png\" class=\"attachment-large size-large\" alt=\"Tableau pr\u00e9sentant les \u00e9conomies associ\u00e9es \u00e0 l\u2019utilisation d\u2019eau dynamis\u00e9e, avec des chiffres et comparaisons illustrant les gains potentiels.\" loading=\"lazy\" srcset=\"https:\/\/biodynamizer.com\/wp-content\/uploads\/2025\/05\/Ahorro-agua-dinamizada-ES-1024x300.png 1024w, https:\/\/biodynamizer.com\/wp-content\/uploads\/2025\/05\/Ahorro-agua-dinamizada-ES-300x88.png 300w, https:\/\/biodynamizer.com\/wp-content\/uploads\/2025\/05\/Ahorro-agua-dinamizada-ES-600x176.png 600w, https:\/\/biodynamizer.com\/wp-content\/uploads\/2025\/05\/Ahorro-agua-dinamizada-ES-640x188.png 640w, https:\/\/biodynamizer.com\/wp-content\/uploads\/2025\/05\/Ahorro-agua-dinamizada-ES.png 1600w\" sizes=\"auto, (max-width: 1024px) 100vw, 1024px\" \/><\/div><\/div><\/div><\/div><\/div><div class=\"vc_col-sm-6 wpb_column vc_column_container\"><div class=\"vc_column-inner\"><div class=\"wpb_wrapper\"><div class=\"w-image align_left\"><div class=\"w-image-h\"><img decoding=\"async\" width=\"910\" height=\"727\" src=\"https:\/\/biodynamizer.com\/wp-content\/uploads\/2020\/01\/bienfaits7.png\" class=\"attachment-large size-large\" alt=\"robinet qui fais couler des pi\u00e8ces de monnaie\" loading=\"lazy\" srcset=\"https:\/\/biodynamizer.com\/wp-content\/uploads\/2020\/01\/bienfaits7.png 910w, https:\/\/biodynamizer.com\/wp-content\/uploads\/2020\/01\/bienfaits7-300x240.png 300w\" sizes=\"auto, (max-width: 910px) 100vw, 910px\" \/><\/div><\/div><\/div><\/div><\/div><\/div><\/div><\/section>\n","protected":false},"excerpt":{"rendered":"Inicio\/P\u00e1ginas \u00a1Una soluci\u00f3n econ\u00f3mica! Se hacen ahorros significativos en la compra de agua embotellada. De hecho, el agua del grifo (que ser\u00e1 filtrada y dinamizada) cuesta 150 veces menos (~ 0,004 euros\/litro) que el agua mineral embotellada (~ 0,60 euros\/litro)! Con este argumento, al sustituir los frascos por el paquete Biofilter + Biodynamizer, una familia...","protected":false},"author":3,"featured_media":0,"parent":5830,"menu_order":5,"comment_status":"closed","ping_status":"closed","template":"","meta":{"_monsterinsights_skip_tracking":false,"_monsterinsights_sitenote_active":false,"_monsterinsights_sitenote_note":"","_monsterinsights_sitenote_category":0,"footnotes":""},"class_list":["post-6099","page","type-page","status-publish","hentry"],"yoast_head":"<!-- This site is optimized with the Yoast SEO plugin v27.3 - https:\/\/yoast.com\/product\/yoast-seo-wordpress\/ -->\n<title>\u00a1Una soluci\u00f3n econ\u00f3mica! - Biodynamizer<\/title>\n<meta name=\"description\" content=\"Biodynamizer - \u00a1Una soluci\u00f3n econ\u00f3mica! - En savoir plus sur le biodynamizer et le biofiltre\" \/>\n<meta name=\"robots\" content=\"index, follow, max-snippet:-1, max-image-preview:large, max-video-preview:-1\" \/>\n<link rel=\"canonical\" href=\"https:\/\/biodynamizer.com\/es\/los-beneficios\/a-solucion-economica\/\" \/>\n<meta property=\"og:locale\" content=\"es_ES\" \/>\n<meta property=\"og:type\" content=\"article\" \/>\n<meta property=\"og:title\" content=\"\u00a1Una soluci\u00f3n econ\u00f3mica! - Biodynamizer\" \/>\n<meta property=\"og:description\" content=\"Biodynamizer - \u00a1Una soluci\u00f3n econ\u00f3mica! - En savoir plus sur le biodynamizer et le biofiltre\" \/>\n<meta property=\"og:url\" content=\"https:\/\/biodynamizer.com\/es\/los-beneficios\/a-solucion-economica\/\" \/>\n<meta property=\"og:site_name\" content=\"Biodynamizer\" \/>\n<meta property=\"article:modified_time\" content=\"2025-05-12T13:48:40+00:00\" \/>\n<meta property=\"og:image\" content=\"https:\/\/biodynamizer.com\/wp-content\/uploads\/2019\/11\/Depositphotos_15742931_xl-2015.jpg\" \/>\n\t<meta property=\"og:image:width\" content=\"2000\" \/>\n\t<meta property=\"og:image:height\" content=\"1333\" \/>\n\t<meta property=\"og:image:type\" content=\"image\/jpeg\" \/>\n<meta name=\"twitter:card\" content=\"summary_large_image\" \/>\n<meta name=\"twitter:label1\" content=\"Tiempo de lectura\" \/>\n\t<meta name=\"twitter:data1\" content=\"1 minuto\" \/>\n<script type=\"application\/ld+json\" class=\"yoast-schema-graph\">{\"@context\":\"https:\\\/\\\/schema.org\",\"@graph\":[{\"@type\":\"WebPage\",\"@id\":\"https:\\\/\\\/biodynamizer.com\\\/es\\\/los-beneficios\\\/a-solucion-economica\\\/\",\"url\":\"https:\\\/\\\/biodynamizer.com\\\/es\\\/los-beneficios\\\/a-solucion-economica\\\/\",\"name\":\"\u00a1Una soluci\u00f3n econ\u00f3mica! - Biodynamizer\",\"isPartOf\":{\"@id\":\"https:\\\/\\\/biodynamizer.com\\\/es\\\/#website\"},\"datePublished\":\"2020-01-28T10:22:21+00:00\",\"dateModified\":\"2025-05-12T13:48:40+00:00\",\"description\":\"Biodynamizer - \u00a1Una soluci\u00f3n econ\u00f3mica! - En savoir plus sur le biodynamizer et le biofiltre\",\"breadcrumb\":{\"@id\":\"https:\\\/\\\/biodynamizer.com\\\/es\\\/los-beneficios\\\/a-solucion-economica\\\/#breadcrumb\"},\"inLanguage\":\"es\",\"potentialAction\":[{\"@type\":\"ReadAction\",\"target\":[\"https:\\\/\\\/biodynamizer.com\\\/es\\\/los-beneficios\\\/a-solucion-economica\\\/\"]}]},{\"@type\":\"BreadcrumbList\",\"@id\":\"https:\\\/\\\/biodynamizer.com\\\/es\\\/los-beneficios\\\/a-solucion-economica\\\/#breadcrumb\",\"itemListElement\":[{\"@type\":\"ListItem\",\"position\":1,\"name\":\"Home\",\"item\":\"https:\\\/\\\/biodynamizer.com\\\/es\\\/\"},{\"@type\":\"ListItem\",\"position\":2,\"name\":\"Los Beneficios\",\"item\":\"https:\\\/\\\/biodynamizer.com\\\/es\\\/los-beneficios\\\/\"},{\"@type\":\"ListItem\",\"position\":3,\"name\":\"\u00a1Una soluci\u00f3n econ\u00f3mica!\"}]},{\"@type\":\"WebSite\",\"@id\":\"https:\\\/\\\/biodynamizer.com\\\/es\\\/#website\",\"url\":\"https:\\\/\\\/biodynamizer.com\\\/es\\\/\",\"name\":\"Biodynamizer\",\"description\":\"Filtrez et dynamisez votre eau\",\"potentialAction\":[{\"@type\":\"SearchAction\",\"target\":{\"@type\":\"EntryPoint\",\"urlTemplate\":\"https:\\\/\\\/biodynamizer.com\\\/es\\\/?s={search_term_string}\"},\"query-input\":{\"@type\":\"PropertyValueSpecification\",\"valueRequired\":true,\"valueName\":\"search_term_string\"}}],\"inLanguage\":\"es\"}]}<\/script>\n<!-- \/ Yoast SEO plugin. -->","yoast_head_json":{"title":"\u00a1Una soluci\u00f3n econ\u00f3mica! - Biodynamizer","description":"Biodynamizer - \u00a1Una soluci\u00f3n econ\u00f3mica! - En savoir plus sur le biodynamizer et le biofiltre","robots":{"index":"index","follow":"follow","max-snippet":"max-snippet:-1","max-image-preview":"max-image-preview:large","max-video-preview":"max-video-preview:-1"},"canonical":"https:\/\/biodynamizer.com\/es\/los-beneficios\/a-solucion-economica\/","og_locale":"es_ES","og_type":"article","og_title":"\u00a1Una soluci\u00f3n econ\u00f3mica! - Biodynamizer","og_description":"Biodynamizer - \u00a1Una soluci\u00f3n econ\u00f3mica! - En savoir plus sur le biodynamizer et le biofiltre","og_url":"https:\/\/biodynamizer.com\/es\/los-beneficios\/a-solucion-economica\/","og_site_name":"Biodynamizer","article_modified_time":"2025-05-12T13:48:40+00:00","og_image":[{"width":2000,"height":1333,"url":"https:\/\/biodynamizer.com\/wp-content\/uploads\/2019\/11\/Depositphotos_15742931_xl-2015.jpg","type":"image\/jpeg"}],"twitter_card":"summary_large_image","twitter_misc":{"Tiempo de lectura":"1 minuto"},"schema":{"@context":"https:\/\/schema.org","@graph":[{"@type":"WebPage","@id":"https:\/\/biodynamizer.com\/es\/los-beneficios\/a-solucion-economica\/","url":"https:\/\/biodynamizer.com\/es\/los-beneficios\/a-solucion-economica\/","name":"\u00a1Una soluci\u00f3n econ\u00f3mica! - Biodynamizer","isPartOf":{"@id":"https:\/\/biodynamizer.com\/es\/#website"},"datePublished":"2020-01-28T10:22:21+00:00","dateModified":"2025-05-12T13:48:40+00:00","description":"Biodynamizer - \u00a1Una soluci\u00f3n econ\u00f3mica! - En savoir plus sur le biodynamizer et le biofiltre","breadcrumb":{"@id":"https:\/\/biodynamizer.com\/es\/los-beneficios\/a-solucion-economica\/#breadcrumb"},"inLanguage":"es","potentialAction":[{"@type":"ReadAction","target":["https:\/\/biodynamizer.com\/es\/los-beneficios\/a-solucion-economica\/"]}]},{"@type":"BreadcrumbList","@id":"https:\/\/biodynamizer.com\/es\/los-beneficios\/a-solucion-economica\/#breadcrumb","itemListElement":[{"@type":"ListItem","position":1,"name":"Home","item":"https:\/\/biodynamizer.com\/es\/"},{"@type":"ListItem","position":2,"name":"Los Beneficios","item":"https:\/\/biodynamizer.com\/es\/los-beneficios\/"},{"@type":"ListItem","position":3,"name":"\u00a1Una soluci\u00f3n econ\u00f3mica!"}]},{"@type":"WebSite","@id":"https:\/\/biodynamizer.com\/es\/#website","url":"https:\/\/biodynamizer.com\/es\/","name":"Biodynamizer","description":"Filtrez et dynamisez votre eau","potentialAction":[{"@type":"SearchAction","target":{"@type":"EntryPoint","urlTemplate":"https:\/\/biodynamizer.com\/es\/?s={search_term_string}"},"query-input":{"@type":"PropertyValueSpecification","valueRequired":true,"valueName":"search_term_string"}}],"inLanguage":"es"}]}},"_links":{"self":[{"href":"https:\/\/biodynamizer.com\/es\/wp-json\/wp\/v2\/pages\/6099","targetHints":{"allow":["GET"]}}],"collection":[{"href":"https:\/\/biodynamizer.com\/es\/wp-json\/wp\/v2\/pages"}],"about":[{"href":"https:\/\/biodynamizer.com\/es\/wp-json\/wp\/v2\/types\/page"}],"author":[{"embeddable":true,"href":"https:\/\/biodynamizer.com\/es\/wp-json\/wp\/v2\/users\/3"}],"replies":[{"embeddable":true,"href":"https:\/\/biodynamizer.com\/es\/wp-json\/wp\/v2\/comments?post=6099"}],"version-history":[{"count":7,"href":"https:\/\/biodynamizer.com\/es\/wp-json\/wp\/v2\/pages\/6099\/revisions"}],"predecessor-version":[{"id":27102,"href":"https:\/\/biodynamizer.com\/es\/wp-json\/wp\/v2\/pages\/6099\/revisions\/27102"}],"up":[{"embeddable":true,"href":"https:\/\/biodynamizer.com\/es\/wp-json\/wp\/v2\/pages\/5830"}],"wp:attachment":[{"href":"https:\/\/biodynamizer.com\/es\/wp-json\/wp\/v2\/media?parent=6099"}],"curies":[{"name":"wp","href":"https:\/\/api.w.org\/{rel}","templated":true}]}}