{"id":6103,"date":"2020-01-28T10:10:45","date_gmt":"2020-01-28T10:10:45","guid":{"rendered":"https:\/\/biodynamizer.spleen-creation.be\/les-bienfaits\/une-eau-biocompatible\/"},"modified":"2025-09-04T10:24:02","modified_gmt":"2025-09-04T10:24:02","slug":"una-agua-biocompatible","status":"publish","type":"page","link":"https:\/\/biodynamizer.com\/es\/los-beneficios\/una-agua-biocompatible\/","title":{"rendered":"Agua biocompatible"},"content":{"rendered":"<section class=\"l-section wpb_row us_custom_916fdabd height_small\"><div class=\"l-section-h i-cf\"><div class=\"g-cols vc_row via_flex valign_top type_default stacking_default\"><div class=\"vc_col-sm-12 wpb_column vc_column_container\"><div class=\"vc_column-inner\"><div class=\"wpb_wrapper\"><nav class=\"g-breadcrumbs separator_custom align_none\" itemscope itemtype=\"http:\/\/schema.org\/BreadcrumbList\"><div class=\"g-breadcrumbs-item\" itemscope itemprop=\"itemListElement\" itemtype=\"http:\/\/schema.org\/ListItem\"><a itemprop=\"item\" href=\"https:\/\/biodynamizer.com\/es\/\"><span itemprop=\"name\">Inicio<\/span><\/a><meta itemprop=\"position\" content=\"1\"\/><\/div><div class=\"g-breadcrumbs-separator\">\/<\/div><div class=\"g-breadcrumbs-item\">P\u00e1ginas<\/div><\/nav><\/div><\/div><\/div><\/div><\/div><\/section><section class=\"l-section wpb_row fullheader height_huge with_img\"><div class=\"l-section-img\" role=\"img\" aria-label=\"Imagen\" data-img-width=\"575\" data-img-height=\"575\" style=\"background-image: url(https:\/\/biodynamizer.com\/wp-content\/uploads\/2020\/01\/Mineralen2.png);background-repeat: no-repeat;\"><\/div><div class=\"l-section-h i-cf\"><div class=\"g-cols vc_row via_flex valign_top type_default stacking_default\"><div class=\"vc_col-sm-12 wpb_column vc_column_container has_text_color\"><div class=\"vc_column-inner us_custom_6df4bc3a\"><div class=\"wpb_wrapper\"><div class=\"wpb_text_column\"><div class=\"wpb_wrapper\"><h3>Agua biocompatible<\/h3>\n<\/div><\/div><\/div><\/div><\/div><\/div><\/div><\/section><section class=\"l-section wpb_row max500 height_large\"><div class=\"l-section-h i-cf\"><div class=\"g-cols vc_row via_flex valign_top type_default stacking_default\"><div class=\"vc_col-sm-8 wpb_column vc_column_container\"><div class=\"vc_column-inner\"><div class=\"wpb_wrapper\"><div class=\"wpb_text_column\"><div class=\"wpb_wrapper\"><p>El <strong>agua biodinamizada<\/strong> parece ser m\u00e1s <strong>biocompatible<\/strong>:<\/p>\n<ul>\n<li>Desde un punto de vista <strong>energ\u00e9tico<\/strong>: el agua biodinamizada transmite m\u00e1s energ\u00eda en forma de fotones a nuestro cuerpo energ\u00e9tico (ver el <span style=\"text-decoration: underline;\"><a href=\"https:\/\/biodynamizer.com\/es\/analisis-cientificos\/la-camara-electrofotonica-coramp-soluciones\/\">an\u00e1lisis electrofot\u00f3nico<\/a><\/span> y la <span style=\"text-decoration: underline;\"><a href=\"https:\/\/biodynamizer.com\/es\/analisis-cientificos\/experticia-complementaria-foto-electrofotonica-analisis\/\">experticia<\/a> <\/span>de este an\u00e1lisis por el Prof. M. Henry)<\/li>\n<li>Desde un punto de vista <strong>microbi\u00f3tico<\/strong>, el agua biodinamizada tiene un poder inhibidor sobre el crecimiento de bacterias pat\u00f3genas de la microbiota intestinal (ver <span style=\"text-decoration: underline;\"><a href=\"https:\/\/biodynamizer.com\/es\/analisis-cientificos\/la-prueba-microtoxo-microbiologia-observo-una-biocompatibilidad-microbiotica-mayor-que-el-agua-dinamizada\/\">an\u00e1lisis microtoxo<\/a><\/span>)<\/li>\n<li>Desde un punto de vista <strong>metab\u00f3lico<\/strong>:\n<ul>\n<li>El agua biodinamizada deber\u00eda promover la nutrici\u00f3n celular y la desintoxicaci\u00f3n de los desechos metab\u00f3licos (ver sobre este tema el apartado <span style=\"text-decoration: underline;\"><a href=\"https:\/\/biodynamizer.com\/es\/agua\/#voltage\">voltaje de la membrana<\/a><\/span> e influencia del <span style=\"text-decoration: underline;\"><a href=\"https:\/\/biodynamizer.com\/es\/agua\/analisis-adquiridos-por-sa-dynamized-technologies-sobre-la-influencia-del-magnetismo-en-el-agua\/\">magnetismo en el agua<\/a><\/span>)<\/li>\n<li>porque la eliminaci\u00f3n de los minerales inorg\u00e1nicos debe hacerse por v\u00eda intestinal y no por los ri\u00f1ones (sin sobrecargarlos) debido a su transformaci\u00f3n en forma coloidal (ver sobre este tema el <span style=\"text-decoration: underline;\"><a href=\"https:\/\/biodynamizer.com\/es\/analisis-cientificos\/la-prueba-microtoxo-microbiologia-observo-una-biocompatibilidad-microbiotica-mayor-que-el-agua-dinamizada\/\">an\u00e1lisis BEV<\/a><\/span> y el apartado de <span style=\"text-decoration: underline;\"><a href=\"https:\/\/biodynamizer.com\/es\/nuestras-soluciones\/el-biodynamizer\/eliminacion-de-minerales\/\">reestructuraci\u00f3n mineral<\/a><\/span>)<\/li>\n<li>\u00a1La dinamizaci\u00f3n mejora la difusi\u00f3n del ox\u00edgeno en el cuerpo al <a href=\"https:\/\/biodynamizer.com\/es\/analisis-cientificos\/lanalyse-de-sang\/\">desapilar los gl\u00f3bulos rojos<\/a>!<\/li>\n<\/ul>\n<\/li>\n<li>Desde un punto de vista <strong>fisiol\u00f3gico<\/strong>:\n<ul>\n<li>la biodinamizaci\u00f3n reduce muy significativamente la oxidaci\u00f3n del agua (ver <span style=\"text-decoration: underline;\"><a href=\"https:\/\/biodynamizer.com\/es\/analisis-cientificos\/la-prueba-microtoxo-microbiologia-observo-una-biocompatibilidad-microbiotica-mayor-que-el-agua-dinamizada\/\">an\u00e1lisis BEV<\/a><\/span>)<\/li>\n<li>el agua biodinamizada deber\u00eda ser mucho m\u00e1s hidratante para las c\u00e9lulas (ver el an\u00e1lisis sobre la <span style=\"text-decoration: underline;\"><a href=\"https:\/\/biodynamizer.com\/es\/analisis-cientificos\/tension-superficial\/\">tensi\u00f3n superficial<\/a><\/span> del agua biodinamizada)<\/li>\n<\/ul>\n<\/li>\n<\/ul>\n<\/div><\/div><\/div><\/div><\/div><div class=\"vc_col-sm-4 wpb_column vc_column_container\"><div class=\"vc_column-inner\"><div class=\"wpb_wrapper\"><div class=\"w-image align_center\"><div class=\"w-image-h\"><img decoding=\"async\" width=\"2560\" height=\"2560\" src=\"https:\/\/biodynamizer.com\/wp-content\/uploads\/2023\/06\/Depositphotos_58733167_xl-2015-scaled.jpg\" class=\"attachment-full size-full\" alt=\"Sch\u00e9ma du syst\u00e8me urinaire f\u00e9minin avec les organes du corps humain.\" loading=\"lazy\" srcset=\"https:\/\/biodynamizer.com\/wp-content\/uploads\/2023\/06\/Depositphotos_58733167_xl-2015-scaled.jpg 2560w, https:\/\/biodynamizer.com\/wp-content\/uploads\/2023\/06\/Depositphotos_58733167_xl-2015-300x300.jpg 300w, https:\/\/biodynamizer.com\/wp-content\/uploads\/2023\/06\/Depositphotos_58733167_xl-2015-1024x1024.jpg 1024w, https:\/\/biodynamizer.com\/wp-content\/uploads\/2023\/06\/Depositphotos_58733167_xl-2015-150x150.jpg 150w, https:\/\/biodynamizer.com\/wp-content\/uploads\/2023\/06\/Depositphotos_58733167_xl-2015-600x600.jpg 600w, https:\/\/biodynamizer.com\/wp-content\/uploads\/2023\/06\/Depositphotos_58733167_xl-2015-350x350.jpg 350w, https:\/\/biodynamizer.com\/wp-content\/uploads\/2023\/06\/Depositphotos_58733167_xl-2015-400x400.jpg 400w, https:\/\/biodynamizer.com\/wp-content\/uploads\/2023\/06\/Depositphotos_58733167_xl-2015-200x200.jpg 200w\" sizes=\"auto, (max-width: 2560px) 100vw, 2560px\" \/><\/div><\/div><div class=\"w-separator size_medium\"><\/div><div class=\"w-image align_center\"><div class=\"w-image-h\"><img decoding=\"async\" width=\"703\" height=\"613\" src=\"https:\/\/biodynamizer.com\/wp-content\/uploads\/2023\/06\/Hydratation-web.png\" class=\"attachment-full size-full\" alt=\"une femme sourit avec ses mains sur le visage\" loading=\"lazy\" srcset=\"https:\/\/biodynamizer.com\/wp-content\/uploads\/2023\/06\/Hydratation-web.png 703w, https:\/\/biodynamizer.com\/wp-content\/uploads\/2023\/06\/Hydratation-web-300x262.png 300w, https:\/\/biodynamizer.com\/wp-content\/uploads\/2023\/06\/Hydratation-web-459x400.png 459w\" sizes=\"auto, (max-width: 703px) 100vw, 703px\" \/><\/div><\/div><\/div><\/div><\/div><\/div><\/div><\/section><section class=\"l-section wpb_row height_medium\"><div class=\"l-section-h i-cf\"><div class=\"g-cols vc_row via_flex valign_top type_default stacking_default\"><div class=\"vc_col-sm-12 wpb_column vc_column_container\"><div class=\"vc_column-inner\"><div class=\"wpb_wrapper\"><\/div><\/div><\/div><\/div><\/div><\/section>\n","protected":false},"excerpt":{"rendered":"Inicio\/P\u00e1ginasAgua biocompatible El agua biodinamizada parece ser m\u00e1s biocompatible: Desde un punto de vista energ\u00e9tico: el agua biodinamizada transmite m\u00e1s energ\u00eda en forma de fotones a nuestro cuerpo energ\u00e9tico (ver el an\u00e1lisis electrofot\u00f3nico y la experticia de este an\u00e1lisis por el Prof. M. Henry) Desde un punto de vista microbi\u00f3tico, el agua biodinamizada tiene un...","protected":false},"author":3,"featured_media":0,"parent":5830,"menu_order":4,"comment_status":"closed","ping_status":"closed","template":"","meta":{"_monsterinsights_skip_tracking":false,"_monsterinsights_sitenote_active":false,"_monsterinsights_sitenote_note":"","_monsterinsights_sitenote_category":0,"footnotes":""},"class_list":["post-6103","page","type-page","status-publish","hentry"],"yoast_head":"<!-- This site is optimized with the Yoast SEO plugin v27.4 - https:\/\/yoast.com\/product\/yoast-seo-wordpress\/ -->\n<title>Agua biocompatible - Biodynamizer<\/title>\n<meta name=\"description\" content=\"Biodynamizer - Agua biocompatible - En savoir plus sur le biodynamizer et le biofiltre\" \/>\n<meta name=\"robots\" content=\"index, follow, max-snippet:-1, max-image-preview:large, max-video-preview:-1\" \/>\n<link rel=\"canonical\" href=\"https:\/\/biodynamizer.com\/es\/los-beneficios\/una-agua-biocompatible\/\" \/>\n<meta property=\"og:locale\" content=\"es_ES\" \/>\n<meta property=\"og:type\" content=\"article\" \/>\n<meta property=\"og:title\" content=\"Agua biocompatible - Biodynamizer\" \/>\n<meta property=\"og:description\" content=\"Biodynamizer - Agua biocompatible - En savoir plus sur le biodynamizer et le biofiltre\" \/>\n<meta property=\"og:url\" content=\"https:\/\/biodynamizer.com\/es\/los-beneficios\/una-agua-biocompatible\/\" \/>\n<meta property=\"og:site_name\" content=\"Biodynamizer\" \/>\n<meta property=\"article:modified_time\" content=\"2025-09-04T10:24:02+00:00\" \/>\n<meta property=\"og:image\" content=\"https:\/\/biodynamizer.com\/wp-content\/uploads\/2019\/11\/Depositphotos_15742931_xl-2015.jpg\" \/>\n\t<meta property=\"og:image:width\" content=\"2000\" \/>\n\t<meta property=\"og:image:height\" content=\"1333\" \/>\n\t<meta property=\"og:image:type\" content=\"image\/jpeg\" \/>\n<meta name=\"twitter:card\" content=\"summary_large_image\" \/>\n<meta name=\"twitter:label1\" content=\"Tiempo de lectura\" \/>\n\t<meta name=\"twitter:data1\" content=\"2 minutos\" \/>\n<script type=\"application\/ld+json\" class=\"yoast-schema-graph\">{\"@context\":\"https:\\\/\\\/schema.org\",\"@graph\":[{\"@type\":\"WebPage\",\"@id\":\"https:\\\/\\\/biodynamizer.com\\\/es\\\/los-beneficios\\\/una-agua-biocompatible\\\/\",\"url\":\"https:\\\/\\\/biodynamizer.com\\\/es\\\/los-beneficios\\\/una-agua-biocompatible\\\/\",\"name\":\"Agua biocompatible - Biodynamizer\",\"isPartOf\":{\"@id\":\"https:\\\/\\\/biodynamizer.com\\\/es\\\/#website\"},\"datePublished\":\"2020-01-28T10:10:45+00:00\",\"dateModified\":\"2025-09-04T10:24:02+00:00\",\"description\":\"Biodynamizer - Agua biocompatible - En savoir plus sur le biodynamizer et le biofiltre\",\"breadcrumb\":{\"@id\":\"https:\\\/\\\/biodynamizer.com\\\/es\\\/los-beneficios\\\/una-agua-biocompatible\\\/#breadcrumb\"},\"inLanguage\":\"es\",\"potentialAction\":[{\"@type\":\"ReadAction\",\"target\":[\"https:\\\/\\\/biodynamizer.com\\\/es\\\/los-beneficios\\\/una-agua-biocompatible\\\/\"]}]},{\"@type\":\"BreadcrumbList\",\"@id\":\"https:\\\/\\\/biodynamizer.com\\\/es\\\/los-beneficios\\\/una-agua-biocompatible\\\/#breadcrumb\",\"itemListElement\":[{\"@type\":\"ListItem\",\"position\":1,\"name\":\"Home\",\"item\":\"https:\\\/\\\/biodynamizer.com\\\/es\\\/\"},{\"@type\":\"ListItem\",\"position\":2,\"name\":\"Los Beneficios\",\"item\":\"https:\\\/\\\/biodynamizer.com\\\/es\\\/los-beneficios\\\/\"},{\"@type\":\"ListItem\",\"position\":3,\"name\":\"Agua biocompatible\"}]},{\"@type\":\"WebSite\",\"@id\":\"https:\\\/\\\/biodynamizer.com\\\/es\\\/#website\",\"url\":\"https:\\\/\\\/biodynamizer.com\\\/es\\\/\",\"name\":\"Biodynamizer\",\"description\":\"Filtrez et dynamisez votre eau\",\"potentialAction\":[{\"@type\":\"SearchAction\",\"target\":{\"@type\":\"EntryPoint\",\"urlTemplate\":\"https:\\\/\\\/biodynamizer.com\\\/es\\\/?s={search_term_string}\"},\"query-input\":{\"@type\":\"PropertyValueSpecification\",\"valueRequired\":true,\"valueName\":\"search_term_string\"}}],\"inLanguage\":\"es\"}]}<\/script>\n<!-- \/ Yoast SEO plugin. -->","yoast_head_json":{"title":"Agua biocompatible - Biodynamizer","description":"Biodynamizer - Agua biocompatible - En savoir plus sur le biodynamizer et le biofiltre","robots":{"index":"index","follow":"follow","max-snippet":"max-snippet:-1","max-image-preview":"max-image-preview:large","max-video-preview":"max-video-preview:-1"},"canonical":"https:\/\/biodynamizer.com\/es\/los-beneficios\/una-agua-biocompatible\/","og_locale":"es_ES","og_type":"article","og_title":"Agua biocompatible - Biodynamizer","og_description":"Biodynamizer - Agua biocompatible - En savoir plus sur le biodynamizer et le biofiltre","og_url":"https:\/\/biodynamizer.com\/es\/los-beneficios\/una-agua-biocompatible\/","og_site_name":"Biodynamizer","article_modified_time":"2025-09-04T10:24:02+00:00","og_image":[{"width":2000,"height":1333,"url":"https:\/\/biodynamizer.com\/wp-content\/uploads\/2019\/11\/Depositphotos_15742931_xl-2015.jpg","type":"image\/jpeg"}],"twitter_card":"summary_large_image","twitter_misc":{"Tiempo de lectura":"2 minutos"},"schema":{"@context":"https:\/\/schema.org","@graph":[{"@type":"WebPage","@id":"https:\/\/biodynamizer.com\/es\/los-beneficios\/una-agua-biocompatible\/","url":"https:\/\/biodynamizer.com\/es\/los-beneficios\/una-agua-biocompatible\/","name":"Agua biocompatible - Biodynamizer","isPartOf":{"@id":"https:\/\/biodynamizer.com\/es\/#website"},"datePublished":"2020-01-28T10:10:45+00:00","dateModified":"2025-09-04T10:24:02+00:00","description":"Biodynamizer - Agua biocompatible - En savoir plus sur le biodynamizer et le biofiltre","breadcrumb":{"@id":"https:\/\/biodynamizer.com\/es\/los-beneficios\/una-agua-biocompatible\/#breadcrumb"},"inLanguage":"es","potentialAction":[{"@type":"ReadAction","target":["https:\/\/biodynamizer.com\/es\/los-beneficios\/una-agua-biocompatible\/"]}]},{"@type":"BreadcrumbList","@id":"https:\/\/biodynamizer.com\/es\/los-beneficios\/una-agua-biocompatible\/#breadcrumb","itemListElement":[{"@type":"ListItem","position":1,"name":"Home","item":"https:\/\/biodynamizer.com\/es\/"},{"@type":"ListItem","position":2,"name":"Los Beneficios","item":"https:\/\/biodynamizer.com\/es\/los-beneficios\/"},{"@type":"ListItem","position":3,"name":"Agua biocompatible"}]},{"@type":"WebSite","@id":"https:\/\/biodynamizer.com\/es\/#website","url":"https:\/\/biodynamizer.com\/es\/","name":"Biodynamizer","description":"Filtrez et dynamisez votre eau","potentialAction":[{"@type":"SearchAction","target":{"@type":"EntryPoint","urlTemplate":"https:\/\/biodynamizer.com\/es\/?s={search_term_string}"},"query-input":{"@type":"PropertyValueSpecification","valueRequired":true,"valueName":"search_term_string"}}],"inLanguage":"es"}]}},"_links":{"self":[{"href":"https:\/\/biodynamizer.com\/es\/wp-json\/wp\/v2\/pages\/6103","targetHints":{"allow":["GET"]}}],"collection":[{"href":"https:\/\/biodynamizer.com\/es\/wp-json\/wp\/v2\/pages"}],"about":[{"href":"https:\/\/biodynamizer.com\/es\/wp-json\/wp\/v2\/types\/page"}],"author":[{"embeddable":true,"href":"https:\/\/biodynamizer.com\/es\/wp-json\/wp\/v2\/users\/3"}],"replies":[{"embeddable":true,"href":"https:\/\/biodynamizer.com\/es\/wp-json\/wp\/v2\/comments?post=6103"}],"version-history":[{"count":17,"href":"https:\/\/biodynamizer.com\/es\/wp-json\/wp\/v2\/pages\/6103\/revisions"}],"predecessor-version":[{"id":28777,"href":"https:\/\/biodynamizer.com\/es\/wp-json\/wp\/v2\/pages\/6103\/revisions\/28777"}],"up":[{"embeddable":true,"href":"https:\/\/biodynamizer.com\/es\/wp-json\/wp\/v2\/pages\/5830"}],"wp:attachment":[{"href":"https:\/\/biodynamizer.com\/es\/wp-json\/wp\/v2\/media?parent=6103"}],"curies":[{"name":"wp","href":"https:\/\/api.w.org\/{rel}","templated":true}]}}