{"id":6115,"date":"2020-01-28T09:34:23","date_gmt":"2020-01-28T09:34:23","guid":{"rendered":"https:\/\/biodynamizer.spleen-creation.be\/les-bienfaits\/une-solution-globale\/"},"modified":"2025-07-11T07:52:32","modified_gmt":"2025-07-11T07:52:32","slug":"una-solucion-global","status":"publish","type":"page","link":"https:\/\/biodynamizer.com\/es\/los-beneficios\/una-solucion-global\/","title":{"rendered":"una soluci\u00f3n global y ecol\u00f3gica"},"content":{"rendered":"<section class=\"l-section wpb_row us_custom_916fdabd height_small\"><div class=\"l-section-h i-cf\"><div class=\"g-cols vc_row via_flex valign_top type_default stacking_default\"><div class=\"vc_col-sm-12 wpb_column vc_column_container\"><div class=\"vc_column-inner\"><div class=\"wpb_wrapper\"><nav class=\"g-breadcrumbs separator_custom align_none\" itemscope itemtype=\"http:\/\/schema.org\/BreadcrumbList\"><div class=\"g-breadcrumbs-item\" itemscope itemprop=\"itemListElement\" itemtype=\"http:\/\/schema.org\/ListItem\"><a itemprop=\"item\" href=\"https:\/\/biodynamizer.com\/es\/\"><span itemprop=\"name\">Inicio<\/span><\/a><meta itemprop=\"position\" content=\"1\"\/><\/div><div class=\"g-breadcrumbs-separator\">\/<\/div><div class=\"g-breadcrumbs-item\">P\u00e1ginas<\/div><\/nav><\/div><\/div><\/div><\/div><\/div><\/section><section class=\"l-section wpb_row fullheader height_huge with_img\"><div class=\"l-section-img\" role=\"img\" aria-label=\"Imagen\" data-img-width=\"2000\" data-img-height=\"1075\" style=\"background-image: url(https:\/\/biodynamizer.com\/wp-content\/uploads\/2019\/12\/Picture-4.png);background-repeat: no-repeat;\"><\/div><div class=\"l-section-h i-cf\"><div class=\"g-cols vc_row via_flex valign_top type_default stacking_default\"><div class=\"vc_col-sm-12 wpb_column vc_column_container has_text_color\"><div class=\"vc_column-inner us_custom_6df4bc3a\"><div class=\"wpb_wrapper\"><div class=\"wpb_text_column us_custom_a574d586 has_text_color\"><div class=\"wpb_wrapper\"><h3>Una soluci\u00f3n global y ecol\u00f3gica<\/h3>\n<\/div><\/div><\/div><\/div><\/div><\/div><\/div><\/section><section class=\"l-section wpb_row max500 height_large\"><div class=\"l-section-h i-cf\"><div class=\"g-cols vc_row via_flex valign_top type_default stacking_default\"><div class=\"vc_col-sm-6 wpb_column vc_column_container\"><div class=\"vc_column-inner\"><div class=\"wpb_wrapper\"><div class=\"wpb_text_column\"><div class=\"wpb_wrapper\"><h2>\u00a1A cada grifo de la casa!<\/h2>\n<p>\u00a1Se beneficiar\u00e1 de agua equivalente al agua de monta\u00f1a de todos los grifos de la casa! Ya sea agua filtrada y biodinamizada:<\/p>\n<ul>\n<li>Para <strong>beber<\/strong> (no hacen falta botellas de agua mineral)<\/li>\n<li>Para <strong>duchas<\/strong>, <strong>ba\u00f1os<\/strong> (agua filtrada y dinamizada) que evita que los residuos de cloraci\u00f3n entren al cuerpo a trav\u00e9s de la piel.<\/li>\n<li>Que <a href=\"https:\/\/biodynamizer.com\/es\/analisis-cientificos\/tratamiento-de-cal\/\"><span style=\"text-decoration: underline;\"><strong>t<\/strong><\/span><span style=\"text-decoration: underline;\"><strong>rata inteligentemente la cal<\/strong><\/span><\/a> (ya no es necesario utilizar suavizante). La cal no se elimina sino que se transforma (pulveriza) para hacerla inofensiva (y mucho menos incrustante) y preservar as\u00ed tus tuber\u00edas y grifos.<\/li>\n<\/ul>\n<\/div><\/div><div class=\"w-image align_center\"><div class=\"w-image-h\"><img decoding=\"async\" width=\"1024\" height=\"378\" src=\"https:\/\/biodynamizer.com\/wp-content\/uploads\/2024\/05\/Picto-Biodynamiseur_SP-vect-transparent-1024x378.png\" class=\"attachment-large size-large\" alt=\"Ic\u00f4ne vectorielle transparente repr\u00e9sentant un biodynamiseur, stylis\u00e9e pour un usage graphique ou \u00e9ducatif.\" loading=\"lazy\" srcset=\"https:\/\/biodynamizer.com\/wp-content\/uploads\/2024\/05\/Picto-Biodynamiseur_SP-vect-transparent-1024x378.png 1024w, https:\/\/biodynamizer.com\/wp-content\/uploads\/2024\/05\/Picto-Biodynamiseur_SP-vect-transparent-300x111.png 300w, https:\/\/biodynamizer.com\/wp-content\/uploads\/2024\/05\/Picto-Biodynamiseur_SP-vect-transparent-600x222.png 600w\" sizes=\"auto, (max-width: 1024px) 100vw, 1024px\" \/><\/div><\/div><\/div><\/div><\/div><div class=\"vc_col-sm-6 wpb_column vc_column_container\"><div class=\"vc_column-inner\"><div class=\"wpb_wrapper\"><div class=\"w-image align_center\"><div class=\"w-image-h\"><img decoding=\"async\" width=\"300\" height=\"200\" src=\"https:\/\/biodynamizer.com\/wp-content\/uploads\/2024\/05\/bigstock-Beautiful-girl-drinking-water-145210439-300x200.jpg\" class=\"attachment-medium size-medium\" alt=\"Femme qu iboit un verre d&#039;eau avec un fond blnc\" loading=\"lazy\" srcset=\"https:\/\/biodynamizer.com\/wp-content\/uploads\/2024\/05\/bigstock-Beautiful-girl-drinking-water-145210439-300x200.jpg 300w, https:\/\/biodynamizer.com\/wp-content\/uploads\/2024\/05\/bigstock-Beautiful-girl-drinking-water-145210439-1024x683.jpg 1024w, https:\/\/biodynamizer.com\/wp-content\/uploads\/2024\/05\/bigstock-Beautiful-girl-drinking-water-145210439-600x400.jpg 600w\" sizes=\"auto, (max-width: 300px) 100vw, 300px\" \/><\/div><\/div><div class=\"w-separator size_small\"><\/div><div class=\"w-image align_center\"><div class=\"w-image-h\"><img decoding=\"async\" width=\"300\" height=\"199\" src=\"https:\/\/biodynamizer.com\/wp-content\/uploads\/2024\/05\/shutterstock_289979372-300x199.jpg\" class=\"attachment-medium size-medium\" alt=\"femme qui prend une douche\" loading=\"lazy\" srcset=\"https:\/\/biodynamizer.com\/wp-content\/uploads\/2024\/05\/shutterstock_289979372-300x199.jpg 300w, https:\/\/biodynamizer.com\/wp-content\/uploads\/2024\/05\/shutterstock_289979372-1024x678.jpg 1024w, https:\/\/biodynamizer.com\/wp-content\/uploads\/2024\/05\/shutterstock_289979372-600x397.jpg 600w\" sizes=\"auto, (max-width: 300px) 100vw, 300px\" \/><\/div><\/div><div class=\"w-separator size_small\"><\/div><div class=\"w-image align_center\"><div class=\"w-image-h\"><img decoding=\"async\" width=\"300\" height=\"200\" src=\"https:\/\/biodynamizer.com\/wp-content\/uploads\/2024\/05\/Depositphotos_93095260_xl-2015-1-300x200.jpg\" class=\"attachment-medium size-medium\" alt=\"Main d\u2019un r\u00e9parateur tenant un \u00e9l\u00e9ment chauffant tubulaire d\u2019un lave-linge, illustrant la r\u00e9paration et l\u2019entretien d\u2019appareils \u00e9lectrom\u00e9nagers.\" loading=\"lazy\" srcset=\"https:\/\/biodynamizer.com\/wp-content\/uploads\/2024\/05\/Depositphotos_93095260_xl-2015-1-300x200.jpg 300w, https:\/\/biodynamizer.com\/wp-content\/uploads\/2024\/05\/Depositphotos_93095260_xl-2015-1-1024x684.jpg 1024w, https:\/\/biodynamizer.com\/wp-content\/uploads\/2024\/05\/Depositphotos_93095260_xl-2015-1-600x400.jpg 600w\" sizes=\"auto, (max-width: 300px) 100vw, 300px\" \/><\/div><\/div><\/div><\/div><\/div><\/div><\/div><\/section><section class=\"l-section wpb_row height_medium\"><div class=\"l-section-h i-cf\"><div class=\"g-cols vc_row via_flex valign_top type_default stacking_default\"><div class=\"vc_col-sm-6 wpb_column vc_column_container\"><div class=\"vc_column-inner\"><div class=\"wpb_wrapper\"><div class=\"w-image align_center\"><div class=\"w-image-h\"><img decoding=\"async\" width=\"300\" height=\"300\" src=\"https:\/\/biodynamizer.com\/wp-content\/uploads\/2024\/05\/shutterstock_1958485030-300x300.jpeg\" class=\"attachment-medium size-medium\" alt=\"Illustration d&#039;une boutelle d&#039;eau g\u00e9ante dans un caddie de supermarch\u00e9\" loading=\"lazy\" srcset=\"https:\/\/biodynamizer.com\/wp-content\/uploads\/2024\/05\/shutterstock_1958485030-300x300.jpeg 300w, https:\/\/biodynamizer.com\/wp-content\/uploads\/2024\/05\/shutterstock_1958485030-1024x1024.jpeg 1024w, https:\/\/biodynamizer.com\/wp-content\/uploads\/2024\/05\/shutterstock_1958485030-150x150.jpeg 150w, https:\/\/biodynamizer.com\/wp-content\/uploads\/2024\/05\/shutterstock_1958485030-600x600.jpeg 600w, https:\/\/biodynamizer.com\/wp-content\/uploads\/2024\/05\/shutterstock_1958485030-350x350.jpeg 350w, https:\/\/biodynamizer.com\/wp-content\/uploads\/2024\/05\/shutterstock_1958485030-400x400.jpeg 400w, https:\/\/biodynamizer.com\/wp-content\/uploads\/2024\/05\/shutterstock_1958485030-200x200.jpeg 200w\" sizes=\"auto, (max-width: 300px) 100vw, 300px\" \/><\/div><\/div><div class=\"w-separator size_small\"><\/div><div class=\"w-image align_center\"><div class=\"w-image-h\"><img decoding=\"async\" width=\"228\" height=\"300\" src=\"https:\/\/biodynamizer.com\/wp-content\/uploads\/2024\/05\/Adoucisseur-228x300.jpg\" class=\"attachment-medium size-medium\" alt=\"Adoucisseur d&#039;eau\" loading=\"lazy\" srcset=\"https:\/\/biodynamizer.com\/wp-content\/uploads\/2024\/05\/Adoucisseur-228x300.jpg 228w, https:\/\/biodynamizer.com\/wp-content\/uploads\/2024\/05\/Adoucisseur-305x400.jpg 305w, https:\/\/biodynamizer.com\/wp-content\/uploads\/2024\/05\/Adoucisseur.jpg 431w\" sizes=\"auto, (max-width: 228px) 100vw, 228px\" \/><\/div><\/div><\/div><\/div><\/div><div class=\"vc_col-sm-6 wpb_column vc_column_container\"><div class=\"vc_column-inner\"><div class=\"wpb_wrapper\"><div class=\"wpb_text_column\"><div class=\"wpb_wrapper\"><h2>\u00a1Una instalaci\u00f3n ecol\u00f3gica!<\/h2>\n<ul>\n<li>No m\u00e1s <a href=\"https:\/\/biodynamizer.com\/es\/agua\/contaminacion\/\"><span style=\"text-decoration: underline;\"><strong>botellas de pl\u00e1stico<\/strong><\/span><\/a> (una botella de agua de pl\u00e1stico contiene una media de 325 micropart\u00edculas de pl\u00e1stico\/litro y disruptores endocrinos): Se acab\u00f3 la <strong>producci\u00f3n y el transporte de botellas de agua<\/strong> de pl\u00e1stico (el agua ahora proviene de la red urbana existente), lo que evita +\/- 150 kg de CO2\/a\u00f1o\/persona, el embalaje representa el 70 %, luego el transporte el 20 % y la distribuci\u00f3n el 10 %. )<\/li>\n<li>No m\u00e1s <strong>sal<\/strong> (sodio), porque ya no es necesario un descalcificador (un descalcificador consume +\/- 150 kg de sal\/a\u00f1o que vierte en los circuitos de agua de su casa)<\/li>\n<\/ul>\n<\/div><\/div><\/div><\/div><\/div><\/div><\/div><\/section><section class=\"l-section wpb_row height_large\"><div class=\"l-section-overlay\" style=\"background:rgba(172,172,172,0.2)\"><\/div><div class=\"l-section-h i-cf\"><div class=\"g-cols vc_row via_flex valign_top type_default stacking_default\"><div class=\"vc_col-sm-6 wpb_column vc_column_container\"><div class=\"vc_column-inner\"><div class=\"wpb_wrapper\"><div class=\"wpb_text_column\"><div class=\"wpb_wrapper\"><h2>Buenas noticias para los gourmets y gastr\u00f3nomos<\/h2>\n<ol>\n<li>Los platos cocinados con agua dinamizada ganan en sabor y frescura.<\/li>\n<li>Resulta que el tiempo de cocci\u00f3n de las verduras, el arroz, las patatas&#8230; en agua dinamizada se acorta.<\/li>\n<\/ol>\n<\/div><\/div><div class=\"w-separator size_medium\"><\/div><div class=\"wpb_text_column\"><div class=\"wpb_wrapper\"><p>Hay que se\u00f1alar, sin embargo, que las cualidades de la biodinamizaci\u00f3n del agua (estructura y energ\u00eda) se conservan hasta una temperatura m\u00e1xima de 80\u00b0C y que desaparecen en cuanto el agua se evapora cuando hierve (a 100\u00b0C).<\/p>\n<\/div><\/div><\/div><\/div><\/div><div class=\"vc_col-sm-6 wpb_column vc_column_container\"><div class=\"vc_column-inner\"><div class=\"wpb_wrapper\"><div class=\"w-image align_center\"><div class=\"w-image-h\"><img decoding=\"async\" width=\"947\" height=\"631\" src=\"https:\/\/biodynamizer.com\/wp-content\/uploads\/2020\/01\/bienfaits5.png\" class=\"attachment-large size-large\" alt=\"\" loading=\"lazy\" srcset=\"https:\/\/biodynamizer.com\/wp-content\/uploads\/2020\/01\/bienfaits5.png 947w, https:\/\/biodynamizer.com\/wp-content\/uploads\/2020\/01\/bienfaits5-300x200.png 300w\" sizes=\"auto, (max-width: 947px) 100vw, 947px\" \/><\/div><\/div><\/div><\/div><\/div><\/div><\/div><\/section><section class=\"l-section wpb_row height_large\"><div class=\"l-section-h i-cf\"><div class=\"g-cols vc_row via_flex valign_top type_default stacking_default\"><div class=\"vc_col-sm-6 wpb_column vc_column_container\"><div class=\"vc_column-inner\"><div class=\"wpb_wrapper\"><div class=\"w-image align_center\"><div class=\"w-image-h\"><img decoding=\"async\" width=\"1024\" height=\"681\" src=\"https:\/\/biodynamizer.com\/wp-content\/uploads\/2020\/01\/bienfaits6-1024x681.png\" class=\"attachment-large size-large\" alt=\"\" loading=\"lazy\" srcset=\"https:\/\/biodynamizer.com\/wp-content\/uploads\/2020\/01\/bienfaits6-1024x681.png 1024w, https:\/\/biodynamizer.com\/wp-content\/uploads\/2020\/01\/bienfaits6-300x200.png 300w, https:\/\/biodynamizer.com\/wp-content\/uploads\/2020\/01\/bienfaits6.png 1033w\" sizes=\"auto, (max-width: 1024px) 100vw, 1024px\" \/><\/div><\/div><\/div><\/div><\/div><div class=\"vc_col-sm-6 wpb_column vc_column_container\"><div class=\"vc_column-inner\"><div class=\"wpb_wrapper\"><div class=\"wpb_text_column\"><div class=\"wpb_wrapper\"><h2>Tu ropa es a\u00fan m\u00e1s suave y limpia<\/h2>\n<ul>\n<li>El agua dinamizada tiene un mayor poder de limpieza.<\/li>\n<li>El agua penetra mejor en el tejido y limpia m\u00e1s profundamente.<\/li>\n<li>Nuestros clientes nos dicen que su ropa es m\u00e1s suave.<\/li>\n<\/ul>\n<\/div><\/div><\/div><\/div><\/div><\/div><\/div><\/section>\n","protected":false},"excerpt":{"rendered":"Inicio\/P\u00e1ginasUna soluci\u00f3n global y ecol\u00f3gica \u00a1A cada grifo de la casa! \u00a1Se beneficiar\u00e1 de agua equivalente al agua de monta\u00f1a de todos los grifos de la casa! Ya sea agua filtrada y biodinamizada: Para beber (no hacen falta botellas de agua mineral) Para duchas, ba\u00f1os (agua filtrada y dinamizada) que evita que los residuos de...","protected":false},"author":3,"featured_media":0,"parent":5830,"menu_order":2,"comment_status":"closed","ping_status":"closed","template":"","meta":{"_monsterinsights_skip_tracking":false,"_monsterinsights_sitenote_active":false,"_monsterinsights_sitenote_note":"","_monsterinsights_sitenote_category":0,"footnotes":""},"class_list":["post-6115","page","type-page","status-publish","hentry"],"yoast_head":"<!-- This site is optimized with the Yoast SEO plugin v27.4 - https:\/\/yoast.com\/product\/yoast-seo-wordpress\/ -->\n<title>una soluci\u00f3n global y ecol\u00f3gica - Biodynamizer<\/title>\n<meta name=\"description\" content=\"Biodynamizer - una soluci\u00f3n global y ecol\u00f3gica - En savoir plus sur le biodynamizer et le biofiltre\" \/>\n<meta name=\"robots\" content=\"index, follow, max-snippet:-1, max-image-preview:large, max-video-preview:-1\" \/>\n<link rel=\"canonical\" href=\"https:\/\/biodynamizer.com\/es\/los-beneficios\/una-solucion-global\/\" \/>\n<meta property=\"og:locale\" content=\"es_ES\" \/>\n<meta property=\"og:type\" content=\"article\" \/>\n<meta property=\"og:title\" content=\"una soluci\u00f3n global y ecol\u00f3gica - Biodynamizer\" \/>\n<meta property=\"og:description\" content=\"Biodynamizer - una soluci\u00f3n global y ecol\u00f3gica - En savoir plus sur le biodynamizer et le biofiltre\" \/>\n<meta property=\"og:url\" content=\"https:\/\/biodynamizer.com\/es\/los-beneficios\/una-solucion-global\/\" \/>\n<meta property=\"og:site_name\" content=\"Biodynamizer\" \/>\n<meta property=\"article:modified_time\" content=\"2025-07-11T07:52:32+00:00\" \/>\n<meta property=\"og:image\" content=\"https:\/\/biodynamizer.com\/wp-content\/uploads\/2019\/11\/Depositphotos_15742931_xl-2015.jpg\" \/>\n\t<meta property=\"og:image:width\" content=\"2000\" \/>\n\t<meta property=\"og:image:height\" content=\"1333\" \/>\n\t<meta property=\"og:image:type\" content=\"image\/jpeg\" \/>\n<meta name=\"twitter:card\" content=\"summary_large_image\" \/>\n<meta name=\"twitter:label1\" content=\"Tiempo de lectura\" \/>\n\t<meta name=\"twitter:data1\" content=\"2 minutos\" \/>\n<script type=\"application\/ld+json\" class=\"yoast-schema-graph\">{\"@context\":\"https:\\\/\\\/schema.org\",\"@graph\":[{\"@type\":\"WebPage\",\"@id\":\"https:\\\/\\\/biodynamizer.com\\\/es\\\/los-beneficios\\\/una-solucion-global\\\/\",\"url\":\"https:\\\/\\\/biodynamizer.com\\\/es\\\/los-beneficios\\\/una-solucion-global\\\/\",\"name\":\"una soluci\u00f3n global y ecol\u00f3gica - Biodynamizer\",\"isPartOf\":{\"@id\":\"https:\\\/\\\/biodynamizer.com\\\/es\\\/#website\"},\"datePublished\":\"2020-01-28T09:34:23+00:00\",\"dateModified\":\"2025-07-11T07:52:32+00:00\",\"description\":\"Biodynamizer - una soluci\u00f3n global y ecol\u00f3gica - En savoir plus sur le biodynamizer et le biofiltre\",\"breadcrumb\":{\"@id\":\"https:\\\/\\\/biodynamizer.com\\\/es\\\/los-beneficios\\\/una-solucion-global\\\/#breadcrumb\"},\"inLanguage\":\"es\",\"potentialAction\":[{\"@type\":\"ReadAction\",\"target\":[\"https:\\\/\\\/biodynamizer.com\\\/es\\\/los-beneficios\\\/una-solucion-global\\\/\"]}]},{\"@type\":\"BreadcrumbList\",\"@id\":\"https:\\\/\\\/biodynamizer.com\\\/es\\\/los-beneficios\\\/una-solucion-global\\\/#breadcrumb\",\"itemListElement\":[{\"@type\":\"ListItem\",\"position\":1,\"name\":\"Home\",\"item\":\"https:\\\/\\\/biodynamizer.com\\\/es\\\/\"},{\"@type\":\"ListItem\",\"position\":2,\"name\":\"Los Beneficios\",\"item\":\"https:\\\/\\\/biodynamizer.com\\\/es\\\/los-beneficios\\\/\"},{\"@type\":\"ListItem\",\"position\":3,\"name\":\"una soluci\u00f3n global y ecol\u00f3gica\"}]},{\"@type\":\"WebSite\",\"@id\":\"https:\\\/\\\/biodynamizer.com\\\/es\\\/#website\",\"url\":\"https:\\\/\\\/biodynamizer.com\\\/es\\\/\",\"name\":\"Biodynamizer\",\"description\":\"Filtrez et dynamisez votre eau\",\"potentialAction\":[{\"@type\":\"SearchAction\",\"target\":{\"@type\":\"EntryPoint\",\"urlTemplate\":\"https:\\\/\\\/biodynamizer.com\\\/es\\\/?s={search_term_string}\"},\"query-input\":{\"@type\":\"PropertyValueSpecification\",\"valueRequired\":true,\"valueName\":\"search_term_string\"}}],\"inLanguage\":\"es\"}]}<\/script>\n<!-- \/ Yoast SEO plugin. -->","yoast_head_json":{"title":"una soluci\u00f3n global y ecol\u00f3gica - Biodynamizer","description":"Biodynamizer - una soluci\u00f3n global y ecol\u00f3gica - En savoir plus sur le biodynamizer et le biofiltre","robots":{"index":"index","follow":"follow","max-snippet":"max-snippet:-1","max-image-preview":"max-image-preview:large","max-video-preview":"max-video-preview:-1"},"canonical":"https:\/\/biodynamizer.com\/es\/los-beneficios\/una-solucion-global\/","og_locale":"es_ES","og_type":"article","og_title":"una soluci\u00f3n global y ecol\u00f3gica - Biodynamizer","og_description":"Biodynamizer - una soluci\u00f3n global y ecol\u00f3gica - En savoir plus sur le biodynamizer et le biofiltre","og_url":"https:\/\/biodynamizer.com\/es\/los-beneficios\/una-solucion-global\/","og_site_name":"Biodynamizer","article_modified_time":"2025-07-11T07:52:32+00:00","og_image":[{"width":2000,"height":1333,"url":"https:\/\/biodynamizer.com\/wp-content\/uploads\/2019\/11\/Depositphotos_15742931_xl-2015.jpg","type":"image\/jpeg"}],"twitter_card":"summary_large_image","twitter_misc":{"Tiempo de lectura":"2 minutos"},"schema":{"@context":"https:\/\/schema.org","@graph":[{"@type":"WebPage","@id":"https:\/\/biodynamizer.com\/es\/los-beneficios\/una-solucion-global\/","url":"https:\/\/biodynamizer.com\/es\/los-beneficios\/una-solucion-global\/","name":"una soluci\u00f3n global y ecol\u00f3gica - Biodynamizer","isPartOf":{"@id":"https:\/\/biodynamizer.com\/es\/#website"},"datePublished":"2020-01-28T09:34:23+00:00","dateModified":"2025-07-11T07:52:32+00:00","description":"Biodynamizer - una soluci\u00f3n global y ecol\u00f3gica - En savoir plus sur le biodynamizer et le biofiltre","breadcrumb":{"@id":"https:\/\/biodynamizer.com\/es\/los-beneficios\/una-solucion-global\/#breadcrumb"},"inLanguage":"es","potentialAction":[{"@type":"ReadAction","target":["https:\/\/biodynamizer.com\/es\/los-beneficios\/una-solucion-global\/"]}]},{"@type":"BreadcrumbList","@id":"https:\/\/biodynamizer.com\/es\/los-beneficios\/una-solucion-global\/#breadcrumb","itemListElement":[{"@type":"ListItem","position":1,"name":"Home","item":"https:\/\/biodynamizer.com\/es\/"},{"@type":"ListItem","position":2,"name":"Los Beneficios","item":"https:\/\/biodynamizer.com\/es\/los-beneficios\/"},{"@type":"ListItem","position":3,"name":"una soluci\u00f3n global y ecol\u00f3gica"}]},{"@type":"WebSite","@id":"https:\/\/biodynamizer.com\/es\/#website","url":"https:\/\/biodynamizer.com\/es\/","name":"Biodynamizer","description":"Filtrez et dynamisez votre eau","potentialAction":[{"@type":"SearchAction","target":{"@type":"EntryPoint","urlTemplate":"https:\/\/biodynamizer.com\/es\/?s={search_term_string}"},"query-input":{"@type":"PropertyValueSpecification","valueRequired":true,"valueName":"search_term_string"}}],"inLanguage":"es"}]}},"_links":{"self":[{"href":"https:\/\/biodynamizer.com\/es\/wp-json\/wp\/v2\/pages\/6115","targetHints":{"allow":["GET"]}}],"collection":[{"href":"https:\/\/biodynamizer.com\/es\/wp-json\/wp\/v2\/pages"}],"about":[{"href":"https:\/\/biodynamizer.com\/es\/wp-json\/wp\/v2\/types\/page"}],"author":[{"embeddable":true,"href":"https:\/\/biodynamizer.com\/es\/wp-json\/wp\/v2\/users\/3"}],"replies":[{"embeddable":true,"href":"https:\/\/biodynamizer.com\/es\/wp-json\/wp\/v2\/comments?post=6115"}],"version-history":[{"count":19,"href":"https:\/\/biodynamizer.com\/es\/wp-json\/wp\/v2\/pages\/6115\/revisions"}],"predecessor-version":[{"id":27530,"href":"https:\/\/biodynamizer.com\/es\/wp-json\/wp\/v2\/pages\/6115\/revisions\/27530"}],"up":[{"embeddable":true,"href":"https:\/\/biodynamizer.com\/es\/wp-json\/wp\/v2\/pages\/5830"}],"wp:attachment":[{"href":"https:\/\/biodynamizer.com\/es\/wp-json\/wp\/v2\/media?parent=6115"}],"curies":[{"name":"wp","href":"https:\/\/api.w.org\/{rel}","templated":true}]}}