{"id":6167,"date":"2020-01-27T13:56:39","date_gmt":"2020-01-27T13:56:39","guid":{"rendered":"https:\/\/biodynamizer.spleen-creation.be\/analyses-scientifiques\/analyse-bev-bio-electronique-de-vincent-observe-un-caractere-antioxydant-de-leau-dynamisee\/"},"modified":"2025-12-07T15:02:32","modified_gmt":"2025-12-07T15:02:32","slug":"analisis-bev-bio-electronico-de-las-vinces-observadas-un-caracter-antioxidante-del-agua-manifestado","status":"publish","type":"page","link":"https:\/\/biodynamizer.com\/es\/analisis-cientificos\/analisis-bev-bio-electronico-de-las-vinces-observadas-un-caracter-antioxidante-del-agua-manifestado\/","title":{"rendered":"El an\u00e1lisis Bioelectr\u00f3nico"},"content":{"rendered":"<section class=\"l-section wpb_row us_custom_916fdabd height_small\"><div class=\"l-section-h i-cf\"><div class=\"g-cols vc_row via_flex valign_top type_default stacking_default\"><div class=\"vc_col-sm-12 wpb_column vc_column_container\"><div class=\"vc_column-inner\"><div class=\"wpb_wrapper\"><nav class=\"g-breadcrumbs separator_custom align_none\" itemscope itemtype=\"http:\/\/schema.org\/BreadcrumbList\"><div class=\"g-breadcrumbs-item\" itemscope itemprop=\"itemListElement\" itemtype=\"http:\/\/schema.org\/ListItem\"><a itemprop=\"item\" href=\"https:\/\/biodynamizer.com\/es\/\"><span itemprop=\"name\">Inicio<\/span><\/a><meta itemprop=\"position\" content=\"1\"\/><\/div><div class=\"g-breadcrumbs-separator\">\/<\/div><div class=\"g-breadcrumbs-item\">P\u00e1ginas<\/div><\/nav><\/div><\/div><\/div><\/div><\/div><\/section><section class=\"l-section wpb_row fullheader height_huge with_img\"><div class=\"l-section-img\" role=\"img\" aria-label=\"Imagen\" data-img-width=\"1519\" data-img-height=\"371\" style=\"background-image: url(https:\/\/biodynamizer.com\/wp-content\/uploads\/2020\/03\/New-Project-40.jpg);background-repeat: no-repeat;\"><\/div><div class=\"l-section-h i-cf\"><div class=\"g-cols vc_row via_flex valign_top type_default stacking_default\"><div class=\"vc_col-sm-12 wpb_column vc_column_container has_text_color\"><div class=\"vc_column-inner us_custom_6df4bc3a\"><div class=\"wpb_wrapper\"><div class=\"wpb_text_column\"><div class=\"wpb_wrapper\"><h3>El an\u00e1lisis Bioelectr\u00f3nico observa un un caracter antioxidante del agua dinamizada<\/h3>\n<h3><\/h3>\n<\/div><\/div><\/div><\/div><\/div><\/div><\/div><\/section><section class=\"l-section wpb_row max500 height_large\"><div class=\"l-section-h i-cf\"><div class=\"g-cols vc_row via_flex valign_top type_default stacking_default\"><div class=\"vc_col-sm-4 wpb_column vc_column_container\"><div class=\"vc_column-inner\"><div class=\"wpb_wrapper\"><div class=\"w-separator size_medium\"><\/div><div class=\"w-image align_none\"><div class=\"w-image-h\"><img decoding=\"async\" width=\"308\" height=\"497\" src=\"https:\/\/biodynamizer.com\/wp-content\/uploads\/2020\/05\/Image1.jpg\" class=\"attachment-large size-large\" alt=\"\" loading=\"lazy\" srcset=\"https:\/\/biodynamizer.com\/wp-content\/uploads\/2020\/05\/Image1.jpg 308w, https:\/\/biodynamizer.com\/wp-content\/uploads\/2020\/05\/Image1-186x300.jpg 186w\" sizes=\"auto, (max-width: 308px) 100vw, 308px\" \/><\/div><\/div><div class=\"w-separator size_small\"><\/div><div class=\"w-image align_center\"><div class=\"w-image-h\"><img decoding=\"async\" width=\"1024\" height=\"1024\" src=\"https:\/\/biodynamizer.com\/wp-content\/uploads\/2020\/05\/5_ZnJlZV9yYWRpY2Fscw-1024x1024.jpg\" class=\"attachment-large size-large\" alt=\"\" loading=\"lazy\" srcset=\"https:\/\/biodynamizer.com\/wp-content\/uploads\/2020\/05\/5_ZnJlZV9yYWRpY2Fscw-1024x1024.jpg 1024w, https:\/\/biodynamizer.com\/wp-content\/uploads\/2020\/05\/5_ZnJlZV9yYWRpY2Fscw-300x300.jpg 300w, https:\/\/biodynamizer.com\/wp-content\/uploads\/2020\/05\/5_ZnJlZV9yYWRpY2Fscw-150x150.jpg 150w, https:\/\/biodynamizer.com\/wp-content\/uploads\/2020\/05\/5_ZnJlZV9yYWRpY2Fscw-1536x1536.jpg 1536w, https:\/\/biodynamizer.com\/wp-content\/uploads\/2020\/05\/5_ZnJlZV9yYWRpY2Fscw-2048x2048.jpg 2048w, https:\/\/biodynamizer.com\/wp-content\/uploads\/2020\/05\/5_ZnJlZV9yYWRpY2Fscw-600x600.jpg 600w, https:\/\/biodynamizer.com\/wp-content\/uploads\/2020\/05\/5_ZnJlZV9yYWRpY2Fscw-350x350.jpg 350w, https:\/\/biodynamizer.com\/wp-content\/uploads\/2020\/05\/5_ZnJlZV9yYWRpY2Fscw-400x400.jpg 400w, https:\/\/biodynamizer.com\/wp-content\/uploads\/2020\/05\/5_ZnJlZV9yYWRpY2Fscw-200x200.jpg 200w\" sizes=\"auto, (max-width: 1024px) 100vw, 1024px\" \/><\/div><\/div><div class=\"w-separator size_small\"><\/div><div class=\"w-image align_center\"><div class=\"w-image-h\"><img decoding=\"async\" width=\"1024\" height=\"626\" src=\"https:\/\/biodynamizer.com\/wp-content\/uploads\/2021\/08\/Depositphotos_95016836_xl-2015-1024x626.jpg\" class=\"attachment-large size-large\" alt=\"Jeune femme avec le visage et les mains au-dessus d\u2019\u00e9claboussures d\u2019eau, illustrant les soins de la peau, l\u2019hydratation et la sant\u00e9.\" loading=\"lazy\" srcset=\"https:\/\/biodynamizer.com\/wp-content\/uploads\/2021\/08\/Depositphotos_95016836_xl-2015-1024x626.jpg 1024w, https:\/\/biodynamizer.com\/wp-content\/uploads\/2021\/08\/Depositphotos_95016836_xl-2015-300x184.jpg 300w\" sizes=\"auto, (max-width: 1024px) 100vw, 1024px\" \/><\/div><\/div><div class=\"w-separator size_small\"><\/div><div class=\"w-image align_center\"><div class=\"w-image-h\"><img decoding=\"async\" width=\"1024\" height=\"1024\" src=\"https:\/\/biodynamizer.com\/wp-content\/uploads\/2021\/08\/Depositphotos_58733167_xl-2015-1024x1024.jpg\" class=\"attachment-large size-large\" alt=\"Urinary System - Female Organs - Human Anatomy\" loading=\"lazy\" srcset=\"https:\/\/biodynamizer.com\/wp-content\/uploads\/2021\/08\/Depositphotos_58733167_xl-2015-1024x1024.jpg 1024w, https:\/\/biodynamizer.com\/wp-content\/uploads\/2021\/08\/Depositphotos_58733167_xl-2015-300x300.jpg 300w, https:\/\/biodynamizer.com\/wp-content\/uploads\/2021\/08\/Depositphotos_58733167_xl-2015-150x150.jpg 150w, https:\/\/biodynamizer.com\/wp-content\/uploads\/2021\/08\/Depositphotos_58733167_xl-2015-600x600.jpg 600w, https:\/\/biodynamizer.com\/wp-content\/uploads\/2021\/08\/Depositphotos_58733167_xl-2015-350x350.jpg 350w, https:\/\/biodynamizer.com\/wp-content\/uploads\/2021\/08\/Depositphotos_58733167_xl-2015-400x400.jpg 400w, https:\/\/biodynamizer.com\/wp-content\/uploads\/2021\/08\/Depositphotos_58733167_xl-2015-200x200.jpg 200w\" sizes=\"auto, (max-width: 1024px) 100vw, 1024px\" \/><\/div><\/div><\/div><\/div><\/div><div class=\"vc_col-sm-8 wpb_column vc_column_container\"><div class=\"vc_column-inner\"><div class=\"wpb_wrapper\"><div class=\"wpb_text_column\"><div class=\"wpb_wrapper\"><p><strong>An\u00e1lisis BEV (Bioelectr\u00f3nica de Vincent utilizando electrodos calibrados de Hanna Instruments y el las f\u00f3rmulas del profesor Joseph Orszagh investigador de la Universidad de Mons-Hainaut en B\u00e9lgica) realizado por Sylvie Henry R\u00e9ant, Ingeniero Qu\u00edmico ENSCP, Master 2 Biolog\u00eda, en Rhode Saint Gen\u00e8se (B\u00e9lgica) el 19.05.2020 <\/strong>*Louis Claude Vincent: ingeniero hidr\u00f3logo y graduado de la Ecole Sup\u00e9rieure des Travaux Publics en Francia<\/p>\n<p>El an\u00e1lisis BEV (Bioelectr\u00f3nica an\u00e1lisis de Vincent) confirma que el Biodynamizer tendr\u00e1 un impacto real en el agua haci\u00e9ndola <strong>m\u00e1s reductora y m\u00e1s biocompatible<\/strong>. Con base en los par\u00e1metros medidos durante el an\u00e1lisis BEV, se puede decir que el Biodynamizer:<\/p>\n<ul>\n<li><strong>reduce muy significativamente el potencial de oxidaci\u00f3n del agua<\/strong> (observado en la Bioelectr\u00f3nica de Vincent por la ca\u00edda sustancial del factor rh2 en el agua dinamizada. Medida que procede de la evoluci\u00f3n del valor del pH, que no var\u00eda, y del valor del potencial redox (potencial de oxido-reducci\u00f3n) que disminuye bruscamente) =&gt; El agua dinamizada reduce la oxidaci\u00f3n porque ha sido ionizada (su carga el\u00e9ctrica ha cambiado principalmente por efecto del magnetismo). Tiene por tanto <strong>m\u00e1s electrones disponibles<\/strong> (<strong>que son electronegativos<\/strong>), ver las mismas conclusiones sobre este tema en el <a href=\"https:\/\/biodynamizer.com\/es\/analisis-cientificos\/el-espectrometro-bioscopio\/\"><span style=\"text-decoration: underline;\"><strong>an\u00e1lisis espectrom\u00e9trico por Bioscopio<\/strong><\/span><\/a> (descenso de la fase espectral en agua dinamizada), que pueden ser transferidos al medio formado por minerales inorg\u00e1nicos (en su interior) y minerales org\u00e1nicos (al que rodea). Por lo tanto, podemos pensar que el agua dinamizada puede contribuir a reducir la oxidaci\u00f3n del agua y, por lo tanto, del cuerpo,<\/li>\n<li><strong>aumenta el excedente de electrones disponibles en el agua y, por lo tanto, ayuda a combatir los radicales libres<\/strong> (dado que el agua dinamizada reduce la oxidaci\u00f3n, tiene m\u00e1s electrones \u00ablibres\u00bb alrededor de la mol\u00e9cula de agua que, por lo tanto, es probable que sean \u00abdonados\u00bb, lo que reequilibrar\u00e1 los radicales libres *. *\u00e1tomos inestables debido a la presencia de un solo electr\u00f3n no apareado en la capa exterior del \u00e1tomo de la mol\u00e9cula. Oxidan el cuerpo y causan degeneraci\u00f3n celular = envejecimiento celular,<\/li>\n<li><strong>debe permitir una mejor metabolizaci\u00f3n de los nutrientes y promover la desintoxicaci\u00f3n celular<\/strong>. <strong><a href=\"https:\/\/biodynamizer.com\/es\/agua\/analisis-adquiridos-por-sa-dynamized-technologies-sobre-la-influencia-del-magnetismo-en-el-agua\/\"><span style=\"text-decoration: underline;\">Los estudios sobre la influencia del magnetismo en el agua<\/span><\/a><\/strong>, as\u00ed como sus cualidades reductoras, permiten suponer que cuando el agua se beneficia de m\u00e1s electrones disponibles con carga electronegativa que rodean a los nutrientes (minerales org\u00e1nicos e inorg\u00e1nicos), deber\u00eda generar una diferencia de potencial entre el extracelular ( ambiente positivo) e intracelular (negativo) que debe contribuir (con la diferencia en los gradientes de concentraci\u00f3n de iones) a desencadenar la apertura\/cierre de los canales i\u00f3nicos transmembrana (que son dependientes de voltaje) y as\u00ed promover la entrada de nutrientes dentro de las c\u00e9lulas y el salida de desechos metab\u00f3licos fuera de las c\u00e9lulas (los profesores de Heidelberg Neher y Sakmann, Premio Nobel de Medicina 1991, por su m\u00e9todo de pinzamiento demostraron en la d\u00e9cada de 1980 que el metabolismo funciona a trav\u00e9s de canales i\u00f3nicos transmembrana con diferentes potenciales),<\/li>\n<li><strong>transforma algunos minerales inorg\u00e1nicos en coloides<\/strong> (part\u00edculas mucho m\u00e1s peque\u00f1as, de 10 a 1000 nm, con carga electromagn\u00e9tica).\n<ul>\n<li>Los minerales coloidales <strong>&lt; 50 nm<\/strong> se <strong>absorben<\/strong> con mayor facilidad (atraviesan la pared intestinal) hasta en un <strong>75 %<\/strong> (en comparaci\u00f3n con el 5 % al 25 % de los minerales inorg\u00e1nicos).<\/li>\n<li>Los minerales coloidales <strong>&gt; 50 nm<\/strong> se absorben con menor facilidad y permanecen principalmente en el <strong>intestino<\/strong> (ya que no pueden atravesar la pared intestinal) y, por lo tanto, se <strong>eliminan<\/strong> por las <strong>heces<\/strong> en lugar de por la orina (ri\u00f1ones). El exceso de minerales inorg\u00e1nicos (entre el 75 % y el 95 % de los minerales presentes en el agua) atraviesa la pared intestinal y se elimina principalmente por los ri\u00f1ones en la orina.<\/li>\n<\/ul>\n<\/li>\n<li><strong>conserva mucho mejor la energ\u00eda en el agua dinamizada<\/strong> (\u00a1al reducir la disipaci\u00f3n de energ\u00eda, v\u00e9ase tambi\u00e9n sobre este tema el <strong><a href=\"https:\/\/biodynamizer.com\/es\/analisis-cientificos\/lanalyse-biophotonique\/\">an\u00e1lisis biofot<\/a><a href=\"https:\/\/biodynamizer.com\/es\/analisis-cientificos\/la-camara-electrofotonica-coramp-soluciones\/\">\u00f3<\/a><a href=\"https:\/\/biodynamizer.com\/es\/analisis-cientificos\/lanalyse-biophotonique\/\">nico<\/a><\/strong> y <strong><a href=\"https:\/\/biodynamizer.com\/es\/analisis-cientificos\/la-camara-electrofotonica-coramp-soluciones\/\">an\u00e1lisis electrofot\u00f3nico<\/a><\/strong> que da fe de esto!)<\/li>\n<\/ul>\n<p><b>Explicaciones de los resultados obtenidos en el an\u00e1lisis :<\/b><\/p>\n<ul>\n<li>Factor rH2 del agua del grifo no tratada de Rhode Saint Gen\u00e8se (B\u00e9lgica) = 36,3 -&gt; 29,7 para el agua del grifo dinamizada, es decir, una disminuci\u00f3n exponencial de la oxidaci\u00f3n del agua de 6,4 unidades (de las cuales 4 para el Biodynamizer y 2,4 para el biofiltro) o 10-6,6 o pr\u00e1cticamente 4.000.000 de veces menos de oxidaci\u00f3n! El rH2 (que cuantifica la actividad del electr\u00f3n en el agua* y caracteriza el aspecto oxidante o antioxidante del agua, y que se calcula a partir de un electrodo espec\u00edfico, se calcula en base a mediciones de pH = 7,6 -&gt; 7,5, temperatura del agua del grifo en el s\u00f3tano de 13,5\u00b0C -&gt; 16,5\u00b0C (agua de cocina dinamizada), con <strong>un potencial redox de 385,2 mV (grifo) -&gt; 209,5 mV<\/strong> <strong>(dinamizada)<\/strong> = diferencia de potencial medida por un volt\u00edmetro <strong>(generalmente se acepta que cuanto mayor es el ORP, m\u00e1s \u00ab<em>oxidante<\/em>\u00bb es la soluci\u00f3n; cuanto m\u00e1s bajo es, m\u00e1s reductora o \u00ab<em>antioxidante<\/em>\u00bb es la soluci\u00f3n)<\/strong>, conductividad inalterada 750 \u00b5s\/cm; An\u00e1lisis repetidos a lo largo del d\u00eda con mediciones cada 3 minutos y con calibraci\u00f3n de los aparatos, sin contaminaci\u00f3n electromagn\u00e9tica; equilibrio ideal seg\u00fan BEV= pH 7 y rH2 28 * Andr\u00e9 Fougerousse (Profesor Honorario de Qu\u00edmica en la Universidad de Estrasburgo y ex Director de la Facultad de Qu\u00edmica de Estrasburgo (1999-2004)), en un art\u00edculo en el Bulletin de l&#8217;Union des Physiciens en 1996 \u00ab<em>El rH2 es una cantidad termodin\u00e1mica inequ\u00edvoca que permite identificar solo los intercambios de electrones en una fase acuosa, contrariamente al potencial cl\u00e1sico E, que est\u00e1 contaminado por el intercambio de protones<\/em>\u00ab<\/li>\n<li>La cuantificaci\u00f3n energ\u00e9tica de Vincent (W de Vincent = poder disipativo del agua en t\u00e9rminos de energ\u00eda, una funci\u00f3n de su conductividad, pH y rH2) aumenta de 400 \u00b5W\/cm3 para el agua del grifo no tratada a 180 \u00b5W\/cm3 para el agua del grifo dinamizada. Esto significa que el agua dinamizada conserva mejor la energ\u00eda, lo que ser\u00e1 favorable para el funcionamiento celular (v\u00e9ase al respecto la importancia del <strong><a href=\"https:\/\/biodynamizer.com\/es\/agua\/\">voltaje de <u>la membrana<\/u><\/a><\/strong>).<\/li>\n<\/ul>\n<\/div><\/div><div class=\"wpb_text_column\"><div class=\"wpb_wrapper\"><p><b>Importancia de reducir el agua para combatir los radicales libres que oxidan el cuerpo:<\/b><\/p>\n<ul>\n<li>El ox\u00edgeno (respiraci\u00f3n), la inflamaci\u00f3n (calor o dolor debido a una infecci\u00f3n u otro), o el estr\u00e9s oxidativo (causado por el alcohol, el tabaco, la comida \u00ab<i>industrial<\/i>\u00ab, &#8230;) pueden conducir a la producci\u00f3n de radicales libres. Los radicales libres son mol\u00e9culas inestables que carecen de un electr\u00f3n y que vienen a reequilibrarse rob\u00e1ndoselos a nuestras otras c\u00e9lulas (estables). Buscando esta estabilidad electr\u00f3nica y recuperando 1 electr\u00f3n en nuestras c\u00e9lulas, este radical libre las oxida. Cuando una c\u00e9lula se oxida, causa un envejecimiento prematuro de todo nuestro cuerpo y esto puede causar ciertas enfermedades o el envejecimiento prematuro de la piel.<\/li>\n<li>S\u00f3lo las mol\u00e9culas con electrones f\u00e1cilmente movilizables (mol\u00e9culas antioxidantes) son capaces de neutralizar los radicales libres (transfiri\u00e9ndoles uno de sus electrones libres, que los reequilibrar\u00e1n). Los antioxidantes permiten que nuestras c\u00e9lulas eviten la degeneraci\u00f3n y se mantengan saludables. Las frutas y verduras contienen una gran cantidad de antioxidantes cuando son org\u00e1nicas y reci\u00e9n cosechadas. La reducci\u00f3n biodin\u00e1mica del agua puede tener el mismo efecto. La medici\u00f3n del factor rH2 permite cuantificar la calidad reductora del agua.<\/li>\n<\/ul>\n<p>&nbsp;<\/p>\n<\/div><\/div><\/div><\/div><\/div><\/div><\/div><\/section>\n","protected":false},"excerpt":{"rendered":"Inicio\/P\u00e1ginasEl an\u00e1lisis Bioelectr\u00f3nico observa un un caracter antioxidante del agua dinamizada An\u00e1lisis BEV (Bioelectr\u00f3nica de Vincent utilizando electrodos calibrados de Hanna Instruments y el las f\u00f3rmulas del profesor Joseph Orszagh investigador de la Universidad de Mons-Hainaut en B\u00e9lgica) realizado por Sylvie Henry R\u00e9ant, Ingeniero Qu\u00edmico ENSCP, Master 2 Biolog\u00eda, en Rhode Saint Gen\u00e8se (B\u00e9lgica) el...","protected":false},"author":3,"featured_media":0,"parent":5818,"menu_order":10,"comment_status":"closed","ping_status":"closed","template":"","meta":{"_monsterinsights_skip_tracking":false,"_monsterinsights_sitenote_active":false,"_monsterinsights_sitenote_note":"","_monsterinsights_sitenote_category":0,"footnotes":""},"class_list":["post-6167","page","type-page","status-publish","hentry"],"yoast_head":"<!-- This site is optimized with the Yoast SEO plugin v27.3 - https:\/\/yoast.com\/product\/yoast-seo-wordpress\/ -->\n<title>El an\u00e1lisis Bioelectr\u00f3nico - Biodynamizer<\/title>\n<meta name=\"description\" content=\"El an\u00e1lisis bioelectr\u00f3nico de Vincent confirma que el agua biodinamizada es un agua reductora y menos oxidante y biocompatible, que participa en la regeneraci\u00f3n celular y conserva mucho mejor la energ\u00eda del agua.\" \/>\n<meta name=\"robots\" content=\"index, follow, max-snippet:-1, max-image-preview:large, max-video-preview:-1\" \/>\n<link rel=\"canonical\" href=\"https:\/\/biodynamizer.com\/es\/analisis-cientificos\/analisis-bev-bio-electronico-de-las-vinces-observadas-un-caracter-antioxidante-del-agua-manifestado\/\" \/>\n<meta property=\"og:locale\" content=\"es_ES\" \/>\n<meta property=\"og:type\" content=\"article\" \/>\n<meta property=\"og:title\" content=\"El an\u00e1lisis Bioelectr\u00f3nico - Biodynamizer\" \/>\n<meta property=\"og:description\" content=\"El an\u00e1lisis bioelectr\u00f3nico de Vincent confirma que el agua biodinamizada es un agua reductora y menos oxidante y biocompatible, que participa en la regeneraci\u00f3n celular y conserva mucho mejor la energ\u00eda del agua.\" \/>\n<meta property=\"og:url\" content=\"https:\/\/biodynamizer.com\/es\/analisis-cientificos\/analisis-bev-bio-electronico-de-las-vinces-observadas-un-caracter-antioxidante-del-agua-manifestado\/\" \/>\n<meta property=\"og:site_name\" content=\"Biodynamizer\" \/>\n<meta property=\"article:modified_time\" content=\"2025-12-07T15:02:32+00:00\" \/>\n<meta property=\"og:image\" content=\"https:\/\/biodynamizer.com\/wp-content\/uploads\/2019\/11\/Depositphotos_15742931_xl-2015.jpg\" \/>\n\t<meta property=\"og:image:width\" content=\"2000\" \/>\n\t<meta property=\"og:image:height\" content=\"1333\" \/>\n\t<meta property=\"og:image:type\" content=\"image\/jpeg\" \/>\n<meta name=\"twitter:card\" content=\"summary_large_image\" \/>\n<meta name=\"twitter:label1\" content=\"Tiempo de lectura\" \/>\n\t<meta name=\"twitter:data1\" content=\"7 minutos\" \/>\n<script type=\"application\/ld+json\" class=\"yoast-schema-graph\">{\"@context\":\"https:\\\/\\\/schema.org\",\"@graph\":[{\"@type\":\"WebPage\",\"@id\":\"https:\\\/\\\/biodynamizer.com\\\/es\\\/analisis-cientificos\\\/analisis-bev-bio-electronico-de-las-vinces-observadas-un-caracter-antioxidante-del-agua-manifestado\\\/\",\"url\":\"https:\\\/\\\/biodynamizer.com\\\/es\\\/analisis-cientificos\\\/analisis-bev-bio-electronico-de-las-vinces-observadas-un-caracter-antioxidante-del-agua-manifestado\\\/\",\"name\":\"El an\u00e1lisis Bioelectr\u00f3nico - Biodynamizer\",\"isPartOf\":{\"@id\":\"https:\\\/\\\/biodynamizer.com\\\/es\\\/#website\"},\"datePublished\":\"2020-01-27T13:56:39+00:00\",\"dateModified\":\"2025-12-07T15:02:32+00:00\",\"description\":\"El an\u00e1lisis bioelectr\u00f3nico de Vincent confirma que el agua biodinamizada es un agua reductora y menos oxidante y biocompatible, que participa en la regeneraci\u00f3n celular y conserva mucho mejor la energ\u00eda del agua.\",\"breadcrumb\":{\"@id\":\"https:\\\/\\\/biodynamizer.com\\\/es\\\/analisis-cientificos\\\/analisis-bev-bio-electronico-de-las-vinces-observadas-un-caracter-antioxidante-del-agua-manifestado\\\/#breadcrumb\"},\"inLanguage\":\"es\",\"potentialAction\":[{\"@type\":\"ReadAction\",\"target\":[\"https:\\\/\\\/biodynamizer.com\\\/es\\\/analisis-cientificos\\\/analisis-bev-bio-electronico-de-las-vinces-observadas-un-caracter-antioxidante-del-agua-manifestado\\\/\"]}]},{\"@type\":\"BreadcrumbList\",\"@id\":\"https:\\\/\\\/biodynamizer.com\\\/es\\\/analisis-cientificos\\\/analisis-bev-bio-electronico-de-las-vinces-observadas-un-caracter-antioxidante-del-agua-manifestado\\\/#breadcrumb\",\"itemListElement\":[{\"@type\":\"ListItem\",\"position\":1,\"name\":\"Home\",\"item\":\"https:\\\/\\\/biodynamizer.com\\\/es\\\/\"},{\"@type\":\"ListItem\",\"position\":2,\"name\":\"An\u00e1lisis\",\"item\":\"https:\\\/\\\/biodynamizer.com\\\/es\\\/analisis-cientificos\\\/\"},{\"@type\":\"ListItem\",\"position\":3,\"name\":\"El an\u00e1lisis Bioelectr\u00f3nico\"}]},{\"@type\":\"WebSite\",\"@id\":\"https:\\\/\\\/biodynamizer.com\\\/es\\\/#website\",\"url\":\"https:\\\/\\\/biodynamizer.com\\\/es\\\/\",\"name\":\"Biodynamizer\",\"description\":\"Filtrez et dynamisez votre eau\",\"potentialAction\":[{\"@type\":\"SearchAction\",\"target\":{\"@type\":\"EntryPoint\",\"urlTemplate\":\"https:\\\/\\\/biodynamizer.com\\\/es\\\/?s={search_term_string}\"},\"query-input\":{\"@type\":\"PropertyValueSpecification\",\"valueRequired\":true,\"valueName\":\"search_term_string\"}}],\"inLanguage\":\"es\"}]}<\/script>\n<!-- \/ Yoast SEO plugin. -->","yoast_head_json":{"title":"El an\u00e1lisis Bioelectr\u00f3nico - Biodynamizer","description":"El an\u00e1lisis bioelectr\u00f3nico de Vincent confirma que el agua biodinamizada es un agua reductora y menos oxidante y biocompatible, que participa en la regeneraci\u00f3n celular y conserva mucho mejor la energ\u00eda del agua.","robots":{"index":"index","follow":"follow","max-snippet":"max-snippet:-1","max-image-preview":"max-image-preview:large","max-video-preview":"max-video-preview:-1"},"canonical":"https:\/\/biodynamizer.com\/es\/analisis-cientificos\/analisis-bev-bio-electronico-de-las-vinces-observadas-un-caracter-antioxidante-del-agua-manifestado\/","og_locale":"es_ES","og_type":"article","og_title":"El an\u00e1lisis Bioelectr\u00f3nico - Biodynamizer","og_description":"El an\u00e1lisis bioelectr\u00f3nico de Vincent confirma que el agua biodinamizada es un agua reductora y menos oxidante y biocompatible, que participa en la regeneraci\u00f3n celular y conserva mucho mejor la energ\u00eda del agua.","og_url":"https:\/\/biodynamizer.com\/es\/analisis-cientificos\/analisis-bev-bio-electronico-de-las-vinces-observadas-un-caracter-antioxidante-del-agua-manifestado\/","og_site_name":"Biodynamizer","article_modified_time":"2025-12-07T15:02:32+00:00","og_image":[{"width":2000,"height":1333,"url":"https:\/\/biodynamizer.com\/wp-content\/uploads\/2019\/11\/Depositphotos_15742931_xl-2015.jpg","type":"image\/jpeg"}],"twitter_card":"summary_large_image","twitter_misc":{"Tiempo de lectura":"7 minutos"},"schema":{"@context":"https:\/\/schema.org","@graph":[{"@type":"WebPage","@id":"https:\/\/biodynamizer.com\/es\/analisis-cientificos\/analisis-bev-bio-electronico-de-las-vinces-observadas-un-caracter-antioxidante-del-agua-manifestado\/","url":"https:\/\/biodynamizer.com\/es\/analisis-cientificos\/analisis-bev-bio-electronico-de-las-vinces-observadas-un-caracter-antioxidante-del-agua-manifestado\/","name":"El an\u00e1lisis Bioelectr\u00f3nico - Biodynamizer","isPartOf":{"@id":"https:\/\/biodynamizer.com\/es\/#website"},"datePublished":"2020-01-27T13:56:39+00:00","dateModified":"2025-12-07T15:02:32+00:00","description":"El an\u00e1lisis bioelectr\u00f3nico de Vincent confirma que el agua biodinamizada es un agua reductora y menos oxidante y biocompatible, que participa en la regeneraci\u00f3n celular y conserva mucho mejor la energ\u00eda del agua.","breadcrumb":{"@id":"https:\/\/biodynamizer.com\/es\/analisis-cientificos\/analisis-bev-bio-electronico-de-las-vinces-observadas-un-caracter-antioxidante-del-agua-manifestado\/#breadcrumb"},"inLanguage":"es","potentialAction":[{"@type":"ReadAction","target":["https:\/\/biodynamizer.com\/es\/analisis-cientificos\/analisis-bev-bio-electronico-de-las-vinces-observadas-un-caracter-antioxidante-del-agua-manifestado\/"]}]},{"@type":"BreadcrumbList","@id":"https:\/\/biodynamizer.com\/es\/analisis-cientificos\/analisis-bev-bio-electronico-de-las-vinces-observadas-un-caracter-antioxidante-del-agua-manifestado\/#breadcrumb","itemListElement":[{"@type":"ListItem","position":1,"name":"Home","item":"https:\/\/biodynamizer.com\/es\/"},{"@type":"ListItem","position":2,"name":"An\u00e1lisis","item":"https:\/\/biodynamizer.com\/es\/analisis-cientificos\/"},{"@type":"ListItem","position":3,"name":"El an\u00e1lisis Bioelectr\u00f3nico"}]},{"@type":"WebSite","@id":"https:\/\/biodynamizer.com\/es\/#website","url":"https:\/\/biodynamizer.com\/es\/","name":"Biodynamizer","description":"Filtrez et dynamisez votre eau","potentialAction":[{"@type":"SearchAction","target":{"@type":"EntryPoint","urlTemplate":"https:\/\/biodynamizer.com\/es\/?s={search_term_string}"},"query-input":{"@type":"PropertyValueSpecification","valueRequired":true,"valueName":"search_term_string"}}],"inLanguage":"es"}]}},"_links":{"self":[{"href":"https:\/\/biodynamizer.com\/es\/wp-json\/wp\/v2\/pages\/6167","targetHints":{"allow":["GET"]}}],"collection":[{"href":"https:\/\/biodynamizer.com\/es\/wp-json\/wp\/v2\/pages"}],"about":[{"href":"https:\/\/biodynamizer.com\/es\/wp-json\/wp\/v2\/types\/page"}],"author":[{"embeddable":true,"href":"https:\/\/biodynamizer.com\/es\/wp-json\/wp\/v2\/users\/3"}],"replies":[{"embeddable":true,"href":"https:\/\/biodynamizer.com\/es\/wp-json\/wp\/v2\/comments?post=6167"}],"version-history":[{"count":40,"href":"https:\/\/biodynamizer.com\/es\/wp-json\/wp\/v2\/pages\/6167\/revisions"}],"predecessor-version":[{"id":30404,"href":"https:\/\/biodynamizer.com\/es\/wp-json\/wp\/v2\/pages\/6167\/revisions\/30404"}],"up":[{"embeddable":true,"href":"https:\/\/biodynamizer.com\/es\/wp-json\/wp\/v2\/pages\/5818"}],"wp:attachment":[{"href":"https:\/\/biodynamizer.com\/es\/wp-json\/wp\/v2\/media?parent=6167"}],"curies":[{"name":"wp","href":"https:\/\/api.w.org\/{rel}","templated":true}]}}