{"id":6171,"date":"2020-01-27T13:43:10","date_gmt":"2020-01-27T13:43:10","guid":{"rendered":"https:\/\/biodynamizer.spleen-creation.be\/analyses-scientifiques\/le-bioscope-spectrometre\/"},"modified":"2025-09-09T10:59:41","modified_gmt":"2025-09-09T10:59:41","slug":"el-espectrometro-bioscopio","status":"publish","type":"page","link":"https:\/\/biodynamizer.com\/es\/analisis-cientificos\/el-espectrometro-bioscopio\/","title":{"rendered":"El an\u00e1lisis espectral (Bioscope)"},"content":{"rendered":"<section class=\"l-section wpb_row us_custom_916fdabd height_small\"><div class=\"l-section-h i-cf\"><div class=\"g-cols vc_row via_flex valign_top type_default stacking_default\"><div class=\"vc_col-sm-12 wpb_column vc_column_container\"><div class=\"vc_column-inner\"><div class=\"wpb_wrapper\"><nav class=\"g-breadcrumbs separator_custom align_none\" itemscope itemtype=\"http:\/\/schema.org\/BreadcrumbList\"><div class=\"g-breadcrumbs-item\" itemscope itemprop=\"itemListElement\" itemtype=\"http:\/\/schema.org\/ListItem\"><a itemprop=\"item\" href=\"https:\/\/biodynamizer.com\/es\/\"><span itemprop=\"name\">Inicio<\/span><\/a><meta itemprop=\"position\" content=\"1\"\/><\/div><div class=\"g-breadcrumbs-separator\">\/<\/div><div class=\"g-breadcrumbs-item\">P\u00e1ginas<\/div><\/nav><\/div><\/div><\/div><\/div><\/div><\/section><section class=\"l-section wpb_row fullheader height_huge with_img\"><div class=\"l-section-img\" role=\"img\" aria-label=\"Imagen\" data-img-width=\"1519\" data-img-height=\"371\" style=\"background-image: url(https:\/\/biodynamizer.com\/wp-content\/uploads\/2020\/03\/New-Project-37.jpg);background-repeat: no-repeat;\"><\/div><div class=\"l-section-h i-cf\"><div class=\"g-cols vc_row via_flex valign_top type_default stacking_default\"><div class=\"vc_col-sm-12 wpb_column vc_column_container has_text_color\"><div class=\"vc_column-inner us_custom_6df4bc3a\"><div class=\"wpb_wrapper\"><div class=\"wpb_text_column\"><div class=\"wpb_wrapper\"><h3>El an\u00e1lisis espectral (mediante el espectr\u00f3metro Bioscope)<\/h3>\n<h3><\/h3>\n<\/div><\/div><\/div><\/div><\/div><\/div><\/div><\/section><section class=\"l-section wpb_row max500 height_large\"><div class=\"l-section-h i-cf\"><div class=\"g-cols vc_row via_flex valign_top type_default stacking_default\"><div class=\"vc_col-sm-12 wpb_column vc_column_container\"><div class=\"vc_column-inner\"><div class=\"wpb_wrapper\"><div class=\"wpb_text_column\"><div class=\"wpb_wrapper\"><p><b><i>Investigador: Pier Rubesa (Sound Ir.), Grandson, Suiza<\/i><\/b><\/p>\n<p>Estudios del Bioscope encargado por SA Dynamized Technologies el 23.07.2025 &amp; 13.09.2016.<\/p>\n<p><b>Proceso<\/b>: El Bioscope es un espectr\u00f3metro que analiza los cambios en las propiedades el\u00e9ctricas del agua tras la emisi\u00f3n de una se\u00f1al el\u00e9ctrica de baja frecuencia (113 Hz) enviada al agua a trav\u00e9s de un electrodo. La interpretaci\u00f3n de las mediciones (distorsi\u00f3n entre la se\u00f1al emitida y la recibida) es asistida por ordenador. El an\u00e1lisis se centra principalmente en los desplazamientos de la energ\u00eda (en t\u00e9rminos de electrones\/protones), <i>la din\u00e1mica del campo el\u00e9ctrico,<\/i> especialmente hacia los rangos de baja frecuencia = frecuencias emitidas por los \u00ab<i>vivos<\/i>\u00ab* = especialmente las c\u00e9lulas<\/p>\n<\/div><\/div><\/div><\/div><\/div><\/div><\/div><\/section><section class=\"l-section wpb_row height_large\"><div class=\"l-section-overlay\" style=\"background:rgba(172,172,172,0.2)\"><\/div><div class=\"l-section-h i-cf\"><div class=\"g-cols vc_row via_flex valign_top type_default stacking_default\"><div class=\"vc_col-sm-12 wpb_column vc_column_container\"><div class=\"vc_column-inner\"><div class=\"wpb_wrapper\"><div class=\"wpb_text_column\"><div class=\"wpb_wrapper\"><h2>El Bioscope observa un desplazamiento de energ\u00eda hacia rangos de frecuencia espec\u00edficos que da testimonio de una organizaci\u00f3n electrodin\u00e1mica m\u00e1s organizada, estructurada y coherente en el agua biodinamizada<\/h2>\n<h2><\/h2>\n<\/div><\/div><div class=\"w-separator size_medium\"><\/div><div class=\"w-image us_custom_057801f8 align_left has_bg_color\"><div class=\"w-image-h\"><img decoding=\"async\" width=\"1024\" height=\"464\" src=\"https:\/\/biodynamizer.com\/wp-content\/uploads\/2025\/08\/Surface-spectrum-Bioscope-Dynamized-water-1-1024x464.png\" class=\"attachment-large size-large\" alt=\"Image du spectre de surface d\u2019une eau dynamis\u00e9e observ\u00e9 au bioscope, montrant des motifs lumineux et des structures ondulatoires abstraites.\" loading=\"lazy\" srcset=\"https:\/\/biodynamizer.com\/wp-content\/uploads\/2025\/08\/Surface-spectrum-Bioscope-Dynamized-water-1-1024x464.png 1024w, https:\/\/biodynamizer.com\/wp-content\/uploads\/2025\/08\/Surface-spectrum-Bioscope-Dynamized-water-1-300x136.png 300w, https:\/\/biodynamizer.com\/wp-content\/uploads\/2025\/08\/Surface-spectrum-Bioscope-Dynamized-water-1-600x272.png 600w, https:\/\/biodynamizer.com\/wp-content\/uploads\/2025\/08\/Surface-spectrum-Bioscope-Dynamized-water-1-640x290.png 640w, https:\/\/biodynamizer.com\/wp-content\/uploads\/2025\/08\/Surface-spectrum-Bioscope-Dynamized-water-1.png 1509w\" sizes=\"auto, (max-width: 1024px) 100vw, 1024px\" \/><\/div><\/div><div class=\"wpb_text_column\"><div class=\"wpb_wrapper\"><p><em>Espectro superficial antes y despu\u00e9s del paso del agua por el Biodiodynamizer: Observamos una cambio en la intensidad energ\u00e9tica hacia bandas de frecuencia espec\u00edficas (esto se manifiesta por el cambio en los picos de amplitud, gr\u00e1fico 1).<\/em><\/p>\n<\/div><\/div><div class=\"w-image us_custom_057801f8 align_left has_bg_color\"><div class=\"w-image-h\"><img decoding=\"async\" width=\"1024\" height=\"518\" src=\"https:\/\/biodynamizer.com\/wp-content\/uploads\/2025\/08\/Surface-spectrum-Bioscope-Dynamized-water-2-1024x518.png\" class=\"attachment-large size-large\" alt=\"Image du spectre de surface d\u2019une eau dynamis\u00e9e observ\u00e9 au bioscope, montrant des motifs lumineux et des structures ondulatoires abstraites.\" loading=\"lazy\" srcset=\"https:\/\/biodynamizer.com\/wp-content\/uploads\/2025\/08\/Surface-spectrum-Bioscope-Dynamized-water-2-1024x518.png 1024w, https:\/\/biodynamizer.com\/wp-content\/uploads\/2025\/08\/Surface-spectrum-Bioscope-Dynamized-water-2-300x152.png 300w, https:\/\/biodynamizer.com\/wp-content\/uploads\/2025\/08\/Surface-spectrum-Bioscope-Dynamized-water-2-600x304.png 600w, https:\/\/biodynamizer.com\/wp-content\/uploads\/2025\/08\/Surface-spectrum-Bioscope-Dynamized-water-2-640x324.png 640w, https:\/\/biodynamizer.com\/wp-content\/uploads\/2025\/08\/Surface-spectrum-Bioscope-Dynamized-water-2.png 1423w\" sizes=\"auto, (max-width: 1024px) 100vw, 1024px\" \/><\/div><\/div><div class=\"wpb_text_column\"><div class=\"wpb_wrapper\"><p><em>Espectro superficial antes y despu\u00e9s del paso del agua por el Biodiodynamizer: Observamos una pulsaci\u00f3n de energ\u00eda a ritmos regulares (peri\u00f3dicos) y sistem\u00e1ticos, lo que demuestra una organizaci\u00f3n electrodin\u00e1mica m\u00e1s estructurada y coherente del agua biodinamizada (gr\u00e1fico 2)<\/em><\/p>\n<\/div><\/div><div class=\"w-separator size_medium\"><\/div><div class=\"wpb_text_column\"><div class=\"wpb_wrapper\"><p>El Bioscopio es un <b>espectr\u00f3metro que mide las caracter\u00edsticas electrodin\u00e1micas del agua tras emitir se\u00f1ales ac\u00fasticas <\/b>(su permitividad diel\u00e9ctrica o la reorganizaci\u00f3n de las cargas el\u00e9ctricas en el agua). Observ\u00f3 un <b>desplazamiento de la energ\u00eda <\/b>(la de la se\u00f1al de excitaci\u00f3n de baja frecuencia de 113 Hz enviada por un electrodo en el agua biodinamizada) hacia bandas de <b>frecuencia espec\u00edficas <\/b>(Hz) cuyas <b>amplitudes<\/b> (eV), positivas y negativas, var\u00edan hasta en 6 dB (es decir, la intensidad y cantidad de luz reflejada por longitud de onda). En el agua biodinamizada, estos cambios de amplitud (en electr\u00f3n-voltios) se producen hacia ciertas frecuencias arm\u00f3nicas (interrelacionadas) (en hercios), <b>a ritmos regulares<\/b> (peri\u00f3dicos) y <b>sistem\u00e1ticos<\/b>, lo que demuestra una <b>organizaci\u00f3n electrodin\u00e1mica m\u00e1s organizada, estructurada y coherente del agua <\/b><b>biodinamizada<\/b> (= una modificaci\u00f3n del perfil espectral del agua dinamizada que se manifiesta por cambios en las amplitudes o intensidades de energ\u00eda a ciertas frecuencias ac\u00fasticas).<\/p>\n<p>Esta observaci\u00f3n puede explicarse por la <b>reestructuraci\u00f3n de los enlaces de hidr\u00f3geno en los grupos de mol\u00e9culas de agua inducida por su dinamizaci\u00f3n <\/b>(dado que la reorganizaci\u00f3n de los grupos de agua modifica las excitaciones de se\u00f1ales vibracionales, rotacionales y colectivas, cualquier reorganizaci\u00f3n de la estructura molecular podr\u00eda modular la forma en que el agua absorbe, transmite y refleja el sonido o la energ\u00eda electromagn\u00e9tica, lo que se manifiesta como cambios de amplitud a frecuencias espec\u00edficas).<\/p>\n<p><b>Esta reasignaci\u00f3n de energ\u00eda modifica las propiedades fisicoqu\u00edmicas y biol\u00f3gicas del agua dinamizada<\/b>.<\/p>\n<\/div><\/div><div class=\"w-separator size_medium\"><\/div><div class=\"w-image align_none\"><div class=\"w-image-h\"><img decoding=\"async\" width=\"533\" height=\"400\" src=\"https:\/\/biodynamizer.com\/wp-content\/uploads\/2025\/08\/IMG_7934-533x400.jpeg\" class=\"attachment-us_600_400 size-us_600_400\" alt=\"Homme travaillant sur un ordinateur\" loading=\"lazy\" srcset=\"https:\/\/biodynamizer.com\/wp-content\/uploads\/2025\/08\/IMG_7934-533x400.jpeg 533w, https:\/\/biodynamizer.com\/wp-content\/uploads\/2025\/08\/IMG_7934-300x225.jpeg 300w, https:\/\/biodynamizer.com\/wp-content\/uploads\/2025\/08\/IMG_7934-1024x768.jpeg 1024w, https:\/\/biodynamizer.com\/wp-content\/uploads\/2025\/08\/IMG_7934-640x480.jpeg 640w, https:\/\/biodynamizer.com\/wp-content\/uploads\/2025\/08\/IMG_7934.jpeg 2048w\" sizes=\"auto, (max-width: 533px) 100vw, 533px\" \/><\/div><\/div><div class=\"wpb_text_column\"><div class=\"wpb_wrapper\"><p><i>Pier Rubesa + Bioscope<\/i><\/p>\n<\/div><\/div><div class=\"w-separator size_medium\"><\/div><div class=\"wpb_text_column\"><div class=\"wpb_wrapper\"><p><i>* <\/i>William Ross Adey profesor de anatom\u00fda y fisiolog\u00eda en la Universidad de California \u00bb Electromagnetic Fields and the Essence of Living Systems \u00bb : \u00bb Los <i>estudios de laboratorio han probado un espectro de campos EM para los bioefectos a nivel celular y molecular, centr\u00e1ndose en las exposiciones a niveles at\u00e9rmicos. Una clara conclusi\u00f3n emergente es que muchas de las interacciones observadas no se basan en el calentamiento de los tejidos. La modulaci\u00f3n de los eventos qu\u00edmicos de la superficie de la c\u00e9lula por campos electromagn\u00e9ticos d\u00e9biles indica una amplificaci\u00f3n importante de los desencadenantes d\u00e9biles iniciales asociados con la uni\u00f3n de hormonas, anticuerpos y neurotransmisores a sus sitios de uni\u00f3n espec\u00edficos. Los iones de calcio juegan un papel clave en esta amplificaci\u00f3n. Estos estudios apoyan nuevos conceptos de comunicaci\u00f3n entre c\u00e9lulas a trav\u00e9s de las barreras de las membranas celulares; y apuntan con creciente certeza a una organizaci\u00f3n f\u00edsica esencial en la materia viva, a un nivel mucho m\u00e1s fino que la imagen estructural y funcional definida en la qu\u00edmica de las mol\u00e9culas.\u00a0 Cada vez hay m\u00e1s pruebas de que estos acontecimientos se relacionan con los estados cu\u00e1nticos y las respuestas resonantes en los sistemas biomoleculares, y no con la termodin\u00e1mica de equilibrio asociada a los intercambios de energ\u00eda t\u00e9rmica y al calentamiento de los tejidos\u00bb.<\/i><\/p>\n<p>&nbsp;<\/p>\n<\/div><\/div><\/div><\/div><\/div><\/div><\/div><\/section><section class=\"l-section wpb_row height_auto\"><div class=\"l-section-h i-cf\"><div class=\"g-cols vc_row via_flex valign_top type_default stacking_default\"><div class=\"vc_col-sm-12 wpb_column vc_column_container\"><div class=\"vc_column-inner\"><div class=\"wpb_wrapper\"><\/div><\/div><\/div><\/div><\/div><\/section>\n","protected":false},"excerpt":{"rendered":"Inicio\/P\u00e1ginasEl an\u00e1lisis espectral (mediante el espectr\u00f3metro Bioscope) Investigador: Pier Rubesa (Sound Ir.), Grandson, Suiza Estudios del Bioscope encargado por SA Dynamized Technologies el 23.07.2025 &amp; 13.09.2016. Proceso: El Bioscope es un espectr\u00f3metro que analiza los cambios en las propiedades el\u00e9ctricas del agua tras la emisi\u00f3n de una se\u00f1al el\u00e9ctrica de baja frecuencia (113 Hz) enviada...","protected":false},"author":3,"featured_media":0,"parent":5818,"menu_order":8,"comment_status":"closed","ping_status":"closed","template":"","meta":{"_monsterinsights_skip_tracking":false,"_monsterinsights_sitenote_active":false,"_monsterinsights_sitenote_note":"","_monsterinsights_sitenote_category":0,"footnotes":""},"class_list":["post-6171","page","type-page","status-publish","hentry"],"yoast_head":"<!-- This site is optimized with the Yoast SEO plugin v27.4 - https:\/\/yoast.com\/product\/yoast-seo-wordpress\/ -->\n<title>El an\u00e1lisis espectral (Bioscope) - Biodynamizer<\/title>\n<meta name=\"description\" content=\"Biodynamizer - El an\u00e1lisis espectral (Bioscope) - En savoir plus sur le biodynamizer et le biofiltre\" \/>\n<meta name=\"robots\" content=\"index, follow, max-snippet:-1, max-image-preview:large, max-video-preview:-1\" \/>\n<link rel=\"canonical\" href=\"https:\/\/biodynamizer.com\/es\/analisis-cientificos\/el-espectrometro-bioscopio\/\" \/>\n<meta property=\"og:locale\" content=\"es_ES\" \/>\n<meta property=\"og:type\" content=\"article\" \/>\n<meta property=\"og:title\" content=\"El an\u00e1lisis espectral (Bioscope) - Biodynamizer\" \/>\n<meta property=\"og:description\" content=\"Biodynamizer - El an\u00e1lisis espectral (Bioscope) - En savoir plus sur le biodynamizer et le biofiltre\" \/>\n<meta property=\"og:url\" content=\"https:\/\/biodynamizer.com\/es\/analisis-cientificos\/el-espectrometro-bioscopio\/\" \/>\n<meta property=\"og:site_name\" content=\"Biodynamizer\" \/>\n<meta property=\"article:modified_time\" content=\"2025-09-09T10:59:41+00:00\" \/>\n<meta property=\"og:image\" content=\"https:\/\/biodynamizer.com\/wp-content\/uploads\/2019\/11\/Depositphotos_15742931_xl-2015.jpg\" \/>\n\t<meta property=\"og:image:width\" content=\"2000\" \/>\n\t<meta property=\"og:image:height\" content=\"1333\" \/>\n\t<meta property=\"og:image:type\" content=\"image\/jpeg\" \/>\n<meta name=\"twitter:card\" content=\"summary_large_image\" \/>\n<meta name=\"twitter:label1\" content=\"Tiempo de lectura\" \/>\n\t<meta name=\"twitter:data1\" content=\"4 minutos\" \/>\n<script type=\"application\/ld+json\" class=\"yoast-schema-graph\">{\"@context\":\"https:\\\/\\\/schema.org\",\"@graph\":[{\"@type\":\"WebPage\",\"@id\":\"https:\\\/\\\/biodynamizer.com\\\/es\\\/analisis-cientificos\\\/el-espectrometro-bioscopio\\\/\",\"url\":\"https:\\\/\\\/biodynamizer.com\\\/es\\\/analisis-cientificos\\\/el-espectrometro-bioscopio\\\/\",\"name\":\"El an\u00e1lisis espectral (Bioscope) - Biodynamizer\",\"isPartOf\":{\"@id\":\"https:\\\/\\\/biodynamizer.com\\\/es\\\/#website\"},\"datePublished\":\"2020-01-27T13:43:10+00:00\",\"dateModified\":\"2025-09-09T10:59:41+00:00\",\"description\":\"Biodynamizer - El an\u00e1lisis espectral (Bioscope) - En savoir plus sur le biodynamizer et le biofiltre\",\"breadcrumb\":{\"@id\":\"https:\\\/\\\/biodynamizer.com\\\/es\\\/analisis-cientificos\\\/el-espectrometro-bioscopio\\\/#breadcrumb\"},\"inLanguage\":\"es\",\"potentialAction\":[{\"@type\":\"ReadAction\",\"target\":[\"https:\\\/\\\/biodynamizer.com\\\/es\\\/analisis-cientificos\\\/el-espectrometro-bioscopio\\\/\"]}]},{\"@type\":\"BreadcrumbList\",\"@id\":\"https:\\\/\\\/biodynamizer.com\\\/es\\\/analisis-cientificos\\\/el-espectrometro-bioscopio\\\/#breadcrumb\",\"itemListElement\":[{\"@type\":\"ListItem\",\"position\":1,\"name\":\"Home\",\"item\":\"https:\\\/\\\/biodynamizer.com\\\/es\\\/\"},{\"@type\":\"ListItem\",\"position\":2,\"name\":\"An\u00e1lisis\",\"item\":\"https:\\\/\\\/biodynamizer.com\\\/es\\\/analisis-cientificos\\\/\"},{\"@type\":\"ListItem\",\"position\":3,\"name\":\"El an\u00e1lisis espectral (Bioscope)\"}]},{\"@type\":\"WebSite\",\"@id\":\"https:\\\/\\\/biodynamizer.com\\\/es\\\/#website\",\"url\":\"https:\\\/\\\/biodynamizer.com\\\/es\\\/\",\"name\":\"Biodynamizer\",\"description\":\"Filtrez et dynamisez votre eau\",\"potentialAction\":[{\"@type\":\"SearchAction\",\"target\":{\"@type\":\"EntryPoint\",\"urlTemplate\":\"https:\\\/\\\/biodynamizer.com\\\/es\\\/?s={search_term_string}\"},\"query-input\":{\"@type\":\"PropertyValueSpecification\",\"valueRequired\":true,\"valueName\":\"search_term_string\"}}],\"inLanguage\":\"es\"}]}<\/script>\n<!-- \/ Yoast SEO plugin. -->","yoast_head_json":{"title":"El an\u00e1lisis espectral (Bioscope) - Biodynamizer","description":"Biodynamizer - El an\u00e1lisis espectral (Bioscope) - En savoir plus sur le biodynamizer et le biofiltre","robots":{"index":"index","follow":"follow","max-snippet":"max-snippet:-1","max-image-preview":"max-image-preview:large","max-video-preview":"max-video-preview:-1"},"canonical":"https:\/\/biodynamizer.com\/es\/analisis-cientificos\/el-espectrometro-bioscopio\/","og_locale":"es_ES","og_type":"article","og_title":"El an\u00e1lisis espectral (Bioscope) - Biodynamizer","og_description":"Biodynamizer - El an\u00e1lisis espectral (Bioscope) - En savoir plus sur le biodynamizer et le biofiltre","og_url":"https:\/\/biodynamizer.com\/es\/analisis-cientificos\/el-espectrometro-bioscopio\/","og_site_name":"Biodynamizer","article_modified_time":"2025-09-09T10:59:41+00:00","og_image":[{"width":2000,"height":1333,"url":"https:\/\/biodynamizer.com\/wp-content\/uploads\/2019\/11\/Depositphotos_15742931_xl-2015.jpg","type":"image\/jpeg"}],"twitter_card":"summary_large_image","twitter_misc":{"Tiempo de lectura":"4 minutos"},"schema":{"@context":"https:\/\/schema.org","@graph":[{"@type":"WebPage","@id":"https:\/\/biodynamizer.com\/es\/analisis-cientificos\/el-espectrometro-bioscopio\/","url":"https:\/\/biodynamizer.com\/es\/analisis-cientificos\/el-espectrometro-bioscopio\/","name":"El an\u00e1lisis espectral (Bioscope) - Biodynamizer","isPartOf":{"@id":"https:\/\/biodynamizer.com\/es\/#website"},"datePublished":"2020-01-27T13:43:10+00:00","dateModified":"2025-09-09T10:59:41+00:00","description":"Biodynamizer - El an\u00e1lisis espectral (Bioscope) - En savoir plus sur le biodynamizer et le biofiltre","breadcrumb":{"@id":"https:\/\/biodynamizer.com\/es\/analisis-cientificos\/el-espectrometro-bioscopio\/#breadcrumb"},"inLanguage":"es","potentialAction":[{"@type":"ReadAction","target":["https:\/\/biodynamizer.com\/es\/analisis-cientificos\/el-espectrometro-bioscopio\/"]}]},{"@type":"BreadcrumbList","@id":"https:\/\/biodynamizer.com\/es\/analisis-cientificos\/el-espectrometro-bioscopio\/#breadcrumb","itemListElement":[{"@type":"ListItem","position":1,"name":"Home","item":"https:\/\/biodynamizer.com\/es\/"},{"@type":"ListItem","position":2,"name":"An\u00e1lisis","item":"https:\/\/biodynamizer.com\/es\/analisis-cientificos\/"},{"@type":"ListItem","position":3,"name":"El an\u00e1lisis espectral (Bioscope)"}]},{"@type":"WebSite","@id":"https:\/\/biodynamizer.com\/es\/#website","url":"https:\/\/biodynamizer.com\/es\/","name":"Biodynamizer","description":"Filtrez et dynamisez votre eau","potentialAction":[{"@type":"SearchAction","target":{"@type":"EntryPoint","urlTemplate":"https:\/\/biodynamizer.com\/es\/?s={search_term_string}"},"query-input":{"@type":"PropertyValueSpecification","valueRequired":true,"valueName":"search_term_string"}}],"inLanguage":"es"}]}},"_links":{"self":[{"href":"https:\/\/biodynamizer.com\/es\/wp-json\/wp\/v2\/pages\/6171","targetHints":{"allow":["GET"]}}],"collection":[{"href":"https:\/\/biodynamizer.com\/es\/wp-json\/wp\/v2\/pages"}],"about":[{"href":"https:\/\/biodynamizer.com\/es\/wp-json\/wp\/v2\/types\/page"}],"author":[{"embeddable":true,"href":"https:\/\/biodynamizer.com\/es\/wp-json\/wp\/v2\/users\/3"}],"replies":[{"embeddable":true,"href":"https:\/\/biodynamizer.com\/es\/wp-json\/wp\/v2\/comments?post=6171"}],"version-history":[{"count":21,"href":"https:\/\/biodynamizer.com\/es\/wp-json\/wp\/v2\/pages\/6171\/revisions"}],"predecessor-version":[{"id":28876,"href":"https:\/\/biodynamizer.com\/es\/wp-json\/wp\/v2\/pages\/6171\/revisions\/28876"}],"up":[{"embeddable":true,"href":"https:\/\/biodynamizer.com\/es\/wp-json\/wp\/v2\/pages\/5818"}],"wp:attachment":[{"href":"https:\/\/biodynamizer.com\/es\/wp-json\/wp\/v2\/media?parent=6171"}],"curies":[{"name":"wp","href":"https:\/\/api.w.org\/{rel}","templated":true}]}}