{"id":6175,"date":"2020-01-27T13:32:58","date_gmt":"2020-01-27T13:32:58","guid":{"rendered":"https:\/\/biodynamizer.spleen-creation.be\/analyses-scientifiques\/le-test-microtoxo-microbiologie-observe-une-biocompatibilite-microbiotique-nettement-plus-grande-de-leau-dynamisee\/"},"modified":"2024-04-26T08:26:54","modified_gmt":"2024-04-26T08:26:54","slug":"la-prueba-microtoxo-microbiologia-observo-una-biocompatibilidad-microbiotica-mayor-que-el-agua-dinamizada","status":"publish","type":"page","link":"https:\/\/biodynamizer.com\/es\/analisis-cientificos\/la-prueba-microtoxo-microbiologia-observo-una-biocompatibilidad-microbiotica-mayor-que-el-agua-dinamizada\/","title":{"rendered":"La prueba de microtoxo (microbiolog\u00eda)"},"content":{"rendered":"<section class=\"l-section wpb_row us_custom_916fdabd height_small\"><div class=\"l-section-h i-cf\"><div class=\"g-cols vc_row via_flex valign_top type_default stacking_default\"><div class=\"vc_col-sm-12 wpb_column vc_column_container\"><div class=\"vc_column-inner\"><div class=\"wpb_wrapper\"><nav class=\"g-breadcrumbs separator_custom align_none\" itemscope itemtype=\"http:\/\/schema.org\/BreadcrumbList\"><div class=\"g-breadcrumbs-item\" itemscope itemprop=\"itemListElement\" itemtype=\"http:\/\/schema.org\/ListItem\"><a itemprop=\"item\" href=\"https:\/\/biodynamizer.com\/es\/\"><span itemprop=\"name\">Inicio<\/span><\/a><meta itemprop=\"position\" content=\"1\"\/><\/div><div class=\"g-breadcrumbs-separator\">\/<\/div><div class=\"g-breadcrumbs-item\">P\u00e1ginas<\/div><\/nav><\/div><\/div><\/div><\/div><\/div><\/section><section class=\"l-section wpb_row fullheader height_huge with_img\"><div class=\"l-section-img\" role=\"img\" aria-label=\"Imagen\" data-img-width=\"652\" data-img-height=\"375\" style=\"background-image: url(https:\/\/biodynamizer.com\/wp-content\/uploads\/2020\/01\/microxoto.png);background-repeat: no-repeat;\"><\/div><div class=\"l-section-h i-cf\"><div class=\"g-cols vc_row via_flex valign_top type_default stacking_default\"><div class=\"vc_col-sm-12 wpb_column vc_column_container has_text_color\"><div class=\"vc_column-inner us_custom_6df4bc3a\"><div class=\"wpb_wrapper\"><div class=\"wpb_text_column\"><div class=\"wpb_wrapper\"><h3>La prueba de microtoxo (microbiolog\u00eda) muestra una biocompatibilidad microbiana significativamente mayor del agua dinamizada<\/h3>\n<h3><\/h3>\n<\/div><\/div><\/div><\/div><\/div><\/div><\/div><\/section><section class=\"l-section wpb_row max500 height_large\"><div class=\"l-section-h i-cf\"><div class=\"g-cols vc_row via_flex valign_top type_default stacking_default\"><div class=\"vc_col-sm-12 wpb_column vc_column_container\"><div class=\"vc_column-inner\"><div class=\"wpb_wrapper\"><div class=\"wpb_text_column\"><div class=\"wpb_wrapper\"><p><strong>Laboratorio<\/strong>:<\/p>\n<p>Laboratorio de microbiolog\u00eda Berthet, Marignier Francia; Profesor. Bernard Berthet, farmac\u00e9utico, doctor en ciencias biol\u00f3gicas y bromatolog\u00eda (ciencia de los alimentos), profesor de la Universidad de Lyon y director de laboratorio. El an\u00e1lisis e interpretaci\u00f3n de los resultados del estudio fue realizado por un equipo cient\u00edfico multidisciplinario que incluy\u00f3 al Dr. Marco Paya, al Dr. Jean Fran\u00e7ois Le Bitoux, al Prof. Bernard Berthet y el Sr. Jean Olivaux biof\u00edsico, diplomado interuniversitario en Resonancia Magn\u00e9tica Nuclear (RMN) aplicada a la biolog\u00eda y la medicina;<\/p>\n<p>Estudio de Microtoxo encargado por SA Dynamized Technologies el 05.05.2017 sobre la base de un dispositivo que aplica los principios de la dinamizaci\u00f3n similar al Biodynamizer\u00ae.<\/p>\n<p>&nbsp;<\/p>\n<\/div><\/div><div class=\"w-separator size_medium\"><\/div><div class=\"w-image align_center\"><div class=\"w-image-h\"><img decoding=\"async\" width=\"1024\" height=\"292\" src=\"https:\/\/biodynamizer.com\/wp-content\/uploads\/2020\/06\/trilogie-site-web-2020.06-1024x292.png\" class=\"attachment-large size-large\" alt=\"\" loading=\"lazy\" srcset=\"https:\/\/biodynamizer.com\/wp-content\/uploads\/2020\/06\/trilogie-site-web-2020.06-1024x292.png 1024w, https:\/\/biodynamizer.com\/wp-content\/uploads\/2020\/06\/trilogie-site-web-2020.06-300x85.png 300w, https:\/\/biodynamizer.com\/wp-content\/uploads\/2020\/06\/trilogie-site-web-2020.06-1536x438.png 1536w, https:\/\/biodynamizer.com\/wp-content\/uploads\/2020\/06\/trilogie-site-web-2020.06-2048x583.png 2048w\" sizes=\"auto, (max-width: 1024px) 100vw, 1024px\" \/><\/div><\/div><div class=\"w-separator size_small\"><\/div><div class=\"wpb_text_column\"><div class=\"wpb_wrapper\"><p>An\u00e1lisis de la evoluci\u00f3n de las bacterias pat\u00f3genas (da\u00f1inas) y biog\u00e9nicas (\u00fatiles) de la microbiota intestinal.<\/p>\n<p>Despu\u00e9s de permitirles crecer durante 48H00 en un agar nutritivo basado en agua dinamizada, :<\/p>\n<ul>\n<li>60% de disminuci\u00f3n en el crecimiento de la bacteria E-coli<\/li>\n<li>10% de disminuci\u00f3n en el crecimiento del lactobacillus plantarum<\/li>\n<\/ul>\n<p>\u00a1Y esto en comparaci\u00f3n con el agar nutritivo convencional!<\/p>\n<p>Esta prueba, aunque parcial, parece confirmar la biocompatibilidad microbiol\u00f3gica del agua dinamizada, es decir, \u00a1su poder inhibidor sobre el crecimiento del germen pat\u00f3geno y su d\u00e9bil influencia sobre el germen biog\u00e9nico!<\/p>\n<\/div><\/div><\/div><\/div><\/div><\/div><\/div><\/section>\n","protected":false},"excerpt":{"rendered":"Inicio\/P\u00e1ginasLa prueba de microtoxo (microbiolog\u00eda) muestra una biocompatibilidad microbiana significativamente mayor del agua dinamizada Laboratorio: Laboratorio de microbiolog\u00eda Berthet, Marignier Francia; Profesor. Bernard Berthet, farmac\u00e9utico, doctor en ciencias biol\u00f3gicas y bromatolog\u00eda (ciencia de los alimentos), profesor de la Universidad de Lyon y director de laboratorio. El an\u00e1lisis e interpretaci\u00f3n de los resultados del estudio fue...","protected":false},"author":3,"featured_media":0,"parent":5818,"menu_order":7,"comment_status":"closed","ping_status":"closed","template":"","meta":{"_monsterinsights_skip_tracking":false,"_monsterinsights_sitenote_active":false,"_monsterinsights_sitenote_note":"","_monsterinsights_sitenote_category":0,"footnotes":""},"class_list":["post-6175","page","type-page","status-publish","hentry"],"yoast_head":"<!-- This site is optimized with the Yoast SEO plugin v27.3 - https:\/\/yoast.com\/product\/yoast-seo-wordpress\/ -->\n<title>La prueba de microtoxo (microbiolog\u00eda) - Biodynamizer<\/title>\n<meta name=\"description\" content=\"Biodynamizer - La prueba de microtoxo (microbiolog\u00eda) - En savoir plus sur le biodynamizer et le biofiltre\" \/>\n<meta name=\"robots\" content=\"index, follow, max-snippet:-1, max-image-preview:large, max-video-preview:-1\" \/>\n<link rel=\"canonical\" href=\"https:\/\/biodynamizer.com\/es\/analisis-cientificos\/la-prueba-microtoxo-microbiologia-observo-una-biocompatibilidad-microbiotica-mayor-que-el-agua-dinamizada\/\" \/>\n<meta property=\"og:locale\" content=\"es_ES\" \/>\n<meta property=\"og:type\" content=\"article\" \/>\n<meta property=\"og:title\" content=\"La prueba de microtoxo (microbiolog\u00eda) - Biodynamizer\" \/>\n<meta property=\"og:description\" content=\"Biodynamizer - La prueba de microtoxo (microbiolog\u00eda) - En savoir plus sur le biodynamizer et le biofiltre\" \/>\n<meta property=\"og:url\" content=\"https:\/\/biodynamizer.com\/es\/analisis-cientificos\/la-prueba-microtoxo-microbiologia-observo-una-biocompatibilidad-microbiotica-mayor-que-el-agua-dinamizada\/\" \/>\n<meta property=\"og:site_name\" content=\"Biodynamizer\" \/>\n<meta property=\"article:modified_time\" content=\"2024-04-26T08:26:54+00:00\" \/>\n<meta property=\"og:image\" content=\"https:\/\/biodynamizer.com\/wp-content\/uploads\/2019\/11\/Depositphotos_15742931_xl-2015.jpg\" \/>\n\t<meta property=\"og:image:width\" content=\"2000\" \/>\n\t<meta property=\"og:image:height\" content=\"1333\" \/>\n\t<meta property=\"og:image:type\" content=\"image\/jpeg\" \/>\n<meta name=\"twitter:card\" content=\"summary_large_image\" \/>\n<meta name=\"twitter:label1\" content=\"Tiempo de lectura\" \/>\n\t<meta name=\"twitter:data1\" content=\"2 minutos\" \/>\n<script type=\"application\/ld+json\" class=\"yoast-schema-graph\">{\"@context\":\"https:\\\/\\\/schema.org\",\"@graph\":[{\"@type\":\"WebPage\",\"@id\":\"https:\\\/\\\/biodynamizer.com\\\/es\\\/analisis-cientificos\\\/la-prueba-microtoxo-microbiologia-observo-una-biocompatibilidad-microbiotica-mayor-que-el-agua-dinamizada\\\/\",\"url\":\"https:\\\/\\\/biodynamizer.com\\\/es\\\/analisis-cientificos\\\/la-prueba-microtoxo-microbiologia-observo-una-biocompatibilidad-microbiotica-mayor-que-el-agua-dinamizada\\\/\",\"name\":\"La prueba de microtoxo (microbiolog\u00eda) - Biodynamizer\",\"isPartOf\":{\"@id\":\"https:\\\/\\\/biodynamizer.com\\\/es\\\/#website\"},\"datePublished\":\"2020-01-27T13:32:58+00:00\",\"dateModified\":\"2024-04-26T08:26:54+00:00\",\"description\":\"Biodynamizer - La prueba de microtoxo (microbiolog\u00eda) - En savoir plus sur le biodynamizer et le biofiltre\",\"breadcrumb\":{\"@id\":\"https:\\\/\\\/biodynamizer.com\\\/es\\\/analisis-cientificos\\\/la-prueba-microtoxo-microbiologia-observo-una-biocompatibilidad-microbiotica-mayor-que-el-agua-dinamizada\\\/#breadcrumb\"},\"inLanguage\":\"es\",\"potentialAction\":[{\"@type\":\"ReadAction\",\"target\":[\"https:\\\/\\\/biodynamizer.com\\\/es\\\/analisis-cientificos\\\/la-prueba-microtoxo-microbiologia-observo-una-biocompatibilidad-microbiotica-mayor-que-el-agua-dinamizada\\\/\"]}]},{\"@type\":\"BreadcrumbList\",\"@id\":\"https:\\\/\\\/biodynamizer.com\\\/es\\\/analisis-cientificos\\\/la-prueba-microtoxo-microbiologia-observo-una-biocompatibilidad-microbiotica-mayor-que-el-agua-dinamizada\\\/#breadcrumb\",\"itemListElement\":[{\"@type\":\"ListItem\",\"position\":1,\"name\":\"Home\",\"item\":\"https:\\\/\\\/biodynamizer.com\\\/es\\\/\"},{\"@type\":\"ListItem\",\"position\":2,\"name\":\"An\u00e1lisis\",\"item\":\"https:\\\/\\\/biodynamizer.com\\\/es\\\/analisis-cientificos\\\/\"},{\"@type\":\"ListItem\",\"position\":3,\"name\":\"La prueba de microtoxo (microbiolog\u00eda)\"}]},{\"@type\":\"WebSite\",\"@id\":\"https:\\\/\\\/biodynamizer.com\\\/es\\\/#website\",\"url\":\"https:\\\/\\\/biodynamizer.com\\\/es\\\/\",\"name\":\"Biodynamizer\",\"description\":\"Filtrez et dynamisez votre eau\",\"potentialAction\":[{\"@type\":\"SearchAction\",\"target\":{\"@type\":\"EntryPoint\",\"urlTemplate\":\"https:\\\/\\\/biodynamizer.com\\\/es\\\/?s={search_term_string}\"},\"query-input\":{\"@type\":\"PropertyValueSpecification\",\"valueRequired\":true,\"valueName\":\"search_term_string\"}}],\"inLanguage\":\"es\"}]}<\/script>\n<!-- \/ Yoast SEO plugin. -->","yoast_head_json":{"title":"La prueba de microtoxo (microbiolog\u00eda) - Biodynamizer","description":"Biodynamizer - La prueba de microtoxo (microbiolog\u00eda) - En savoir plus sur le biodynamizer et le biofiltre","robots":{"index":"index","follow":"follow","max-snippet":"max-snippet:-1","max-image-preview":"max-image-preview:large","max-video-preview":"max-video-preview:-1"},"canonical":"https:\/\/biodynamizer.com\/es\/analisis-cientificos\/la-prueba-microtoxo-microbiologia-observo-una-biocompatibilidad-microbiotica-mayor-que-el-agua-dinamizada\/","og_locale":"es_ES","og_type":"article","og_title":"La prueba de microtoxo (microbiolog\u00eda) - Biodynamizer","og_description":"Biodynamizer - La prueba de microtoxo (microbiolog\u00eda) - En savoir plus sur le biodynamizer et le biofiltre","og_url":"https:\/\/biodynamizer.com\/es\/analisis-cientificos\/la-prueba-microtoxo-microbiologia-observo-una-biocompatibilidad-microbiotica-mayor-que-el-agua-dinamizada\/","og_site_name":"Biodynamizer","article_modified_time":"2024-04-26T08:26:54+00:00","og_image":[{"width":2000,"height":1333,"url":"https:\/\/biodynamizer.com\/wp-content\/uploads\/2019\/11\/Depositphotos_15742931_xl-2015.jpg","type":"image\/jpeg"}],"twitter_card":"summary_large_image","twitter_misc":{"Tiempo de lectura":"2 minutos"},"schema":{"@context":"https:\/\/schema.org","@graph":[{"@type":"WebPage","@id":"https:\/\/biodynamizer.com\/es\/analisis-cientificos\/la-prueba-microtoxo-microbiologia-observo-una-biocompatibilidad-microbiotica-mayor-que-el-agua-dinamizada\/","url":"https:\/\/biodynamizer.com\/es\/analisis-cientificos\/la-prueba-microtoxo-microbiologia-observo-una-biocompatibilidad-microbiotica-mayor-que-el-agua-dinamizada\/","name":"La prueba de microtoxo (microbiolog\u00eda) - Biodynamizer","isPartOf":{"@id":"https:\/\/biodynamizer.com\/es\/#website"},"datePublished":"2020-01-27T13:32:58+00:00","dateModified":"2024-04-26T08:26:54+00:00","description":"Biodynamizer - La prueba de microtoxo (microbiolog\u00eda) - En savoir plus sur le biodynamizer et le biofiltre","breadcrumb":{"@id":"https:\/\/biodynamizer.com\/es\/analisis-cientificos\/la-prueba-microtoxo-microbiologia-observo-una-biocompatibilidad-microbiotica-mayor-que-el-agua-dinamizada\/#breadcrumb"},"inLanguage":"es","potentialAction":[{"@type":"ReadAction","target":["https:\/\/biodynamizer.com\/es\/analisis-cientificos\/la-prueba-microtoxo-microbiologia-observo-una-biocompatibilidad-microbiotica-mayor-que-el-agua-dinamizada\/"]}]},{"@type":"BreadcrumbList","@id":"https:\/\/biodynamizer.com\/es\/analisis-cientificos\/la-prueba-microtoxo-microbiologia-observo-una-biocompatibilidad-microbiotica-mayor-que-el-agua-dinamizada\/#breadcrumb","itemListElement":[{"@type":"ListItem","position":1,"name":"Home","item":"https:\/\/biodynamizer.com\/es\/"},{"@type":"ListItem","position":2,"name":"An\u00e1lisis","item":"https:\/\/biodynamizer.com\/es\/analisis-cientificos\/"},{"@type":"ListItem","position":3,"name":"La prueba de microtoxo (microbiolog\u00eda)"}]},{"@type":"WebSite","@id":"https:\/\/biodynamizer.com\/es\/#website","url":"https:\/\/biodynamizer.com\/es\/","name":"Biodynamizer","description":"Filtrez et dynamisez votre eau","potentialAction":[{"@type":"SearchAction","target":{"@type":"EntryPoint","urlTemplate":"https:\/\/biodynamizer.com\/es\/?s={search_term_string}"},"query-input":{"@type":"PropertyValueSpecification","valueRequired":true,"valueName":"search_term_string"}}],"inLanguage":"es"}]}},"_links":{"self":[{"href":"https:\/\/biodynamizer.com\/es\/wp-json\/wp\/v2\/pages\/6175","targetHints":{"allow":["GET"]}}],"collection":[{"href":"https:\/\/biodynamizer.com\/es\/wp-json\/wp\/v2\/pages"}],"about":[{"href":"https:\/\/biodynamizer.com\/es\/wp-json\/wp\/v2\/types\/page"}],"author":[{"embeddable":true,"href":"https:\/\/biodynamizer.com\/es\/wp-json\/wp\/v2\/users\/3"}],"replies":[{"embeddable":true,"href":"https:\/\/biodynamizer.com\/es\/wp-json\/wp\/v2\/comments?post=6175"}],"version-history":[{"count":7,"href":"https:\/\/biodynamizer.com\/es\/wp-json\/wp\/v2\/pages\/6175\/revisions"}],"predecessor-version":[{"id":21918,"href":"https:\/\/biodynamizer.com\/es\/wp-json\/wp\/v2\/pages\/6175\/revisions\/21918"}],"up":[{"embeddable":true,"href":"https:\/\/biodynamizer.com\/es\/wp-json\/wp\/v2\/pages\/5818"}],"wp:attachment":[{"href":"https:\/\/biodynamizer.com\/es\/wp-json\/wp\/v2\/media?parent=6175"}],"curies":[{"name":"wp","href":"https:\/\/api.w.org\/{rel}","templated":true}]}}