{"id":6193,"date":"2020-01-27T13:18:47","date_gmt":"2020-01-27T13:18:47","guid":{"rendered":"https:\/\/biodynamizer.spleen-creation.be\/analyses-scientifiques\/la-camera-gdv-gaz-discharge-visualization\/"},"modified":"2024-04-26T08:23:42","modified_gmt":"2024-04-26T08:23:42","slug":"la-camara-gdv-gaz-descarga-visualizacion","status":"publish","type":"page","link":"https:\/\/biodynamizer.com\/es\/analisis-cientificos\/la-camara-gdv-gaz-descarga-visualizacion\/","title":{"rendered":"La c\u00e1mara gdv (visualizaci\u00f3n de la descarga de gas)"},"content":{"rendered":"<section class=\"l-section wpb_row us_custom_916fdabd height_small\"><div class=\"l-section-h i-cf\"><div class=\"g-cols vc_row via_flex valign_top type_default stacking_default\"><div class=\"vc_col-sm-12 wpb_column vc_column_container\"><div class=\"vc_column-inner\"><div class=\"wpb_wrapper\"><nav class=\"g-breadcrumbs separator_custom align_none\" itemscope itemtype=\"http:\/\/schema.org\/BreadcrumbList\"><div class=\"g-breadcrumbs-item\" itemscope itemprop=\"itemListElement\" itemtype=\"http:\/\/schema.org\/ListItem\"><a itemprop=\"item\" href=\"https:\/\/biodynamizer.com\/es\/\"><span itemprop=\"name\">Inicio<\/span><\/a><meta itemprop=\"position\" content=\"1\"\/><\/div><div class=\"g-breadcrumbs-separator\">\/<\/div><div class=\"g-breadcrumbs-item\">P\u00e1ginas<\/div><\/nav><\/div><\/div><\/div><\/div><\/div><\/section><section class=\"l-section wpb_row fullheader height_huge with_img\"><div class=\"l-section-img\" role=\"img\" aria-label=\"Imagen\" data-img-width=\"1519\" data-img-height=\"313\" style=\"background-image: url(https:\/\/biodynamizer.com\/wp-content\/uploads\/2020\/03\/New-Project-62.jpg);background-repeat: no-repeat;\"><\/div><div class=\"l-section-h i-cf\"><div class=\"g-cols vc_row via_flex valign_top type_default stacking_default\"><div class=\"vc_col-sm-12 wpb_column vc_column_container has_text_color\"><div class=\"vc_column-inner us_custom_6df4bc3a\"><div class=\"wpb_wrapper\"><div class=\"wpb_text_column\"><div class=\"wpb_wrapper\"><h3>La c\u00e1mara gdv (visualizaci\u00f3n<i> de la descarga de gas<\/i>)<\/h3>\n<h3><\/h3>\n<\/div><\/div><\/div><\/div><\/div><\/div><\/div><\/section><section class=\"l-section wpb_row max500 height_large\"><div class=\"l-section-h i-cf\"><div class=\"g-cols vc_row via_flex valign_top type_default stacking_default\"><div class=\"vc_col-sm-12 wpb_column vc_column_container\"><div class=\"vc_column-inner\"><div class=\"wpb_wrapper\"><div class=\"wpb_text_column\"><div class=\"wpb_wrapper\"><p><b><i>Investigador: Konstantin Korotkov (f\u00edsico e inventor ruso, Presidente de la Universidad de San Petersburgo)<\/i><\/b><\/p>\n<p>An\u00e1lisis de GDV realizado por un m\u00e9dico belga y otro franc\u00e9s a petici\u00f3n de SA Dynamized Technologies el 09.09.2014 con la c\u00e1mara proV2 en una jaula de Faraday sobre la base de un dispositivo que aplica los principios de la dinamizaci\u00f3n similar al Biodynamizer\u00ae.<\/p>\n<p>M\u00e9todo: La c\u00e1mara GDV captura las emisiones fot\u00f3nicas (en el espectro de luz visible) de un cuerpo tras su sumisi\u00f3n a un <i>campo el\u00e9ctrico <\/i>que a su vez crea un <i>campo electromagn\u00e9tico; <\/i>principio del efecto corona \/ fotograf\u00eda Kirlian; la c\u00e1mara visualiza la radiaci\u00f3n energ\u00e9tica del cuerpo; percibe parcialmente los fotones (m\u00e1s visibles en el espectro UV de la c\u00e1mara <b><a href=\"https:\/\/biodynamizer.com\/es\/analisis-cientificos\/la-camara-electrofotonica-coramp-soluciones\/\">electrofot\u00f3nica<\/a><\/b>) pero el sistema tiene una gran base de datos para su interpretaci\u00f3n.<\/p>\n<\/div><\/div><\/div><\/div><\/div><\/div><\/div><\/section><section class=\"l-section wpb_row height_large\"><div class=\"l-section-overlay\" style=\"background:rgba(172,172,172,0.2)\"><\/div><div class=\"l-section-h i-cf\"><div class=\"g-cols vc_row via_flex valign_top type_default stacking_default\"><div class=\"vc_col-sm-12 wpb_column vc_column_container\"><div class=\"vc_column-inner\"><div class=\"wpb_wrapper\"><div class=\"wpb_text_column\"><div class=\"wpb_wrapper\"><h2>La c\u00e1mara GDV a menudo se da cuenta un claro aumento de la energ\u00eda corporal despu\u00e9s de beber agua dinamizada:<\/h2>\n<h2><\/h2>\n<\/div><\/div><div class=\"w-image align_center\"><div class=\"w-image-h\"><img decoding=\"async\" width=\"1024\" height=\"683\" src=\"https:\/\/biodynamizer.com\/wp-content\/uploads\/2022\/10\/Energia-corporal-Korotkov-camara-Biodynamizer-ES-1024x683.png\" class=\"attachment-large size-large\" alt=\"Energia corporal - Korotkov camara - Biodynamizer\" loading=\"lazy\" srcset=\"https:\/\/biodynamizer.com\/wp-content\/uploads\/2022\/10\/Energia-corporal-Korotkov-camara-Biodynamizer-ES-1024x683.png 1024w, https:\/\/biodynamizer.com\/wp-content\/uploads\/2022\/10\/Energia-corporal-Korotkov-camara-Biodynamizer-ES-300x200.png 300w, https:\/\/biodynamizer.com\/wp-content\/uploads\/2022\/10\/Energia-corporal-Korotkov-camara-Biodynamizer-ES-600x400.png 600w\" sizes=\"auto, (max-width: 1024px) 100vw, 1024px\" \/><\/div><\/div><div class=\"w-separator size_medium\"><\/div><div class=\"wpb_text_column\"><div class=\"wpb_wrapper\"><p>Podemos ver en las im\u00e1genes que despu\u00e9s de beber agua dinamizada el campo de energ\u00eda (que puede ser interpretado como vitalidad energ\u00e9tica) de la persona aumenta muy significativamente, es decir, \u00a1en +\/- 50%! \u00a1Y esto sucede inmediatamente despu\u00e9s de beberlo!<\/p>\n<\/div><\/div><\/div><\/div><\/div><\/div><\/div><\/section>\n","protected":false},"excerpt":{"rendered":"Inicio\/P\u00e1ginasLa c\u00e1mara gdv (visualizaci\u00f3n de la descarga de gas) Investigador: Konstantin Korotkov (f\u00edsico e inventor ruso, Presidente de la Universidad de San Petersburgo) An\u00e1lisis de GDV realizado por un m\u00e9dico belga y otro franc\u00e9s a petici\u00f3n de SA Dynamized Technologies el 09.09.2014 con la c\u00e1mara proV2 en una jaula de Faraday sobre la base de...","protected":false},"author":3,"featured_media":0,"parent":5818,"menu_order":5,"comment_status":"closed","ping_status":"closed","template":"","meta":{"_monsterinsights_skip_tracking":false,"_monsterinsights_sitenote_active":false,"_monsterinsights_sitenote_note":"","_monsterinsights_sitenote_category":0,"footnotes":""},"class_list":["post-6193","page","type-page","status-publish","hentry"],"yoast_head":"<!-- This site is optimized with the Yoast SEO plugin v27.3 - https:\/\/yoast.com\/product\/yoast-seo-wordpress\/ -->\n<title>La c\u00e1mara gdv (visualizaci\u00f3n de la descarga de gas) - Biodynamizer<\/title>\n<meta name=\"description\" content=\"Biodynamizer - La c\u00e1mara gdv (visualizaci\u00f3n de la descarga de gas) - En savoir plus sur le biodynamizer et le biofiltre\" \/>\n<meta name=\"robots\" content=\"index, follow, max-snippet:-1, max-image-preview:large, max-video-preview:-1\" \/>\n<link rel=\"canonical\" href=\"https:\/\/biodynamizer.com\/es\/analisis-cientificos\/la-camara-gdv-gaz-descarga-visualizacion\/\" \/>\n<meta property=\"og:locale\" content=\"es_ES\" \/>\n<meta property=\"og:type\" content=\"article\" \/>\n<meta property=\"og:title\" content=\"La c\u00e1mara gdv (visualizaci\u00f3n de la descarga de gas) - Biodynamizer\" \/>\n<meta property=\"og:description\" content=\"Biodynamizer - La c\u00e1mara gdv (visualizaci\u00f3n de la descarga de gas) - En savoir plus sur le biodynamizer et le biofiltre\" \/>\n<meta property=\"og:url\" content=\"https:\/\/biodynamizer.com\/es\/analisis-cientificos\/la-camara-gdv-gaz-descarga-visualizacion\/\" \/>\n<meta property=\"og:site_name\" content=\"Biodynamizer\" \/>\n<meta property=\"article:modified_time\" content=\"2024-04-26T08:23:42+00:00\" \/>\n<meta property=\"og:image\" content=\"https:\/\/biodynamizer.com\/wp-content\/uploads\/2019\/11\/Depositphotos_15742931_xl-2015.jpg\" \/>\n\t<meta property=\"og:image:width\" content=\"2000\" \/>\n\t<meta property=\"og:image:height\" content=\"1333\" \/>\n\t<meta property=\"og:image:type\" content=\"image\/jpeg\" \/>\n<meta name=\"twitter:card\" content=\"summary_large_image\" \/>\n<meta name=\"twitter:label1\" content=\"Tiempo de lectura\" \/>\n\t<meta name=\"twitter:data1\" content=\"2 minutos\" \/>\n<script type=\"application\/ld+json\" class=\"yoast-schema-graph\">{\"@context\":\"https:\\\/\\\/schema.org\",\"@graph\":[{\"@type\":\"WebPage\",\"@id\":\"https:\\\/\\\/biodynamizer.com\\\/es\\\/analisis-cientificos\\\/la-camara-gdv-gaz-descarga-visualizacion\\\/\",\"url\":\"https:\\\/\\\/biodynamizer.com\\\/es\\\/analisis-cientificos\\\/la-camara-gdv-gaz-descarga-visualizacion\\\/\",\"name\":\"La c\u00e1mara gdv (visualizaci\u00f3n de la descarga de gas) - Biodynamizer\",\"isPartOf\":{\"@id\":\"https:\\\/\\\/biodynamizer.com\\\/es\\\/#website\"},\"datePublished\":\"2020-01-27T13:18:47+00:00\",\"dateModified\":\"2024-04-26T08:23:42+00:00\",\"description\":\"Biodynamizer - La c\u00e1mara gdv (visualizaci\u00f3n de la descarga de gas) - En savoir plus sur le biodynamizer et le biofiltre\",\"breadcrumb\":{\"@id\":\"https:\\\/\\\/biodynamizer.com\\\/es\\\/analisis-cientificos\\\/la-camara-gdv-gaz-descarga-visualizacion\\\/#breadcrumb\"},\"inLanguage\":\"es\",\"potentialAction\":[{\"@type\":\"ReadAction\",\"target\":[\"https:\\\/\\\/biodynamizer.com\\\/es\\\/analisis-cientificos\\\/la-camara-gdv-gaz-descarga-visualizacion\\\/\"]}]},{\"@type\":\"BreadcrumbList\",\"@id\":\"https:\\\/\\\/biodynamizer.com\\\/es\\\/analisis-cientificos\\\/la-camara-gdv-gaz-descarga-visualizacion\\\/#breadcrumb\",\"itemListElement\":[{\"@type\":\"ListItem\",\"position\":1,\"name\":\"Home\",\"item\":\"https:\\\/\\\/biodynamizer.com\\\/es\\\/\"},{\"@type\":\"ListItem\",\"position\":2,\"name\":\"An\u00e1lisis\",\"item\":\"https:\\\/\\\/biodynamizer.com\\\/es\\\/analisis-cientificos\\\/\"},{\"@type\":\"ListItem\",\"position\":3,\"name\":\"La c\u00e1mara gdv (visualizaci\u00f3n de la descarga de gas)\"}]},{\"@type\":\"WebSite\",\"@id\":\"https:\\\/\\\/biodynamizer.com\\\/es\\\/#website\",\"url\":\"https:\\\/\\\/biodynamizer.com\\\/es\\\/\",\"name\":\"Biodynamizer\",\"description\":\"Filtrez et dynamisez votre eau\",\"potentialAction\":[{\"@type\":\"SearchAction\",\"target\":{\"@type\":\"EntryPoint\",\"urlTemplate\":\"https:\\\/\\\/biodynamizer.com\\\/es\\\/?s={search_term_string}\"},\"query-input\":{\"@type\":\"PropertyValueSpecification\",\"valueRequired\":true,\"valueName\":\"search_term_string\"}}],\"inLanguage\":\"es\"}]}<\/script>\n<!-- \/ Yoast SEO plugin. -->","yoast_head_json":{"title":"La c\u00e1mara gdv (visualizaci\u00f3n de la descarga de gas) - Biodynamizer","description":"Biodynamizer - La c\u00e1mara gdv (visualizaci\u00f3n de la descarga de gas) - En savoir plus sur le biodynamizer et le biofiltre","robots":{"index":"index","follow":"follow","max-snippet":"max-snippet:-1","max-image-preview":"max-image-preview:large","max-video-preview":"max-video-preview:-1"},"canonical":"https:\/\/biodynamizer.com\/es\/analisis-cientificos\/la-camara-gdv-gaz-descarga-visualizacion\/","og_locale":"es_ES","og_type":"article","og_title":"La c\u00e1mara gdv (visualizaci\u00f3n de la descarga de gas) - Biodynamizer","og_description":"Biodynamizer - La c\u00e1mara gdv (visualizaci\u00f3n de la descarga de gas) - En savoir plus sur le biodynamizer et le biofiltre","og_url":"https:\/\/biodynamizer.com\/es\/analisis-cientificos\/la-camara-gdv-gaz-descarga-visualizacion\/","og_site_name":"Biodynamizer","article_modified_time":"2024-04-26T08:23:42+00:00","og_image":[{"width":2000,"height":1333,"url":"https:\/\/biodynamizer.com\/wp-content\/uploads\/2019\/11\/Depositphotos_15742931_xl-2015.jpg","type":"image\/jpeg"}],"twitter_card":"summary_large_image","twitter_misc":{"Tiempo de lectura":"2 minutos"},"schema":{"@context":"https:\/\/schema.org","@graph":[{"@type":"WebPage","@id":"https:\/\/biodynamizer.com\/es\/analisis-cientificos\/la-camara-gdv-gaz-descarga-visualizacion\/","url":"https:\/\/biodynamizer.com\/es\/analisis-cientificos\/la-camara-gdv-gaz-descarga-visualizacion\/","name":"La c\u00e1mara gdv (visualizaci\u00f3n de la descarga de gas) - Biodynamizer","isPartOf":{"@id":"https:\/\/biodynamizer.com\/es\/#website"},"datePublished":"2020-01-27T13:18:47+00:00","dateModified":"2024-04-26T08:23:42+00:00","description":"Biodynamizer - La c\u00e1mara gdv (visualizaci\u00f3n de la descarga de gas) - En savoir plus sur le biodynamizer et le biofiltre","breadcrumb":{"@id":"https:\/\/biodynamizer.com\/es\/analisis-cientificos\/la-camara-gdv-gaz-descarga-visualizacion\/#breadcrumb"},"inLanguage":"es","potentialAction":[{"@type":"ReadAction","target":["https:\/\/biodynamizer.com\/es\/analisis-cientificos\/la-camara-gdv-gaz-descarga-visualizacion\/"]}]},{"@type":"BreadcrumbList","@id":"https:\/\/biodynamizer.com\/es\/analisis-cientificos\/la-camara-gdv-gaz-descarga-visualizacion\/#breadcrumb","itemListElement":[{"@type":"ListItem","position":1,"name":"Home","item":"https:\/\/biodynamizer.com\/es\/"},{"@type":"ListItem","position":2,"name":"An\u00e1lisis","item":"https:\/\/biodynamizer.com\/es\/analisis-cientificos\/"},{"@type":"ListItem","position":3,"name":"La c\u00e1mara gdv (visualizaci\u00f3n de la descarga de gas)"}]},{"@type":"WebSite","@id":"https:\/\/biodynamizer.com\/es\/#website","url":"https:\/\/biodynamizer.com\/es\/","name":"Biodynamizer","description":"Filtrez et dynamisez votre eau","potentialAction":[{"@type":"SearchAction","target":{"@type":"EntryPoint","urlTemplate":"https:\/\/biodynamizer.com\/es\/?s={search_term_string}"},"query-input":{"@type":"PropertyValueSpecification","valueRequired":true,"valueName":"search_term_string"}}],"inLanguage":"es"}]}},"_links":{"self":[{"href":"https:\/\/biodynamizer.com\/es\/wp-json\/wp\/v2\/pages\/6193","targetHints":{"allow":["GET"]}}],"collection":[{"href":"https:\/\/biodynamizer.com\/es\/wp-json\/wp\/v2\/pages"}],"about":[{"href":"https:\/\/biodynamizer.com\/es\/wp-json\/wp\/v2\/types\/page"}],"author":[{"embeddable":true,"href":"https:\/\/biodynamizer.com\/es\/wp-json\/wp\/v2\/users\/3"}],"replies":[{"embeddable":true,"href":"https:\/\/biodynamizer.com\/es\/wp-json\/wp\/v2\/comments?post=6193"}],"version-history":[{"count":9,"href":"https:\/\/biodynamizer.com\/es\/wp-json\/wp\/v2\/pages\/6193\/revisions"}],"predecessor-version":[{"id":21913,"href":"https:\/\/biodynamizer.com\/es\/wp-json\/wp\/v2\/pages\/6193\/revisions\/21913"}],"up":[{"embeddable":true,"href":"https:\/\/biodynamizer.com\/es\/wp-json\/wp\/v2\/pages\/5818"}],"wp:attachment":[{"href":"https:\/\/biodynamizer.com\/es\/wp-json\/wp\/v2\/media?parent=6193"}],"curies":[{"name":"wp","href":"https:\/\/api.w.org\/{rel}","templated":true}]}}