{"id":6217,"date":"2020-01-27T12:43:56","date_gmt":"2020-01-27T12:43:56","guid":{"rendered":"https:\/\/biodynamizer.spleen-creation.be\/analyses-scientifiques\/la-camera-electrophotonique-de-coramp-solutions\/"},"modified":"2026-01-21T13:14:12","modified_gmt":"2026-01-21T13:14:12","slug":"la-camara-electrofotonica-coramp-soluciones","status":"publish","type":"page","link":"https:\/\/biodynamizer.com\/es\/analisis-cientificos\/la-camara-electrofotonica-coramp-soluciones\/","title":{"rendered":"An\u00e1lisis electrofot\u00f3nica"},"content":{"rendered":"<section class=\"l-section wpb_row us_custom_916fdabd height_small\"><div class=\"l-section-h i-cf\"><div class=\"g-cols vc_row via_flex valign_top type_default stacking_default\"><div class=\"vc_col-sm-12 wpb_column vc_column_container\"><div class=\"vc_column-inner\"><div class=\"wpb_wrapper\"><nav class=\"g-breadcrumbs separator_custom align_none\" itemscope itemtype=\"http:\/\/schema.org\/BreadcrumbList\"><div class=\"g-breadcrumbs-item\" itemscope itemprop=\"itemListElement\" itemtype=\"http:\/\/schema.org\/ListItem\"><a itemprop=\"item\" href=\"https:\/\/biodynamizer.com\/es\/\"><span itemprop=\"name\">Inicio<\/span><\/a><meta itemprop=\"position\" content=\"1\"\/><\/div><div class=\"g-breadcrumbs-separator\">\/<\/div><div class=\"g-breadcrumbs-item\">P\u00e1ginas<\/div><\/nav><\/div><\/div><\/div><\/div><\/div><\/section><section class=\"l-section wpb_row fullheader height_huge with_img\"><div class=\"l-section-img\" role=\"img\" aria-label=\"Imagen\" data-img-width=\"1519\" data-img-height=\"313\" style=\"background-image: url(https:\/\/biodynamizer.com\/wp-content\/uploads\/2020\/03\/New-Project-56.jpg);background-repeat: no-repeat;\"><\/div><div class=\"l-section-h i-cf\"><div class=\"g-cols vc_row via_flex valign_top type_default stacking_default\"><div class=\"vc_col-sm-12 wpb_column vc_column_container has_text_color\"><div class=\"vc_column-inner us_custom_6df4bc3a\"><div class=\"wpb_wrapper\"><div class=\"wpb_text_column\"><div class=\"wpb_wrapper\"><h3>La c\u00e1mara electrofot\u00f3nica<\/h3>\n<\/div><\/div><\/div><\/div><\/div><\/div><\/div><\/section><section class=\"l-section wpb_row height_large\" id=\"tensionsuperficielle\"><div class=\"l-section-h i-cf\"><div class=\"g-cols vc_row via_flex valign_top type_default stacking_default\"><div class=\"vc_col-sm-12 wpb_column vc_column_container\"><div class=\"vc_column-inner\"><div class=\"wpb_wrapper\"><div class=\"wpb_text_column\"><div class=\"wpb_wrapper\"><h2>La c\u00e1mara electrofot\u00f3nica nota un aumento en la amplitud de la radiaci\u00f3n luminosa y una disminuci\u00f3n de la tensi\u00f3n superficial en el agua dinamizada<\/h2>\n<h2><\/h2>\n<\/div><\/div><div class=\"w-image align_center\"><div class=\"w-image-h\"><img decoding=\"async\" width=\"2560\" height=\"1046\" src=\"https:\/\/biodynamizer.com\/wp-content\/uploads\/2025\/09\/Electrofotonica-ES-scaled.png\" class=\"attachment-full size-full\" alt=\"Electrophtonique\" loading=\"lazy\" srcset=\"https:\/\/biodynamizer.com\/wp-content\/uploads\/2025\/09\/Electrofotonica-ES-scaled.png 2560w, https:\/\/biodynamizer.com\/wp-content\/uploads\/2025\/09\/Electrofotonica-ES-300x123.png 300w, https:\/\/biodynamizer.com\/wp-content\/uploads\/2025\/09\/Electrofotonica-ES-1024x418.png 1024w, https:\/\/biodynamizer.com\/wp-content\/uploads\/2025\/09\/Electrofotonica-ES-600x245.png 600w, https:\/\/biodynamizer.com\/wp-content\/uploads\/2025\/09\/Electrofotonica-ES-640x261.png 640w\" sizes=\"auto, (max-width: 2560px) 100vw, 2560px\" \/><\/div><\/div><div class=\"w-separator size_medium\"><\/div><div class=\"wpb_text_column\"><div class=\"wpb_wrapper\"><p>Las luminiscencias del agua dinamizada alrededor de la corona son m\u00e1s largas y m\u00e1s intensas<strong> (la amplitud de la radiaci\u00f3n luminosa es mayor y el agua irradia m\u00e1s luz, ver tabla a continuaci\u00f3n)<\/strong> y son m\u00e1s numerosas y regulares que las del agua del grifo. Esto significa que contienen m\u00e1s energ\u00eda en t\u00e9rminos de fotones &#8211; electrones. Esto es consistente con los hallazgos hechos en la <a href=\"https:\/\/biodynamizer.com\/es\/analisis-cientificos\/lanalyse-biophotonique\/\"><strong>an\u00e1lisis Biofot\u00f3nico<\/strong><\/a> y\u00a0 <b><a href=\"https:\/\/biodynamizer.com\/es\/analisis-cientificos\/analisis-bev-bio-electronico-de-las-vinces-observadas-un-caracter-antioxidante-del-agua-manifestado\/\">la Bioelectr\u00f3nica de Vincent<\/a><\/b> y en particular el factor W de Vincent que confirma la mayor retenci\u00f3n de energ\u00eda en el agua dinamizada.<\/p>\n<p>La forma de la gota de agua dinamizada es m\u00e1s extendida (la gota de agua se extiende sobre el electrodo) porque su <a href=\"https:\/\/biodynamizer.com\/es\/los-beneficios\/agua-hidratante\/\"><span style=\"text-decoration: underline;\"><strong>tensi\u00f3n superficial es menor =&gt;\u00a0 es probable que esto permita una mejor hidrataci\u00f3n celular<\/strong><\/span><\/a> porque es m\u00e1s \u00abhumectante\u00bb, el agua dinamizada penetra mejor en los tejidos.<\/p>\n<\/div><\/div><\/div><\/div><\/div><\/div><\/div><\/section><section class=\"l-section wpb_row height_large\"><div class=\"l-section-overlay\" style=\"background:#ffffff\"><\/div><div class=\"l-section-h i-cf\"><div class=\"g-cols vc_row via_flex valign_top type_default stacking_default\"><div class=\"vc_col-sm-12 wpb_column vc_column_container\"><div class=\"vc_column-inner\"><div class=\"wpb_wrapper\"><div class=\"wpb_text_column\"><div class=\"wpb_wrapper\"><h2>Puentes fot\u00f3nicos: La energ\u00eda del agua dinamizada parece transmitirse m\u00e1s a la energ\u00eda del cuerpo.<\/h2>\n<h2><\/h2>\n<\/div><\/div><div class=\"w-image align_center\"><div class=\"w-image-h\"><img decoding=\"async\" width=\"1024\" height=\"452\" src=\"https:\/\/biodynamizer.com\/wp-content\/uploads\/2022\/10\/Puente-electrofotonico-Biodynamizer-ES-1024x452.png\" class=\"attachment-large size-large\" alt=\"Puente electrofot\u00f3nico - Biodynamizer\" loading=\"lazy\" srcset=\"https:\/\/biodynamizer.com\/wp-content\/uploads\/2022\/10\/Puente-electrofotonico-Biodynamizer-ES-1024x452.png 1024w, https:\/\/biodynamizer.com\/wp-content\/uploads\/2022\/10\/Puente-electrofotonico-Biodynamizer-ES-300x132.png 300w\" sizes=\"auto, (max-width: 1024px) 100vw, 1024px\" \/><\/div><\/div><div class=\"w-separator size_medium\"><\/div><div class=\"wpb_text_column\"><div class=\"wpb_wrapper\"><p>Los puentes fot\u00f3nicos permiten medir el grado de \u00ab<i>biocompatibilidad<\/i>\u00bb energ\u00e9tica entre la energ\u00eda del agua dinamizada y la energ\u00eda del cuerpo humano (su afinidad o resonancia).<\/p>\n<p>Proceso: Electrodo especial de cuarzo que contiene sucesivamente agua del grifo y agua del grifo dinamizada + aplicaci\u00f3n de los 10 dedos del cuerpo humano. Observaci\u00f3n de los puentes fot\u00f3nicos (vientos i\u00f3nicos = transferencias de energ\u00eda) entre el agua y los dedos situados a 3 mm.<\/p>\n<p>Conclusi\u00f3n: El agua dinamizada tiene una compatibilidad energ\u00e9tica mucho mayor, como lo demuestra la manifestaci\u00f3n sistem\u00e1tica de los puentes fot\u00f3nicos y su gran amplitud, que incluso va mucho m\u00e1s all\u00e1 de la periferia de los dedos! Observaci\u00f3n realizada 20 veces en 2 x 10 dedos. En t\u00e9rminos de energ\u00eda total (en el sentido electr\u00f3n-fot\u00f3n) la afinidad entre el agua dinamizada y los dedos es \u00abmucho<i> m\u00e1s alta<\/i>\u00ab! Esta es la primera vez que esto se ha observado en los 10 a\u00f1os de existencia de la c\u00e1mara electrofot\u00f3nica.<\/p>\n<\/div><\/div><div class=\"wpb_text_column\"><div class=\"wpb_wrapper\"><p>La energ\u00eda presente en el agua dinamizada parece ser transmitido a la energ\u00eda del cuerpo! Esto se ilustra en la foto de arriba por los \u00abpuentes\u00bb de luz fot\u00f3nica entre el recept\u00e1culo de agua y el dedo, que se producen en el 100% de los casos, y de forma muy claramente superior y sint\u00e9tica, para el agua biodinamizada &gt;&lt; agua del grifo. Esto ilustra la compatibilidad energ\u00e9tica del agua biodinamizada. Necesitamos esta energ\u00eda para nuestro funcionamiento celular, \u00a1vean en este sentido la importancia del voltaje de la <u><b><a href=\"https:\/\/biodynamizer.com\/es\/agua\/\">membrana<\/a><\/b><\/u>!<\/p>\n<\/div><\/div><\/div><\/div><\/div><\/div><\/div><\/section><section class=\"l-section wpb_row height_large\"><div class=\"l-section-overlay\" style=\"background:rgba(172,172,172,0.2)\"><\/div><div class=\"l-section-h i-cf\"><div class=\"g-cols vc_row via_flex valign_top type_default stacking_default\"><div class=\"vc_col-sm-12 wpb_column vc_column_container\"><div class=\"vc_column-inner\"><div class=\"wpb_wrapper\"><div class=\"wpb_text_column\"><div class=\"wpb_wrapper\"><h2>La c\u00e1mara electrofot\u00f3nica observa m\u00e1s una radiaci\u00f3n de energ\u00eda mucho m\u00e1s amplia en el agua Agua dinamizada<\/h2>\n<h2><\/h2>\n<\/div><\/div><div class=\"w-image align_center\"><div class=\"w-image-h\"><img decoding=\"async\" width=\"1024\" height=\"543\" src=\"https:\/\/biodynamizer.com\/wp-content\/uploads\/2022\/10\/Amplitud-electrofotonica-FFT-Biodynamizer-ES-1024x543.png\" class=\"attachment-large size-large\" alt=\"Amplitud electrofot\u00f3nica FFT - Biodynamizer\" loading=\"lazy\" srcset=\"https:\/\/biodynamizer.com\/wp-content\/uploads\/2022\/10\/Amplitud-electrofotonica-FFT-Biodynamizer-ES-1024x543.png 1024w, https:\/\/biodynamizer.com\/wp-content\/uploads\/2022\/10\/Amplitud-electrofotonica-FFT-Biodynamizer-ES-300x159.png 300w\" sizes=\"auto, (max-width: 1024px) 100vw, 1024px\" \/><\/div><\/div><div class=\"w-separator size_medium\"><\/div><div class=\"wpb_text_column\"><div class=\"wpb_wrapper\"><p>Im\u00e1genes de frecuencia FFT (Transformada r\u00e1pida de Fourier en formato ICA): la radiaci\u00f3n del espectro de luz visible (color amarillo y p\u00farpura) es significativamente mayor y m\u00e1s extensa en el agua biodinamizada &gt;&lt; agua del grifo, lo que indica una mayor distribuci\u00f3n espacial de la energ\u00eda y por lo tanto una mayor radiaci\u00f3n de esta energ\u00eda. El agua biodinamizada contiene m\u00e1s fotones que irradian m\u00e1s (P\u00edxel de punto caliente 14% m\u00e1s alto). \u00a1Esto tambi\u00e9n se ve en las im\u00e1genes de formato Tiff!<\/p>\n<\/div><\/div><\/div><\/div><\/div><\/div><\/div><\/section><section class=\"l-section wpb_row height_large\"><div class=\"l-section-h i-cf\"><div class=\"g-cols vc_row via_flex valign_top type_default stacking_default\"><div class=\"vc_col-sm-12 wpb_column vc_column_container\"><div class=\"vc_column-inner\"><div class=\"wpb_wrapper\"><div class=\"wpb_text_column\"><div class=\"wpb_wrapper\"><h2>La c\u00e1mara electrofot\u00f3nica observa m\u00e1s mayor armon\u00eda estructural &amp; vibratoria en el agua dinamizada.<\/h2>\n<h2><\/h2>\n<\/div><\/div><div class=\"w-image align_center\"><div class=\"w-image-h\"><img decoding=\"async\" width=\"1024\" height=\"606\" src=\"https:\/\/biodynamizer.com\/wp-content\/uploads\/2022\/10\/Estructura-fotonica-FFT-Biodynamizer-ES-1024x606.png\" class=\"attachment-large size-large\" alt=\"Estructura fot\u00f3nica FFT - Biodynamizer\" loading=\"lazy\" srcset=\"https:\/\/biodynamizer.com\/wp-content\/uploads\/2022\/10\/Estructura-fotonica-FFT-Biodynamizer-ES-1024x606.png 1024w, https:\/\/biodynamizer.com\/wp-content\/uploads\/2022\/10\/Estructura-fotonica-FFT-Biodynamizer-ES-300x178.png 300w\" sizes=\"auto, (max-width: 1024px) 100vw, 1024px\" \/><\/div><\/div><div class=\"w-separator size_medium\"><\/div><div class=\"wpb_text_column\"><div class=\"wpb_wrapper\"><p>Las im\u00e1genes de frecuencia FFT (Transformada r\u00e1pida de Fourier) tambi\u00e9n revelan la estructura geom\u00e9trica \u00edntima del agua. La estructura del agua dinamizada es m\u00e1s sim\u00e9trica, regular, coherente y armoniosa y a menudo de forma hexagonal en su centro &gt;&lt; agua del grifo. Estas formas geom\u00e9tricas impresas por la frecuencia de la energ\u00eda en el agua revelan su estructura molecular que constituye la \u00abrejilla de <i>lectura<\/i>\u00bb de la informaci\u00f3n energ\u00e9tica que pasa a trav\u00e9s de ella. El agua es una cinta magn\u00e9tica que captura y transmite esta energ\u00eda. Asumimos que cuanto m\u00e1s armoniosa y coherente es la estructura geom\u00e9trica del agua, mayor es su potencial para transmitir esta energ\u00eda. <i>\u00ab<em><strong>Energ\u00eda codifica, agua codificar, humana descodificar<\/strong><\/em><\/i>\u00ab; Ver tambi\u00e9n las similitudes con los <u><b><a href=\"https:\/\/biodynamizer.com\/es\/analisis-cientificos\/cristales-de-agua\/\">cristales de agua,<\/a><\/b><\/u> \u00a1especialmente las formas hexagonales!<\/p>\n<\/div><\/div><\/div><\/div><\/div><\/div><\/div><\/section><section class=\"l-section wpb_row max500 height_large\"><div class=\"l-section-h i-cf\"><div class=\"g-cols vc_row via_flex valign_top type_default stacking_default\"><div class=\"vc_col-sm-12 wpb_column vc_column_container\"><div class=\"vc_column-inner\"><div class=\"wpb_wrapper\"><div class=\"wpb_text_column\"><div class=\"wpb_wrapper\"><p><strong>Laboratorio<\/strong>: laboratorio Coramp utilizando software de procesamiento de im\u00e1genes cient\u00edficas desarrollado por Raymond Herren, ingeniero electr\u00f3nico del CNRS (Centro Nacional de Investigaciones Cient\u00edficas, Francia) para interpretar las im\u00e1genes electrofot\u00f3nicas obtenidas por efecto corona; Este trabajo de investigaci\u00f3n y desarrollo ha sido certificado por la Delegaci\u00f3n Regional de Investigaci\u00f3n y Tecnolog\u00eda Midi-Pyr\u00e9n\u00e9es, Francia (Ministerio de Educaci\u00f3n Superior e Investigaci\u00f3n), previa validaci\u00f3n con expertos acad\u00e9micos en el campo de la biofot\u00f3nica; an\u00e1lisis realizado en nombre de SA Dynamized Technologies el 07\/09\/2019.<\/p>\n<p><b>Proceso<\/b>: la c\u00e1mara electrofot\u00f3nica mide las descargas fot\u00f3nicas del agua sometidas a un campo el\u00e9ctrico (se\u00f1al 110 Hz = cerca de la frecuencia pulsada por los seres vivos!) que a su vez crea un campo electromagn\u00e9tico. Estos pulsos reflejan la energ\u00eda absorbida y transmitida por el agua seg\u00fan el principio del efecto corona (foto Kirlian). La c\u00e1mara graba en el espectro de luz ultravioleta y percibe pr\u00e1cticamente todos los fotones en el aire alrededor de la muestra de agua (la informaci\u00f3n de los vivos pasa a trav\u00e9s del espectro UV)! Para este an\u00e1lisis, se realizaron 12 capturas de 3 aguas diferentes (una vez dinamizadas y otra no) de cada l\u00edquido,\u00a0 es decir, 72 capturas en total, lo que permite una fiabilidad estad\u00edstica. Las fotos fueron tomadas en formatos Tiff (im\u00e1genes digitales) y FFT (im\u00e1genes cient\u00edficas).<\/p>\n<p><strong>Validaci\u00f3n cient\u00edfica del m\u00e9todo de an\u00e1lisis electrofot\u00f3nico (EPA):<\/strong> El 14 de octubre de 2025, el m\u00e9todo AEP fue validado cient\u00edficamente mediante una publicaci\u00f3n revisada por pares en un art\u00edculo publicado en la revista Substantia de la Universidad de Florencia, que inclu\u00eda el art\u00edculo \u00abAn\u00e1lisis electrofot\u00f3nico (EPA) de gotas de agua del grifo frente a soluciones hidroalcoh\u00f3licas\u00bb de Marc Henry (\u2020), Pierre Dorfman, Michel Van Wassenhoven y Martine Goyens. Esta publicaci\u00f3n demuestra la reproducibilidad del m\u00e9todo AEP y, por lo tanto, lo valida cient\u00edficamente.<\/p>\n<\/div><\/div><div class=\"w-separator size_small\"><\/div><div class=\"w-btn-wrapper align_center\"><a class=\"w-btn us-btn-style_1\" href=\"https:\/\/biodynamizer.com\/wp-content\/uploads\/2026\/01\/SUB-25-3597_AcceptedManuscript.pdf\"><span class=\"w-btn-label\">Publicaci\u00f3n que valida el m\u00e9todo de an\u00e1lisis electrofot\u00f3nico, 14.10.2025, Universidad de Florencia<\/span><\/a><\/div><div class=\"w-separator size_small\"><\/div><div class=\"wpb_text_column\"><div class=\"wpb_wrapper\"><p>Esto implica la validaci\u00f3n de las conclusiones del an\u00e1lisis electrofot\u00f3nico, lo que confirma los beneficios de la biodinamizaci\u00f3n del agua con el Biodynamizer en t\u00e9rminos de:<\/p>\n<ol>\n<li>Mayor cantidad de energ\u00eda en fotones de luz;<\/li>\n<li>Menor tensi\u00f3n superficial;<\/li>\n<li>Mayor electronegatividad (mayor disponibilidad de electrones, lo que influye en la desapilaci\u00f3n de los gl\u00f3bulos rojos).<\/li>\n<\/ol>\n<\/div><\/div><div class=\"w-image align_center\"><div class=\"w-image-h\"><img decoding=\"async\" width=\"1024\" height=\"359\" src=\"https:\/\/biodynamizer.com\/wp-content\/uploads\/2020\/01\/coramp-1024x359.png\" class=\"attachment-large size-large\" alt=\"\" loading=\"lazy\" srcset=\"https:\/\/biodynamizer.com\/wp-content\/uploads\/2020\/01\/coramp-1024x359.png 1024w, https:\/\/biodynamizer.com\/wp-content\/uploads\/2020\/01\/coramp-300x105.png 300w, https:\/\/biodynamizer.com\/wp-content\/uploads\/2020\/01\/coramp-1536x538.png 1536w, https:\/\/biodynamizer.com\/wp-content\/uploads\/2020\/01\/coramp-2048x718.png 2048w\" sizes=\"auto, (max-width: 1024px) 100vw, 1024px\" \/><\/div><\/div><\/div><\/div><\/div><\/div><\/div><\/section>\n","protected":false},"excerpt":{"rendered":"Inicio\/P\u00e1ginasLa c\u00e1mara electrofot\u00f3nica La c\u00e1mara electrofot\u00f3nica nota un aumento en la amplitud de la radiaci\u00f3n luminosa y una disminuci\u00f3n de la tensi\u00f3n superficial en el agua dinamizada Las luminiscencias del agua dinamizada alrededor de la corona son m\u00e1s largas y m\u00e1s intensas (la amplitud de la radiaci\u00f3n luminosa es mayor y el agua irradia m\u00e1s...","protected":false},"author":3,"featured_media":0,"parent":5818,"menu_order":3,"comment_status":"closed","ping_status":"closed","template":"","meta":{"_monsterinsights_skip_tracking":false,"_monsterinsights_sitenote_active":false,"_monsterinsights_sitenote_note":"","_monsterinsights_sitenote_category":0,"footnotes":""},"class_list":["post-6217","page","type-page","status-publish","hentry"],"yoast_head":"<!-- This site is optimized with the Yoast SEO plugin v27.3 - https:\/\/yoast.com\/product\/yoast-seo-wordpress\/ -->\n<title>An\u00e1lisis electrofot\u00f3nica - Biodynamizer<\/title>\n<meta name=\"description\" content=\"La c\u00e1mara electrofot\u00f3nica confirma que el agua biodinamizada contiene m\u00e1s energ\u00eda y propiedades hidratantes.\" \/>\n<meta name=\"robots\" content=\"index, follow, max-snippet:-1, max-image-preview:large, max-video-preview:-1\" \/>\n<link rel=\"canonical\" href=\"https:\/\/biodynamizer.com\/es\/analisis-cientificos\/la-camara-electrofotonica-coramp-soluciones\/\" \/>\n<meta property=\"og:locale\" content=\"es_ES\" \/>\n<meta property=\"og:type\" content=\"article\" \/>\n<meta property=\"og:title\" content=\"An\u00e1lisis electrofot\u00f3nica - Biodynamizer\" \/>\n<meta property=\"og:description\" content=\"La c\u00e1mara electrofot\u00f3nica confirma que el agua biodinamizada contiene m\u00e1s energ\u00eda y propiedades hidratantes.\" \/>\n<meta property=\"og:url\" content=\"https:\/\/biodynamizer.com\/es\/analisis-cientificos\/la-camara-electrofotonica-coramp-soluciones\/\" \/>\n<meta property=\"og:site_name\" content=\"Biodynamizer\" \/>\n<meta property=\"article:modified_time\" content=\"2026-01-21T13:14:12+00:00\" \/>\n<meta property=\"og:image\" content=\"https:\/\/biodynamizer.com\/wp-content\/uploads\/2019\/11\/Depositphotos_15742931_xl-2015.jpg\" \/>\n\t<meta property=\"og:image:width\" content=\"2000\" \/>\n\t<meta property=\"og:image:height\" content=\"1333\" \/>\n\t<meta property=\"og:image:type\" content=\"image\/jpeg\" \/>\n<meta name=\"twitter:card\" content=\"summary_large_image\" \/>\n<meta name=\"twitter:label1\" content=\"Tiempo de lectura\" \/>\n\t<meta name=\"twitter:data1\" content=\"5 minutos\" \/>\n<script type=\"application\/ld+json\" class=\"yoast-schema-graph\">{\"@context\":\"https:\\\/\\\/schema.org\",\"@graph\":[{\"@type\":\"WebPage\",\"@id\":\"https:\\\/\\\/biodynamizer.com\\\/es\\\/analisis-cientificos\\\/la-camara-electrofotonica-coramp-soluciones\\\/\",\"url\":\"https:\\\/\\\/biodynamizer.com\\\/es\\\/analisis-cientificos\\\/la-camara-electrofotonica-coramp-soluciones\\\/\",\"name\":\"An\u00e1lisis electrofot\u00f3nica - Biodynamizer\",\"isPartOf\":{\"@id\":\"https:\\\/\\\/biodynamizer.com\\\/es\\\/#website\"},\"datePublished\":\"2020-01-27T12:43:56+00:00\",\"dateModified\":\"2026-01-21T13:14:12+00:00\",\"description\":\"La c\u00e1mara electrofot\u00f3nica confirma que el agua biodinamizada contiene m\u00e1s energ\u00eda y propiedades hidratantes.\",\"breadcrumb\":{\"@id\":\"https:\\\/\\\/biodynamizer.com\\\/es\\\/analisis-cientificos\\\/la-camara-electrofotonica-coramp-soluciones\\\/#breadcrumb\"},\"inLanguage\":\"es\",\"potentialAction\":[{\"@type\":\"ReadAction\",\"target\":[\"https:\\\/\\\/biodynamizer.com\\\/es\\\/analisis-cientificos\\\/la-camara-electrofotonica-coramp-soluciones\\\/\"]}]},{\"@type\":\"BreadcrumbList\",\"@id\":\"https:\\\/\\\/biodynamizer.com\\\/es\\\/analisis-cientificos\\\/la-camara-electrofotonica-coramp-soluciones\\\/#breadcrumb\",\"itemListElement\":[{\"@type\":\"ListItem\",\"position\":1,\"name\":\"Home\",\"item\":\"https:\\\/\\\/biodynamizer.com\\\/es\\\/\"},{\"@type\":\"ListItem\",\"position\":2,\"name\":\"An\u00e1lisis\",\"item\":\"https:\\\/\\\/biodynamizer.com\\\/es\\\/analisis-cientificos\\\/\"},{\"@type\":\"ListItem\",\"position\":3,\"name\":\"An\u00e1lisis electrofot\u00f3nica\"}]},{\"@type\":\"WebSite\",\"@id\":\"https:\\\/\\\/biodynamizer.com\\\/es\\\/#website\",\"url\":\"https:\\\/\\\/biodynamizer.com\\\/es\\\/\",\"name\":\"Biodynamizer\",\"description\":\"Filtrez et dynamisez votre eau\",\"potentialAction\":[{\"@type\":\"SearchAction\",\"target\":{\"@type\":\"EntryPoint\",\"urlTemplate\":\"https:\\\/\\\/biodynamizer.com\\\/es\\\/?s={search_term_string}\"},\"query-input\":{\"@type\":\"PropertyValueSpecification\",\"valueRequired\":true,\"valueName\":\"search_term_string\"}}],\"inLanguage\":\"es\"}]}<\/script>\n<!-- \/ Yoast SEO plugin. -->","yoast_head_json":{"title":"An\u00e1lisis electrofot\u00f3nica - Biodynamizer","description":"La c\u00e1mara electrofot\u00f3nica confirma que el agua biodinamizada contiene m\u00e1s energ\u00eda y propiedades hidratantes.","robots":{"index":"index","follow":"follow","max-snippet":"max-snippet:-1","max-image-preview":"max-image-preview:large","max-video-preview":"max-video-preview:-1"},"canonical":"https:\/\/biodynamizer.com\/es\/analisis-cientificos\/la-camara-electrofotonica-coramp-soluciones\/","og_locale":"es_ES","og_type":"article","og_title":"An\u00e1lisis electrofot\u00f3nica - Biodynamizer","og_description":"La c\u00e1mara electrofot\u00f3nica confirma que el agua biodinamizada contiene m\u00e1s energ\u00eda y propiedades hidratantes.","og_url":"https:\/\/biodynamizer.com\/es\/analisis-cientificos\/la-camara-electrofotonica-coramp-soluciones\/","og_site_name":"Biodynamizer","article_modified_time":"2026-01-21T13:14:12+00:00","og_image":[{"width":2000,"height":1333,"url":"https:\/\/biodynamizer.com\/wp-content\/uploads\/2019\/11\/Depositphotos_15742931_xl-2015.jpg","type":"image\/jpeg"}],"twitter_card":"summary_large_image","twitter_misc":{"Tiempo de lectura":"5 minutos"},"schema":{"@context":"https:\/\/schema.org","@graph":[{"@type":"WebPage","@id":"https:\/\/biodynamizer.com\/es\/analisis-cientificos\/la-camara-electrofotonica-coramp-soluciones\/","url":"https:\/\/biodynamizer.com\/es\/analisis-cientificos\/la-camara-electrofotonica-coramp-soluciones\/","name":"An\u00e1lisis electrofot\u00f3nica - Biodynamizer","isPartOf":{"@id":"https:\/\/biodynamizer.com\/es\/#website"},"datePublished":"2020-01-27T12:43:56+00:00","dateModified":"2026-01-21T13:14:12+00:00","description":"La c\u00e1mara electrofot\u00f3nica confirma que el agua biodinamizada contiene m\u00e1s energ\u00eda y propiedades hidratantes.","breadcrumb":{"@id":"https:\/\/biodynamizer.com\/es\/analisis-cientificos\/la-camara-electrofotonica-coramp-soluciones\/#breadcrumb"},"inLanguage":"es","potentialAction":[{"@type":"ReadAction","target":["https:\/\/biodynamizer.com\/es\/analisis-cientificos\/la-camara-electrofotonica-coramp-soluciones\/"]}]},{"@type":"BreadcrumbList","@id":"https:\/\/biodynamizer.com\/es\/analisis-cientificos\/la-camara-electrofotonica-coramp-soluciones\/#breadcrumb","itemListElement":[{"@type":"ListItem","position":1,"name":"Home","item":"https:\/\/biodynamizer.com\/es\/"},{"@type":"ListItem","position":2,"name":"An\u00e1lisis","item":"https:\/\/biodynamizer.com\/es\/analisis-cientificos\/"},{"@type":"ListItem","position":3,"name":"An\u00e1lisis electrofot\u00f3nica"}]},{"@type":"WebSite","@id":"https:\/\/biodynamizer.com\/es\/#website","url":"https:\/\/biodynamizer.com\/es\/","name":"Biodynamizer","description":"Filtrez et dynamisez votre eau","potentialAction":[{"@type":"SearchAction","target":{"@type":"EntryPoint","urlTemplate":"https:\/\/biodynamizer.com\/es\/?s={search_term_string}"},"query-input":{"@type":"PropertyValueSpecification","valueRequired":true,"valueName":"search_term_string"}}],"inLanguage":"es"}]}},"_links":{"self":[{"href":"https:\/\/biodynamizer.com\/es\/wp-json\/wp\/v2\/pages\/6217","targetHints":{"allow":["GET"]}}],"collection":[{"href":"https:\/\/biodynamizer.com\/es\/wp-json\/wp\/v2\/pages"}],"about":[{"href":"https:\/\/biodynamizer.com\/es\/wp-json\/wp\/v2\/types\/page"}],"author":[{"embeddable":true,"href":"https:\/\/biodynamizer.com\/es\/wp-json\/wp\/v2\/users\/3"}],"replies":[{"embeddable":true,"href":"https:\/\/biodynamizer.com\/es\/wp-json\/wp\/v2\/comments?post=6217"}],"version-history":[{"count":53,"href":"https:\/\/biodynamizer.com\/es\/wp-json\/wp\/v2\/pages\/6217\/revisions"}],"predecessor-version":[{"id":30965,"href":"https:\/\/biodynamizer.com\/es\/wp-json\/wp\/v2\/pages\/6217\/revisions\/30965"}],"up":[{"embeddable":true,"href":"https:\/\/biodynamizer.com\/es\/wp-json\/wp\/v2\/pages\/5818"}],"wp:attachment":[{"href":"https:\/\/biodynamizer.com\/es\/wp-json\/wp\/v2\/media?parent=6217"}],"curies":[{"name":"wp","href":"https:\/\/api.w.org\/{rel}","templated":true}]}}