{"id":6283,"date":"2020-01-27T09:50:19","date_gmt":"2020-01-27T09:50:19","guid":{"rendered":"https:\/\/biodynamizer.spleen-creation.be\/information-additionnelle\/les-frequences-de-dynamisation-du-cuivre-de-lor-dargent-dans-le-biodynamizer\/"},"modified":"2021-02-18T13:39:32","modified_gmt":"2021-02-18T13:39:32","slug":"las-frecuencias-de-dinamizacion-del-cobre-oro-plata-en-biodynamizer","status":"publish","type":"page","link":"https:\/\/biodynamizer.com\/es\/informacion-adicional\/las-frecuencias-de-dinamizacion-del-cobre-oro-plata-en-biodynamizer\/","title":{"rendered":"Les fr\u00e9quences de dynamisation du cuivre, de l\u2019or &#038; d\u2019argent dans le Biodynamizer"},"content":{"rendered":"<section class=\"l-section wpb_row us_custom_916fdabd height_small\"><div class=\"l-section-h i-cf\"><div class=\"g-cols vc_row via_flex valign_top type_default stacking_default\"><div class=\"vc_col-sm-12 wpb_column vc_column_container\"><div class=\"vc_column-inner\"><div class=\"wpb_wrapper\"><nav class=\"g-breadcrumbs separator_custom align_none\" itemscope itemtype=\"http:\/\/schema.org\/BreadcrumbList\"><div class=\"g-breadcrumbs-item\" itemscope itemprop=\"itemListElement\" itemtype=\"http:\/\/schema.org\/ListItem\"><a itemprop=\"item\" href=\"https:\/\/biodynamizer.com\/es\/\"><span itemprop=\"name\">Inicio<\/span><\/a><meta itemprop=\"position\" content=\"1\"\/><\/div><div class=\"g-breadcrumbs-separator\">\/<\/div><div class=\"g-breadcrumbs-item\">P\u00e1ginas<\/div><\/nav><\/div><\/div><\/div><\/div><\/div><\/section><section class=\"l-section wpb_row fullheader height_huge with_img\"><div class=\"l-section-img\" role=\"img\" aria-label=\"T-stuk\" data-img-width=\"843\" data-img-height=\"529\" style=\"background-image: url(https:\/\/biodynamizer.com\/wp-content\/uploads\/2020\/01\/cuivre.png);background-repeat: no-repeat;\"><\/div><div class=\"l-section-h i-cf\"><div class=\"g-cols vc_row via_flex valign_top type_default stacking_default\"><div class=\"vc_col-sm-12 wpb_column vc_column_container has_text_color\"><div class=\"vc_column-inner us_custom_6df4bc3a\"><div class=\"wpb_wrapper\"><div class=\"wpb_text_column\"><div class=\"wpb_wrapper\"><h3>Les fr\u00e9quences de dynamisation du cuivre, de l\u2019or &amp; d\u2019argent dans le Biodynamizer<\/h3>\n<\/div><\/div><\/div><\/div><\/div><\/div><\/div><\/section><section class=\"l-section wpb_row max500 height_large\"><div class=\"l-section-h i-cf\"><div class=\"g-cols vc_row via_flex valign_top type_default stacking_default\"><div class=\"vc_col-sm-12 wpb_column vc_column_container\"><div class=\"vc_column-inner\"><div class=\"wpb_wrapper\"><div class=\"w-image align_center\"><div class=\"w-image-h\"><img decoding=\"async\" width=\"1024\" height=\"374\" src=\"https:\/\/biodynamizer.com\/wp-content\/uploads\/2020\/01\/frequence2-1024x374.png\" class=\"attachment-large size-large\" alt=\"\" loading=\"lazy\" srcset=\"https:\/\/biodynamizer.com\/wp-content\/uploads\/2020\/01\/frequence2-1024x374.png 1024w, https:\/\/biodynamizer.com\/wp-content\/uploads\/2020\/01\/frequence2-300x110.png 300w, https:\/\/biodynamizer.com\/wp-content\/uploads\/2020\/01\/frequence2-1536x561.png 1536w, https:\/\/biodynamizer.com\/wp-content\/uploads\/2020\/01\/frequence2.png 2000w\" sizes=\"auto, (max-width: 1024px) 100vw, 1024px\" \/><\/div><\/div><div class=\"w-separator size_medium\"><\/div><div class=\"wpb_text_column\"><div class=\"wpb_wrapper\"><p><b>Transmissions de fr\u00e9quences m\u00e9talliques nobles :<\/b><\/p>\n<ul>\n<li><b>Cuivre &amp; Laiton<\/b> (partie aquif\u00e8re) :\n<ul>\n<li>\u00e9tat de surface tr\u00e8s lisse ayant tr\u00e8s peu de rugosit\u00e9 (\u00e9vite les frictions avec la paroi du tube) ce qui permet de donner une tr\u00e8s grande v\u00e9locit\u00e9 \u00e0 l\u2019eau = vitesse : ce qui g\u00e9n\u00e8re de l\u2019\u00e9nergie cin\u00e9tique<\/li>\n<li>absorbe l\u2019\u00e9nergie photonique \u00e9mise par les aimants pour la transmettre \u00e0 l\u2019eau<\/li>\n<\/ul>\n<\/li>\n<li><b>Or<\/b> (les 2 aimants annulaires sont plaqu\u00e9s or) : m\u00e9tal noble de haute fr\u00e9quence de dynamisation<\/li>\n<li><b>Argent<\/b> (utilis\u00e9 pour le brasage des pi\u00e8ces en cuivre &amp; laiton) : m\u00e9tal noble &amp; bact\u00e9ricide<\/li>\n<\/ul>\n<\/div><\/div><\/div><\/div><\/div><\/div><\/div><\/section>\n","protected":false},"excerpt":{"rendered":"Inicio\/P\u00e1ginasLes fr\u00e9quences de dynamisation du cuivre, de l\u2019or &amp; d\u2019argent dans le Biodynamizer Transmissions de fr\u00e9quences m\u00e9talliques nobles : Cuivre &amp; Laiton (partie aquif\u00e8re) : \u00e9tat de surface tr\u00e8s lisse ayant tr\u00e8s peu de rugosit\u00e9 (\u00e9vite les frictions avec la paroi du tube) ce qui permet de donner une tr\u00e8s grande v\u00e9locit\u00e9 \u00e0 l\u2019eau =...","protected":false},"author":3,"featured_media":0,"parent":5810,"menu_order":9,"comment_status":"closed","ping_status":"closed","template":"","meta":{"_monsterinsights_skip_tracking":false,"_monsterinsights_sitenote_active":false,"_monsterinsights_sitenote_note":"","_monsterinsights_sitenote_category":0,"footnotes":""},"class_list":["post-6283","page","type-page","status-publish","hentry"],"yoast_head":"<!-- This site is optimized with the Yoast SEO plugin v27.4 - https:\/\/yoast.com\/product\/yoast-seo-wordpress\/ -->\n<title>Les fr\u00e9quences de dynamisation du cuivre, de l\u2019or &amp; d\u2019argent dans le Biodynamizer - Biodynamizer<\/title>\n<meta name=\"description\" content=\"Biodynamizer - Les fr\u00e9quences de dynamisation du cuivre, de l\u2019or &amp; d\u2019argent dans le Biodynamizer - En savoir plus sur le biodynamizer et le biofiltre\" \/>\n<meta name=\"robots\" content=\"index, follow, max-snippet:-1, max-image-preview:large, max-video-preview:-1\" \/>\n<link rel=\"canonical\" href=\"https:\/\/biodynamizer.com\/es\/informacion-adicional\/las-frecuencias-de-dinamizacion-del-cobre-oro-plata-en-biodynamizer\/\" \/>\n<meta property=\"og:locale\" content=\"es_ES\" \/>\n<meta property=\"og:type\" content=\"article\" \/>\n<meta property=\"og:title\" content=\"Les fr\u00e9quences de dynamisation du cuivre, de l\u2019or &amp; d\u2019argent dans le Biodynamizer - Biodynamizer\" \/>\n<meta property=\"og:description\" content=\"Biodynamizer - Les fr\u00e9quences de dynamisation du cuivre, de l\u2019or &amp; d\u2019argent dans le Biodynamizer - En savoir plus sur le biodynamizer et le biofiltre\" \/>\n<meta property=\"og:url\" content=\"https:\/\/biodynamizer.com\/es\/informacion-adicional\/las-frecuencias-de-dinamizacion-del-cobre-oro-plata-en-biodynamizer\/\" \/>\n<meta property=\"og:site_name\" content=\"Biodynamizer\" \/>\n<meta property=\"article:modified_time\" content=\"2021-02-18T13:39:32+00:00\" \/>\n<meta property=\"og:image\" content=\"https:\/\/biodynamizer.com\/wp-content\/uploads\/2019\/11\/Depositphotos_15742931_xl-2015.jpg\" \/>\n\t<meta property=\"og:image:width\" content=\"2000\" \/>\n\t<meta property=\"og:image:height\" content=\"1333\" \/>\n\t<meta property=\"og:image:type\" content=\"image\/jpeg\" \/>\n<meta name=\"twitter:card\" content=\"summary_large_image\" \/>\n<meta name=\"twitter:label1\" content=\"Tiempo de lectura\" \/>\n\t<meta name=\"twitter:data1\" content=\"1 minuto\" \/>\n<script type=\"application\/ld+json\" class=\"yoast-schema-graph\">{\"@context\":\"https:\\\/\\\/schema.org\",\"@graph\":[{\"@type\":\"WebPage\",\"@id\":\"https:\\\/\\\/biodynamizer.com\\\/es\\\/informacion-adicional\\\/las-frecuencias-de-dinamizacion-del-cobre-oro-plata-en-biodynamizer\\\/\",\"url\":\"https:\\\/\\\/biodynamizer.com\\\/es\\\/informacion-adicional\\\/las-frecuencias-de-dinamizacion-del-cobre-oro-plata-en-biodynamizer\\\/\",\"name\":\"Les fr\u00e9quences de dynamisation du cuivre, de l\u2019or & d\u2019argent dans le Biodynamizer - Biodynamizer\",\"isPartOf\":{\"@id\":\"https:\\\/\\\/biodynamizer.com\\\/es\\\/#website\"},\"datePublished\":\"2020-01-27T09:50:19+00:00\",\"dateModified\":\"2021-02-18T13:39:32+00:00\",\"description\":\"Biodynamizer - Les fr\u00e9quences de dynamisation du cuivre, de l\u2019or & d\u2019argent dans le Biodynamizer - En savoir plus sur le biodynamizer et le biofiltre\",\"breadcrumb\":{\"@id\":\"https:\\\/\\\/biodynamizer.com\\\/es\\\/informacion-adicional\\\/las-frecuencias-de-dinamizacion-del-cobre-oro-plata-en-biodynamizer\\\/#breadcrumb\"},\"inLanguage\":\"es\",\"potentialAction\":[{\"@type\":\"ReadAction\",\"target\":[\"https:\\\/\\\/biodynamizer.com\\\/es\\\/informacion-adicional\\\/las-frecuencias-de-dinamizacion-del-cobre-oro-plata-en-biodynamizer\\\/\"]}]},{\"@type\":\"BreadcrumbList\",\"@id\":\"https:\\\/\\\/biodynamizer.com\\\/es\\\/informacion-adicional\\\/las-frecuencias-de-dinamizacion-del-cobre-oro-plata-en-biodynamizer\\\/#breadcrumb\",\"itemListElement\":[{\"@type\":\"ListItem\",\"position\":1,\"name\":\"Home\",\"item\":\"https:\\\/\\\/biodynamizer.com\\\/es\\\/\"},{\"@type\":\"ListItem\",\"position\":2,\"name\":\"Information additionnelle\",\"item\":\"https:\\\/\\\/biodynamizer.com\\\/es\\\/information-additionnelle\\\/\"},{\"@type\":\"ListItem\",\"position\":3,\"name\":\"Les fr\u00e9quences de dynamisation du cuivre, de l\u2019or &#038; d\u2019argent dans le Biodynamizer\"}]},{\"@type\":\"WebSite\",\"@id\":\"https:\\\/\\\/biodynamizer.com\\\/es\\\/#website\",\"url\":\"https:\\\/\\\/biodynamizer.com\\\/es\\\/\",\"name\":\"Biodynamizer\",\"description\":\"Filtrez et dynamisez votre eau\",\"potentialAction\":[{\"@type\":\"SearchAction\",\"target\":{\"@type\":\"EntryPoint\",\"urlTemplate\":\"https:\\\/\\\/biodynamizer.com\\\/es\\\/?s={search_term_string}\"},\"query-input\":{\"@type\":\"PropertyValueSpecification\",\"valueRequired\":true,\"valueName\":\"search_term_string\"}}],\"inLanguage\":\"es\"}]}<\/script>\n<!-- \/ Yoast SEO plugin. -->","yoast_head_json":{"title":"Les fr\u00e9quences de dynamisation du cuivre, de l\u2019or & d\u2019argent dans le Biodynamizer - Biodynamizer","description":"Biodynamizer - Les fr\u00e9quences de dynamisation du cuivre, de l\u2019or & d\u2019argent dans le Biodynamizer - En savoir plus sur le biodynamizer et le biofiltre","robots":{"index":"index","follow":"follow","max-snippet":"max-snippet:-1","max-image-preview":"max-image-preview:large","max-video-preview":"max-video-preview:-1"},"canonical":"https:\/\/biodynamizer.com\/es\/informacion-adicional\/las-frecuencias-de-dinamizacion-del-cobre-oro-plata-en-biodynamizer\/","og_locale":"es_ES","og_type":"article","og_title":"Les fr\u00e9quences de dynamisation du cuivre, de l\u2019or & d\u2019argent dans le Biodynamizer - Biodynamizer","og_description":"Biodynamizer - Les fr\u00e9quences de dynamisation du cuivre, de l\u2019or & d\u2019argent dans le Biodynamizer - En savoir plus sur le biodynamizer et le biofiltre","og_url":"https:\/\/biodynamizer.com\/es\/informacion-adicional\/las-frecuencias-de-dinamizacion-del-cobre-oro-plata-en-biodynamizer\/","og_site_name":"Biodynamizer","article_modified_time":"2021-02-18T13:39:32+00:00","og_image":[{"width":2000,"height":1333,"url":"https:\/\/biodynamizer.com\/wp-content\/uploads\/2019\/11\/Depositphotos_15742931_xl-2015.jpg","type":"image\/jpeg"}],"twitter_card":"summary_large_image","twitter_misc":{"Tiempo de lectura":"1 minuto"},"schema":{"@context":"https:\/\/schema.org","@graph":[{"@type":"WebPage","@id":"https:\/\/biodynamizer.com\/es\/informacion-adicional\/las-frecuencias-de-dinamizacion-del-cobre-oro-plata-en-biodynamizer\/","url":"https:\/\/biodynamizer.com\/es\/informacion-adicional\/las-frecuencias-de-dinamizacion-del-cobre-oro-plata-en-biodynamizer\/","name":"Les fr\u00e9quences de dynamisation du cuivre, de l\u2019or & d\u2019argent dans le Biodynamizer - Biodynamizer","isPartOf":{"@id":"https:\/\/biodynamizer.com\/es\/#website"},"datePublished":"2020-01-27T09:50:19+00:00","dateModified":"2021-02-18T13:39:32+00:00","description":"Biodynamizer - Les fr\u00e9quences de dynamisation du cuivre, de l\u2019or & d\u2019argent dans le Biodynamizer - En savoir plus sur le biodynamizer et le biofiltre","breadcrumb":{"@id":"https:\/\/biodynamizer.com\/es\/informacion-adicional\/las-frecuencias-de-dinamizacion-del-cobre-oro-plata-en-biodynamizer\/#breadcrumb"},"inLanguage":"es","potentialAction":[{"@type":"ReadAction","target":["https:\/\/biodynamizer.com\/es\/informacion-adicional\/las-frecuencias-de-dinamizacion-del-cobre-oro-plata-en-biodynamizer\/"]}]},{"@type":"BreadcrumbList","@id":"https:\/\/biodynamizer.com\/es\/informacion-adicional\/las-frecuencias-de-dinamizacion-del-cobre-oro-plata-en-biodynamizer\/#breadcrumb","itemListElement":[{"@type":"ListItem","position":1,"name":"Home","item":"https:\/\/biodynamizer.com\/es\/"},{"@type":"ListItem","position":2,"name":"Information additionnelle","item":"https:\/\/biodynamizer.com\/es\/information-additionnelle\/"},{"@type":"ListItem","position":3,"name":"Les fr\u00e9quences de dynamisation du cuivre, de l\u2019or &#038; d\u2019argent dans le Biodynamizer"}]},{"@type":"WebSite","@id":"https:\/\/biodynamizer.com\/es\/#website","url":"https:\/\/biodynamizer.com\/es\/","name":"Biodynamizer","description":"Filtrez et dynamisez votre eau","potentialAction":[{"@type":"SearchAction","target":{"@type":"EntryPoint","urlTemplate":"https:\/\/biodynamizer.com\/es\/?s={search_term_string}"},"query-input":{"@type":"PropertyValueSpecification","valueRequired":true,"valueName":"search_term_string"}}],"inLanguage":"es"}]}},"_links":{"self":[{"href":"https:\/\/biodynamizer.com\/es\/wp-json\/wp\/v2\/pages\/6283","targetHints":{"allow":["GET"]}}],"collection":[{"href":"https:\/\/biodynamizer.com\/es\/wp-json\/wp\/v2\/pages"}],"about":[{"href":"https:\/\/biodynamizer.com\/es\/wp-json\/wp\/v2\/types\/page"}],"author":[{"embeddable":true,"href":"https:\/\/biodynamizer.com\/es\/wp-json\/wp\/v2\/users\/3"}],"replies":[{"embeddable":true,"href":"https:\/\/biodynamizer.com\/es\/wp-json\/wp\/v2\/comments?post=6283"}],"version-history":[{"count":1,"href":"https:\/\/biodynamizer.com\/es\/wp-json\/wp\/v2\/pages\/6283\/revisions"}],"predecessor-version":[{"id":6293,"href":"https:\/\/biodynamizer.com\/es\/wp-json\/wp\/v2\/pages\/6283\/revisions\/6293"}],"up":[{"embeddable":true,"href":"https:\/\/biodynamizer.com\/es\/wp-json\/wp\/v2\/pages\/5810"}],"wp:attachment":[{"href":"https:\/\/biodynamizer.com\/es\/wp-json\/wp\/v2\/media?parent=6283"}],"curies":[{"name":"wp","href":"https:\/\/api.w.org\/{rel}","templated":true}]}}