{"id":6297,"date":"2020-01-27T09:37:08","date_gmt":"2020-01-27T09:37:08","guid":{"rendered":"https:\/\/biodynamizer.spleen-creation.be\/information-additionnelle\/les-frequences-minerales-naturelles-dans-le-biodynamizer\/"},"modified":"2021-02-18T13:33:33","modified_gmt":"2021-02-18T13:33:33","slug":"las-frecuencias-minimas-naturales-en-el-biodynamizer","status":"publish","type":"page","link":"https:\/\/biodynamizer.com\/es\/informacion-adicional\/las-frecuencias-minimas-naturales-en-el-biodynamizer\/","title":{"rendered":"Frecuencias minerales naturales en el biodinamizador"},"content":{"rendered":"<section class=\"l-section wpb_row us_custom_916fdabd height_small\"><div class=\"l-section-h i-cf\"><div class=\"g-cols vc_row via_flex valign_top type_default stacking_default\"><div class=\"vc_col-sm-12 wpb_column vc_column_container\"><div class=\"vc_column-inner\"><div class=\"wpb_wrapper\"><nav class=\"g-breadcrumbs separator_custom align_none\" itemscope itemtype=\"http:\/\/schema.org\/BreadcrumbList\"><div class=\"g-breadcrumbs-item\" itemscope itemprop=\"itemListElement\" itemtype=\"http:\/\/schema.org\/ListItem\"><a itemprop=\"item\" href=\"https:\/\/biodynamizer.com\/es\/\"><span itemprop=\"name\">Inicio<\/span><\/a><meta itemprop=\"position\" content=\"1\"\/><\/div><div class=\"g-breadcrumbs-separator\">\/<\/div><div class=\"g-breadcrumbs-item\">P\u00e1ginas<\/div><\/nav><\/div><\/div><\/div><\/div><\/div><\/section><section class=\"l-section wpb_row fullheader height_huge with_img\"><div class=\"l-section-img\" role=\"img\" aria-label=\"Roche de lave\" data-img-width=\"458\" data-img-height=\"458\" style=\"background-image: url(https:\/\/biodynamizer.com\/wp-content\/uploads\/2020\/01\/Roche-de-lave.jpg);background-repeat: no-repeat;\"><\/div><div class=\"l-section-h i-cf\"><div class=\"g-cols vc_row via_flex valign_top type_default stacking_default\"><div class=\"vc_col-sm-12 wpb_column vc_column_container has_text_color\"><div class=\"vc_column-inner us_custom_6df4bc3a\"><div class=\"wpb_wrapper\"><div class=\"wpb_text_column\"><div class=\"wpb_wrapper\"><h3>Frecuencias minerales naturales en el biodinamizador<\/h3>\n<\/div><\/div><\/div><\/div><\/div><\/div><\/div><\/section><section class=\"l-section wpb_row max500 height_large\"><div class=\"l-section-h i-cf\"><div class=\"g-cols vc_row via_flex valign_middle type_default reversed stacking_default\"><div class=\"vc_col-sm-6 wpb_column vc_column_container\"><div class=\"vc_column-inner\"><div class=\"wpb_wrapper\"><div class=\"wpb_text_column\"><div class=\"wpb_wrapper\"><p>La parte del acu\u00edfero est\u00e1 totalmente rodeada de minerales de la naturaleza:<\/p>\n<ul>\n<li>Piedra de lava volc\u00e1nica<\/li>\n<li>M\u00e1rmol de Carrara<\/li>\n<li>Cer\u00e1mica informada por microorganismos eficientes (EM)* que emiten bajas frecuencias infrarrojas compatibles con los organismos vivos; producto certificado como aut\u00e9ntico por EMRO<\/li>\n<\/ul>\n<\/div><\/div><div class=\"w-image align_center\"><div class=\"w-image-h\"><img decoding=\"async\" width=\"108\" height=\"100\" src=\"https:\/\/biodynamizer.com\/wp-content\/uploads\/2020\/01\/em-logo.png\" class=\"attachment-large size-large\" alt=\"logo em\" loading=\"lazy\" \/><\/div><\/div><div class=\"wpb_text_column\"><div class=\"wpb_wrapper\"><p>* Arcilla mixta de varias cepas complementarias de bacterias fermentadoras, hongos y levaduras, existentes en estado natural y que emiten ondas infrarrojas lejanas favorables a la vida y al agua (teor\u00eda del Prof. Dr. Teruo Higa).<\/p>\n<\/div><\/div><\/div><\/div><\/div><div class=\"vc_col-sm-6 wpb_column vc_column_container\"><div class=\"vc_column-inner\"><div class=\"wpb_wrapper\"><div class=\"w-image align_center\"><div class=\"w-image-h\"><img decoding=\"async\" width=\"894\" height=\"1024\" src=\"https:\/\/biodynamizer.com\/wp-content\/uploads\/2020\/01\/frequence-894x1024.png\" class=\"attachment-large size-large\" alt=\"\" loading=\"lazy\" srcset=\"https:\/\/biodynamizer.com\/wp-content\/uploads\/2020\/01\/frequence-894x1024.png 894w, https:\/\/biodynamizer.com\/wp-content\/uploads\/2020\/01\/frequence-262x300.png 262w, https:\/\/biodynamizer.com\/wp-content\/uploads\/2020\/01\/frequence-1341x1536.png 1341w, https:\/\/biodynamizer.com\/wp-content\/uploads\/2020\/01\/frequence-1789x2048.png 1789w, https:\/\/biodynamizer.com\/wp-content\/uploads\/2020\/01\/frequence.png 2000w\" sizes=\"auto, (max-width: 894px) 100vw, 894px\" \/><\/div><\/div><\/div><\/div><\/div><\/div><\/div><\/section>\n","protected":false},"excerpt":{"rendered":"Inicio\/P\u00e1ginasFrecuencias minerales naturales en el biodinamizador La parte del acu\u00edfero est\u00e1 totalmente rodeada de minerales de la naturaleza: Piedra de lava volc\u00e1nica M\u00e1rmol de Carrara Cer\u00e1mica informada por microorganismos eficientes (EM)* que emiten bajas frecuencias infrarrojas compatibles con los organismos vivos; producto certificado como aut\u00e9ntico por EMRO * Arcilla mixta de varias cepas complementarias de...","protected":false},"author":3,"featured_media":0,"parent":5810,"menu_order":6,"comment_status":"closed","ping_status":"closed","template":"","meta":{"_monsterinsights_skip_tracking":false,"_monsterinsights_sitenote_active":false,"_monsterinsights_sitenote_note":"","_monsterinsights_sitenote_category":0,"footnotes":""},"class_list":["post-6297","page","type-page","status-publish","hentry"],"yoast_head":"<!-- This site is optimized with the Yoast SEO plugin v27.4 - https:\/\/yoast.com\/product\/yoast-seo-wordpress\/ -->\n<title>Frecuencias minerales naturales en el biodinamizador - Biodynamizer<\/title>\n<meta name=\"description\" content=\"Biodynamizer - Frecuencias minerales naturales en el biodinamizador - En savoir plus sur le biodynamizer et le biofiltre\" \/>\n<meta name=\"robots\" content=\"index, follow, max-snippet:-1, max-image-preview:large, max-video-preview:-1\" \/>\n<link rel=\"canonical\" href=\"https:\/\/biodynamizer.com\/es\/informacion-adicional\/las-frecuencias-minimas-naturales-en-el-biodynamizer\/\" \/>\n<meta property=\"og:locale\" content=\"es_ES\" \/>\n<meta property=\"og:type\" content=\"article\" \/>\n<meta property=\"og:title\" content=\"Frecuencias minerales naturales en el biodinamizador - Biodynamizer\" \/>\n<meta property=\"og:description\" content=\"Biodynamizer - Frecuencias minerales naturales en el biodinamizador - En savoir plus sur le biodynamizer et le biofiltre\" \/>\n<meta property=\"og:url\" content=\"https:\/\/biodynamizer.com\/es\/informacion-adicional\/las-frecuencias-minimas-naturales-en-el-biodynamizer\/\" \/>\n<meta property=\"og:site_name\" content=\"Biodynamizer\" \/>\n<meta property=\"article:modified_time\" content=\"2021-02-18T13:33:33+00:00\" \/>\n<meta property=\"og:image\" content=\"https:\/\/biodynamizer.com\/wp-content\/uploads\/2019\/11\/Depositphotos_15742931_xl-2015.jpg\" \/>\n\t<meta property=\"og:image:width\" content=\"2000\" \/>\n\t<meta property=\"og:image:height\" content=\"1333\" \/>\n\t<meta property=\"og:image:type\" content=\"image\/jpeg\" \/>\n<meta name=\"twitter:card\" content=\"summary_large_image\" \/>\n<meta name=\"twitter:label1\" content=\"Tiempo de lectura\" \/>\n\t<meta name=\"twitter:data1\" content=\"1 minuto\" \/>\n<script type=\"application\/ld+json\" class=\"yoast-schema-graph\">{\"@context\":\"https:\\\/\\\/schema.org\",\"@graph\":[{\"@type\":\"WebPage\",\"@id\":\"https:\\\/\\\/biodynamizer.com\\\/es\\\/informacion-adicional\\\/las-frecuencias-minimas-naturales-en-el-biodynamizer\\\/\",\"url\":\"https:\\\/\\\/biodynamizer.com\\\/es\\\/informacion-adicional\\\/las-frecuencias-minimas-naturales-en-el-biodynamizer\\\/\",\"name\":\"Frecuencias minerales naturales en el biodinamizador - Biodynamizer\",\"isPartOf\":{\"@id\":\"https:\\\/\\\/biodynamizer.com\\\/es\\\/#website\"},\"datePublished\":\"2020-01-27T09:37:08+00:00\",\"dateModified\":\"2021-02-18T13:33:33+00:00\",\"description\":\"Biodynamizer - Frecuencias minerales naturales en el biodinamizador - En savoir plus sur le biodynamizer et le biofiltre\",\"breadcrumb\":{\"@id\":\"https:\\\/\\\/biodynamizer.com\\\/es\\\/informacion-adicional\\\/las-frecuencias-minimas-naturales-en-el-biodynamizer\\\/#breadcrumb\"},\"inLanguage\":\"es\",\"potentialAction\":[{\"@type\":\"ReadAction\",\"target\":[\"https:\\\/\\\/biodynamizer.com\\\/es\\\/informacion-adicional\\\/las-frecuencias-minimas-naturales-en-el-biodynamizer\\\/\"]}]},{\"@type\":\"BreadcrumbList\",\"@id\":\"https:\\\/\\\/biodynamizer.com\\\/es\\\/informacion-adicional\\\/las-frecuencias-minimas-naturales-en-el-biodynamizer\\\/#breadcrumb\",\"itemListElement\":[{\"@type\":\"ListItem\",\"position\":1,\"name\":\"Home\",\"item\":\"https:\\\/\\\/biodynamizer.com\\\/es\\\/\"},{\"@type\":\"ListItem\",\"position\":2,\"name\":\"Information additionnelle\",\"item\":\"https:\\\/\\\/biodynamizer.com\\\/es\\\/information-additionnelle\\\/\"},{\"@type\":\"ListItem\",\"position\":3,\"name\":\"Frecuencias minerales naturales en el biodinamizador\"}]},{\"@type\":\"WebSite\",\"@id\":\"https:\\\/\\\/biodynamizer.com\\\/es\\\/#website\",\"url\":\"https:\\\/\\\/biodynamizer.com\\\/es\\\/\",\"name\":\"Biodynamizer\",\"description\":\"Filtrez et dynamisez votre eau\",\"potentialAction\":[{\"@type\":\"SearchAction\",\"target\":{\"@type\":\"EntryPoint\",\"urlTemplate\":\"https:\\\/\\\/biodynamizer.com\\\/es\\\/?s={search_term_string}\"},\"query-input\":{\"@type\":\"PropertyValueSpecification\",\"valueRequired\":true,\"valueName\":\"search_term_string\"}}],\"inLanguage\":\"es\"}]}<\/script>\n<!-- \/ Yoast SEO plugin. -->","yoast_head_json":{"title":"Frecuencias minerales naturales en el biodinamizador - Biodynamizer","description":"Biodynamizer - Frecuencias minerales naturales en el biodinamizador - En savoir plus sur le biodynamizer et le biofiltre","robots":{"index":"index","follow":"follow","max-snippet":"max-snippet:-1","max-image-preview":"max-image-preview:large","max-video-preview":"max-video-preview:-1"},"canonical":"https:\/\/biodynamizer.com\/es\/informacion-adicional\/las-frecuencias-minimas-naturales-en-el-biodynamizer\/","og_locale":"es_ES","og_type":"article","og_title":"Frecuencias minerales naturales en el biodinamizador - Biodynamizer","og_description":"Biodynamizer - Frecuencias minerales naturales en el biodinamizador - En savoir plus sur le biodynamizer et le biofiltre","og_url":"https:\/\/biodynamizer.com\/es\/informacion-adicional\/las-frecuencias-minimas-naturales-en-el-biodynamizer\/","og_site_name":"Biodynamizer","article_modified_time":"2021-02-18T13:33:33+00:00","og_image":[{"width":2000,"height":1333,"url":"https:\/\/biodynamizer.com\/wp-content\/uploads\/2019\/11\/Depositphotos_15742931_xl-2015.jpg","type":"image\/jpeg"}],"twitter_card":"summary_large_image","twitter_misc":{"Tiempo de lectura":"1 minuto"},"schema":{"@context":"https:\/\/schema.org","@graph":[{"@type":"WebPage","@id":"https:\/\/biodynamizer.com\/es\/informacion-adicional\/las-frecuencias-minimas-naturales-en-el-biodynamizer\/","url":"https:\/\/biodynamizer.com\/es\/informacion-adicional\/las-frecuencias-minimas-naturales-en-el-biodynamizer\/","name":"Frecuencias minerales naturales en el biodinamizador - Biodynamizer","isPartOf":{"@id":"https:\/\/biodynamizer.com\/es\/#website"},"datePublished":"2020-01-27T09:37:08+00:00","dateModified":"2021-02-18T13:33:33+00:00","description":"Biodynamizer - Frecuencias minerales naturales en el biodinamizador - En savoir plus sur le biodynamizer et le biofiltre","breadcrumb":{"@id":"https:\/\/biodynamizer.com\/es\/informacion-adicional\/las-frecuencias-minimas-naturales-en-el-biodynamizer\/#breadcrumb"},"inLanguage":"es","potentialAction":[{"@type":"ReadAction","target":["https:\/\/biodynamizer.com\/es\/informacion-adicional\/las-frecuencias-minimas-naturales-en-el-biodynamizer\/"]}]},{"@type":"BreadcrumbList","@id":"https:\/\/biodynamizer.com\/es\/informacion-adicional\/las-frecuencias-minimas-naturales-en-el-biodynamizer\/#breadcrumb","itemListElement":[{"@type":"ListItem","position":1,"name":"Home","item":"https:\/\/biodynamizer.com\/es\/"},{"@type":"ListItem","position":2,"name":"Information additionnelle","item":"https:\/\/biodynamizer.com\/es\/information-additionnelle\/"},{"@type":"ListItem","position":3,"name":"Frecuencias minerales naturales en el biodinamizador"}]},{"@type":"WebSite","@id":"https:\/\/biodynamizer.com\/es\/#website","url":"https:\/\/biodynamizer.com\/es\/","name":"Biodynamizer","description":"Filtrez et dynamisez votre eau","potentialAction":[{"@type":"SearchAction","target":{"@type":"EntryPoint","urlTemplate":"https:\/\/biodynamizer.com\/es\/?s={search_term_string}"},"query-input":{"@type":"PropertyValueSpecification","valueRequired":true,"valueName":"search_term_string"}}],"inLanguage":"es"}]}},"_links":{"self":[{"href":"https:\/\/biodynamizer.com\/es\/wp-json\/wp\/v2\/pages\/6297","targetHints":{"allow":["GET"]}}],"collection":[{"href":"https:\/\/biodynamizer.com\/es\/wp-json\/wp\/v2\/pages"}],"about":[{"href":"https:\/\/biodynamizer.com\/es\/wp-json\/wp\/v2\/types\/page"}],"author":[{"embeddable":true,"href":"https:\/\/biodynamizer.com\/es\/wp-json\/wp\/v2\/users\/3"}],"replies":[{"embeddable":true,"href":"https:\/\/biodynamizer.com\/es\/wp-json\/wp\/v2\/comments?post=6297"}],"version-history":[{"count":3,"href":"https:\/\/biodynamizer.com\/es\/wp-json\/wp\/v2\/pages\/6297\/revisions"}],"predecessor-version":[{"id":7847,"href":"https:\/\/biodynamizer.com\/es\/wp-json\/wp\/v2\/pages\/6297\/revisions\/7847"}],"up":[{"embeddable":true,"href":"https:\/\/biodynamizer.com\/es\/wp-json\/wp\/v2\/pages\/5810"}],"wp:attachment":[{"href":"https:\/\/biodynamizer.com\/es\/wp-json\/wp\/v2\/media?parent=6297"}],"curies":[{"name":"wp","href":"https:\/\/api.w.org\/{rel}","templated":true}]}}