{"id":6303,"date":"2020-01-27T08:36:28","date_gmt":"2020-01-27T08:36:28","guid":{"rendered":"https:\/\/biodynamizer.spleen-creation.be\/information-additionnelle\/la-structure-de-la-matiere-est-plus-importante-que-sa-composition-chimique\/"},"modified":"2021-02-18T13:27:13","modified_gmt":"2021-02-18T13:27:13","slug":"la-estructura-material-es-mas-importante-que-la-composicion-quimica","status":"publish","type":"page","link":"https:\/\/biodynamizer.com\/es\/informacion-adicional\/la-estructura-material-es-mas-importante-que-la-composicion-quimica\/","title":{"rendered":"\u00a1La estructura de la materia es m\u00e1s importante que su composici\u00f3n qu\u00edmica!"},"content":{"rendered":"<section class=\"l-section wpb_row us_custom_916fdabd height_small\"><div class=\"l-section-h i-cf\"><div class=\"g-cols vc_row via_flex valign_top type_default stacking_default\"><div class=\"vc_col-sm-12 wpb_column vc_column_container\"><div class=\"vc_column-inner\"><div class=\"wpb_wrapper\"><nav class=\"g-breadcrumbs separator_custom align_none\" itemscope itemtype=\"http:\/\/schema.org\/BreadcrumbList\"><div class=\"g-breadcrumbs-item\" itemscope itemprop=\"itemListElement\" itemtype=\"http:\/\/schema.org\/ListItem\"><a itemprop=\"item\" href=\"https:\/\/biodynamizer.com\/es\/\"><span itemprop=\"name\">Inicio<\/span><\/a><meta itemprop=\"position\" content=\"1\"\/><\/div><div class=\"g-breadcrumbs-separator\">\/<\/div><div class=\"g-breadcrumbs-item\">P\u00e1ginas<\/div><\/nav><\/div><\/div><\/div><\/div><\/div><\/section><section class=\"l-section wpb_row fullheader height_huge with_img\"><div class=\"l-section-img\" role=\"img\" aria-label=\"3d illustration of molecule model. Science background with molecules and atoms\" data-img-width=\"2000\" data-img-height=\"1124\" style=\"background-image: url(https:\/\/biodynamizer.com\/wp-content\/uploads\/2020\/01\/Depositphotos_150563222_xl-2015.jpg);background-repeat: no-repeat;\"><\/div><div class=\"l-section-h i-cf\"><div class=\"g-cols vc_row via_flex valign_top type_default stacking_default\"><div class=\"vc_col-sm-12 wpb_column vc_column_container has_text_color\"><div class=\"vc_column-inner us_custom_6df4bc3a\"><div class=\"wpb_wrapper\"><div class=\"wpb_text_column\"><div class=\"wpb_wrapper\"><h3>\u00a1La estructura de la materia es m\u00e1s importante que su composici\u00f3n qu\u00edmica!<\/h3>\n<\/div><\/div><\/div><\/div><\/div><\/div><\/div><\/section><section class=\"l-section wpb_row max500 height_large\"><div class=\"l-section-h i-cf\"><div class=\"g-cols vc_row via_flex valign_top type_default stacking_default\"><div class=\"vc_col-sm-3 wpb_column vc_column_container\"><div class=\"vc_column-inner\"><div class=\"wpb_wrapper\"><div class=\"w-image max500 align_center\"><div class=\"w-image-h\"><img decoding=\"async\" width=\"291\" height=\"731\" src=\"https:\/\/biodynamizer.com\/wp-content\/uploads\/2020\/01\/chimique3.png\" class=\"attachment-large size-large\" alt=\"illustration d&#039;un corps rempli \u00e0 70% d&#039;eau\" loading=\"lazy\" srcset=\"https:\/\/biodynamizer.com\/wp-content\/uploads\/2020\/01\/chimique3.png 291w, https:\/\/biodynamizer.com\/wp-content\/uploads\/2020\/01\/chimique3-119x300.png 119w\" sizes=\"auto, (max-width: 291px) 100vw, 291px\" \/><\/div><\/div><\/div><\/div><\/div><div class=\"vc_col-sm-9 wpb_column vc_column_container\"><div class=\"vc_column-inner\"><div class=\"wpb_wrapper\"><div class=\"wpb_text_column\"><div class=\"wpb_wrapper\"><p>La disposici\u00f3n de la <b>estructura del<\/b> carbono \u00abC\u00bb, permite materializar materiales totalmente diferentes! : diamante, grafito, carb\u00f3n.<\/p>\n<p><i>\u00abLa estructura del agua es mucho m\u00e1s importante que su composici\u00f3n qu\u00edmica\u00bb Prof. Rustum Roy, Univ. de Pennsylvania \u00ab<\/i><\/p>\n<p><i>\u00abEl agua captura, almacena y transmite energ\u00eda de origen electromagn\u00e9tico, el agua es comparable a una cinta magn\u00e9tica\u00bb J. Benveniste. \u00bb<\/i><\/p>\n<\/div><\/div><div class=\"w-image align_center\"><div class=\"w-image-h\"><img decoding=\"async\" width=\"600\" height=\"300\" src=\"https:\/\/biodynamizer.com\/wp-content\/uploads\/2020\/03\/New-Project-4-3-600x300.jpg\" class=\"attachment-us_600_400_crop size-us_600_400_crop\" alt=\"\" loading=\"lazy\" \/><\/div><\/div><div class=\"w-separator size_large\"><\/div><div class=\"wpb_text_column\"><div class=\"wpb_wrapper\"><p style=\"text-align: left;\">Ser\u00eda la estructura de nuestra agua biol\u00f3gica (hecha por puentes de hidr\u00f3geno) la que activar\u00eda toda la comunicaci\u00f3n celular de nuestro metabolismo.\u00a0\u00a0 La energ\u00eda presente en el agua oscilar\u00eda-vibrar\u00eda de manera sincronizada como un c\u00f3digo de informaci\u00f3n que ser\u00eda decodificado por el <i>lector<\/i> de <i>informaci\u00f3n<\/i> que es el agua. \u00ab<strong><em>C\u00f3digos de energ\u00eda, descodificaci\u00f3n del agua<\/em><\/strong>\u00ab.<\/p>\n<p style=\"text-align: left;\">\u00a1De ah\u00ed la importancia de la estructura del agua que bebemos!<\/p>\n<\/div><\/div><\/div><\/div><\/div><\/div><\/div><\/section>\n","protected":false},"excerpt":{"rendered":"Inicio\/P\u00e1ginas\u00a1La estructura de la materia es m\u00e1s importante que su composici\u00f3n qu\u00edmica! La disposici\u00f3n de la estructura del carbono \u00abC\u00bb, permite materializar materiales totalmente diferentes! : diamante, grafito, carb\u00f3n. \u00abLa estructura del agua es mucho m\u00e1s importante que su composici\u00f3n qu\u00edmica\u00bb Prof. Rustum Roy, Univ. de Pennsylvania \u00ab \u00abEl agua captura, almacena y transmite energ\u00eda...","protected":false},"author":3,"featured_media":0,"parent":5810,"menu_order":1,"comment_status":"closed","ping_status":"closed","template":"","meta":{"_monsterinsights_skip_tracking":false,"_monsterinsights_sitenote_active":false,"_monsterinsights_sitenote_note":"","_monsterinsights_sitenote_category":0,"footnotes":""},"class_list":["post-6303","page","type-page","status-publish","hentry"],"yoast_head":"<!-- This site is optimized with the Yoast SEO plugin v27.3 - https:\/\/yoast.com\/product\/yoast-seo-wordpress\/ -->\n<title>\u00a1La estructura de la materia es m\u00e1s importante que su composici\u00f3n qu\u00edmica! - Biodynamizer<\/title>\n<meta name=\"description\" content=\"Biodynamizer - \u00a1La estructura de la materia es m\u00e1s importante que su composici\u00f3n qu\u00edmica! - En savoir plus sur le biodynamizer et le biofiltre\" \/>\n<meta name=\"robots\" content=\"index, follow, max-snippet:-1, max-image-preview:large, max-video-preview:-1\" \/>\n<link rel=\"canonical\" href=\"https:\/\/biodynamizer.com\/es\/informacion-adicional\/la-estructura-material-es-mas-importante-que-la-composicion-quimica\/\" \/>\n<meta property=\"og:locale\" content=\"es_ES\" \/>\n<meta property=\"og:type\" content=\"article\" \/>\n<meta property=\"og:title\" content=\"\u00a1La estructura de la materia es m\u00e1s importante que su composici\u00f3n qu\u00edmica! - Biodynamizer\" \/>\n<meta property=\"og:description\" content=\"Biodynamizer - \u00a1La estructura de la materia es m\u00e1s importante que su composici\u00f3n qu\u00edmica! - En savoir plus sur le biodynamizer et le biofiltre\" \/>\n<meta property=\"og:url\" content=\"https:\/\/biodynamizer.com\/es\/informacion-adicional\/la-estructura-material-es-mas-importante-que-la-composicion-quimica\/\" \/>\n<meta property=\"og:site_name\" content=\"Biodynamizer\" \/>\n<meta property=\"article:modified_time\" content=\"2021-02-18T13:27:13+00:00\" \/>\n<meta property=\"og:image\" content=\"https:\/\/biodynamizer.com\/wp-content\/uploads\/2019\/11\/Depositphotos_15742931_xl-2015.jpg\" \/>\n\t<meta property=\"og:image:width\" content=\"2000\" \/>\n\t<meta property=\"og:image:height\" content=\"1333\" \/>\n\t<meta property=\"og:image:type\" content=\"image\/jpeg\" \/>\n<meta name=\"twitter:card\" content=\"summary_large_image\" \/>\n<meta name=\"twitter:label1\" content=\"Tiempo de lectura\" \/>\n\t<meta name=\"twitter:data1\" content=\"1 minuto\" \/>\n<script type=\"application\/ld+json\" class=\"yoast-schema-graph\">{\"@context\":\"https:\\\/\\\/schema.org\",\"@graph\":[{\"@type\":\"WebPage\",\"@id\":\"https:\\\/\\\/biodynamizer.com\\\/es\\\/informacion-adicional\\\/la-estructura-material-es-mas-importante-que-la-composicion-quimica\\\/\",\"url\":\"https:\\\/\\\/biodynamizer.com\\\/es\\\/informacion-adicional\\\/la-estructura-material-es-mas-importante-que-la-composicion-quimica\\\/\",\"name\":\"\u00a1La estructura de la materia es m\u00e1s importante que su composici\u00f3n qu\u00edmica! - Biodynamizer\",\"isPartOf\":{\"@id\":\"https:\\\/\\\/biodynamizer.com\\\/es\\\/#website\"},\"datePublished\":\"2020-01-27T08:36:28+00:00\",\"dateModified\":\"2021-02-18T13:27:13+00:00\",\"description\":\"Biodynamizer - \u00a1La estructura de la materia es m\u00e1s importante que su composici\u00f3n qu\u00edmica! - En savoir plus sur le biodynamizer et le biofiltre\",\"breadcrumb\":{\"@id\":\"https:\\\/\\\/biodynamizer.com\\\/es\\\/informacion-adicional\\\/la-estructura-material-es-mas-importante-que-la-composicion-quimica\\\/#breadcrumb\"},\"inLanguage\":\"es\",\"potentialAction\":[{\"@type\":\"ReadAction\",\"target\":[\"https:\\\/\\\/biodynamizer.com\\\/es\\\/informacion-adicional\\\/la-estructura-material-es-mas-importante-que-la-composicion-quimica\\\/\"]}]},{\"@type\":\"BreadcrumbList\",\"@id\":\"https:\\\/\\\/biodynamizer.com\\\/es\\\/informacion-adicional\\\/la-estructura-material-es-mas-importante-que-la-composicion-quimica\\\/#breadcrumb\",\"itemListElement\":[{\"@type\":\"ListItem\",\"position\":1,\"name\":\"Home\",\"item\":\"https:\\\/\\\/biodynamizer.com\\\/es\\\/\"},{\"@type\":\"ListItem\",\"position\":2,\"name\":\"Information additionnelle\",\"item\":\"https:\\\/\\\/biodynamizer.com\\\/es\\\/information-additionnelle\\\/\"},{\"@type\":\"ListItem\",\"position\":3,\"name\":\"\u00a1La estructura de la materia es m\u00e1s importante que su composici\u00f3n qu\u00edmica!\"}]},{\"@type\":\"WebSite\",\"@id\":\"https:\\\/\\\/biodynamizer.com\\\/es\\\/#website\",\"url\":\"https:\\\/\\\/biodynamizer.com\\\/es\\\/\",\"name\":\"Biodynamizer\",\"description\":\"Filtrez et dynamisez votre eau\",\"potentialAction\":[{\"@type\":\"SearchAction\",\"target\":{\"@type\":\"EntryPoint\",\"urlTemplate\":\"https:\\\/\\\/biodynamizer.com\\\/es\\\/?s={search_term_string}\"},\"query-input\":{\"@type\":\"PropertyValueSpecification\",\"valueRequired\":true,\"valueName\":\"search_term_string\"}}],\"inLanguage\":\"es\"}]}<\/script>\n<!-- \/ Yoast SEO plugin. -->","yoast_head_json":{"title":"\u00a1La estructura de la materia es m\u00e1s importante que su composici\u00f3n qu\u00edmica! - Biodynamizer","description":"Biodynamizer - \u00a1La estructura de la materia es m\u00e1s importante que su composici\u00f3n qu\u00edmica! - En savoir plus sur le biodynamizer et le biofiltre","robots":{"index":"index","follow":"follow","max-snippet":"max-snippet:-1","max-image-preview":"max-image-preview:large","max-video-preview":"max-video-preview:-1"},"canonical":"https:\/\/biodynamizer.com\/es\/informacion-adicional\/la-estructura-material-es-mas-importante-que-la-composicion-quimica\/","og_locale":"es_ES","og_type":"article","og_title":"\u00a1La estructura de la materia es m\u00e1s importante que su composici\u00f3n qu\u00edmica! - Biodynamizer","og_description":"Biodynamizer - \u00a1La estructura de la materia es m\u00e1s importante que su composici\u00f3n qu\u00edmica! - En savoir plus sur le biodynamizer et le biofiltre","og_url":"https:\/\/biodynamizer.com\/es\/informacion-adicional\/la-estructura-material-es-mas-importante-que-la-composicion-quimica\/","og_site_name":"Biodynamizer","article_modified_time":"2021-02-18T13:27:13+00:00","og_image":[{"width":2000,"height":1333,"url":"https:\/\/biodynamizer.com\/wp-content\/uploads\/2019\/11\/Depositphotos_15742931_xl-2015.jpg","type":"image\/jpeg"}],"twitter_card":"summary_large_image","twitter_misc":{"Tiempo de lectura":"1 minuto"},"schema":{"@context":"https:\/\/schema.org","@graph":[{"@type":"WebPage","@id":"https:\/\/biodynamizer.com\/es\/informacion-adicional\/la-estructura-material-es-mas-importante-que-la-composicion-quimica\/","url":"https:\/\/biodynamizer.com\/es\/informacion-adicional\/la-estructura-material-es-mas-importante-que-la-composicion-quimica\/","name":"\u00a1La estructura de la materia es m\u00e1s importante que su composici\u00f3n qu\u00edmica! - Biodynamizer","isPartOf":{"@id":"https:\/\/biodynamizer.com\/es\/#website"},"datePublished":"2020-01-27T08:36:28+00:00","dateModified":"2021-02-18T13:27:13+00:00","description":"Biodynamizer - \u00a1La estructura de la materia es m\u00e1s importante que su composici\u00f3n qu\u00edmica! - En savoir plus sur le biodynamizer et le biofiltre","breadcrumb":{"@id":"https:\/\/biodynamizer.com\/es\/informacion-adicional\/la-estructura-material-es-mas-importante-que-la-composicion-quimica\/#breadcrumb"},"inLanguage":"es","potentialAction":[{"@type":"ReadAction","target":["https:\/\/biodynamizer.com\/es\/informacion-adicional\/la-estructura-material-es-mas-importante-que-la-composicion-quimica\/"]}]},{"@type":"BreadcrumbList","@id":"https:\/\/biodynamizer.com\/es\/informacion-adicional\/la-estructura-material-es-mas-importante-que-la-composicion-quimica\/#breadcrumb","itemListElement":[{"@type":"ListItem","position":1,"name":"Home","item":"https:\/\/biodynamizer.com\/es\/"},{"@type":"ListItem","position":2,"name":"Information additionnelle","item":"https:\/\/biodynamizer.com\/es\/information-additionnelle\/"},{"@type":"ListItem","position":3,"name":"\u00a1La estructura de la materia es m\u00e1s importante que su composici\u00f3n qu\u00edmica!"}]},{"@type":"WebSite","@id":"https:\/\/biodynamizer.com\/es\/#website","url":"https:\/\/biodynamizer.com\/es\/","name":"Biodynamizer","description":"Filtrez et dynamisez votre eau","potentialAction":[{"@type":"SearchAction","target":{"@type":"EntryPoint","urlTemplate":"https:\/\/biodynamizer.com\/es\/?s={search_term_string}"},"query-input":{"@type":"PropertyValueSpecification","valueRequired":true,"valueName":"search_term_string"}}],"inLanguage":"es"}]}},"_links":{"self":[{"href":"https:\/\/biodynamizer.com\/es\/wp-json\/wp\/v2\/pages\/6303","targetHints":{"allow":["GET"]}}],"collection":[{"href":"https:\/\/biodynamizer.com\/es\/wp-json\/wp\/v2\/pages"}],"about":[{"href":"https:\/\/biodynamizer.com\/es\/wp-json\/wp\/v2\/types\/page"}],"author":[{"embeddable":true,"href":"https:\/\/biodynamizer.com\/es\/wp-json\/wp\/v2\/users\/3"}],"replies":[{"embeddable":true,"href":"https:\/\/biodynamizer.com\/es\/wp-json\/wp\/v2\/comments?post=6303"}],"version-history":[{"count":4,"href":"https:\/\/biodynamizer.com\/es\/wp-json\/wp\/v2\/pages\/6303\/revisions"}],"predecessor-version":[{"id":7003,"href":"https:\/\/biodynamizer.com\/es\/wp-json\/wp\/v2\/pages\/6303\/revisions\/7003"}],"up":[{"embeddable":true,"href":"https:\/\/biodynamizer.com\/es\/wp-json\/wp\/v2\/pages\/5810"}],"wp:attachment":[{"href":"https:\/\/biodynamizer.com\/es\/wp-json\/wp\/v2\/media?parent=6303"}],"curies":[{"name":"wp","href":"https:\/\/api.w.org\/{rel}","templated":true}]}}