{"id":6319,"date":"2020-01-27T07:35:44","date_gmt":"2020-01-27T07:35:44","guid":{"rendered":"https:\/\/biodynamizer.spleen-creation.be\/information-additionnelle\/le-magnetisme-dans-le-biodynamizer\/"},"modified":"2021-03-13T17:57:04","modified_gmt":"2021-03-13T17:57:04","slug":"el-magnetismo-en-el-biodynamizer","status":"publish","type":"page","link":"https:\/\/biodynamizer.com\/es\/informacion-adicional\/el-magnetismo-en-el-biodynamizer\/","title":{"rendered":"Magnetismo en el  Biodynamizer\u00ae"},"content":{"rendered":"<section class=\"l-section wpb_row us_custom_916fdabd height_small\"><div class=\"l-section-h i-cf\"><div class=\"g-cols vc_row via_flex valign_top type_default stacking_default\"><div class=\"vc_col-sm-12 wpb_column vc_column_container\"><div class=\"vc_column-inner\"><div class=\"wpb_wrapper\"><nav class=\"g-breadcrumbs separator_custom align_none\" itemscope itemtype=\"http:\/\/schema.org\/BreadcrumbList\"><div class=\"g-breadcrumbs-item\" itemscope itemprop=\"itemListElement\" itemtype=\"http:\/\/schema.org\/ListItem\"><a itemprop=\"item\" href=\"https:\/\/biodynamizer.com\/es\/\"><span itemprop=\"name\">Inicio<\/span><\/a><meta itemprop=\"position\" content=\"1\"\/><\/div><div class=\"g-breadcrumbs-separator\">\/<\/div><div class=\"g-breadcrumbs-item\">P\u00e1ginas<\/div><\/nav><\/div><\/div><\/div><\/div><\/div><\/section><section class=\"l-section wpb_row fullheader height_huge with_img\"><div class=\"l-section-img\" role=\"img\" aria-label=\"Space waves\" data-img-width=\"1029\" data-img-height=\"581\" style=\"background-image: url(https:\/\/biodynamizer.com\/wp-content\/uploads\/2020\/01\/spacewaves.png);background-repeat: no-repeat;\"><\/div><div class=\"l-section-h i-cf\"><div class=\"g-cols vc_row via_flex valign_top type_default stacking_default\"><div class=\"vc_col-sm-12 wpb_column vc_column_container has_text_color\"><div class=\"vc_column-inner us_custom_6df4bc3a\"><div class=\"wpb_wrapper\"><div class=\"wpb_text_column\"><div class=\"wpb_wrapper\"><h3>Magnetismo en el Biodynamizer\u00ae<\/h3>\n<\/div><\/div><\/div><\/div><\/div><\/div><\/div><\/section><section class=\"l-section wpb_row height_large\"><div class=\"l-section-h i-cf\"><div class=\"g-cols vc_row via_flex valign_top type_default stacking_default\"><div class=\"vc_col-sm-12 wpb_column vc_column_container\"><div class=\"vc_column-inner\"><div class=\"wpb_wrapper\"><div class=\"wpb_text_column\"><div class=\"wpb_wrapper\"><p>El <b><a href=\"https:\/\/biodynamizer.com\/es\/nuestras-soluciones\/el-biodynamizer\/el-magnetismo\/\">magnetismo<\/a><\/b> en el Biodynamizer\u00ae :<\/p>\n<ol>\n<li>Ionizar el agua (modificar su carga el\u00e9ctrica) y as\u00ed modificar el <u><b><a href=\"https:\/\/biodynamizer.com\/es\/agua\/\">voltaje de la membrana<\/a><\/b><\/u> (la polaridad de la membrana de plasma que rodea nuestras c\u00e9lulas). Esto contribuir\u00e1 (junto con la diferencia en la concentraci\u00f3n de iones intra y extracelulares) a activar los canales de iones que hacen funcionar el metabolismo celular (nutrici\u00f3n\/desintoxicaci\u00f3n); de hecho, cualquier l\u00edquido conductor (agua mineralizada) que se mueva (v\u00f3rtice) en un tubo conductor (cobre) y se exponga a campos magn\u00e9ticos (imanes permanentes) ve nacer en su interior corrientes el\u00e9ctricas con una carga electronegativa que ionizar\u00e1 el agua (transferencias de electrones) y esto en proporci\u00f3n a la velocidad del flujo de agua y la potencia de los campos magn\u00e9ticos.<\/li>\n<li>Transmitir energ\u00eda al agua (en t\u00e9rminos de fotones = julios) gracias a la interacci\u00f3n entre la energ\u00eda magn\u00e9tica emitida por los imanes permanentes y la energ\u00eda cin\u00e9tica del movimiento del v\u00f3rtice. Esta energ\u00eda se comunicar\u00eda a la\n<ul>\n<li>pel\u00edculas nanom\u00e9tricas de agua alrededor de nuestras prote\u00ednas -&gt; esta energ\u00eda magn\u00e9tica se convertir\u00eda en energ\u00eda el\u00e9ctrica que har\u00eda funcionar el metabolismo celular (ref. Pr. G. Pollack)<\/li>\n<li>sales minerales presentes en el agua -&gt; la energ\u00eda es principalmente capturada y almacenada en sales ionizadas (Pr. Kozyrev)<\/li>\n<\/ul>\n<\/li>\n<li>Polarizar las mol\u00e9culas de H2O: aumentando la coherencia de la polarizaci\u00f3n de sus electrones (alineaci\u00f3n de los dipolos de las mol\u00e9culas de agua en la direcci\u00f3n del campo magn\u00e9tico) y ralentizando su velocidad de rotaci\u00f3n (spin). Esto reestructurar\u00e1 el agua:\n<ul>\n<li>reduciendo el tama\u00f1o de los c\u00famulos de agua mediante su fragmentaci\u00f3n (= <i>micro c\u00famulos)<\/i> y aumentando su n\u00famero de puentes de hidr\u00f3geno (= <i>inter c\u00famulos)<\/i> y enlaces moleculares (con iones) -&gt; lo que aumenta el tama\u00f1o medio de los macro <i>c\u00famulos de<\/i> agua<\/li>\n<li>estabilizando su estructura molecular (puentes de hidr\u00f3geno m\u00e1s estables y organizados -&gt; <u><b><a href=\"https:\/\/biodynamizer.com\/es\/analisis-cientificos\/cristales-de-agua\/\">cristales de agua)<\/a><\/b><\/u><\/li>\n<\/ul>\n<\/li>\n<li>Reducir la tensi\u00f3n superficial del agua = mayor humectabilidad \/ hidrataci\u00f3n celular (ver forma geom\u00e9trica de la gota de agua distorsionada y extendida en la foto <u><b><a href=\"https:\/\/biodynamizer.com\/es\/analisis-cientificos\/experiencia-complementaria-foto-electrofotonica-analisis\/\">electrofot\u00f3nica<\/a><\/b><\/u>)<\/li>\n<li>Modificar la morfolog\u00eda de la <u><b><a href=\"https:\/\/biodynamizer.com\/es\/nos-solutions\/le-biodynamizer\/le-calcaire\/\">piedra caliza<\/a><\/b><\/u> (forma m\u00e1s redonda y mayor tama\u00f1o del cristal = germinaci\u00f3n temprana de las part\u00edculas coloidales de la escama) lo que reducir\u00e1 su adhesi\u00f3n a las paredes (diferente estructura cristalina)<\/li>\n<li>Cancelar los \u00abmejillones<u><b><i><a href=\"https:\/\/biodynamizer.com\/es\/analisis-cientificos\/la-memoria-del-agua\/\"> contaminantes<\/a><\/i><\/b><\/u>\u00bb que son las firmas electromagn\u00e9ticas (EMS) de los contaminantes que est\u00e1n <i>o habr\u00edan estado presentes en el <\/i>agua (impresi\u00f3n de memoria anotada en el trabajo de J. Benveniste sobre la \u00abmemoria del<i> agua<\/i>\u00ab).<\/li>\n<\/ol>\n<\/div><\/div><div class=\"w-separator size_medium\"><\/div><div class=\"wpb_text_column\"><div class=\"wpb_wrapper\"><p>La magnetizaci\u00f3n es tridimensional en el Biodynamizer\u00ae.<\/p>\n<ul>\n<li>3 ejes de magnetizaci\u00f3n (polarizaci\u00f3n) :\n<ul>\n<li>Ejes X e Y giratorios: perpendiculares al flujo de agua girando 90\u00b0 en el sentido de las agujas del reloj (= v\u00f3rtice magn\u00e9tico)<\/li>\n<li>Ejes Z alternados N\/S y S\/N: toroidal con movimiento de rotaci\u00f3n del agua dentro de las l\u00edneas de campo magn\u00e9tico para el \u00faltimo im\u00e1n anular (v\u00f3rtice columnar) ;<\/li>\n<\/ul>\n<\/li>\n<li>Los imanes tienen diferentes y alternantes poderes: 1 Neodimio, 10 Ferritas, 1 Neodimio<\/li>\n<li>La parte del acu\u00edfero de cobre es diamagn\u00e9tica: un campo magn\u00e9tico muy d\u00e9bil opuesto al campo externo. Esta magnetizaci\u00f3n cesa tan pronto como el campo magnetizante es removido.<\/li>\n<\/ul>\n<\/div><\/div><div class=\"w-separator size_medium\"><\/div><div class=\"g-cols wpb_row via_flex valign_top type_default stacking_default\"><div class=\"vc_col-sm-6 wpb_column vc_column_container\"><div class=\"vc_column-inner\"><div class=\"wpb_wrapper\"><div class=\"w-image align_center\"><div class=\"w-image-h\"><img decoding=\"async\" width=\"479\" height=\"479\" src=\"https:\/\/biodynamizer.com\/wp-content\/uploads\/2020\/01\/tridem.png\" class=\"attachment-large size-large\" alt=\"\" loading=\"lazy\" srcset=\"https:\/\/biodynamizer.com\/wp-content\/uploads\/2020\/01\/tridem.png 479w, https:\/\/biodynamizer.com\/wp-content\/uploads\/2020\/01\/tridem-300x300.png 300w, https:\/\/biodynamizer.com\/wp-content\/uploads\/2020\/01\/tridem-150x150.png 150w\" sizes=\"auto, (max-width: 479px) 100vw, 479px\" \/><\/div><\/div><div class=\"wpb_text_column\"><div class=\"wpb_wrapper\"><p style=\"text-align: center;\">Fotograf\u00eda electrofot\u00f3nica de cobre no magnetizado<\/p>\n<\/div><\/div><\/div><\/div><\/div><div class=\"vc_col-sm-6 wpb_column vc_column_container\"><div class=\"vc_column-inner\"><div class=\"wpb_wrapper\"><div class=\"w-image align_center\"><div class=\"w-image-h\"><img decoding=\"async\" width=\"474\" height=\"479\" src=\"https:\/\/biodynamizer.com\/wp-content\/uploads\/2020\/01\/tridem2.png\" class=\"attachment-large size-large\" alt=\"\" loading=\"lazy\" srcset=\"https:\/\/biodynamizer.com\/wp-content\/uploads\/2020\/01\/tridem2.png 474w, https:\/\/biodynamizer.com\/wp-content\/uploads\/2020\/01\/tridem2-297x300.png 297w\" sizes=\"auto, (max-width: 474px) 100vw, 474px\" \/><\/div><\/div><div class=\"wpb_text_column\"><div class=\"wpb_wrapper\"><p style=\"text-align: center;\">Fotograf\u00eda electrofot\u00f3nica de cobre magnetizado<\/p>\n<\/div><\/div><div class=\"wpb_text_column\"><div class=\"wpb_wrapper\"><\/div><\/div><\/div><\/div><\/div><\/div><\/div><\/div><\/div><\/div><\/div><\/section>\n","protected":false},"excerpt":{"rendered":"Inicio\/P\u00e1ginasMagnetismo en el Biodynamizer\u00ae El magnetismo en el Biodynamizer\u00ae : Ionizar el agua (modificar su carga el\u00e9ctrica) y as\u00ed modificar el voltaje de la membrana (la polaridad de la membrana de plasma que rodea nuestras c\u00e9lulas). Esto contribuir\u00e1 (junto con la diferencia en la concentraci\u00f3n de iones intra y extracelulares) a activar los canales de...","protected":false},"author":3,"featured_media":0,"parent":5810,"menu_order":0,"comment_status":"closed","ping_status":"closed","template":"","meta":{"_monsterinsights_skip_tracking":false,"_monsterinsights_sitenote_active":false,"_monsterinsights_sitenote_note":"","_monsterinsights_sitenote_category":0,"footnotes":""},"class_list":["post-6319","page","type-page","status-publish","hentry"],"yoast_head":"<!-- This site is optimized with the Yoast SEO plugin v27.3 - https:\/\/yoast.com\/product\/yoast-seo-wordpress\/ -->\n<title>Magnetismo en el Biodynamizer\u00ae - Biodynamizer<\/title>\n<meta name=\"description\" content=\"Biodynamizer - Magnetismo en el Biodynamizer\u00ae - En savoir plus sur le biodynamizer et le biofiltre\" \/>\n<meta name=\"robots\" content=\"index, follow, max-snippet:-1, max-image-preview:large, max-video-preview:-1\" \/>\n<link rel=\"canonical\" href=\"https:\/\/biodynamizer.com\/es\/informacion-adicional\/el-magnetismo-en-el-biodynamizer\/\" \/>\n<meta property=\"og:locale\" content=\"es_ES\" \/>\n<meta property=\"og:type\" content=\"article\" \/>\n<meta property=\"og:title\" content=\"Magnetismo en el Biodynamizer\u00ae - Biodynamizer\" \/>\n<meta property=\"og:description\" content=\"Biodynamizer - Magnetismo en el Biodynamizer\u00ae - En savoir plus sur le biodynamizer et le biofiltre\" \/>\n<meta property=\"og:url\" content=\"https:\/\/biodynamizer.com\/es\/informacion-adicional\/el-magnetismo-en-el-biodynamizer\/\" \/>\n<meta property=\"og:site_name\" content=\"Biodynamizer\" \/>\n<meta property=\"article:modified_time\" content=\"2021-03-13T17:57:04+00:00\" \/>\n<meta property=\"og:image\" content=\"https:\/\/biodynamizer.com\/wp-content\/uploads\/2019\/11\/Depositphotos_15742931_xl-2015.jpg\" \/>\n\t<meta property=\"og:image:width\" content=\"2000\" \/>\n\t<meta property=\"og:image:height\" content=\"1333\" \/>\n\t<meta property=\"og:image:type\" content=\"image\/jpeg\" \/>\n<meta name=\"twitter:card\" content=\"summary_large_image\" \/>\n<meta name=\"twitter:label1\" content=\"Tiempo de lectura\" \/>\n\t<meta name=\"twitter:data1\" content=\"3 minutos\" \/>\n<script type=\"application\/ld+json\" class=\"yoast-schema-graph\">{\"@context\":\"https:\\\/\\\/schema.org\",\"@graph\":[{\"@type\":\"WebPage\",\"@id\":\"https:\\\/\\\/biodynamizer.com\\\/es\\\/informacion-adicional\\\/el-magnetismo-en-el-biodynamizer\\\/\",\"url\":\"https:\\\/\\\/biodynamizer.com\\\/es\\\/informacion-adicional\\\/el-magnetismo-en-el-biodynamizer\\\/\",\"name\":\"Magnetismo en el Biodynamizer\u00ae - Biodynamizer\",\"isPartOf\":{\"@id\":\"https:\\\/\\\/biodynamizer.com\\\/es\\\/#website\"},\"datePublished\":\"2020-01-27T07:35:44+00:00\",\"dateModified\":\"2021-03-13T17:57:04+00:00\",\"description\":\"Biodynamizer - Magnetismo en el Biodynamizer\u00ae - En savoir plus sur le biodynamizer et le biofiltre\",\"breadcrumb\":{\"@id\":\"https:\\\/\\\/biodynamizer.com\\\/es\\\/informacion-adicional\\\/el-magnetismo-en-el-biodynamizer\\\/#breadcrumb\"},\"inLanguage\":\"es\",\"potentialAction\":[{\"@type\":\"ReadAction\",\"target\":[\"https:\\\/\\\/biodynamizer.com\\\/es\\\/informacion-adicional\\\/el-magnetismo-en-el-biodynamizer\\\/\"]}]},{\"@type\":\"BreadcrumbList\",\"@id\":\"https:\\\/\\\/biodynamizer.com\\\/es\\\/informacion-adicional\\\/el-magnetismo-en-el-biodynamizer\\\/#breadcrumb\",\"itemListElement\":[{\"@type\":\"ListItem\",\"position\":1,\"name\":\"Home\",\"item\":\"https:\\\/\\\/biodynamizer.com\\\/es\\\/\"},{\"@type\":\"ListItem\",\"position\":2,\"name\":\"Information additionnelle\",\"item\":\"https:\\\/\\\/biodynamizer.com\\\/es\\\/information-additionnelle\\\/\"},{\"@type\":\"ListItem\",\"position\":3,\"name\":\"Magnetismo en el Biodynamizer\u00ae\"}]},{\"@type\":\"WebSite\",\"@id\":\"https:\\\/\\\/biodynamizer.com\\\/es\\\/#website\",\"url\":\"https:\\\/\\\/biodynamizer.com\\\/es\\\/\",\"name\":\"Biodynamizer\",\"description\":\"Filtrez et dynamisez votre eau\",\"potentialAction\":[{\"@type\":\"SearchAction\",\"target\":{\"@type\":\"EntryPoint\",\"urlTemplate\":\"https:\\\/\\\/biodynamizer.com\\\/es\\\/?s={search_term_string}\"},\"query-input\":{\"@type\":\"PropertyValueSpecification\",\"valueRequired\":true,\"valueName\":\"search_term_string\"}}],\"inLanguage\":\"es\"}]}<\/script>\n<!-- \/ Yoast SEO plugin. -->","yoast_head_json":{"title":"Magnetismo en el Biodynamizer\u00ae - Biodynamizer","description":"Biodynamizer - Magnetismo en el Biodynamizer\u00ae - En savoir plus sur le biodynamizer et le biofiltre","robots":{"index":"index","follow":"follow","max-snippet":"max-snippet:-1","max-image-preview":"max-image-preview:large","max-video-preview":"max-video-preview:-1"},"canonical":"https:\/\/biodynamizer.com\/es\/informacion-adicional\/el-magnetismo-en-el-biodynamizer\/","og_locale":"es_ES","og_type":"article","og_title":"Magnetismo en el Biodynamizer\u00ae - Biodynamizer","og_description":"Biodynamizer - Magnetismo en el Biodynamizer\u00ae - En savoir plus sur le biodynamizer et le biofiltre","og_url":"https:\/\/biodynamizer.com\/es\/informacion-adicional\/el-magnetismo-en-el-biodynamizer\/","og_site_name":"Biodynamizer","article_modified_time":"2021-03-13T17:57:04+00:00","og_image":[{"width":2000,"height":1333,"url":"https:\/\/biodynamizer.com\/wp-content\/uploads\/2019\/11\/Depositphotos_15742931_xl-2015.jpg","type":"image\/jpeg"}],"twitter_card":"summary_large_image","twitter_misc":{"Tiempo de lectura":"3 minutos"},"schema":{"@context":"https:\/\/schema.org","@graph":[{"@type":"WebPage","@id":"https:\/\/biodynamizer.com\/es\/informacion-adicional\/el-magnetismo-en-el-biodynamizer\/","url":"https:\/\/biodynamizer.com\/es\/informacion-adicional\/el-magnetismo-en-el-biodynamizer\/","name":"Magnetismo en el Biodynamizer\u00ae - Biodynamizer","isPartOf":{"@id":"https:\/\/biodynamizer.com\/es\/#website"},"datePublished":"2020-01-27T07:35:44+00:00","dateModified":"2021-03-13T17:57:04+00:00","description":"Biodynamizer - Magnetismo en el Biodynamizer\u00ae - En savoir plus sur le biodynamizer et le biofiltre","breadcrumb":{"@id":"https:\/\/biodynamizer.com\/es\/informacion-adicional\/el-magnetismo-en-el-biodynamizer\/#breadcrumb"},"inLanguage":"es","potentialAction":[{"@type":"ReadAction","target":["https:\/\/biodynamizer.com\/es\/informacion-adicional\/el-magnetismo-en-el-biodynamizer\/"]}]},{"@type":"BreadcrumbList","@id":"https:\/\/biodynamizer.com\/es\/informacion-adicional\/el-magnetismo-en-el-biodynamizer\/#breadcrumb","itemListElement":[{"@type":"ListItem","position":1,"name":"Home","item":"https:\/\/biodynamizer.com\/es\/"},{"@type":"ListItem","position":2,"name":"Information additionnelle","item":"https:\/\/biodynamizer.com\/es\/information-additionnelle\/"},{"@type":"ListItem","position":3,"name":"Magnetismo en el Biodynamizer\u00ae"}]},{"@type":"WebSite","@id":"https:\/\/biodynamizer.com\/es\/#website","url":"https:\/\/biodynamizer.com\/es\/","name":"Biodynamizer","description":"Filtrez et dynamisez votre eau","potentialAction":[{"@type":"SearchAction","target":{"@type":"EntryPoint","urlTemplate":"https:\/\/biodynamizer.com\/es\/?s={search_term_string}"},"query-input":{"@type":"PropertyValueSpecification","valueRequired":true,"valueName":"search_term_string"}}],"inLanguage":"es"}]}},"_links":{"self":[{"href":"https:\/\/biodynamizer.com\/es\/wp-json\/wp\/v2\/pages\/6319","targetHints":{"allow":["GET"]}}],"collection":[{"href":"https:\/\/biodynamizer.com\/es\/wp-json\/wp\/v2\/pages"}],"about":[{"href":"https:\/\/biodynamizer.com\/es\/wp-json\/wp\/v2\/types\/page"}],"author":[{"embeddable":true,"href":"https:\/\/biodynamizer.com\/es\/wp-json\/wp\/v2\/users\/3"}],"replies":[{"embeddable":true,"href":"https:\/\/biodynamizer.com\/es\/wp-json\/wp\/v2\/comments?post=6319"}],"version-history":[{"count":7,"href":"https:\/\/biodynamizer.com\/es\/wp-json\/wp\/v2\/pages\/6319\/revisions"}],"predecessor-version":[{"id":8649,"href":"https:\/\/biodynamizer.com\/es\/wp-json\/wp\/v2\/pages\/6319\/revisions\/8649"}],"up":[{"embeddable":true,"href":"https:\/\/biodynamizer.com\/es\/wp-json\/wp\/v2\/pages\/5810"}],"wp:attachment":[{"href":"https:\/\/biodynamizer.com\/es\/wp-json\/wp\/v2\/media?parent=6319"}],"curies":[{"name":"wp","href":"https:\/\/api.w.org\/{rel}","templated":true}]}}