{"id":6323,"date":"2020-01-24T14:10:04","date_gmt":"2020-01-24T14:10:04","guid":{"rendered":"https:\/\/biodynamizer.spleen-creation.be\/information-additionnelle\/efficacite-du-biofiltre\/"},"modified":"2026-01-05T09:53:02","modified_gmt":"2026-01-05T09:53:02","slug":"eficiencia-del-biofiltro","status":"publish","type":"page","link":"https:\/\/biodynamizer.com\/es\/informacion-adicional\/eficiencia-del-biofiltro\/","title":{"rendered":"Eficiencia del Biofilter"},"content":{"rendered":"<section class=\"l-section wpb_row us_custom_916fdabd height_small\"><div class=\"l-section-h i-cf\"><div class=\"g-cols vc_row via_flex valign_top type_default stacking_default\"><div class=\"vc_col-sm-12 wpb_column vc_column_container\"><div class=\"vc_column-inner\"><div class=\"wpb_wrapper\"><nav class=\"g-breadcrumbs separator_custom align_none\" itemscope itemtype=\"http:\/\/schema.org\/BreadcrumbList\"><div class=\"g-breadcrumbs-item\" itemscope itemprop=\"itemListElement\" itemtype=\"http:\/\/schema.org\/ListItem\"><a itemprop=\"item\" href=\"https:\/\/biodynamizer.com\/es\/\"><span itemprop=\"name\">Inicio<\/span><\/a><meta itemprop=\"position\" content=\"1\"\/><\/div><div class=\"g-breadcrumbs-separator\">\/<\/div><div class=\"g-breadcrumbs-item\">P\u00e1ginas<\/div><\/nav><\/div><\/div><\/div><\/div><\/div><\/section><section class=\"l-section wpb_row fullheader height_huge with_img\"><div class=\"l-section-img\" role=\"img\" aria-label=\"Imagen\" data-img-width=\"1920\" data-img-height=\"1282\" style=\"background-image: url(https:\/\/biodynamizer.com\/wp-content\/uploads\/2019\/11\/eau4.jpg);background-repeat: no-repeat;\"><\/div><div class=\"l-section-h i-cf\"><div class=\"g-cols vc_row via_flex valign_top type_default stacking_default\"><div class=\"vc_col-sm-12 wpb_column vc_column_container has_text_color\"><div class=\"vc_column-inner us_custom_6df4bc3a\"><div class=\"wpb_wrapper\"><div class=\"wpb_text_column us_custom_8b3d6790 has_text_color\"><div class=\"wpb_wrapper\"><h3 style=\"text-shadow: #000000 2px 2px 1px; text-align: center;\">Eficiencia del Biofilter<\/h3>\n<h3 style=\"text-shadow: 2px 2px 1px #000;\"><\/h3>\n<\/div><\/div><\/div><\/div><\/div><\/div><\/div><\/section><section class=\"l-section wpb_row max500 height_large\"><div class=\"l-section-h i-cf\"><div class=\"g-cols vc_row via_flex valign_top type_default stacking_default\"><div class=\"vc_col-sm-6 wpb_column vc_column_container\"><div class=\"vc_column-inner\"><div class=\"wpb_wrapper\"><div class=\"w-image align_none\"><div class=\"w-image-h\"><img decoding=\"async\" width=\"768\" height=\"1024\" src=\"https:\/\/biodynamizer.com\/wp-content\/uploads\/2023\/02\/Photo-illustration-768x1024.jpg\" class=\"attachment-large size-large\" alt=\"boites de p\u00e9tri pos\u00e9es sur une table blanche\" loading=\"lazy\" srcset=\"https:\/\/biodynamizer.com\/wp-content\/uploads\/2023\/02\/Photo-illustration-768x1024.jpg 768w, https:\/\/biodynamizer.com\/wp-content\/uploads\/2023\/02\/Photo-illustration-225x300.jpg 225w, https:\/\/biodynamizer.com\/wp-content\/uploads\/2023\/02\/Photo-illustration-scaled.jpg 1920w\" sizes=\"auto, (max-width: 768px) 100vw, 768px\" \/><\/div><\/div><\/div><\/div><\/div><div class=\"vc_col-sm-6 wpb_column vc_column_container\"><div class=\"vc_column-inner\"><div class=\"wpb_wrapper\"><div class=\"wpb_text_column\"><div class=\"wpb_wrapper\"><ul>\n<li><b>En diciembre 2022, <\/b><b>Dynamized<\/b><b> Technologies <\/b>hizo que un laboratorio acreditado belga independiente (Euraceta) analizara <b>310 contaminantes <\/b>(metales pesados, pesticidas, drogas, plastificantes, ftalatos, cloro, etc.) <b>en agua del grifo legalmente potable en B\u00e9lgica<\/b>, que es significativamente m\u00e1s que la cantidad de par\u00e1metros sobre los que las empresas de distribuci\u00f3n de agua de la ciudad proporcionan informaci\u00f3n! <b>Este an\u00e1lisis confirma que el <\/b><b>agua del grifo contiene, no obstante, varias decenas de contaminantes residuales<\/b>(pesticidas, zware metalen&#8230;) <b><\/b><b>cuyos niveles de concentraci\u00f3n est\u00e1n por encima de los l\u00edmites legales <\/b>(seg\u00fan la Directiva Europea 2020\/2184 sobre aguas destinadas al consumo humano) <b>o superan los umbrales de precauci\u00f3n permitidos (valores m\u00e1ximos de salud) debido a la cautela sanitaria que nos hace considerar relevantes los metabolitos de plaguicidas<\/b>. Por lo tanto, estos contaminantes no podr\u00edan ser filtrados por las plantas de tratamiento de agua de la ciudad. Esto es preocupante dado que algunos de ellos son disruptores endocrinos que eventualmente pueden causar (a trav\u00e9s del consumo cr\u00f3nico) <b>un riesgo para la salud<\/b>.ausar (a trav\u00e9s del consumo cr\u00f3nico) <b>un riesgo para la salud<\/b>.<\/li>\n<\/ul>\n<\/div><\/div><\/div><\/div><\/div><\/div><\/div><\/section><section class=\"l-section wpb_row max500 height_large\"><div class=\"l-section-h i-cf\"><div class=\"g-cols vc_row via_flex valign_top type_default stacking_default\"><div class=\"vc_col-sm-6 wpb_column vc_column_container\"><div class=\"vc_column-inner\"><div class=\"wpb_wrapper\"><div class=\"wpb_text_column\"><div class=\"wpb_wrapper\"><ul>\n<li><b>Despu\u00e9s de la filtraci\u00f3n y dinamizaci\u00f3n del agua por el Biofilter y el <\/b><b>Biodynamizer<\/b><b>, los contaminantes residuales se <\/b><b>neutralizan<\/b> (su concentraci\u00f3n desciende por debajo de los umbrales de cuantificaci\u00f3n medibles) lo que permite que el agua de la ciudad vuelva a ser, para los par\u00e1metros excedentes, <b>\u00a1<a href=\"https:\/\/biodynamizer.com\/es\/los-beneficios\/una-agua-biocompatible\/\">agua biocompatible<\/a>!<\/b><\/li>\n<li>Este an\u00e1lisis confirma que la combinaci\u00f3n de <b>Biofilter<\/b> (filtraci\u00f3n) + <b>Biodynamizer<\/b> (dinamizaci\u00f3n) conduce claramente a un <b>espectro muy amplio de purificaci\u00f3n de agua.<\/b><\/li>\n<\/ul>\n<\/div><\/div><div class=\"w-btn-wrapper align_none\"><a class=\"w-btn us-btn-style_1\" href=\"https:\/\/biodynamizer.com\/wp-content\/uploads\/2025\/06\/Filtration-efficiency-of-the-Biofilter-Biodynamizer-2025.07-EN-2.pdf\"><span class=\"w-btn-label\">Descarga nuestro ebook sobre la efectividad del Biofilter<\/span><\/a><\/div><\/div><\/div><\/div><div class=\"vc_col-sm-6 wpb_column vc_column_container\"><div class=\"vc_column-inner\"><div class=\"wpb_wrapper\"><div class=\"w-image align_none\"><div class=\"w-image-h\"><img decoding=\"async\" width=\"1024\" height=\"1009\" src=\"https:\/\/biodynamizer.com\/wp-content\/uploads\/2026\/01\/Table-20-Pollutants-EN-1024x1009.png\" class=\"attachment-large size-large\" alt=\"Tableau 20 Polluants\" loading=\"lazy\" srcset=\"https:\/\/biodynamizer.com\/wp-content\/uploads\/2026\/01\/Table-20-Pollutants-EN-1024x1009.png 1024w, https:\/\/biodynamizer.com\/wp-content\/uploads\/2026\/01\/Table-20-Pollutants-EN-300x296.png 300w, https:\/\/biodynamizer.com\/wp-content\/uploads\/2026\/01\/Table-20-Pollutants-EN-406x400.png 406w, https:\/\/biodynamizer.com\/wp-content\/uploads\/2026\/01\/Table-20-Pollutants-EN-640x631.png 640w, https:\/\/biodynamizer.com\/wp-content\/uploads\/2026\/01\/Table-20-Pollutants-EN.png 1158w\" sizes=\"auto, (max-width: 1024px) 100vw, 1024px\" \/><\/div><\/div><\/div><\/div><\/div><\/div><\/div><\/section><section class=\"l-section wpb_row max500 height_large\"><div class=\"l-section-h i-cf\"><div class=\"g-cols vc_row via_flex valign_top type_default stacking_default\"><div class=\"vc_col-sm-6 wpb_column vc_column_container\"><div class=\"vc_column-inner\"><div class=\"wpb_wrapper\"><div class=\"w-image align_center\"><div class=\"w-image-h\"><img decoding=\"async\" width=\"600\" height=\"400\" src=\"https:\/\/biodynamizer.com\/wp-content\/uploads\/2024\/11\/Depositphotos_740740528_XL-600x400.jpg\" class=\"attachment-us_600_400 size-us_600_400\" alt=\"Bulles d&#039;eau avec marqu\u00e9 PFAS dedans\" loading=\"lazy\" srcset=\"https:\/\/biodynamizer.com\/wp-content\/uploads\/2024\/11\/Depositphotos_740740528_XL-600x400.jpg 600w, https:\/\/biodynamizer.com\/wp-content\/uploads\/2024\/11\/Depositphotos_740740528_XL-300x200.jpg 300w, https:\/\/biodynamizer.com\/wp-content\/uploads\/2024\/11\/Depositphotos_740740528_XL-1024x683.jpg 1024w, https:\/\/biodynamizer.com\/wp-content\/uploads\/2024\/11\/Depositphotos_740740528_XL-640x427.jpg 640w\" sizes=\"auto, (max-width: 600px) 100vw, 600px\" \/><\/div><\/div><\/div><\/div><\/div><div class=\"vc_col-sm-6 wpb_column vc_column_container\"><div class=\"vc_column-inner\"><div class=\"wpb_wrapper\"><div class=\"wpb_text_column\"><div class=\"wpb_wrapper\"><p><b>El <\/b><b>Biofilter<\/b><b> retiene PFAS<\/b>:<\/p>\n<ul>\n<li>El <b>carb\u00f3n activado <\/b>se considera <b>el mejor medio para filtrar PFAS (&gt; 80% de eficiencia) <\/b>debido a las propiedades espec\u00edficas del carb\u00f3n activado: interacciones electrost\u00e1ticas e hidrof\u00f3bicas y luego adsorci\u00f3n (retenci\u00f3n\/captura) en su superficie porosa de PFAS (dependiendo del tama\u00f1o de sus microporos). La superficie de adsorci\u00f3n del Biofiltro es de 3.000 m2\/g de carb\u00f3n activado x 3 kg, es decir, una superficie de adsorci\u00f3n <b>33 veces mayor que la de los filtros est\u00e1ndar, por lo que ser\u00e1 a\u00fan m\u00e1s eficaz en la filtraci\u00f3n de PFAS!<\/b><\/li>\n<li><b>Varios an\u00e1lisis cient\u00edficos internacionales confirman la eficacia superior del carb\u00f3n activado para retener los PFAS en el agua.<\/b><\/li>\n<li>La Directiva Europea sobre el agua potable (Directiva 2020\/2184 del Parlamento Europeo y del Consejo, de 16 de diciembre de 2020, sobre la calidad del agua destinada al consumo humano) fija el l\u00edmite de PFAS en el agua en 100 nanogramos por litro (ng\/l) para la suma de las concentraciones de 20 PFAS y <b>500 ng\/L para todas las PFAS<\/b>.<\/li>\n<\/ul>\n<\/div><\/div><\/div><\/div><\/div><\/div><\/div><\/section>\n","protected":false},"excerpt":{"rendered":"Inicio\/P\u00e1ginasEficiencia del Biofilter En diciembre 2022, Dynamized Technologies hizo que un laboratorio acreditado belga independiente (Euraceta) analizara 310 contaminantes (metales pesados, pesticidas, drogas, plastificantes, ftalatos, cloro, etc.) en agua del grifo legalmente potable en B\u00e9lgica, que es significativamente m\u00e1s que la cantidad de par\u00e1metros sobre los que las empresas de distribuci\u00f3n de agua de la...","protected":false},"author":3,"featured_media":0,"parent":5810,"menu_order":16,"comment_status":"closed","ping_status":"closed","template":"","meta":{"_monsterinsights_skip_tracking":false,"_monsterinsights_sitenote_active":false,"_monsterinsights_sitenote_note":"","_monsterinsights_sitenote_category":0,"footnotes":""},"class_list":["post-6323","page","type-page","status-publish","hentry"],"yoast_head":"<!-- This site is optimized with the Yoast SEO plugin v27.3 - https:\/\/yoast.com\/product\/yoast-seo-wordpress\/ -->\n<title>Eficiencia del Biofilter - Biodynamizer<\/title>\n<meta name=\"description\" content=\"Biodynamizer - Eficiencia del Biofilter - En savoir plus sur le biodynamizer et le biofiltre\" \/>\n<meta name=\"robots\" content=\"index, follow, max-snippet:-1, max-image-preview:large, max-video-preview:-1\" \/>\n<link rel=\"canonical\" href=\"https:\/\/biodynamizer.com\/es\/informacion-adicional\/eficiencia-del-biofiltro\/\" \/>\n<meta property=\"og:locale\" content=\"es_ES\" \/>\n<meta property=\"og:type\" content=\"article\" \/>\n<meta property=\"og:title\" content=\"Eficiencia del Biofilter - Biodynamizer\" \/>\n<meta property=\"og:description\" content=\"Biodynamizer - Eficiencia del Biofilter - En savoir plus sur le biodynamizer et le biofiltre\" \/>\n<meta property=\"og:url\" content=\"https:\/\/biodynamizer.com\/es\/informacion-adicional\/eficiencia-del-biofiltro\/\" \/>\n<meta property=\"og:site_name\" content=\"Biodynamizer\" \/>\n<meta property=\"article:modified_time\" content=\"2026-01-05T09:53:02+00:00\" \/>\n<meta property=\"og:image\" content=\"https:\/\/biodynamizer.com\/wp-content\/uploads\/2019\/11\/Depositphotos_15742931_xl-2015.jpg\" \/>\n\t<meta property=\"og:image:width\" content=\"2000\" \/>\n\t<meta property=\"og:image:height\" content=\"1333\" \/>\n\t<meta property=\"og:image:type\" content=\"image\/jpeg\" \/>\n<meta name=\"twitter:card\" content=\"summary_large_image\" \/>\n<meta name=\"twitter:label1\" content=\"Tiempo de lectura\" \/>\n\t<meta name=\"twitter:data1\" content=\"3 minutos\" \/>\n<script type=\"application\/ld+json\" class=\"yoast-schema-graph\">{\"@context\":\"https:\\\/\\\/schema.org\",\"@graph\":[{\"@type\":\"WebPage\",\"@id\":\"https:\\\/\\\/biodynamizer.com\\\/es\\\/informacion-adicional\\\/eficiencia-del-biofiltro\\\/\",\"url\":\"https:\\\/\\\/biodynamizer.com\\\/es\\\/informacion-adicional\\\/eficiencia-del-biofiltro\\\/\",\"name\":\"Eficiencia del Biofilter - Biodynamizer\",\"isPartOf\":{\"@id\":\"https:\\\/\\\/biodynamizer.com\\\/es\\\/#website\"},\"datePublished\":\"2020-01-24T14:10:04+00:00\",\"dateModified\":\"2026-01-05T09:53:02+00:00\",\"description\":\"Biodynamizer - Eficiencia del Biofilter - En savoir plus sur le biodynamizer et le biofiltre\",\"breadcrumb\":{\"@id\":\"https:\\\/\\\/biodynamizer.com\\\/es\\\/informacion-adicional\\\/eficiencia-del-biofiltro\\\/#breadcrumb\"},\"inLanguage\":\"es\",\"potentialAction\":[{\"@type\":\"ReadAction\",\"target\":[\"https:\\\/\\\/biodynamizer.com\\\/es\\\/informacion-adicional\\\/eficiencia-del-biofiltro\\\/\"]}]},{\"@type\":\"BreadcrumbList\",\"@id\":\"https:\\\/\\\/biodynamizer.com\\\/es\\\/informacion-adicional\\\/eficiencia-del-biofiltro\\\/#breadcrumb\",\"itemListElement\":[{\"@type\":\"ListItem\",\"position\":1,\"name\":\"Home\",\"item\":\"https:\\\/\\\/biodynamizer.com\\\/es\\\/\"},{\"@type\":\"ListItem\",\"position\":2,\"name\":\"Information additionnelle\",\"item\":\"https:\\\/\\\/biodynamizer.com\\\/es\\\/information-additionnelle\\\/\"},{\"@type\":\"ListItem\",\"position\":3,\"name\":\"Eficiencia del Biofilter\"}]},{\"@type\":\"WebSite\",\"@id\":\"https:\\\/\\\/biodynamizer.com\\\/es\\\/#website\",\"url\":\"https:\\\/\\\/biodynamizer.com\\\/es\\\/\",\"name\":\"Biodynamizer\",\"description\":\"Filtrez et dynamisez votre eau\",\"potentialAction\":[{\"@type\":\"SearchAction\",\"target\":{\"@type\":\"EntryPoint\",\"urlTemplate\":\"https:\\\/\\\/biodynamizer.com\\\/es\\\/?s={search_term_string}\"},\"query-input\":{\"@type\":\"PropertyValueSpecification\",\"valueRequired\":true,\"valueName\":\"search_term_string\"}}],\"inLanguage\":\"es\"}]}<\/script>\n<!-- \/ Yoast SEO plugin. -->","yoast_head_json":{"title":"Eficiencia del Biofilter - Biodynamizer","description":"Biodynamizer - Eficiencia del Biofilter - En savoir plus sur le biodynamizer et le biofiltre","robots":{"index":"index","follow":"follow","max-snippet":"max-snippet:-1","max-image-preview":"max-image-preview:large","max-video-preview":"max-video-preview:-1"},"canonical":"https:\/\/biodynamizer.com\/es\/informacion-adicional\/eficiencia-del-biofiltro\/","og_locale":"es_ES","og_type":"article","og_title":"Eficiencia del Biofilter - Biodynamizer","og_description":"Biodynamizer - Eficiencia del Biofilter - En savoir plus sur le biodynamizer et le biofiltre","og_url":"https:\/\/biodynamizer.com\/es\/informacion-adicional\/eficiencia-del-biofiltro\/","og_site_name":"Biodynamizer","article_modified_time":"2026-01-05T09:53:02+00:00","og_image":[{"width":2000,"height":1333,"url":"https:\/\/biodynamizer.com\/wp-content\/uploads\/2019\/11\/Depositphotos_15742931_xl-2015.jpg","type":"image\/jpeg"}],"twitter_card":"summary_large_image","twitter_misc":{"Tiempo de lectura":"3 minutos"},"schema":{"@context":"https:\/\/schema.org","@graph":[{"@type":"WebPage","@id":"https:\/\/biodynamizer.com\/es\/informacion-adicional\/eficiencia-del-biofiltro\/","url":"https:\/\/biodynamizer.com\/es\/informacion-adicional\/eficiencia-del-biofiltro\/","name":"Eficiencia del Biofilter - Biodynamizer","isPartOf":{"@id":"https:\/\/biodynamizer.com\/es\/#website"},"datePublished":"2020-01-24T14:10:04+00:00","dateModified":"2026-01-05T09:53:02+00:00","description":"Biodynamizer - Eficiencia del Biofilter - En savoir plus sur le biodynamizer et le biofiltre","breadcrumb":{"@id":"https:\/\/biodynamizer.com\/es\/informacion-adicional\/eficiencia-del-biofiltro\/#breadcrumb"},"inLanguage":"es","potentialAction":[{"@type":"ReadAction","target":["https:\/\/biodynamizer.com\/es\/informacion-adicional\/eficiencia-del-biofiltro\/"]}]},{"@type":"BreadcrumbList","@id":"https:\/\/biodynamizer.com\/es\/informacion-adicional\/eficiencia-del-biofiltro\/#breadcrumb","itemListElement":[{"@type":"ListItem","position":1,"name":"Home","item":"https:\/\/biodynamizer.com\/es\/"},{"@type":"ListItem","position":2,"name":"Information additionnelle","item":"https:\/\/biodynamizer.com\/es\/information-additionnelle\/"},{"@type":"ListItem","position":3,"name":"Eficiencia del Biofilter"}]},{"@type":"WebSite","@id":"https:\/\/biodynamizer.com\/es\/#website","url":"https:\/\/biodynamizer.com\/es\/","name":"Biodynamizer","description":"Filtrez et dynamisez votre eau","potentialAction":[{"@type":"SearchAction","target":{"@type":"EntryPoint","urlTemplate":"https:\/\/biodynamizer.com\/es\/?s={search_term_string}"},"query-input":{"@type":"PropertyValueSpecification","valueRequired":true,"valueName":"search_term_string"}}],"inLanguage":"es"}]}},"_links":{"self":[{"href":"https:\/\/biodynamizer.com\/es\/wp-json\/wp\/v2\/pages\/6323","targetHints":{"allow":["GET"]}}],"collection":[{"href":"https:\/\/biodynamizer.com\/es\/wp-json\/wp\/v2\/pages"}],"about":[{"href":"https:\/\/biodynamizer.com\/es\/wp-json\/wp\/v2\/types\/page"}],"author":[{"embeddable":true,"href":"https:\/\/biodynamizer.com\/es\/wp-json\/wp\/v2\/users\/3"}],"replies":[{"embeddable":true,"href":"https:\/\/biodynamizer.com\/es\/wp-json\/wp\/v2\/comments?post=6323"}],"version-history":[{"count":30,"href":"https:\/\/biodynamizer.com\/es\/wp-json\/wp\/v2\/pages\/6323\/revisions"}],"predecessor-version":[{"id":30710,"href":"https:\/\/biodynamizer.com\/es\/wp-json\/wp\/v2\/pages\/6323\/revisions\/30710"}],"up":[{"embeddable":true,"href":"https:\/\/biodynamizer.com\/es\/wp-json\/wp\/v2\/pages\/5810"}],"wp:attachment":[{"href":"https:\/\/biodynamizer.com\/es\/wp-json\/wp\/v2\/media?parent=6323"}],"curies":[{"name":"wp","href":"https:\/\/api.w.org\/{rel}","templated":true}]}}