{"id":6337,"date":"2020-01-24T13:34:47","date_gmt":"2020-01-24T13:34:47","guid":{"rendered":"https:\/\/biodynamizer.spleen-creation.be\/information-additionnelle\/fonctionnement-du-biofiltre-aquaphor-ultrafiltration-selective-par-adsorption-oxygenation\/"},"modified":"2026-02-11T10:27:55","modified_gmt":"2026-02-11T10:27:55","slug":"funcionamiento-del-biofiltro-acervo-ultrafiltracion-paradigitacion-selectiva-oxigenacion","status":"publish","type":"page","link":"https:\/\/biodynamizer.com\/es\/informacion-adicional\/funcionamiento-del-biofiltro-acervo-ultrafiltracion-paradigitacion-selectiva-oxigenacion\/","title":{"rendered":"Tecnolog\u00eda de triple filtraci\u00f3n de alto rendimiento"},"content":{"rendered":"<section class=\"l-section wpb_row us_custom_916fdabd height_small\"><div class=\"l-section-h i-cf\"><div class=\"g-cols vc_row via_flex valign_top type_default stacking_default\"><div class=\"vc_col-sm-12 wpb_column vc_column_container\"><div class=\"vc_column-inner\"><div class=\"wpb_wrapper\"><nav class=\"g-breadcrumbs separator_custom align_none\" itemscope itemtype=\"http:\/\/schema.org\/BreadcrumbList\"><div class=\"g-breadcrumbs-item\" itemscope itemprop=\"itemListElement\" itemtype=\"http:\/\/schema.org\/ListItem\"><a itemprop=\"item\" href=\"https:\/\/biodynamizer.com\/es\/\"><span itemprop=\"name\">Inicio<\/span><\/a><meta itemprop=\"position\" content=\"1\"\/><\/div><div class=\"g-breadcrumbs-separator\">\/<\/div><div class=\"g-breadcrumbs-item\">P\u00e1ginas<\/div><\/nav><\/div><\/div><\/div><\/div><\/div><\/section><section class=\"l-section wpb_row fullheader height_huge with_img\"><div class=\"l-section-img\" role=\"img\" aria-label=\"Imagen\" data-img-width=\"2000\" data-img-height=\"1333\" style=\"background-image: url(https:\/\/biodynamizer.com\/wp-content\/uploads\/2019\/11\/Depositphotos_25642859_xl-2015.jpg);background-repeat: no-repeat;\"><\/div><div class=\"l-section-h i-cf\"><div class=\"g-cols vc_row via_flex valign_top type_default stacking_default\"><div class=\"vc_col-sm-12 wpb_column vc_column_container has_text_color\"><div class=\"vc_column-inner us_custom_6df4bc3a\"><div class=\"wpb_wrapper\"><div class=\"wpb_text_column\"><div class=\"wpb_wrapper\"><h3>C\u00f3mo funciona el Biofilter: Tecnolog\u00eda de triple filtraci\u00f3n de alto rendimiento<\/h3>\n<h3><\/h3>\n<\/div><\/div><\/div><\/div><\/div><\/div><\/div><\/section><section class=\"l-section wpb_row max500 height_auto\"><div class=\"l-section-h i-cf\"><div class=\"g-cols vc_row via_flex valign_top type_default stacking_default\"><div class=\"vc_col-sm-8 wpb_column vc_column_container\"><div class=\"vc_column-inner\"><div class=\"wpb_wrapper\"><div class=\"w-separator size_medium\"><\/div><div class=\"wpb_text_column\"><div class=\"wpb_wrapper\"><h4>El Biofiltre : Tecnolog\u00eda de triple filtraci\u00f3n de alto rendimiento<\/h4>\n<ul>\n<li><b>Filtraci\u00f3n 1:<\/b> <b><i>prefiltraci\u00f3n f\u00edsica: <\/i><\/b><b><i>Spunbond<\/i><\/b> (tejido cuyos filamentos est\u00e1n soldados t\u00e9rmicamente, 100% polipropileno) <strong>mezclado con fibras<\/strong><b>. <\/b>Filtro de sedimentos que retiene part\u00edculas de hierro, arena, barro, neutraliza el desarrollo de g\u00e9rmenes, bacterias, etc. y protege el bloque de carb\u00f3n activado<\/li>\n<li><b>Filtraci\u00f3n 2: <\/b>El <b>Carbon<\/b> <b>Fiber<\/b><b> Block <\/b>(patente n\u00ba 2282494) est\u00e1 compuesto por <b>carb\u00f3n activado en gr\u00e1nulos sinterizados (porosidad 20 \u00b5m) y una fibra<\/b>. El carb\u00f3n activado se obtiene despu\u00e9s de la calcinaci\u00f3n de las <b>c\u00e1scaras de coco <\/b>(aumenta el n\u00famero de microporos) mediante inyecci\u00f3n de vapor de agua caliente a presi\u00f3n (activaci\u00f3n del carb\u00f3n por diferentes niveles de temperatura de 900\u00b0C-1000\u00b0C durante varias horas; el carb\u00f3n activado se regenera por <b>oxidaci\u00f3n<\/b> Filtraci\u00f3n qu\u00edmica de cloro, nitratos, nitritos, pesticidas y herbicidas org\u00e1nicos, sabores y olores.\n<ul>\n<li>El carb\u00f3n activado<b> retiene f\u00edsicamente contaminantes <\/b>en su estructura hasta di\u00e1metros de <b>5 \u00b5m <\/b>(filtraci\u00f3n f\u00edsica de metales pesados: plomo, aluminio\u2026, bacterias, ars\u00e9nico y par\u00e1sitos) ; (patentar n\u00b0 2429067)<\/li>\n<\/ul>\n<\/li>\n<li><b>Filtraci\u00f3n 3: Aqualen <\/b><b>Fibra <\/b>(patentes n\u00b0 20704036 &amp; US n\u00b0 6514413) ; fibra cuyo di\u00e1metro es de <b>10 \u00b5m<\/b>, mezclada con <b>carb\u00f3n activado<\/b>. Esta fibra se asemeja a las ra\u00edces de un \u00e1rbol que unen los gr\u00e1nulos de carb\u00f3n activado en una estructura densa. Su funci\u00f3n es triple, es:\n<ul>\n<li>permite tener <b>una superficie de adsorci\u00f3n muy grande<\/b>, es decir una buena distribuci\u00f3n del agua en toda la superficie del carb\u00f3n activado (esto evita canales preferenciales de agua)<\/li>\n<li>incorpora en su estructura <b>plata ionizada<\/b> que es <b>bactericida<\/b> (neutraliza microorganismos, medicamentos, antibi\u00f3ticos, etc.), por lo que la plata no se mezcla con el carb\u00f3n activado, sino que se retiene en la microfibra ; (patentar n\u00b0 2172720)<\/li>\n<\/ul>\n<\/li>\n<\/ul>\n<\/div><\/div><div class=\"w-separator size_large\"><\/div><\/div><\/div><\/div><div class=\"vc_col-sm-4 wpb_column vc_column_container\"><div class=\"vc_column-inner\"><div class=\"wpb_wrapper\"><div class=\"w-separator size_medium\"><\/div><div class=\"w-image align_center\"><div class=\"w-image-h\"><img decoding=\"async\" width=\"131\" height=\"300\" src=\"https:\/\/biodynamizer.com\/wp-content\/uploads\/2021\/05\/Biofiltre-Spunbound-131x300.png\" class=\"attachment-medium size-medium\" alt=\"Biofiltre\" loading=\"lazy\" srcset=\"https:\/\/biodynamizer.com\/wp-content\/uploads\/2021\/05\/Biofiltre-Spunbound-131x300.png 131w, https:\/\/biodynamizer.com\/wp-content\/uploads\/2021\/05\/Biofiltre-Spunbound.png 216w\" sizes=\"auto, (max-width: 131px) 100vw, 131px\" \/><\/div><\/div><div class=\"w-separator size_medium\"><\/div><div class=\"w-image align_center\"><div class=\"w-image-h\"><img decoding=\"async\" width=\"285\" height=\"170\" src=\"https:\/\/biodynamizer.com\/wp-content\/uploads\/2023\/12\/Fibre-creuse-Site-web.png\" class=\"attachment-medium size-medium\" alt=\"Fibre creuse vue au microscope\" loading=\"lazy\" \/><\/div><\/div><div class=\"w-separator size_medium\"><\/div><div class=\"w-image align_center\"><div class=\"w-image-h\"><img decoding=\"async\" width=\"285\" height=\"120\" src=\"https:\/\/biodynamizer.com\/wp-content\/uploads\/2023\/12\/Argent-ionise-Site-web.png\" class=\"attachment-medium size-medium\" alt=\"Argent ionis\u00e9  vue au microscope\" loading=\"lazy\" \/><\/div><\/div><\/div><\/div><\/div><\/div><\/div><\/section><section class=\"l-section wpb_row max500 height_auto\"><div class=\"l-section-h i-cf\"><div class=\"g-cols vc_row via_flex valign_middle type_default stacking_default\"><div class=\"vc_col-sm-8 wpb_column vc_column_container\"><div class=\"vc_column-inner\"><div class=\"wpb_wrapper\"><div class=\"wpb_text_column\"><div class=\"wpb_wrapper\"><h4>Principio de filtraci\u00f3n con carb\u00f3n activado = superficie de adsorci\u00f3n<\/h4>\n<p><b>Carb\u00f3n activado: Principio de filtraci\u00f3n f\u00edsica (<\/b><b>fisorci\u00f3n<\/b><b>) de contaminantes <\/b>(pesticidas org\u00e1nicos, metales pesados, PFAS, f\u00e1rmacos, hormonas, etc. medido en <b>\u00b5g\/l<\/b>)<\/p>\n<ul>\n<li><u><b>Superficie de <\/b><\/u><u><b>electroadsorci\u00f3n<\/b><\/u><\/li>\n<\/ul>\n<p>Los contaminantes (sus partes electropositivas) ser\u00e1n \u00ab<b><i>Atra\u00eddos<\/i><\/b>\u00ab, por <b>diferencia de potencial<\/b>, por la superficie electronegativa del carb\u00f3n activado (el carbono tiene electrones disponibles en su superficie que atraer\u00e1n las partes electropositivas de las mol\u00e9culas contaminantes = <b>fuerzas de Van Der Waals<\/b>: fuerzas de enlace intermoleculares debidas a interacciones el\u00e9ctricas de baja intensidad = electrost\u00e1ticas)<\/p>\n<ul>\n<li><u><b>Superficie de adsorci\u00f3n f\u00edsica<\/b><\/u><\/li>\n<\/ul>\n<p>El carb\u00f3n activado tambi\u00e9n \u201c<b><i>Retendr\u00e1<\/i><\/b>\u201d contaminantes no solubles (hidr\u00f3fobos), es decir, contaminantes no polarizados o d\u00e9bilmente polarizados, en su <b>estructura porosa (externa e interna)<\/b>. Est\u00e1 formado por microporos (millones de alv\u00e9olos microsc\u00f3picos vac\u00edos) cuyo tama\u00f1o oscila entre &lt;2 nm y 50 nm de di\u00e1metro. <b>Cuantos m\u00e1s microporos haya, m\u00e1s espacios vac\u00edos habr\u00e1 que puedan fijar contaminantes y mayor ser\u00e1 la superficie de adsorci\u00f3n.<\/b><\/p>\n<p><b>Tama\u00f1o de la superficie de adsorci\u00f3n en el <\/b><b>Biofilter<\/b><\/p>\n<p>Los 3 kg de carb\u00f3n activado de coco del Biofilter, mezclados con la fibra, proporcionan una <strong>superficie de adsorci\u00f3n equivalente a 900 campos de f\u00fatbol de 1 hect\u00e1rea !!! (3.000 m2\/g de carb\u00f3n activo x 3 kg), es decir, una superficie 33 veces mayor que la de los filtros convencionales<\/strong>.<\/p>\n<\/div><\/div><div class=\"w-separator size_medium\"><\/div><\/div><\/div><\/div><div class=\"vc_col-sm-4 wpb_column vc_column_container\"><div class=\"vc_column-inner\"><div class=\"wpb_wrapper\"><div class=\"w-image align_center\"><div class=\"w-image-h\"><img decoding=\"async\" width=\"1024\" height=\"692\" src=\"https:\/\/biodynamizer.com\/wp-content\/uploads\/2023\/12\/Van-Der-Waals-Forces-EN-1024x692.png\" class=\"attachment-large size-large\" alt=\"Illustration repr\u00e9sentant la surface d\u2019adsorption d\u2019un mat\u00e9riau, montrant comment les particules se fixent et interagissent avec sa surface.\" loading=\"lazy\" srcset=\"https:\/\/biodynamizer.com\/wp-content\/uploads\/2023\/12\/Van-Der-Waals-Forces-EN-1024x692.png 1024w, https:\/\/biodynamizer.com\/wp-content\/uploads\/2023\/12\/Van-Der-Waals-Forces-EN-300x203.png 300w, https:\/\/biodynamizer.com\/wp-content\/uploads\/2023\/12\/Van-Der-Waals-Forces-EN-592x400.png 592w, https:\/\/biodynamizer.com\/wp-content\/uploads\/2023\/12\/Van-Der-Waals-Forces-EN.png 1030w\" sizes=\"auto, (max-width: 1024px) 100vw, 1024px\" \/><\/div><\/div><div class=\"w-separator size_medium\"><\/div><div class=\"w-image align_center\"><div class=\"w-image-h\"><img decoding=\"async\" width=\"1024\" height=\"602\" src=\"https:\/\/biodynamizer.com\/wp-content\/uploads\/2023\/12\/Activated-Carbon-big-EN-1024x602.png\" class=\"attachment-large size-large\" alt=\"Illustration repr\u00e9sentant la surface d\u2019adsorption d\u2019un mat\u00e9riau, montrant comment les particules se fixent et interagissent avec sa surface.\" loading=\"lazy\" srcset=\"https:\/\/biodynamizer.com\/wp-content\/uploads\/2023\/12\/Activated-Carbon-big-EN-1024x602.png 1024w, https:\/\/biodynamizer.com\/wp-content\/uploads\/2023\/12\/Activated-Carbon-big-EN-300x176.png 300w, https:\/\/biodynamizer.com\/wp-content\/uploads\/2023\/12\/Activated-Carbon-big-EN-600x353.png 600w\" sizes=\"auto, (max-width: 1024px) 100vw, 1024px\" \/><\/div><\/div><div class=\"w-separator size_medium\"><\/div><div class=\"w-image align_center\"><div class=\"w-image-h\"><img decoding=\"async\" width=\"960\" height=\"640\" src=\"https:\/\/biodynamizer.com\/wp-content\/uploads\/2023\/12\/Terrain-de-foot-x-900.png\" class=\"attachment-large size-large\" alt=\"terrain de foot vue a\u00e9rienne\" loading=\"lazy\" srcset=\"https:\/\/biodynamizer.com\/wp-content\/uploads\/2023\/12\/Terrain-de-foot-x-900.png 960w, https:\/\/biodynamizer.com\/wp-content\/uploads\/2023\/12\/Terrain-de-foot-x-900-300x200.png 300w, https:\/\/biodynamizer.com\/wp-content\/uploads\/2023\/12\/Terrain-de-foot-x-900-600x400.png 600w\" sizes=\"auto, (max-width: 960px) 100vw, 960px\" \/><\/div><\/div><div class=\"w-separator size_medium\"><\/div><\/div><\/div><\/div><\/div><\/div><\/section><section class=\"l-section wpb_row height_auto\"><div class=\"l-section-h i-cf\"><div class=\"g-cols vc_row via_flex valign_top type_default stacking_default\"><div class=\"vc_col-sm-12 wpb_column vc_column_container\"><div class=\"vc_column-inner\"><div class=\"wpb_wrapper\"><div class=\"w-btn-wrapper align_none\"><a class=\"w-btn us-btn-style_1\" href=\"\/commander\/\"><span class=\"w-btn-label\">Ordena<\/span><\/a><\/div><div class=\"w-btn-wrapper align_none\"><a class=\"w-btn us-btn-style_1\" href=\"\/nos-solutions\/le-biofiltre\/#cartouche\"><span class=\"w-btn-label\">Reemplazo del cartucho<\/span><\/a><\/div><div class=\"w-separator size_medium\"><\/div><\/div><\/div><\/div><\/div><\/div><\/section>\n","protected":false},"excerpt":{"rendered":"Inicio\/P\u00e1ginasC\u00f3mo funciona el Biofilter: Tecnolog\u00eda de triple filtraci\u00f3n de alto rendimiento El Biofiltre : Tecnolog\u00eda de triple filtraci\u00f3n de alto rendimiento Filtraci\u00f3n 1: prefiltraci\u00f3n f\u00edsica: Spunbond (tejido cuyos filamentos est\u00e1n soldados t\u00e9rmicamente, 100% polipropileno) mezclado con fibras. Filtro de sedimentos que retiene part\u00edculas de hierro, arena, barro, neutraliza el desarrollo de g\u00e9rmenes, bacterias, etc. y...","protected":false},"author":3,"featured_media":0,"parent":5810,"menu_order":15,"comment_status":"closed","ping_status":"closed","template":"","meta":{"_monsterinsights_skip_tracking":false,"_monsterinsights_sitenote_active":false,"_monsterinsights_sitenote_note":"","_monsterinsights_sitenote_category":0,"footnotes":""},"class_list":["post-6337","page","type-page","status-publish","hentry"],"yoast_head":"<!-- This site is optimized with the Yoast SEO plugin v27.3 - https:\/\/yoast.com\/product\/yoast-seo-wordpress\/ -->\n<title>Tecnolog\u00eda de triple filtraci\u00f3n de alto rendimiento - Biodynamizer<\/title>\n<meta name=\"description\" content=\"Biodynamizer - Tecnolog\u00eda de triple filtraci\u00f3n de alto rendimiento - En savoir plus sur le biodynamizer et le biofiltre\" \/>\n<meta name=\"robots\" content=\"index, follow, max-snippet:-1, max-image-preview:large, max-video-preview:-1\" \/>\n<link rel=\"canonical\" href=\"https:\/\/biodynamizer.com\/es\/informacion-adicional\/funcionamiento-del-biofiltro-acervo-ultrafiltracion-paradigitacion-selectiva-oxigenacion\/\" \/>\n<meta property=\"og:locale\" content=\"es_ES\" \/>\n<meta property=\"og:type\" content=\"article\" \/>\n<meta property=\"og:title\" content=\"Tecnolog\u00eda de triple filtraci\u00f3n de alto rendimiento - Biodynamizer\" \/>\n<meta property=\"og:description\" content=\"Biodynamizer - Tecnolog\u00eda de triple filtraci\u00f3n de alto rendimiento - En savoir plus sur le biodynamizer et le biofiltre\" \/>\n<meta property=\"og:url\" content=\"https:\/\/biodynamizer.com\/es\/informacion-adicional\/funcionamiento-del-biofiltro-acervo-ultrafiltracion-paradigitacion-selectiva-oxigenacion\/\" \/>\n<meta property=\"og:site_name\" content=\"Biodynamizer\" \/>\n<meta property=\"article:modified_time\" content=\"2026-02-11T10:27:55+00:00\" \/>\n<meta property=\"og:image\" content=\"https:\/\/biodynamizer.com\/wp-content\/uploads\/2019\/11\/Depositphotos_15742931_xl-2015.jpg\" \/>\n\t<meta property=\"og:image:width\" content=\"2000\" \/>\n\t<meta property=\"og:image:height\" content=\"1333\" \/>\n\t<meta property=\"og:image:type\" content=\"image\/jpeg\" \/>\n<meta name=\"twitter:card\" content=\"summary_large_image\" \/>\n<meta name=\"twitter:label1\" content=\"Tiempo de lectura\" \/>\n\t<meta name=\"twitter:data1\" content=\"3 minutos\" \/>\n<script type=\"application\/ld+json\" class=\"yoast-schema-graph\">{\"@context\":\"https:\\\/\\\/schema.org\",\"@graph\":[{\"@type\":\"WebPage\",\"@id\":\"https:\\\/\\\/biodynamizer.com\\\/es\\\/informacion-adicional\\\/funcionamiento-del-biofiltro-acervo-ultrafiltracion-paradigitacion-selectiva-oxigenacion\\\/\",\"url\":\"https:\\\/\\\/biodynamizer.com\\\/es\\\/informacion-adicional\\\/funcionamiento-del-biofiltro-acervo-ultrafiltracion-paradigitacion-selectiva-oxigenacion\\\/\",\"name\":\"Tecnolog\u00eda de triple filtraci\u00f3n de alto rendimiento - Biodynamizer\",\"isPartOf\":{\"@id\":\"https:\\\/\\\/biodynamizer.com\\\/es\\\/#website\"},\"datePublished\":\"2020-01-24T13:34:47+00:00\",\"dateModified\":\"2026-02-11T10:27:55+00:00\",\"description\":\"Biodynamizer - Tecnolog\u00eda de triple filtraci\u00f3n de alto rendimiento - En savoir plus sur le biodynamizer et le biofiltre\",\"breadcrumb\":{\"@id\":\"https:\\\/\\\/biodynamizer.com\\\/es\\\/informacion-adicional\\\/funcionamiento-del-biofiltro-acervo-ultrafiltracion-paradigitacion-selectiva-oxigenacion\\\/#breadcrumb\"},\"inLanguage\":\"es\",\"potentialAction\":[{\"@type\":\"ReadAction\",\"target\":[\"https:\\\/\\\/biodynamizer.com\\\/es\\\/informacion-adicional\\\/funcionamiento-del-biofiltro-acervo-ultrafiltracion-paradigitacion-selectiva-oxigenacion\\\/\"]}]},{\"@type\":\"BreadcrumbList\",\"@id\":\"https:\\\/\\\/biodynamizer.com\\\/es\\\/informacion-adicional\\\/funcionamiento-del-biofiltro-acervo-ultrafiltracion-paradigitacion-selectiva-oxigenacion\\\/#breadcrumb\",\"itemListElement\":[{\"@type\":\"ListItem\",\"position\":1,\"name\":\"Home\",\"item\":\"https:\\\/\\\/biodynamizer.com\\\/es\\\/\"},{\"@type\":\"ListItem\",\"position\":2,\"name\":\"Information additionnelle\",\"item\":\"https:\\\/\\\/biodynamizer.com\\\/es\\\/information-additionnelle\\\/\"},{\"@type\":\"ListItem\",\"position\":3,\"name\":\"Tecnolog\u00eda de triple filtraci\u00f3n de alto rendimiento\"}]},{\"@type\":\"WebSite\",\"@id\":\"https:\\\/\\\/biodynamizer.com\\\/es\\\/#website\",\"url\":\"https:\\\/\\\/biodynamizer.com\\\/es\\\/\",\"name\":\"Biodynamizer\",\"description\":\"Filtrez et dynamisez votre eau\",\"potentialAction\":[{\"@type\":\"SearchAction\",\"target\":{\"@type\":\"EntryPoint\",\"urlTemplate\":\"https:\\\/\\\/biodynamizer.com\\\/es\\\/?s={search_term_string}\"},\"query-input\":{\"@type\":\"PropertyValueSpecification\",\"valueRequired\":true,\"valueName\":\"search_term_string\"}}],\"inLanguage\":\"es\"}]}<\/script>\n<!-- \/ Yoast SEO plugin. -->","yoast_head_json":{"title":"Tecnolog\u00eda de triple filtraci\u00f3n de alto rendimiento - Biodynamizer","description":"Biodynamizer - Tecnolog\u00eda de triple filtraci\u00f3n de alto rendimiento - En savoir plus sur le biodynamizer et le biofiltre","robots":{"index":"index","follow":"follow","max-snippet":"max-snippet:-1","max-image-preview":"max-image-preview:large","max-video-preview":"max-video-preview:-1"},"canonical":"https:\/\/biodynamizer.com\/es\/informacion-adicional\/funcionamiento-del-biofiltro-acervo-ultrafiltracion-paradigitacion-selectiva-oxigenacion\/","og_locale":"es_ES","og_type":"article","og_title":"Tecnolog\u00eda de triple filtraci\u00f3n de alto rendimiento - Biodynamizer","og_description":"Biodynamizer - Tecnolog\u00eda de triple filtraci\u00f3n de alto rendimiento - En savoir plus sur le biodynamizer et le biofiltre","og_url":"https:\/\/biodynamizer.com\/es\/informacion-adicional\/funcionamiento-del-biofiltro-acervo-ultrafiltracion-paradigitacion-selectiva-oxigenacion\/","og_site_name":"Biodynamizer","article_modified_time":"2026-02-11T10:27:55+00:00","og_image":[{"width":2000,"height":1333,"url":"https:\/\/biodynamizer.com\/wp-content\/uploads\/2019\/11\/Depositphotos_15742931_xl-2015.jpg","type":"image\/jpeg"}],"twitter_card":"summary_large_image","twitter_misc":{"Tiempo de lectura":"3 minutos"},"schema":{"@context":"https:\/\/schema.org","@graph":[{"@type":"WebPage","@id":"https:\/\/biodynamizer.com\/es\/informacion-adicional\/funcionamiento-del-biofiltro-acervo-ultrafiltracion-paradigitacion-selectiva-oxigenacion\/","url":"https:\/\/biodynamizer.com\/es\/informacion-adicional\/funcionamiento-del-biofiltro-acervo-ultrafiltracion-paradigitacion-selectiva-oxigenacion\/","name":"Tecnolog\u00eda de triple filtraci\u00f3n de alto rendimiento - Biodynamizer","isPartOf":{"@id":"https:\/\/biodynamizer.com\/es\/#website"},"datePublished":"2020-01-24T13:34:47+00:00","dateModified":"2026-02-11T10:27:55+00:00","description":"Biodynamizer - Tecnolog\u00eda de triple filtraci\u00f3n de alto rendimiento - En savoir plus sur le biodynamizer et le biofiltre","breadcrumb":{"@id":"https:\/\/biodynamizer.com\/es\/informacion-adicional\/funcionamiento-del-biofiltro-acervo-ultrafiltracion-paradigitacion-selectiva-oxigenacion\/#breadcrumb"},"inLanguage":"es","potentialAction":[{"@type":"ReadAction","target":["https:\/\/biodynamizer.com\/es\/informacion-adicional\/funcionamiento-del-biofiltro-acervo-ultrafiltracion-paradigitacion-selectiva-oxigenacion\/"]}]},{"@type":"BreadcrumbList","@id":"https:\/\/biodynamizer.com\/es\/informacion-adicional\/funcionamiento-del-biofiltro-acervo-ultrafiltracion-paradigitacion-selectiva-oxigenacion\/#breadcrumb","itemListElement":[{"@type":"ListItem","position":1,"name":"Home","item":"https:\/\/biodynamizer.com\/es\/"},{"@type":"ListItem","position":2,"name":"Information additionnelle","item":"https:\/\/biodynamizer.com\/es\/information-additionnelle\/"},{"@type":"ListItem","position":3,"name":"Tecnolog\u00eda de triple filtraci\u00f3n de alto rendimiento"}]},{"@type":"WebSite","@id":"https:\/\/biodynamizer.com\/es\/#website","url":"https:\/\/biodynamizer.com\/es\/","name":"Biodynamizer","description":"Filtrez et dynamisez votre eau","potentialAction":[{"@type":"SearchAction","target":{"@type":"EntryPoint","urlTemplate":"https:\/\/biodynamizer.com\/es\/?s={search_term_string}"},"query-input":{"@type":"PropertyValueSpecification","valueRequired":true,"valueName":"search_term_string"}}],"inLanguage":"es"}]}},"_links":{"self":[{"href":"https:\/\/biodynamizer.com\/es\/wp-json\/wp\/v2\/pages\/6337","targetHints":{"allow":["GET"]}}],"collection":[{"href":"https:\/\/biodynamizer.com\/es\/wp-json\/wp\/v2\/pages"}],"about":[{"href":"https:\/\/biodynamizer.com\/es\/wp-json\/wp\/v2\/types\/page"}],"author":[{"embeddable":true,"href":"https:\/\/biodynamizer.com\/es\/wp-json\/wp\/v2\/users\/3"}],"replies":[{"embeddable":true,"href":"https:\/\/biodynamizer.com\/es\/wp-json\/wp\/v2\/comments?post=6337"}],"version-history":[{"count":29,"href":"https:\/\/biodynamizer.com\/es\/wp-json\/wp\/v2\/pages\/6337\/revisions"}],"predecessor-version":[{"id":31231,"href":"https:\/\/biodynamizer.com\/es\/wp-json\/wp\/v2\/pages\/6337\/revisions\/31231"}],"up":[{"embeddable":true,"href":"https:\/\/biodynamizer.com\/es\/wp-json\/wp\/v2\/pages\/5810"}],"wp:attachment":[{"href":"https:\/\/biodynamizer.com\/es\/wp-json\/wp\/v2\/media?parent=6337"}],"curies":[{"name":"wp","href":"https:\/\/api.w.org\/{rel}","templated":true}]}}