{"id":6341,"date":"2020-01-24T12:15:50","date_gmt":"2020-01-24T12:15:50","guid":{"rendered":"https:\/\/biodynamizer.spleen-creation.be\/leau\/lenergie\/lenergie-electromagnetique-la-lumiere-solaire-illumine-leau-de-son-energie\/"},"modified":"2025-08-27T06:32:52","modified_gmt":"2025-08-27T06:32:52","slug":"luz-electromagnetica-luz-solar-iluminacion-agua-sonido-energia","status":"publish","type":"page","link":"https:\/\/biodynamizer.com\/es\/agua\/energia\/luz-electromagnetica-luz-solar-iluminacion-agua-sonido-energia\/","title":{"rendered":"Energ\u00eda electromagn\u00e9tica, la luz del sol ilumina el agua con su energ\u00eda."},"content":{"rendered":"<section class=\"l-section wpb_row us_custom_916fdabd height_small\"><div class=\"l-section-h i-cf\"><div class=\"g-cols vc_row via_flex valign_top type_default stacking_default\"><div class=\"vc_col-sm-12 wpb_column vc_column_container\"><div class=\"vc_column-inner\"><div class=\"wpb_wrapper\"><nav class=\"g-breadcrumbs separator_custom align_none\" itemscope itemtype=\"http:\/\/schema.org\/BreadcrumbList\"><div class=\"g-breadcrumbs-item\" itemscope itemprop=\"itemListElement\" itemtype=\"http:\/\/schema.org\/ListItem\"><a itemprop=\"item\" href=\"https:\/\/biodynamizer.com\/es\/\"><span itemprop=\"name\">Inicio<\/span><\/a><meta itemprop=\"position\" content=\"1\"\/><\/div><div class=\"g-breadcrumbs-separator\">\/<\/div><div class=\"g-breadcrumbs-item\">P\u00e1ginas<\/div><\/nav><\/div><\/div><\/div><\/div><\/div><\/section><section class=\"l-section wpb_row fullheader height_huge with_img\"><div class=\"l-section-img\" role=\"img\" aria-label=\"Imagen\" data-img-width=\"1519\" data-img-height=\"371\" style=\"background-image: url(https:\/\/biodynamizer.com\/wp-content\/uploads\/2020\/03\/New-Project-24.jpg);background-repeat: no-repeat;\"><\/div><div class=\"l-section-h i-cf\"><div class=\"g-cols vc_row via_flex valign_top type_default stacking_default\"><div class=\"vc_col-sm-12 wpb_column vc_column_container has_text_color\"><div class=\"vc_column-inner us_custom_6df4bc3a\"><div class=\"wpb_wrapper\"><div class=\"wpb_text_column\"><div class=\"wpb_wrapper\"><h3>Energ\u00eda electromagn\u00e9tica, la luz del sol ilumina el agua con su energ\u00eda.<\/h3>\n<h3><\/h3>\n<\/div><\/div><\/div><\/div><\/div><\/div><\/div><\/section><section class=\"l-section wpb_row max500 height_large\"><div class=\"l-section-h i-cf\"><div class=\"g-cols vc_row via_flex valign_top type_default stacking_default\"><div class=\"vc_col-sm-6 wpb_column vc_column_container\"><div class=\"vc_column-inner\"><div class=\"wpb_wrapper\"><div class=\"w-image align_center\"><div class=\"w-image-h\"><img decoding=\"async\" width=\"546\" height=\"409\" src=\"https:\/\/biodynamizer.com\/wp-content\/uploads\/2020\/03\/New-Project-7-2.jpg\" class=\"attachment-large size-large\" alt=\"\" loading=\"lazy\" srcset=\"https:\/\/biodynamizer.com\/wp-content\/uploads\/2020\/03\/New-Project-7-2.jpg 546w, https:\/\/biodynamizer.com\/wp-content\/uploads\/2020\/03\/New-Project-7-2-300x225.jpg 300w\" sizes=\"auto, (max-width: 546px) 100vw, 546px\" \/><\/div><\/div><div class=\"w-separator size_medium\"><\/div><\/div><\/div><\/div><div class=\"vc_col-sm-6 wpb_column vc_column_container\"><div class=\"vc_column-inner\"><div class=\"wpb_wrapper\"><div class=\"w-image align_left\"><div class=\"w-image-h\"><img decoding=\"async\" width=\"1024\" height=\"535\" src=\"https:\/\/biodynamizer.com\/wp-content\/uploads\/2025\/08\/766_U3BlY3RydW1fd2F2ZWxlbmd0aC0wMQ-1024x535.jpg\" class=\"attachment-large size-large\" alt=\"\" loading=\"lazy\" srcset=\"https:\/\/biodynamizer.com\/wp-content\/uploads\/2025\/08\/766_U3BlY3RydW1fd2F2ZWxlbmd0aC0wMQ-1024x535.jpg 1024w, https:\/\/biodynamizer.com\/wp-content\/uploads\/2025\/08\/766_U3BlY3RydW1fd2F2ZWxlbmd0aC0wMQ-300x157.jpg 300w, https:\/\/biodynamizer.com\/wp-content\/uploads\/2025\/08\/766_U3BlY3RydW1fd2F2ZWxlbmd0aC0wMQ-600x313.jpg 600w, https:\/\/biodynamizer.com\/wp-content\/uploads\/2025\/08\/766_U3BlY3RydW1fd2F2ZWxlbmd0aC0wMQ-640x334.jpg 640w\" sizes=\"auto, (max-width: 1024px) 100vw, 1024px\" \/><\/div><\/div><div class=\"w-separator size_medium\"><\/div><\/div><\/div><\/div><div class=\"vc_col-sm-12 wpb_column vc_column_container\"><div class=\"vc_column-inner\"><div class=\"wpb_wrapper\"><div class=\"g-cols wpb_row via_flex valign_middle type_default stacking_default\"><div class=\"vc_col-sm-6 wpb_column vc_column_container\"><div class=\"vc_column-inner\"><div class=\"wpb_wrapper\"><div class=\"w-image align_center\"><div class=\"w-image-h\"><img decoding=\"async\" width=\"989\" height=\"556\" src=\"https:\/\/biodynamizer.com\/wp-content\/uploads\/2020\/01\/energisation.png\" class=\"attachment-large size-large\" alt=\"\" loading=\"lazy\" srcset=\"https:\/\/biodynamizer.com\/wp-content\/uploads\/2020\/01\/energisation.png 989w, https:\/\/biodynamizer.com\/wp-content\/uploads\/2020\/01\/energisation-300x169.png 300w\" sizes=\"auto, (max-width: 989px) 100vw, 989px\" \/><\/div><\/div><div class=\"wpb_text_column\"><div class=\"wpb_wrapper\"><p>Ilustraci\u00f3n de una mol\u00e9cula de agua<\/p>\n<\/div><\/div><\/div><\/div><\/div><div class=\"vc_col-sm-6 wpb_column vc_column_container\"><div class=\"vc_column-inner\"><div class=\"wpb_wrapper\"><div class=\"wpb_text_column\"><div class=\"wpb_wrapper\"><p>El agua captura toda la energ\u00eda electromagn\u00e9tica emitida por las estrellas, incluyendo nuestro sol. Esta luz visible constituye s\u00f3lo el 1% del espectro electromagn\u00e9tico. Esta luz act\u00faa como un prisma que descompone los rayos del sol en todos los colores del arco iris. Estas son las vibraciones, frecuencias y longitudes de onda que el agua captura.<\/p>\n<p>En el biodynamizer\u00ae este papel lo cumplen los campos magn\u00e9ticos emitidos por los imanes <b><a href=\"https:\/\/biodynamizer.com\/es\/nos-solutions\/le-biodynamizer\/le-magnetisme\/\">permanentes<\/a><\/b>.<\/p>\n<\/div><\/div><\/div><\/div><\/div><\/div><\/div><\/div><\/div><\/div><\/div><\/section><section class=\"l-section wpb_row max500 height_large\"><div class=\"l-section-h i-cf\"><div class=\"g-cols vc_row via_flex valign_top type_default stacking_default\"><div class=\"vc_col-sm-8 wpb_column vc_column_container\"><div class=\"vc_column-inner\"><div class=\"wpb_wrapper\"><div class=\"w-image align_center\"><div class=\"w-image-h\"><img decoding=\"async\" width=\"700\" height=\"466\" src=\"https:\/\/biodynamizer.com\/wp-content\/uploads\/2020\/03\/New-Project-25.jpg\" class=\"attachment-large size-large\" alt=\"\" loading=\"lazy\" srcset=\"https:\/\/biodynamizer.com\/wp-content\/uploads\/2020\/03\/New-Project-25.jpg 700w, https:\/\/biodynamizer.com\/wp-content\/uploads\/2020\/03\/New-Project-25-300x200.jpg 300w\" sizes=\"auto, (max-width: 700px) 100vw, 700px\" \/><\/div><\/div><\/div><\/div><\/div><div class=\"vc_col-sm-4 wpb_column vc_column_container\"><div class=\"vc_column-inner\"><div class=\"wpb_wrapper\"><div class=\"w-image align_center\"><div class=\"w-image-h\"><img decoding=\"async\" width=\"704\" height=\"943\" src=\"https:\/\/biodynamizer.com\/wp-content\/uploads\/2020\/01\/energie3.png\" class=\"attachment-large size-large\" alt=\"cascade d&#039;eau dans les montagnes\" loading=\"lazy\" srcset=\"https:\/\/biodynamizer.com\/wp-content\/uploads\/2020\/01\/energie3.png 704w, https:\/\/biodynamizer.com\/wp-content\/uploads\/2020\/01\/energie3-224x300.png 224w\" sizes=\"auto, (max-width: 704px) 100vw, 704px\" \/><\/div><\/div><\/div><\/div><\/div><\/div><\/div><\/section>\n","protected":false},"excerpt":{"rendered":"Inicio\/P\u00e1ginasEnerg\u00eda electromagn\u00e9tica, la luz del sol ilumina el agua con su energ\u00eda. Ilustraci\u00f3n de una mol\u00e9cula de agua El agua captura toda la energ\u00eda electromagn\u00e9tica emitida por las estrellas, incluyendo nuestro sol. Esta luz visible constituye s\u00f3lo el 1% del espectro electromagn\u00e9tico. Esta luz act\u00faa como un prisma que descompone los rayos del sol en...","protected":false},"author":3,"featured_media":0,"parent":5927,"menu_order":2,"comment_status":"closed","ping_status":"closed","template":"","meta":{"_monsterinsights_skip_tracking":false,"_monsterinsights_sitenote_active":false,"_monsterinsights_sitenote_note":"","_monsterinsights_sitenote_category":0,"footnotes":""},"class_list":["post-6341","page","type-page","status-publish","hentry"],"yoast_head":"<!-- This site is optimized with the Yoast SEO plugin v27.4 - https:\/\/yoast.com\/product\/yoast-seo-wordpress\/ -->\n<title>Energ\u00eda electromagn\u00e9tica, la luz del sol ilumina el agua con su energ\u00eda. - Biodynamizer<\/title>\n<meta name=\"description\" content=\"Biodynamizer - Energ\u00eda electromagn\u00e9tica, la luz del sol ilumina el agua con su energ\u00eda. - En savoir plus sur le biodynamizer et le biofiltre\" \/>\n<meta name=\"robots\" content=\"index, follow, max-snippet:-1, max-image-preview:large, max-video-preview:-1\" \/>\n<link rel=\"canonical\" href=\"https:\/\/biodynamizer.com\/es\/agua\/energia\/luz-electromagnetica-luz-solar-iluminacion-agua-sonido-energia\/\" \/>\n<meta property=\"og:locale\" content=\"es_ES\" \/>\n<meta property=\"og:type\" content=\"article\" \/>\n<meta property=\"og:title\" content=\"Energ\u00eda electromagn\u00e9tica, la luz del sol ilumina el agua con su energ\u00eda. - Biodynamizer\" \/>\n<meta property=\"og:description\" content=\"Biodynamizer - Energ\u00eda electromagn\u00e9tica, la luz del sol ilumina el agua con su energ\u00eda. - En savoir plus sur le biodynamizer et le biofiltre\" \/>\n<meta property=\"og:url\" content=\"https:\/\/biodynamizer.com\/es\/agua\/energia\/luz-electromagnetica-luz-solar-iluminacion-agua-sonido-energia\/\" \/>\n<meta property=\"og:site_name\" content=\"Biodynamizer\" \/>\n<meta property=\"article:modified_time\" content=\"2025-08-27T06:32:52+00:00\" \/>\n<meta property=\"og:image\" content=\"https:\/\/biodynamizer.com\/wp-content\/uploads\/2019\/11\/Depositphotos_15742931_xl-2015.jpg\" \/>\n\t<meta property=\"og:image:width\" content=\"2000\" \/>\n\t<meta property=\"og:image:height\" content=\"1333\" \/>\n\t<meta property=\"og:image:type\" content=\"image\/jpeg\" \/>\n<meta name=\"twitter:card\" content=\"summary_large_image\" \/>\n<meta name=\"twitter:label1\" content=\"Tiempo de lectura\" \/>\n\t<meta name=\"twitter:data1\" content=\"1 minuto\" \/>\n<script type=\"application\/ld+json\" class=\"yoast-schema-graph\">{\"@context\":\"https:\\\/\\\/schema.org\",\"@graph\":[{\"@type\":\"WebPage\",\"@id\":\"https:\\\/\\\/biodynamizer.com\\\/es\\\/agua\\\/energia\\\/luz-electromagnetica-luz-solar-iluminacion-agua-sonido-energia\\\/\",\"url\":\"https:\\\/\\\/biodynamizer.com\\\/es\\\/agua\\\/energia\\\/luz-electromagnetica-luz-solar-iluminacion-agua-sonido-energia\\\/\",\"name\":\"Energ\u00eda electromagn\u00e9tica, la luz del sol ilumina el agua con su energ\u00eda. - Biodynamizer\",\"isPartOf\":{\"@id\":\"https:\\\/\\\/biodynamizer.com\\\/es\\\/#website\"},\"datePublished\":\"2020-01-24T12:15:50+00:00\",\"dateModified\":\"2025-08-27T06:32:52+00:00\",\"description\":\"Biodynamizer - Energ\u00eda electromagn\u00e9tica, la luz del sol ilumina el agua con su energ\u00eda. - En savoir plus sur le biodynamizer et le biofiltre\",\"breadcrumb\":{\"@id\":\"https:\\\/\\\/biodynamizer.com\\\/es\\\/agua\\\/energia\\\/luz-electromagnetica-luz-solar-iluminacion-agua-sonido-energia\\\/#breadcrumb\"},\"inLanguage\":\"es\",\"potentialAction\":[{\"@type\":\"ReadAction\",\"target\":[\"https:\\\/\\\/biodynamizer.com\\\/es\\\/agua\\\/energia\\\/luz-electromagnetica-luz-solar-iluminacion-agua-sonido-energia\\\/\"]}]},{\"@type\":\"BreadcrumbList\",\"@id\":\"https:\\\/\\\/biodynamizer.com\\\/es\\\/agua\\\/energia\\\/luz-electromagnetica-luz-solar-iluminacion-agua-sonido-energia\\\/#breadcrumb\",\"itemListElement\":[{\"@type\":\"ListItem\",\"position\":1,\"name\":\"Home\",\"item\":\"https:\\\/\\\/biodynamizer.com\\\/es\\\/\"},{\"@type\":\"ListItem\",\"position\":2,\"name\":\"Agua\",\"item\":\"https:\\\/\\\/biodynamizer.com\\\/es\\\/agua\\\/\"},{\"@type\":\"ListItem\",\"position\":3,\"name\":\"Energ\u00eda\",\"item\":\"https:\\\/\\\/biodynamizer.com\\\/es\\\/agua\\\/energia\\\/\"},{\"@type\":\"ListItem\",\"position\":4,\"name\":\"Energ\u00eda electromagn\u00e9tica, la luz del sol ilumina el agua con su energ\u00eda.\"}]},{\"@type\":\"WebSite\",\"@id\":\"https:\\\/\\\/biodynamizer.com\\\/es\\\/#website\",\"url\":\"https:\\\/\\\/biodynamizer.com\\\/es\\\/\",\"name\":\"Biodynamizer\",\"description\":\"Filtrez et dynamisez votre eau\",\"potentialAction\":[{\"@type\":\"SearchAction\",\"target\":{\"@type\":\"EntryPoint\",\"urlTemplate\":\"https:\\\/\\\/biodynamizer.com\\\/es\\\/?s={search_term_string}\"},\"query-input\":{\"@type\":\"PropertyValueSpecification\",\"valueRequired\":true,\"valueName\":\"search_term_string\"}}],\"inLanguage\":\"es\"}]}<\/script>\n<!-- \/ Yoast SEO plugin. -->","yoast_head_json":{"title":"Energ\u00eda electromagn\u00e9tica, la luz del sol ilumina el agua con su energ\u00eda. - Biodynamizer","description":"Biodynamizer - Energ\u00eda electromagn\u00e9tica, la luz del sol ilumina el agua con su energ\u00eda. - En savoir plus sur le biodynamizer et le biofiltre","robots":{"index":"index","follow":"follow","max-snippet":"max-snippet:-1","max-image-preview":"max-image-preview:large","max-video-preview":"max-video-preview:-1"},"canonical":"https:\/\/biodynamizer.com\/es\/agua\/energia\/luz-electromagnetica-luz-solar-iluminacion-agua-sonido-energia\/","og_locale":"es_ES","og_type":"article","og_title":"Energ\u00eda electromagn\u00e9tica, la luz del sol ilumina el agua con su energ\u00eda. - Biodynamizer","og_description":"Biodynamizer - Energ\u00eda electromagn\u00e9tica, la luz del sol ilumina el agua con su energ\u00eda. - En savoir plus sur le biodynamizer et le biofiltre","og_url":"https:\/\/biodynamizer.com\/es\/agua\/energia\/luz-electromagnetica-luz-solar-iluminacion-agua-sonido-energia\/","og_site_name":"Biodynamizer","article_modified_time":"2025-08-27T06:32:52+00:00","og_image":[{"width":2000,"height":1333,"url":"https:\/\/biodynamizer.com\/wp-content\/uploads\/2019\/11\/Depositphotos_15742931_xl-2015.jpg","type":"image\/jpeg"}],"twitter_card":"summary_large_image","twitter_misc":{"Tiempo de lectura":"1 minuto"},"schema":{"@context":"https:\/\/schema.org","@graph":[{"@type":"WebPage","@id":"https:\/\/biodynamizer.com\/es\/agua\/energia\/luz-electromagnetica-luz-solar-iluminacion-agua-sonido-energia\/","url":"https:\/\/biodynamizer.com\/es\/agua\/energia\/luz-electromagnetica-luz-solar-iluminacion-agua-sonido-energia\/","name":"Energ\u00eda electromagn\u00e9tica, la luz del sol ilumina el agua con su energ\u00eda. - Biodynamizer","isPartOf":{"@id":"https:\/\/biodynamizer.com\/es\/#website"},"datePublished":"2020-01-24T12:15:50+00:00","dateModified":"2025-08-27T06:32:52+00:00","description":"Biodynamizer - Energ\u00eda electromagn\u00e9tica, la luz del sol ilumina el agua con su energ\u00eda. - En savoir plus sur le biodynamizer et le biofiltre","breadcrumb":{"@id":"https:\/\/biodynamizer.com\/es\/agua\/energia\/luz-electromagnetica-luz-solar-iluminacion-agua-sonido-energia\/#breadcrumb"},"inLanguage":"es","potentialAction":[{"@type":"ReadAction","target":["https:\/\/biodynamizer.com\/es\/agua\/energia\/luz-electromagnetica-luz-solar-iluminacion-agua-sonido-energia\/"]}]},{"@type":"BreadcrumbList","@id":"https:\/\/biodynamizer.com\/es\/agua\/energia\/luz-electromagnetica-luz-solar-iluminacion-agua-sonido-energia\/#breadcrumb","itemListElement":[{"@type":"ListItem","position":1,"name":"Home","item":"https:\/\/biodynamizer.com\/es\/"},{"@type":"ListItem","position":2,"name":"Agua","item":"https:\/\/biodynamizer.com\/es\/agua\/"},{"@type":"ListItem","position":3,"name":"Energ\u00eda","item":"https:\/\/biodynamizer.com\/es\/agua\/energia\/"},{"@type":"ListItem","position":4,"name":"Energ\u00eda electromagn\u00e9tica, la luz del sol ilumina el agua con su energ\u00eda."}]},{"@type":"WebSite","@id":"https:\/\/biodynamizer.com\/es\/#website","url":"https:\/\/biodynamizer.com\/es\/","name":"Biodynamizer","description":"Filtrez et dynamisez votre eau","potentialAction":[{"@type":"SearchAction","target":{"@type":"EntryPoint","urlTemplate":"https:\/\/biodynamizer.com\/es\/?s={search_term_string}"},"query-input":{"@type":"PropertyValueSpecification","valueRequired":true,"valueName":"search_term_string"}}],"inLanguage":"es"}]}},"_links":{"self":[{"href":"https:\/\/biodynamizer.com\/es\/wp-json\/wp\/v2\/pages\/6341","targetHints":{"allow":["GET"]}}],"collection":[{"href":"https:\/\/biodynamizer.com\/es\/wp-json\/wp\/v2\/pages"}],"about":[{"href":"https:\/\/biodynamizer.com\/es\/wp-json\/wp\/v2\/types\/page"}],"author":[{"embeddable":true,"href":"https:\/\/biodynamizer.com\/es\/wp-json\/wp\/v2\/users\/3"}],"replies":[{"embeddable":true,"href":"https:\/\/biodynamizer.com\/es\/wp-json\/wp\/v2\/comments?post=6341"}],"version-history":[{"count":6,"href":"https:\/\/biodynamizer.com\/es\/wp-json\/wp\/v2\/pages\/6341\/revisions"}],"predecessor-version":[{"id":28231,"href":"https:\/\/biodynamizer.com\/es\/wp-json\/wp\/v2\/pages\/6341\/revisions\/28231"}],"up":[{"embeddable":true,"href":"https:\/\/biodynamizer.com\/es\/wp-json\/wp\/v2\/pages\/5927"}],"wp:attachment":[{"href":"https:\/\/biodynamizer.com\/es\/wp-json\/wp\/v2\/media?parent=6341"}],"curies":[{"name":"wp","href":"https:\/\/api.w.org\/{rel}","templated":true}]}}