{"id":6389,"date":"2020-01-24T12:10:01","date_gmt":"2020-01-24T12:10:01","guid":{"rendered":"https:\/\/biodynamizer.spleen-creation.be\/leau\/lenergie\/lenergie-magnetique-une-energie-naturelle-sous-nos-pieds-qui-energetise-leau\/"},"modified":"2021-03-13T17:41:10","modified_gmt":"2021-03-13T17:41:10","slug":"magnetizacion-de-la-energia-natural-bajo-el-agua","status":"publish","type":"page","link":"https:\/\/biodynamizer.com\/es\/agua\/energia\/magnetizacion-de-la-energia-natural-bajo-el-agua\/","title":{"rendered":"La energ\u00eda magn\u00e9tica, una energ\u00eda natural bajo nuestros pies que dinamiza el agua"},"content":{"rendered":"<section class=\"l-section wpb_row us_custom_916fdabd height_small\"><div class=\"l-section-h i-cf\"><div class=\"g-cols vc_row via_flex valign_top type_default stacking_default\"><div class=\"vc_col-sm-12 wpb_column vc_column_container\"><div class=\"vc_column-inner\"><div class=\"wpb_wrapper\"><nav class=\"g-breadcrumbs separator_custom align_none\" itemscope itemtype=\"http:\/\/schema.org\/BreadcrumbList\"><div class=\"g-breadcrumbs-item\" itemscope itemprop=\"itemListElement\" itemtype=\"http:\/\/schema.org\/ListItem\"><a itemprop=\"item\" href=\"https:\/\/biodynamizer.com\/es\/\"><span itemprop=\"name\">Inicio<\/span><\/a><meta itemprop=\"position\" content=\"1\"\/><\/div><div class=\"g-breadcrumbs-separator\">\/<\/div><div class=\"g-breadcrumbs-item\">P\u00e1ginas<\/div><\/nav><\/div><\/div><\/div><\/div><\/div><\/section><section class=\"l-section wpb_row fullheader height_huge with_img\"><div class=\"l-section-img\" role=\"img\" aria-label=\"Space waves\" data-img-width=\"1029\" data-img-height=\"581\" style=\"background-image: url(https:\/\/biodynamizer.com\/wp-content\/uploads\/2020\/01\/spacewaves.png);background-repeat: no-repeat;\"><\/div><div class=\"l-section-h i-cf\"><div class=\"g-cols vc_row via_flex valign_top type_default stacking_default\"><div class=\"vc_col-sm-12 wpb_column vc_column_container has_text_color\"><div class=\"vc_column-inner us_custom_6df4bc3a\"><div class=\"wpb_wrapper\"><div class=\"wpb_text_column\"><div class=\"wpb_wrapper\"><h3>La energ\u00eda magn\u00e9tica, una energ\u00eda natural bajo nuestros pies que dinamiza el agua<\/h3>\n<\/div><\/div><\/div><\/div><\/div><\/div><\/div><\/section><section class=\"l-section wpb_row max500 height_large\"><div class=\"l-section-h i-cf\"><div class=\"g-cols vc_row via_flex valign_top type_default stacking_default\"><div class=\"vc_col-sm-6 wpb_column vc_column_container\"><div class=\"vc_column-inner\"><div class=\"wpb_wrapper\"><div class=\"w-video align_none ratio_16x9 has_iframe\"><div class=\"w-video-h\"><iframe title=\"Youtube video player\" src=\"\/\/www.youtube.com\/embed\/Gg8JBW7opJU?autoplay=0&controls=1&origin=https:\/\/biodynamizer.com\/es\/&loop=0&mute=0\" allowfullscreen=\"1\" loading=\"lazy\"><\/iframe><\/div><\/div><div class=\"wpb_text_column\"><div class=\"wpb_wrapper\"><p><em><span class=\"TextRun SCXP101112387 BCX0\" lang=\"FR-BE\" xml:lang=\"FR-BE\" data-usefontface=\"true\" data-contrast=\"none\"><span class=\"SpellingError SCXP101112387 BCX0\">40 sec The Force that Protects our Planet (credit &#8211; ESA\/ATG medialabcredit)<\/span><\/span><\/em><\/p>\n<\/div><\/div><\/div><\/div><\/div><div class=\"vc_col-sm-6 wpb_column vc_column_container\"><div class=\"vc_column-inner\"><div class=\"wpb_wrapper\"><div class=\"w-image align_none\"><div class=\"w-image-h\"><img decoding=\"async\" width=\"420\" height=\"300\" src=\"https:\/\/biodynamizer.com\/wp-content\/uploads\/2020\/03\/New-Project-47.jpg\" class=\"attachment-large size-large\" alt=\"une carte de la terre montrant la temp\u00e9rature de la terre\" loading=\"lazy\" srcset=\"https:\/\/biodynamizer.com\/wp-content\/uploads\/2020\/03\/New-Project-47.jpg 420w, https:\/\/biodynamizer.com\/wp-content\/uploads\/2020\/03\/New-Project-47-300x214.jpg 300w\" sizes=\"auto, (max-width: 420px) 100vw, 420px\" \/><\/div><\/div><div class=\"wpb_text_column\"><div class=\"wpb_wrapper\"><p><em><span class=\"TextRun SCXP207749753 BCX0\" lang=\"FR-FR\" xml:lang=\"FR-FR\" data-usefontface=\"true\" data-contrast=\"none\"><span class=\"NormalTextRun SCXP207749753 BCX0\">Image\u00a0<\/span><\/span><span class=\"TextRun SCXP207749753 BCX0\" lang=\"FR-FR\" xml:lang=\"FR-FR\" data-usefontface=\"true\" data-contrast=\"none\"><span class=\"SpellingError SCXP207749753 BCX0\">credit<\/span><\/span><span class=\"TextRun SCXP207749753 BCX0\" lang=\"FR-FR\" xml:lang=\"FR-FR\" data-usefontface=\"true\" data-contrast=\"none\"><span class=\"NormalTextRun SCXP207749753 BCX0\">\u00a0&#8211; ESA\/DTU\u00a0<\/span><\/span><span class=\"TextRun SCXP207749753 BCX0\" lang=\"FR-FR\" xml:lang=\"FR-FR\" data-usefontface=\"true\" data-contrast=\"none\"><span class=\"SpellingError SCXP207749753 BCX0\">Space<\/span><\/span><span class=\"EOP SCXP207749753 BCX0\">\u200b<\/span><\/em><\/p>\n<\/div><\/div><\/div><\/div><\/div><\/div><\/div><\/section><section class=\"l-section wpb_row max500 height_auto\"><div class=\"l-section-h i-cf\"><div class=\"g-cols vc_row via_flex valign_top type_default stacking_default\"><div class=\"vc_col-sm-12 wpb_column vc_column_container\"><div class=\"vc_column-inner\"><div class=\"wpb_wrapper\"><div class=\"wpb_text_column\"><div class=\"wpb_wrapper\"><p>El campo magn\u00e9tico terrestre se produce por la rotaci\u00f3n de la Tierra (movimiento en sentido contrario a las agujas del reloj), que genera corrientes el\u00e9ctricas en los metales y rocas fundidos, situados a 1.500 metros de profundidad en la corteza terrestre, que son captadas por los minerales inorg\u00e1nicos. Son estos minerales los que el agua arrastrar\u00e1 durante su ciclo terrestre. El magnetismo de la Tierra es de unos 0,5 Gauss (0,05 mT); el campo magn\u00e9tico es siempre perpendicular al campo electromagn\u00e9tico. El magnetismo es energ\u00eda (en forma de fotones) que el agua capta directamente y a trav\u00e9s de los minerales que transporta.<span style=\"text-decoration: underline;\"> <a href=\"https:\/\/biodynamizer.com\/es\/agua\/analisis-adquiridos-por-sa-dynamized-technologies-sobre-la-influencia-del-magnetismo-en-el-agua\/\">Vea todos los an\u00e1lisis cient\u00edficos sobre la influencia del magnetismo en el agua.<\/a><\/span><\/p>\n<\/div><\/div><div class=\"w-separator size_huge\"><\/div><\/div><\/div><\/div><\/div><\/div><\/section>\n","protected":false},"excerpt":{"rendered":"Inicio\/P\u00e1ginasLa energ\u00eda magn\u00e9tica, una energ\u00eda natural bajo nuestros pies que dinamiza el agua 40 sec The Force that Protects our Planet (credit &#8211; ESA\/ATG medialabcredit) Image\u00a0credit\u00a0&#8211; ESA\/DTU\u00a0Space\u200b El campo magn\u00e9tico terrestre se produce por la rotaci\u00f3n de la Tierra (movimiento en sentido contrario a las agujas del reloj), que genera corrientes el\u00e9ctricas en los metales...","protected":false},"author":3,"featured_media":0,"parent":5927,"menu_order":1,"comment_status":"closed","ping_status":"closed","template":"","meta":{"_monsterinsights_skip_tracking":false,"_monsterinsights_sitenote_active":false,"_monsterinsights_sitenote_note":"","_monsterinsights_sitenote_category":0,"footnotes":""},"class_list":["post-6389","page","type-page","status-publish","hentry"],"yoast_head":"<!-- This site is optimized with the Yoast SEO plugin v27.4 - https:\/\/yoast.com\/product\/yoast-seo-wordpress\/ -->\n<title>La energ\u00eda magn\u00e9tica, una energ\u00eda natural bajo nuestros pies que dinamiza el agua - Biodynamizer<\/title>\n<meta name=\"description\" content=\"Biodynamizer - La energ\u00eda magn\u00e9tica, una energ\u00eda natural bajo nuestros pies que dinamiza el agua - En savoir plus sur le biodynamizer et le biofiltre\" \/>\n<meta name=\"robots\" content=\"index, follow, max-snippet:-1, max-image-preview:large, max-video-preview:-1\" \/>\n<link rel=\"canonical\" href=\"https:\/\/biodynamizer.com\/es\/agua\/energia\/magnetizacion-de-la-energia-natural-bajo-el-agua\/\" \/>\n<meta property=\"og:locale\" content=\"es_ES\" \/>\n<meta property=\"og:type\" content=\"article\" \/>\n<meta property=\"og:title\" content=\"La energ\u00eda magn\u00e9tica, una energ\u00eda natural bajo nuestros pies que dinamiza el agua - Biodynamizer\" \/>\n<meta property=\"og:description\" content=\"Biodynamizer - La energ\u00eda magn\u00e9tica, una energ\u00eda natural bajo nuestros pies que dinamiza el agua - En savoir plus sur le biodynamizer et le biofiltre\" \/>\n<meta property=\"og:url\" content=\"https:\/\/biodynamizer.com\/es\/agua\/energia\/magnetizacion-de-la-energia-natural-bajo-el-agua\/\" \/>\n<meta property=\"og:site_name\" content=\"Biodynamizer\" \/>\n<meta property=\"article:modified_time\" content=\"2021-03-13T17:41:10+00:00\" \/>\n<meta property=\"og:image\" content=\"https:\/\/biodynamizer.com\/wp-content\/uploads\/2019\/11\/Depositphotos_15742931_xl-2015.jpg\" \/>\n\t<meta property=\"og:image:width\" content=\"2000\" \/>\n\t<meta property=\"og:image:height\" content=\"1333\" \/>\n\t<meta property=\"og:image:type\" content=\"image\/jpeg\" \/>\n<meta name=\"twitter:card\" content=\"summary_large_image\" \/>\n<meta name=\"twitter:label1\" content=\"Tiempo de lectura\" \/>\n\t<meta name=\"twitter:data1\" content=\"1 minuto\" \/>\n<script type=\"application\/ld+json\" class=\"yoast-schema-graph\">{\"@context\":\"https:\\\/\\\/schema.org\",\"@graph\":[{\"@type\":\"WebPage\",\"@id\":\"https:\\\/\\\/biodynamizer.com\\\/es\\\/agua\\\/energia\\\/magnetizacion-de-la-energia-natural-bajo-el-agua\\\/\",\"url\":\"https:\\\/\\\/biodynamizer.com\\\/es\\\/agua\\\/energia\\\/magnetizacion-de-la-energia-natural-bajo-el-agua\\\/\",\"name\":\"La energ\u00eda magn\u00e9tica, una energ\u00eda natural bajo nuestros pies que dinamiza el agua - Biodynamizer\",\"isPartOf\":{\"@id\":\"https:\\\/\\\/biodynamizer.com\\\/es\\\/#website\"},\"datePublished\":\"2020-01-24T12:10:01+00:00\",\"dateModified\":\"2021-03-13T17:41:10+00:00\",\"description\":\"Biodynamizer - La energ\u00eda magn\u00e9tica, una energ\u00eda natural bajo nuestros pies que dinamiza el agua - En savoir plus sur le biodynamizer et le biofiltre\",\"breadcrumb\":{\"@id\":\"https:\\\/\\\/biodynamizer.com\\\/es\\\/agua\\\/energia\\\/magnetizacion-de-la-energia-natural-bajo-el-agua\\\/#breadcrumb\"},\"inLanguage\":\"es\",\"potentialAction\":[{\"@type\":\"ReadAction\",\"target\":[\"https:\\\/\\\/biodynamizer.com\\\/es\\\/agua\\\/energia\\\/magnetizacion-de-la-energia-natural-bajo-el-agua\\\/\"]}]},{\"@type\":\"BreadcrumbList\",\"@id\":\"https:\\\/\\\/biodynamizer.com\\\/es\\\/agua\\\/energia\\\/magnetizacion-de-la-energia-natural-bajo-el-agua\\\/#breadcrumb\",\"itemListElement\":[{\"@type\":\"ListItem\",\"position\":1,\"name\":\"Home\",\"item\":\"https:\\\/\\\/biodynamizer.com\\\/es\\\/\"},{\"@type\":\"ListItem\",\"position\":2,\"name\":\"Agua\",\"item\":\"https:\\\/\\\/biodynamizer.com\\\/es\\\/agua\\\/\"},{\"@type\":\"ListItem\",\"position\":3,\"name\":\"Energ\u00eda\",\"item\":\"https:\\\/\\\/biodynamizer.com\\\/es\\\/agua\\\/energia\\\/\"},{\"@type\":\"ListItem\",\"position\":4,\"name\":\"La energ\u00eda magn\u00e9tica, una energ\u00eda natural bajo nuestros pies que dinamiza el agua\"}]},{\"@type\":\"WebSite\",\"@id\":\"https:\\\/\\\/biodynamizer.com\\\/es\\\/#website\",\"url\":\"https:\\\/\\\/biodynamizer.com\\\/es\\\/\",\"name\":\"Biodynamizer\",\"description\":\"Filtrez et dynamisez votre eau\",\"potentialAction\":[{\"@type\":\"SearchAction\",\"target\":{\"@type\":\"EntryPoint\",\"urlTemplate\":\"https:\\\/\\\/biodynamizer.com\\\/es\\\/?s={search_term_string}\"},\"query-input\":{\"@type\":\"PropertyValueSpecification\",\"valueRequired\":true,\"valueName\":\"search_term_string\"}}],\"inLanguage\":\"es\"}]}<\/script>\n<!-- \/ Yoast SEO plugin. -->","yoast_head_json":{"title":"La energ\u00eda magn\u00e9tica, una energ\u00eda natural bajo nuestros pies que dinamiza el agua - Biodynamizer","description":"Biodynamizer - La energ\u00eda magn\u00e9tica, una energ\u00eda natural bajo nuestros pies que dinamiza el agua - En savoir plus sur le biodynamizer et le biofiltre","robots":{"index":"index","follow":"follow","max-snippet":"max-snippet:-1","max-image-preview":"max-image-preview:large","max-video-preview":"max-video-preview:-1"},"canonical":"https:\/\/biodynamizer.com\/es\/agua\/energia\/magnetizacion-de-la-energia-natural-bajo-el-agua\/","og_locale":"es_ES","og_type":"article","og_title":"La energ\u00eda magn\u00e9tica, una energ\u00eda natural bajo nuestros pies que dinamiza el agua - Biodynamizer","og_description":"Biodynamizer - La energ\u00eda magn\u00e9tica, una energ\u00eda natural bajo nuestros pies que dinamiza el agua - En savoir plus sur le biodynamizer et le biofiltre","og_url":"https:\/\/biodynamizer.com\/es\/agua\/energia\/magnetizacion-de-la-energia-natural-bajo-el-agua\/","og_site_name":"Biodynamizer","article_modified_time":"2021-03-13T17:41:10+00:00","og_image":[{"width":2000,"height":1333,"url":"https:\/\/biodynamizer.com\/wp-content\/uploads\/2019\/11\/Depositphotos_15742931_xl-2015.jpg","type":"image\/jpeg"}],"twitter_card":"summary_large_image","twitter_misc":{"Tiempo de lectura":"1 minuto"},"schema":{"@context":"https:\/\/schema.org","@graph":[{"@type":"WebPage","@id":"https:\/\/biodynamizer.com\/es\/agua\/energia\/magnetizacion-de-la-energia-natural-bajo-el-agua\/","url":"https:\/\/biodynamizer.com\/es\/agua\/energia\/magnetizacion-de-la-energia-natural-bajo-el-agua\/","name":"La energ\u00eda magn\u00e9tica, una energ\u00eda natural bajo nuestros pies que dinamiza el agua - Biodynamizer","isPartOf":{"@id":"https:\/\/biodynamizer.com\/es\/#website"},"datePublished":"2020-01-24T12:10:01+00:00","dateModified":"2021-03-13T17:41:10+00:00","description":"Biodynamizer - La energ\u00eda magn\u00e9tica, una energ\u00eda natural bajo nuestros pies que dinamiza el agua - En savoir plus sur le biodynamizer et le biofiltre","breadcrumb":{"@id":"https:\/\/biodynamizer.com\/es\/agua\/energia\/magnetizacion-de-la-energia-natural-bajo-el-agua\/#breadcrumb"},"inLanguage":"es","potentialAction":[{"@type":"ReadAction","target":["https:\/\/biodynamizer.com\/es\/agua\/energia\/magnetizacion-de-la-energia-natural-bajo-el-agua\/"]}]},{"@type":"BreadcrumbList","@id":"https:\/\/biodynamizer.com\/es\/agua\/energia\/magnetizacion-de-la-energia-natural-bajo-el-agua\/#breadcrumb","itemListElement":[{"@type":"ListItem","position":1,"name":"Home","item":"https:\/\/biodynamizer.com\/es\/"},{"@type":"ListItem","position":2,"name":"Agua","item":"https:\/\/biodynamizer.com\/es\/agua\/"},{"@type":"ListItem","position":3,"name":"Energ\u00eda","item":"https:\/\/biodynamizer.com\/es\/agua\/energia\/"},{"@type":"ListItem","position":4,"name":"La energ\u00eda magn\u00e9tica, una energ\u00eda natural bajo nuestros pies que dinamiza el agua"}]},{"@type":"WebSite","@id":"https:\/\/biodynamizer.com\/es\/#website","url":"https:\/\/biodynamizer.com\/es\/","name":"Biodynamizer","description":"Filtrez et dynamisez votre eau","potentialAction":[{"@type":"SearchAction","target":{"@type":"EntryPoint","urlTemplate":"https:\/\/biodynamizer.com\/es\/?s={search_term_string}"},"query-input":{"@type":"PropertyValueSpecification","valueRequired":true,"valueName":"search_term_string"}}],"inLanguage":"es"}]}},"_links":{"self":[{"href":"https:\/\/biodynamizer.com\/es\/wp-json\/wp\/v2\/pages\/6389","targetHints":{"allow":["GET"]}}],"collection":[{"href":"https:\/\/biodynamizer.com\/es\/wp-json\/wp\/v2\/pages"}],"about":[{"href":"https:\/\/biodynamizer.com\/es\/wp-json\/wp\/v2\/types\/page"}],"author":[{"embeddable":true,"href":"https:\/\/biodynamizer.com\/es\/wp-json\/wp\/v2\/users\/3"}],"replies":[{"embeddable":true,"href":"https:\/\/biodynamizer.com\/es\/wp-json\/wp\/v2\/comments?post=6389"}],"version-history":[{"count":3,"href":"https:\/\/biodynamizer.com\/es\/wp-json\/wp\/v2\/pages\/6389\/revisions"}],"predecessor-version":[{"id":8644,"href":"https:\/\/biodynamizer.com\/es\/wp-json\/wp\/v2\/pages\/6389\/revisions\/8644"}],"up":[{"embeddable":true,"href":"https:\/\/biodynamizer.com\/es\/wp-json\/wp\/v2\/pages\/5927"}],"wp:attachment":[{"href":"https:\/\/biodynamizer.com\/es\/wp-json\/wp\/v2\/media?parent=6389"}],"curies":[{"name":"wp","href":"https:\/\/api.w.org\/{rel}","templated":true}]}}