{"id":6464,"date":"2020-01-24T08:41:55","date_gmt":"2020-01-24T08:41:55","guid":{"rendered":"https:\/\/biodynamizer.spleen-creation.be\/leau\/le-vortex\/le-vortex-colonnaire-dans-le-prototype-en-resine-transparente-du-biodynamizer\/"},"modified":"2021-03-13T15:06:00","modified_gmt":"2021-03-13T15:06:00","slug":"vortice-columna-en-la-resina-prototipo-transparente-del-biodynamizer","status":"publish","type":"page","link":"https:\/\/biodynamizer.com\/es\/agua\/vortice\/vortice-columna-en-la-resina-prototipo-transparente-del-biodynamizer\/","title":{"rendered":"El v\u00f3rtice columnar en el prototipo de resina transparente del Biodynamizer\u00ae."},"content":{"rendered":"<section class=\"l-section wpb_row us_custom_916fdabd height_small\"><div class=\"l-section-h i-cf\"><div class=\"g-cols vc_row via_flex valign_top type_default stacking_default\"><div class=\"vc_col-sm-12 wpb_column vc_column_container\"><div class=\"vc_column-inner\"><div class=\"wpb_wrapper\"><nav class=\"g-breadcrumbs separator_custom align_none\" itemscope itemtype=\"http:\/\/schema.org\/BreadcrumbList\"><div class=\"g-breadcrumbs-item\" itemscope itemprop=\"itemListElement\" itemtype=\"http:\/\/schema.org\/ListItem\"><a itemprop=\"item\" href=\"https:\/\/biodynamizer.com\/es\/\"><span itemprop=\"name\">Inicio<\/span><\/a><meta itemprop=\"position\" content=\"1\"\/><\/div><div class=\"g-breadcrumbs-separator\">\/<\/div><div class=\"g-breadcrumbs-item\">P\u00e1ginas<\/div><\/nav><\/div><\/div><\/div><\/div><\/div><\/section><section class=\"l-section wpb_row fullheader height_huge with_img\"><div class=\"l-section-img\" role=\"img\" aria-label=\"Biodynamizer - Filtrez et dynamisez votre eau\" data-img-width=\"2000\" data-img-height=\"2542\" style=\"background-image: url(https:\/\/biodynamizer.com\/wp-content\/uploads\/2019\/11\/bigstock-Whirlpool-Underwater-50670557.jpg);background-repeat: no-repeat;\"><\/div><div class=\"l-section-h i-cf\"><div class=\"g-cols vc_row via_flex valign_top type_default stacking_default\"><div class=\"vc_col-sm-12 wpb_column vc_column_container has_text_color\"><div class=\"vc_column-inner us_custom_6df4bc3a\"><div class=\"wpb_wrapper\"><div class=\"wpb_text_column\"><div class=\"wpb_wrapper\"><h3>El v\u00f3rtice columnar en el prototipo de resina transparente del Biodynamizer\u00ae.<\/h3>\n<\/div><\/div><\/div><\/div><\/div><\/div><\/div><\/section><section class=\"l-section wpb_row height_large\"><div class=\"l-section-h i-cf\"><div class=\"g-cols vc_row via_flex valign_top type_default stacking_default\"><div class=\"vc_col-sm-12 wpb_column vc_column_container\"><div class=\"vc_column-inner\"><div class=\"wpb_wrapper\"><div class=\"wpb_text_column\"><div class=\"wpb_wrapper\"><p><strong>V\u00f3rtice columnar de flujo libre:<\/strong><\/p>\n<ul>\n<li>El remolino del agua se acelera al extremo dentro del huevo. El agua gira alrededor de su propio eje y su velocidad aumenta exponencialmente hasta alcanzar el cl\u00edmax cuando el huevo se llena de agua (que es permanente en el Biodynamizer \u00ae). En este punto, el agua se arremolina en flujo libre con una intensidad muy alta en el centro del huevo. La energ\u00eda cin\u00e9tica est\u00e1 en su punto \u00e1lgido y se manifiesta en miles de v\u00f3rtices que se prolongan m\u00e1s all\u00e1 del Biodynamizer hasta las tuber\u00edas sanitarias. Tambi\u00e9n existe una fuerte interacci\u00f3n y amplificaci\u00f3n de la energ\u00eda entre el campo magn\u00e9tico toroidal emitido por el im\u00e1n anular dorado que se desliza alrededor del embudo y el v\u00f3rtice columnar.<\/li>\n<li>El v\u00f3rtice columnar es un fen\u00f3meno de depresi\u00f3n del aire que hace que el aire contenido en el agua de la ciudad entre dentro del v\u00f3rtice por succi\u00f3n. Esto crea un fen\u00f3meno de cavitaci\u00f3n = vapor de agua donde las mol\u00e9culas de H2O est\u00e1n en fase gaseosa (como en las nubes) =&gt; las mol\u00e9culas de agua est\u00e1n m\u00e1s separadas -&gt; hay poca presi\u00f3n dentro del v\u00f3rtice columnar y una alta presi\u00f3n fuera del v\u00f3rtice.&nbsp;<\/li>\n<\/ul>\n<\/div><\/div><\/div><\/div><\/div><\/div><\/div><\/section><section class=\"l-section wpb_row height_auto\"><div class=\"l-section-h i-cf\"><div class=\"g-cols vc_row via_flex valign_top type_default stacking_default\"><div class=\"vc_col-sm-12 wpb_column vc_column_container\"><div class=\"vc_column-inner\"><div class=\"wpb_wrapper\"><div class=\"w-video align_none ratio_21x9 has_iframe\"><div class=\"w-video-h\"><iframe title=\"Youtube video player\" src=\"\/\/www.youtube.com\/embed\/VVBA-THrAwo?autoplay=0&controls=1&origin=https:\/\/biodynamizer.com\/es\/&loop=0&mute=0\" allowfullscreen=\"1\" loading=\"lazy\"><\/iframe><\/div><\/div><\/div><\/div><\/div><\/div><\/div><\/section><section class=\"l-section wpb_row height_auto\"><div class=\"l-section-h i-cf\"><div class=\"g-cols vc_row via_flex valign_top type_default stacking_default\"><div class=\"vc_col-sm-12 wpb_column vc_column_container\"><div class=\"vc_column-inner\"><div class=\"wpb_wrapper\"><div class=\"w-separator size_medium\"><\/div><\/div><\/div><\/div><\/div><\/div><\/section>\n","protected":false},"excerpt":{"rendered":"Inicio\/P\u00e1ginasEl v\u00f3rtice columnar en el prototipo de resina transparente del Biodynamizer\u00ae. V\u00f3rtice columnar de flujo libre: El remolino del agua se acelera al extremo dentro del huevo. El agua gira alrededor de su propio eje y su velocidad aumenta exponencialmente hasta alcanzar el cl\u00edmax cuando el huevo se llena de agua (que es permanente en...","protected":false},"author":3,"featured_media":0,"parent":5879,"menu_order":5,"comment_status":"closed","ping_status":"closed","template":"","meta":{"_monsterinsights_skip_tracking":false,"_monsterinsights_sitenote_active":false,"_monsterinsights_sitenote_note":"","_monsterinsights_sitenote_category":0,"footnotes":""},"class_list":["post-6464","page","type-page","status-publish","hentry"],"yoast_head":"<!-- This site is optimized with the Yoast SEO plugin v27.4 - https:\/\/yoast.com\/product\/yoast-seo-wordpress\/ -->\n<title>El v\u00f3rtice columnar en el prototipo de resina transparente del Biodynamizer\u00ae. - Biodynamizer<\/title>\n<meta name=\"description\" content=\"Biodynamizer - El v\u00f3rtice columnar en el prototipo de resina transparente del Biodynamizer\u00ae. - En savoir plus sur le biodynamizer et le biofiltre\" \/>\n<meta name=\"robots\" content=\"index, follow, max-snippet:-1, max-image-preview:large, max-video-preview:-1\" \/>\n<link rel=\"canonical\" href=\"https:\/\/biodynamizer.com\/es\/agua\/vortice\/vortice-columna-en-la-resina-prototipo-transparente-del-biodynamizer\/\" \/>\n<meta property=\"og:locale\" content=\"es_ES\" \/>\n<meta property=\"og:type\" content=\"article\" \/>\n<meta property=\"og:title\" content=\"El v\u00f3rtice columnar en el prototipo de resina transparente del Biodynamizer\u00ae. - Biodynamizer\" \/>\n<meta property=\"og:description\" content=\"Biodynamizer - El v\u00f3rtice columnar en el prototipo de resina transparente del Biodynamizer\u00ae. - En savoir plus sur le biodynamizer et le biofiltre\" \/>\n<meta property=\"og:url\" content=\"https:\/\/biodynamizer.com\/es\/agua\/vortice\/vortice-columna-en-la-resina-prototipo-transparente-del-biodynamizer\/\" \/>\n<meta property=\"og:site_name\" content=\"Biodynamizer\" \/>\n<meta property=\"article:modified_time\" content=\"2021-03-13T15:06:00+00:00\" \/>\n<meta property=\"og:image\" content=\"https:\/\/biodynamizer.com\/wp-content\/uploads\/2019\/11\/Depositphotos_15742931_xl-2015.jpg\" \/>\n\t<meta property=\"og:image:width\" content=\"2000\" \/>\n\t<meta property=\"og:image:height\" content=\"1333\" \/>\n\t<meta property=\"og:image:type\" content=\"image\/jpeg\" \/>\n<meta name=\"twitter:card\" content=\"summary_large_image\" \/>\n<meta name=\"twitter:label1\" content=\"Tiempo de lectura\" \/>\n\t<meta name=\"twitter:data1\" content=\"1 minuto\" \/>\n<script type=\"application\/ld+json\" class=\"yoast-schema-graph\">{\"@context\":\"https:\\\/\\\/schema.org\",\"@graph\":[{\"@type\":\"WebPage\",\"@id\":\"https:\\\/\\\/biodynamizer.com\\\/es\\\/agua\\\/vortice\\\/vortice-columna-en-la-resina-prototipo-transparente-del-biodynamizer\\\/\",\"url\":\"https:\\\/\\\/biodynamizer.com\\\/es\\\/agua\\\/vortice\\\/vortice-columna-en-la-resina-prototipo-transparente-del-biodynamizer\\\/\",\"name\":\"El v\u00f3rtice columnar en el prototipo de resina transparente del Biodynamizer\u00ae. - Biodynamizer\",\"isPartOf\":{\"@id\":\"https:\\\/\\\/biodynamizer.com\\\/es\\\/#website\"},\"datePublished\":\"2020-01-24T08:41:55+00:00\",\"dateModified\":\"2021-03-13T15:06:00+00:00\",\"description\":\"Biodynamizer - El v\u00f3rtice columnar en el prototipo de resina transparente del Biodynamizer\u00ae. - En savoir plus sur le biodynamizer et le biofiltre\",\"breadcrumb\":{\"@id\":\"https:\\\/\\\/biodynamizer.com\\\/es\\\/agua\\\/vortice\\\/vortice-columna-en-la-resina-prototipo-transparente-del-biodynamizer\\\/#breadcrumb\"},\"inLanguage\":\"es\",\"potentialAction\":[{\"@type\":\"ReadAction\",\"target\":[\"https:\\\/\\\/biodynamizer.com\\\/es\\\/agua\\\/vortice\\\/vortice-columna-en-la-resina-prototipo-transparente-del-biodynamizer\\\/\"]}]},{\"@type\":\"BreadcrumbList\",\"@id\":\"https:\\\/\\\/biodynamizer.com\\\/es\\\/agua\\\/vortice\\\/vortice-columna-en-la-resina-prototipo-transparente-del-biodynamizer\\\/#breadcrumb\",\"itemListElement\":[{\"@type\":\"ListItem\",\"position\":1,\"name\":\"Home\",\"item\":\"https:\\\/\\\/biodynamizer.com\\\/es\\\/\"},{\"@type\":\"ListItem\",\"position\":2,\"name\":\"Agua\",\"item\":\"https:\\\/\\\/biodynamizer.com\\\/es\\\/agua\\\/\"},{\"@type\":\"ListItem\",\"position\":3,\"name\":\"El V\u00f3rtice\",\"item\":\"https:\\\/\\\/biodynamizer.com\\\/es\\\/agua\\\/vortice\\\/\"},{\"@type\":\"ListItem\",\"position\":4,\"name\":\"El v\u00f3rtice columnar en el prototipo de resina transparente del Biodynamizer\u00ae.\"}]},{\"@type\":\"WebSite\",\"@id\":\"https:\\\/\\\/biodynamizer.com\\\/es\\\/#website\",\"url\":\"https:\\\/\\\/biodynamizer.com\\\/es\\\/\",\"name\":\"Biodynamizer\",\"description\":\"Filtrez et dynamisez votre eau\",\"potentialAction\":[{\"@type\":\"SearchAction\",\"target\":{\"@type\":\"EntryPoint\",\"urlTemplate\":\"https:\\\/\\\/biodynamizer.com\\\/es\\\/?s={search_term_string}\"},\"query-input\":{\"@type\":\"PropertyValueSpecification\",\"valueRequired\":true,\"valueName\":\"search_term_string\"}}],\"inLanguage\":\"es\"}]}<\/script>\n<!-- \/ Yoast SEO plugin. -->","yoast_head_json":{"title":"El v\u00f3rtice columnar en el prototipo de resina transparente del Biodynamizer\u00ae. - Biodynamizer","description":"Biodynamizer - El v\u00f3rtice columnar en el prototipo de resina transparente del Biodynamizer\u00ae. - En savoir plus sur le biodynamizer et le biofiltre","robots":{"index":"index","follow":"follow","max-snippet":"max-snippet:-1","max-image-preview":"max-image-preview:large","max-video-preview":"max-video-preview:-1"},"canonical":"https:\/\/biodynamizer.com\/es\/agua\/vortice\/vortice-columna-en-la-resina-prototipo-transparente-del-biodynamizer\/","og_locale":"es_ES","og_type":"article","og_title":"El v\u00f3rtice columnar en el prototipo de resina transparente del Biodynamizer\u00ae. - Biodynamizer","og_description":"Biodynamizer - El v\u00f3rtice columnar en el prototipo de resina transparente del Biodynamizer\u00ae. - En savoir plus sur le biodynamizer et le biofiltre","og_url":"https:\/\/biodynamizer.com\/es\/agua\/vortice\/vortice-columna-en-la-resina-prototipo-transparente-del-biodynamizer\/","og_site_name":"Biodynamizer","article_modified_time":"2021-03-13T15:06:00+00:00","og_image":[{"width":2000,"height":1333,"url":"https:\/\/biodynamizer.com\/wp-content\/uploads\/2019\/11\/Depositphotos_15742931_xl-2015.jpg","type":"image\/jpeg"}],"twitter_card":"summary_large_image","twitter_misc":{"Tiempo de lectura":"1 minuto"},"schema":{"@context":"https:\/\/schema.org","@graph":[{"@type":"WebPage","@id":"https:\/\/biodynamizer.com\/es\/agua\/vortice\/vortice-columna-en-la-resina-prototipo-transparente-del-biodynamizer\/","url":"https:\/\/biodynamizer.com\/es\/agua\/vortice\/vortice-columna-en-la-resina-prototipo-transparente-del-biodynamizer\/","name":"El v\u00f3rtice columnar en el prototipo de resina transparente del Biodynamizer\u00ae. - Biodynamizer","isPartOf":{"@id":"https:\/\/biodynamizer.com\/es\/#website"},"datePublished":"2020-01-24T08:41:55+00:00","dateModified":"2021-03-13T15:06:00+00:00","description":"Biodynamizer - El v\u00f3rtice columnar en el prototipo de resina transparente del Biodynamizer\u00ae. - En savoir plus sur le biodynamizer et le biofiltre","breadcrumb":{"@id":"https:\/\/biodynamizer.com\/es\/agua\/vortice\/vortice-columna-en-la-resina-prototipo-transparente-del-biodynamizer\/#breadcrumb"},"inLanguage":"es","potentialAction":[{"@type":"ReadAction","target":["https:\/\/biodynamizer.com\/es\/agua\/vortice\/vortice-columna-en-la-resina-prototipo-transparente-del-biodynamizer\/"]}]},{"@type":"BreadcrumbList","@id":"https:\/\/biodynamizer.com\/es\/agua\/vortice\/vortice-columna-en-la-resina-prototipo-transparente-del-biodynamizer\/#breadcrumb","itemListElement":[{"@type":"ListItem","position":1,"name":"Home","item":"https:\/\/biodynamizer.com\/es\/"},{"@type":"ListItem","position":2,"name":"Agua","item":"https:\/\/biodynamizer.com\/es\/agua\/"},{"@type":"ListItem","position":3,"name":"El V\u00f3rtice","item":"https:\/\/biodynamizer.com\/es\/agua\/vortice\/"},{"@type":"ListItem","position":4,"name":"El v\u00f3rtice columnar en el prototipo de resina transparente del Biodynamizer\u00ae."}]},{"@type":"WebSite","@id":"https:\/\/biodynamizer.com\/es\/#website","url":"https:\/\/biodynamizer.com\/es\/","name":"Biodynamizer","description":"Filtrez et dynamisez votre eau","potentialAction":[{"@type":"SearchAction","target":{"@type":"EntryPoint","urlTemplate":"https:\/\/biodynamizer.com\/es\/?s={search_term_string}"},"query-input":{"@type":"PropertyValueSpecification","valueRequired":true,"valueName":"search_term_string"}}],"inLanguage":"es"}]}},"_links":{"self":[{"href":"https:\/\/biodynamizer.com\/es\/wp-json\/wp\/v2\/pages\/6464","targetHints":{"allow":["GET"]}}],"collection":[{"href":"https:\/\/biodynamizer.com\/es\/wp-json\/wp\/v2\/pages"}],"about":[{"href":"https:\/\/biodynamizer.com\/es\/wp-json\/wp\/v2\/types\/page"}],"author":[{"embeddable":true,"href":"https:\/\/biodynamizer.com\/es\/wp-json\/wp\/v2\/users\/3"}],"replies":[{"embeddable":true,"href":"https:\/\/biodynamizer.com\/es\/wp-json\/wp\/v2\/comments?post=6464"}],"version-history":[{"count":3,"href":"https:\/\/biodynamizer.com\/es\/wp-json\/wp\/v2\/pages\/6464\/revisions"}],"predecessor-version":[{"id":8631,"href":"https:\/\/biodynamizer.com\/es\/wp-json\/wp\/v2\/pages\/6464\/revisions\/8631"}],"up":[{"embeddable":true,"href":"https:\/\/biodynamizer.com\/es\/wp-json\/wp\/v2\/pages\/5879"}],"wp:attachment":[{"href":"https:\/\/biodynamizer.com\/es\/wp-json\/wp\/v2\/media?parent=6464"}],"curies":[{"name":"wp","href":"https:\/\/api.w.org\/{rel}","templated":true}]}}