{"id":6477,"date":"2020-01-24T08:32:10","date_gmt":"2020-01-24T08:32:10","guid":{"rendered":"https:\/\/biodynamizer.spleen-creation.be\/leau\/le-vortex\/loeuf-le-vortex-colonnaire-a-lidentique-dune-trombe-marine\/"},"modified":"2022-11-28T13:53:55","modified_gmt":"2022-11-28T13:53:55","slug":"egg-vortex-columna-identica-al-mar-marino","status":"publish","type":"page","link":"https:\/\/biodynamizer.com\/es\/agua\/vortice\/egg-vortex-columna-identica-al-mar-marino\/","title":{"rendered":"El huevo: el v\u00f3rtice columnar como una tromba de agua"},"content":{"rendered":"<section class=\"l-section wpb_row us_custom_916fdabd height_small\"><div class=\"l-section-h i-cf\"><div class=\"g-cols vc_row via_flex valign_top type_default stacking_default\"><div class=\"vc_col-sm-12 wpb_column vc_column_container\"><div class=\"vc_column-inner\"><div class=\"wpb_wrapper\"><nav class=\"g-breadcrumbs separator_custom align_none\" itemscope itemtype=\"http:\/\/schema.org\/BreadcrumbList\"><div class=\"g-breadcrumbs-item\" itemscope itemprop=\"itemListElement\" itemtype=\"http:\/\/schema.org\/ListItem\"><a itemprop=\"item\" href=\"https:\/\/biodynamizer.com\/es\/\"><span itemprop=\"name\">Inicio<\/span><\/a><meta itemprop=\"position\" content=\"1\"\/><\/div><div class=\"g-breadcrumbs-separator\">\/<\/div><div class=\"g-breadcrumbs-item\">P\u00e1ginas<\/div><\/nav><\/div><\/div><\/div><\/div><\/div><\/section><section class=\"l-section wpb_row fullheader height_huge with_img\"><div class=\"l-section-img\" role=\"img\" aria-label=\"Trombe marine\" data-img-width=\"479\" data-img-height=\"359\" style=\"background-image: url(https:\/\/biodynamizer.com\/wp-content\/uploads\/2019\/11\/GettyImages-1029369210.jpg);background-repeat: no-repeat;\"><\/div><div class=\"l-section-h i-cf\"><div class=\"g-cols vc_row via_flex valign_top type_default stacking_default\"><div class=\"vc_col-sm-12 wpb_column vc_column_container has_text_color\"><div class=\"vc_column-inner us_custom_6df4bc3a\"><div class=\"wpb_wrapper\"><div class=\"wpb_text_column\"><div class=\"wpb_wrapper\"><h3>El huevo: el v\u00f3rtice columnar como una tromba de agua<\/h3>\n<\/div><\/div><\/div><\/div><\/div><\/div><\/div><\/section><section class=\"l-section wpb_row max500 height_large\"><div class=\"l-section-h i-cf\"><div class=\"g-cols vc_row via_flex valign_top type_default stacking_default\"><div class=\"vc_col-sm-6 wpb_column vc_column_container\"><div class=\"vc_column-inner\"><div class=\"wpb_wrapper\"><div class=\"w-image align_center\"><div class=\"w-image-h\"><img decoding=\"async\" width=\"1024\" height=\"856\" src=\"https:\/\/biodynamizer.com\/wp-content\/uploads\/2022\/11\/zoom-4-1024x856.jpg\" class=\"attachment-large size-large\" alt=\"Zoom sur le biodynamizer\" loading=\"lazy\" srcset=\"https:\/\/biodynamizer.com\/wp-content\/uploads\/2022\/11\/zoom-4-1024x856.jpg 1024w, https:\/\/biodynamizer.com\/wp-content\/uploads\/2022\/11\/zoom-4-300x251.jpg 300w\" sizes=\"auto, (max-width: 1024px) 100vw, 1024px\" \/><\/div><\/div><\/div><\/div><\/div><div class=\"vc_col-sm-6 wpb_column vc_column_container\"><div class=\"vc_column-inner\"><div class=\"wpb_wrapper\"><div class=\"w-image align_center\"><div class=\"w-image-h\"><img decoding=\"async\" width=\"385\" height=\"610\" src=\"https:\/\/biodynamizer.com\/wp-content\/uploads\/2020\/01\/oeuf3.png\" class=\"attachment-large size-large\" alt=\"\" loading=\"lazy\" srcset=\"https:\/\/biodynamizer.com\/wp-content\/uploads\/2020\/01\/oeuf3.png 385w, https:\/\/biodynamizer.com\/wp-content\/uploads\/2020\/01\/oeuf3-189x300.png 189w\" sizes=\"auto, (max-width: 385px) 100vw, 385px\" \/><\/div><\/div><\/div><\/div><\/div><\/div><\/div><\/section><section class=\"l-section wpb_row height_auto\"><div class=\"l-section-h i-cf\"><div class=\"g-cols vc_row via_flex valign_top type_default stacking_default\"><div class=\"vc_col-sm-12 wpb_column vc_column_container\"><div class=\"vc_column-inner\"><div class=\"wpb_wrapper\"><div class=\"w-video align_center ratio_21x9 has_iframe\"><div class=\"w-video-h\"><iframe title=\"Youtube video player\" src=\"\/\/www.youtube.com\/embed\/VVBA-THrAwo?autoplay=0&controls=1&origin=https:\/\/biodynamizer.com\/es\/&loop=0&mute=0\" allowfullscreen=\"1\" loading=\"lazy\"><\/iframe><\/div><\/div><div class=\"wpb_text_column\"><div class=\"wpb_wrapper\"><p style=\"text-align: center;\">El v\u00f3rtice columnar en el prototipo de resina transparente del Biodynamizer\u00ae.<\/p>\n<\/div><\/div><\/div><\/div><\/div><\/div><\/div><\/section><section class=\"l-section wpb_row height_medium\"><div class=\"l-section-h i-cf\"><div class=\"g-cols vc_row via_flex valign_top type_default stacking_default\"><div class=\"vc_col-sm-12 wpb_column vc_column_container\"><div class=\"vc_column-inner\"><div class=\"wpb_wrapper\"><div class=\"wpb_text_column\"><div class=\"wpb_wrapper\"><p><strong>V\u00f3rtice columnar de flujo libre:<\/strong><\/p>\n<ul>\n<li>El remolino del agua se acelera al extremo dentro del huevo. El agua gira alrededor de su propio eje y su velocidad aumenta exponencialmente hasta alcanzar el cl\u00edmax cuando el huevo se llena de agua (que es permanente en el Biodynamizer \u00ae). En este punto, el agua se arremolina en flujo libre con una intensidad muy alta en el centro del huevo. La energ\u00eda cin\u00e9tica est\u00e1 en su punto \u00e1lgido y se manifiesta en miles de v\u00f3rtices que se prolongan m\u00e1s all\u00e1 del Biodinamizador hasta las tuber\u00edas sanitarias. Tambi\u00e9n existe una fuerte interacci\u00f3n y amplificaci\u00f3n de la energ\u00eda entre el campo magn\u00e9tico toroidal emitido por el im\u00e1n anular dorado que se desliza alrededor del embudo y el v\u00f3rtice columnar.<\/li>\n<li>El v\u00f3rtice columnar es un fen\u00f3meno de depresi\u00f3n del aire que hace que el aire contenido en el agua de la ciudad entre dentro del v\u00f3rtice por succi\u00f3n. Esto crea un fen\u00f3meno de cavitaci\u00f3n = vapor de agua donde las mol\u00e9culas de H2O est\u00e1n en fase gaseosa (como en las nubes) =&gt; las mol\u00e9culas de agua est\u00e1n m\u00e1s espaciadas hay poca presi\u00f3n dentro del v\u00f3rtice columnar y una alta presi\u00f3n fuera del v\u00f3rtice.<\/li>\n<\/ul>\n<\/div><\/div><\/div><\/div><\/div><\/div><\/div><\/section>\n","protected":false},"excerpt":{"rendered":"Inicio\/P\u00e1ginasEl huevo: el v\u00f3rtice columnar como una tromba de agua El v\u00f3rtice columnar en el prototipo de resina transparente del Biodynamizer\u00ae. V\u00f3rtice columnar de flujo libre: El remolino del agua se acelera al extremo dentro del huevo. El agua gira alrededor de su propio eje y su velocidad aumenta exponencialmente hasta alcanzar el cl\u00edmax cuando...","protected":false},"author":3,"featured_media":0,"parent":5879,"menu_order":4,"comment_status":"closed","ping_status":"closed","template":"","meta":{"_monsterinsights_skip_tracking":false,"_monsterinsights_sitenote_active":false,"_monsterinsights_sitenote_note":"","_monsterinsights_sitenote_category":0,"footnotes":""},"class_list":["post-6477","page","type-page","status-publish","hentry"],"yoast_head":"<!-- This site is optimized with the Yoast SEO plugin v27.3 - https:\/\/yoast.com\/product\/yoast-seo-wordpress\/ -->\n<title>El huevo: el v\u00f3rtice columnar como una tromba de agua - Biodynamizer<\/title>\n<meta name=\"description\" content=\"Biodynamizer - El huevo: el v\u00f3rtice columnar como una tromba de agua - En savoir plus sur le biodynamizer et le biofiltre\" \/>\n<meta name=\"robots\" content=\"index, follow, max-snippet:-1, max-image-preview:large, max-video-preview:-1\" \/>\n<link rel=\"canonical\" href=\"https:\/\/biodynamizer.com\/es\/agua\/vortice\/egg-vortex-columna-identica-al-mar-marino\/\" \/>\n<meta property=\"og:locale\" content=\"es_ES\" \/>\n<meta property=\"og:type\" content=\"article\" \/>\n<meta property=\"og:title\" content=\"El huevo: el v\u00f3rtice columnar como una tromba de agua - Biodynamizer\" \/>\n<meta property=\"og:description\" content=\"Biodynamizer - El huevo: el v\u00f3rtice columnar como una tromba de agua - En savoir plus sur le biodynamizer et le biofiltre\" \/>\n<meta property=\"og:url\" content=\"https:\/\/biodynamizer.com\/es\/agua\/vortice\/egg-vortex-columna-identica-al-mar-marino\/\" \/>\n<meta property=\"og:site_name\" content=\"Biodynamizer\" \/>\n<meta property=\"article:modified_time\" content=\"2022-11-28T13:53:55+00:00\" \/>\n<meta property=\"og:image\" content=\"https:\/\/biodynamizer.com\/wp-content\/uploads\/2019\/11\/Depositphotos_15742931_xl-2015.jpg\" \/>\n\t<meta property=\"og:image:width\" content=\"2000\" \/>\n\t<meta property=\"og:image:height\" content=\"1333\" \/>\n\t<meta property=\"og:image:type\" content=\"image\/jpeg\" \/>\n<meta name=\"twitter:card\" content=\"summary_large_image\" \/>\n<meta name=\"twitter:label1\" content=\"Tiempo de lectura\" \/>\n\t<meta name=\"twitter:data1\" content=\"2 minutos\" \/>\n<script type=\"application\/ld+json\" class=\"yoast-schema-graph\">{\"@context\":\"https:\\\/\\\/schema.org\",\"@graph\":[{\"@type\":\"WebPage\",\"@id\":\"https:\\\/\\\/biodynamizer.com\\\/es\\\/agua\\\/vortice\\\/egg-vortex-columna-identica-al-mar-marino\\\/\",\"url\":\"https:\\\/\\\/biodynamizer.com\\\/es\\\/agua\\\/vortice\\\/egg-vortex-columna-identica-al-mar-marino\\\/\",\"name\":\"El huevo: el v\u00f3rtice columnar como una tromba de agua - Biodynamizer\",\"isPartOf\":{\"@id\":\"https:\\\/\\\/biodynamizer.com\\\/es\\\/#website\"},\"datePublished\":\"2020-01-24T08:32:10+00:00\",\"dateModified\":\"2022-11-28T13:53:55+00:00\",\"description\":\"Biodynamizer - El huevo: el v\u00f3rtice columnar como una tromba de agua - En savoir plus sur le biodynamizer et le biofiltre\",\"breadcrumb\":{\"@id\":\"https:\\\/\\\/biodynamizer.com\\\/es\\\/agua\\\/vortice\\\/egg-vortex-columna-identica-al-mar-marino\\\/#breadcrumb\"},\"inLanguage\":\"es\",\"potentialAction\":[{\"@type\":\"ReadAction\",\"target\":[\"https:\\\/\\\/biodynamizer.com\\\/es\\\/agua\\\/vortice\\\/egg-vortex-columna-identica-al-mar-marino\\\/\"]}]},{\"@type\":\"BreadcrumbList\",\"@id\":\"https:\\\/\\\/biodynamizer.com\\\/es\\\/agua\\\/vortice\\\/egg-vortex-columna-identica-al-mar-marino\\\/#breadcrumb\",\"itemListElement\":[{\"@type\":\"ListItem\",\"position\":1,\"name\":\"Home\",\"item\":\"https:\\\/\\\/biodynamizer.com\\\/es\\\/\"},{\"@type\":\"ListItem\",\"position\":2,\"name\":\"Agua\",\"item\":\"https:\\\/\\\/biodynamizer.com\\\/es\\\/agua\\\/\"},{\"@type\":\"ListItem\",\"position\":3,\"name\":\"El V\u00f3rtice\",\"item\":\"https:\\\/\\\/biodynamizer.com\\\/es\\\/agua\\\/vortice\\\/\"},{\"@type\":\"ListItem\",\"position\":4,\"name\":\"El huevo: el v\u00f3rtice columnar como una tromba de agua\"}]},{\"@type\":\"WebSite\",\"@id\":\"https:\\\/\\\/biodynamizer.com\\\/es\\\/#website\",\"url\":\"https:\\\/\\\/biodynamizer.com\\\/es\\\/\",\"name\":\"Biodynamizer\",\"description\":\"Filtrez et dynamisez votre eau\",\"potentialAction\":[{\"@type\":\"SearchAction\",\"target\":{\"@type\":\"EntryPoint\",\"urlTemplate\":\"https:\\\/\\\/biodynamizer.com\\\/es\\\/?s={search_term_string}\"},\"query-input\":{\"@type\":\"PropertyValueSpecification\",\"valueRequired\":true,\"valueName\":\"search_term_string\"}}],\"inLanguage\":\"es\"}]}<\/script>\n<!-- \/ Yoast SEO plugin. -->","yoast_head_json":{"title":"El huevo: el v\u00f3rtice columnar como una tromba de agua - Biodynamizer","description":"Biodynamizer - El huevo: el v\u00f3rtice columnar como una tromba de agua - En savoir plus sur le biodynamizer et le biofiltre","robots":{"index":"index","follow":"follow","max-snippet":"max-snippet:-1","max-image-preview":"max-image-preview:large","max-video-preview":"max-video-preview:-1"},"canonical":"https:\/\/biodynamizer.com\/es\/agua\/vortice\/egg-vortex-columna-identica-al-mar-marino\/","og_locale":"es_ES","og_type":"article","og_title":"El huevo: el v\u00f3rtice columnar como una tromba de agua - Biodynamizer","og_description":"Biodynamizer - El huevo: el v\u00f3rtice columnar como una tromba de agua - En savoir plus sur le biodynamizer et le biofiltre","og_url":"https:\/\/biodynamizer.com\/es\/agua\/vortice\/egg-vortex-columna-identica-al-mar-marino\/","og_site_name":"Biodynamizer","article_modified_time":"2022-11-28T13:53:55+00:00","og_image":[{"width":2000,"height":1333,"url":"https:\/\/biodynamizer.com\/wp-content\/uploads\/2019\/11\/Depositphotos_15742931_xl-2015.jpg","type":"image\/jpeg"}],"twitter_card":"summary_large_image","twitter_misc":{"Tiempo de lectura":"2 minutos"},"schema":{"@context":"https:\/\/schema.org","@graph":[{"@type":"WebPage","@id":"https:\/\/biodynamizer.com\/es\/agua\/vortice\/egg-vortex-columna-identica-al-mar-marino\/","url":"https:\/\/biodynamizer.com\/es\/agua\/vortice\/egg-vortex-columna-identica-al-mar-marino\/","name":"El huevo: el v\u00f3rtice columnar como una tromba de agua - Biodynamizer","isPartOf":{"@id":"https:\/\/biodynamizer.com\/es\/#website"},"datePublished":"2020-01-24T08:32:10+00:00","dateModified":"2022-11-28T13:53:55+00:00","description":"Biodynamizer - El huevo: el v\u00f3rtice columnar como una tromba de agua - En savoir plus sur le biodynamizer et le biofiltre","breadcrumb":{"@id":"https:\/\/biodynamizer.com\/es\/agua\/vortice\/egg-vortex-columna-identica-al-mar-marino\/#breadcrumb"},"inLanguage":"es","potentialAction":[{"@type":"ReadAction","target":["https:\/\/biodynamizer.com\/es\/agua\/vortice\/egg-vortex-columna-identica-al-mar-marino\/"]}]},{"@type":"BreadcrumbList","@id":"https:\/\/biodynamizer.com\/es\/agua\/vortice\/egg-vortex-columna-identica-al-mar-marino\/#breadcrumb","itemListElement":[{"@type":"ListItem","position":1,"name":"Home","item":"https:\/\/biodynamizer.com\/es\/"},{"@type":"ListItem","position":2,"name":"Agua","item":"https:\/\/biodynamizer.com\/es\/agua\/"},{"@type":"ListItem","position":3,"name":"El V\u00f3rtice","item":"https:\/\/biodynamizer.com\/es\/agua\/vortice\/"},{"@type":"ListItem","position":4,"name":"El huevo: el v\u00f3rtice columnar como una tromba de agua"}]},{"@type":"WebSite","@id":"https:\/\/biodynamizer.com\/es\/#website","url":"https:\/\/biodynamizer.com\/es\/","name":"Biodynamizer","description":"Filtrez et dynamisez votre eau","potentialAction":[{"@type":"SearchAction","target":{"@type":"EntryPoint","urlTemplate":"https:\/\/biodynamizer.com\/es\/?s={search_term_string}"},"query-input":{"@type":"PropertyValueSpecification","valueRequired":true,"valueName":"search_term_string"}}],"inLanguage":"es"}]}},"_links":{"self":[{"href":"https:\/\/biodynamizer.com\/es\/wp-json\/wp\/v2\/pages\/6477","targetHints":{"allow":["GET"]}}],"collection":[{"href":"https:\/\/biodynamizer.com\/es\/wp-json\/wp\/v2\/pages"}],"about":[{"href":"https:\/\/biodynamizer.com\/es\/wp-json\/wp\/v2\/types\/page"}],"author":[{"embeddable":true,"href":"https:\/\/biodynamizer.com\/es\/wp-json\/wp\/v2\/users\/3"}],"replies":[{"embeddable":true,"href":"https:\/\/biodynamizer.com\/es\/wp-json\/wp\/v2\/comments?post=6477"}],"version-history":[{"count":6,"href":"https:\/\/biodynamizer.com\/es\/wp-json\/wp\/v2\/pages\/6477\/revisions"}],"predecessor-version":[{"id":17957,"href":"https:\/\/biodynamizer.com\/es\/wp-json\/wp\/v2\/pages\/6477\/revisions\/17957"}],"up":[{"embeddable":true,"href":"https:\/\/biodynamizer.com\/es\/wp-json\/wp\/v2\/pages\/5879"}],"wp:attachment":[{"href":"https:\/\/biodynamizer.com\/es\/wp-json\/wp\/v2\/media?parent=6477"}],"curies":[{"name":"wp","href":"https:\/\/api.w.org\/{rel}","templated":true}]}}