{"id":6509,"date":"2020-01-22T14:34:59","date_gmt":"2020-01-22T14:34:59","guid":{"rendered":"https:\/\/biodynamizer.spleen-creation.be\/leau\/le-vortex\/les-vortex-dans-le-biodynamizer-le-vortex-centripete-de-la-turitelle\/"},"modified":"2022-11-28T13:29:18","modified_gmt":"2022-11-28T13:29:18","slug":"vortice-en-biodynamizer-vortice-centricidad","status":"publish","type":"page","link":"https:\/\/biodynamizer.com\/es\/agua\/vortice\/vortice-en-biodynamizer-vortice-centricidad\/","title":{"rendered":"V\u00f3rtices en el Biodynamizer: el v\u00f3rtice centr\u00edpeto del TURITELLE"},"content":{"rendered":"<section class=\"l-section wpb_row us_custom_916fdabd height_small\"><div class=\"l-section-h i-cf\"><div class=\"g-cols vc_row via_flex valign_top type_default stacking_default\"><div class=\"vc_col-sm-12 wpb_column vc_column_container\"><div class=\"vc_column-inner\"><div class=\"wpb_wrapper\"><nav class=\"g-breadcrumbs separator_custom align_none\" itemscope itemtype=\"http:\/\/schema.org\/BreadcrumbList\"><div class=\"g-breadcrumbs-item\" itemscope itemprop=\"itemListElement\" itemtype=\"http:\/\/schema.org\/ListItem\"><a itemprop=\"item\" href=\"https:\/\/biodynamizer.com\/es\/\"><span itemprop=\"name\">Inicio<\/span><\/a><meta itemprop=\"position\" content=\"1\"\/><\/div><div class=\"g-breadcrumbs-separator\">\/<\/div><div class=\"g-breadcrumbs-item\">P\u00e1ginas<\/div><\/nav><\/div><\/div><\/div><\/div><\/div><\/section><section class=\"l-section wpb_row fullheader height_huge with_img\"><div class=\"l-section-img\" role=\"img\" aria-label=\"water vortex\" data-img-width=\"1519\" data-img-height=\"371\" style=\"background-image: url(https:\/\/biodynamizer.com\/wp-content\/uploads\/2020\/03\/New-Project-5.jpg);background-repeat: no-repeat;\"><\/div><div class=\"l-section-h i-cf\"><div class=\"g-cols vc_row via_flex valign_top type_default stacking_default\"><div class=\"vc_col-sm-12 wpb_column vc_column_container has_text_color\"><div class=\"vc_column-inner us_custom_6df4bc3a\"><div class=\"wpb_wrapper\"><div class=\"wpb_text_column\"><div class=\"wpb_wrapper\"><h3>V\u00f3rtices en el Biodynamizer: el v\u00f3rtice centr\u00edpeto del TURITELLE<\/h3>\n<\/div><\/div><\/div><\/div><\/div><\/div><\/div><\/section><section class=\"l-section wpb_row max500 height_large\"><div class=\"l-section-h i-cf\"><div class=\"g-cols vc_row via_flex valign_top type_default stacking_default\"><div class=\"vc_col-sm-6 wpb_column vc_column_container\"><div class=\"vc_column-inner\"><div class=\"wpb_wrapper\"><div class=\"w-image align_center\"><div class=\"w-image-h\"><img decoding=\"async\" width=\"478\" height=\"1024\" src=\"https:\/\/biodynamizer.com\/wp-content\/uploads\/2022\/11\/zoom-2-478x1024.jpg\" class=\"attachment-large size-large\" alt=\"Zoom sur le biodynamizer\" loading=\"lazy\" srcset=\"https:\/\/biodynamizer.com\/wp-content\/uploads\/2022\/11\/zoom-2-478x1024.jpg 478w, https:\/\/biodynamizer.com\/wp-content\/uploads\/2022\/11\/zoom-2-140x300.jpg 140w, https:\/\/biodynamizer.com\/wp-content\/uploads\/2022\/11\/zoom-2-scaled.jpg 1195w\" sizes=\"auto, (max-width: 478px) 100vw, 478px\" \/><\/div><\/div><\/div><\/div><\/div><div class=\"vc_col-sm-6 wpb_column vc_column_container\"><div class=\"vc_column-inner\"><div class=\"wpb_wrapper\"><div class=\"w-image align_center\"><div class=\"w-image-h\"><img decoding=\"async\" width=\"1024\" height=\"1024\" src=\"https:\/\/biodynamizer.com\/wp-content\/uploads\/2022\/11\/biodynamizer-vortex_tuyeau-1024x1024.png\" class=\"attachment-large size-large\" alt=\"vortex du biodynamizer\" loading=\"lazy\" srcset=\"https:\/\/biodynamizer.com\/wp-content\/uploads\/2022\/11\/biodynamizer-vortex_tuyeau-1024x1024.png 1024w, https:\/\/biodynamizer.com\/wp-content\/uploads\/2022\/11\/biodynamizer-vortex_tuyeau-300x300.png 300w, https:\/\/biodynamizer.com\/wp-content\/uploads\/2022\/11\/biodynamizer-vortex_tuyeau-150x150.png 150w, https:\/\/biodynamizer.com\/wp-content\/uploads\/2022\/11\/biodynamizer-vortex_tuyeau-600x600.png 600w, https:\/\/biodynamizer.com\/wp-content\/uploads\/2022\/11\/biodynamizer-vortex_tuyeau-350x350.png 350w, https:\/\/biodynamizer.com\/wp-content\/uploads\/2022\/11\/biodynamizer-vortex_tuyeau-400x400.png 400w, https:\/\/biodynamizer.com\/wp-content\/uploads\/2022\/11\/biodynamizer-vortex_tuyeau-200x200.png 200w\" sizes=\"auto, (max-width: 1024px) 100vw, 1024px\" \/><\/div><\/div><\/div><\/div><\/div><\/div><\/div><\/section><section class=\"l-section wpb_row max500 height_large\"><div class=\"l-section-h i-cf\"><div class=\"g-cols vc_row via_flex valign_top type_default stacking_default\"><div class=\"vc_col-sm-6 wpb_column vc_column_container\"><div class=\"vc_column-inner\"><div class=\"wpb_wrapper\"><div class=\"w-image align_center\"><div class=\"w-image-h\"><img decoding=\"async\" width=\"348\" height=\"442\" src=\"https:\/\/biodynamizer.com\/wp-content\/uploads\/2020\/03\/New-Project-3.jpg\" class=\"attachment-large size-large\" alt=\"\" loading=\"lazy\" srcset=\"https:\/\/biodynamizer.com\/wp-content\/uploads\/2020\/03\/New-Project-3.jpg 348w, https:\/\/biodynamizer.com\/wp-content\/uploads\/2020\/03\/New-Project-3-236x300.jpg 236w\" sizes=\"auto, (max-width: 348px) 100vw, 348px\" \/><\/div><\/div><\/div><\/div><\/div><div class=\"vc_col-sm-6 wpb_column vc_column_container\"><div class=\"vc_column-inner\"><div class=\"wpb_wrapper\"><div class=\"w-image align_center\"><div class=\"w-image-h\"><img decoding=\"async\" width=\"806\" height=\"1024\" src=\"https:\/\/biodynamizer.com\/wp-content\/uploads\/2022\/11\/Vortex-Centripete-pur-806x1024.png\" class=\"attachment-large size-large\" alt=\"Vortex d&#039;eau\" loading=\"lazy\" srcset=\"https:\/\/biodynamizer.com\/wp-content\/uploads\/2022\/11\/Vortex-Centripete-pur-806x1024.png 806w, https:\/\/biodynamizer.com\/wp-content\/uploads\/2022\/11\/Vortex-Centripete-pur-236x300.png 236w, https:\/\/biodynamizer.com\/wp-content\/uploads\/2022\/11\/Vortex-Centripete-pur.png 1948w\" sizes=\"auto, (max-width: 806px) 100vw, 806px\" \/><\/div><\/div><\/div><\/div><\/div><\/div><\/div><\/section>\n","protected":false},"excerpt":{"rendered":"Inicio\/P\u00e1ginasV\u00f3rtices en el Biodynamizer: el v\u00f3rtice centr\u00edpeto del TURITELLE","protected":false},"author":3,"featured_media":0,"parent":5879,"menu_order":0,"comment_status":"closed","ping_status":"closed","template":"","meta":{"_monsterinsights_skip_tracking":false,"_monsterinsights_sitenote_active":false,"_monsterinsights_sitenote_note":"","_monsterinsights_sitenote_category":0,"footnotes":""},"class_list":["post-6509","page","type-page","status-publish","hentry"],"yoast_head":"<!-- This site is optimized with the Yoast SEO plugin v27.3 - https:\/\/yoast.com\/product\/yoast-seo-wordpress\/ -->\n<title>V\u00f3rtices en el Biodynamizer: el v\u00f3rtice centr\u00edpeto del TURITELLE - Biodynamizer<\/title>\n<meta name=\"description\" content=\"Biodynamizer - V\u00f3rtices en el Biodynamizer: el v\u00f3rtice centr\u00edpeto del TURITELLE - En savoir plus sur le biodynamizer et le biofiltre\" \/>\n<meta name=\"robots\" content=\"index, follow, max-snippet:-1, max-image-preview:large, max-video-preview:-1\" \/>\n<link rel=\"canonical\" href=\"https:\/\/biodynamizer.com\/es\/agua\/vortice\/vortice-en-biodynamizer-vortice-centricidad\/\" \/>\n<meta property=\"og:locale\" content=\"es_ES\" \/>\n<meta property=\"og:type\" content=\"article\" \/>\n<meta property=\"og:title\" content=\"V\u00f3rtices en el Biodynamizer: el v\u00f3rtice centr\u00edpeto del TURITELLE - Biodynamizer\" \/>\n<meta property=\"og:description\" content=\"Biodynamizer - V\u00f3rtices en el Biodynamizer: el v\u00f3rtice centr\u00edpeto del TURITELLE - En savoir plus sur le biodynamizer et le biofiltre\" \/>\n<meta property=\"og:url\" content=\"https:\/\/biodynamizer.com\/es\/agua\/vortice\/vortice-en-biodynamizer-vortice-centricidad\/\" \/>\n<meta property=\"og:site_name\" content=\"Biodynamizer\" \/>\n<meta property=\"article:modified_time\" content=\"2022-11-28T13:29:18+00:00\" \/>\n<meta property=\"og:image\" content=\"https:\/\/biodynamizer.com\/wp-content\/uploads\/2019\/11\/Depositphotos_15742931_xl-2015.jpg\" \/>\n\t<meta property=\"og:image:width\" content=\"2000\" \/>\n\t<meta property=\"og:image:height\" content=\"1333\" \/>\n\t<meta property=\"og:image:type\" content=\"image\/jpeg\" \/>\n<meta name=\"twitter:card\" content=\"summary_large_image\" \/>\n<meta name=\"twitter:label1\" content=\"Tiempo de lectura\" \/>\n\t<meta name=\"twitter:data1\" content=\"1 minuto\" \/>\n<script type=\"application\/ld+json\" class=\"yoast-schema-graph\">{\"@context\":\"https:\\\/\\\/schema.org\",\"@graph\":[{\"@type\":\"WebPage\",\"@id\":\"https:\\\/\\\/biodynamizer.com\\\/es\\\/agua\\\/vortice\\\/vortice-en-biodynamizer-vortice-centricidad\\\/\",\"url\":\"https:\\\/\\\/biodynamizer.com\\\/es\\\/agua\\\/vortice\\\/vortice-en-biodynamizer-vortice-centricidad\\\/\",\"name\":\"V\u00f3rtices en el Biodynamizer: el v\u00f3rtice centr\u00edpeto del TURITELLE - Biodynamizer\",\"isPartOf\":{\"@id\":\"https:\\\/\\\/biodynamizer.com\\\/es\\\/#website\"},\"datePublished\":\"2020-01-22T14:34:59+00:00\",\"dateModified\":\"2022-11-28T13:29:18+00:00\",\"description\":\"Biodynamizer - V\u00f3rtices en el Biodynamizer: el v\u00f3rtice centr\u00edpeto del TURITELLE - En savoir plus sur le biodynamizer et le biofiltre\",\"breadcrumb\":{\"@id\":\"https:\\\/\\\/biodynamizer.com\\\/es\\\/agua\\\/vortice\\\/vortice-en-biodynamizer-vortice-centricidad\\\/#breadcrumb\"},\"inLanguage\":\"es\",\"potentialAction\":[{\"@type\":\"ReadAction\",\"target\":[\"https:\\\/\\\/biodynamizer.com\\\/es\\\/agua\\\/vortice\\\/vortice-en-biodynamizer-vortice-centricidad\\\/\"]}]},{\"@type\":\"BreadcrumbList\",\"@id\":\"https:\\\/\\\/biodynamizer.com\\\/es\\\/agua\\\/vortice\\\/vortice-en-biodynamizer-vortice-centricidad\\\/#breadcrumb\",\"itemListElement\":[{\"@type\":\"ListItem\",\"position\":1,\"name\":\"Home\",\"item\":\"https:\\\/\\\/biodynamizer.com\\\/es\\\/\"},{\"@type\":\"ListItem\",\"position\":2,\"name\":\"Agua\",\"item\":\"https:\\\/\\\/biodynamizer.com\\\/es\\\/agua\\\/\"},{\"@type\":\"ListItem\",\"position\":3,\"name\":\"El V\u00f3rtice\",\"item\":\"https:\\\/\\\/biodynamizer.com\\\/es\\\/agua\\\/vortice\\\/\"},{\"@type\":\"ListItem\",\"position\":4,\"name\":\"V\u00f3rtices en el Biodynamizer: el v\u00f3rtice centr\u00edpeto del TURITELLE\"}]},{\"@type\":\"WebSite\",\"@id\":\"https:\\\/\\\/biodynamizer.com\\\/es\\\/#website\",\"url\":\"https:\\\/\\\/biodynamizer.com\\\/es\\\/\",\"name\":\"Biodynamizer\",\"description\":\"Filtrez et dynamisez votre eau\",\"potentialAction\":[{\"@type\":\"SearchAction\",\"target\":{\"@type\":\"EntryPoint\",\"urlTemplate\":\"https:\\\/\\\/biodynamizer.com\\\/es\\\/?s={search_term_string}\"},\"query-input\":{\"@type\":\"PropertyValueSpecification\",\"valueRequired\":true,\"valueName\":\"search_term_string\"}}],\"inLanguage\":\"es\"}]}<\/script>\n<!-- \/ Yoast SEO plugin. -->","yoast_head_json":{"title":"V\u00f3rtices en el Biodynamizer: el v\u00f3rtice centr\u00edpeto del TURITELLE - Biodynamizer","description":"Biodynamizer - V\u00f3rtices en el Biodynamizer: el v\u00f3rtice centr\u00edpeto del TURITELLE - En savoir plus sur le biodynamizer et le biofiltre","robots":{"index":"index","follow":"follow","max-snippet":"max-snippet:-1","max-image-preview":"max-image-preview:large","max-video-preview":"max-video-preview:-1"},"canonical":"https:\/\/biodynamizer.com\/es\/agua\/vortice\/vortice-en-biodynamizer-vortice-centricidad\/","og_locale":"es_ES","og_type":"article","og_title":"V\u00f3rtices en el Biodynamizer: el v\u00f3rtice centr\u00edpeto del TURITELLE - Biodynamizer","og_description":"Biodynamizer - V\u00f3rtices en el Biodynamizer: el v\u00f3rtice centr\u00edpeto del TURITELLE - En savoir plus sur le biodynamizer et le biofiltre","og_url":"https:\/\/biodynamizer.com\/es\/agua\/vortice\/vortice-en-biodynamizer-vortice-centricidad\/","og_site_name":"Biodynamizer","article_modified_time":"2022-11-28T13:29:18+00:00","og_image":[{"width":2000,"height":1333,"url":"https:\/\/biodynamizer.com\/wp-content\/uploads\/2019\/11\/Depositphotos_15742931_xl-2015.jpg","type":"image\/jpeg"}],"twitter_card":"summary_large_image","twitter_misc":{"Tiempo de lectura":"1 minuto"},"schema":{"@context":"https:\/\/schema.org","@graph":[{"@type":"WebPage","@id":"https:\/\/biodynamizer.com\/es\/agua\/vortice\/vortice-en-biodynamizer-vortice-centricidad\/","url":"https:\/\/biodynamizer.com\/es\/agua\/vortice\/vortice-en-biodynamizer-vortice-centricidad\/","name":"V\u00f3rtices en el Biodynamizer: el v\u00f3rtice centr\u00edpeto del TURITELLE - Biodynamizer","isPartOf":{"@id":"https:\/\/biodynamizer.com\/es\/#website"},"datePublished":"2020-01-22T14:34:59+00:00","dateModified":"2022-11-28T13:29:18+00:00","description":"Biodynamizer - V\u00f3rtices en el Biodynamizer: el v\u00f3rtice centr\u00edpeto del TURITELLE - En savoir plus sur le biodynamizer et le biofiltre","breadcrumb":{"@id":"https:\/\/biodynamizer.com\/es\/agua\/vortice\/vortice-en-biodynamizer-vortice-centricidad\/#breadcrumb"},"inLanguage":"es","potentialAction":[{"@type":"ReadAction","target":["https:\/\/biodynamizer.com\/es\/agua\/vortice\/vortice-en-biodynamizer-vortice-centricidad\/"]}]},{"@type":"BreadcrumbList","@id":"https:\/\/biodynamizer.com\/es\/agua\/vortice\/vortice-en-biodynamizer-vortice-centricidad\/#breadcrumb","itemListElement":[{"@type":"ListItem","position":1,"name":"Home","item":"https:\/\/biodynamizer.com\/es\/"},{"@type":"ListItem","position":2,"name":"Agua","item":"https:\/\/biodynamizer.com\/es\/agua\/"},{"@type":"ListItem","position":3,"name":"El V\u00f3rtice","item":"https:\/\/biodynamizer.com\/es\/agua\/vortice\/"},{"@type":"ListItem","position":4,"name":"V\u00f3rtices en el Biodynamizer: el v\u00f3rtice centr\u00edpeto del TURITELLE"}]},{"@type":"WebSite","@id":"https:\/\/biodynamizer.com\/es\/#website","url":"https:\/\/biodynamizer.com\/es\/","name":"Biodynamizer","description":"Filtrez et dynamisez votre eau","potentialAction":[{"@type":"SearchAction","target":{"@type":"EntryPoint","urlTemplate":"https:\/\/biodynamizer.com\/es\/?s={search_term_string}"},"query-input":{"@type":"PropertyValueSpecification","valueRequired":true,"valueName":"search_term_string"}}],"inLanguage":"es"}]}},"_links":{"self":[{"href":"https:\/\/biodynamizer.com\/es\/wp-json\/wp\/v2\/pages\/6509","targetHints":{"allow":["GET"]}}],"collection":[{"href":"https:\/\/biodynamizer.com\/es\/wp-json\/wp\/v2\/pages"}],"about":[{"href":"https:\/\/biodynamizer.com\/es\/wp-json\/wp\/v2\/types\/page"}],"author":[{"embeddable":true,"href":"https:\/\/biodynamizer.com\/es\/wp-json\/wp\/v2\/users\/3"}],"replies":[{"embeddable":true,"href":"https:\/\/biodynamizer.com\/es\/wp-json\/wp\/v2\/comments?post=6509"}],"version-history":[{"count":5,"href":"https:\/\/biodynamizer.com\/es\/wp-json\/wp\/v2\/pages\/6509\/revisions"}],"predecessor-version":[{"id":17934,"href":"https:\/\/biodynamizer.com\/es\/wp-json\/wp\/v2\/pages\/6509\/revisions\/17934"}],"up":[{"embeddable":true,"href":"https:\/\/biodynamizer.com\/es\/wp-json\/wp\/v2\/pages\/5879"}],"wp:attachment":[{"href":"https:\/\/biodynamizer.com\/es\/wp-json\/wp\/v2\/media?parent=6509"}],"curies":[{"name":"wp","href":"https:\/\/api.w.org\/{rel}","templated":true}]}}