{"id":6539,"date":"2020-01-22T14:07:40","date_gmt":"2020-01-22T14:07:40","guid":{"rendered":"https:\/\/biodynamizer.spleen-creation.be\/leau\/composition-moleculaire-de-leau-structure-chimique\/"},"modified":"2025-05-05T07:39:52","modified_gmt":"2025-05-05T07:39:52","slug":"composicion-molecular-agua-estructura-quimica","status":"publish","type":"page","link":"https:\/\/biodynamizer.com\/es\/agua\/composicion-molecular-agua-estructura-quimica\/","title":{"rendered":"Composici\u00f3n molecular del agua = estructura qu\u00edmica"},"content":{"rendered":"<section class=\"l-section wpb_row us_custom_916fdabd height_small\"><div class=\"l-section-h i-cf\"><div class=\"g-cols vc_row via_flex valign_top type_default stacking_default\"><div class=\"vc_col-sm-12 wpb_column vc_column_container\"><div class=\"vc_column-inner\"><div class=\"wpb_wrapper\"><nav class=\"g-breadcrumbs separator_custom align_none\" itemscope itemtype=\"http:\/\/schema.org\/BreadcrumbList\"><div class=\"g-breadcrumbs-item\" itemscope itemprop=\"itemListElement\" itemtype=\"http:\/\/schema.org\/ListItem\"><a itemprop=\"item\" href=\"https:\/\/biodynamizer.com\/es\/\"><span itemprop=\"name\">Inicio<\/span><\/a><meta itemprop=\"position\" content=\"1\"\/><\/div><div class=\"g-breadcrumbs-separator\">\/<\/div><div class=\"g-breadcrumbs-item\">P\u00e1ginas<\/div><\/nav><\/div><\/div><\/div><\/div><\/div><\/section><section class=\"l-section wpb_row height_auto width_full\"><div class=\"l-section-h i-cf\"><div class=\"g-cols vc_row via_flex valign_bottom type_default stacking_default\"><div class=\"vc_col-sm-6 wpb_column vc_column_container imagesideblock has_text_color has_bg_color\"><div class=\"vc_column-inner us_custom_5994dea5\"><div class=\"wpb_wrapper\"><\/div><\/div><\/div><div class=\"vc_col-sm-6 wpb_column vc_column_container tekstsideblock\"><div class=\"vc_column-inner\"><div class=\"wpb_wrapper\"><div class=\"wpb_text_column\"><div class=\"wpb_wrapper\"><h1>Composici\u00f3n molecular del agua = estructura qu\u00edmica<\/h1>\n<h1><\/h1>\n<\/div><\/div><div class=\"wpb_text_column\"><div class=\"wpb_wrapper\"><p>La mol\u00e9cula de H2O (agua) est\u00e1 compuesta por :<\/p>\n<ul>\n<li>\u00c1tomo de ox\u00edgeno \u00abO\u00bb (carga electro-negativa)\n<ul>\n<li>1 N\u00facleo de 8 protones y 8 neutrones (carga el\u00e9ctrica positiva)<\/li>\n<li>8 electrones (carga el\u00e9ctrica negativa) girando sobre s\u00ed mismos y orbitando el \u00e1tomo O (spin) = nube de electrones<\/li>\n<\/ul>\n<\/li>\n<li>\u00a0Los \u00e1tomos de hidr\u00f3geno \u00abH\u00bb (con carga electro-positiva)\n<ul>\n<li>1 prot\u00f3n y 1 n\u00facleo de neutrones (carga el\u00e9ctrica positiva)<\/li>\n<li>1 electr\u00f3n (carga el\u00e9ctrica negativa) girando sobre s\u00ed mismo y orbitando cada \u00e1tomo H (spin) = nube electr\u00f3nica<\/li>\n<\/ul>\n<\/li>\n<\/ul>\n<ul>\n<li style=\"list-style-type: none;\"><\/li>\n<\/ul>\n<\/div><\/div><\/div><\/div><\/div><\/div><\/div><\/section><section class=\"l-section wpb_row height_small\"><div class=\"l-section-h i-cf\"><div class=\"g-cols vc_row via_flex valign_top type_default stacking_default\"><div class=\"vc_col-sm-12 wpb_column vc_column_container\"><div class=\"vc_column-inner\"><div class=\"wpb_wrapper\"><\/div><\/div><\/div><\/div><\/div><\/section><section class=\"l-section wpb_row height_medium\"><div class=\"l-section-h i-cf\"><div class=\"g-cols vc_row via_flex valign_middle type_default reversed stacking_default\"><div class=\"vc_col-sm-6 wpb_column vc_column_container\"><div class=\"vc_column-inner\"><div class=\"wpb_wrapper\"><div class=\"wpb_text_column\"><div class=\"wpb_wrapper\"><p>La mol\u00e9cula de H2O es un dipolo porque hay una diferencia de potencial entre el \u00e1tomo O (carga negativa) y los 2 \u00e1tomos H (carga positiva) que hacen un enlace covalente entre ellos (los 2 n\u00facleos comparten sus electrones). De hecho, la energ\u00eda fluye de un polo a otro y su camino se visualiza en la <u><b><a href=\"https:\/\/biodynamizer.com\/es\/nos-solutions\/le-biodynamizer\/la-restructuration\/\">estructura <\/a><\/b><\/u>del agua. La mol\u00e9cula de agua tambi\u00e9n hace enlaces no covalentes a trav\u00e9s de puentes de hidr\u00f3geno entre las mol\u00e9culas de agua y enlaces moleculares entre el H2O y los minerales, los contaminantes &#8230; .<\/p>\n<p>Mientras est\u00e9 l\u00edquida, la mol\u00e9cula de agua gira alrededor de su centro de masa (spin).<\/p>\n<p>El di\u00e1metro de la mol\u00e9cula de H2O (entre los 2 \u00e1tomos de hidr\u00f3geno) es de <span>0,343\u00a0<\/span><abbr class=\"abbr\" title=\"nanom\u00e8tre\">nm<\/abbr> (nan\u00f3metros).<\/p>\n<\/div><\/div><\/div><\/div><\/div><div class=\"vc_col-sm-6 wpb_column vc_column_container has_text_color\"><div class=\"vc_column-inner us_custom_522c9e9f\"><div class=\"wpb_wrapper\"><div class=\"w-image align_center\"><div class=\"w-image-h\"><img decoding=\"async\" width=\"706\" height=\"487\" src=\"https:\/\/biodynamizer.com\/wp-content\/uploads\/2020\/01\/MOLECULE.png\" class=\"attachment-large size-large\" alt=\"\" loading=\"lazy\" srcset=\"https:\/\/biodynamizer.com\/wp-content\/uploads\/2020\/01\/MOLECULE.png 706w, https:\/\/biodynamizer.com\/wp-content\/uploads\/2020\/01\/MOLECULE-300x207.png 300w\" sizes=\"auto, (max-width: 706px) 100vw, 706px\" \/><\/div><\/div><\/div><\/div><\/div><\/div><\/div><\/section>\n","protected":false},"excerpt":{"rendered":"Inicio\/P\u00e1ginasComposici\u00f3n molecular del agua = estructura qu\u00edmica La mol\u00e9cula de H2O (agua) est\u00e1 compuesta por : \u00c1tomo de ox\u00edgeno \u00abO\u00bb (carga electro-negativa) 1 N\u00facleo de 8 protones y 8 neutrones (carga el\u00e9ctrica positiva) 8 electrones (carga el\u00e9ctrica negativa) girando sobre s\u00ed mismos y orbitando el \u00e1tomo O (spin) = nube de electrones \u00a0Los \u00e1tomos de...","protected":false},"author":3,"featured_media":0,"parent":5862,"menu_order":4,"comment_status":"closed","ping_status":"closed","template":"","meta":{"_monsterinsights_skip_tracking":false,"_monsterinsights_sitenote_active":false,"_monsterinsights_sitenote_note":"","_monsterinsights_sitenote_category":0,"footnotes":""},"class_list":["post-6539","page","type-page","status-publish","hentry"],"yoast_head":"<!-- This site is optimized with the Yoast SEO plugin v27.3 - https:\/\/yoast.com\/product\/yoast-seo-wordpress\/ -->\n<title>Composici\u00f3n molecular del agua = estructura qu\u00edmica - Biodynamizer<\/title>\n<meta name=\"description\" content=\"Biodynamizer - Composici\u00f3n molecular del agua = estructura qu\u00edmica - En savoir plus sur le biodynamizer et le biofiltre\" \/>\n<meta name=\"robots\" content=\"index, follow, max-snippet:-1, max-image-preview:large, max-video-preview:-1\" \/>\n<link rel=\"canonical\" href=\"https:\/\/biodynamizer.com\/es\/agua\/composicion-molecular-agua-estructura-quimica\/\" \/>\n<meta property=\"og:locale\" content=\"es_ES\" \/>\n<meta property=\"og:type\" content=\"article\" \/>\n<meta property=\"og:title\" content=\"Composici\u00f3n molecular del agua = estructura qu\u00edmica - Biodynamizer\" \/>\n<meta property=\"og:description\" content=\"Biodynamizer - Composici\u00f3n molecular del agua = estructura qu\u00edmica - En savoir plus sur le biodynamizer et le biofiltre\" \/>\n<meta property=\"og:url\" content=\"https:\/\/biodynamizer.com\/es\/agua\/composicion-molecular-agua-estructura-quimica\/\" \/>\n<meta property=\"og:site_name\" content=\"Biodynamizer\" \/>\n<meta property=\"article:modified_time\" content=\"2025-05-05T07:39:52+00:00\" \/>\n<meta property=\"og:image\" content=\"https:\/\/biodynamizer.com\/wp-content\/uploads\/2019\/11\/Depositphotos_15742931_xl-2015.jpg\" \/>\n\t<meta property=\"og:image:width\" content=\"2000\" \/>\n\t<meta property=\"og:image:height\" content=\"1333\" \/>\n\t<meta property=\"og:image:type\" content=\"image\/jpeg\" \/>\n<meta name=\"twitter:card\" content=\"summary_large_image\" \/>\n<meta name=\"twitter:label1\" content=\"Tiempo de lectura\" \/>\n\t<meta name=\"twitter:data1\" content=\"2 minutos\" \/>\n<script type=\"application\/ld+json\" class=\"yoast-schema-graph\">{\"@context\":\"https:\\\/\\\/schema.org\",\"@graph\":[{\"@type\":\"WebPage\",\"@id\":\"https:\\\/\\\/biodynamizer.com\\\/es\\\/agua\\\/composicion-molecular-agua-estructura-quimica\\\/\",\"url\":\"https:\\\/\\\/biodynamizer.com\\\/es\\\/agua\\\/composicion-molecular-agua-estructura-quimica\\\/\",\"name\":\"Composici\u00f3n molecular del agua = estructura qu\u00edmica - Biodynamizer\",\"isPartOf\":{\"@id\":\"https:\\\/\\\/biodynamizer.com\\\/es\\\/#website\"},\"datePublished\":\"2020-01-22T14:07:40+00:00\",\"dateModified\":\"2025-05-05T07:39:52+00:00\",\"description\":\"Biodynamizer - Composici\u00f3n molecular del agua = estructura qu\u00edmica - En savoir plus sur le biodynamizer et le biofiltre\",\"breadcrumb\":{\"@id\":\"https:\\\/\\\/biodynamizer.com\\\/es\\\/agua\\\/composicion-molecular-agua-estructura-quimica\\\/#breadcrumb\"},\"inLanguage\":\"es\",\"potentialAction\":[{\"@type\":\"ReadAction\",\"target\":[\"https:\\\/\\\/biodynamizer.com\\\/es\\\/agua\\\/composicion-molecular-agua-estructura-quimica\\\/\"]}]},{\"@type\":\"BreadcrumbList\",\"@id\":\"https:\\\/\\\/biodynamizer.com\\\/es\\\/agua\\\/composicion-molecular-agua-estructura-quimica\\\/#breadcrumb\",\"itemListElement\":[{\"@type\":\"ListItem\",\"position\":1,\"name\":\"Home\",\"item\":\"https:\\\/\\\/biodynamizer.com\\\/es\\\/\"},{\"@type\":\"ListItem\",\"position\":2,\"name\":\"Agua\",\"item\":\"https:\\\/\\\/biodynamizer.com\\\/es\\\/agua\\\/\"},{\"@type\":\"ListItem\",\"position\":3,\"name\":\"Composici\u00f3n molecular del agua = estructura qu\u00edmica\"}]},{\"@type\":\"WebSite\",\"@id\":\"https:\\\/\\\/biodynamizer.com\\\/es\\\/#website\",\"url\":\"https:\\\/\\\/biodynamizer.com\\\/es\\\/\",\"name\":\"Biodynamizer\",\"description\":\"Filtrez et dynamisez votre eau\",\"potentialAction\":[{\"@type\":\"SearchAction\",\"target\":{\"@type\":\"EntryPoint\",\"urlTemplate\":\"https:\\\/\\\/biodynamizer.com\\\/es\\\/?s={search_term_string}\"},\"query-input\":{\"@type\":\"PropertyValueSpecification\",\"valueRequired\":true,\"valueName\":\"search_term_string\"}}],\"inLanguage\":\"es\"}]}<\/script>\n<!-- \/ Yoast SEO plugin. -->","yoast_head_json":{"title":"Composici\u00f3n molecular del agua = estructura qu\u00edmica - Biodynamizer","description":"Biodynamizer - Composici\u00f3n molecular del agua = estructura qu\u00edmica - En savoir plus sur le biodynamizer et le biofiltre","robots":{"index":"index","follow":"follow","max-snippet":"max-snippet:-1","max-image-preview":"max-image-preview:large","max-video-preview":"max-video-preview:-1"},"canonical":"https:\/\/biodynamizer.com\/es\/agua\/composicion-molecular-agua-estructura-quimica\/","og_locale":"es_ES","og_type":"article","og_title":"Composici\u00f3n molecular del agua = estructura qu\u00edmica - Biodynamizer","og_description":"Biodynamizer - Composici\u00f3n molecular del agua = estructura qu\u00edmica - En savoir plus sur le biodynamizer et le biofiltre","og_url":"https:\/\/biodynamizer.com\/es\/agua\/composicion-molecular-agua-estructura-quimica\/","og_site_name":"Biodynamizer","article_modified_time":"2025-05-05T07:39:52+00:00","og_image":[{"width":2000,"height":1333,"url":"https:\/\/biodynamizer.com\/wp-content\/uploads\/2019\/11\/Depositphotos_15742931_xl-2015.jpg","type":"image\/jpeg"}],"twitter_card":"summary_large_image","twitter_misc":{"Tiempo de lectura":"2 minutos"},"schema":{"@context":"https:\/\/schema.org","@graph":[{"@type":"WebPage","@id":"https:\/\/biodynamizer.com\/es\/agua\/composicion-molecular-agua-estructura-quimica\/","url":"https:\/\/biodynamizer.com\/es\/agua\/composicion-molecular-agua-estructura-quimica\/","name":"Composici\u00f3n molecular del agua = estructura qu\u00edmica - Biodynamizer","isPartOf":{"@id":"https:\/\/biodynamizer.com\/es\/#website"},"datePublished":"2020-01-22T14:07:40+00:00","dateModified":"2025-05-05T07:39:52+00:00","description":"Biodynamizer - Composici\u00f3n molecular del agua = estructura qu\u00edmica - En savoir plus sur le biodynamizer et le biofiltre","breadcrumb":{"@id":"https:\/\/biodynamizer.com\/es\/agua\/composicion-molecular-agua-estructura-quimica\/#breadcrumb"},"inLanguage":"es","potentialAction":[{"@type":"ReadAction","target":["https:\/\/biodynamizer.com\/es\/agua\/composicion-molecular-agua-estructura-quimica\/"]}]},{"@type":"BreadcrumbList","@id":"https:\/\/biodynamizer.com\/es\/agua\/composicion-molecular-agua-estructura-quimica\/#breadcrumb","itemListElement":[{"@type":"ListItem","position":1,"name":"Home","item":"https:\/\/biodynamizer.com\/es\/"},{"@type":"ListItem","position":2,"name":"Agua","item":"https:\/\/biodynamizer.com\/es\/agua\/"},{"@type":"ListItem","position":3,"name":"Composici\u00f3n molecular del agua = estructura qu\u00edmica"}]},{"@type":"WebSite","@id":"https:\/\/biodynamizer.com\/es\/#website","url":"https:\/\/biodynamizer.com\/es\/","name":"Biodynamizer","description":"Filtrez et dynamisez votre eau","potentialAction":[{"@type":"SearchAction","target":{"@type":"EntryPoint","urlTemplate":"https:\/\/biodynamizer.com\/es\/?s={search_term_string}"},"query-input":{"@type":"PropertyValueSpecification","valueRequired":true,"valueName":"search_term_string"}}],"inLanguage":"es"}]}},"_links":{"self":[{"href":"https:\/\/biodynamizer.com\/es\/wp-json\/wp\/v2\/pages\/6539","targetHints":{"allow":["GET"]}}],"collection":[{"href":"https:\/\/biodynamizer.com\/es\/wp-json\/wp\/v2\/pages"}],"about":[{"href":"https:\/\/biodynamizer.com\/es\/wp-json\/wp\/v2\/types\/page"}],"author":[{"embeddable":true,"href":"https:\/\/biodynamizer.com\/es\/wp-json\/wp\/v2\/users\/3"}],"replies":[{"embeddable":true,"href":"https:\/\/biodynamizer.com\/es\/wp-json\/wp\/v2\/comments?post=6539"}],"version-history":[{"count":4,"href":"https:\/\/biodynamizer.com\/es\/wp-json\/wp\/v2\/pages\/6539\/revisions"}],"predecessor-version":[{"id":27004,"href":"https:\/\/biodynamizer.com\/es\/wp-json\/wp\/v2\/pages\/6539\/revisions\/27004"}],"up":[{"embeddable":true,"href":"https:\/\/biodynamizer.com\/es\/wp-json\/wp\/v2\/pages\/5862"}],"wp:attachment":[{"href":"https:\/\/biodynamizer.com\/es\/wp-json\/wp\/v2\/media?parent=6539"}],"curies":[{"name":"wp","href":"https:\/\/api.w.org\/{rel}","templated":true}]}}