{"id":6548,"date":"2020-01-22T13:43:51","date_gmt":"2020-01-22T13:43:51","guid":{"rendered":"https:\/\/biodynamizer.spleen-creation.be\/leau\/lenergie\/lhumain-est-avant-tout-une-vibration-consciente\/composition-de-leau\/"},"modified":"2021-12-16T08:51:38","modified_gmt":"2021-12-16T08:51:38","slug":"composicion-del-agua","status":"publish","type":"page","link":"https:\/\/biodynamizer.com\/es\/agua\/energia\/vibracion-de-la-conciencia-humana\/composicion-del-agua\/","title":{"rendered":"Composici\u00f3n del agua"},"content":{"rendered":"<section class=\"l-section wpb_row us_custom_916fdabd height_small\"><div class=\"l-section-h i-cf\"><div class=\"g-cols vc_row via_flex valign_top type_default stacking_default\"><div class=\"vc_col-sm-12 wpb_column vc_column_container\"><div class=\"vc_column-inner\"><div class=\"wpb_wrapper\"><nav class=\"g-breadcrumbs separator_custom align_none\" itemscope itemtype=\"http:\/\/schema.org\/BreadcrumbList\"><div class=\"g-breadcrumbs-item\" itemscope itemprop=\"itemListElement\" itemtype=\"http:\/\/schema.org\/ListItem\"><a itemprop=\"item\" href=\"https:\/\/biodynamizer.com\/es\/\"><span itemprop=\"name\">Inicio<\/span><\/a><meta itemprop=\"position\" content=\"1\"\/><\/div><div class=\"g-breadcrumbs-separator\">\/<\/div><div class=\"g-breadcrumbs-item\">P\u00e1ginas<\/div><\/nav><\/div><\/div><\/div><\/div><\/div><\/section><section class=\"l-section wpb_row fullheader height_huge with_img\"><div class=\"l-section-img\" role=\"img\" aria-label=\"eau avec quelques bulles\" data-img-width=\"1920\" data-img-height=\"1118\" style=\"background-image: url(https:\/\/biodynamizer.com\/wp-content\/uploads\/2020\/01\/eau4-copy-e1578996737425.jpg);background-repeat: no-repeat;\"><\/div><div class=\"l-section-h i-cf\"><div class=\"g-cols vc_row via_flex valign_top type_default stacking_default\"><div class=\"vc_col-sm-12 wpb_column vc_column_container has_text_color\"><div class=\"vc_column-inner us_custom_6df4bc3a\"><div class=\"wpb_wrapper\"><div class=\"wpb_text_column\"><div class=\"wpb_wrapper\"><h3>Composici\u00f3n del agua<\/h3>\n<\/div><\/div><\/div><\/div><\/div><\/div><\/div><\/section><section class=\"l-section wpb_row height_large\"><div class=\"l-section-h i-cf\"><div class=\"g-cols vc_row via_flex valign_top type_default stacking_default\"><div class=\"vc_col-sm-12 wpb_column vc_column_container\"><div class=\"vc_column-inner\"><div class=\"wpb_wrapper\"><div class=\"w-image align_center\"><div class=\"w-image-h\"><img decoding=\"async\" width=\"448\" height=\"259\" src=\"https:\/\/biodynamizer.com\/wp-content\/uploads\/2020\/01\/MINERALEN.jpg\" class=\"attachment-large size-large\" alt=\"\" loading=\"lazy\" srcset=\"https:\/\/biodynamizer.com\/wp-content\/uploads\/2020\/01\/MINERALEN.jpg 448w, https:\/\/biodynamizer.com\/wp-content\/uploads\/2020\/01\/MINERALEN-300x173.jpg 300w\" sizes=\"auto, (max-width: 448px) 100vw, 448px\" \/><\/div><\/div><div class=\"wpb_text_column\"><div class=\"wpb_wrapper\"><p><b>La composici\u00f3n del agua es:<\/b><\/p>\n<ul>\n<li>75% de mol\u00e9culas de H2O (65% de ox\u00edgeno y 10% de hidr\u00f3geno)<\/li>\n<li>18% de carbono (disuelto en agua)<\/li>\n<li>4% de los residuos secos disueltos en agua: minerales (sales ionizadas) y oligoelementos. Los minerales en el agua (iones = part\u00edculas cargadas el\u00e9ctricamente) son el residuo seco que queda en el agua despu\u00e9s de la evaporaci\u00f3n a 180\u00b0C. Los residuos secos se calculan seg\u00fan la conductividad el\u00e9ctrica del agua expresada en \u00b5S cm-1. Por ejemplo: el agua del grifo con una dureza de 37 \u00b0f tiene una conductividad de +\/- 647 \u00b5Scm-1, es decir, 670 x 0,71592 = 463 mg\/L de residuos secos (incluidos 370 mg de piedra caliza); la OMS recomienda un m\u00e1ximo de 1.000 mg\/L de residuos secos.\n<ul>\n<li><i>Minerales inorg\u00e1nicos<\/i> (su presencia en el agua var\u00eda seg\u00fan las zonas geogr\u00e1ficas de donde se extrae el agua): calcio, magnesio, sodio, potasio, f\u00f3sforo, bicarbonatos; medidos en mg\/L.\n<ul>\n<li>Entre el 5% y el 25% de ellas son asimiladas por el cuerpo (son evacuadas a trav\u00e9s de los ri\u00f1ones-orina) y esto es tanto m\u00e1s f\u00e1cil cuanto que han sido reestructuradas en forma coloidal e ionizadas por el Biodynamizer\u00ae.<\/li>\n<li>El 80% de estos minerales consisten en piedra caliza o escama = CaCO3 (Carbonato de Calcio) + MgCO3 (Carbonato de Magnesio) que se mide a trav\u00e9s de la dureza del agua, expresada en TH (grados franceses); 1\u00b0 f de dureza = 10 mg\/l de CaCO3<\/li>\n<\/ul>\n<\/li>\n<li><i>Oligoelementos<\/i>: sinergia natural de fl\u00faor, selenio, silicio, hierro, cobre, zinc, cobalto, bromo, manganeso, yodo, cromo, molibdeno,&#8230; ; medidos en \u00b5g\/L y totalmente asimilables.<\/li>\n<\/ul>\n<\/li>\n<li>3% de nitr\u00f3geno<\/li>\n<\/ul>\n<ul>\n<li style=\"list-style-type: none;\">\n<ul>\n<li style=\"list-style-type: none;\"><\/li>\n<\/ul>\n<\/li>\n<\/ul>\n<\/div><\/div><div class=\"wpb_text_column\"><div class=\"wpb_wrapper\"><p><b>Importancia de los minerales en el agua potable:<\/b><\/p>\n<ul>\n<li>El agua calc\u00e1rea proporciona la cantidad de calcio y magnesio que el cuerpo necesita para promover la formaci\u00f3n de huesos, ayudar a los m\u00fasculos y al sistema nervioso a funcionar correctamente y prevenir el riesgo de enfermedades cardiovasculares u osteoporosis. Tambi\u00e9n ayuda a defender el cuerpo. \u00ab<em>Los elementos minerales presentes en el agua del grifo, al participar en la ingesta diaria de minerales necesarios para el buen funcionamiento del organismo, tienen un claro papel beneficioso para la salud. El calcio en el agua tambi\u00e9n puede desempe\u00f1ar un papel en la protecci\u00f3n contra las enfermedades cardiovasculares. Tambi\u00e9n se reconoce el papel del calcio en la eliminaci\u00f3n de las grasas y la regulaci\u00f3n del colesterol en la sangre<\/em>\u00bb (fuente Ministerio de Salud de Francia 2006).<\/li>\n<li><\/li>\n<li>Las aguas naturales contienen sales minerales, principalmente calcio y magnesio (+\/- 80%). Estos minerales est\u00e1n <strong>biodisponibles<\/strong> y, por lo tanto, el cuerpo <strong>los absorbe f\u00e1cilmente<\/strong> (absorci\u00f3n intestinal), como los alimentos que contienen minerales. Los estudios sobre el tema estiman que esta <strong>tasa de absorci\u00f3n<\/strong> es de alrededor de <strong>+\/- 25%<\/strong>. Por lo tanto, los minerales contenidos en el agua natural participan entre un 20% y un 50% * en la Ingesta Nutricional Recomendada (INR) de calcio y magnesio para una persona (para un adulto H \/ M: requerimiento de calcio +\/- 900 mg \/ d, en magnesio +\/- 400 mg \/ d)! (* seg\u00fan el contenido mineral del agua y la edad de las personas afectadas). Por tanto, el calcio y el magnesio son \u00fatiles para la salud. El calcio contribuye a la salud \u00f3sea, tiene un papel beneficioso en la hipertensi\u00f3n, accidentes cardiovasculares, c\u00e1ncer de colon. El magnesio interviene en la activaci\u00f3n de m\u00e1s de 300 sistemas enzim\u00e1ticos, combate la fatiga, la diabetes y la insuficiencia card\u00edaca coronaria as\u00ed como la osteoporosis &#8230; Sabiendo que la poblaci\u00f3n promedio tiene una deficiencia promedio de calcio de +\/- 40% (necesidades nutricionales promedio) y Incluso el 70% para el magnesio, nos parece imprescindible beber agua con un contenido mineral en torno a <strong>+\/- 400 a 500 mg<\/strong> \/ L : <em>Estudio sobre la absorci\u00f3n de calcio y magnesio en aguas minerales naturales, Patrice Fardellone, CHU Amiens, Universit\u00e9 Picardie Jules-Verne, 2015<\/em><\/li>\n<li>En Francia, las referencias nutricionales de los minerales inorg\u00e1nicos para la poblaci\u00f3n (RNP) son 950 mg\/d\u00eda para los adultos mayores de 25 a\u00f1os, y 1000 mg\/d\u00eda entre 18 y 25 a\u00f1os (fuente ANPES 2017). La OMS (Organizaci\u00f3n Mundial de la Salud) habla de un \u00ab\u00f3ptimo por debajo de <strong>1.000 mg\/litro<\/strong>\u00ab.<\/li>\n<li>El Consejo Superior de Higiene P\u00fablica de Francia, en sus decretos de 1990 y 1995 relativos a la calidad del agua destinada al consumo humano, fija la cantidad de residuos secos, despu\u00e9s del secado a 180\u00b0C, en un m\u00e1ximo de <strong>1.500 mg\/litro<\/strong>.<\/li>\n<li>Tambi\u00e9n es importante tener calcio y magnesio (componentes de la piedra caliza) en el agua debido a su <strong>sabor<\/strong> m\u00e1s redondo y aterciopelado de agua que contiene sales minerales.<\/li>\n<\/ul>\n<\/div><\/div><\/div><\/div><\/div><\/div><\/div><\/section>\n","protected":false},"excerpt":{"rendered":"Inicio\/P\u00e1ginasComposici\u00f3n del agua La composici\u00f3n del agua es: 75% de mol\u00e9culas de H2O (65% de ox\u00edgeno y 10% de hidr\u00f3geno) 18% de carbono (disuelto en agua) 4% de los residuos secos disueltos en agua: minerales (sales ionizadas) y oligoelementos. Los minerales en el agua (iones = part\u00edculas cargadas el\u00e9ctricamente) son el residuo seco que queda...","protected":false},"author":3,"featured_media":0,"parent":5945,"menu_order":0,"comment_status":"closed","ping_status":"closed","template":"","meta":{"_monsterinsights_skip_tracking":false,"_monsterinsights_sitenote_active":false,"_monsterinsights_sitenote_note":"","_monsterinsights_sitenote_category":0,"footnotes":""},"class_list":["post-6548","page","type-page","status-publish","hentry"],"yoast_head":"<!-- This site is optimized with the Yoast SEO plugin v27.3 - https:\/\/yoast.com\/product\/yoast-seo-wordpress\/ -->\n<title>Composici\u00f3n del agua - Biodynamizer<\/title>\n<meta name=\"description\" content=\"Biodynamizer - Composici\u00f3n del agua - En savoir plus sur le biodynamizer et le biofiltre\" \/>\n<meta name=\"robots\" content=\"index, follow, max-snippet:-1, max-image-preview:large, max-video-preview:-1\" \/>\n<link rel=\"canonical\" href=\"https:\/\/biodynamizer.com\/es\/agua\/energia\/vibracion-de-la-conciencia-humana\/composicion-del-agua\/\" \/>\n<meta property=\"og:locale\" content=\"es_ES\" \/>\n<meta property=\"og:type\" content=\"article\" \/>\n<meta property=\"og:title\" content=\"Composici\u00f3n del agua - Biodynamizer\" \/>\n<meta property=\"og:description\" content=\"Biodynamizer - Composici\u00f3n del agua - En savoir plus sur le biodynamizer et le biofiltre\" \/>\n<meta property=\"og:url\" content=\"https:\/\/biodynamizer.com\/es\/agua\/energia\/vibracion-de-la-conciencia-humana\/composicion-del-agua\/\" \/>\n<meta property=\"og:site_name\" content=\"Biodynamizer\" \/>\n<meta property=\"article:modified_time\" content=\"2021-12-16T08:51:38+00:00\" \/>\n<meta property=\"og:image\" content=\"https:\/\/biodynamizer.com\/wp-content\/uploads\/2019\/11\/Depositphotos_15742931_xl-2015.jpg\" \/>\n\t<meta property=\"og:image:width\" content=\"2000\" \/>\n\t<meta property=\"og:image:height\" content=\"1333\" \/>\n\t<meta property=\"og:image:type\" content=\"image\/jpeg\" \/>\n<meta name=\"twitter:card\" content=\"summary_large_image\" \/>\n<meta name=\"twitter:label1\" content=\"Tiempo de lectura\" \/>\n\t<meta name=\"twitter:data1\" content=\"4 minutos\" \/>\n<script type=\"application\/ld+json\" class=\"yoast-schema-graph\">{\"@context\":\"https:\\\/\\\/schema.org\",\"@graph\":[{\"@type\":\"WebPage\",\"@id\":\"https:\\\/\\\/biodynamizer.com\\\/es\\\/agua\\\/energia\\\/vibracion-de-la-conciencia-humana\\\/composicion-del-agua\\\/\",\"url\":\"https:\\\/\\\/biodynamizer.com\\\/es\\\/agua\\\/energia\\\/vibracion-de-la-conciencia-humana\\\/composicion-del-agua\\\/\",\"name\":\"Composici\u00f3n del agua - Biodynamizer\",\"isPartOf\":{\"@id\":\"https:\\\/\\\/biodynamizer.com\\\/es\\\/#website\"},\"datePublished\":\"2020-01-22T13:43:51+00:00\",\"dateModified\":\"2021-12-16T08:51:38+00:00\",\"description\":\"Biodynamizer - Composici\u00f3n del agua - En savoir plus sur le biodynamizer et le biofiltre\",\"breadcrumb\":{\"@id\":\"https:\\\/\\\/biodynamizer.com\\\/es\\\/agua\\\/energia\\\/vibracion-de-la-conciencia-humana\\\/composicion-del-agua\\\/#breadcrumb\"},\"inLanguage\":\"es\",\"potentialAction\":[{\"@type\":\"ReadAction\",\"target\":[\"https:\\\/\\\/biodynamizer.com\\\/es\\\/agua\\\/energia\\\/vibracion-de-la-conciencia-humana\\\/composicion-del-agua\\\/\"]}]},{\"@type\":\"BreadcrumbList\",\"@id\":\"https:\\\/\\\/biodynamizer.com\\\/es\\\/agua\\\/energia\\\/vibracion-de-la-conciencia-humana\\\/composicion-del-agua\\\/#breadcrumb\",\"itemListElement\":[{\"@type\":\"ListItem\",\"position\":1,\"name\":\"Home\",\"item\":\"https:\\\/\\\/biodynamizer.com\\\/es\\\/\"},{\"@type\":\"ListItem\",\"position\":2,\"name\":\"Agua\",\"item\":\"https:\\\/\\\/biodynamizer.com\\\/es\\\/agua\\\/\"},{\"@type\":\"ListItem\",\"position\":3,\"name\":\"Energ\u00eda\",\"item\":\"https:\\\/\\\/biodynamizer.com\\\/es\\\/agua\\\/energia\\\/\"},{\"@type\":\"ListItem\",\"position\":4,\"name\":\"\u00a1El ser humano es sobre todo una vibraci\u00f3n consciente!\",\"item\":\"https:\\\/\\\/biodynamizer.com\\\/es\\\/agua\\\/energia\\\/vibracion-de-la-conciencia-humana\\\/\"},{\"@type\":\"ListItem\",\"position\":5,\"name\":\"Composici\u00f3n del agua\"}]},{\"@type\":\"WebSite\",\"@id\":\"https:\\\/\\\/biodynamizer.com\\\/es\\\/#website\",\"url\":\"https:\\\/\\\/biodynamizer.com\\\/es\\\/\",\"name\":\"Biodynamizer\",\"description\":\"Filtrez et dynamisez votre eau\",\"potentialAction\":[{\"@type\":\"SearchAction\",\"target\":{\"@type\":\"EntryPoint\",\"urlTemplate\":\"https:\\\/\\\/biodynamizer.com\\\/es\\\/?s={search_term_string}\"},\"query-input\":{\"@type\":\"PropertyValueSpecification\",\"valueRequired\":true,\"valueName\":\"search_term_string\"}}],\"inLanguage\":\"es\"}]}<\/script>\n<!-- \/ Yoast SEO plugin. -->","yoast_head_json":{"title":"Composici\u00f3n del agua - Biodynamizer","description":"Biodynamizer - Composici\u00f3n del agua - En savoir plus sur le biodynamizer et le biofiltre","robots":{"index":"index","follow":"follow","max-snippet":"max-snippet:-1","max-image-preview":"max-image-preview:large","max-video-preview":"max-video-preview:-1"},"canonical":"https:\/\/biodynamizer.com\/es\/agua\/energia\/vibracion-de-la-conciencia-humana\/composicion-del-agua\/","og_locale":"es_ES","og_type":"article","og_title":"Composici\u00f3n del agua - Biodynamizer","og_description":"Biodynamizer - Composici\u00f3n del agua - En savoir plus sur le biodynamizer et le biofiltre","og_url":"https:\/\/biodynamizer.com\/es\/agua\/energia\/vibracion-de-la-conciencia-humana\/composicion-del-agua\/","og_site_name":"Biodynamizer","article_modified_time":"2021-12-16T08:51:38+00:00","og_image":[{"width":2000,"height":1333,"url":"https:\/\/biodynamizer.com\/wp-content\/uploads\/2019\/11\/Depositphotos_15742931_xl-2015.jpg","type":"image\/jpeg"}],"twitter_card":"summary_large_image","twitter_misc":{"Tiempo de lectura":"4 minutos"},"schema":{"@context":"https:\/\/schema.org","@graph":[{"@type":"WebPage","@id":"https:\/\/biodynamizer.com\/es\/agua\/energia\/vibracion-de-la-conciencia-humana\/composicion-del-agua\/","url":"https:\/\/biodynamizer.com\/es\/agua\/energia\/vibracion-de-la-conciencia-humana\/composicion-del-agua\/","name":"Composici\u00f3n del agua - Biodynamizer","isPartOf":{"@id":"https:\/\/biodynamizer.com\/es\/#website"},"datePublished":"2020-01-22T13:43:51+00:00","dateModified":"2021-12-16T08:51:38+00:00","description":"Biodynamizer - Composici\u00f3n del agua - En savoir plus sur le biodynamizer et le biofiltre","breadcrumb":{"@id":"https:\/\/biodynamizer.com\/es\/agua\/energia\/vibracion-de-la-conciencia-humana\/composicion-del-agua\/#breadcrumb"},"inLanguage":"es","potentialAction":[{"@type":"ReadAction","target":["https:\/\/biodynamizer.com\/es\/agua\/energia\/vibracion-de-la-conciencia-humana\/composicion-del-agua\/"]}]},{"@type":"BreadcrumbList","@id":"https:\/\/biodynamizer.com\/es\/agua\/energia\/vibracion-de-la-conciencia-humana\/composicion-del-agua\/#breadcrumb","itemListElement":[{"@type":"ListItem","position":1,"name":"Home","item":"https:\/\/biodynamizer.com\/es\/"},{"@type":"ListItem","position":2,"name":"Agua","item":"https:\/\/biodynamizer.com\/es\/agua\/"},{"@type":"ListItem","position":3,"name":"Energ\u00eda","item":"https:\/\/biodynamizer.com\/es\/agua\/energia\/"},{"@type":"ListItem","position":4,"name":"\u00a1El ser humano es sobre todo una vibraci\u00f3n consciente!","item":"https:\/\/biodynamizer.com\/es\/agua\/energia\/vibracion-de-la-conciencia-humana\/"},{"@type":"ListItem","position":5,"name":"Composici\u00f3n del agua"}]},{"@type":"WebSite","@id":"https:\/\/biodynamizer.com\/es\/#website","url":"https:\/\/biodynamizer.com\/es\/","name":"Biodynamizer","description":"Filtrez et dynamisez votre eau","potentialAction":[{"@type":"SearchAction","target":{"@type":"EntryPoint","urlTemplate":"https:\/\/biodynamizer.com\/es\/?s={search_term_string}"},"query-input":{"@type":"PropertyValueSpecification","valueRequired":true,"valueName":"search_term_string"}}],"inLanguage":"es"}]}},"_links":{"self":[{"href":"https:\/\/biodynamizer.com\/es\/wp-json\/wp\/v2\/pages\/6548","targetHints":{"allow":["GET"]}}],"collection":[{"href":"https:\/\/biodynamizer.com\/es\/wp-json\/wp\/v2\/pages"}],"about":[{"href":"https:\/\/biodynamizer.com\/es\/wp-json\/wp\/v2\/types\/page"}],"author":[{"embeddable":true,"href":"https:\/\/biodynamizer.com\/es\/wp-json\/wp\/v2\/users\/3"}],"replies":[{"embeddable":true,"href":"https:\/\/biodynamizer.com\/es\/wp-json\/wp\/v2\/comments?post=6548"}],"version-history":[{"count":5,"href":"https:\/\/biodynamizer.com\/es\/wp-json\/wp\/v2\/pages\/6548\/revisions"}],"predecessor-version":[{"id":14617,"href":"https:\/\/biodynamizer.com\/es\/wp-json\/wp\/v2\/pages\/6548\/revisions\/14617"}],"up":[{"embeddable":true,"href":"https:\/\/biodynamizer.com\/es\/wp-json\/wp\/v2\/pages\/5945"}],"wp:attachment":[{"href":"https:\/\/biodynamizer.com\/es\/wp-json\/wp\/v2\/media?parent=6548"}],"curies":[{"name":"wp","href":"https:\/\/api.w.org\/{rel}","templated":true}]}}