{"id":6551,"date":"2020-01-22T13:36:31","date_gmt":"2020-01-22T13:36:31","guid":{"rendered":"https:\/\/biodynamizer.spleen-creation.be\/leau\/notre-consommation-deau-quotidienne\/"},"modified":"2023-04-13T09:09:11","modified_gmt":"2023-04-13T09:09:11","slug":"consumo-diario","status":"publish","type":"page","link":"https:\/\/biodynamizer.com\/es\/agua\/consumo-diario\/","title":{"rendered":"Nuestro consumo diario de agua"},"content":{"rendered":"<section class=\"l-section wpb_row us_custom_916fdabd height_small\"><div class=\"l-section-h i-cf\"><div class=\"g-cols vc_row via_flex valign_top type_default stacking_default\"><div class=\"vc_col-sm-12 wpb_column vc_column_container\"><div class=\"vc_column-inner\"><div class=\"wpb_wrapper\"><nav class=\"g-breadcrumbs separator_custom align_none\" itemscope itemtype=\"http:\/\/schema.org\/BreadcrumbList\"><div class=\"g-breadcrumbs-item\" itemscope itemprop=\"itemListElement\" itemtype=\"http:\/\/schema.org\/ListItem\"><a itemprop=\"item\" href=\"https:\/\/biodynamizer.com\/es\/\"><span itemprop=\"name\">Inicio<\/span><\/a><meta itemprop=\"position\" content=\"1\"\/><\/div><div class=\"g-breadcrumbs-separator\">\/<\/div><div class=\"g-breadcrumbs-item\">P\u00e1ginas<\/div><\/nav><\/div><\/div><\/div><\/div><\/div><\/section><section class=\"l-section wpb_row fullheader height_huge with_img\"><div class=\"l-section-img\" role=\"img\" aria-label=\"Femme dans la nature qui boit une eau pure\" data-img-width=\"2000\" data-img-height=\"1333\" style=\"background-image: url(https:\/\/biodynamizer.com\/wp-content\/uploads\/2019\/11\/Depositphotos_15742931_xl-2015.jpg);background-repeat: no-repeat;\"><\/div><div class=\"l-section-h i-cf\"><div class=\"g-cols vc_row via_flex valign_top type_default stacking_default\"><div class=\"vc_col-sm-12 wpb_column vc_column_container has_text_color\"><div class=\"vc_column-inner us_custom_6df4bc3a\"><div class=\"wpb_wrapper\"><div class=\"wpb_text_column\"><div class=\"wpb_wrapper\"><h3>Nuestro consumo diario de agua<\/h3>\n<\/div><\/div><\/div><\/div><\/div><\/div><\/div><\/section><section class=\"l-section wpb_row height_large\"><div class=\"l-section-h i-cf\"><div class=\"g-cols vc_row via_flex valign_top type_default stacking_default\"><div class=\"vc_col-sm-12 wpb_column vc_column_container\"><div class=\"vc_column-inner\"><div class=\"wpb_wrapper\"><div class=\"wpb_text_column\"><div class=\"wpb_wrapper\"><p style=\"text-align: center;\">Para que el agua sea buena para tu salud y participe en tu funcionamiento metab\u00f3lico, primero debes beberla, <a href=\"https:\/\/biodynamizer.com\/es\/nuestras-soluciones\/el-biofiltre\/\"><span style=\"text-decoration: underline;\">filtrarla<\/span><\/a> (eliminar los contaminantes que contiene) y conservar sus <span style=\"text-decoration: underline;\"><a href=\"https:\/\/biodynamizer.com\/es\/agua\/energia\/vibracion-de-la-conciencia-humana\/composicion-del-agua\/\">minerales<\/a><\/span> y oligoelementos. Los minerales no s\u00f3lo son importantes por su aportaci\u00f3n f\u00edsico-qu\u00edmica, sino tambi\u00e9n por la <span style=\"text-decoration: underline;\"><a href=\"https:\/\/biodynamizer.com\/es\/nuestras-soluciones\/el-biodynamizer\/energizacion\/\">energ\u00eda<\/a><\/span> que contienen. Si se <span style=\"text-decoration: underline;\"><a href=\"https:\/\/biodynamizer.com\/es\/nuestras-soluciones\/el-biodynamizer\/la-restructuracion\/\">reestructuran<\/a><\/span>, no sobrecargan los ri\u00f1ones y se eliminan f\u00e1cilmente (v\u00e9ase el estudio de <a href=\"https:\/\/biodynamizer.com\/es\/analisis-cientificos\/analisis-bev-bio-electronico-de-las-vinces-observadas-un-caracter-antioxidante-del-agua-manifestado\/\"><span style=\"text-decoration: underline;\">Vincent Bioelectronics<\/span><\/a> encargado por Dynamized Technologies sobre la resistividad urinaria).<\/p>\n<\/div><\/div><div class=\"w-separator size_medium\"><\/div><div class=\"g-cols wpb_row via_flex valign_middle type_default reversed stacking_default\"><div class=\"vc_col-sm-6 wpb_column vc_column_container\"><div class=\"vc_column-inner\"><div class=\"wpb_wrapper\"><div class=\"wpb_text_column\"><div class=\"wpb_wrapper\"><p>P\u00e9rdida diaria de agua corporal = +\/- 2,5 L\/d\u00eda :<\/p>\n<ul>\n<li>Orina: de +\/- 0,5 L\/d\u00eda a 2,5 L (seg\u00fan el deporte practicado)<\/li>\n<li>Sudoraci\u00f3n: de +\/- 0,3 L\/d\u00eda a +\/- 2,5 L (seg\u00fan el deporte)<\/li>\n<li>Piel: +\/- 0,45 L\/d\u00eda<\/li>\n<li>Respiraci\u00f3n: +\/- 0,3 L\/d\u00eda<\/li>\n<li>Fecal: +\/- 0,2 L\/d\u00eda<\/li>\n<\/ul>\n<p>Para compensar esta p\u00e9rdida de agua, hay que beber agua de calidad de :<\/p>\n<ul>\n<li>agua potable (75%): +\/- 2,5 L\/d\u00eda (recomendaci\u00f3n de la EFSA)<\/li>\n<li>alimentaci\u00f3n (25%): +\/- 0,5 L\/d\u00eda<\/li>\n<\/ul>\n<p>Si desea beber agua tibia o caliente, le aconsejamos que caliente el agua fr\u00eda en lugar de tomar agua caliente del grifo que ha sido calentada por la caldera. De hecho, si la temperatura de la caldera no se ajusta a m\u00e1s de 50\u00b0C, existe el riesgo de que se desarrollen bacterias en el agua. Adem\u00e1s, el agua se estanca en la caldera durante la noche y puede cargarse de corrosi\u00f3n por las paredes internas de la caldera (seg\u00fan los materiales utilizados) y por el exceso de caliza depositada en ella.<\/p>\n<\/div><\/div><\/div><\/div><\/div><div class=\"vc_col-sm-6 wpb_column vc_column_container\"><div class=\"vc_column-inner\"><div class=\"wpb_wrapper\"><div class=\"w-image align_center\"><div class=\"w-image-h\"><img decoding=\"async\" width=\"631\" height=\"341\" src=\"https:\/\/biodynamizer.com\/wp-content\/uploads\/2020\/01\/consommation.png\" class=\"attachment-large size-large\" alt=\"\" loading=\"lazy\" srcset=\"https:\/\/biodynamizer.com\/wp-content\/uploads\/2020\/01\/consommation.png 631w, https:\/\/biodynamizer.com\/wp-content\/uploads\/2020\/01\/consommation-300x162.png 300w\" sizes=\"auto, (max-width: 631px) 100vw, 631px\" \/><\/div><\/div><\/div><\/div><\/div><\/div><\/div><\/div><\/div><\/div><\/div><\/section>\n","protected":false},"excerpt":{"rendered":"Inicio\/P\u00e1ginasNuestro consumo diario de agua Para que el agua sea buena para tu salud y participe en tu funcionamiento metab\u00f3lico, primero debes beberla, filtrarla (eliminar los contaminantes que contiene) y conservar sus minerales y oligoelementos. Los minerales no s\u00f3lo son importantes por su aportaci\u00f3n f\u00edsico-qu\u00edmica, sino tambi\u00e9n por la energ\u00eda que contienen. Si se reestructuran,...","protected":false},"author":3,"featured_media":0,"parent":5862,"menu_order":5,"comment_status":"closed","ping_status":"closed","template":"","meta":{"_monsterinsights_skip_tracking":false,"_monsterinsights_sitenote_active":false,"_monsterinsights_sitenote_note":"","_monsterinsights_sitenote_category":0,"footnotes":""},"class_list":["post-6551","page","type-page","status-publish","hentry"],"yoast_head":"<!-- This site is optimized with the Yoast SEO plugin v27.4 - https:\/\/yoast.com\/product\/yoast-seo-wordpress\/ -->\n<title>Nuestro consumo diario de agua - Biodynamizer<\/title>\n<meta name=\"description\" content=\"Biodynamizer - Nuestro consumo diario de agua - En savoir plus sur le biodynamizer et le biofiltre\" \/>\n<meta name=\"robots\" content=\"index, follow, max-snippet:-1, max-image-preview:large, max-video-preview:-1\" \/>\n<link rel=\"canonical\" href=\"https:\/\/biodynamizer.com\/es\/agua\/consumo-diario\/\" \/>\n<meta property=\"og:locale\" content=\"es_ES\" \/>\n<meta property=\"og:type\" content=\"article\" \/>\n<meta property=\"og:title\" content=\"Nuestro consumo diario de agua - Biodynamizer\" \/>\n<meta property=\"og:description\" content=\"Biodynamizer - Nuestro consumo diario de agua - En savoir plus sur le biodynamizer et le biofiltre\" \/>\n<meta property=\"og:url\" content=\"https:\/\/biodynamizer.com\/es\/agua\/consumo-diario\/\" \/>\n<meta property=\"og:site_name\" content=\"Biodynamizer\" \/>\n<meta property=\"article:modified_time\" content=\"2023-04-13T09:09:11+00:00\" \/>\n<meta property=\"og:image\" content=\"https:\/\/biodynamizer.com\/wp-content\/uploads\/2019\/11\/Depositphotos_15742931_xl-2015.jpg\" \/>\n\t<meta property=\"og:image:width\" content=\"2000\" \/>\n\t<meta property=\"og:image:height\" content=\"1333\" \/>\n\t<meta property=\"og:image:type\" content=\"image\/jpeg\" \/>\n<meta name=\"twitter:card\" content=\"summary_large_image\" \/>\n<meta name=\"twitter:label1\" content=\"Tiempo de lectura\" \/>\n\t<meta name=\"twitter:data1\" content=\"2 minutos\" \/>\n<script type=\"application\/ld+json\" class=\"yoast-schema-graph\">{\"@context\":\"https:\\\/\\\/schema.org\",\"@graph\":[{\"@type\":\"WebPage\",\"@id\":\"https:\\\/\\\/biodynamizer.com\\\/es\\\/agua\\\/consumo-diario\\\/\",\"url\":\"https:\\\/\\\/biodynamizer.com\\\/es\\\/agua\\\/consumo-diario\\\/\",\"name\":\"Nuestro consumo diario de agua - Biodynamizer\",\"isPartOf\":{\"@id\":\"https:\\\/\\\/biodynamizer.com\\\/es\\\/#website\"},\"datePublished\":\"2020-01-22T13:36:31+00:00\",\"dateModified\":\"2023-04-13T09:09:11+00:00\",\"description\":\"Biodynamizer - Nuestro consumo diario de agua - En savoir plus sur le biodynamizer et le biofiltre\",\"breadcrumb\":{\"@id\":\"https:\\\/\\\/biodynamizer.com\\\/es\\\/agua\\\/consumo-diario\\\/#breadcrumb\"},\"inLanguage\":\"es\",\"potentialAction\":[{\"@type\":\"ReadAction\",\"target\":[\"https:\\\/\\\/biodynamizer.com\\\/es\\\/agua\\\/consumo-diario\\\/\"]}]},{\"@type\":\"BreadcrumbList\",\"@id\":\"https:\\\/\\\/biodynamizer.com\\\/es\\\/agua\\\/consumo-diario\\\/#breadcrumb\",\"itemListElement\":[{\"@type\":\"ListItem\",\"position\":1,\"name\":\"Home\",\"item\":\"https:\\\/\\\/biodynamizer.com\\\/es\\\/\"},{\"@type\":\"ListItem\",\"position\":2,\"name\":\"Agua\",\"item\":\"https:\\\/\\\/biodynamizer.com\\\/es\\\/agua\\\/\"},{\"@type\":\"ListItem\",\"position\":3,\"name\":\"Nuestro consumo diario de agua\"}]},{\"@type\":\"WebSite\",\"@id\":\"https:\\\/\\\/biodynamizer.com\\\/es\\\/#website\",\"url\":\"https:\\\/\\\/biodynamizer.com\\\/es\\\/\",\"name\":\"Biodynamizer\",\"description\":\"Filtrez et dynamisez votre eau\",\"potentialAction\":[{\"@type\":\"SearchAction\",\"target\":{\"@type\":\"EntryPoint\",\"urlTemplate\":\"https:\\\/\\\/biodynamizer.com\\\/es\\\/?s={search_term_string}\"},\"query-input\":{\"@type\":\"PropertyValueSpecification\",\"valueRequired\":true,\"valueName\":\"search_term_string\"}}],\"inLanguage\":\"es\"}]}<\/script>\n<!-- \/ Yoast SEO plugin. -->","yoast_head_json":{"title":"Nuestro consumo diario de agua - Biodynamizer","description":"Biodynamizer - Nuestro consumo diario de agua - En savoir plus sur le biodynamizer et le biofiltre","robots":{"index":"index","follow":"follow","max-snippet":"max-snippet:-1","max-image-preview":"max-image-preview:large","max-video-preview":"max-video-preview:-1"},"canonical":"https:\/\/biodynamizer.com\/es\/agua\/consumo-diario\/","og_locale":"es_ES","og_type":"article","og_title":"Nuestro consumo diario de agua - Biodynamizer","og_description":"Biodynamizer - Nuestro consumo diario de agua - En savoir plus sur le biodynamizer et le biofiltre","og_url":"https:\/\/biodynamizer.com\/es\/agua\/consumo-diario\/","og_site_name":"Biodynamizer","article_modified_time":"2023-04-13T09:09:11+00:00","og_image":[{"width":2000,"height":1333,"url":"https:\/\/biodynamizer.com\/wp-content\/uploads\/2019\/11\/Depositphotos_15742931_xl-2015.jpg","type":"image\/jpeg"}],"twitter_card":"summary_large_image","twitter_misc":{"Tiempo de lectura":"2 minutos"},"schema":{"@context":"https:\/\/schema.org","@graph":[{"@type":"WebPage","@id":"https:\/\/biodynamizer.com\/es\/agua\/consumo-diario\/","url":"https:\/\/biodynamizer.com\/es\/agua\/consumo-diario\/","name":"Nuestro consumo diario de agua - Biodynamizer","isPartOf":{"@id":"https:\/\/biodynamizer.com\/es\/#website"},"datePublished":"2020-01-22T13:36:31+00:00","dateModified":"2023-04-13T09:09:11+00:00","description":"Biodynamizer - Nuestro consumo diario de agua - En savoir plus sur le biodynamizer et le biofiltre","breadcrumb":{"@id":"https:\/\/biodynamizer.com\/es\/agua\/consumo-diario\/#breadcrumb"},"inLanguage":"es","potentialAction":[{"@type":"ReadAction","target":["https:\/\/biodynamizer.com\/es\/agua\/consumo-diario\/"]}]},{"@type":"BreadcrumbList","@id":"https:\/\/biodynamizer.com\/es\/agua\/consumo-diario\/#breadcrumb","itemListElement":[{"@type":"ListItem","position":1,"name":"Home","item":"https:\/\/biodynamizer.com\/es\/"},{"@type":"ListItem","position":2,"name":"Agua","item":"https:\/\/biodynamizer.com\/es\/agua\/"},{"@type":"ListItem","position":3,"name":"Nuestro consumo diario de agua"}]},{"@type":"WebSite","@id":"https:\/\/biodynamizer.com\/es\/#website","url":"https:\/\/biodynamizer.com\/es\/","name":"Biodynamizer","description":"Filtrez et dynamisez votre eau","potentialAction":[{"@type":"SearchAction","target":{"@type":"EntryPoint","urlTemplate":"https:\/\/biodynamizer.com\/es\/?s={search_term_string}"},"query-input":{"@type":"PropertyValueSpecification","valueRequired":true,"valueName":"search_term_string"}}],"inLanguage":"es"}]}},"_links":{"self":[{"href":"https:\/\/biodynamizer.com\/es\/wp-json\/wp\/v2\/pages\/6551","targetHints":{"allow":["GET"]}}],"collection":[{"href":"https:\/\/biodynamizer.com\/es\/wp-json\/wp\/v2\/pages"}],"about":[{"href":"https:\/\/biodynamizer.com\/es\/wp-json\/wp\/v2\/types\/page"}],"author":[{"embeddable":true,"href":"https:\/\/biodynamizer.com\/es\/wp-json\/wp\/v2\/users\/3"}],"replies":[{"embeddable":true,"href":"https:\/\/biodynamizer.com\/es\/wp-json\/wp\/v2\/comments?post=6551"}],"version-history":[{"count":3,"href":"https:\/\/biodynamizer.com\/es\/wp-json\/wp\/v2\/pages\/6551\/revisions"}],"predecessor-version":[{"id":8636,"href":"https:\/\/biodynamizer.com\/es\/wp-json\/wp\/v2\/pages\/6551\/revisions\/8636"}],"up":[{"embeddable":true,"href":"https:\/\/biodynamizer.com\/es\/wp-json\/wp\/v2\/pages\/5862"}],"wp:attachment":[{"href":"https:\/\/biodynamizer.com\/es\/wp-json\/wp\/v2\/media?parent=6551"}],"curies":[{"name":"wp","href":"https:\/\/api.w.org\/{rel}","templated":true}]}}