{"id":6555,"date":"2020-01-22T07:54:15","date_gmt":"2020-01-22T07:54:15","guid":{"rendered":"https:\/\/biodynamizer.spleen-creation.be\/contact\/"},"modified":"2024-06-05T09:51:28","modified_gmt":"2024-06-05T09:51:28","slug":"contacto","status":"publish","type":"page","link":"https:\/\/biodynamizer.com\/es\/contacto\/","title":{"rendered":"CONTACTO"},"content":{"rendered":"<section class=\"l-section wpb_row us_custom_916fdabd height_small\"><div class=\"l-section-h i-cf\"><div class=\"g-cols vc_row via_flex valign_top type_default stacking_default\"><div class=\"vc_col-sm-12 wpb_column vc_column_container\"><div class=\"vc_column-inner\"><div class=\"wpb_wrapper\"><nav class=\"g-breadcrumbs separator_custom align_none\" itemscope itemtype=\"http:\/\/schema.org\/BreadcrumbList\"><div class=\"g-breadcrumbs-item\" itemscope itemprop=\"itemListElement\" itemtype=\"http:\/\/schema.org\/ListItem\"><a itemprop=\"item\" href=\"https:\/\/biodynamizer.com\/es\/\"><span itemprop=\"name\">Inicio<\/span><\/a><meta itemprop=\"position\" content=\"1\"\/><\/div><div class=\"g-breadcrumbs-separator\">\/<\/div><div class=\"g-breadcrumbs-item\">P\u00e1ginas<\/div><\/nav><\/div><\/div><\/div><\/div><\/div><\/section><section class=\"l-section wpb_row height_auto\"><div class=\"l-section-h i-cf\"><div class=\"g-cols vc_row via_flex valign_top type_default stacking_default\"><div class=\"vc_col-sm-12 wpb_column vc_column_container contact\"><div class=\"vc_column-inner\"><div class=\"wpb_wrapper\"><div class=\"w-html\"><style>@media only screen and (min-device-width : 320px) and (max-device-width : 768px) {\n.contact {\nheight: 1600px !important;\n}\n#contact {\nheight: 1600px !important;\n}\n}<\/style>\n<iframe id=\"contact\" src=\"https:\/\/shop.biodynamizer.com\/es\/iframe\/contactus\" style=\"width:100%;height: 1150px;\"><\/iframe><\/div><\/div><\/div><\/div><\/div><\/div><\/section><section class=\"l-section wpb_row fullheader height_auto\"><div class=\"l-section-h i-cf\"><div class=\"g-cols vc_row via_flex valign_top type_default stacking_default\"><div class=\"vc_col-sm-12 wpb_column vc_column_container has_text_color\"><div class=\"vc_column-inner us_custom_6df4bc3a\"><div class=\"wpb_wrapper\"><div class=\"wpb_text_column us_custom_95ebd667 has_text_color\"><div class=\"wpb_wrapper\"><h3 style=\"text-align: center;\">\u00bfQUI\u00c9NES SOMOS?<\/h3>\n<h3 style=\"text-align: center;\"><\/h3>\n<\/div><\/div><div class=\"w-separator size_medium\"><\/div><\/div><\/div><\/div><\/div><\/div><\/section><section class=\"l-section wpb_row height_medium\"><div class=\"l-section-h i-cf\"><div class=\"g-cols vc_row via_flex valign_top type_default stacking_default\"><div class=\"vc_col-sm-12 wpb_column vc_column_container\"><div class=\"vc_column-inner\"><div class=\"wpb_wrapper\"><div class=\"wpb_text_column\"><div class=\"wpb_wrapper\"><h2><strong>Un equipo complementario y experimentado<\/strong><\/h2>\n<h2><\/h2>\n<\/div><\/div><div class=\"w-separator size_medium\"><\/div><div class=\"g-cols wpb_row us_custom_f029a2ba via_flex valign_top type_default stacking_default\"><div class=\"vc_col-sm-4 wpb_column vc_column_container\"><div class=\"vc_column-inner\"><div class=\"wpb_wrapper\"><div class=\"w-image align_center\"><div class=\"w-image-h\"><img decoding=\"async\" width=\"229\" height=\"335\" src=\"https:\/\/biodynamizer.com\/wp-content\/uploads\/2020\/01\/chris.png\" class=\"attachment-large size-large\" alt=\"\" loading=\"lazy\" srcset=\"https:\/\/biodynamizer.com\/wp-content\/uploads\/2020\/01\/chris.png 229w, https:\/\/biodynamizer.com\/wp-content\/uploads\/2020\/01\/chris-205x300.png 205w\" sizes=\"auto, (max-width: 229px) 100vw, 229px\" \/><\/div><\/div><\/div><\/div><\/div><div class=\"vc_col-sm-8 wpb_column vc_column_container\"><div class=\"vc_column-inner\"><div class=\"wpb_wrapper\"><div class=\"wpb_text_column\"><div class=\"wpb_wrapper\"><h4><strong>CHRISTOPHE CARRETTE &#8211; Managing Partner &#8211; Fundator<\/strong><\/h4>\n<p>Naturalista, fil\u00f3sofo e investigador. Con una formaci\u00f3n jur\u00eddica, ha estado activo durante 25 a\u00f1os en la banca, las finanzas y los seguros. En 2012, dio un giro profesional de 180\u00b0 y dej\u00f3 su \u00abcarrera <i>cl\u00e1sica<\/i>\u00bb para escribir un libro filos\u00f3fico sobre el significado de la vida (\u00ab<b><i>Ainsi va la vie\u00bb<\/i><\/b>) antes de embarcarse al 100% en los secretos de la dinamizaci\u00f3n del agua en 2014. Desde entonces, ha participado activamente, junto con cient\u00edficos e investigadores europeos, en estudios sobre el agua dinamizada y sus beneficios. Tambi\u00e9n es el creador del <b>Biodynamizer,<\/b> que comenz\u00f3 a desarrollar en 2015 y que se lanz\u00f3 comercialmente a principios de 2020. Puso todo su conocimiento, convicciones, intuiciones y coraz\u00f3n en ello. Tambi\u00e9n es el creador de la cerveza de <a href=\"https:\/\/www.houblonde.com\/\"><strong>Houblonde<\/strong><b><\/b> <\/a>la primera cerveza dinamizada del mundo, y de la empresa H2O Benelux con la que empez\u00f3 a comercializar dispositivos de dinamizaci\u00f3n de agua en 2014 y que m\u00e1s tarde se convirti\u00f3 en Dynamized Technologies. Como ponente en el campo de la dinamizaci\u00f3n del agua y de todos los l\u00edquidos en general, su enfoque forma parte de la voluntad de colaborar, compartir y estructurar la informaci\u00f3n m\u00e1s reciente y objetiva sobre la dinamizaci\u00f3n del agua. Para \u00e9l, \u00ablos c\u00f3digos de <i>energ\u00eda, el agua descodifica y los humanos codifican<\/i>\u00bb toda la informaci\u00f3n del universo.<\/p>\n<\/div><\/div><\/div><\/div><\/div><\/div><\/div><\/div><\/div><\/div><\/div><\/section>\n","protected":false},"excerpt":{"rendered":"Inicio\/P\u00e1ginas \u00bfQUI\u00c9NES SOMOS? Un equipo complementario y experimentado CHRISTOPHE CARRETTE &#8211; Managing Partner &#8211; Fundator Naturalista, fil\u00f3sofo e investigador. Con una formaci\u00f3n jur\u00eddica, ha estado activo durante 25 a\u00f1os en la banca, las finanzas y los seguros. En 2012, dio un giro profesional de 180\u00b0 y dej\u00f3 su \u00abcarrera cl\u00e1sica\u00bb para escribir un libro filos\u00f3fico...","protected":false},"author":3,"featured_media":0,"parent":0,"menu_order":10,"comment_status":"closed","ping_status":"closed","template":"","meta":{"_monsterinsights_skip_tracking":false,"_monsterinsights_sitenote_active":false,"_monsterinsights_sitenote_note":"","_monsterinsights_sitenote_category":0,"footnotes":""},"class_list":["post-6555","page","type-page","status-publish","hentry"],"yoast_head":"<!-- This site is optimized with the Yoast SEO plugin v27.3 - https:\/\/yoast.com\/product\/yoast-seo-wordpress\/ -->\n<title>CONTACTO - Biodynamizer<\/title>\n<meta name=\"description\" content=\"Dynamized Technologies est la soci\u00e9t\u00e9 qui fabrique le Biodynamizer (dynamiseur ou revitaliseur d&#039;eau de ville) avec le concours de plusieurs usines europ\u00e9ennes. Christophe Carrette est un naturaliste, philosophe et chercheur. De formation juridique, il a \u00e9t\u00e9 actif pendant 25 ans dans la Banque, la Finance et l\u2019Assurance. En 2012 il a op\u00e9r\u00e9 un virage professionnel \u00e0 180\u00b0 et a quitt\u00e9 sa \u00ab\u00a0carri\u00e8re classsique \u00bb pour \u00e9crire un livre philosophique sur le sens de la vie (\u00ab Ainsi va la vie\u00a0\u00bb) avant de se lancer \u00e0 100% dans les secrets de la dynamisation de l\u2019eau en 2014. I est le cr\u00e9ateur du Biodynamizer\u00ae. Tanguy De Prest est dipl\u00f4m\u00e9 en marketing et communication, il a mis toute son expertise au service des plus grandes marques sur les march\u00e9s belges et internationaux. Il a particip\u00e9 entre autre au lancement de plusieurs grands projets internationaux ainsi que de startups. Ensemble ils ont lanc\u00e9 le Biodynamizer\u00ae en 2020.\" \/>\n<meta name=\"robots\" content=\"index, follow, max-snippet:-1, max-image-preview:large, max-video-preview:-1\" \/>\n<link rel=\"canonical\" href=\"https:\/\/biodynamizer.com\/es\/contacto\/\" \/>\n<meta property=\"og:locale\" content=\"es_ES\" \/>\n<meta property=\"og:type\" content=\"article\" \/>\n<meta property=\"og:title\" content=\"CONTACTO - Biodynamizer\" \/>\n<meta property=\"og:description\" content=\"Dynamized Technologies est la soci\u00e9t\u00e9 qui fabrique le Biodynamizer (dynamiseur ou revitaliseur d&#039;eau de ville) avec le concours de plusieurs usines europ\u00e9ennes. Christophe Carrette est un naturaliste, philosophe et chercheur. De formation juridique, il a \u00e9t\u00e9 actif pendant 25 ans dans la Banque, la Finance et l\u2019Assurance. En 2012 il a op\u00e9r\u00e9 un virage professionnel \u00e0 180\u00b0 et a quitt\u00e9 sa \u00ab\u00a0carri\u00e8re classsique \u00bb pour \u00e9crire un livre philosophique sur le sens de la vie (\u00ab Ainsi va la vie\u00a0\u00bb) avant de se lancer \u00e0 100% dans les secrets de la dynamisation de l\u2019eau en 2014. I est le cr\u00e9ateur du Biodynamizer\u00ae. Tanguy De Prest est dipl\u00f4m\u00e9 en marketing et communication, il a mis toute son expertise au service des plus grandes marques sur les march\u00e9s belges et internationaux. Il a particip\u00e9 entre autre au lancement de plusieurs grands projets internationaux ainsi que de startups. Ensemble ils ont lanc\u00e9 le Biodynamizer\u00ae en 2020.\" \/>\n<meta property=\"og:url\" content=\"https:\/\/biodynamizer.com\/es\/contacto\/\" \/>\n<meta property=\"og:site_name\" content=\"Biodynamizer\" \/>\n<meta property=\"article:modified_time\" content=\"2024-06-05T09:51:28+00:00\" \/>\n<meta property=\"og:image\" content=\"https:\/\/biodynamizer.com\/wp-content\/uploads\/2019\/11\/Depositphotos_15742931_xl-2015.jpg\" \/>\n\t<meta property=\"og:image:width\" content=\"2000\" \/>\n\t<meta property=\"og:image:height\" content=\"1333\" \/>\n\t<meta property=\"og:image:type\" content=\"image\/jpeg\" \/>\n<meta name=\"twitter:card\" content=\"summary_large_image\" \/>\n<meta name=\"twitter:label1\" content=\"Tiempo de lectura\" \/>\n\t<meta name=\"twitter:data1\" content=\"8 minutos\" \/>\n<script type=\"application\/ld+json\" class=\"yoast-schema-graph\">{\"@context\":\"https:\\\/\\\/schema.org\",\"@graph\":[{\"@type\":\"WebPage\",\"@id\":\"https:\\\/\\\/biodynamizer.com\\\/es\\\/contacto\\\/\",\"url\":\"https:\\\/\\\/biodynamizer.com\\\/es\\\/contacto\\\/\",\"name\":\"CONTACTO - Biodynamizer\",\"isPartOf\":{\"@id\":\"https:\\\/\\\/biodynamizer.com\\\/es\\\/#website\"},\"datePublished\":\"2020-01-22T07:54:15+00:00\",\"dateModified\":\"2024-06-05T09:51:28+00:00\",\"description\":\"Dynamized Technologies est la soci\u00e9t\u00e9 qui fabrique le Biodynamizer (dynamiseur ou revitaliseur d'eau de ville) avec le concours de plusieurs usines europ\u00e9ennes. Christophe Carrette est un naturaliste, philosophe et chercheur. De formation juridique, il a \u00e9t\u00e9 actif pendant 25 ans dans la Banque, la Finance et l\u2019Assurance. En 2012 il a op\u00e9r\u00e9 un virage professionnel \u00e0 180\u00b0 et a quitt\u00e9 sa \u00ab\u00a0carri\u00e8re classsique \u00bb pour \u00e9crire un livre philosophique sur le sens de la vie (\u00ab Ainsi va la vie\u00a0\u00bb) avant de se lancer \u00e0 100% dans les secrets de la dynamisation de l\u2019eau en 2014. I est le cr\u00e9ateur du Biodynamizer\u00ae. Tanguy De Prest est dipl\u00f4m\u00e9 en marketing et communication, il a mis toute son expertise au service des plus grandes marques sur les march\u00e9s belges et internationaux. Il a particip\u00e9 entre autre au lancement de plusieurs grands projets internationaux ainsi que de startups. Ensemble ils ont lanc\u00e9 le Biodynamizer\u00ae en 2020.\",\"breadcrumb\":{\"@id\":\"https:\\\/\\\/biodynamizer.com\\\/es\\\/contacto\\\/#breadcrumb\"},\"inLanguage\":\"es\",\"potentialAction\":[{\"@type\":\"ReadAction\",\"target\":[\"https:\\\/\\\/biodynamizer.com\\\/es\\\/contacto\\\/\"]}]},{\"@type\":\"BreadcrumbList\",\"@id\":\"https:\\\/\\\/biodynamizer.com\\\/es\\\/contacto\\\/#breadcrumb\",\"itemListElement\":[{\"@type\":\"ListItem\",\"position\":1,\"name\":\"Home\",\"item\":\"https:\\\/\\\/biodynamizer.com\\\/es\\\/\"},{\"@type\":\"ListItem\",\"position\":2,\"name\":\"CONTACTO\"}]},{\"@type\":\"WebSite\",\"@id\":\"https:\\\/\\\/biodynamizer.com\\\/es\\\/#website\",\"url\":\"https:\\\/\\\/biodynamizer.com\\\/es\\\/\",\"name\":\"Biodynamizer\",\"description\":\"Filtrez et dynamisez votre eau\",\"potentialAction\":[{\"@type\":\"SearchAction\",\"target\":{\"@type\":\"EntryPoint\",\"urlTemplate\":\"https:\\\/\\\/biodynamizer.com\\\/es\\\/?s={search_term_string}\"},\"query-input\":{\"@type\":\"PropertyValueSpecification\",\"valueRequired\":true,\"valueName\":\"search_term_string\"}}],\"inLanguage\":\"es\"}]}<\/script>\n<!-- \/ Yoast SEO plugin. -->","yoast_head_json":{"title":"CONTACTO - Biodynamizer","description":"Dynamized Technologies est la soci\u00e9t\u00e9 qui fabrique le Biodynamizer (dynamiseur ou revitaliseur d'eau de ville) avec le concours de plusieurs usines europ\u00e9ennes. Christophe Carrette est un naturaliste, philosophe et chercheur. De formation juridique, il a \u00e9t\u00e9 actif pendant 25 ans dans la Banque, la Finance et l\u2019Assurance. En 2012 il a op\u00e9r\u00e9 un virage professionnel \u00e0 180\u00b0 et a quitt\u00e9 sa \u00ab\u00a0carri\u00e8re classsique \u00bb pour \u00e9crire un livre philosophique sur le sens de la vie (\u00ab Ainsi va la vie\u00a0\u00bb) avant de se lancer \u00e0 100% dans les secrets de la dynamisation de l\u2019eau en 2014. I est le cr\u00e9ateur du Biodynamizer\u00ae. Tanguy De Prest est dipl\u00f4m\u00e9 en marketing et communication, il a mis toute son expertise au service des plus grandes marques sur les march\u00e9s belges et internationaux. Il a particip\u00e9 entre autre au lancement de plusieurs grands projets internationaux ainsi que de startups. Ensemble ils ont lanc\u00e9 le Biodynamizer\u00ae en 2020.","robots":{"index":"index","follow":"follow","max-snippet":"max-snippet:-1","max-image-preview":"max-image-preview:large","max-video-preview":"max-video-preview:-1"},"canonical":"https:\/\/biodynamizer.com\/es\/contacto\/","og_locale":"es_ES","og_type":"article","og_title":"CONTACTO - Biodynamizer","og_description":"Dynamized Technologies est la soci\u00e9t\u00e9 qui fabrique le Biodynamizer (dynamiseur ou revitaliseur d'eau de ville) avec le concours de plusieurs usines europ\u00e9ennes. Christophe Carrette est un naturaliste, philosophe et chercheur. De formation juridique, il a \u00e9t\u00e9 actif pendant 25 ans dans la Banque, la Finance et l\u2019Assurance. En 2012 il a op\u00e9r\u00e9 un virage professionnel \u00e0 180\u00b0 et a quitt\u00e9 sa \u00ab\u00a0carri\u00e8re classsique \u00bb pour \u00e9crire un livre philosophique sur le sens de la vie (\u00ab Ainsi va la vie\u00a0\u00bb) avant de se lancer \u00e0 100% dans les secrets de la dynamisation de l\u2019eau en 2014. I est le cr\u00e9ateur du Biodynamizer\u00ae. Tanguy De Prest est dipl\u00f4m\u00e9 en marketing et communication, il a mis toute son expertise au service des plus grandes marques sur les march\u00e9s belges et internationaux. Il a particip\u00e9 entre autre au lancement de plusieurs grands projets internationaux ainsi que de startups. Ensemble ils ont lanc\u00e9 le Biodynamizer\u00ae en 2020.","og_url":"https:\/\/biodynamizer.com\/es\/contacto\/","og_site_name":"Biodynamizer","article_modified_time":"2024-06-05T09:51:28+00:00","og_image":[{"width":2000,"height":1333,"url":"https:\/\/biodynamizer.com\/wp-content\/uploads\/2019\/11\/Depositphotos_15742931_xl-2015.jpg","type":"image\/jpeg"}],"twitter_card":"summary_large_image","twitter_misc":{"Tiempo de lectura":"8 minutos"},"schema":{"@context":"https:\/\/schema.org","@graph":[{"@type":"WebPage","@id":"https:\/\/biodynamizer.com\/es\/contacto\/","url":"https:\/\/biodynamizer.com\/es\/contacto\/","name":"CONTACTO - Biodynamizer","isPartOf":{"@id":"https:\/\/biodynamizer.com\/es\/#website"},"datePublished":"2020-01-22T07:54:15+00:00","dateModified":"2024-06-05T09:51:28+00:00","description":"Dynamized Technologies est la soci\u00e9t\u00e9 qui fabrique le Biodynamizer (dynamiseur ou revitaliseur d'eau de ville) avec le concours de plusieurs usines europ\u00e9ennes. Christophe Carrette est un naturaliste, philosophe et chercheur. De formation juridique, il a \u00e9t\u00e9 actif pendant 25 ans dans la Banque, la Finance et l\u2019Assurance. En 2012 il a op\u00e9r\u00e9 un virage professionnel \u00e0 180\u00b0 et a quitt\u00e9 sa \u00ab\u00a0carri\u00e8re classsique \u00bb pour \u00e9crire un livre philosophique sur le sens de la vie (\u00ab Ainsi va la vie\u00a0\u00bb) avant de se lancer \u00e0 100% dans les secrets de la dynamisation de l\u2019eau en 2014. I est le cr\u00e9ateur du Biodynamizer\u00ae. Tanguy De Prest est dipl\u00f4m\u00e9 en marketing et communication, il a mis toute son expertise au service des plus grandes marques sur les march\u00e9s belges et internationaux. Il a particip\u00e9 entre autre au lancement de plusieurs grands projets internationaux ainsi que de startups. Ensemble ils ont lanc\u00e9 le Biodynamizer\u00ae en 2020.","breadcrumb":{"@id":"https:\/\/biodynamizer.com\/es\/contacto\/#breadcrumb"},"inLanguage":"es","potentialAction":[{"@type":"ReadAction","target":["https:\/\/biodynamizer.com\/es\/contacto\/"]}]},{"@type":"BreadcrumbList","@id":"https:\/\/biodynamizer.com\/es\/contacto\/#breadcrumb","itemListElement":[{"@type":"ListItem","position":1,"name":"Home","item":"https:\/\/biodynamizer.com\/es\/"},{"@type":"ListItem","position":2,"name":"CONTACTO"}]},{"@type":"WebSite","@id":"https:\/\/biodynamizer.com\/es\/#website","url":"https:\/\/biodynamizer.com\/es\/","name":"Biodynamizer","description":"Filtrez et dynamisez votre eau","potentialAction":[{"@type":"SearchAction","target":{"@type":"EntryPoint","urlTemplate":"https:\/\/biodynamizer.com\/es\/?s={search_term_string}"},"query-input":{"@type":"PropertyValueSpecification","valueRequired":true,"valueName":"search_term_string"}}],"inLanguage":"es"}]}},"_links":{"self":[{"href":"https:\/\/biodynamizer.com\/es\/wp-json\/wp\/v2\/pages\/6555","targetHints":{"allow":["GET"]}}],"collection":[{"href":"https:\/\/biodynamizer.com\/es\/wp-json\/wp\/v2\/pages"}],"about":[{"href":"https:\/\/biodynamizer.com\/es\/wp-json\/wp\/v2\/types\/page"}],"author":[{"embeddable":true,"href":"https:\/\/biodynamizer.com\/es\/wp-json\/wp\/v2\/users\/3"}],"replies":[{"embeddable":true,"href":"https:\/\/biodynamizer.com\/es\/wp-json\/wp\/v2\/comments?post=6555"}],"version-history":[{"count":19,"href":"https:\/\/biodynamizer.com\/es\/wp-json\/wp\/v2\/pages\/6555\/revisions"}],"predecessor-version":[{"id":24705,"href":"https:\/\/biodynamizer.com\/es\/wp-json\/wp\/v2\/pages\/6555\/revisions\/24705"}],"wp:attachment":[{"href":"https:\/\/biodynamizer.com\/es\/wp-json\/wp\/v2\/media?parent=6555"}],"curies":[{"name":"wp","href":"https:\/\/api.w.org\/{rel}","templated":true}]}}