{"id":6603,"date":"2020-01-21T08:21:23","date_gmt":"2020-01-21T08:21:23","guid":{"rendered":"https:\/\/biodynamizer.spleen-creation.be\/installation-entretien\/"},"modified":"2025-08-27T13:30:58","modified_gmt":"2025-08-27T13:30:58","slug":"instalacion-mantenimiento","status":"publish","type":"page","link":"https:\/\/biodynamizer.com\/es\/instalacion-mantenimiento\/","title":{"rendered":"Instalaci\u00f3n y mantenimiento"},"content":{"rendered":"<section class=\"l-section wpb_row us_custom_916fdabd height_small\"><div class=\"l-section-h i-cf\"><div class=\"g-cols vc_row via_flex valign_top type_default stacking_default\"><div class=\"vc_col-sm-12 wpb_column vc_column_container\"><div class=\"vc_column-inner\"><div class=\"wpb_wrapper\"><nav class=\"g-breadcrumbs separator_custom align_none\" itemscope itemtype=\"http:\/\/schema.org\/BreadcrumbList\"><div class=\"g-breadcrumbs-item\" itemscope itemprop=\"itemListElement\" itemtype=\"http:\/\/schema.org\/ListItem\"><a itemprop=\"item\" href=\"https:\/\/biodynamizer.com\/es\/\"><span itemprop=\"name\">Inicio<\/span><\/a><meta itemprop=\"position\" content=\"1\"\/><\/div><div class=\"g-breadcrumbs-separator\">\/<\/div><div class=\"g-breadcrumbs-item\">P\u00e1ginas<\/div><\/nav><\/div><\/div><\/div><\/div><\/div><\/section><section class=\"l-section wpb_row height_medium width_full\"><div class=\"l-section-h i-cf\"><div class=\"g-cols vc_row via_flex valign_bottom type_default stacking_default\"><div class=\"vc_col-sm-6 wpb_column vc_column_container imagesideblock has_text_color has_bg_color\"><div class=\"vc_column-inner us_custom_25b91bd2\"><div class=\"wpb_wrapper\"><\/div><\/div><\/div><div class=\"vc_col-sm-6 wpb_column vc_column_container tekstsideblock\"><div class=\"vc_column-inner\"><div class=\"wpb_wrapper\"><div class=\"wpb_text_column\"><div class=\"wpb_wrapper\"><h2>Instalaci\u00f3n y mantenimiento<\/h2>\n<\/div><\/div><div class=\"w-separator size_large\"><\/div><div class=\"wpb_text_column\"><div class=\"wpb_wrapper\"><p>Instalaci\u00f3n y mantenimiento<br \/>\nLa instalaci\u00f3n del Biofiltro y el Biodynamizer\u00ae es sencilla y puede ser realizada por cualquier fontanero o instalador profesional. El Biodynamizer\u00ae no requiere mantenimiento, ni consumibles, ni electricidad y no produce p\u00e9rdida de agua. Solo el cartucho de filtro tiene que ser reemplazado cada 150.000 litros o m\u00e1ximo cada a\u00f1o.<\/p>\n<\/div><\/div><div class=\"w-separator size_large\"><\/div><div class=\"w-btn-wrapper align_none\"><a class=\"w-btn us-btn-style_1\" target=\"_blank\" rel=\"nofollow\" title=\"Instrucciones de colocaci\u00f3n\" href=\"https:\/\/biodynamizer.com\/wp-content\/uploads\/2024\/12\/Instrucciones-de-colocacion-Biofilter-Biodynamizer-ES-2025.01-1.pdf\"><span class=\"w-btn-label\">Instrucciones de colocaci\u00f3n<\/span><\/a><\/div><div class=\"w-btn-wrapper align_none\"><a class=\"w-btn us-btn-style_1\" target=\"_blank\" rel=\"nofollow\" title=\"Instrucciones de colocaci\u00f3n\" href=\"https:\/\/biodynamizer.com\/wp-content\/uploads\/2024\/12\/Instrucciones-de-Reemplazo-Bio-Pro-cartucho-Biofilter-ES-2024.01.pdf\"><span class=\"w-btn-label\">Instrucciones de Reemplazo Bio Pro cartucho<\/span><\/a><\/div><\/div><\/div><\/div><\/div><\/div><\/section><section class=\"l-section wpb_row height_medium\"><div class=\"l-section-h i-cf\"><div class=\"g-cols vc_row via_flex valign_middle type_default stacking_default\"><div class=\"vc_col-sm-6 wpb_column vc_column_container\"><div class=\"vc_column-inner\"><div class=\"wpb_wrapper\"><div class=\"wpb_text_column\"><div class=\"wpb_wrapper\"><p>El Biofiltro y el Biodynamizer\u00ae pueden ser instalados por cualquier fontanero o instalador sanitario profesional justo despu\u00e9s del contador de agua de la ciudad. Se necesita un espacio de +\/- 1 m\u00b2 para colocarlos.<\/p>\n<p>SIMPLICIDAD:<\/p>\n<ul>\n<li>Colocaci\u00f3n por cualquier fontanero profesional<\/li>\n<li>conexiones est\u00e1ndar (conexiones de lat\u00f3n de 3\/4&#8242;)<\/li>\n<li>Los aparatos funcionan sin electricidad, sin drenaje de agua y sin el uso de sal o agentes qu\u00edmicos (s\u00f3lo el cartucho filtrante debe ser reemplazado cada 150m3 y como m\u00e1ximo cada a\u00f1o).<\/li>\n<\/ul>\n<ul>\n<li style=\"list-style-type: none;\"><\/li>\n<\/ul>\n<\/div><\/div><div class=\"w-separator size_large\"><\/div><\/div><\/div><\/div><div class=\"vc_col-sm-6 wpb_column vc_column_container\"><div class=\"vc_column-inner\"><div class=\"wpb_wrapper\"><div class=\"w-image align_center\"><div class=\"w-image-h\"><img decoding=\"async\" width=\"768\" height=\"1024\" src=\"https:\/\/biodynamizer.com\/wp-content\/uploads\/2025\/08\/IMG_3097-768x1024.jpeg\" class=\"attachment-large size-large\" alt=\"filtre biodynamizer\" loading=\"lazy\" srcset=\"https:\/\/biodynamizer.com\/wp-content\/uploads\/2025\/08\/IMG_3097-768x1024.jpeg 768w, https:\/\/biodynamizer.com\/wp-content\/uploads\/2025\/08\/IMG_3097-225x300.jpeg 225w, https:\/\/biodynamizer.com\/wp-content\/uploads\/2025\/08\/IMG_3097-300x400.jpeg 300w, https:\/\/biodynamizer.com\/wp-content\/uploads\/2025\/08\/IMG_3097-640x853.jpeg 640w, https:\/\/biodynamizer.com\/wp-content\/uploads\/2025\/08\/IMG_3097.jpeg 1536w\" sizes=\"auto, (max-width: 768px) 100vw, 768px\" \/><\/div><\/div><div class=\"w-separator size_medium\"><\/div><\/div><\/div><\/div><\/div><\/div><\/section><section class=\"l-section wpb_row height_auto\"><div class=\"l-section-h i-cf\"><div class=\"g-cols vc_row via_flex valign_top type_default stacking_default\"><div class=\"vc_col-sm-12 wpb_column vc_column_container\"><div class=\"vc_column-inner\"><div class=\"wpb_wrapper\"><div class=\"wpb_text_column\"><div class=\"wpb_wrapper\"><h4 style=\"text-align: center;\"><b>Mantenimiento del biofiltro: sustituci\u00f3n del cartucho filtrante<\/b><\/h4>\n<h4 style=\"text-align: center;\"><\/h4>\n<\/div><\/div><div class=\"w-separator size_medium\"><\/div><\/div><\/div><\/div><\/div><\/div><\/section><section class=\"l-section wpb_row height_auto\"><div class=\"l-section-h i-cf\"><div class=\"g-cols vc_row via_flex valign_top type_default stacking_default\"><div class=\"vc_col-sm-8 wpb_column vc_column_container\"><div class=\"vc_column-inner\"><div class=\"wpb_wrapper\"><div class=\"wpb_text_column\"><div class=\"wpb_wrapper\"><p>El Biofiltro contiene un cartucho filtrante con una capacidad de 150 m3 (150.000 litros) y un m\u00e1ximo de 1 a\u00f1o. Seg\u00fan el n\u00famero de consumidores, esto equivale a un consumo de agua de +\/- 8 meses a 5 personas (con un consumo medio de 30m3\/a\u00f1o\/persona). Es importante sustituir el cartucho filtrante despu\u00e9s de alcanzar estos par\u00e1metros porque, m\u00e1s all\u00e1 de la capacidad indicada, el cartucho puede atascarse y perder eficacia, \u00a1con la consecuencia de que su carga microbiana puede llegar a ser excesiva! \u00a1El cartucho puede ser cambiado en 5 minutos sin la intervenci\u00f3n de un plomero! Es aconsejable dejar correr el agua durante 10 minutos despu\u00e9s de cambiar el cartucho. El aire se escapar\u00e1 a trav\u00e9s del grifo de agua abierto (el aspecto opaco del agua es en realidad aire mezclado con agua). Despu\u00e9s de varios minutos de flujo de agua, el aire en las tuber\u00edas desaparecer\u00e1 y el agua ser\u00e1 transparente de nuevo inmediatamente!<\/p>\n<p>Dadas las variables de consumo, calidad del agua e instalaci\u00f3n sanitaria, la responsabilidad de la renovaci\u00f3n de los cartuchos recae en el cliente y no en SA Dynamized Technologies. \u200b<\/p>\n<p>Al sustituir el cartucho, tambi\u00e9n es \u00fatil comprobar la eficacia de las juntas t\u00f3ricas que sellan la carcasa del filtro (para garantizar su estanqueidad).<\/p>\n<\/div><\/div><div class=\"w-separator size_medium\"><\/div><div class=\"w-btn-wrapper align_justify\"><a class=\"w-btn us-btn-style_4 us_custom_8d5aa4e2 buttonicoon\" title=\"Commander\" href=\"https:\/\/biodynamizer.com\/es\/pedir\/\"><span class=\"w-btn-label\">Pedir un cartucho<\/span><\/a><\/div><div class=\"w-separator size_large\"><\/div><\/div><\/div><\/div><div class=\"vc_col-sm-4 wpb_column vc_column_container\"><div class=\"vc_column-inner\"><div class=\"wpb_wrapper\"><div class=\"w-image align_center\"><div class=\"w-image-h\"><img decoding=\"async\" width=\"768\" height=\"1024\" src=\"https:\/\/biodynamizer.com\/wp-content\/uploads\/2020\/08\/IMG_3283-768x1024.jpg\" class=\"attachment-large size-large\" alt=\"\" loading=\"lazy\" srcset=\"https:\/\/biodynamizer.com\/wp-content\/uploads\/2020\/08\/IMG_3283-768x1024.jpg 768w, https:\/\/biodynamizer.com\/wp-content\/uploads\/2020\/08\/IMG_3283-225x300.jpg 225w, https:\/\/biodynamizer.com\/wp-content\/uploads\/2020\/08\/IMG_3283-1152x1536.jpg 1152w, https:\/\/biodynamizer.com\/wp-content\/uploads\/2020\/08\/IMG_3283-1536x2048.jpg 1536w, https:\/\/biodynamizer.com\/wp-content\/uploads\/2020\/08\/IMG_3283-scaled.jpg 1920w\" sizes=\"auto, (max-width: 768px) 100vw, 768px\" \/><\/div><\/div><\/div><\/div><\/div><\/div><\/div><\/section>\n","protected":false},"excerpt":{"rendered":"Inicio\/P\u00e1ginasInstalaci\u00f3n y mantenimiento Instalaci\u00f3n y mantenimiento La instalaci\u00f3n del Biofiltro y el Biodynamizer\u00ae es sencilla y puede ser realizada por cualquier fontanero o instalador profesional. El Biodynamizer\u00ae no requiere mantenimiento, ni consumibles, ni electricidad y no produce p\u00e9rdida de agua. Solo el cartucho de filtro tiene que ser reemplazado cada 150.000 litros o m\u00e1ximo cada...","protected":false},"author":3,"featured_media":0,"parent":0,"menu_order":20,"comment_status":"closed","ping_status":"closed","template":"","meta":{"_monsterinsights_skip_tracking":false,"_monsterinsights_sitenote_active":false,"_monsterinsights_sitenote_note":"","_monsterinsights_sitenote_category":0,"footnotes":""},"class_list":["post-6603","page","type-page","status-publish","hentry"],"yoast_head":"<!-- This site is optimized with the Yoast SEO plugin v27.4 - https:\/\/yoast.com\/product\/yoast-seo-wordpress\/ -->\n<title>Instalaci\u00f3n y mantenimiento - Biodynamizer<\/title>\n<meta name=\"description\" content=\"Biodynamizer - Instalaci\u00f3n y mantenimiento - En savoir plus sur le biodynamizer et le biofiltre\" \/>\n<meta name=\"robots\" content=\"index, follow, max-snippet:-1, max-image-preview:large, max-video-preview:-1\" \/>\n<link rel=\"canonical\" href=\"https:\/\/biodynamizer.com\/es\/instalacion-mantenimiento\/\" \/>\n<meta property=\"og:locale\" content=\"es_ES\" \/>\n<meta property=\"og:type\" content=\"article\" \/>\n<meta property=\"og:title\" content=\"Instalaci\u00f3n y mantenimiento - Biodynamizer\" \/>\n<meta property=\"og:description\" content=\"Biodynamizer - Instalaci\u00f3n y mantenimiento - En savoir plus sur le biodynamizer et le biofiltre\" \/>\n<meta property=\"og:url\" content=\"https:\/\/biodynamizer.com\/es\/instalacion-mantenimiento\/\" \/>\n<meta property=\"og:site_name\" content=\"Biodynamizer\" \/>\n<meta property=\"article:modified_time\" content=\"2025-08-27T13:30:58+00:00\" \/>\n<meta property=\"og:image\" content=\"https:\/\/biodynamizer.com\/wp-content\/uploads\/2019\/11\/Depositphotos_15742931_xl-2015.jpg\" \/>\n\t<meta property=\"og:image:width\" content=\"2000\" \/>\n\t<meta property=\"og:image:height\" content=\"1333\" \/>\n\t<meta property=\"og:image:type\" content=\"image\/jpeg\" \/>\n<meta name=\"twitter:card\" content=\"summary_large_image\" \/>\n<meta name=\"twitter:label1\" content=\"Tiempo de lectura\" \/>\n\t<meta name=\"twitter:data1\" content=\"3 minutos\" \/>\n<script type=\"application\/ld+json\" class=\"yoast-schema-graph\">{\"@context\":\"https:\\\/\\\/schema.org\",\"@graph\":[{\"@type\":\"WebPage\",\"@id\":\"https:\\\/\\\/biodynamizer.com\\\/es\\\/instalacion-mantenimiento\\\/\",\"url\":\"https:\\\/\\\/biodynamizer.com\\\/es\\\/instalacion-mantenimiento\\\/\",\"name\":\"Instalaci\u00f3n y mantenimiento - Biodynamizer\",\"isPartOf\":{\"@id\":\"https:\\\/\\\/biodynamizer.com\\\/es\\\/#website\"},\"datePublished\":\"2020-01-21T08:21:23+00:00\",\"dateModified\":\"2025-08-27T13:30:58+00:00\",\"description\":\"Biodynamizer - Instalaci\u00f3n y mantenimiento - En savoir plus sur le biodynamizer et le biofiltre\",\"breadcrumb\":{\"@id\":\"https:\\\/\\\/biodynamizer.com\\\/es\\\/instalacion-mantenimiento\\\/#breadcrumb\"},\"inLanguage\":\"es\",\"potentialAction\":[{\"@type\":\"ReadAction\",\"target\":[\"https:\\\/\\\/biodynamizer.com\\\/es\\\/instalacion-mantenimiento\\\/\"]}]},{\"@type\":\"BreadcrumbList\",\"@id\":\"https:\\\/\\\/biodynamizer.com\\\/es\\\/instalacion-mantenimiento\\\/#breadcrumb\",\"itemListElement\":[{\"@type\":\"ListItem\",\"position\":1,\"name\":\"Home\",\"item\":\"https:\\\/\\\/biodynamizer.com\\\/es\\\/\"},{\"@type\":\"ListItem\",\"position\":2,\"name\":\"Instalaci\u00f3n y mantenimiento\"}]},{\"@type\":\"WebSite\",\"@id\":\"https:\\\/\\\/biodynamizer.com\\\/es\\\/#website\",\"url\":\"https:\\\/\\\/biodynamizer.com\\\/es\\\/\",\"name\":\"Biodynamizer\",\"description\":\"Filtrez et dynamisez votre eau\",\"potentialAction\":[{\"@type\":\"SearchAction\",\"target\":{\"@type\":\"EntryPoint\",\"urlTemplate\":\"https:\\\/\\\/biodynamizer.com\\\/es\\\/?s={search_term_string}\"},\"query-input\":{\"@type\":\"PropertyValueSpecification\",\"valueRequired\":true,\"valueName\":\"search_term_string\"}}],\"inLanguage\":\"es\"}]}<\/script>\n<!-- \/ Yoast SEO plugin. -->","yoast_head_json":{"title":"Instalaci\u00f3n y mantenimiento - Biodynamizer","description":"Biodynamizer - Instalaci\u00f3n y mantenimiento - En savoir plus sur le biodynamizer et le biofiltre","robots":{"index":"index","follow":"follow","max-snippet":"max-snippet:-1","max-image-preview":"max-image-preview:large","max-video-preview":"max-video-preview:-1"},"canonical":"https:\/\/biodynamizer.com\/es\/instalacion-mantenimiento\/","og_locale":"es_ES","og_type":"article","og_title":"Instalaci\u00f3n y mantenimiento - Biodynamizer","og_description":"Biodynamizer - Instalaci\u00f3n y mantenimiento - En savoir plus sur le biodynamizer et le biofiltre","og_url":"https:\/\/biodynamizer.com\/es\/instalacion-mantenimiento\/","og_site_name":"Biodynamizer","article_modified_time":"2025-08-27T13:30:58+00:00","og_image":[{"width":2000,"height":1333,"url":"https:\/\/biodynamizer.com\/wp-content\/uploads\/2019\/11\/Depositphotos_15742931_xl-2015.jpg","type":"image\/jpeg"}],"twitter_card":"summary_large_image","twitter_misc":{"Tiempo de lectura":"3 minutos"},"schema":{"@context":"https:\/\/schema.org","@graph":[{"@type":"WebPage","@id":"https:\/\/biodynamizer.com\/es\/instalacion-mantenimiento\/","url":"https:\/\/biodynamizer.com\/es\/instalacion-mantenimiento\/","name":"Instalaci\u00f3n y mantenimiento - Biodynamizer","isPartOf":{"@id":"https:\/\/biodynamizer.com\/es\/#website"},"datePublished":"2020-01-21T08:21:23+00:00","dateModified":"2025-08-27T13:30:58+00:00","description":"Biodynamizer - Instalaci\u00f3n y mantenimiento - En savoir plus sur le biodynamizer et le biofiltre","breadcrumb":{"@id":"https:\/\/biodynamizer.com\/es\/instalacion-mantenimiento\/#breadcrumb"},"inLanguage":"es","potentialAction":[{"@type":"ReadAction","target":["https:\/\/biodynamizer.com\/es\/instalacion-mantenimiento\/"]}]},{"@type":"BreadcrumbList","@id":"https:\/\/biodynamizer.com\/es\/instalacion-mantenimiento\/#breadcrumb","itemListElement":[{"@type":"ListItem","position":1,"name":"Home","item":"https:\/\/biodynamizer.com\/es\/"},{"@type":"ListItem","position":2,"name":"Instalaci\u00f3n y mantenimiento"}]},{"@type":"WebSite","@id":"https:\/\/biodynamizer.com\/es\/#website","url":"https:\/\/biodynamizer.com\/es\/","name":"Biodynamizer","description":"Filtrez et dynamisez votre eau","potentialAction":[{"@type":"SearchAction","target":{"@type":"EntryPoint","urlTemplate":"https:\/\/biodynamizer.com\/es\/?s={search_term_string}"},"query-input":{"@type":"PropertyValueSpecification","valueRequired":true,"valueName":"search_term_string"}}],"inLanguage":"es"}]}},"_links":{"self":[{"href":"https:\/\/biodynamizer.com\/es\/wp-json\/wp\/v2\/pages\/6603","targetHints":{"allow":["GET"]}}],"collection":[{"href":"https:\/\/biodynamizer.com\/es\/wp-json\/wp\/v2\/pages"}],"about":[{"href":"https:\/\/biodynamizer.com\/es\/wp-json\/wp\/v2\/types\/page"}],"author":[{"embeddable":true,"href":"https:\/\/biodynamizer.com\/es\/wp-json\/wp\/v2\/users\/3"}],"replies":[{"embeddable":true,"href":"https:\/\/biodynamizer.com\/es\/wp-json\/wp\/v2\/comments?post=6603"}],"version-history":[{"count":28,"href":"https:\/\/biodynamizer.com\/es\/wp-json\/wp\/v2\/pages\/6603\/revisions"}],"predecessor-version":[{"id":28273,"href":"https:\/\/biodynamizer.com\/es\/wp-json\/wp\/v2\/pages\/6603\/revisions\/28273"}],"wp:attachment":[{"href":"https:\/\/biodynamizer.com\/es\/wp-json\/wp\/v2\/media?parent=6603"}],"curies":[{"name":"wp","href":"https:\/\/api.w.org\/{rel}","templated":true}]}}