{"id":6611,"date":"2020-01-20T10:30:16","date_gmt":"2020-01-20T10:30:16","guid":{"rendered":"https:\/\/biodynamizer.spleen-creation.be\/nos-solutions\/le-biodynamizer\/lelimination-des-mineraux\/"},"modified":"2025-08-16T09:42:03","modified_gmt":"2025-08-16T09:42:03","slug":"eliminacion-de-minerales","status":"publish","type":"page","link":"https:\/\/biodynamizer.com\/es\/nuestras-soluciones\/el-biodynamizer\/eliminacion-de-minerales\/","title":{"rendered":"La eliminaci\u00f3n de los minerales"},"content":{"rendered":"<section class=\"l-section wpb_row us_custom_916fdabd height_small\"><div class=\"l-section-h i-cf\"><div class=\"g-cols vc_row via_flex valign_top type_default stacking_default\"><div class=\"vc_col-sm-12 wpb_column vc_column_container\"><div class=\"vc_column-inner\"><div class=\"wpb_wrapper\"><nav class=\"g-breadcrumbs separator_custom align_none\" itemscope itemtype=\"http:\/\/schema.org\/BreadcrumbList\"><div class=\"g-breadcrumbs-item\" itemscope itemprop=\"itemListElement\" itemtype=\"http:\/\/schema.org\/ListItem\"><a itemprop=\"item\" href=\"https:\/\/biodynamizer.com\/es\/\"><span itemprop=\"name\">Inicio<\/span><\/a><meta itemprop=\"position\" content=\"1\"\/><\/div><div class=\"g-breadcrumbs-separator\">\/<\/div><div class=\"g-breadcrumbs-item\">P\u00e1ginas<\/div><\/nav><\/div><\/div><\/div><\/div><\/div><\/section><section class=\"l-section wpb_row height_large\" id=\"restructure\"><div class=\"l-section-overlay\" style=\"background:rgba(172,172,172,0.2)\"><\/div><div class=\"l-section-h i-cf\"><div class=\"g-cols vc_row via_flex valign_middle type_default stacking_default\"><div class=\"vc_col-sm-12 wpb_column vc_column_container\"><div class=\"vc_column-inner\"><div class=\"wpb_wrapper\"><div class=\"wpb_text_column\"><div class=\"wpb_wrapper\"><h1>Eliminaci\u00f3n de minerales<\/h1>\n<h1><\/h1>\n<\/div><\/div><div class=\"w-image align_center\"><div class=\"w-image-h\"><img decoding=\"async\" width=\"600\" height=\"338\" src=\"https:\/\/biodynamizer.com\/wp-content\/uploads\/2024\/06\/Depositphotos_381837028_XL-600x338.jpg\" class=\"attachment-us_600_400 size-us_600_400\" alt=\"Illustration d\u2019un corps humain bleu montrant le syst\u00e8me digestif en rouge, mettant en \u00e9vidence les organes internes et leur position dans le corps.\" loading=\"lazy\" srcset=\"https:\/\/biodynamizer.com\/wp-content\/uploads\/2024\/06\/Depositphotos_381837028_XL-600x338.jpg 600w, https:\/\/biodynamizer.com\/wp-content\/uploads\/2024\/06\/Depositphotos_381837028_XL-300x169.jpg 300w, https:\/\/biodynamizer.com\/wp-content\/uploads\/2024\/06\/Depositphotos_381837028_XL-1024x576.jpg 1024w\" sizes=\"auto, (max-width: 600px) 100vw, 600px\" \/><\/div><\/div><div class=\"w-separator size_small\"><\/div><div class=\"wpb_text_column\"><div class=\"wpb_wrapper\"><p>Para que el agua sea buena para la salud, primero debe ser <strong>filtrada<\/strong> (eliminando los contaminantes, Qu\u00e9 hace el <a href=\"https:\/\/biodynamizer.com\/es\/nuestras-soluciones\/el-biofiltre\/\"><span style=\"text-decoration: underline;\">Biofilter<\/span><\/a>) pero sobre todo sus <strong>minerales deben ser preservados<\/strong> porque contienen la sinergia natural de oligoelementos que son totalmente metabolizables. Los residuos secos en el agua est\u00e1n compuestos por:<\/p>\n<ul>\n<li>Minerales asimilables por el cuerpo (entre el <strong>5% y el 25%<\/strong> de los minerales inorg\u00e1nicos), incluidos los oligoelementos<\/li>\n<li>Los minerales que no pueden ser metabolizados por el cuerpo (entre el <strong>95% y el 75%<\/strong> de los minerales inorg\u00e1nicos)<\/li>\n<li>Los <a href=\"https:\/\/biodynamizer.com\/es\/analisis-cientificos\/analisis-bev-bio-electronico-de-las-vinces-observadas-un-caracter-antioxidante-del-agua-manifestado\/\">an\u00e1lisis bioelectr\u00f3nicos<\/a>, <a href=\"https:\/\/biodynamizer.com\/es\/analisis-cientificos\/cristales-de-agua\/\">el an\u00e1lisis de los cristales de agua<\/a>, as\u00ed como el <a href=\"https:\/\/biodynamizer.com\/es\/analisis-cientificos\/tratamiento-de-cal\/\">an\u00e1lisis del tratamiento de la piedra caliza<\/a>, parece confirmar que la <strong>dinamizaci\u00f3n del agua transforma los minerales inorg\u00e1nicos<\/strong> presentes en el agua en <strong>forma coloidal<\/strong> (part\u00edculas mucho m\u00e1s peque\u00f1as, de 10 a 1000 nm, con carga electromagn\u00e9tica).<\/li>\n<\/ul>\n<p><strong>Minerales coloidales: metabolismo &#8211; eliminaci\u00f3n de minerales inorg\u00e1nicos en el agua potable<\/strong><\/p>\n<ul>\n<li>Los minerales coloidales <strong>&lt; 50 nm<\/strong> se <strong>absorben<\/strong> con mayor facilidad (atraviesan la pared intestinal) hasta en un <strong>75 %<\/strong> (en comparaci\u00f3n con el 5 % al 25 % de los minerales inorg\u00e1nicos).<\/li>\n<li>Los minerales coloidales <strong>&gt; 50 nm<\/strong> se absorben con menor facilidad y permanecen principalmente en el <strong>intestino<\/strong> (ya que no pueden atravesar la pared intestinal) y, por lo tanto, se <strong>eliminan<\/strong> por las <strong>heces<\/strong> en lugar de por la orina (ri\u00f1ones). El exceso de minerales inorg\u00e1nicos (entre el 75 % y el 95 % de los minerales presentes en el agua) atraviesa la pared intestinal y se elimina principalmente por los ri\u00f1ones en la orina.<\/li>\n<\/ul>\n<\/div><\/div><\/div><\/div><\/div><\/div><\/div><\/section><section class=\"l-section wpb_row height_medium\"><div class=\"l-section-h i-cf\"><div class=\"g-cols vc_row via_flex valign_top type_default stacking_default\"><div class=\"vc_col-sm-12 wpb_column vc_column_container\"><div class=\"vc_column-inner\"><div class=\"wpb_wrapper\"><div class=\"wpb_text_column\"><div class=\"wpb_wrapper\"><h1>Importancia de los minerales en el agua potable<\/h1>\n<h2><\/h2>\n<\/div><\/div><div class=\"w-image align_center\"><div class=\"w-image-h\"><img decoding=\"async\" width=\"300\" height=\"173\" src=\"https:\/\/biodynamizer.com\/wp-content\/uploads\/2020\/01\/MINERALEN-300x173.jpg\" class=\"attachment-medium size-medium\" alt=\"\" loading=\"lazy\" srcset=\"https:\/\/biodynamizer.com\/wp-content\/uploads\/2020\/01\/MINERALEN-300x173.jpg 300w, https:\/\/biodynamizer.com\/wp-content\/uploads\/2020\/01\/MINERALEN.jpg 448w\" sizes=\"auto, (max-width: 300px) 100vw, 300px\" \/><\/div><\/div><div class=\"wpb_text_column\"><div class=\"wpb_wrapper\"><ul>\n<li>Las aguas naturales contienen sales <strong>minerales inorg\u00e1nicas, principalmente calcio y magnesio<\/strong> <strong>(+\/- 80%)<\/strong>. Estos minerales son parcialmente metabolizables por el cuerpo (absorci\u00f3n intestinal). \u00a1Los estudios sobre el tema estiman esta tasa de asimilaci\u00f3n entre un <strong>5% y un 25%<\/strong>!<\/li>\n<li>Los minerales contenidos en el agua natural contribuyen por tanto entre un <strong>20% y un 50% a la Ingesta Diet\u00e9tica Recomendada (IDR)<\/strong> <strong>de calcio y magnesio*<\/strong> para una persona. Por lo tanto, el calcio y el magnesio son \u00fatiles para la salud. De hecho, el calcio contribuye a la salud de los huesos, tiene un papel beneficioso en la hipertensi\u00f3n, accidentes cardiovasculares, c\u00e1ncer de colon. El magnesio interviene en la activaci\u00f3n de m\u00e1s de 300 sistemas enzim\u00e1ticos, combate la fatiga, la diabetes y la insuficiencia card\u00edaca coronaria as\u00ed como la osteoporosis &#8230; Sabiendo que la poblaci\u00f3n promedio tiene una <strong>deficiencia promedio de calcio de +\/- 40% (necesidades nutricionales promedio) y Incluso el 70% para el magnesio<\/strong>, Por tanto, nos parece imprescindible beber agua mineralizada con un contenido mineral de <strong>hasta 500 mg\/L<\/strong>.* Dependiendo del contenido mineral del agua y de la edad de las personas en cuesti\u00f3n; *<em>Estudio sobre la absorci\u00f3n de calcio y magnesio en aguas minerales naturales, Patrice Fardellone, CHU Amiens, Universit\u00e9 Picardie Jules-Verne, 2015 ;\u00a0<\/em>\u00ab<em>Los elementos minerales presentes en el agua del grifo, al participar en la ingesta diaria de minerales necesarios para el buen funcionamiento del organismo, tienen un claro papel beneficioso para la salud. El calcio en el agua tambi\u00e9n puede desempe\u00f1ar un papel en la protecci\u00f3n contra las enfermedades cardiovasculares. Tambi\u00e9n se reconoce el papel del calcio en la eliminaci\u00f3n de las grasas y la regulaci\u00f3n del colesterol en la sangre<\/em>\u00bb (fuente Ministerio de Salud de Francia 2006).<\/li>\n<li>La OMS (Organizaci\u00f3n Mundial de la Salud) habla de un \u00ab\u00f3ptimo\u00bb por debajo de <strong>1.000 mg\/litro<\/strong>.<\/li>\n<li>El Consejo Superior de Higiene P\u00fablica de Francia fija en sus decretos de 1990 y 1995 relativos a la calidad del agua destinada al consumo humano la cantidad de residuos secos, despu\u00e9s del secado a 180\u00b0C, en un m\u00e1ximo de <strong>1.500 mg\/litro<\/strong>.<\/li>\n<li>Tambi\u00e9n es importante tener calcio y magnesio (componentes de la piedra caliza) en el agua debido a su <strong>sabor<\/strong> m\u00e1s redondo y aterciopelado de agua que contiene sales minerales.<\/li>\n<\/ul>\n<\/div><\/div><\/div><\/div><\/div><\/div><\/div><\/section>\n","protected":false},"excerpt":{"rendered":"Inicio\/P\u00e1ginasEliminaci\u00f3n de minerales Para que el agua sea buena para la salud, primero debe ser filtrada (eliminando los contaminantes, Qu\u00e9 hace el Biofilter) pero sobre todo sus minerales deben ser preservados porque contienen la sinergia natural de oligoelementos que son totalmente metabolizables. Los residuos secos en el agua est\u00e1n compuestos por: Minerales asimilables por el...","protected":false},"author":3,"featured_media":0,"parent":5979,"menu_order":11,"comment_status":"closed","ping_status":"closed","template":"","meta":{"_monsterinsights_skip_tracking":false,"_monsterinsights_sitenote_active":false,"_monsterinsights_sitenote_note":"","_monsterinsights_sitenote_category":0,"footnotes":""},"class_list":["post-6611","page","type-page","status-publish","hentry"],"yoast_head":"<!-- This site is optimized with the Yoast SEO plugin v27.4 - https:\/\/yoast.com\/product\/yoast-seo-wordpress\/ -->\n<title>La eliminaci\u00f3n de los minerales - Biodynamizer<\/title>\n<meta name=\"description\" content=\"Entre el 5% y el 25% de los minerales inorg\u00e1nicos son asimilados por el organismo (son evacuados a trav\u00e9s de los ri\u00f1ones-orina) y esto tanto m\u00e1s f\u00e1cilmente cuanto que han sido reestructurados en forma coloidal e ionizados por el Biodynamizer\u00ae. Para que el agua sea saludable, primero debe ser filtrada (eliminando los contaminantes) pero sobre todo debe ser preservada en sus minerales porque contienen la sinergia natural de oligoelementos totalmente metabolizados as\u00ed como la energ\u00eda (de origen magn\u00e9tico y c\u00f3smico) que nuestro cuerpo energ\u00e9tico necesita.\" \/>\n<meta name=\"robots\" content=\"index, follow, max-snippet:-1, max-image-preview:large, max-video-preview:-1\" \/>\n<link rel=\"canonical\" href=\"https:\/\/biodynamizer.com\/es\/nuestras-soluciones\/el-biodynamizer\/eliminacion-de-minerales\/\" \/>\n<meta property=\"og:locale\" content=\"es_ES\" \/>\n<meta property=\"og:type\" content=\"article\" \/>\n<meta property=\"og:title\" content=\"La eliminaci\u00f3n de los minerales - Biodynamizer\" \/>\n<meta property=\"og:description\" content=\"Entre el 5% y el 25% de los minerales inorg\u00e1nicos son asimilados por el organismo (son evacuados a trav\u00e9s de los ri\u00f1ones-orina) y esto tanto m\u00e1s f\u00e1cilmente cuanto que han sido reestructurados en forma coloidal e ionizados por el Biodynamizer\u00ae. Para que el agua sea saludable, primero debe ser filtrada (eliminando los contaminantes) pero sobre todo debe ser preservada en sus minerales porque contienen la sinergia natural de oligoelementos totalmente metabolizados as\u00ed como la energ\u00eda (de origen magn\u00e9tico y c\u00f3smico) que nuestro cuerpo energ\u00e9tico necesita.\" \/>\n<meta property=\"og:url\" content=\"https:\/\/biodynamizer.com\/es\/nuestras-soluciones\/el-biodynamizer\/eliminacion-de-minerales\/\" \/>\n<meta property=\"og:site_name\" content=\"Biodynamizer\" \/>\n<meta property=\"article:modified_time\" content=\"2025-08-16T09:42:03+00:00\" \/>\n<meta property=\"og:image\" content=\"https:\/\/biodynamizer.com\/wp-content\/uploads\/2019\/11\/Depositphotos_15742931_xl-2015.jpg\" \/>\n\t<meta property=\"og:image:width\" content=\"2000\" \/>\n\t<meta property=\"og:image:height\" content=\"1333\" \/>\n\t<meta property=\"og:image:type\" content=\"image\/jpeg\" \/>\n<meta name=\"twitter:card\" content=\"summary_large_image\" \/>\n<meta name=\"twitter:label1\" content=\"Tiempo de lectura\" \/>\n\t<meta name=\"twitter:data1\" content=\"4 minutos\" \/>\n<script type=\"application\/ld+json\" class=\"yoast-schema-graph\">{\"@context\":\"https:\\\/\\\/schema.org\",\"@graph\":[{\"@type\":\"WebPage\",\"@id\":\"https:\\\/\\\/biodynamizer.com\\\/es\\\/nuestras-soluciones\\\/el-biodynamizer\\\/eliminacion-de-minerales\\\/\",\"url\":\"https:\\\/\\\/biodynamizer.com\\\/es\\\/nuestras-soluciones\\\/el-biodynamizer\\\/eliminacion-de-minerales\\\/\",\"name\":\"La eliminaci\u00f3n de los minerales - Biodynamizer\",\"isPartOf\":{\"@id\":\"https:\\\/\\\/biodynamizer.com\\\/es\\\/#website\"},\"datePublished\":\"2020-01-20T10:30:16+00:00\",\"dateModified\":\"2025-08-16T09:42:03+00:00\",\"description\":\"Entre el 5% y el 25% de los minerales inorg\u00e1nicos son asimilados por el organismo (son evacuados a trav\u00e9s de los ri\u00f1ones-orina) y esto tanto m\u00e1s f\u00e1cilmente cuanto que han sido reestructurados en forma coloidal e ionizados por el Biodynamizer\u00ae. Para que el agua sea saludable, primero debe ser filtrada (eliminando los contaminantes) pero sobre todo debe ser preservada en sus minerales porque contienen la sinergia natural de oligoelementos totalmente metabolizados as\u00ed como la energ\u00eda (de origen magn\u00e9tico y c\u00f3smico) que nuestro cuerpo energ\u00e9tico necesita.\",\"breadcrumb\":{\"@id\":\"https:\\\/\\\/biodynamizer.com\\\/es\\\/nuestras-soluciones\\\/el-biodynamizer\\\/eliminacion-de-minerales\\\/#breadcrumb\"},\"inLanguage\":\"es\",\"potentialAction\":[{\"@type\":\"ReadAction\",\"target\":[\"https:\\\/\\\/biodynamizer.com\\\/es\\\/nuestras-soluciones\\\/el-biodynamizer\\\/eliminacion-de-minerales\\\/\"]}]},{\"@type\":\"BreadcrumbList\",\"@id\":\"https:\\\/\\\/biodynamizer.com\\\/es\\\/nuestras-soluciones\\\/el-biodynamizer\\\/eliminacion-de-minerales\\\/#breadcrumb\",\"itemListElement\":[{\"@type\":\"ListItem\",\"position\":1,\"name\":\"Home\",\"item\":\"https:\\\/\\\/biodynamizer.com\\\/es\\\/\"},{\"@type\":\"ListItem\",\"position\":2,\"name\":\"Nuestras soluciones\",\"item\":\"https:\\\/\\\/biodynamizer.com\\\/es\\\/nuestras-soluciones\\\/\"},{\"@type\":\"ListItem\",\"position\":3,\"name\":\"El Biodynamizer\",\"item\":\"https:\\\/\\\/biodynamizer.com\\\/es\\\/nuestras-soluciones\\\/el-biodynamizer\\\/\"},{\"@type\":\"ListItem\",\"position\":4,\"name\":\"La eliminaci\u00f3n de los minerales\"}]},{\"@type\":\"WebSite\",\"@id\":\"https:\\\/\\\/biodynamizer.com\\\/es\\\/#website\",\"url\":\"https:\\\/\\\/biodynamizer.com\\\/es\\\/\",\"name\":\"Biodynamizer\",\"description\":\"Filtrez et dynamisez votre eau\",\"potentialAction\":[{\"@type\":\"SearchAction\",\"target\":{\"@type\":\"EntryPoint\",\"urlTemplate\":\"https:\\\/\\\/biodynamizer.com\\\/es\\\/?s={search_term_string}\"},\"query-input\":{\"@type\":\"PropertyValueSpecification\",\"valueRequired\":true,\"valueName\":\"search_term_string\"}}],\"inLanguage\":\"es\"}]}<\/script>\n<!-- \/ Yoast SEO plugin. -->","yoast_head_json":{"title":"La eliminaci\u00f3n de los minerales - Biodynamizer","description":"Entre el 5% y el 25% de los minerales inorg\u00e1nicos son asimilados por el organismo (son evacuados a trav\u00e9s de los ri\u00f1ones-orina) y esto tanto m\u00e1s f\u00e1cilmente cuanto que han sido reestructurados en forma coloidal e ionizados por el Biodynamizer\u00ae. Para que el agua sea saludable, primero debe ser filtrada (eliminando los contaminantes) pero sobre todo debe ser preservada en sus minerales porque contienen la sinergia natural de oligoelementos totalmente metabolizados as\u00ed como la energ\u00eda (de origen magn\u00e9tico y c\u00f3smico) que nuestro cuerpo energ\u00e9tico necesita.","robots":{"index":"index","follow":"follow","max-snippet":"max-snippet:-1","max-image-preview":"max-image-preview:large","max-video-preview":"max-video-preview:-1"},"canonical":"https:\/\/biodynamizer.com\/es\/nuestras-soluciones\/el-biodynamizer\/eliminacion-de-minerales\/","og_locale":"es_ES","og_type":"article","og_title":"La eliminaci\u00f3n de los minerales - Biodynamizer","og_description":"Entre el 5% y el 25% de los minerales inorg\u00e1nicos son asimilados por el organismo (son evacuados a trav\u00e9s de los ri\u00f1ones-orina) y esto tanto m\u00e1s f\u00e1cilmente cuanto que han sido reestructurados en forma coloidal e ionizados por el Biodynamizer\u00ae. Para que el agua sea saludable, primero debe ser filtrada (eliminando los contaminantes) pero sobre todo debe ser preservada en sus minerales porque contienen la sinergia natural de oligoelementos totalmente metabolizados as\u00ed como la energ\u00eda (de origen magn\u00e9tico y c\u00f3smico) que nuestro cuerpo energ\u00e9tico necesita.","og_url":"https:\/\/biodynamizer.com\/es\/nuestras-soluciones\/el-biodynamizer\/eliminacion-de-minerales\/","og_site_name":"Biodynamizer","article_modified_time":"2025-08-16T09:42:03+00:00","og_image":[{"width":2000,"height":1333,"url":"https:\/\/biodynamizer.com\/wp-content\/uploads\/2019\/11\/Depositphotos_15742931_xl-2015.jpg","type":"image\/jpeg"}],"twitter_card":"summary_large_image","twitter_misc":{"Tiempo de lectura":"4 minutos"},"schema":{"@context":"https:\/\/schema.org","@graph":[{"@type":"WebPage","@id":"https:\/\/biodynamizer.com\/es\/nuestras-soluciones\/el-biodynamizer\/eliminacion-de-minerales\/","url":"https:\/\/biodynamizer.com\/es\/nuestras-soluciones\/el-biodynamizer\/eliminacion-de-minerales\/","name":"La eliminaci\u00f3n de los minerales - Biodynamizer","isPartOf":{"@id":"https:\/\/biodynamizer.com\/es\/#website"},"datePublished":"2020-01-20T10:30:16+00:00","dateModified":"2025-08-16T09:42:03+00:00","description":"Entre el 5% y el 25% de los minerales inorg\u00e1nicos son asimilados por el organismo (son evacuados a trav\u00e9s de los ri\u00f1ones-orina) y esto tanto m\u00e1s f\u00e1cilmente cuanto que han sido reestructurados en forma coloidal e ionizados por el Biodynamizer\u00ae. Para que el agua sea saludable, primero debe ser filtrada (eliminando los contaminantes) pero sobre todo debe ser preservada en sus minerales porque contienen la sinergia natural de oligoelementos totalmente metabolizados as\u00ed como la energ\u00eda (de origen magn\u00e9tico y c\u00f3smico) que nuestro cuerpo energ\u00e9tico necesita.","breadcrumb":{"@id":"https:\/\/biodynamizer.com\/es\/nuestras-soluciones\/el-biodynamizer\/eliminacion-de-minerales\/#breadcrumb"},"inLanguage":"es","potentialAction":[{"@type":"ReadAction","target":["https:\/\/biodynamizer.com\/es\/nuestras-soluciones\/el-biodynamizer\/eliminacion-de-minerales\/"]}]},{"@type":"BreadcrumbList","@id":"https:\/\/biodynamizer.com\/es\/nuestras-soluciones\/el-biodynamizer\/eliminacion-de-minerales\/#breadcrumb","itemListElement":[{"@type":"ListItem","position":1,"name":"Home","item":"https:\/\/biodynamizer.com\/es\/"},{"@type":"ListItem","position":2,"name":"Nuestras soluciones","item":"https:\/\/biodynamizer.com\/es\/nuestras-soluciones\/"},{"@type":"ListItem","position":3,"name":"El Biodynamizer","item":"https:\/\/biodynamizer.com\/es\/nuestras-soluciones\/el-biodynamizer\/"},{"@type":"ListItem","position":4,"name":"La eliminaci\u00f3n de los minerales"}]},{"@type":"WebSite","@id":"https:\/\/biodynamizer.com\/es\/#website","url":"https:\/\/biodynamizer.com\/es\/","name":"Biodynamizer","description":"Filtrez et dynamisez votre eau","potentialAction":[{"@type":"SearchAction","target":{"@type":"EntryPoint","urlTemplate":"https:\/\/biodynamizer.com\/es\/?s={search_term_string}"},"query-input":{"@type":"PropertyValueSpecification","valueRequired":true,"valueName":"search_term_string"}}],"inLanguage":"es"}]}},"_links":{"self":[{"href":"https:\/\/biodynamizer.com\/es\/wp-json\/wp\/v2\/pages\/6611","targetHints":{"allow":["GET"]}}],"collection":[{"href":"https:\/\/biodynamizer.com\/es\/wp-json\/wp\/v2\/pages"}],"about":[{"href":"https:\/\/biodynamizer.com\/es\/wp-json\/wp\/v2\/types\/page"}],"author":[{"embeddable":true,"href":"https:\/\/biodynamizer.com\/es\/wp-json\/wp\/v2\/users\/3"}],"replies":[{"embeddable":true,"href":"https:\/\/biodynamizer.com\/es\/wp-json\/wp\/v2\/comments?post=6611"}],"version-history":[{"count":25,"href":"https:\/\/biodynamizer.com\/es\/wp-json\/wp\/v2\/pages\/6611\/revisions"}],"predecessor-version":[{"id":27723,"href":"https:\/\/biodynamizer.com\/es\/wp-json\/wp\/v2\/pages\/6611\/revisions\/27723"}],"up":[{"embeddable":true,"href":"https:\/\/biodynamizer.com\/es\/wp-json\/wp\/v2\/pages\/5979"}],"wp:attachment":[{"href":"https:\/\/biodynamizer.com\/es\/wp-json\/wp\/v2\/media?parent=6611"}],"curies":[{"name":"wp","href":"https:\/\/api.w.org\/{rel}","templated":true}]}}