{"id":6631,"date":"2020-01-20T10:17:44","date_gmt":"2020-01-20T10:17:44","guid":{"rendered":"https:\/\/biodynamizer.spleen-creation.be\/nos-solutions\/le-biodynamizer\/eau-osmosee\/"},"modified":"2023-04-13T09:54:56","modified_gmt":"2023-04-13T09:54:56","slug":"la-osmosis-de-agua","status":"publish","type":"page","link":"https:\/\/biodynamizer.com\/es\/nuestras-soluciones\/el-biodynamizer\/la-osmosis-de-agua\/","title":{"rendered":"Agua osmotizada"},"content":{"rendered":"<section class=\"l-section wpb_row us_custom_916fdabd height_small\"><div class=\"l-section-h i-cf\"><div class=\"g-cols vc_row via_flex valign_top type_default stacking_default\"><div class=\"vc_col-sm-12 wpb_column vc_column_container\"><div class=\"vc_column-inner\"><div class=\"wpb_wrapper\"><nav class=\"g-breadcrumbs separator_custom align_none\" itemscope itemtype=\"http:\/\/schema.org\/BreadcrumbList\"><div class=\"g-breadcrumbs-item\" itemscope itemprop=\"itemListElement\" itemtype=\"http:\/\/schema.org\/ListItem\"><a itemprop=\"item\" href=\"https:\/\/biodynamizer.com\/es\/\"><span itemprop=\"name\">Inicio<\/span><\/a><meta itemprop=\"position\" content=\"1\"\/><\/div><div class=\"g-breadcrumbs-separator\">\/<\/div><div class=\"g-breadcrumbs-item\">P\u00e1ginas<\/div><\/nav><\/div><\/div><\/div><\/div><\/div><\/section><section class=\"l-section wpb_row us_custom_6df4bc3a lichtelink has_text_color height_medium\"><div class=\"l-section-overlay\" style=\"background:#24549d\"><\/div><div class=\"l-section-h i-cf\"><div class=\"g-cols vc_row via_flex valign_middle type_default stacking_default\"><div class=\"vc_col-sm-12 wpb_column vc_column_container\"><div class=\"vc_column-inner\"><div class=\"wpb_wrapper\"><div class=\"w-image align_right\"><div class=\"w-image-h\"><img decoding=\"async\" width=\"400\" height=\"400\" src=\"https:\/\/biodynamizer.com\/wp-content\/uploads\/2020\/01\/Osmosis.jpg\" class=\"attachment-us_400_400_crop size-us_400_400_crop\" alt=\"\" loading=\"lazy\" srcset=\"https:\/\/biodynamizer.com\/wp-content\/uploads\/2020\/01\/Osmosis.jpg 2000w, https:\/\/biodynamizer.com\/wp-content\/uploads\/2020\/01\/Osmosis-300x300.jpg 300w, https:\/\/biodynamizer.com\/wp-content\/uploads\/2020\/01\/Osmosis-1024x1024.jpg 1024w, https:\/\/biodynamizer.com\/wp-content\/uploads\/2020\/01\/Osmosis-150x150.jpg 150w, https:\/\/biodynamizer.com\/wp-content\/uploads\/2020\/01\/Osmosis-1536x1536.jpg 1536w\" sizes=\"auto, (max-width: 400px) 100vw, 400px\" \/><\/div><\/div><div class=\"wpb_text_column\"><div class=\"wpb_wrapper\"><h1>\u00bfQu\u00e9 hay de la \u00f3smosis o el agua desmineralizada?<\/h1>\n<h1><\/h1>\n<\/div><\/div><div class=\"wpb_text_column\"><div class=\"wpb_wrapper\"><p>El di\u00e1metro de la membrana pl\u00e1stica de \u00f3smosis inversa es de 0,10 nm (nan\u00f3metros) que es menor que el di\u00e1metro de la mol\u00e9cula de H2O (medido entre los 2 \u00e1tomos de hidr\u00f3geno) que es de 0,30 nm (3 \u00c5ngstr\u00f6m), esto tiene las siguientes consecuencias:<\/p>\n<ul>\n<li>P\u00e9rdida de la mayor\u00eda de los <u><b><a href=\"https:\/\/biodynamizer.com\/es\/nuestras-soluciones\/el-biodynamizer\/eliminacion-de-minerales\/\">minerales<\/a><\/b><\/u> (hay &lt; 10 mg\/L o ppm de minerales en el agua de \u00f3smosis frente a +\/- 400 mg\/L en el agua del grifo!) incluyendo los oligoelementos (que son totalmente asimilables):\n<ul>\n<li>El agua osmotizada se convierte en \u00ab<i>miner\u00f3fago<\/i>\u00ab: el agua desmineralizada &#8211; osmotizada, para reequilibrarse, extraer\u00e1 minerales de donde se encuentran en su cuerpo, lo que la desmineralizar\u00e1.<\/li>\n<li>El agua osmotizada no tiene m\u00e1s<u><b><a href=\"https:\/\/biodynamizer.com\/es\/nuestras-soluciones\/el-biodynamizer\/energizacion\/\"> energ\u00eda<\/a><\/b><\/u> (que se almacena principalmente en sales ionizadas, ver Pr. Kozyrev).<\/li>\n<\/ul>\n<\/li>\n<li>Descomposici\u00f3n molecular (incapacidad de almacenar y transportar energ\u00eda)<\/li>\n<li>El agua pierde su equilibrio biol\u00f3gico:\n<ul>\n<li>La carga bacteriana aumenta en el agua de \u00f3smosis (desarrollada dentro del grifo y en el suministro de agua).<\/li>\n<li>disminuci\u00f3n del desarrollo de los tejidos de las ra\u00edces de las plantas (v\u00e9ase el estudio comparativo sobre la germinaci\u00f3n de la semilla de mostaza blanca realizado el 19.08.2019 por el laboratorio Cebedeau a petici\u00f3n de Dynamized Technologies).<\/li>\n<\/ul>\n<\/li>\n<li>En el interior del dispositivo, el agua est\u00e1 en contacto con el pl\u00e1stico de los filtros y las membranas, lo que est\u00e1 contraindicado debido a la <u><b><i>\u00abmemoria\u00bb del<\/i><\/b><\/u><u><b> agua<\/b><\/u>.<\/li>\n<li>El aparato funciona con un circuito el\u00e9ctrico que causa la contaminaci\u00f3n electromagn\u00e9tica del agua.<\/li>\n<li>La OR causa una p\u00e9rdida significativa de agua debido al lavado de la membrana, es decir, 3 L de agua perdidos por 1 L de agua de \u00f3smosis.<\/li>\n<li>La OI se suministra por un solo grifo sin proporcionar agua pura para todo el cuerpo durante los ba\u00f1os, duchas (nuestros tejidos absorben agua en esta ocasi\u00f3n tambi\u00e9n).<\/li>\n<\/ul>\n<p><b>Conclusi\u00f3n:<\/b><\/p>\n<p>En vista de lo anterior, no hemos optado por el modo de filtraci\u00f3n por \u00f3smosis inversa, sino que hemos favorecido la filtraci\u00f3n por carb\u00f3n activado y membrana, es decir, el <u><b><a href=\"https:\/\/biodynamizer.com\/es\/nuestras-soluciones\/el-biofiltre\/\">Biofiltro<\/a><\/b><\/u>. La dinamizaci\u00f3n del agua por el biodynamizer ser\u00e1 tanto m\u00e1s eficiente y amplificada cuanto que el agua habr\u00e1 conservado sus <u><b><a href=\"https:\/\/biodynamizer.com\/es\/nuestras-soluciones\/el-biodynamizer\/eliminacion-de-minerales\/\">minerales y habr\u00e1<\/a><\/b><\/u> sido debidamente purificada.<\/p>\n<\/div><\/div><\/div><\/div><\/div><\/div><\/div><\/section><section class=\"l-section wpb_row height_auto\"><div class=\"l-section-h i-cf\"><div class=\"g-cols vc_row via_flex valign_top type_default stacking_default\"><div class=\"vc_col-sm-12 wpb_column vc_column_container\"><div class=\"vc_column-inner\"><div class=\"wpb_wrapper\"><div class=\"w-separator size_medium\"><\/div><\/div><\/div><\/div><\/div><\/div><\/section><section class=\"l-section wpb_row height_auto\"><div class=\"l-section-h i-cf\"><div class=\"g-cols vc_row via_flex valign_top type_default stacking_default\"><div class=\"vc_col-sm-12 wpb_column vc_column_container\"><div class=\"vc_column-inner\"><div class=\"wpb_wrapper\"><div class=\"wpb_text_column\"><div class=\"wpb_wrapper\"><p>Vea a continuaci\u00f3n la diferencia en el desarrollo de ra\u00edces entre semillas regadas con agua de \u00f3smosis inversa (desmineralizada) y semillas regadas con agua del grifo que contiene minerales.<\/p>\n<\/div><\/div><\/div><\/div><\/div><\/div><\/div><\/section><section class=\"l-section wpb_row height_small\"><div class=\"l-section-h i-cf\"><div class=\"g-cols vc_row via_flex valign_top type_default stacking_default\"><div class=\"vc_col-sm-12 wpb_column vc_column_container\"><div class=\"vc_column-inner\"><div class=\"wpb_wrapper\"><div class=\"w-image align_center\"><div class=\"w-image-h\"><img decoding=\"async\" width=\"1024\" height=\"661\" src=\"https:\/\/biodynamizer.com\/wp-content\/uploads\/2021\/03\/Photos-graines-germees-version-ESP-1-1024x661.png\" class=\"attachment-large size-large\" alt=\"Photos graines germ\u00e9es\" loading=\"lazy\" srcset=\"https:\/\/biodynamizer.com\/wp-content\/uploads\/2021\/03\/Photos-graines-germees-version-ESP-1-1024x661.png 1024w, https:\/\/biodynamizer.com\/wp-content\/uploads\/2021\/03\/Photos-graines-germees-version-ESP-1-300x194.png 300w, https:\/\/biodynamizer.com\/wp-content\/uploads\/2021\/03\/Photos-graines-germees-version-ESP-1.png 1742w\" sizes=\"auto, (max-width: 1024px) 100vw, 1024px\" \/><\/div><\/div><\/div><\/div><\/div><\/div><\/div><\/section>\n","protected":false},"excerpt":{"rendered":"Inicio\/P\u00e1ginas\u00bfQu\u00e9 hay de la \u00f3smosis o el agua desmineralizada? El di\u00e1metro de la membrana pl\u00e1stica de \u00f3smosis inversa es de 0,10 nm (nan\u00f3metros) que es menor que el di\u00e1metro de la mol\u00e9cula de H2O (medido entre los 2 \u00e1tomos de hidr\u00f3geno) que es de 0,30 nm (3 \u00c5ngstr\u00f6m), esto tiene las siguientes consecuencias: P\u00e9rdida de...","protected":false},"author":3,"featured_media":0,"parent":5979,"menu_order":10,"comment_status":"closed","ping_status":"closed","template":"","meta":{"_monsterinsights_skip_tracking":false,"_monsterinsights_sitenote_active":false,"_monsterinsights_sitenote_note":"","_monsterinsights_sitenote_category":0,"footnotes":""},"class_list":["post-6631","page","type-page","status-publish","hentry"],"yoast_head":"<!-- This site is optimized with the Yoast SEO plugin v27.4 - https:\/\/yoast.com\/product\/yoast-seo-wordpress\/ -->\n<title>Agua osmotizada - Biodynamizer<\/title>\n<meta name=\"description\" content=\"Un agua osmotizada (principio de la \u00f3smosis inversa) es un agua vaciada de sus minerales (menos de 10 mg\/L), desestructurada y sin energ\u00eda. \u00a1Al contrario que un agua dinamizada!\" \/>\n<meta name=\"robots\" content=\"index, follow, max-snippet:-1, max-image-preview:large, max-video-preview:-1\" \/>\n<link rel=\"canonical\" href=\"https:\/\/biodynamizer.com\/es\/nuestras-soluciones\/el-biodynamizer\/la-osmosis-de-agua\/\" \/>\n<meta property=\"og:locale\" content=\"es_ES\" \/>\n<meta property=\"og:type\" content=\"article\" \/>\n<meta property=\"og:title\" content=\"Agua osmotizada - Biodynamizer\" \/>\n<meta property=\"og:description\" content=\"Un agua osmotizada (principio de la \u00f3smosis inversa) es un agua vaciada de sus minerales (menos de 10 mg\/L), desestructurada y sin energ\u00eda. \u00a1Al contrario que un agua dinamizada!\" \/>\n<meta property=\"og:url\" content=\"https:\/\/biodynamizer.com\/es\/nuestras-soluciones\/el-biodynamizer\/la-osmosis-de-agua\/\" \/>\n<meta property=\"og:site_name\" content=\"Biodynamizer\" \/>\n<meta property=\"article:modified_time\" content=\"2023-04-13T09:54:56+00:00\" \/>\n<meta property=\"og:image\" content=\"https:\/\/biodynamizer.com\/wp-content\/uploads\/2019\/11\/Depositphotos_15742931_xl-2015.jpg\" \/>\n\t<meta property=\"og:image:width\" content=\"2000\" \/>\n\t<meta property=\"og:image:height\" content=\"1333\" \/>\n\t<meta property=\"og:image:type\" content=\"image\/jpeg\" \/>\n<meta name=\"twitter:card\" content=\"summary_large_image\" \/>\n<meta name=\"twitter:label1\" content=\"Tiempo de lectura\" \/>\n\t<meta name=\"twitter:data1\" content=\"3 minutos\" \/>\n<script type=\"application\/ld+json\" class=\"yoast-schema-graph\">{\"@context\":\"https:\\\/\\\/schema.org\",\"@graph\":[{\"@type\":\"WebPage\",\"@id\":\"https:\\\/\\\/biodynamizer.com\\\/es\\\/nuestras-soluciones\\\/el-biodynamizer\\\/la-osmosis-de-agua\\\/\",\"url\":\"https:\\\/\\\/biodynamizer.com\\\/es\\\/nuestras-soluciones\\\/el-biodynamizer\\\/la-osmosis-de-agua\\\/\",\"name\":\"Agua osmotizada - Biodynamizer\",\"isPartOf\":{\"@id\":\"https:\\\/\\\/biodynamizer.com\\\/es\\\/#website\"},\"datePublished\":\"2020-01-20T10:17:44+00:00\",\"dateModified\":\"2023-04-13T09:54:56+00:00\",\"description\":\"Un agua osmotizada (principio de la \u00f3smosis inversa) es un agua vaciada de sus minerales (menos de 10 mg\\\/L), desestructurada y sin energ\u00eda. \u00a1Al contrario que un agua dinamizada!\",\"breadcrumb\":{\"@id\":\"https:\\\/\\\/biodynamizer.com\\\/es\\\/nuestras-soluciones\\\/el-biodynamizer\\\/la-osmosis-de-agua\\\/#breadcrumb\"},\"inLanguage\":\"es\",\"potentialAction\":[{\"@type\":\"ReadAction\",\"target\":[\"https:\\\/\\\/biodynamizer.com\\\/es\\\/nuestras-soluciones\\\/el-biodynamizer\\\/la-osmosis-de-agua\\\/\"]}]},{\"@type\":\"BreadcrumbList\",\"@id\":\"https:\\\/\\\/biodynamizer.com\\\/es\\\/nuestras-soluciones\\\/el-biodynamizer\\\/la-osmosis-de-agua\\\/#breadcrumb\",\"itemListElement\":[{\"@type\":\"ListItem\",\"position\":1,\"name\":\"Home\",\"item\":\"https:\\\/\\\/biodynamizer.com\\\/es\\\/\"},{\"@type\":\"ListItem\",\"position\":2,\"name\":\"Nuestras soluciones\",\"item\":\"https:\\\/\\\/biodynamizer.com\\\/es\\\/nuestras-soluciones\\\/\"},{\"@type\":\"ListItem\",\"position\":3,\"name\":\"El Biodynamizer\",\"item\":\"https:\\\/\\\/biodynamizer.com\\\/es\\\/nuestras-soluciones\\\/el-biodynamizer\\\/\"},{\"@type\":\"ListItem\",\"position\":4,\"name\":\"Agua osmotizada\"}]},{\"@type\":\"WebSite\",\"@id\":\"https:\\\/\\\/biodynamizer.com\\\/es\\\/#website\",\"url\":\"https:\\\/\\\/biodynamizer.com\\\/es\\\/\",\"name\":\"Biodynamizer\",\"description\":\"Filtrez et dynamisez votre eau\",\"potentialAction\":[{\"@type\":\"SearchAction\",\"target\":{\"@type\":\"EntryPoint\",\"urlTemplate\":\"https:\\\/\\\/biodynamizer.com\\\/es\\\/?s={search_term_string}\"},\"query-input\":{\"@type\":\"PropertyValueSpecification\",\"valueRequired\":true,\"valueName\":\"search_term_string\"}}],\"inLanguage\":\"es\"}]}<\/script>\n<!-- \/ Yoast SEO plugin. -->","yoast_head_json":{"title":"Agua osmotizada - Biodynamizer","description":"Un agua osmotizada (principio de la \u00f3smosis inversa) es un agua vaciada de sus minerales (menos de 10 mg\/L), desestructurada y sin energ\u00eda. \u00a1Al contrario que un agua dinamizada!","robots":{"index":"index","follow":"follow","max-snippet":"max-snippet:-1","max-image-preview":"max-image-preview:large","max-video-preview":"max-video-preview:-1"},"canonical":"https:\/\/biodynamizer.com\/es\/nuestras-soluciones\/el-biodynamizer\/la-osmosis-de-agua\/","og_locale":"es_ES","og_type":"article","og_title":"Agua osmotizada - Biodynamizer","og_description":"Un agua osmotizada (principio de la \u00f3smosis inversa) es un agua vaciada de sus minerales (menos de 10 mg\/L), desestructurada y sin energ\u00eda. \u00a1Al contrario que un agua dinamizada!","og_url":"https:\/\/biodynamizer.com\/es\/nuestras-soluciones\/el-biodynamizer\/la-osmosis-de-agua\/","og_site_name":"Biodynamizer","article_modified_time":"2023-04-13T09:54:56+00:00","og_image":[{"width":2000,"height":1333,"url":"https:\/\/biodynamizer.com\/wp-content\/uploads\/2019\/11\/Depositphotos_15742931_xl-2015.jpg","type":"image\/jpeg"}],"twitter_card":"summary_large_image","twitter_misc":{"Tiempo de lectura":"3 minutos"},"schema":{"@context":"https:\/\/schema.org","@graph":[{"@type":"WebPage","@id":"https:\/\/biodynamizer.com\/es\/nuestras-soluciones\/el-biodynamizer\/la-osmosis-de-agua\/","url":"https:\/\/biodynamizer.com\/es\/nuestras-soluciones\/el-biodynamizer\/la-osmosis-de-agua\/","name":"Agua osmotizada - Biodynamizer","isPartOf":{"@id":"https:\/\/biodynamizer.com\/es\/#website"},"datePublished":"2020-01-20T10:17:44+00:00","dateModified":"2023-04-13T09:54:56+00:00","description":"Un agua osmotizada (principio de la \u00f3smosis inversa) es un agua vaciada de sus minerales (menos de 10 mg\/L), desestructurada y sin energ\u00eda. \u00a1Al contrario que un agua dinamizada!","breadcrumb":{"@id":"https:\/\/biodynamizer.com\/es\/nuestras-soluciones\/el-biodynamizer\/la-osmosis-de-agua\/#breadcrumb"},"inLanguage":"es","potentialAction":[{"@type":"ReadAction","target":["https:\/\/biodynamizer.com\/es\/nuestras-soluciones\/el-biodynamizer\/la-osmosis-de-agua\/"]}]},{"@type":"BreadcrumbList","@id":"https:\/\/biodynamizer.com\/es\/nuestras-soluciones\/el-biodynamizer\/la-osmosis-de-agua\/#breadcrumb","itemListElement":[{"@type":"ListItem","position":1,"name":"Home","item":"https:\/\/biodynamizer.com\/es\/"},{"@type":"ListItem","position":2,"name":"Nuestras soluciones","item":"https:\/\/biodynamizer.com\/es\/nuestras-soluciones\/"},{"@type":"ListItem","position":3,"name":"El Biodynamizer","item":"https:\/\/biodynamizer.com\/es\/nuestras-soluciones\/el-biodynamizer\/"},{"@type":"ListItem","position":4,"name":"Agua osmotizada"}]},{"@type":"WebSite","@id":"https:\/\/biodynamizer.com\/es\/#website","url":"https:\/\/biodynamizer.com\/es\/","name":"Biodynamizer","description":"Filtrez et dynamisez votre eau","potentialAction":[{"@type":"SearchAction","target":{"@type":"EntryPoint","urlTemplate":"https:\/\/biodynamizer.com\/es\/?s={search_term_string}"},"query-input":{"@type":"PropertyValueSpecification","valueRequired":true,"valueName":"search_term_string"}}],"inLanguage":"es"}]}},"_links":{"self":[{"href":"https:\/\/biodynamizer.com\/es\/wp-json\/wp\/v2\/pages\/6631","targetHints":{"allow":["GET"]}}],"collection":[{"href":"https:\/\/biodynamizer.com\/es\/wp-json\/wp\/v2\/pages"}],"about":[{"href":"https:\/\/biodynamizer.com\/es\/wp-json\/wp\/v2\/types\/page"}],"author":[{"embeddable":true,"href":"https:\/\/biodynamizer.com\/es\/wp-json\/wp\/v2\/users\/3"}],"replies":[{"embeddable":true,"href":"https:\/\/biodynamizer.com\/es\/wp-json\/wp\/v2\/comments?post=6631"}],"version-history":[{"count":8,"href":"https:\/\/biodynamizer.com\/es\/wp-json\/wp\/v2\/pages\/6631\/revisions"}],"predecessor-version":[{"id":18743,"href":"https:\/\/biodynamizer.com\/es\/wp-json\/wp\/v2\/pages\/6631\/revisions\/18743"}],"up":[{"embeddable":true,"href":"https:\/\/biodynamizer.com\/es\/wp-json\/wp\/v2\/pages\/5979"}],"wp:attachment":[{"href":"https:\/\/biodynamizer.com\/es\/wp-json\/wp\/v2\/media?parent=6631"}],"curies":[{"name":"wp","href":"https:\/\/api.w.org\/{rel}","templated":true}]}}